{"id":110,"date":"2019-12-09T11:11:29","date_gmt":"2019-12-09T09:11:29","guid":{"rendered":"http:\/\/srvr10.xetpoint.com\/~seyfi\/alahakita\/?page_id=110"},"modified":"2020-01-11T10:15:21","modified_gmt":"2020-01-11T08:15:21","slug":"hakki-on-matkoilla-mainio","status":"publish","type":"page","link":"https:\/\/sey.fi\/alahakita\/hakki-on-matkoilla-mainio\/","title":{"rendered":"H\u00e4kki on matkoilla mainio"},"content":{"rendered":"\n<p><em> Teksti: Reija Puolakka <\/em><\/p>\n\n\n\n<p>Paljon koiran kanssa liikkuvalle koiran oma \u201dmatkayksi\u00f6\u201d on k\u00e4tev\u00e4 \napuv\u00e4line. Tutussa h\u00e4kiss\u00e4, omien tavaroidensa keskell\u00e4 koiralla on \nturvallinen olo.<\/p>\n\n\n\n<p>Koiratapahtumissa h\u00e4kki rajaa koiralle henkil\u00f6kohtaisen, rauhallisen \nreviirin. Verkot est\u00e4v\u00e4t muita tunkeutumasta h\u00e4iritsem\u00e4\u00e4n koiraa. Koiran\n taas on mahdoton p\u00e4\u00e4st\u00e4 rynt\u00e4ilem\u00e4\u00e4n ohikulkevien luo joko \nyst\u00e4v\u00e4llisyytt\u00e4\u00e4n tai aggressiivisuuttaan.<\/p>\n\n\n\n<p>Hotelleissa, laivamatkalla tai kyl\u00e4illess\u00e4 tuttavien luona h\u00e4kki \nvarmistaa, ett\u00e4 koira ei p\u00e4\u00e4se tekem\u00e4\u00e4n mit\u00e4\u00e4n luvatonta, kun itse olet \njonkin aikaa poissa, esimerkiksi sy\u00f6m\u00e4ss\u00e4.<\/p>\n\n\n\n<p>Totutus h\u00e4kkiin helpottaa my\u00f6s, jos joudut yht\u00e4kki\u00e4 esimerkiksi \nkuljettamaan koirasi johonkin lentoteitse. Lentokoneessahan koiran on \nmatkustettava s\u00e4\u00e4d\u00f6sten mukaisessa kuljetuskopassa.<\/p>\n\n\n\n<p>Mahdollinen oleskelu el\u00e4insairaalassakaan ei ole h\u00e4kkiin koulutetulle\n koiralle yht\u00e4 stressaavaa kuin vapautensa rajoituksiin tottumattomalle.<\/p>\n\n\n\n<h3 class=\"wp-block-heading\">H\u00e4kki on autossa korvaamaton<\/h3>\n\n\n\n<p>Tukevin kiinnityksin autoon pysyv\u00e4sti asennettu koirah\u00e4kki tai \ntakaluukun aukon sulkeva verkko-ovi on monella tavoin k\u00e4yt\u00e4nn\u00f6llinen.<\/p>\n\n\n\n<p>Erillinen irtoh\u00e4kki palvelee siin\u00e4 miss\u00e4 kiinte\u00e4kin \u2013 kunhan sen vain saa mahtumaan auton sis\u00e4lle.<\/p>\n\n\n\n<p>Autossa irtoh\u00e4kki kannattaa kiinnitt\u00e4\u00e4 esimerkiksi turvav\u00f6ill\u00e4 \ntukevasti. Onnettomuustilanteissa koira ei p\u00e4\u00e4se paiskautumaan pitk\u00e4lle.<\/p>\n\n\n\n<p>H\u00e4kiss\u00e4 oleva koira ei est\u00e4 pelastajien toimintaa \u2013 eik\u00e4 koira p\u00e4\u00e4se \npaniikissa rynt\u00e4\u00e4m\u00e4\u00e4n teille tietym\u00e4tt\u00f6mille auton ovia avattaessa.<\/p>\n\n\n\n<p>Irtoh\u00e4kiss\u00e4 olevan, vihaisen koiran todenn\u00e4k\u00f6isesti pystyy vieraskin henkil\u00f6 ongelmatilanteissa siirt\u00e4m\u00e4\u00e4n ulos autosta.<\/p>\n\n\n\n<p>Kes\u00e4kuumilla h\u00e4kki mahdollistaa auton ikkunoiden tai takaluukun \npit\u00e4misen avoinna ja sen p\u00e4\u00e4lle, auringon puolelle on helppo levitt\u00e4\u00e4 \nvarjostava suojakangas.<\/p>\n\n\n\n<p>Irti ollessaan moni hurtta autossa haukkuu ja pomppii edestakaisin. \nMatkak\u00e4yt\u00f6s rauhoittuu h\u00e4kiss\u00e4, ehk\u00e4 viel\u00e4 kankaalla n\u00e4k\u00f6suojattuna, kun\n koira ei saa kiihokkeita ulkopuolelta.<\/p>\n\n\n\n<p><\/p>\n","protected":false},"excerpt":{"rendered":"<p>Teksti: Reija Puolakka Paljon koiran kanssa liikkuvalle koiran oma \u201dmatkayksi\u00f6\u201d on k\u00e4tev\u00e4 apuv\u00e4line. Tutussa h\u00e4kiss\u00e4, omien tavaroidensa keskell\u00e4 koiralla on turvallinen olo. Koiratapahtumissa h\u00e4kki rajaa koiralle henkil\u00f6kohtaisen, rauhallisen reviirin. Verkot est\u00e4v\u00e4t muita tunkeutumasta h\u00e4iritsem\u00e4\u00e4n koiraa. Koiran taas on mahdoton p\u00e4\u00e4st\u00e4 rynt\u00e4ilem\u00e4\u00e4n ohikulkevien luo joko yst\u00e4v\u00e4llisyytt\u00e4\u00e4n tai aggressiivisuuttaan. Hotelleissa, laivamatkalla tai kyl\u00e4illess\u00e4 tuttavien luona h\u00e4kki varmistaa, [&hellip;]<\/p>\n","protected":false},"author":8,"featured_media":111,"parent":0,"menu_order":0,"comment_status":"closed","ping_status":"closed","template":"","meta":{"_acf_changed":false,"footnotes":""},"class_list":["post-110","page","type-page","status-publish","has-post-thumbnail","hentry"],"acf":[],"yoast_head":"<!-- This site is optimized with the Yoast SEO plugin v27.1.1 - https:\/\/yoast.com\/product\/yoast-seo-wordpress\/ -->\n<title>H\u00e4kki on matkoilla mainio - \u00c4l\u00e4 h\u00e4kit\u00e4<\/title>\n<meta name=\"robots\" content=\"index, follow, max-snippet:-1, max-image-preview:large, max-video-preview:-1\" \/>\n<link rel=\"canonical\" href=\"https:\/\/sey.fi\/alahakita\/hakki-on-matkoilla-mainio\/\" \/>\n<meta property=\"og:locale\" content=\"fi_FI\" \/>\n<meta property=\"og:type\" content=\"article\" \/>\n<meta property=\"og:title\" content=\"H\u00e4kki on matkoilla mainio - \u00c4l\u00e4 h\u00e4kit\u00e4\" \/>\n<meta property=\"og:description\" content=\"Teksti: Reija Puolakka Paljon koiran kanssa liikkuvalle koiran oma \u201dmatkayksi\u00f6\u201d on k\u00e4tev\u00e4 apuv\u00e4line. Tutussa h\u00e4kiss\u00e4, omien tavaroidensa keskell\u00e4 koiralla on turvallinen olo. Koiratapahtumissa h\u00e4kki rajaa koiralle henkil\u00f6kohtaisen, rauhallisen reviirin. Verkot est\u00e4v\u00e4t muita tunkeutumasta h\u00e4iritsem\u00e4\u00e4n koiraa. Koiran taas on mahdoton p\u00e4\u00e4st\u00e4 rynt\u00e4ilem\u00e4\u00e4n ohikulkevien luo joko yst\u00e4v\u00e4llisyytt\u00e4\u00e4n tai aggressiivisuuttaan. Hotelleissa, laivamatkalla tai kyl\u00e4illess\u00e4 tuttavien luona h\u00e4kki varmistaa, [&hellip;]\" \/>\n<meta property=\"og:url\" content=\"https:\/\/sey.fi\/alahakita\/hakki-on-matkoilla-mainio\/\" \/>\n<meta property=\"og:site_name\" content=\"\u00c4l\u00e4 h\u00e4kit\u00e4\" \/>\n<meta property=\"article:modified_time\" content=\"2020-01-11T08:15:21+00:00\" \/>\n<meta property=\"og:image\" content=\"https:\/\/sey.fi\/wp-content\/uploads\/sites\/46\/2019\/12\/koiraboksi.jpg\" \/>\n\t<meta property=\"og:image:width\" content=\"423\" \/>\n\t<meta property=\"og:image:height\" content=\"317\" \/>\n\t<meta property=\"og:image:type\" content=\"image\/jpeg\" \/>\n<meta name=\"twitter:card\" content=\"summary_large_image\" \/>\n<meta name=\"twitter:label1\" content=\"Arvioitu lukuaika\" \/>\n\t<meta name=\"twitter:data1\" content=\"1 minuutti\" \/>\n<script type=\"application\/ld+json\" class=\"yoast-schema-graph\">{\"@context\":\"https:\/\/schema.org\",\"@graph\":[{\"@type\":\"WebPage\",\"@id\":\"https:\/\/sey.fi\/alahakita\/hakki-on-matkoilla-mainio\/\",\"url\":\"https:\/\/sey.fi\/alahakita\/hakki-on-matkoilla-mainio\/\",\"name\":\"H\u00e4kki on matkoilla mainio - \u00c4l\u00e4 h\u00e4kit\u00e4\",\"isPartOf\":{\"@id\":\"https:\/\/sey.fi\/alahakita\/#website\"},\"primaryImageOfPage\":{\"@id\":\"https:\/\/sey.fi\/alahakita\/hakki-on-matkoilla-mainio\/#primaryimage\"},\"image\":{\"@id\":\"https:\/\/sey.fi\/alahakita\/hakki-on-matkoilla-mainio\/#primaryimage\"},\"thumbnailUrl\":\"https:\/\/sey.fi\/wp-content\/uploads\/sites\/46\/2019\/12\/koiraboksi.jpg\",\"datePublished\":\"2019-12-09T09:11:29+00:00\",\"dateModified\":\"2020-01-11T08:15:21+00:00\",\"breadcrumb\":{\"@id\":\"https:\/\/sey.fi\/alahakita\/hakki-on-matkoilla-mainio\/#breadcrumb\"},\"inLanguage\":\"fi\",\"potentialAction\":[{\"@type\":\"ReadAction\",\"target\":[\"https:\/\/sey.fi\/alahakita\/hakki-on-matkoilla-mainio\/\"]}]},{\"@type\":\"ImageObject\",\"inLanguage\":\"fi\",\"@id\":\"https:\/\/sey.fi\/alahakita\/hakki-on-matkoilla-mainio\/#primaryimage\",\"url\":\"https:\/\/sey.fi\/wp-content\/uploads\/sites\/46\/2019\/12\/koiraboksi.jpg\",\"contentUrl\":\"https:\/\/sey.fi\/wp-content\/uploads\/sites\/46\/2019\/12\/koiraboksi.jpg\",\"width\":423,\"height\":317},{\"@type\":\"BreadcrumbList\",\"@id\":\"https:\/\/sey.fi\/alahakita\/hakki-on-matkoilla-mainio\/#breadcrumb\",\"itemListElement\":[{\"@type\":\"ListItem\",\"position\":1,\"name\":\"Home\",\"item\":\"https:\/\/sey.fi\/alahakita\/\"},{\"@type\":\"ListItem\",\"position\":2,\"name\":\"H\u00e4kki on matkoilla mainio\"}]},{\"@type\":\"WebSite\",\"@id\":\"https:\/\/sey.fi\/alahakita\/#website\",\"url\":\"https:\/\/sey.fi\/alahakita\/\",\"name\":\"\u00c4l\u00e4 h\u00e4kit\u00e4\",\"description\":\"Uusi SEY J\u00e4senyhdistykset -sivusto\",\"potentialAction\":[{\"@type\":\"SearchAction\",\"target\":{\"@type\":\"EntryPoint\",\"urlTemplate\":\"https:\/\/sey.fi\/alahakita\/?s={search_term_string}\"},\"query-input\":{\"@type\":\"PropertyValueSpecification\",\"valueRequired\":true,\"valueName\":\"search_term_string\"}}],\"inLanguage\":\"fi\"}]}<\/script>\n<!-- \/ Yoast SEO plugin. -->","yoast_head_json":{"title":"H\u00e4kki on matkoilla mainio - \u00c4l\u00e4 h\u00e4kit\u00e4","robots":{"index":"index","follow":"follow","max-snippet":"max-snippet:-1","max-image-preview":"max-image-preview:large","max-video-preview":"max-video-preview:-1"},"canonical":"https:\/\/sey.fi\/alahakita\/hakki-on-matkoilla-mainio\/","og_locale":"fi_FI","og_type":"article","og_title":"H\u00e4kki on matkoilla mainio - \u00c4l\u00e4 h\u00e4kit\u00e4","og_description":"Teksti: Reija Puolakka Paljon koiran kanssa liikkuvalle koiran oma \u201dmatkayksi\u00f6\u201d on k\u00e4tev\u00e4 apuv\u00e4line. Tutussa h\u00e4kiss\u00e4, omien tavaroidensa keskell\u00e4 koiralla on turvallinen olo. Koiratapahtumissa h\u00e4kki rajaa koiralle henkil\u00f6kohtaisen, rauhallisen reviirin. Verkot est\u00e4v\u00e4t muita tunkeutumasta h\u00e4iritsem\u00e4\u00e4n koiraa. Koiran taas on mahdoton p\u00e4\u00e4st\u00e4 rynt\u00e4ilem\u00e4\u00e4n ohikulkevien luo joko yst\u00e4v\u00e4llisyytt\u00e4\u00e4n tai aggressiivisuuttaan. Hotelleissa, laivamatkalla tai kyl\u00e4illess\u00e4 tuttavien luona h\u00e4kki varmistaa, [&hellip;]","og_url":"https:\/\/sey.fi\/alahakita\/hakki-on-matkoilla-mainio\/","og_site_name":"\u00c4l\u00e4 h\u00e4kit\u00e4","article_modified_time":"2020-01-11T08:15:21+00:00","og_image":[{"width":423,"height":317,"url":"https:\/\/sey.fi\/wp-content\/uploads\/sites\/46\/2019\/12\/koiraboksi.jpg","type":"image\/jpeg"}],"twitter_card":"summary_large_image","twitter_misc":{"Arvioitu lukuaika":"1 minuutti"},"schema":{"@context":"https:\/\/schema.org","@graph":[{"@type":"WebPage","@id":"https:\/\/sey.fi\/alahakita\/hakki-on-matkoilla-mainio\/","url":"https:\/\/sey.fi\/alahakita\/hakki-on-matkoilla-mainio\/","name":"H\u00e4kki on matkoilla mainio - \u00c4l\u00e4 h\u00e4kit\u00e4","isPartOf":{"@id":"https:\/\/sey.fi\/alahakita\/#website"},"primaryImageOfPage":{"@id":"https:\/\/sey.fi\/alahakita\/hakki-on-matkoilla-mainio\/#primaryimage"},"image":{"@id":"https:\/\/sey.fi\/alahakita\/hakki-on-matkoilla-mainio\/#primaryimage"},"thumbnailUrl":"https:\/\/sey.fi\/wp-content\/uploads\/sites\/46\/2019\/12\/koiraboksi.jpg","datePublished":"2019-12-09T09:11:29+00:00","dateModified":"2020-01-11T08:15:21+00:00","breadcrumb":{"@id":"https:\/\/sey.fi\/alahakita\/hakki-on-matkoilla-mainio\/#breadcrumb"},"inLanguage":"fi","potentialAction":[{"@type":"ReadAction","target":["https:\/\/sey.fi\/alahakita\/hakki-on-matkoilla-mainio\/"]}]},{"@type":"ImageObject","inLanguage":"fi","@id":"https:\/\/sey.fi\/alahakita\/hakki-on-matkoilla-mainio\/#primaryimage","url":"https:\/\/sey.fi\/wp-content\/uploads\/sites\/46\/2019\/12\/koiraboksi.jpg","contentUrl":"https:\/\/sey.fi\/wp-content\/uploads\/sites\/46\/2019\/12\/koiraboksi.jpg","width":423,"height":317},{"@type":"BreadcrumbList","@id":"https:\/\/sey.fi\/alahakita\/hakki-on-matkoilla-mainio\/#breadcrumb","itemListElement":[{"@type":"ListItem","position":1,"name":"Home","item":"https:\/\/sey.fi\/alahakita\/"},{"@type":"ListItem","position":2,"name":"H\u00e4kki on matkoilla mainio"}]},{"@type":"WebSite","@id":"https:\/\/sey.fi\/alahakita\/#website","url":"https:\/\/sey.fi\/alahakita\/","name":"\u00c4l\u00e4 h\u00e4kit\u00e4","description":"Uusi SEY J\u00e4senyhdistykset -sivusto","potentialAction":[{"@type":"SearchAction","target":{"@type":"EntryPoint","urlTemplate":"https:\/\/sey.fi\/alahakita\/?s={search_term_string}"},"query-input":{"@type":"PropertyValueSpecification","valueRequired":true,"valueName":"search_term_string"}}],"inLanguage":"fi"}]}},"_links":{"self":[{"href":"https:\/\/sey.fi\/alahakita\/wp-json\/wp\/v2\/pages\/110","targetHints":{"allow":["GET"]}}],"collection":[{"href":"https:\/\/sey.fi\/alahakita\/wp-json\/wp\/v2\/pages"}],"about":[{"href":"https:\/\/sey.fi\/alahakita\/wp-json\/wp\/v2\/types\/page"}],"author":[{"embeddable":true,"href":"https:\/\/sey.fi\/alahakita\/wp-json\/wp\/v2\/users\/8"}],"replies":[{"embeddable":true,"href":"https:\/\/sey.fi\/alahakita\/wp-json\/wp\/v2\/comments?post=110"}],"version-history":[{"count":1,"href":"https:\/\/sey.fi\/alahakita\/wp-json\/wp\/v2\/pages\/110\/revisions"}],"predecessor-version":[{"id":113,"href":"https:\/\/sey.fi\/alahakita\/wp-json\/wp\/v2\/pages\/110\/revisions\/113"}],"wp:featuredmedia":[{"embeddable":true,"href":"https:\/\/sey.fi\/alahakita\/wp-json\/wp\/v2\/media\/111"}],"wp:attachment":[{"href":"https:\/\/sey.fi\/alahakita\/wp-json\/wp\/v2\/media?parent=110"}],"curies":[{"name":"wp","href":"https:\/\/api.w.org\/{rel}","templated":true}]}}