{"id":119,"date":"2019-12-09T11:16:26","date_gmt":"2019-12-09T09:16:26","guid":{"rendered":"http:\/\/srvr10.xetpoint.com\/~seyfi\/alahakita\/?page_id=119"},"modified":"2020-01-10T11:36:35","modified_gmt":"2020-01-10T09:36:35","slug":"yleisia-vaittamia","status":"publish","type":"page","link":"https:\/\/sey.fi\/alahakita\/ala-hakita\/yleisia-vaittamia\/","title":{"rendered":"Yleisi\u00e4 v\u00e4itt\u00e4mi\u00e4"},"content":{"rendered":"\n<p>Koirien h\u00e4kitt\u00e4miseen liittyy paljon piintyneit\u00e4 v\u00e4itt\u00e4mi\u00e4 ja virheargumentteja. T\u00e4ss\u00e4 niist\u00e4 yleisimm\u00e4t vastauksineen.<\/p>\n\n\n\n<h3 class=\"wp-block-heading\">\u201dH\u00e4kki on koiralleni turvapaikka ja se nauttii ollessaan siell\u00e4.\u201d<\/h3>\n\n\n\n<p>Surullista, ett\u00e4 koirasi ei tunne oloaan turvalliseksi muualla \nasunnossa. Lienee syyt\u00e4 mietti\u00e4 miss\u00e4 on vika, jos koiran t\u00e4ytyy \nerist\u00e4yty\u00e4 muista h\u00e4kkiins\u00e4 ollakseen rauhassa.<\/p>\n\n\n\n<h3 class=\"wp-block-heading\">&#8221;On koirallekin hyv\u00e4ksi, ettei se sy\u00f6 asunnon sisustusta ja saa suolitukosta.\u201d<\/h3>\n\n\n\n<p>Koirasi yksinolo-ongelmiin olisi ollut syyt\u00e4 puuttua jo kauan aikaa \nsitten. Jos koira tuhoaa kodin irtaimistoa, on siihen yleens\u00e4 aina jokin\n syy. T\u00e4h\u00e4n syyhyn vaikuttamalla ongelmak\u00e4yt\u00f6s katoaa.<\/p>\n\n\n\n<h3 class=\"wp-block-heading\">\u201dEn pysty suojaamaan asuntoani koiran tuhoja vastaan.\u201d<\/h3>\n\n\n\n<p>Kaikkien ihmisten ei tulisi ottaa koiraa. Koiran hankkiminen \nmerkitsee vastuuta sen hyvinvoinnista. Jollet pysty takaamaan el\u00e4imelle \nsopivia elinolosuhteita, ei lemmikki\u00e4 pit\u00e4isi hankkia lainkaan.<\/p>\n\n\n\n<h3 class=\"wp-block-heading\">\u201dKoirani ei v\u00e4lit\u00e4 leluista, vaan tuhoaa kaikki minun tavarani.\u201d<\/h3>\n\n\n\n<p>Esineill\u00e4 on harvoin itseisarvoa koiran silmiss\u00e4. Lelut ovat \nv\u00e4lineit\u00e4, joilla leikit\u00e4\u00e4n. Jos koirasi ei osaa leikki\u00e4 yksin, tulisi \nsit\u00e4 opettaa t\u00e4h\u00e4n. Todenn\u00e4k\u00f6isesti koirasi on oppinut, ett\u00e4 muiden \ntavaroiden suuhunottaminen aiheuttaa reaktion sinussa, ja haluaa siksi \nsaada huomiotasi esineidesi kanniskelulla ja pureskelulla.<\/p>\n\n\n\n<h3 class=\"wp-block-heading\">\u201dKoirani kasvattaja suositteli koiran h\u00e4kityst\u00e4.\u201d<\/h3>\n\n\n\n<p>On ik\u00e4v\u00e4\u00e4, ett\u00e4 luotettavaksi ja osaavaksi kuviteltu henkil\u00f6 \nkehoittaa muita rikkomaan lakia. Lienee parempi, ett\u00e4 hakeudut \nsellaisten asiantuntijoiden pariin, jotka ymm\u00e4rt\u00e4v\u00e4t el\u00e4inten \nhyvinvoinnista. Seuraava koiranpentu on parempi hankkia sellaiselta \nkasvattajalta, jonka toiminta t\u00e4ytt\u00e4\u00e4 lait ja asetukset ja on my\u00f6s hyv\u00e4n\n maun ja tavan mukaista.<\/p>\n\n\n\n<h3 class=\"wp-block-heading\">\u201dKoira nukkuu kuitenkin koko p\u00e4iv\u00e4n, joten se voi hyvin viett\u00e4\u00e4 aikansa h\u00e4kiss\u00e4.\u201d<\/h3>\n\n\n\n<p>Koiralle tulee antaa mahdollisuus vaihtaa makuupaikkaa, vaikka se \nnukkuisikin suurimman osan yksinoloajastaan. Lis\u00e4ksi sen t\u00e4ytyy voida \nesimerkiksi k\u00e4yd\u00e4 juomassa kesken p\u00e4iv\u00e4\u00e4. Mit\u00e4p\u00e4 vaikka jos koirallesi \ntulee ripuli sen ollessa h\u00e4kiss\u00e4? El\u00e4inparka joutuu makaamaan omissa \nulosteissaan koko p\u00e4iv\u00e4n, koska olet sulkenut sen h\u00e4kkiin.<\/p>\n\n\n\n<h3 class=\"wp-block-heading\">\u201dKoirani ei tule perheen muiden koirien tai el\u00e4inten kanssa toimeen ja siksi se pit\u00e4\u00e4 h\u00e4kitt\u00e4\u00e4.\u201d<\/h3>\n\n\n\n<p>Jo el\u00e4insuojelulainkin mukaan jokaiselle el\u00e4imelle t\u00e4ytyy tarjota \nolot, joissa se tuntee olonsa turvalliseksi. Kahden tai useamman \ntoisilleen vihamielisen el\u00e4imen pit\u00e4minen samoissa tiloissa aiheuttaa \nn\u00e4iss\u00e4 stressi\u00e4 ja voi jopa johtaa sairastumiseen. Omistajan tulee \nmietti\u00e4 mitk\u00e4 el\u00e4imet haluaa pit\u00e4\u00e4, ja l\u00f6yt\u00e4\u00e4 osalle paremmat \nelinolosuhteet jossain toisessa perheess\u00e4.<\/p>\n\n\n\n<h3 class=\"wp-block-heading\">&#8221;Koirani ei selv\u00e4stik\u00e4\u00e4n k\u00e4rsi h\u00e4kiss\u00e4. Tunnen koirani ja huomaisin kyll\u00e4, jos se k\u00e4rsisi. &#8221;<\/h3>\n\n\n\n<p>Kun koira ei paremmasta tied\u00e4, se sopeutuu. Koira on eritt\u00e4in \nsopeutuvainen el\u00e4in ja sen vuoksi kiintyy my\u00f6s sellaiseen omistajaan, \njoka kohtelee sit\u00e4 kaltoin. Usein jopa pahoinpidellyt koirat n\u00e4ytt\u00e4v\u00e4t \npit\u00e4v\u00e4n omistajistaan ja tekev\u00e4t kaikkensa heit\u00e4 miellytt\u00e4\u00e4kseen.<\/p>\n","protected":false},"excerpt":{"rendered":"<p>Koirien h\u00e4kitt\u00e4miseen liittyy paljon piintyneit\u00e4 v\u00e4itt\u00e4mi\u00e4 ja virheargumentteja. T\u00e4ss\u00e4 niist\u00e4 yleisimm\u00e4t vastauksineen. \u201dH\u00e4kki on koiralleni turvapaikka ja se nauttii ollessaan siell\u00e4.\u201d Surullista, ett\u00e4 koirasi ei tunne oloaan turvalliseksi muualla asunnossa. Lienee syyt\u00e4 mietti\u00e4 miss\u00e4 on vika, jos koiran t\u00e4ytyy erist\u00e4yty\u00e4 muista h\u00e4kkiins\u00e4 ollakseen rauhassa. &#8221;On koirallekin hyv\u00e4ksi, ettei se sy\u00f6 asunnon sisustusta ja saa suolitukosta.\u201d [&hellip;]<\/p>\n","protected":false},"author":8,"featured_media":233,"parent":2,"menu_order":0,"comment_status":"closed","ping_status":"closed","template":"","meta":{"_acf_changed":false,"footnotes":""},"class_list":["post-119","page","type-page","status-publish","has-post-thumbnail","hentry"],"acf":[],"yoast_head":"<!-- This site is optimized with the Yoast SEO plugin v27.1.1 - https:\/\/yoast.com\/product\/yoast-seo-wordpress\/ -->\n<title>Yleisi\u00e4 v\u00e4itt\u00e4mi\u00e4 - \u00c4l\u00e4 h\u00e4kit\u00e4<\/title>\n<meta name=\"robots\" content=\"index, follow, max-snippet:-1, max-image-preview:large, max-video-preview:-1\" \/>\n<link rel=\"canonical\" href=\"https:\/\/sey.fi\/alahakita\/ala-hakita\/yleisia-vaittamia\/\" \/>\n<meta property=\"og:locale\" content=\"fi_FI\" \/>\n<meta property=\"og:type\" content=\"article\" \/>\n<meta property=\"og:title\" content=\"Yleisi\u00e4 v\u00e4itt\u00e4mi\u00e4 - \u00c4l\u00e4 h\u00e4kit\u00e4\" \/>\n<meta property=\"og:description\" content=\"Koirien h\u00e4kitt\u00e4miseen liittyy paljon piintyneit\u00e4 v\u00e4itt\u00e4mi\u00e4 ja virheargumentteja. T\u00e4ss\u00e4 niist\u00e4 yleisimm\u00e4t vastauksineen. \u201dH\u00e4kki on koiralleni turvapaikka ja se nauttii ollessaan siell\u00e4.\u201d Surullista, ett\u00e4 koirasi ei tunne oloaan turvalliseksi muualla asunnossa. Lienee syyt\u00e4 mietti\u00e4 miss\u00e4 on vika, jos koiran t\u00e4ytyy erist\u00e4yty\u00e4 muista h\u00e4kkiins\u00e4 ollakseen rauhassa. &#8221;On koirallekin hyv\u00e4ksi, ettei se sy\u00f6 asunnon sisustusta ja saa suolitukosta.\u201d [&hellip;]\" \/>\n<meta property=\"og:url\" content=\"https:\/\/sey.fi\/alahakita\/ala-hakita\/yleisia-vaittamia\/\" \/>\n<meta property=\"og:site_name\" content=\"\u00c4l\u00e4 h\u00e4kit\u00e4\" \/>\n<meta property=\"article:modified_time\" content=\"2020-01-10T09:36:35+00:00\" \/>\n<meta property=\"og:image\" content=\"https:\/\/sey.fi\/wp-content\/uploads\/sites\/46\/2020\/01\/sey-alahakita-koira.jpg\" \/>\n\t<meta property=\"og:image:width\" content=\"1280\" \/>\n\t<meta property=\"og:image:height\" content=\"640\" \/>\n\t<meta property=\"og:image:type\" content=\"image\/jpeg\" \/>\n<meta name=\"twitter:card\" content=\"summary_large_image\" \/>\n<meta name=\"twitter:label1\" content=\"Arvioitu lukuaika\" \/>\n\t<meta name=\"twitter:data1\" content=\"2 minuuttia\" \/>\n<script type=\"application\/ld+json\" class=\"yoast-schema-graph\">{\"@context\":\"https:\/\/schema.org\",\"@graph\":[{\"@type\":\"WebPage\",\"@id\":\"https:\/\/sey.fi\/alahakita\/ala-hakita\/yleisia-vaittamia\/\",\"url\":\"https:\/\/sey.fi\/alahakita\/ala-hakita\/yleisia-vaittamia\/\",\"name\":\"Yleisi\u00e4 v\u00e4itt\u00e4mi\u00e4 - \u00c4l\u00e4 h\u00e4kit\u00e4\",\"isPartOf\":{\"@id\":\"https:\/\/sey.fi\/alahakita\/#website\"},\"primaryImageOfPage\":{\"@id\":\"https:\/\/sey.fi\/alahakita\/ala-hakita\/yleisia-vaittamia\/#primaryimage\"},\"image\":{\"@id\":\"https:\/\/sey.fi\/alahakita\/ala-hakita\/yleisia-vaittamia\/#primaryimage\"},\"thumbnailUrl\":\"https:\/\/sey.fi\/wp-content\/uploads\/sites\/46\/2020\/01\/sey-alahakita-koira.jpg\",\"datePublished\":\"2019-12-09T09:16:26+00:00\",\"dateModified\":\"2020-01-10T09:36:35+00:00\",\"breadcrumb\":{\"@id\":\"https:\/\/sey.fi\/alahakita\/ala-hakita\/yleisia-vaittamia\/#breadcrumb\"},\"inLanguage\":\"fi\",\"potentialAction\":[{\"@type\":\"ReadAction\",\"target\":[\"https:\/\/sey.fi\/alahakita\/ala-hakita\/yleisia-vaittamia\/\"]}]},{\"@type\":\"ImageObject\",\"inLanguage\":\"fi\",\"@id\":\"https:\/\/sey.fi\/alahakita\/ala-hakita\/yleisia-vaittamia\/#primaryimage\",\"url\":\"https:\/\/sey.fi\/wp-content\/uploads\/sites\/46\/2020\/01\/sey-alahakita-koira.jpg\",\"contentUrl\":\"https:\/\/sey.fi\/wp-content\/uploads\/sites\/46\/2020\/01\/sey-alahakita-koira.jpg\",\"width\":1280,\"height\":640,\"caption\":\"Kuva: Ari Kankainen\"},{\"@type\":\"BreadcrumbList\",\"@id\":\"https:\/\/sey.fi\/alahakita\/ala-hakita\/yleisia-vaittamia\/#breadcrumb\",\"itemListElement\":[{\"@type\":\"ListItem\",\"position\":1,\"name\":\"Home\",\"item\":\"https:\/\/sey.fi\/alahakita\/\"},{\"@type\":\"ListItem\",\"position\":2,\"name\":\"\u00c4l\u00e4 h\u00e4kit\u00e4\",\"item\":\"https:\/\/sey.fi\/alahakita\/\"},{\"@type\":\"ListItem\",\"position\":3,\"name\":\"Yleisi\u00e4 v\u00e4itt\u00e4mi\u00e4\"}]},{\"@type\":\"WebSite\",\"@id\":\"https:\/\/sey.fi\/alahakita\/#website\",\"url\":\"https:\/\/sey.fi\/alahakita\/\",\"name\":\"\u00c4l\u00e4 h\u00e4kit\u00e4\",\"description\":\"Uusi SEY J\u00e4senyhdistykset -sivusto\",\"potentialAction\":[{\"@type\":\"SearchAction\",\"target\":{\"@type\":\"EntryPoint\",\"urlTemplate\":\"https:\/\/sey.fi\/alahakita\/?s={search_term_string}\"},\"query-input\":{\"@type\":\"PropertyValueSpecification\",\"valueRequired\":true,\"valueName\":\"search_term_string\"}}],\"inLanguage\":\"fi\"}]}<\/script>\n<!-- \/ Yoast SEO plugin. -->","yoast_head_json":{"title":"Yleisi\u00e4 v\u00e4itt\u00e4mi\u00e4 - \u00c4l\u00e4 h\u00e4kit\u00e4","robots":{"index":"index","follow":"follow","max-snippet":"max-snippet:-1","max-image-preview":"max-image-preview:large","max-video-preview":"max-video-preview:-1"},"canonical":"https:\/\/sey.fi\/alahakita\/ala-hakita\/yleisia-vaittamia\/","og_locale":"fi_FI","og_type":"article","og_title":"Yleisi\u00e4 v\u00e4itt\u00e4mi\u00e4 - \u00c4l\u00e4 h\u00e4kit\u00e4","og_description":"Koirien h\u00e4kitt\u00e4miseen liittyy paljon piintyneit\u00e4 v\u00e4itt\u00e4mi\u00e4 ja virheargumentteja. T\u00e4ss\u00e4 niist\u00e4 yleisimm\u00e4t vastauksineen. \u201dH\u00e4kki on koiralleni turvapaikka ja se nauttii ollessaan siell\u00e4.\u201d Surullista, ett\u00e4 koirasi ei tunne oloaan turvalliseksi muualla asunnossa. Lienee syyt\u00e4 mietti\u00e4 miss\u00e4 on vika, jos koiran t\u00e4ytyy erist\u00e4yty\u00e4 muista h\u00e4kkiins\u00e4 ollakseen rauhassa. &#8221;On koirallekin hyv\u00e4ksi, ettei se sy\u00f6 asunnon sisustusta ja saa suolitukosta.\u201d [&hellip;]","og_url":"https:\/\/sey.fi\/alahakita\/ala-hakita\/yleisia-vaittamia\/","og_site_name":"\u00c4l\u00e4 h\u00e4kit\u00e4","article_modified_time":"2020-01-10T09:36:35+00:00","og_image":[{"width":1280,"height":640,"url":"https:\/\/sey.fi\/wp-content\/uploads\/sites\/46\/2020\/01\/sey-alahakita-koira.jpg","type":"image\/jpeg"}],"twitter_card":"summary_large_image","twitter_misc":{"Arvioitu lukuaika":"2 minuuttia"},"schema":{"@context":"https:\/\/schema.org","@graph":[{"@type":"WebPage","@id":"https:\/\/sey.fi\/alahakita\/ala-hakita\/yleisia-vaittamia\/","url":"https:\/\/sey.fi\/alahakita\/ala-hakita\/yleisia-vaittamia\/","name":"Yleisi\u00e4 v\u00e4itt\u00e4mi\u00e4 - \u00c4l\u00e4 h\u00e4kit\u00e4","isPartOf":{"@id":"https:\/\/sey.fi\/alahakita\/#website"},"primaryImageOfPage":{"@id":"https:\/\/sey.fi\/alahakita\/ala-hakita\/yleisia-vaittamia\/#primaryimage"},"image":{"@id":"https:\/\/sey.fi\/alahakita\/ala-hakita\/yleisia-vaittamia\/#primaryimage"},"thumbnailUrl":"https:\/\/sey.fi\/wp-content\/uploads\/sites\/46\/2020\/01\/sey-alahakita-koira.jpg","datePublished":"2019-12-09T09:16:26+00:00","dateModified":"2020-01-10T09:36:35+00:00","breadcrumb":{"@id":"https:\/\/sey.fi\/alahakita\/ala-hakita\/yleisia-vaittamia\/#breadcrumb"},"inLanguage":"fi","potentialAction":[{"@type":"ReadAction","target":["https:\/\/sey.fi\/alahakita\/ala-hakita\/yleisia-vaittamia\/"]}]},{"@type":"ImageObject","inLanguage":"fi","@id":"https:\/\/sey.fi\/alahakita\/ala-hakita\/yleisia-vaittamia\/#primaryimage","url":"https:\/\/sey.fi\/wp-content\/uploads\/sites\/46\/2020\/01\/sey-alahakita-koira.jpg","contentUrl":"https:\/\/sey.fi\/wp-content\/uploads\/sites\/46\/2020\/01\/sey-alahakita-koira.jpg","width":1280,"height":640,"caption":"Kuva: Ari Kankainen"},{"@type":"BreadcrumbList","@id":"https:\/\/sey.fi\/alahakita\/ala-hakita\/yleisia-vaittamia\/#breadcrumb","itemListElement":[{"@type":"ListItem","position":1,"name":"Home","item":"https:\/\/sey.fi\/alahakita\/"},{"@type":"ListItem","position":2,"name":"\u00c4l\u00e4 h\u00e4kit\u00e4","item":"https:\/\/sey.fi\/alahakita\/"},{"@type":"ListItem","position":3,"name":"Yleisi\u00e4 v\u00e4itt\u00e4mi\u00e4"}]},{"@type":"WebSite","@id":"https:\/\/sey.fi\/alahakita\/#website","url":"https:\/\/sey.fi\/alahakita\/","name":"\u00c4l\u00e4 h\u00e4kit\u00e4","description":"Uusi SEY J\u00e4senyhdistykset -sivusto","potentialAction":[{"@type":"SearchAction","target":{"@type":"EntryPoint","urlTemplate":"https:\/\/sey.fi\/alahakita\/?s={search_term_string}"},"query-input":{"@type":"PropertyValueSpecification","valueRequired":true,"valueName":"search_term_string"}}],"inLanguage":"fi"}]}},"_links":{"self":[{"href":"https:\/\/sey.fi\/alahakita\/wp-json\/wp\/v2\/pages\/119","targetHints":{"allow":["GET"]}}],"collection":[{"href":"https:\/\/sey.fi\/alahakita\/wp-json\/wp\/v2\/pages"}],"about":[{"href":"https:\/\/sey.fi\/alahakita\/wp-json\/wp\/v2\/types\/page"}],"author":[{"embeddable":true,"href":"https:\/\/sey.fi\/alahakita\/wp-json\/wp\/v2\/users\/8"}],"replies":[{"embeddable":true,"href":"https:\/\/sey.fi\/alahakita\/wp-json\/wp\/v2\/comments?post=119"}],"version-history":[{"count":3,"href":"https:\/\/sey.fi\/alahakita\/wp-json\/wp\/v2\/pages\/119\/revisions"}],"predecessor-version":[{"id":234,"href":"https:\/\/sey.fi\/alahakita\/wp-json\/wp\/v2\/pages\/119\/revisions\/234"}],"up":[{"embeddable":true,"href":"https:\/\/sey.fi\/alahakita\/wp-json\/wp\/v2\/pages\/2"}],"wp:featuredmedia":[{"embeddable":true,"href":"https:\/\/sey.fi\/alahakita\/wp-json\/wp\/v2\/media\/233"}],"wp:attachment":[{"href":"https:\/\/sey.fi\/alahakita\/wp-json\/wp\/v2\/media?parent=119"}],"curies":[{"name":"wp","href":"https:\/\/api.w.org\/{rel}","templated":true}]}}