{"id":123,"date":"2019-12-09T11:19:14","date_gmt":"2019-12-09T09:19:14","guid":{"rendered":"http:\/\/srvr10.xetpoint.com\/~seyfi\/alahakita\/?page_id=123"},"modified":"2020-01-10T11:34:52","modified_gmt":"2020-01-10T09:34:52","slug":"yksinolo-ongelmat","status":"publish","type":"page","link":"https:\/\/sey.fi\/alahakita\/ala-hakita\/yksinolo-ongelmat\/","title":{"rendered":"Yksinolo-ongelmat"},"content":{"rendered":"\n<h2 class=\"wp-block-heading\">Ongelmat yksinolossa koskettavat monia<\/h2>\n\n\n\n<div class=\"wp-block-image\"><figure class=\"alignright\"><img decoding=\"async\" src=\"http:\/\/alahakita.fi\/images\/sisu_loikka_laura_uotila.jpg\" alt=\"\" \/><figcaption> <br> <em>Kuva: Laura Uotila<\/em> <\/figcaption><\/figure><\/div>\n\n\n\n<p>T\u00e4ss\u00e4 osuudessa on asiaa yksinolo-ongelmista yleisesti. Koiran \nyksinolo-ongelmat ovat koiranomistajien yksi yleisimmist\u00e4 \nhuolenaiheista, liittyi asiaan h\u00e4kityst\u00e4 tai ei.<\/p>\n\n\n\n<p>Eroahdistuksesta n\u00e4ytt\u00e4\u00e4 tulleen nykyajan muotidiagnoosi. Useissa \ntapauksissa kysymyksess\u00e4 ei kuitenkaan ole aito eroahdistus, vaan koiran\n omistaja on laiminly\u00f6nyt koiransa opettamisen yksinoloon eik\u00e4 ole \nj\u00e4rjest\u00e4nyt koiralleen riitt\u00e4v\u00e4sti lajinomaista virikkeellist\u00e4 \ntekemist\u00e4.<\/p>\n\n\n\n<p>Aito eroahdistus vaatii el\u00e4inl\u00e4\u00e4k\u00e4rin hoitoa ja k\u00e4yt\u00f6sterapiaa.  Mik\u00e4li koira on todella levoton, tekee tarpeensa sis\u00e4\u00e4n ja repii ja  rikkoo hysteerisesti tavaroita ja aiheuttaa itselleenkin vahinkoa yksin  ollessaan, on syyt\u00e4 hakeutua ammattilaisen pakeille. Eroahdistuksen  huolellinen diagnosointi, k\u00e4yt\u00f6sterapia ja tukil\u00e4\u00e4kitys auttavat  useimmissa tapauksissa. Omistajalta kysyt\u00e4\u00e4n t\u00e4ll\u00f6in paljon aikaa ja  k\u00e4rsiv\u00e4llisyytt\u00e4 hyv\u00e4n lopputuloksen takaamiseksi.<\/p>\n\n\n\n<p><\/p>\n","protected":false},"excerpt":{"rendered":"<p>Ongelmat yksinolossa koskettavat monia T\u00e4ss\u00e4 osuudessa on asiaa yksinolo-ongelmista yleisesti. Koiran yksinolo-ongelmat ovat koiranomistajien yksi yleisimmist\u00e4 huolenaiheista, liittyi asiaan h\u00e4kityst\u00e4 tai ei. Eroahdistuksesta n\u00e4ytt\u00e4\u00e4 tulleen nykyajan muotidiagnoosi. Useissa tapauksissa kysymyksess\u00e4 ei kuitenkaan ole aito eroahdistus, vaan koiran omistaja on laiminly\u00f6nyt koiransa opettamisen yksinoloon eik\u00e4 ole j\u00e4rjest\u00e4nyt koiralleen riitt\u00e4v\u00e4sti lajinomaista virikkeellist\u00e4 tekemist\u00e4. Aito eroahdistus vaatii el\u00e4inl\u00e4\u00e4k\u00e4rin [&hellip;]<\/p>\n","protected":false},"author":8,"featured_media":233,"parent":2,"menu_order":0,"comment_status":"closed","ping_status":"closed","template":"","meta":{"_acf_changed":false,"footnotes":""},"class_list":["post-123","page","type-page","status-publish","has-post-thumbnail","hentry"],"acf":[],"yoast_head":"<!-- This site is optimized with the Yoast SEO plugin v27.1.1 - https:\/\/yoast.com\/product\/yoast-seo-wordpress\/ -->\n<title>Yksinolo-ongelmat - \u00c4l\u00e4 h\u00e4kit\u00e4<\/title>\n<meta name=\"robots\" content=\"index, follow, max-snippet:-1, max-image-preview:large, max-video-preview:-1\" \/>\n<link rel=\"canonical\" href=\"https:\/\/sey.fi\/alahakita\/ala-hakita\/yksinolo-ongelmat\/\" \/>\n<meta property=\"og:locale\" content=\"fi_FI\" \/>\n<meta property=\"og:type\" content=\"article\" \/>\n<meta property=\"og:title\" content=\"Yksinolo-ongelmat - \u00c4l\u00e4 h\u00e4kit\u00e4\" \/>\n<meta property=\"og:description\" content=\"Ongelmat yksinolossa koskettavat monia T\u00e4ss\u00e4 osuudessa on asiaa yksinolo-ongelmista yleisesti. Koiran yksinolo-ongelmat ovat koiranomistajien yksi yleisimmist\u00e4 huolenaiheista, liittyi asiaan h\u00e4kityst\u00e4 tai ei. Eroahdistuksesta n\u00e4ytt\u00e4\u00e4 tulleen nykyajan muotidiagnoosi. Useissa tapauksissa kysymyksess\u00e4 ei kuitenkaan ole aito eroahdistus, vaan koiran omistaja on laiminly\u00f6nyt koiransa opettamisen yksinoloon eik\u00e4 ole j\u00e4rjest\u00e4nyt koiralleen riitt\u00e4v\u00e4sti lajinomaista virikkeellist\u00e4 tekemist\u00e4. Aito eroahdistus vaatii el\u00e4inl\u00e4\u00e4k\u00e4rin [&hellip;]\" \/>\n<meta property=\"og:url\" content=\"https:\/\/sey.fi\/alahakita\/ala-hakita\/yksinolo-ongelmat\/\" \/>\n<meta property=\"og:site_name\" content=\"\u00c4l\u00e4 h\u00e4kit\u00e4\" \/>\n<meta property=\"article:modified_time\" content=\"2020-01-10T09:34:52+00:00\" \/>\n<meta property=\"og:image\" content=\"https:\/\/sey.fi\/wp-content\/uploads\/sites\/46\/2020\/01\/sey-alahakita-koira.jpg\" \/>\n\t<meta property=\"og:image:width\" content=\"1280\" \/>\n\t<meta property=\"og:image:height\" content=\"640\" \/>\n\t<meta property=\"og:image:type\" content=\"image\/jpeg\" \/>\n<meta name=\"twitter:card\" content=\"summary_large_image\" \/>\n<meta name=\"twitter:label1\" content=\"Arvioitu lukuaika\" \/>\n\t<meta name=\"twitter:data1\" content=\"1 minuutti\" \/>\n<script type=\"application\/ld+json\" class=\"yoast-schema-graph\">{\"@context\":\"https:\/\/schema.org\",\"@graph\":[{\"@type\":\"WebPage\",\"@id\":\"https:\/\/sey.fi\/alahakita\/ala-hakita\/yksinolo-ongelmat\/\",\"url\":\"https:\/\/sey.fi\/alahakita\/ala-hakita\/yksinolo-ongelmat\/\",\"name\":\"Yksinolo-ongelmat - \u00c4l\u00e4 h\u00e4kit\u00e4\",\"isPartOf\":{\"@id\":\"https:\/\/sey.fi\/alahakita\/#website\"},\"primaryImageOfPage\":{\"@id\":\"https:\/\/sey.fi\/alahakita\/ala-hakita\/yksinolo-ongelmat\/#primaryimage\"},\"image\":{\"@id\":\"https:\/\/sey.fi\/alahakita\/ala-hakita\/yksinolo-ongelmat\/#primaryimage\"},\"thumbnailUrl\":\"https:\/\/sey.fi\/wp-content\/uploads\/sites\/46\/2020\/01\/sey-alahakita-koira.jpg\",\"datePublished\":\"2019-12-09T09:19:14+00:00\",\"dateModified\":\"2020-01-10T09:34:52+00:00\",\"breadcrumb\":{\"@id\":\"https:\/\/sey.fi\/alahakita\/ala-hakita\/yksinolo-ongelmat\/#breadcrumb\"},\"inLanguage\":\"fi\",\"potentialAction\":[{\"@type\":\"ReadAction\",\"target\":[\"https:\/\/sey.fi\/alahakita\/ala-hakita\/yksinolo-ongelmat\/\"]}]},{\"@type\":\"ImageObject\",\"inLanguage\":\"fi\",\"@id\":\"https:\/\/sey.fi\/alahakita\/ala-hakita\/yksinolo-ongelmat\/#primaryimage\",\"url\":\"https:\/\/sey.fi\/wp-content\/uploads\/sites\/46\/2020\/01\/sey-alahakita-koira.jpg\",\"contentUrl\":\"https:\/\/sey.fi\/wp-content\/uploads\/sites\/46\/2020\/01\/sey-alahakita-koira.jpg\",\"width\":1280,\"height\":640,\"caption\":\"Kuva: Ari Kankainen\"},{\"@type\":\"BreadcrumbList\",\"@id\":\"https:\/\/sey.fi\/alahakita\/ala-hakita\/yksinolo-ongelmat\/#breadcrumb\",\"itemListElement\":[{\"@type\":\"ListItem\",\"position\":1,\"name\":\"Home\",\"item\":\"https:\/\/sey.fi\/alahakita\/\"},{\"@type\":\"ListItem\",\"position\":2,\"name\":\"\u00c4l\u00e4 h\u00e4kit\u00e4\",\"item\":\"https:\/\/sey.fi\/alahakita\/\"},{\"@type\":\"ListItem\",\"position\":3,\"name\":\"Yksinolo-ongelmat\"}]},{\"@type\":\"WebSite\",\"@id\":\"https:\/\/sey.fi\/alahakita\/#website\",\"url\":\"https:\/\/sey.fi\/alahakita\/\",\"name\":\"\u00c4l\u00e4 h\u00e4kit\u00e4\",\"description\":\"Uusi SEY J\u00e4senyhdistykset -sivusto\",\"potentialAction\":[{\"@type\":\"SearchAction\",\"target\":{\"@type\":\"EntryPoint\",\"urlTemplate\":\"https:\/\/sey.fi\/alahakita\/?s={search_term_string}\"},\"query-input\":{\"@type\":\"PropertyValueSpecification\",\"valueRequired\":true,\"valueName\":\"search_term_string\"}}],\"inLanguage\":\"fi\"}]}<\/script>\n<!-- \/ Yoast SEO plugin. -->","yoast_head_json":{"title":"Yksinolo-ongelmat - \u00c4l\u00e4 h\u00e4kit\u00e4","robots":{"index":"index","follow":"follow","max-snippet":"max-snippet:-1","max-image-preview":"max-image-preview:large","max-video-preview":"max-video-preview:-1"},"canonical":"https:\/\/sey.fi\/alahakita\/ala-hakita\/yksinolo-ongelmat\/","og_locale":"fi_FI","og_type":"article","og_title":"Yksinolo-ongelmat - \u00c4l\u00e4 h\u00e4kit\u00e4","og_description":"Ongelmat yksinolossa koskettavat monia T\u00e4ss\u00e4 osuudessa on asiaa yksinolo-ongelmista yleisesti. Koiran yksinolo-ongelmat ovat koiranomistajien yksi yleisimmist\u00e4 huolenaiheista, liittyi asiaan h\u00e4kityst\u00e4 tai ei. Eroahdistuksesta n\u00e4ytt\u00e4\u00e4 tulleen nykyajan muotidiagnoosi. Useissa tapauksissa kysymyksess\u00e4 ei kuitenkaan ole aito eroahdistus, vaan koiran omistaja on laiminly\u00f6nyt koiransa opettamisen yksinoloon eik\u00e4 ole j\u00e4rjest\u00e4nyt koiralleen riitt\u00e4v\u00e4sti lajinomaista virikkeellist\u00e4 tekemist\u00e4. Aito eroahdistus vaatii el\u00e4inl\u00e4\u00e4k\u00e4rin [&hellip;]","og_url":"https:\/\/sey.fi\/alahakita\/ala-hakita\/yksinolo-ongelmat\/","og_site_name":"\u00c4l\u00e4 h\u00e4kit\u00e4","article_modified_time":"2020-01-10T09:34:52+00:00","og_image":[{"width":1280,"height":640,"url":"https:\/\/sey.fi\/wp-content\/uploads\/sites\/46\/2020\/01\/sey-alahakita-koira.jpg","type":"image\/jpeg"}],"twitter_card":"summary_large_image","twitter_misc":{"Arvioitu lukuaika":"1 minuutti"},"schema":{"@context":"https:\/\/schema.org","@graph":[{"@type":"WebPage","@id":"https:\/\/sey.fi\/alahakita\/ala-hakita\/yksinolo-ongelmat\/","url":"https:\/\/sey.fi\/alahakita\/ala-hakita\/yksinolo-ongelmat\/","name":"Yksinolo-ongelmat - \u00c4l\u00e4 h\u00e4kit\u00e4","isPartOf":{"@id":"https:\/\/sey.fi\/alahakita\/#website"},"primaryImageOfPage":{"@id":"https:\/\/sey.fi\/alahakita\/ala-hakita\/yksinolo-ongelmat\/#primaryimage"},"image":{"@id":"https:\/\/sey.fi\/alahakita\/ala-hakita\/yksinolo-ongelmat\/#primaryimage"},"thumbnailUrl":"https:\/\/sey.fi\/wp-content\/uploads\/sites\/46\/2020\/01\/sey-alahakita-koira.jpg","datePublished":"2019-12-09T09:19:14+00:00","dateModified":"2020-01-10T09:34:52+00:00","breadcrumb":{"@id":"https:\/\/sey.fi\/alahakita\/ala-hakita\/yksinolo-ongelmat\/#breadcrumb"},"inLanguage":"fi","potentialAction":[{"@type":"ReadAction","target":["https:\/\/sey.fi\/alahakita\/ala-hakita\/yksinolo-ongelmat\/"]}]},{"@type":"ImageObject","inLanguage":"fi","@id":"https:\/\/sey.fi\/alahakita\/ala-hakita\/yksinolo-ongelmat\/#primaryimage","url":"https:\/\/sey.fi\/wp-content\/uploads\/sites\/46\/2020\/01\/sey-alahakita-koira.jpg","contentUrl":"https:\/\/sey.fi\/wp-content\/uploads\/sites\/46\/2020\/01\/sey-alahakita-koira.jpg","width":1280,"height":640,"caption":"Kuva: Ari Kankainen"},{"@type":"BreadcrumbList","@id":"https:\/\/sey.fi\/alahakita\/ala-hakita\/yksinolo-ongelmat\/#breadcrumb","itemListElement":[{"@type":"ListItem","position":1,"name":"Home","item":"https:\/\/sey.fi\/alahakita\/"},{"@type":"ListItem","position":2,"name":"\u00c4l\u00e4 h\u00e4kit\u00e4","item":"https:\/\/sey.fi\/alahakita\/"},{"@type":"ListItem","position":3,"name":"Yksinolo-ongelmat"}]},{"@type":"WebSite","@id":"https:\/\/sey.fi\/alahakita\/#website","url":"https:\/\/sey.fi\/alahakita\/","name":"\u00c4l\u00e4 h\u00e4kit\u00e4","description":"Uusi SEY J\u00e4senyhdistykset -sivusto","potentialAction":[{"@type":"SearchAction","target":{"@type":"EntryPoint","urlTemplate":"https:\/\/sey.fi\/alahakita\/?s={search_term_string}"},"query-input":{"@type":"PropertyValueSpecification","valueRequired":true,"valueName":"search_term_string"}}],"inLanguage":"fi"}]}},"_links":{"self":[{"href":"https:\/\/sey.fi\/alahakita\/wp-json\/wp\/v2\/pages\/123","targetHints":{"allow":["GET"]}}],"collection":[{"href":"https:\/\/sey.fi\/alahakita\/wp-json\/wp\/v2\/pages"}],"about":[{"href":"https:\/\/sey.fi\/alahakita\/wp-json\/wp\/v2\/types\/page"}],"author":[{"embeddable":true,"href":"https:\/\/sey.fi\/alahakita\/wp-json\/wp\/v2\/users\/8"}],"replies":[{"embeddable":true,"href":"https:\/\/sey.fi\/alahakita\/wp-json\/wp\/v2\/comments?post=123"}],"version-history":[{"count":4,"href":"https:\/\/sey.fi\/alahakita\/wp-json\/wp\/v2\/pages\/123\/revisions"}],"predecessor-version":[{"id":129,"href":"https:\/\/sey.fi\/alahakita\/wp-json\/wp\/v2\/pages\/123\/revisions\/129"}],"up":[{"embeddable":true,"href":"https:\/\/sey.fi\/alahakita\/wp-json\/wp\/v2\/pages\/2"}],"wp:featuredmedia":[{"embeddable":true,"href":"https:\/\/sey.fi\/alahakita\/wp-json\/wp\/v2\/media\/233"}],"wp:attachment":[{"href":"https:\/\/sey.fi\/alahakita\/wp-json\/wp\/v2\/media?parent=123"}],"curies":[{"name":"wp","href":"https:\/\/api.w.org\/{rel}","templated":true}]}}