{"id":130,"date":"2019-12-09T11:24:59","date_gmt":"2019-12-09T09:24:59","guid":{"rendered":"http:\/\/srvr10.xetpoint.com\/~seyfi\/alahakita\/?page_id=130"},"modified":"2019-12-09T11:25:01","modified_gmt":"2019-12-09T09:25:01","slug":"ala-jata-minua","status":"publish","type":"page","link":"https:\/\/sey.fi\/alahakita\/ala-hakita\/yksinolo-ongelmat\/ala-jata-minua\/","title":{"rendered":"\u00c4l\u00e4 j\u00e4t\u00e4 minua!"},"content":{"rendered":"\n<p><em>Kuva: Laura Uotila<\/em><\/p>\n\n\n\n<p>Yksinj\u00e4\u00e4miseen liittyv\u00e4t ongelmat ovat kohtalaisen yleisi\u00e4 koirien \nkanssa el\u00e4miseen liittyvi\u00e4 tilanteita. Osa koirista purkaa omistajan \npoistumisen aiheuttaman ahdistuksen haukkumiseen ja ulvomiseen, osa \nasunnon irtaimiston ja jopa seinien ja ovien tuhoamiseen. Vaikeimmat \ntapaukset harrastavat kaikkea edell\u00e4mainittua.<\/p>\n\n\n\n<p>Voimakasta yksinoloon liittyv\u00e4\u00e4 levottomuutta ja ahdistuneisuutta \nkutsutaan eroahdistukseksi. Kaikki yksioloon liittyv\u00e4 \nongelmak\u00e4ytt\u00e4ytyminen ei kuitenkaan ole varsinaista eroahdistusta, vaan \nkoira voi purkaa pitk\u00e4n p\u00e4iv\u00e4n aiheuttamaa tylsyytt\u00e4 my\u00f6s erilaiseen \nomatoimiseen askarteluun. My\u00f6s erilaiset koiraa p\u00e4iv\u00e4n aikana \nkiihdytt\u00e4v\u00e4t asiat, kuten rappuk\u00e4yt\u00e4v\u00e4ss\u00e4 kolistelevat ihmiset, ikkunan \ntakaa kulkevat koirat tai naapurissa haukkuva koira voivat saada oman \nkoiran k\u00e4ytt\u00e4ytym\u00e4\u00e4n levottomasti, mutta n\u00e4m\u00e4 oireet poistuvat, kun \nniiden aiheuttaja saadaan poistettua, eik\u00e4 kyse siis ole varsinaisesta \neroahdistuksesta.<\/p>\n\n\n\n<p>Kuten kaikissa muissakin koirien ns. ongelmak\u00e4ytt\u00e4ytymiseen \nliittyviss\u00e4 asioissa, my\u00f6s yksinolo-ongelmien kanssa ennaltaehk\u00e4isy on \nkaikkein t\u00e4rkeint\u00e4. Siksi uuteen kotiin tuleva koira pit\u00e4isi aina \nhitaasti totuttaa yksinoloon, riippumatta siit\u00e4 onko tulija pentu vai \naikuinen koira. Rodusta ja yksil\u00f6st\u00e4 riippuen yksinoloon tottuminen voi \nvied\u00e4 hetken tai useamman viikon, mutta siit\u00e4 huolimatta totutusprosessi\n tulisi aina tehd\u00e4 asteittain, eik\u00e4 uuttaa koiraa saisi heti j\u00e4tt\u00e4\u00e4 \nkokonaisten ty\u00f6p\u00e4ivien ajaksi yksin.<\/p>\n\n\n\n<p>Eroahdistus on ongelma, joka hankaloittaa usein selv\u00e4sti sek\u00e4 koiran \nett\u00e4 omistajan, mutta usein my\u00f6s koiranomistajan naapureiden el\u00e4m\u00e4\u00e4. \nTavaroiden silmit\u00f6n tuhoaminen ja taukoamaton haukkuminen aiheuttavat \nyleens\u00e4 suurta huolta omistajalle, ja kustannukset voivat luonnollisesti\n nousta korkeiksi. Huonoimmassa tilanteessa saattaa edess\u00e4 olla h\u00e4\u00e4t\u00f6, \njos naapurit hermostuvat totaalisesti p\u00e4ivitt\u00e4in asunnossa ulvovaan \nkoiraan.<\/p>\n\n\n\n<p>Eroahdistuksen ennaltaehk\u00e4isyyn kannattaa siis panostaa. Tulee \nperheeseen sitten pentu tai aikuinen koira, on syyt\u00e4 alusta asti \ntotuttaa koira siihen, ett\u00e4 omistaja ei ole aina sen kanssa samassa \ntilassa. Aluksi harjoitusten kannattaa olla normaaliin el\u00e4m\u00e4\u00e4n kuuluvia \npieni\u00e4 poistumisia: omistaja menee toiseen huoneeseen ja sulkee oven \nper\u00e4ss\u00e4\u00e4n, k\u00e4y viem\u00e4ss\u00e4 roskat tai hakemassa postin, piipahtaa \nl\u00e4hikioskilla. Jos koira oirehtii selv\u00e4sti levottomasti kun huomaa \nomistajan olevan poistumassa, kannattaa harjoitukset pit\u00e4\u00e4 ensin vain \nsekunneissa. N\u00e4ist\u00e4 aikaa voi pikkuhiljaa pident\u00e4\u00e4 kymmeniin \nsekunteihin, minuuttiin, muutamiin minuutteihin jne.<\/p>\n\n\n\n<p>Vaikeissa tapauksissa kannattaa kuitenkin aina k\u00e4\u00e4nty\u00e4 asiantuntevan \nongelmakoirakouluttajan puoleen. Heilt\u00e4 harjoittelua varten saa selke\u00e4n \nharjoitteluohjelman, joka r\u00e4\u00e4t\u00e4l\u00f6id\u00e4\u00e4n yksil\u00f6llisesti koiralle \nsopivaksi.<\/p>\n","protected":false},"excerpt":{"rendered":"<p>Kuva: Laura Uotila Yksinj\u00e4\u00e4miseen liittyv\u00e4t ongelmat ovat kohtalaisen yleisi\u00e4 koirien kanssa el\u00e4miseen liittyvi\u00e4 tilanteita. Osa koirista purkaa omistajan poistumisen aiheuttaman ahdistuksen haukkumiseen ja ulvomiseen, osa asunnon irtaimiston ja jopa seinien ja ovien tuhoamiseen. Vaikeimmat tapaukset harrastavat kaikkea edell\u00e4mainittua. Voimakasta yksinoloon liittyv\u00e4\u00e4 levottomuutta ja ahdistuneisuutta kutsutaan eroahdistukseksi. Kaikki yksioloon liittyv\u00e4 ongelmak\u00e4ytt\u00e4ytyminen ei kuitenkaan ole varsinaista eroahdistusta, [&hellip;]<\/p>\n","protected":false},"author":8,"featured_media":131,"parent":123,"menu_order":0,"comment_status":"closed","ping_status":"closed","template":"","meta":{"_acf_changed":false,"footnotes":""},"class_list":["post-130","page","type-page","status-publish","has-post-thumbnail","hentry"],"acf":[],"yoast_head":"<!-- This site is optimized with the Yoast SEO plugin v27.1.1 - https:\/\/yoast.com\/product\/yoast-seo-wordpress\/ -->\n<title>\u00c4l\u00e4 j\u00e4t\u00e4 minua! - \u00c4l\u00e4 h\u00e4kit\u00e4<\/title>\n<meta name=\"robots\" content=\"index, follow, max-snippet:-1, max-image-preview:large, max-video-preview:-1\" \/>\n<link rel=\"canonical\" href=\"https:\/\/sey.fi\/alahakita\/ala-hakita\/yksinolo-ongelmat\/ala-jata-minua\/\" \/>\n<meta property=\"og:locale\" content=\"fi_FI\" \/>\n<meta property=\"og:type\" content=\"article\" \/>\n<meta property=\"og:title\" content=\"\u00c4l\u00e4 j\u00e4t\u00e4 minua! - \u00c4l\u00e4 h\u00e4kit\u00e4\" \/>\n<meta property=\"og:description\" content=\"Kuva: Laura Uotila Yksinj\u00e4\u00e4miseen liittyv\u00e4t ongelmat ovat kohtalaisen yleisi\u00e4 koirien kanssa el\u00e4miseen liittyvi\u00e4 tilanteita. Osa koirista purkaa omistajan poistumisen aiheuttaman ahdistuksen haukkumiseen ja ulvomiseen, osa asunnon irtaimiston ja jopa seinien ja ovien tuhoamiseen. Vaikeimmat tapaukset harrastavat kaikkea edell\u00e4mainittua. Voimakasta yksinoloon liittyv\u00e4\u00e4 levottomuutta ja ahdistuneisuutta kutsutaan eroahdistukseksi. Kaikki yksioloon liittyv\u00e4 ongelmak\u00e4ytt\u00e4ytyminen ei kuitenkaan ole varsinaista eroahdistusta, [&hellip;]\" \/>\n<meta property=\"og:url\" content=\"https:\/\/sey.fi\/alahakita\/ala-hakita\/yksinolo-ongelmat\/ala-jata-minua\/\" \/>\n<meta property=\"og:site_name\" content=\"\u00c4l\u00e4 h\u00e4kit\u00e4\" \/>\n<meta property=\"article:modified_time\" content=\"2019-12-09T09:25:01+00:00\" \/>\n<meta property=\"og:image\" content=\"https:\/\/sey.fi\/wp-content\/uploads\/sites\/46\/2019\/12\/sisu_ikkuna_laura_uotila.jpg\" \/>\n\t<meta property=\"og:image:width\" content=\"423\" \/>\n\t<meta property=\"og:image:height\" content=\"282\" \/>\n\t<meta property=\"og:image:type\" content=\"image\/jpeg\" \/>\n<meta name=\"twitter:card\" content=\"summary_large_image\" \/>\n<meta name=\"twitter:label1\" content=\"Arvioitu lukuaika\" \/>\n\t<meta name=\"twitter:data1\" content=\"2 minuuttia\" \/>\n<script type=\"application\/ld+json\" class=\"yoast-schema-graph\">{\"@context\":\"https:\/\/schema.org\",\"@graph\":[{\"@type\":\"WebPage\",\"@id\":\"https:\/\/sey.fi\/alahakita\/ala-hakita\/yksinolo-ongelmat\/ala-jata-minua\/\",\"url\":\"https:\/\/sey.fi\/alahakita\/ala-hakita\/yksinolo-ongelmat\/ala-jata-minua\/\",\"name\":\"\u00c4l\u00e4 j\u00e4t\u00e4 minua! - \u00c4l\u00e4 h\u00e4kit\u00e4\",\"isPartOf\":{\"@id\":\"https:\/\/sey.fi\/alahakita\/#website\"},\"primaryImageOfPage\":{\"@id\":\"https:\/\/sey.fi\/alahakita\/ala-hakita\/yksinolo-ongelmat\/ala-jata-minua\/#primaryimage\"},\"image\":{\"@id\":\"https:\/\/sey.fi\/alahakita\/ala-hakita\/yksinolo-ongelmat\/ala-jata-minua\/#primaryimage\"},\"thumbnailUrl\":\"https:\/\/sey.fi\/wp-content\/uploads\/sites\/46\/2019\/12\/sisu_ikkuna_laura_uotila.jpg\",\"datePublished\":\"2019-12-09T09:24:59+00:00\",\"dateModified\":\"2019-12-09T09:25:01+00:00\",\"breadcrumb\":{\"@id\":\"https:\/\/sey.fi\/alahakita\/ala-hakita\/yksinolo-ongelmat\/ala-jata-minua\/#breadcrumb\"},\"inLanguage\":\"fi\",\"potentialAction\":[{\"@type\":\"ReadAction\",\"target\":[\"https:\/\/sey.fi\/alahakita\/ala-hakita\/yksinolo-ongelmat\/ala-jata-minua\/\"]}]},{\"@type\":\"ImageObject\",\"inLanguage\":\"fi\",\"@id\":\"https:\/\/sey.fi\/alahakita\/ala-hakita\/yksinolo-ongelmat\/ala-jata-minua\/#primaryimage\",\"url\":\"https:\/\/sey.fi\/wp-content\/uploads\/sites\/46\/2019\/12\/sisu_ikkuna_laura_uotila.jpg\",\"contentUrl\":\"https:\/\/sey.fi\/wp-content\/uploads\/sites\/46\/2019\/12\/sisu_ikkuna_laura_uotila.jpg\",\"width\":423,\"height\":282},{\"@type\":\"BreadcrumbList\",\"@id\":\"https:\/\/sey.fi\/alahakita\/ala-hakita\/yksinolo-ongelmat\/ala-jata-minua\/#breadcrumb\",\"itemListElement\":[{\"@type\":\"ListItem\",\"position\":1,\"name\":\"Home\",\"item\":\"https:\/\/sey.fi\/alahakita\/\"},{\"@type\":\"ListItem\",\"position\":2,\"name\":\"\u00c4l\u00e4 h\u00e4kit\u00e4\",\"item\":\"https:\/\/sey.fi\/alahakita\/\"},{\"@type\":\"ListItem\",\"position\":3,\"name\":\"Yksinolo-ongelmat\",\"item\":\"https:\/\/sey.fi\/alahakita\/ala-hakita\/yksinolo-ongelmat\/\"},{\"@type\":\"ListItem\",\"position\":4,\"name\":\"\u00c4l\u00e4 j\u00e4t\u00e4 minua!\"}]},{\"@type\":\"WebSite\",\"@id\":\"https:\/\/sey.fi\/alahakita\/#website\",\"url\":\"https:\/\/sey.fi\/alahakita\/\",\"name\":\"\u00c4l\u00e4 h\u00e4kit\u00e4\",\"description\":\"Uusi SEY J\u00e4senyhdistykset -sivusto\",\"potentialAction\":[{\"@type\":\"SearchAction\",\"target\":{\"@type\":\"EntryPoint\",\"urlTemplate\":\"https:\/\/sey.fi\/alahakita\/?s={search_term_string}\"},\"query-input\":{\"@type\":\"PropertyValueSpecification\",\"valueRequired\":true,\"valueName\":\"search_term_string\"}}],\"inLanguage\":\"fi\"}]}<\/script>\n<!-- \/ Yoast SEO plugin. -->","yoast_head_json":{"title":"\u00c4l\u00e4 j\u00e4t\u00e4 minua! - \u00c4l\u00e4 h\u00e4kit\u00e4","robots":{"index":"index","follow":"follow","max-snippet":"max-snippet:-1","max-image-preview":"max-image-preview:large","max-video-preview":"max-video-preview:-1"},"canonical":"https:\/\/sey.fi\/alahakita\/ala-hakita\/yksinolo-ongelmat\/ala-jata-minua\/","og_locale":"fi_FI","og_type":"article","og_title":"\u00c4l\u00e4 j\u00e4t\u00e4 minua! - \u00c4l\u00e4 h\u00e4kit\u00e4","og_description":"Kuva: Laura Uotila Yksinj\u00e4\u00e4miseen liittyv\u00e4t ongelmat ovat kohtalaisen yleisi\u00e4 koirien kanssa el\u00e4miseen liittyvi\u00e4 tilanteita. Osa koirista purkaa omistajan poistumisen aiheuttaman ahdistuksen haukkumiseen ja ulvomiseen, osa asunnon irtaimiston ja jopa seinien ja ovien tuhoamiseen. Vaikeimmat tapaukset harrastavat kaikkea edell\u00e4mainittua. Voimakasta yksinoloon liittyv\u00e4\u00e4 levottomuutta ja ahdistuneisuutta kutsutaan eroahdistukseksi. Kaikki yksioloon liittyv\u00e4 ongelmak\u00e4ytt\u00e4ytyminen ei kuitenkaan ole varsinaista eroahdistusta, [&hellip;]","og_url":"https:\/\/sey.fi\/alahakita\/ala-hakita\/yksinolo-ongelmat\/ala-jata-minua\/","og_site_name":"\u00c4l\u00e4 h\u00e4kit\u00e4","article_modified_time":"2019-12-09T09:25:01+00:00","og_image":[{"width":423,"height":282,"url":"https:\/\/sey.fi\/wp-content\/uploads\/sites\/46\/2019\/12\/sisu_ikkuna_laura_uotila.jpg","type":"image\/jpeg"}],"twitter_card":"summary_large_image","twitter_misc":{"Arvioitu lukuaika":"2 minuuttia"},"schema":{"@context":"https:\/\/schema.org","@graph":[{"@type":"WebPage","@id":"https:\/\/sey.fi\/alahakita\/ala-hakita\/yksinolo-ongelmat\/ala-jata-minua\/","url":"https:\/\/sey.fi\/alahakita\/ala-hakita\/yksinolo-ongelmat\/ala-jata-minua\/","name":"\u00c4l\u00e4 j\u00e4t\u00e4 minua! - \u00c4l\u00e4 h\u00e4kit\u00e4","isPartOf":{"@id":"https:\/\/sey.fi\/alahakita\/#website"},"primaryImageOfPage":{"@id":"https:\/\/sey.fi\/alahakita\/ala-hakita\/yksinolo-ongelmat\/ala-jata-minua\/#primaryimage"},"image":{"@id":"https:\/\/sey.fi\/alahakita\/ala-hakita\/yksinolo-ongelmat\/ala-jata-minua\/#primaryimage"},"thumbnailUrl":"https:\/\/sey.fi\/wp-content\/uploads\/sites\/46\/2019\/12\/sisu_ikkuna_laura_uotila.jpg","datePublished":"2019-12-09T09:24:59+00:00","dateModified":"2019-12-09T09:25:01+00:00","breadcrumb":{"@id":"https:\/\/sey.fi\/alahakita\/ala-hakita\/yksinolo-ongelmat\/ala-jata-minua\/#breadcrumb"},"inLanguage":"fi","potentialAction":[{"@type":"ReadAction","target":["https:\/\/sey.fi\/alahakita\/ala-hakita\/yksinolo-ongelmat\/ala-jata-minua\/"]}]},{"@type":"ImageObject","inLanguage":"fi","@id":"https:\/\/sey.fi\/alahakita\/ala-hakita\/yksinolo-ongelmat\/ala-jata-minua\/#primaryimage","url":"https:\/\/sey.fi\/wp-content\/uploads\/sites\/46\/2019\/12\/sisu_ikkuna_laura_uotila.jpg","contentUrl":"https:\/\/sey.fi\/wp-content\/uploads\/sites\/46\/2019\/12\/sisu_ikkuna_laura_uotila.jpg","width":423,"height":282},{"@type":"BreadcrumbList","@id":"https:\/\/sey.fi\/alahakita\/ala-hakita\/yksinolo-ongelmat\/ala-jata-minua\/#breadcrumb","itemListElement":[{"@type":"ListItem","position":1,"name":"Home","item":"https:\/\/sey.fi\/alahakita\/"},{"@type":"ListItem","position":2,"name":"\u00c4l\u00e4 h\u00e4kit\u00e4","item":"https:\/\/sey.fi\/alahakita\/"},{"@type":"ListItem","position":3,"name":"Yksinolo-ongelmat","item":"https:\/\/sey.fi\/alahakita\/ala-hakita\/yksinolo-ongelmat\/"},{"@type":"ListItem","position":4,"name":"\u00c4l\u00e4 j\u00e4t\u00e4 minua!"}]},{"@type":"WebSite","@id":"https:\/\/sey.fi\/alahakita\/#website","url":"https:\/\/sey.fi\/alahakita\/","name":"\u00c4l\u00e4 h\u00e4kit\u00e4","description":"Uusi SEY J\u00e4senyhdistykset -sivusto","potentialAction":[{"@type":"SearchAction","target":{"@type":"EntryPoint","urlTemplate":"https:\/\/sey.fi\/alahakita\/?s={search_term_string}"},"query-input":{"@type":"PropertyValueSpecification","valueRequired":true,"valueName":"search_term_string"}}],"inLanguage":"fi"}]}},"_links":{"self":[{"href":"https:\/\/sey.fi\/alahakita\/wp-json\/wp\/v2\/pages\/130","targetHints":{"allow":["GET"]}}],"collection":[{"href":"https:\/\/sey.fi\/alahakita\/wp-json\/wp\/v2\/pages"}],"about":[{"href":"https:\/\/sey.fi\/alahakita\/wp-json\/wp\/v2\/types\/page"}],"author":[{"embeddable":true,"href":"https:\/\/sey.fi\/alahakita\/wp-json\/wp\/v2\/users\/8"}],"replies":[{"embeddable":true,"href":"https:\/\/sey.fi\/alahakita\/wp-json\/wp\/v2\/comments?post=130"}],"version-history":[{"count":2,"href":"https:\/\/sey.fi\/alahakita\/wp-json\/wp\/v2\/pages\/130\/revisions"}],"predecessor-version":[{"id":133,"href":"https:\/\/sey.fi\/alahakita\/wp-json\/wp\/v2\/pages\/130\/revisions\/133"}],"up":[{"embeddable":true,"href":"https:\/\/sey.fi\/alahakita\/wp-json\/wp\/v2\/pages\/123"}],"wp:featuredmedia":[{"embeddable":true,"href":"https:\/\/sey.fi\/alahakita\/wp-json\/wp\/v2\/media\/131"}],"wp:attachment":[{"href":"https:\/\/sey.fi\/alahakita\/wp-json\/wp\/v2\/media?parent=130"}],"curies":[{"name":"wp","href":"https:\/\/api.w.org\/{rel}","templated":true}]}}