{"id":134,"date":"2019-12-09T11:25:43","date_gmt":"2019-12-09T09:25:43","guid":{"rendered":"http:\/\/srvr10.xetpoint.com\/~seyfi\/alahakita\/?page_id=134"},"modified":"2019-12-09T11:26:00","modified_gmt":"2019-12-09T09:26:00","slug":"aloitetaan-ulkona","status":"publish","type":"page","link":"https:\/\/sey.fi\/alahakita\/ala-hakita\/yksinolo-ongelmat\/aloitetaan-ulkona\/","title":{"rendered":"Aloitetaan ulkona"},"content":{"rendered":"\n<h2 class=\"wp-block-heading\">Aluksi ulkona<\/h2>\n\n\n\n<p>Jos koira oireilee jo selv\u00e4sti eroahdistusta, joudutaan se opettamaan\n rentoon yksinoloon t\u00e4ysin uudestaan. T\u00e4rkeint\u00e4 on luoda koiralle \nturvallinen ja rauhallinen olo, vaikka omistaja j\u00e4tt\u00e4\u00e4kin sen yksin. \nVaikeimmissa tapauksissa voidaan harjoittelu joutua aloittamaan \nesimerkiksi ulkotiloissa, jos koira on ehdollistunut liian voimakkaasti \nsis\u00e4ll\u00e4 yksinj\u00e4\u00e4misen ahdistavuuteen.<\/p>\n","protected":false},"excerpt":{"rendered":"<p>Aluksi ulkona Jos koira oireilee jo selv\u00e4sti eroahdistusta, joudutaan se opettamaan rentoon yksinoloon t\u00e4ysin uudestaan. T\u00e4rkeint\u00e4 on luoda koiralle turvallinen ja rauhallinen olo, vaikka omistaja j\u00e4tt\u00e4\u00e4kin sen yksin. Vaikeimmissa tapauksissa voidaan harjoittelu joutua aloittamaan esimerkiksi ulkotiloissa, jos koira on ehdollistunut liian voimakkaasti sis\u00e4ll\u00e4 yksinj\u00e4\u00e4misen ahdistavuuteen.<\/p>\n","protected":false},"author":8,"featured_media":0,"parent":123,"menu_order":0,"comment_status":"closed","ping_status":"closed","template":"","meta":{"_acf_changed":false,"footnotes":""},"class_list":["post-134","page","type-page","status-publish","hentry"],"acf":[],"yoast_head":"<!-- This site is optimized with the Yoast SEO plugin v27.1.1 - https:\/\/yoast.com\/product\/yoast-seo-wordpress\/ -->\n<title>Aloitetaan ulkona - \u00c4l\u00e4 h\u00e4kit\u00e4<\/title>\n<meta name=\"robots\" content=\"index, follow, max-snippet:-1, max-image-preview:large, max-video-preview:-1\" \/>\n<link rel=\"canonical\" href=\"https:\/\/sey.fi\/alahakita\/ala-hakita\/yksinolo-ongelmat\/aloitetaan-ulkona\/\" \/>\n<meta property=\"og:locale\" content=\"fi_FI\" \/>\n<meta property=\"og:type\" content=\"article\" \/>\n<meta property=\"og:title\" content=\"Aloitetaan ulkona - \u00c4l\u00e4 h\u00e4kit\u00e4\" \/>\n<meta property=\"og:description\" content=\"Aluksi ulkona Jos koira oireilee jo selv\u00e4sti eroahdistusta, joudutaan se opettamaan rentoon yksinoloon t\u00e4ysin uudestaan. T\u00e4rkeint\u00e4 on luoda koiralle turvallinen ja rauhallinen olo, vaikka omistaja j\u00e4tt\u00e4\u00e4kin sen yksin. Vaikeimmissa tapauksissa voidaan harjoittelu joutua aloittamaan esimerkiksi ulkotiloissa, jos koira on ehdollistunut liian voimakkaasti sis\u00e4ll\u00e4 yksinj\u00e4\u00e4misen ahdistavuuteen.\" \/>\n<meta property=\"og:url\" content=\"https:\/\/sey.fi\/alahakita\/ala-hakita\/yksinolo-ongelmat\/aloitetaan-ulkona\/\" \/>\n<meta property=\"og:site_name\" content=\"\u00c4l\u00e4 h\u00e4kit\u00e4\" \/>\n<meta property=\"article:modified_time\" content=\"2019-12-09T09:26:00+00:00\" \/>\n<meta name=\"twitter:card\" content=\"summary_large_image\" \/>\n<script type=\"application\/ld+json\" class=\"yoast-schema-graph\">{\"@context\":\"https:\/\/schema.org\",\"@graph\":[{\"@type\":\"WebPage\",\"@id\":\"https:\/\/sey.fi\/alahakita\/ala-hakita\/yksinolo-ongelmat\/aloitetaan-ulkona\/\",\"url\":\"https:\/\/sey.fi\/alahakita\/ala-hakita\/yksinolo-ongelmat\/aloitetaan-ulkona\/\",\"name\":\"Aloitetaan ulkona - \u00c4l\u00e4 h\u00e4kit\u00e4\",\"isPartOf\":{\"@id\":\"https:\/\/sey.fi\/alahakita\/#website\"},\"datePublished\":\"2019-12-09T09:25:43+00:00\",\"dateModified\":\"2019-12-09T09:26:00+00:00\",\"breadcrumb\":{\"@id\":\"https:\/\/sey.fi\/alahakita\/ala-hakita\/yksinolo-ongelmat\/aloitetaan-ulkona\/#breadcrumb\"},\"inLanguage\":\"fi\",\"potentialAction\":[{\"@type\":\"ReadAction\",\"target\":[\"https:\/\/sey.fi\/alahakita\/ala-hakita\/yksinolo-ongelmat\/aloitetaan-ulkona\/\"]}]},{\"@type\":\"BreadcrumbList\",\"@id\":\"https:\/\/sey.fi\/alahakita\/ala-hakita\/yksinolo-ongelmat\/aloitetaan-ulkona\/#breadcrumb\",\"itemListElement\":[{\"@type\":\"ListItem\",\"position\":1,\"name\":\"Home\",\"item\":\"https:\/\/sey.fi\/alahakita\/\"},{\"@type\":\"ListItem\",\"position\":2,\"name\":\"\u00c4l\u00e4 h\u00e4kit\u00e4\",\"item\":\"https:\/\/sey.fi\/alahakita\/\"},{\"@type\":\"ListItem\",\"position\":3,\"name\":\"Yksinolo-ongelmat\",\"item\":\"https:\/\/sey.fi\/alahakita\/ala-hakita\/yksinolo-ongelmat\/\"},{\"@type\":\"ListItem\",\"position\":4,\"name\":\"Aloitetaan ulkona\"}]},{\"@type\":\"WebSite\",\"@id\":\"https:\/\/sey.fi\/alahakita\/#website\",\"url\":\"https:\/\/sey.fi\/alahakita\/\",\"name\":\"\u00c4l\u00e4 h\u00e4kit\u00e4\",\"description\":\"Uusi SEY J\u00e4senyhdistykset -sivusto\",\"potentialAction\":[{\"@type\":\"SearchAction\",\"target\":{\"@type\":\"EntryPoint\",\"urlTemplate\":\"https:\/\/sey.fi\/alahakita\/?s={search_term_string}\"},\"query-input\":{\"@type\":\"PropertyValueSpecification\",\"valueRequired\":true,\"valueName\":\"search_term_string\"}}],\"inLanguage\":\"fi\"}]}<\/script>\n<!-- \/ Yoast SEO plugin. -->","yoast_head_json":{"title":"Aloitetaan ulkona - \u00c4l\u00e4 h\u00e4kit\u00e4","robots":{"index":"index","follow":"follow","max-snippet":"max-snippet:-1","max-image-preview":"max-image-preview:large","max-video-preview":"max-video-preview:-1"},"canonical":"https:\/\/sey.fi\/alahakita\/ala-hakita\/yksinolo-ongelmat\/aloitetaan-ulkona\/","og_locale":"fi_FI","og_type":"article","og_title":"Aloitetaan ulkona - \u00c4l\u00e4 h\u00e4kit\u00e4","og_description":"Aluksi ulkona Jos koira oireilee jo selv\u00e4sti eroahdistusta, joudutaan se opettamaan rentoon yksinoloon t\u00e4ysin uudestaan. T\u00e4rkeint\u00e4 on luoda koiralle turvallinen ja rauhallinen olo, vaikka omistaja j\u00e4tt\u00e4\u00e4kin sen yksin. Vaikeimmissa tapauksissa voidaan harjoittelu joutua aloittamaan esimerkiksi ulkotiloissa, jos koira on ehdollistunut liian voimakkaasti sis\u00e4ll\u00e4 yksinj\u00e4\u00e4misen ahdistavuuteen.","og_url":"https:\/\/sey.fi\/alahakita\/ala-hakita\/yksinolo-ongelmat\/aloitetaan-ulkona\/","og_site_name":"\u00c4l\u00e4 h\u00e4kit\u00e4","article_modified_time":"2019-12-09T09:26:00+00:00","twitter_card":"summary_large_image","schema":{"@context":"https:\/\/schema.org","@graph":[{"@type":"WebPage","@id":"https:\/\/sey.fi\/alahakita\/ala-hakita\/yksinolo-ongelmat\/aloitetaan-ulkona\/","url":"https:\/\/sey.fi\/alahakita\/ala-hakita\/yksinolo-ongelmat\/aloitetaan-ulkona\/","name":"Aloitetaan ulkona - \u00c4l\u00e4 h\u00e4kit\u00e4","isPartOf":{"@id":"https:\/\/sey.fi\/alahakita\/#website"},"datePublished":"2019-12-09T09:25:43+00:00","dateModified":"2019-12-09T09:26:00+00:00","breadcrumb":{"@id":"https:\/\/sey.fi\/alahakita\/ala-hakita\/yksinolo-ongelmat\/aloitetaan-ulkona\/#breadcrumb"},"inLanguage":"fi","potentialAction":[{"@type":"ReadAction","target":["https:\/\/sey.fi\/alahakita\/ala-hakita\/yksinolo-ongelmat\/aloitetaan-ulkona\/"]}]},{"@type":"BreadcrumbList","@id":"https:\/\/sey.fi\/alahakita\/ala-hakita\/yksinolo-ongelmat\/aloitetaan-ulkona\/#breadcrumb","itemListElement":[{"@type":"ListItem","position":1,"name":"Home","item":"https:\/\/sey.fi\/alahakita\/"},{"@type":"ListItem","position":2,"name":"\u00c4l\u00e4 h\u00e4kit\u00e4","item":"https:\/\/sey.fi\/alahakita\/"},{"@type":"ListItem","position":3,"name":"Yksinolo-ongelmat","item":"https:\/\/sey.fi\/alahakita\/ala-hakita\/yksinolo-ongelmat\/"},{"@type":"ListItem","position":4,"name":"Aloitetaan ulkona"}]},{"@type":"WebSite","@id":"https:\/\/sey.fi\/alahakita\/#website","url":"https:\/\/sey.fi\/alahakita\/","name":"\u00c4l\u00e4 h\u00e4kit\u00e4","description":"Uusi SEY J\u00e4senyhdistykset -sivusto","potentialAction":[{"@type":"SearchAction","target":{"@type":"EntryPoint","urlTemplate":"https:\/\/sey.fi\/alahakita\/?s={search_term_string}"},"query-input":{"@type":"PropertyValueSpecification","valueRequired":true,"valueName":"search_term_string"}}],"inLanguage":"fi"}]}},"_links":{"self":[{"href":"https:\/\/sey.fi\/alahakita\/wp-json\/wp\/v2\/pages\/134","targetHints":{"allow":["GET"]}}],"collection":[{"href":"https:\/\/sey.fi\/alahakita\/wp-json\/wp\/v2\/pages"}],"about":[{"href":"https:\/\/sey.fi\/alahakita\/wp-json\/wp\/v2\/types\/page"}],"author":[{"embeddable":true,"href":"https:\/\/sey.fi\/alahakita\/wp-json\/wp\/v2\/users\/8"}],"replies":[{"embeddable":true,"href":"https:\/\/sey.fi\/alahakita\/wp-json\/wp\/v2\/comments?post=134"}],"version-history":[{"count":1,"href":"https:\/\/sey.fi\/alahakita\/wp-json\/wp\/v2\/pages\/134\/revisions"}],"predecessor-version":[{"id":136,"href":"https:\/\/sey.fi\/alahakita\/wp-json\/wp\/v2\/pages\/134\/revisions\/136"}],"up":[{"embeddable":true,"href":"https:\/\/sey.fi\/alahakita\/wp-json\/wp\/v2\/pages\/123"}],"wp:attachment":[{"href":"https:\/\/sey.fi\/alahakita\/wp-json\/wp\/v2\/media?parent=134"}],"curies":[{"name":"wp","href":"https:\/\/api.w.org\/{rel}","templated":true}]}}