{"id":140,"date":"2019-12-09T11:29:41","date_gmt":"2019-12-09T09:29:41","guid":{"rendered":"http:\/\/srvr10.xetpoint.com\/~seyfi\/alahakita\/?page_id=140"},"modified":"2019-12-09T11:29:43","modified_gmt":"2019-12-09T09:29:43","slug":"ulkopuolisten-arsykkeiden-lieventaminen","status":"publish","type":"page","link":"https:\/\/sey.fi\/alahakita\/ala-hakita\/yksinolo-ongelmat\/ulkopuolisten-arsykkeiden-lieventaminen\/","title":{"rendered":"Ulkopuolisten \u00e4rsykkeiden lievent\u00e4minen"},"content":{"rendered":"\n<p>\nEroahdistunutta koiraa helpottaa usein asuntoon p\u00e4\u00e4lle j\u00e4tetty radio. \nPieni taustah\u00e4ly saa ilmeisesti koiran keskittymisen herpaantumaan sen \nverran, ettei se kuuntele neuroottisena jokaista ulkoa kuuluvaa \nrasausta. Samoin kannattaa peitt\u00e4\u00e4 ikkunat verhoilla, mik\u00e4li koiralla on\n tapana nostattaa kierroksia vahtimalla ikkunasta pihalla liikkuvia \nihmisi\u00e4 ja el\u00e4imi\u00e4.\n\n<\/p>\n","protected":false},"excerpt":{"rendered":"<p>Eroahdistunutta koiraa helpottaa usein asuntoon p\u00e4\u00e4lle j\u00e4tetty radio. Pieni taustah\u00e4ly saa ilmeisesti koiran keskittymisen herpaantumaan sen verran, ettei se kuuntele neuroottisena jokaista ulkoa kuuluvaa rasausta. Samoin kannattaa peitt\u00e4\u00e4 ikkunat verhoilla, mik\u00e4li koiralla on tapana nostattaa kierroksia vahtimalla ikkunasta pihalla liikkuvia ihmisi\u00e4 ja el\u00e4imi\u00e4.<\/p>\n","protected":false},"author":8,"featured_media":0,"parent":123,"menu_order":0,"comment_status":"closed","ping_status":"closed","template":"","meta":{"_acf_changed":false,"footnotes":""},"class_list":["post-140","page","type-page","status-publish","hentry"],"acf":[],"yoast_head":"<!-- This site is optimized with the Yoast SEO plugin v27.1.1 - https:\/\/yoast.com\/product\/yoast-seo-wordpress\/ -->\n<title>Ulkopuolisten \u00e4rsykkeiden lievent\u00e4minen - \u00c4l\u00e4 h\u00e4kit\u00e4<\/title>\n<meta name=\"robots\" content=\"index, follow, max-snippet:-1, max-image-preview:large, max-video-preview:-1\" \/>\n<link rel=\"canonical\" href=\"https:\/\/sey.fi\/alahakita\/ala-hakita\/yksinolo-ongelmat\/ulkopuolisten-arsykkeiden-lieventaminen\/\" \/>\n<meta property=\"og:locale\" content=\"fi_FI\" \/>\n<meta property=\"og:type\" content=\"article\" \/>\n<meta property=\"og:title\" content=\"Ulkopuolisten \u00e4rsykkeiden lievent\u00e4minen - \u00c4l\u00e4 h\u00e4kit\u00e4\" \/>\n<meta property=\"og:description\" content=\"Eroahdistunutta koiraa helpottaa usein asuntoon p\u00e4\u00e4lle j\u00e4tetty radio. Pieni taustah\u00e4ly saa ilmeisesti koiran keskittymisen herpaantumaan sen verran, ettei se kuuntele neuroottisena jokaista ulkoa kuuluvaa rasausta. Samoin kannattaa peitt\u00e4\u00e4 ikkunat verhoilla, mik\u00e4li koiralla on tapana nostattaa kierroksia vahtimalla ikkunasta pihalla liikkuvia ihmisi\u00e4 ja el\u00e4imi\u00e4.\" \/>\n<meta property=\"og:url\" content=\"https:\/\/sey.fi\/alahakita\/ala-hakita\/yksinolo-ongelmat\/ulkopuolisten-arsykkeiden-lieventaminen\/\" \/>\n<meta property=\"og:site_name\" content=\"\u00c4l\u00e4 h\u00e4kit\u00e4\" \/>\n<meta property=\"article:modified_time\" content=\"2019-12-09T09:29:43+00:00\" \/>\n<meta name=\"twitter:card\" content=\"summary_large_image\" \/>\n<script type=\"application\/ld+json\" class=\"yoast-schema-graph\">{\"@context\":\"https:\/\/schema.org\",\"@graph\":[{\"@type\":\"WebPage\",\"@id\":\"https:\/\/sey.fi\/alahakita\/ala-hakita\/yksinolo-ongelmat\/ulkopuolisten-arsykkeiden-lieventaminen\/\",\"url\":\"https:\/\/sey.fi\/alahakita\/ala-hakita\/yksinolo-ongelmat\/ulkopuolisten-arsykkeiden-lieventaminen\/\",\"name\":\"Ulkopuolisten \u00e4rsykkeiden lievent\u00e4minen - \u00c4l\u00e4 h\u00e4kit\u00e4\",\"isPartOf\":{\"@id\":\"https:\/\/sey.fi\/alahakita\/#website\"},\"datePublished\":\"2019-12-09T09:29:41+00:00\",\"dateModified\":\"2019-12-09T09:29:43+00:00\",\"breadcrumb\":{\"@id\":\"https:\/\/sey.fi\/alahakita\/ala-hakita\/yksinolo-ongelmat\/ulkopuolisten-arsykkeiden-lieventaminen\/#breadcrumb\"},\"inLanguage\":\"fi\",\"potentialAction\":[{\"@type\":\"ReadAction\",\"target\":[\"https:\/\/sey.fi\/alahakita\/ala-hakita\/yksinolo-ongelmat\/ulkopuolisten-arsykkeiden-lieventaminen\/\"]}]},{\"@type\":\"BreadcrumbList\",\"@id\":\"https:\/\/sey.fi\/alahakita\/ala-hakita\/yksinolo-ongelmat\/ulkopuolisten-arsykkeiden-lieventaminen\/#breadcrumb\",\"itemListElement\":[{\"@type\":\"ListItem\",\"position\":1,\"name\":\"Home\",\"item\":\"https:\/\/sey.fi\/alahakita\/\"},{\"@type\":\"ListItem\",\"position\":2,\"name\":\"\u00c4l\u00e4 h\u00e4kit\u00e4\",\"item\":\"https:\/\/sey.fi\/alahakita\/\"},{\"@type\":\"ListItem\",\"position\":3,\"name\":\"Yksinolo-ongelmat\",\"item\":\"https:\/\/sey.fi\/alahakita\/ala-hakita\/yksinolo-ongelmat\/\"},{\"@type\":\"ListItem\",\"position\":4,\"name\":\"Ulkopuolisten \u00e4rsykkeiden lievent\u00e4minen\"}]},{\"@type\":\"WebSite\",\"@id\":\"https:\/\/sey.fi\/alahakita\/#website\",\"url\":\"https:\/\/sey.fi\/alahakita\/\",\"name\":\"\u00c4l\u00e4 h\u00e4kit\u00e4\",\"description\":\"Uusi SEY J\u00e4senyhdistykset -sivusto\",\"potentialAction\":[{\"@type\":\"SearchAction\",\"target\":{\"@type\":\"EntryPoint\",\"urlTemplate\":\"https:\/\/sey.fi\/alahakita\/?s={search_term_string}\"},\"query-input\":{\"@type\":\"PropertyValueSpecification\",\"valueRequired\":true,\"valueName\":\"search_term_string\"}}],\"inLanguage\":\"fi\"}]}<\/script>\n<!-- \/ Yoast SEO plugin. -->","yoast_head_json":{"title":"Ulkopuolisten \u00e4rsykkeiden lievent\u00e4minen - \u00c4l\u00e4 h\u00e4kit\u00e4","robots":{"index":"index","follow":"follow","max-snippet":"max-snippet:-1","max-image-preview":"max-image-preview:large","max-video-preview":"max-video-preview:-1"},"canonical":"https:\/\/sey.fi\/alahakita\/ala-hakita\/yksinolo-ongelmat\/ulkopuolisten-arsykkeiden-lieventaminen\/","og_locale":"fi_FI","og_type":"article","og_title":"Ulkopuolisten \u00e4rsykkeiden lievent\u00e4minen - \u00c4l\u00e4 h\u00e4kit\u00e4","og_description":"Eroahdistunutta koiraa helpottaa usein asuntoon p\u00e4\u00e4lle j\u00e4tetty radio. Pieni taustah\u00e4ly saa ilmeisesti koiran keskittymisen herpaantumaan sen verran, ettei se kuuntele neuroottisena jokaista ulkoa kuuluvaa rasausta. Samoin kannattaa peitt\u00e4\u00e4 ikkunat verhoilla, mik\u00e4li koiralla on tapana nostattaa kierroksia vahtimalla ikkunasta pihalla liikkuvia ihmisi\u00e4 ja el\u00e4imi\u00e4.","og_url":"https:\/\/sey.fi\/alahakita\/ala-hakita\/yksinolo-ongelmat\/ulkopuolisten-arsykkeiden-lieventaminen\/","og_site_name":"\u00c4l\u00e4 h\u00e4kit\u00e4","article_modified_time":"2019-12-09T09:29:43+00:00","twitter_card":"summary_large_image","schema":{"@context":"https:\/\/schema.org","@graph":[{"@type":"WebPage","@id":"https:\/\/sey.fi\/alahakita\/ala-hakita\/yksinolo-ongelmat\/ulkopuolisten-arsykkeiden-lieventaminen\/","url":"https:\/\/sey.fi\/alahakita\/ala-hakita\/yksinolo-ongelmat\/ulkopuolisten-arsykkeiden-lieventaminen\/","name":"Ulkopuolisten \u00e4rsykkeiden lievent\u00e4minen - \u00c4l\u00e4 h\u00e4kit\u00e4","isPartOf":{"@id":"https:\/\/sey.fi\/alahakita\/#website"},"datePublished":"2019-12-09T09:29:41+00:00","dateModified":"2019-12-09T09:29:43+00:00","breadcrumb":{"@id":"https:\/\/sey.fi\/alahakita\/ala-hakita\/yksinolo-ongelmat\/ulkopuolisten-arsykkeiden-lieventaminen\/#breadcrumb"},"inLanguage":"fi","potentialAction":[{"@type":"ReadAction","target":["https:\/\/sey.fi\/alahakita\/ala-hakita\/yksinolo-ongelmat\/ulkopuolisten-arsykkeiden-lieventaminen\/"]}]},{"@type":"BreadcrumbList","@id":"https:\/\/sey.fi\/alahakita\/ala-hakita\/yksinolo-ongelmat\/ulkopuolisten-arsykkeiden-lieventaminen\/#breadcrumb","itemListElement":[{"@type":"ListItem","position":1,"name":"Home","item":"https:\/\/sey.fi\/alahakita\/"},{"@type":"ListItem","position":2,"name":"\u00c4l\u00e4 h\u00e4kit\u00e4","item":"https:\/\/sey.fi\/alahakita\/"},{"@type":"ListItem","position":3,"name":"Yksinolo-ongelmat","item":"https:\/\/sey.fi\/alahakita\/ala-hakita\/yksinolo-ongelmat\/"},{"@type":"ListItem","position":4,"name":"Ulkopuolisten \u00e4rsykkeiden lievent\u00e4minen"}]},{"@type":"WebSite","@id":"https:\/\/sey.fi\/alahakita\/#website","url":"https:\/\/sey.fi\/alahakita\/","name":"\u00c4l\u00e4 h\u00e4kit\u00e4","description":"Uusi SEY J\u00e4senyhdistykset -sivusto","potentialAction":[{"@type":"SearchAction","target":{"@type":"EntryPoint","urlTemplate":"https:\/\/sey.fi\/alahakita\/?s={search_term_string}"},"query-input":{"@type":"PropertyValueSpecification","valueRequired":true,"valueName":"search_term_string"}}],"inLanguage":"fi"}]}},"_links":{"self":[{"href":"https:\/\/sey.fi\/alahakita\/wp-json\/wp\/v2\/pages\/140","targetHints":{"allow":["GET"]}}],"collection":[{"href":"https:\/\/sey.fi\/alahakita\/wp-json\/wp\/v2\/pages"}],"about":[{"href":"https:\/\/sey.fi\/alahakita\/wp-json\/wp\/v2\/types\/page"}],"author":[{"embeddable":true,"href":"https:\/\/sey.fi\/alahakita\/wp-json\/wp\/v2\/users\/8"}],"replies":[{"embeddable":true,"href":"https:\/\/sey.fi\/alahakita\/wp-json\/wp\/v2\/comments?post=140"}],"version-history":[{"count":1,"href":"https:\/\/sey.fi\/alahakita\/wp-json\/wp\/v2\/pages\/140\/revisions"}],"predecessor-version":[{"id":141,"href":"https:\/\/sey.fi\/alahakita\/wp-json\/wp\/v2\/pages\/140\/revisions\/141"}],"up":[{"embeddable":true,"href":"https:\/\/sey.fi\/alahakita\/wp-json\/wp\/v2\/pages\/123"}],"wp:attachment":[{"href":"https:\/\/sey.fi\/alahakita\/wp-json\/wp\/v2\/media?parent=140"}],"curies":[{"name":"wp","href":"https:\/\/api.w.org\/{rel}","templated":true}]}}