{"id":142,"date":"2019-12-09T11:30:10","date_gmt":"2019-12-09T09:30:10","guid":{"rendered":"http:\/\/srvr10.xetpoint.com\/~seyfi\/alahakita\/?page_id=142"},"modified":"2019-12-09T11:30:12","modified_gmt":"2019-12-09T09:30:12","slug":"tilan-rajaaminen","status":"publish","type":"page","link":"https:\/\/sey.fi\/alahakita\/ala-hakita\/yksinolo-ongelmat\/tilan-rajaaminen\/","title":{"rendered":"Tilan rajaaminen"},"content":{"rendered":"\n<p>Montaa koiraa on auttanut se, ett\u00e4 vain osa asunnosta rajataan koiran\n k\u00e4ytt\u00f6\u00f6n. Isoissa taloissa koiralle voikin j\u00e4tt\u00e4\u00e4 siis esimerkiksi pari\n huonetta p\u00e4ivitt\u00e4ist\u00e4 oleskelua varten. Rajaamiseen voi k\u00e4ytt\u00e4\u00e4 \nesimerkiksi erilaisia portteja, jos koira ahdistuu suljetuista ovista. \nTilan rajaaminen ei kuitenkaan saa tarkoittaa sit\u00e4, ett\u00e4 koira j\u00e4tet\u00e4\u00e4n \nesimerkiksi pieneen kylpyhuoneeseen tai eteiseen.<\/p>\n","protected":false},"excerpt":{"rendered":"<p>Montaa koiraa on auttanut se, ett\u00e4 vain osa asunnosta rajataan koiran k\u00e4ytt\u00f6\u00f6n. Isoissa taloissa koiralle voikin j\u00e4tt\u00e4\u00e4 siis esimerkiksi pari huonetta p\u00e4ivitt\u00e4ist\u00e4 oleskelua varten. Rajaamiseen voi k\u00e4ytt\u00e4\u00e4 esimerkiksi erilaisia portteja, jos koira ahdistuu suljetuista ovista. Tilan rajaaminen ei kuitenkaan saa tarkoittaa sit\u00e4, ett\u00e4 koira j\u00e4tet\u00e4\u00e4n esimerkiksi pieneen kylpyhuoneeseen tai eteiseen.<\/p>\n","protected":false},"author":8,"featured_media":0,"parent":123,"menu_order":0,"comment_status":"closed","ping_status":"closed","template":"","meta":{"_acf_changed":false,"footnotes":""},"class_list":["post-142","page","type-page","status-publish","hentry"],"acf":[],"yoast_head":"<!-- This site is optimized with the Yoast SEO plugin v27.1.1 - https:\/\/yoast.com\/product\/yoast-seo-wordpress\/ -->\n<title>Tilan rajaaminen - \u00c4l\u00e4 h\u00e4kit\u00e4<\/title>\n<meta name=\"robots\" content=\"index, follow, max-snippet:-1, max-image-preview:large, max-video-preview:-1\" \/>\n<link rel=\"canonical\" href=\"https:\/\/sey.fi\/alahakita\/ala-hakita\/yksinolo-ongelmat\/tilan-rajaaminen\/\" \/>\n<meta property=\"og:locale\" content=\"fi_FI\" \/>\n<meta property=\"og:type\" content=\"article\" \/>\n<meta property=\"og:title\" content=\"Tilan rajaaminen - \u00c4l\u00e4 h\u00e4kit\u00e4\" \/>\n<meta property=\"og:description\" content=\"Montaa koiraa on auttanut se, ett\u00e4 vain osa asunnosta rajataan koiran k\u00e4ytt\u00f6\u00f6n. Isoissa taloissa koiralle voikin j\u00e4tt\u00e4\u00e4 siis esimerkiksi pari huonetta p\u00e4ivitt\u00e4ist\u00e4 oleskelua varten. Rajaamiseen voi k\u00e4ytt\u00e4\u00e4 esimerkiksi erilaisia portteja, jos koira ahdistuu suljetuista ovista. Tilan rajaaminen ei kuitenkaan saa tarkoittaa sit\u00e4, ett\u00e4 koira j\u00e4tet\u00e4\u00e4n esimerkiksi pieneen kylpyhuoneeseen tai eteiseen.\" \/>\n<meta property=\"og:url\" content=\"https:\/\/sey.fi\/alahakita\/ala-hakita\/yksinolo-ongelmat\/tilan-rajaaminen\/\" \/>\n<meta property=\"og:site_name\" content=\"\u00c4l\u00e4 h\u00e4kit\u00e4\" \/>\n<meta property=\"article:modified_time\" content=\"2019-12-09T09:30:12+00:00\" \/>\n<meta name=\"twitter:card\" content=\"summary_large_image\" \/>\n<script type=\"application\/ld+json\" class=\"yoast-schema-graph\">{\"@context\":\"https:\/\/schema.org\",\"@graph\":[{\"@type\":\"WebPage\",\"@id\":\"https:\/\/sey.fi\/alahakita\/ala-hakita\/yksinolo-ongelmat\/tilan-rajaaminen\/\",\"url\":\"https:\/\/sey.fi\/alahakita\/ala-hakita\/yksinolo-ongelmat\/tilan-rajaaminen\/\",\"name\":\"Tilan rajaaminen - \u00c4l\u00e4 h\u00e4kit\u00e4\",\"isPartOf\":{\"@id\":\"https:\/\/sey.fi\/alahakita\/#website\"},\"datePublished\":\"2019-12-09T09:30:10+00:00\",\"dateModified\":\"2019-12-09T09:30:12+00:00\",\"breadcrumb\":{\"@id\":\"https:\/\/sey.fi\/alahakita\/ala-hakita\/yksinolo-ongelmat\/tilan-rajaaminen\/#breadcrumb\"},\"inLanguage\":\"fi\",\"potentialAction\":[{\"@type\":\"ReadAction\",\"target\":[\"https:\/\/sey.fi\/alahakita\/ala-hakita\/yksinolo-ongelmat\/tilan-rajaaminen\/\"]}]},{\"@type\":\"BreadcrumbList\",\"@id\":\"https:\/\/sey.fi\/alahakita\/ala-hakita\/yksinolo-ongelmat\/tilan-rajaaminen\/#breadcrumb\",\"itemListElement\":[{\"@type\":\"ListItem\",\"position\":1,\"name\":\"Home\",\"item\":\"https:\/\/sey.fi\/alahakita\/\"},{\"@type\":\"ListItem\",\"position\":2,\"name\":\"\u00c4l\u00e4 h\u00e4kit\u00e4\",\"item\":\"https:\/\/sey.fi\/alahakita\/\"},{\"@type\":\"ListItem\",\"position\":3,\"name\":\"Yksinolo-ongelmat\",\"item\":\"https:\/\/sey.fi\/alahakita\/ala-hakita\/yksinolo-ongelmat\/\"},{\"@type\":\"ListItem\",\"position\":4,\"name\":\"Tilan rajaaminen\"}]},{\"@type\":\"WebSite\",\"@id\":\"https:\/\/sey.fi\/alahakita\/#website\",\"url\":\"https:\/\/sey.fi\/alahakita\/\",\"name\":\"\u00c4l\u00e4 h\u00e4kit\u00e4\",\"description\":\"Uusi SEY J\u00e4senyhdistykset -sivusto\",\"potentialAction\":[{\"@type\":\"SearchAction\",\"target\":{\"@type\":\"EntryPoint\",\"urlTemplate\":\"https:\/\/sey.fi\/alahakita\/?s={search_term_string}\"},\"query-input\":{\"@type\":\"PropertyValueSpecification\",\"valueRequired\":true,\"valueName\":\"search_term_string\"}}],\"inLanguage\":\"fi\"}]}<\/script>\n<!-- \/ Yoast SEO plugin. -->","yoast_head_json":{"title":"Tilan rajaaminen - \u00c4l\u00e4 h\u00e4kit\u00e4","robots":{"index":"index","follow":"follow","max-snippet":"max-snippet:-1","max-image-preview":"max-image-preview:large","max-video-preview":"max-video-preview:-1"},"canonical":"https:\/\/sey.fi\/alahakita\/ala-hakita\/yksinolo-ongelmat\/tilan-rajaaminen\/","og_locale":"fi_FI","og_type":"article","og_title":"Tilan rajaaminen - \u00c4l\u00e4 h\u00e4kit\u00e4","og_description":"Montaa koiraa on auttanut se, ett\u00e4 vain osa asunnosta rajataan koiran k\u00e4ytt\u00f6\u00f6n. Isoissa taloissa koiralle voikin j\u00e4tt\u00e4\u00e4 siis esimerkiksi pari huonetta p\u00e4ivitt\u00e4ist\u00e4 oleskelua varten. Rajaamiseen voi k\u00e4ytt\u00e4\u00e4 esimerkiksi erilaisia portteja, jos koira ahdistuu suljetuista ovista. Tilan rajaaminen ei kuitenkaan saa tarkoittaa sit\u00e4, ett\u00e4 koira j\u00e4tet\u00e4\u00e4n esimerkiksi pieneen kylpyhuoneeseen tai eteiseen.","og_url":"https:\/\/sey.fi\/alahakita\/ala-hakita\/yksinolo-ongelmat\/tilan-rajaaminen\/","og_site_name":"\u00c4l\u00e4 h\u00e4kit\u00e4","article_modified_time":"2019-12-09T09:30:12+00:00","twitter_card":"summary_large_image","schema":{"@context":"https:\/\/schema.org","@graph":[{"@type":"WebPage","@id":"https:\/\/sey.fi\/alahakita\/ala-hakita\/yksinolo-ongelmat\/tilan-rajaaminen\/","url":"https:\/\/sey.fi\/alahakita\/ala-hakita\/yksinolo-ongelmat\/tilan-rajaaminen\/","name":"Tilan rajaaminen - \u00c4l\u00e4 h\u00e4kit\u00e4","isPartOf":{"@id":"https:\/\/sey.fi\/alahakita\/#website"},"datePublished":"2019-12-09T09:30:10+00:00","dateModified":"2019-12-09T09:30:12+00:00","breadcrumb":{"@id":"https:\/\/sey.fi\/alahakita\/ala-hakita\/yksinolo-ongelmat\/tilan-rajaaminen\/#breadcrumb"},"inLanguage":"fi","potentialAction":[{"@type":"ReadAction","target":["https:\/\/sey.fi\/alahakita\/ala-hakita\/yksinolo-ongelmat\/tilan-rajaaminen\/"]}]},{"@type":"BreadcrumbList","@id":"https:\/\/sey.fi\/alahakita\/ala-hakita\/yksinolo-ongelmat\/tilan-rajaaminen\/#breadcrumb","itemListElement":[{"@type":"ListItem","position":1,"name":"Home","item":"https:\/\/sey.fi\/alahakita\/"},{"@type":"ListItem","position":2,"name":"\u00c4l\u00e4 h\u00e4kit\u00e4","item":"https:\/\/sey.fi\/alahakita\/"},{"@type":"ListItem","position":3,"name":"Yksinolo-ongelmat","item":"https:\/\/sey.fi\/alahakita\/ala-hakita\/yksinolo-ongelmat\/"},{"@type":"ListItem","position":4,"name":"Tilan rajaaminen"}]},{"@type":"WebSite","@id":"https:\/\/sey.fi\/alahakita\/#website","url":"https:\/\/sey.fi\/alahakita\/","name":"\u00c4l\u00e4 h\u00e4kit\u00e4","description":"Uusi SEY J\u00e4senyhdistykset -sivusto","potentialAction":[{"@type":"SearchAction","target":{"@type":"EntryPoint","urlTemplate":"https:\/\/sey.fi\/alahakita\/?s={search_term_string}"},"query-input":{"@type":"PropertyValueSpecification","valueRequired":true,"valueName":"search_term_string"}}],"inLanguage":"fi"}]}},"_links":{"self":[{"href":"https:\/\/sey.fi\/alahakita\/wp-json\/wp\/v2\/pages\/142","targetHints":{"allow":["GET"]}}],"collection":[{"href":"https:\/\/sey.fi\/alahakita\/wp-json\/wp\/v2\/pages"}],"about":[{"href":"https:\/\/sey.fi\/alahakita\/wp-json\/wp\/v2\/types\/page"}],"author":[{"embeddable":true,"href":"https:\/\/sey.fi\/alahakita\/wp-json\/wp\/v2\/users\/8"}],"replies":[{"embeddable":true,"href":"https:\/\/sey.fi\/alahakita\/wp-json\/wp\/v2\/comments?post=142"}],"version-history":[{"count":1,"href":"https:\/\/sey.fi\/alahakita\/wp-json\/wp\/v2\/pages\/142\/revisions"}],"predecessor-version":[{"id":143,"href":"https:\/\/sey.fi\/alahakita\/wp-json\/wp\/v2\/pages\/142\/revisions\/143"}],"up":[{"embeddable":true,"href":"https:\/\/sey.fi\/alahakita\/wp-json\/wp\/v2\/pages\/123"}],"wp:attachment":[{"href":"https:\/\/sey.fi\/alahakita\/wp-json\/wp\/v2\/media?parent=142"}],"curies":[{"name":"wp","href":"https:\/\/api.w.org\/{rel}","templated":true}]}}