{"id":146,"date":"2019-12-09T11:31:52","date_gmt":"2019-12-09T09:31:52","guid":{"rendered":"http:\/\/srvr10.xetpoint.com\/~seyfi\/alahakita\/?page_id=146"},"modified":"2019-12-09T11:31:54","modified_gmt":"2019-12-09T09:31:54","slug":"rauhallinen-lahto-ja-paluu","status":"publish","type":"page","link":"https:\/\/sey.fi\/alahakita\/ala-hakita\/yksinolo-ongelmat\/rauhallinen-lahto-ja-paluu\/","title":{"rendered":"Rauhallinen l\u00e4ht\u00f6 ja paluu"},"content":{"rendered":"\n<p>\nSek\u00e4 omistajan l\u00e4hd\u00f6st\u00e4 ett\u00e4 tulosta kannattaa tehd\u00e4 mahdollisimman  \nneutraali tilanne. Noin kymmenen minuuttia ennen l\u00e4ht\u00f6\u00e4 kannattaa  \nv\u00e4ltt\u00e4\u00e4 koiran kiihdytt\u00e4mist\u00e4 tai ylip\u00e4\u00e4t\u00e4\u00e4n kontaktin ottamista siihen.\n  Samoin kannattaa suhtautua koiraan palatessa. N\u00e4in innostumiseen ja  \nhuolestumiseen liittyv\u00e4t tunnepiikit j\u00e4\u00e4v\u00e4t matalammiksi.\n\n<\/p>\n","protected":false},"excerpt":{"rendered":"<p>Sek\u00e4 omistajan l\u00e4hd\u00f6st\u00e4 ett\u00e4 tulosta kannattaa tehd\u00e4 mahdollisimman neutraali tilanne. Noin kymmenen minuuttia ennen l\u00e4ht\u00f6\u00e4 kannattaa v\u00e4ltt\u00e4\u00e4 koiran kiihdytt\u00e4mist\u00e4 tai ylip\u00e4\u00e4t\u00e4\u00e4n kontaktin ottamista siihen. Samoin kannattaa suhtautua koiraan palatessa. N\u00e4in innostumiseen ja huolestumiseen liittyv\u00e4t tunnepiikit j\u00e4\u00e4v\u00e4t matalammiksi.<\/p>\n","protected":false},"author":8,"featured_media":0,"parent":123,"menu_order":0,"comment_status":"closed","ping_status":"closed","template":"","meta":{"_acf_changed":false,"footnotes":""},"class_list":["post-146","page","type-page","status-publish","hentry"],"acf":[],"yoast_head":"<!-- This site is optimized with the Yoast SEO plugin v27.1.1 - https:\/\/yoast.com\/product\/yoast-seo-wordpress\/ -->\n<title>Rauhallinen l\u00e4ht\u00f6 ja paluu - \u00c4l\u00e4 h\u00e4kit\u00e4<\/title>\n<meta name=\"robots\" content=\"index, follow, max-snippet:-1, max-image-preview:large, max-video-preview:-1\" \/>\n<link rel=\"canonical\" href=\"https:\/\/sey.fi\/alahakita\/ala-hakita\/yksinolo-ongelmat\/rauhallinen-lahto-ja-paluu\/\" \/>\n<meta property=\"og:locale\" content=\"fi_FI\" \/>\n<meta property=\"og:type\" content=\"article\" \/>\n<meta property=\"og:title\" content=\"Rauhallinen l\u00e4ht\u00f6 ja paluu - \u00c4l\u00e4 h\u00e4kit\u00e4\" \/>\n<meta property=\"og:description\" content=\"Sek\u00e4 omistajan l\u00e4hd\u00f6st\u00e4 ett\u00e4 tulosta kannattaa tehd\u00e4 mahdollisimman neutraali tilanne. Noin kymmenen minuuttia ennen l\u00e4ht\u00f6\u00e4 kannattaa v\u00e4ltt\u00e4\u00e4 koiran kiihdytt\u00e4mist\u00e4 tai ylip\u00e4\u00e4t\u00e4\u00e4n kontaktin ottamista siihen. Samoin kannattaa suhtautua koiraan palatessa. N\u00e4in innostumiseen ja huolestumiseen liittyv\u00e4t tunnepiikit j\u00e4\u00e4v\u00e4t matalammiksi.\" \/>\n<meta property=\"og:url\" content=\"https:\/\/sey.fi\/alahakita\/ala-hakita\/yksinolo-ongelmat\/rauhallinen-lahto-ja-paluu\/\" \/>\n<meta property=\"og:site_name\" content=\"\u00c4l\u00e4 h\u00e4kit\u00e4\" \/>\n<meta property=\"article:modified_time\" content=\"2019-12-09T09:31:54+00:00\" \/>\n<meta name=\"twitter:card\" content=\"summary_large_image\" \/>\n<script type=\"application\/ld+json\" class=\"yoast-schema-graph\">{\"@context\":\"https:\/\/schema.org\",\"@graph\":[{\"@type\":\"WebPage\",\"@id\":\"https:\/\/sey.fi\/alahakita\/ala-hakita\/yksinolo-ongelmat\/rauhallinen-lahto-ja-paluu\/\",\"url\":\"https:\/\/sey.fi\/alahakita\/ala-hakita\/yksinolo-ongelmat\/rauhallinen-lahto-ja-paluu\/\",\"name\":\"Rauhallinen l\u00e4ht\u00f6 ja paluu - \u00c4l\u00e4 h\u00e4kit\u00e4\",\"isPartOf\":{\"@id\":\"https:\/\/sey.fi\/alahakita\/#website\"},\"datePublished\":\"2019-12-09T09:31:52+00:00\",\"dateModified\":\"2019-12-09T09:31:54+00:00\",\"breadcrumb\":{\"@id\":\"https:\/\/sey.fi\/alahakita\/ala-hakita\/yksinolo-ongelmat\/rauhallinen-lahto-ja-paluu\/#breadcrumb\"},\"inLanguage\":\"fi\",\"potentialAction\":[{\"@type\":\"ReadAction\",\"target\":[\"https:\/\/sey.fi\/alahakita\/ala-hakita\/yksinolo-ongelmat\/rauhallinen-lahto-ja-paluu\/\"]}]},{\"@type\":\"BreadcrumbList\",\"@id\":\"https:\/\/sey.fi\/alahakita\/ala-hakita\/yksinolo-ongelmat\/rauhallinen-lahto-ja-paluu\/#breadcrumb\",\"itemListElement\":[{\"@type\":\"ListItem\",\"position\":1,\"name\":\"Home\",\"item\":\"https:\/\/sey.fi\/alahakita\/\"},{\"@type\":\"ListItem\",\"position\":2,\"name\":\"\u00c4l\u00e4 h\u00e4kit\u00e4\",\"item\":\"https:\/\/sey.fi\/alahakita\/\"},{\"@type\":\"ListItem\",\"position\":3,\"name\":\"Yksinolo-ongelmat\",\"item\":\"https:\/\/sey.fi\/alahakita\/ala-hakita\/yksinolo-ongelmat\/\"},{\"@type\":\"ListItem\",\"position\":4,\"name\":\"Rauhallinen l\u00e4ht\u00f6 ja paluu\"}]},{\"@type\":\"WebSite\",\"@id\":\"https:\/\/sey.fi\/alahakita\/#website\",\"url\":\"https:\/\/sey.fi\/alahakita\/\",\"name\":\"\u00c4l\u00e4 h\u00e4kit\u00e4\",\"description\":\"Uusi SEY J\u00e4senyhdistykset -sivusto\",\"potentialAction\":[{\"@type\":\"SearchAction\",\"target\":{\"@type\":\"EntryPoint\",\"urlTemplate\":\"https:\/\/sey.fi\/alahakita\/?s={search_term_string}\"},\"query-input\":{\"@type\":\"PropertyValueSpecification\",\"valueRequired\":true,\"valueName\":\"search_term_string\"}}],\"inLanguage\":\"fi\"}]}<\/script>\n<!-- \/ Yoast SEO plugin. -->","yoast_head_json":{"title":"Rauhallinen l\u00e4ht\u00f6 ja paluu - \u00c4l\u00e4 h\u00e4kit\u00e4","robots":{"index":"index","follow":"follow","max-snippet":"max-snippet:-1","max-image-preview":"max-image-preview:large","max-video-preview":"max-video-preview:-1"},"canonical":"https:\/\/sey.fi\/alahakita\/ala-hakita\/yksinolo-ongelmat\/rauhallinen-lahto-ja-paluu\/","og_locale":"fi_FI","og_type":"article","og_title":"Rauhallinen l\u00e4ht\u00f6 ja paluu - \u00c4l\u00e4 h\u00e4kit\u00e4","og_description":"Sek\u00e4 omistajan l\u00e4hd\u00f6st\u00e4 ett\u00e4 tulosta kannattaa tehd\u00e4 mahdollisimman neutraali tilanne. Noin kymmenen minuuttia ennen l\u00e4ht\u00f6\u00e4 kannattaa v\u00e4ltt\u00e4\u00e4 koiran kiihdytt\u00e4mist\u00e4 tai ylip\u00e4\u00e4t\u00e4\u00e4n kontaktin ottamista siihen. Samoin kannattaa suhtautua koiraan palatessa. N\u00e4in innostumiseen ja huolestumiseen liittyv\u00e4t tunnepiikit j\u00e4\u00e4v\u00e4t matalammiksi.","og_url":"https:\/\/sey.fi\/alahakita\/ala-hakita\/yksinolo-ongelmat\/rauhallinen-lahto-ja-paluu\/","og_site_name":"\u00c4l\u00e4 h\u00e4kit\u00e4","article_modified_time":"2019-12-09T09:31:54+00:00","twitter_card":"summary_large_image","schema":{"@context":"https:\/\/schema.org","@graph":[{"@type":"WebPage","@id":"https:\/\/sey.fi\/alahakita\/ala-hakita\/yksinolo-ongelmat\/rauhallinen-lahto-ja-paluu\/","url":"https:\/\/sey.fi\/alahakita\/ala-hakita\/yksinolo-ongelmat\/rauhallinen-lahto-ja-paluu\/","name":"Rauhallinen l\u00e4ht\u00f6 ja paluu - \u00c4l\u00e4 h\u00e4kit\u00e4","isPartOf":{"@id":"https:\/\/sey.fi\/alahakita\/#website"},"datePublished":"2019-12-09T09:31:52+00:00","dateModified":"2019-12-09T09:31:54+00:00","breadcrumb":{"@id":"https:\/\/sey.fi\/alahakita\/ala-hakita\/yksinolo-ongelmat\/rauhallinen-lahto-ja-paluu\/#breadcrumb"},"inLanguage":"fi","potentialAction":[{"@type":"ReadAction","target":["https:\/\/sey.fi\/alahakita\/ala-hakita\/yksinolo-ongelmat\/rauhallinen-lahto-ja-paluu\/"]}]},{"@type":"BreadcrumbList","@id":"https:\/\/sey.fi\/alahakita\/ala-hakita\/yksinolo-ongelmat\/rauhallinen-lahto-ja-paluu\/#breadcrumb","itemListElement":[{"@type":"ListItem","position":1,"name":"Home","item":"https:\/\/sey.fi\/alahakita\/"},{"@type":"ListItem","position":2,"name":"\u00c4l\u00e4 h\u00e4kit\u00e4","item":"https:\/\/sey.fi\/alahakita\/"},{"@type":"ListItem","position":3,"name":"Yksinolo-ongelmat","item":"https:\/\/sey.fi\/alahakita\/ala-hakita\/yksinolo-ongelmat\/"},{"@type":"ListItem","position":4,"name":"Rauhallinen l\u00e4ht\u00f6 ja paluu"}]},{"@type":"WebSite","@id":"https:\/\/sey.fi\/alahakita\/#website","url":"https:\/\/sey.fi\/alahakita\/","name":"\u00c4l\u00e4 h\u00e4kit\u00e4","description":"Uusi SEY J\u00e4senyhdistykset -sivusto","potentialAction":[{"@type":"SearchAction","target":{"@type":"EntryPoint","urlTemplate":"https:\/\/sey.fi\/alahakita\/?s={search_term_string}"},"query-input":{"@type":"PropertyValueSpecification","valueRequired":true,"valueName":"search_term_string"}}],"inLanguage":"fi"}]}},"_links":{"self":[{"href":"https:\/\/sey.fi\/alahakita\/wp-json\/wp\/v2\/pages\/146","targetHints":{"allow":["GET"]}}],"collection":[{"href":"https:\/\/sey.fi\/alahakita\/wp-json\/wp\/v2\/pages"}],"about":[{"href":"https:\/\/sey.fi\/alahakita\/wp-json\/wp\/v2\/types\/page"}],"author":[{"embeddable":true,"href":"https:\/\/sey.fi\/alahakita\/wp-json\/wp\/v2\/users\/8"}],"replies":[{"embeddable":true,"href":"https:\/\/sey.fi\/alahakita\/wp-json\/wp\/v2\/comments?post=146"}],"version-history":[{"count":1,"href":"https:\/\/sey.fi\/alahakita\/wp-json\/wp\/v2\/pages\/146\/revisions"}],"predecessor-version":[{"id":147,"href":"https:\/\/sey.fi\/alahakita\/wp-json\/wp\/v2\/pages\/146\/revisions\/147"}],"up":[{"embeddable":true,"href":"https:\/\/sey.fi\/alahakita\/wp-json\/wp\/v2\/pages\/123"}],"wp:attachment":[{"href":"https:\/\/sey.fi\/alahakita\/wp-json\/wp\/v2\/media?parent=146"}],"curies":[{"name":"wp","href":"https:\/\/api.w.org\/{rel}","templated":true}]}}