{"id":148,"date":"2019-12-09T11:32:36","date_gmt":"2019-12-09T09:32:36","guid":{"rendered":"http:\/\/srvr10.xetpoint.com\/~seyfi\/alahakita\/?page_id=148"},"modified":"2019-12-09T11:32:39","modified_gmt":"2019-12-09T09:32:39","slug":"rauhallista-puuhasteltavaa","status":"publish","type":"page","link":"https:\/\/sey.fi\/alahakita\/ala-hakita\/yksinolo-ongelmat\/rauhallista-puuhasteltavaa\/","title":{"rendered":"Rauhallista puuhasteltavaa"},"content":{"rendered":"\n<p>Pitk\u00e4\u00e4 yksinoloa varten koiralle kannattaa j\u00e4tt\u00e4\u00e4 aina my\u00f6s sallittua\n j\u00e4rsitt\u00e4v\u00e4\u00e4 ja puuhasteltavaa, kunhan ne ovat turvallisia koiran tutkia\n ja kaluta my\u00f6s yksin. Esimerkiksi tukeva, kuminen Kong-lelu antaa \nrauhallista puuhasteltavaa koiralle, kun lelun t\u00e4ytt\u00e4\u00e4 esim. \njauheliha-puurosekoituksella ja pakastaa sen j\u00e4lkeen lelun. Koiralla \nkuluu jopa kymmeni\u00e4 minuutteja lelun nuolemiseen tyhj\u00e4ksi.<\/p>\n\n\n\n<p>Tyhj\u00e4t mehut\u00f6lkit, paperiset koiranruokas\u00e4kit ja pahvilaatikot voi \nmy\u00f6s hy\u00f6dynt\u00e4\u00e4 sallittuna puuhailuna yksinj\u00e4\u00e4v\u00e4lle koiralle. Kun \npahvirasioiden sis\u00e4\u00e4n k\u00e4tkee herkkupaloja tai esimerkiksi j\u00e4rsitt\u00e4v\u00e4ksi \nj\u00e4tetyn luun, riitt\u00e4\u00e4 koiralla puuhasteltavaa pp\u00e4\u00e4st\u00e4kseen ensin k\u00e4siksi\n ruokaan. Huomaa, ett\u00e4 pahvista puuhasteltavaa saa j\u00e4tt\u00e4\u00e4 vain \nsellaiselle koiralle, joka ei sy\u00f6 ja niele pahvia!<\/p>\n\n\n\n<p>Jos koiralle j\u00e4tt\u00e4\u00e4 sen yksinj\u00e4\u00e4dess\u00e4 puruluita tai aitoja luita, \ntulee huolehtia siit\u00e4, ett\u00e4 luut ovat koiralle turvallisia. Esimerkiksi \nnahasta valmistettujen ns. solmuluiden p\u00e4\u00e4t voivat yll\u00e4tt\u00e4v\u00e4n helposti \njumiutua koiran kurkkuun ja aiheuttaa sen tukehtumisen. Aitojen luiden \non taas oltava riitt\u00e4v\u00e4n tukevia, jotta koira ei saa purtua isoja paloja\n niist\u00e4 irti.<\/p>\n\n\n\n<p>Sen sijaan monet ns. aktivointilelut, kuten aktivointipallot ja \n\u2013kuutiot, joista koira saa herkkupaloja py\u00f6rittelem\u00e4ll\u00e4 lelua lattialla,\n voivat kiihdytt\u00e4\u00e4 koiraa liikaa ja pahentaa yksinolo-ongelmaa lelun \ntyhjennytty\u00e4. T\u00e4m\u00e4 p\u00e4tee my\u00f6s Kong-lelujen kohdalla: Kong tulee t\u00e4ytt\u00e4\u00e4 \nnimenomaan tahnamaisella tai pakastetulla ruualla, jotta koira joutuu \nty\u00f6skentelem\u00e4\u00e4n rauhallisesti saadakseen sen ulos esim. nuolemalla. Jos \nKongin t\u00e4ytt\u00e4\u00e4 vaikkapa koirankekseill\u00e4 tai juustolla, alkaa moni koira \nheitell\u00e4 lelua pitkin seini\u00e4, eik\u00e4 Kongin rauhoittavasta vaikutuksesta \nole en\u00e4\u00e4 tietoakaan!<\/p>\n","protected":false},"excerpt":{"rendered":"<p>Pitk\u00e4\u00e4 yksinoloa varten koiralle kannattaa j\u00e4tt\u00e4\u00e4 aina my\u00f6s sallittua j\u00e4rsitt\u00e4v\u00e4\u00e4 ja puuhasteltavaa, kunhan ne ovat turvallisia koiran tutkia ja kaluta my\u00f6s yksin. Esimerkiksi tukeva, kuminen Kong-lelu antaa rauhallista puuhasteltavaa koiralle, kun lelun t\u00e4ytt\u00e4\u00e4 esim. jauheliha-puurosekoituksella ja pakastaa sen j\u00e4lkeen lelun. Koiralla kuluu jopa kymmeni\u00e4 minuutteja lelun nuolemiseen tyhj\u00e4ksi. Tyhj\u00e4t mehut\u00f6lkit, paperiset koiranruokas\u00e4kit ja pahvilaatikot voi [&hellip;]<\/p>\n","protected":false},"author":8,"featured_media":0,"parent":123,"menu_order":0,"comment_status":"closed","ping_status":"closed","template":"","meta":{"_acf_changed":false,"footnotes":""},"class_list":["post-148","page","type-page","status-publish","hentry"],"acf":[],"yoast_head":"<!-- This site is optimized with the Yoast SEO plugin v27.1.1 - https:\/\/yoast.com\/product\/yoast-seo-wordpress\/ -->\n<title>Rauhallista puuhasteltavaa - \u00c4l\u00e4 h\u00e4kit\u00e4<\/title>\n<meta name=\"robots\" content=\"index, follow, max-snippet:-1, max-image-preview:large, max-video-preview:-1\" \/>\n<link rel=\"canonical\" href=\"https:\/\/sey.fi\/alahakita\/ala-hakita\/yksinolo-ongelmat\/rauhallista-puuhasteltavaa\/\" \/>\n<meta property=\"og:locale\" content=\"fi_FI\" \/>\n<meta property=\"og:type\" content=\"article\" \/>\n<meta property=\"og:title\" content=\"Rauhallista puuhasteltavaa - \u00c4l\u00e4 h\u00e4kit\u00e4\" \/>\n<meta property=\"og:description\" content=\"Pitk\u00e4\u00e4 yksinoloa varten koiralle kannattaa j\u00e4tt\u00e4\u00e4 aina my\u00f6s sallittua j\u00e4rsitt\u00e4v\u00e4\u00e4 ja puuhasteltavaa, kunhan ne ovat turvallisia koiran tutkia ja kaluta my\u00f6s yksin. Esimerkiksi tukeva, kuminen Kong-lelu antaa rauhallista puuhasteltavaa koiralle, kun lelun t\u00e4ytt\u00e4\u00e4 esim. jauheliha-puurosekoituksella ja pakastaa sen j\u00e4lkeen lelun. Koiralla kuluu jopa kymmeni\u00e4 minuutteja lelun nuolemiseen tyhj\u00e4ksi. Tyhj\u00e4t mehut\u00f6lkit, paperiset koiranruokas\u00e4kit ja pahvilaatikot voi [&hellip;]\" \/>\n<meta property=\"og:url\" content=\"https:\/\/sey.fi\/alahakita\/ala-hakita\/yksinolo-ongelmat\/rauhallista-puuhasteltavaa\/\" \/>\n<meta property=\"og:site_name\" content=\"\u00c4l\u00e4 h\u00e4kit\u00e4\" \/>\n<meta property=\"article:modified_time\" content=\"2019-12-09T09:32:39+00:00\" \/>\n<meta name=\"twitter:card\" content=\"summary_large_image\" \/>\n<meta name=\"twitter:label1\" content=\"Arvioitu lukuaika\" \/>\n\t<meta name=\"twitter:data1\" content=\"1 minuutti\" \/>\n<script type=\"application\/ld+json\" class=\"yoast-schema-graph\">{\"@context\":\"https:\/\/schema.org\",\"@graph\":[{\"@type\":\"WebPage\",\"@id\":\"https:\/\/sey.fi\/alahakita\/ala-hakita\/yksinolo-ongelmat\/rauhallista-puuhasteltavaa\/\",\"url\":\"https:\/\/sey.fi\/alahakita\/ala-hakita\/yksinolo-ongelmat\/rauhallista-puuhasteltavaa\/\",\"name\":\"Rauhallista puuhasteltavaa - \u00c4l\u00e4 h\u00e4kit\u00e4\",\"isPartOf\":{\"@id\":\"https:\/\/sey.fi\/alahakita\/#website\"},\"datePublished\":\"2019-12-09T09:32:36+00:00\",\"dateModified\":\"2019-12-09T09:32:39+00:00\",\"breadcrumb\":{\"@id\":\"https:\/\/sey.fi\/alahakita\/ala-hakita\/yksinolo-ongelmat\/rauhallista-puuhasteltavaa\/#breadcrumb\"},\"inLanguage\":\"fi\",\"potentialAction\":[{\"@type\":\"ReadAction\",\"target\":[\"https:\/\/sey.fi\/alahakita\/ala-hakita\/yksinolo-ongelmat\/rauhallista-puuhasteltavaa\/\"]}]},{\"@type\":\"BreadcrumbList\",\"@id\":\"https:\/\/sey.fi\/alahakita\/ala-hakita\/yksinolo-ongelmat\/rauhallista-puuhasteltavaa\/#breadcrumb\",\"itemListElement\":[{\"@type\":\"ListItem\",\"position\":1,\"name\":\"Home\",\"item\":\"https:\/\/sey.fi\/alahakita\/\"},{\"@type\":\"ListItem\",\"position\":2,\"name\":\"\u00c4l\u00e4 h\u00e4kit\u00e4\",\"item\":\"https:\/\/sey.fi\/alahakita\/\"},{\"@type\":\"ListItem\",\"position\":3,\"name\":\"Yksinolo-ongelmat\",\"item\":\"https:\/\/sey.fi\/alahakita\/ala-hakita\/yksinolo-ongelmat\/\"},{\"@type\":\"ListItem\",\"position\":4,\"name\":\"Rauhallista puuhasteltavaa\"}]},{\"@type\":\"WebSite\",\"@id\":\"https:\/\/sey.fi\/alahakita\/#website\",\"url\":\"https:\/\/sey.fi\/alahakita\/\",\"name\":\"\u00c4l\u00e4 h\u00e4kit\u00e4\",\"description\":\"Uusi SEY J\u00e4senyhdistykset -sivusto\",\"potentialAction\":[{\"@type\":\"SearchAction\",\"target\":{\"@type\":\"EntryPoint\",\"urlTemplate\":\"https:\/\/sey.fi\/alahakita\/?s={search_term_string}\"},\"query-input\":{\"@type\":\"PropertyValueSpecification\",\"valueRequired\":true,\"valueName\":\"search_term_string\"}}],\"inLanguage\":\"fi\"}]}<\/script>\n<!-- \/ Yoast SEO plugin. -->","yoast_head_json":{"title":"Rauhallista puuhasteltavaa - \u00c4l\u00e4 h\u00e4kit\u00e4","robots":{"index":"index","follow":"follow","max-snippet":"max-snippet:-1","max-image-preview":"max-image-preview:large","max-video-preview":"max-video-preview:-1"},"canonical":"https:\/\/sey.fi\/alahakita\/ala-hakita\/yksinolo-ongelmat\/rauhallista-puuhasteltavaa\/","og_locale":"fi_FI","og_type":"article","og_title":"Rauhallista puuhasteltavaa - \u00c4l\u00e4 h\u00e4kit\u00e4","og_description":"Pitk\u00e4\u00e4 yksinoloa varten koiralle kannattaa j\u00e4tt\u00e4\u00e4 aina my\u00f6s sallittua j\u00e4rsitt\u00e4v\u00e4\u00e4 ja puuhasteltavaa, kunhan ne ovat turvallisia koiran tutkia ja kaluta my\u00f6s yksin. Esimerkiksi tukeva, kuminen Kong-lelu antaa rauhallista puuhasteltavaa koiralle, kun lelun t\u00e4ytt\u00e4\u00e4 esim. jauheliha-puurosekoituksella ja pakastaa sen j\u00e4lkeen lelun. Koiralla kuluu jopa kymmeni\u00e4 minuutteja lelun nuolemiseen tyhj\u00e4ksi. Tyhj\u00e4t mehut\u00f6lkit, paperiset koiranruokas\u00e4kit ja pahvilaatikot voi [&hellip;]","og_url":"https:\/\/sey.fi\/alahakita\/ala-hakita\/yksinolo-ongelmat\/rauhallista-puuhasteltavaa\/","og_site_name":"\u00c4l\u00e4 h\u00e4kit\u00e4","article_modified_time":"2019-12-09T09:32:39+00:00","twitter_card":"summary_large_image","twitter_misc":{"Arvioitu lukuaika":"1 minuutti"},"schema":{"@context":"https:\/\/schema.org","@graph":[{"@type":"WebPage","@id":"https:\/\/sey.fi\/alahakita\/ala-hakita\/yksinolo-ongelmat\/rauhallista-puuhasteltavaa\/","url":"https:\/\/sey.fi\/alahakita\/ala-hakita\/yksinolo-ongelmat\/rauhallista-puuhasteltavaa\/","name":"Rauhallista puuhasteltavaa - \u00c4l\u00e4 h\u00e4kit\u00e4","isPartOf":{"@id":"https:\/\/sey.fi\/alahakita\/#website"},"datePublished":"2019-12-09T09:32:36+00:00","dateModified":"2019-12-09T09:32:39+00:00","breadcrumb":{"@id":"https:\/\/sey.fi\/alahakita\/ala-hakita\/yksinolo-ongelmat\/rauhallista-puuhasteltavaa\/#breadcrumb"},"inLanguage":"fi","potentialAction":[{"@type":"ReadAction","target":["https:\/\/sey.fi\/alahakita\/ala-hakita\/yksinolo-ongelmat\/rauhallista-puuhasteltavaa\/"]}]},{"@type":"BreadcrumbList","@id":"https:\/\/sey.fi\/alahakita\/ala-hakita\/yksinolo-ongelmat\/rauhallista-puuhasteltavaa\/#breadcrumb","itemListElement":[{"@type":"ListItem","position":1,"name":"Home","item":"https:\/\/sey.fi\/alahakita\/"},{"@type":"ListItem","position":2,"name":"\u00c4l\u00e4 h\u00e4kit\u00e4","item":"https:\/\/sey.fi\/alahakita\/"},{"@type":"ListItem","position":3,"name":"Yksinolo-ongelmat","item":"https:\/\/sey.fi\/alahakita\/ala-hakita\/yksinolo-ongelmat\/"},{"@type":"ListItem","position":4,"name":"Rauhallista puuhasteltavaa"}]},{"@type":"WebSite","@id":"https:\/\/sey.fi\/alahakita\/#website","url":"https:\/\/sey.fi\/alahakita\/","name":"\u00c4l\u00e4 h\u00e4kit\u00e4","description":"Uusi SEY J\u00e4senyhdistykset -sivusto","potentialAction":[{"@type":"SearchAction","target":{"@type":"EntryPoint","urlTemplate":"https:\/\/sey.fi\/alahakita\/?s={search_term_string}"},"query-input":{"@type":"PropertyValueSpecification","valueRequired":true,"valueName":"search_term_string"}}],"inLanguage":"fi"}]}},"_links":{"self":[{"href":"https:\/\/sey.fi\/alahakita\/wp-json\/wp\/v2\/pages\/148","targetHints":{"allow":["GET"]}}],"collection":[{"href":"https:\/\/sey.fi\/alahakita\/wp-json\/wp\/v2\/pages"}],"about":[{"href":"https:\/\/sey.fi\/alahakita\/wp-json\/wp\/v2\/types\/page"}],"author":[{"embeddable":true,"href":"https:\/\/sey.fi\/alahakita\/wp-json\/wp\/v2\/users\/8"}],"replies":[{"embeddable":true,"href":"https:\/\/sey.fi\/alahakita\/wp-json\/wp\/v2\/comments?post=148"}],"version-history":[{"count":1,"href":"https:\/\/sey.fi\/alahakita\/wp-json\/wp\/v2\/pages\/148\/revisions"}],"predecessor-version":[{"id":149,"href":"https:\/\/sey.fi\/alahakita\/wp-json\/wp\/v2\/pages\/148\/revisions\/149"}],"up":[{"embeddable":true,"href":"https:\/\/sey.fi\/alahakita\/wp-json\/wp\/v2\/pages\/123"}],"wp:attachment":[{"href":"https:\/\/sey.fi\/alahakita\/wp-json\/wp\/v2\/media?parent=148"}],"curies":[{"name":"wp","href":"https:\/\/api.w.org\/{rel}","templated":true}]}}