{"id":150,"date":"2019-12-09T11:33:12","date_gmt":"2019-12-09T09:33:12","guid":{"rendered":"http:\/\/srvr10.xetpoint.com\/~seyfi\/alahakita\/?page_id=150"},"modified":"2019-12-09T11:33:13","modified_gmt":"2019-12-09T09:33:13","slug":"toinen-koira-kaveriksi","status":"publish","type":"page","link":"https:\/\/sey.fi\/alahakita\/ala-hakita\/yksinolo-ongelmat\/toinen-koira-kaveriksi\/","title":{"rendered":"Toinen koira kaveriksi?"},"content":{"rendered":"\n<p>Osaa eroahdistuksesta k\u00e4rsivist\u00e4 koirista auttaa koiraseura. Asiaa ei\n voi kuitenkaan tiet\u00e4\u00e4 ilman kokeilua. Pahimmassa tapauksessa toisen \nkoiran hankinnan j\u00e4lkeen voi k\u00e4yd\u00e4 niin, ett\u00e4 kotona onkin kaksi ulvovaa\n ja asuntoa tuhoavaa koiraa. Ihanteellisessa tapauksessa taas \nrauhallisesti yksinoloon suhtautuva lajitoveri taas rauhoittaa \nahdistunuttakin koiraa niin paljon, ett\u00e4 omistajan poistumisen \naiheuttama ahdistus lievenee selv\u00e4sti tai jopa poistuu kokonaan.<\/p>\n","protected":false},"excerpt":{"rendered":"<p>Osaa eroahdistuksesta k\u00e4rsivist\u00e4 koirista auttaa koiraseura. Asiaa ei voi kuitenkaan tiet\u00e4\u00e4 ilman kokeilua. Pahimmassa tapauksessa toisen koiran hankinnan j\u00e4lkeen voi k\u00e4yd\u00e4 niin, ett\u00e4 kotona onkin kaksi ulvovaa ja asuntoa tuhoavaa koiraa. Ihanteellisessa tapauksessa taas rauhallisesti yksinoloon suhtautuva lajitoveri taas rauhoittaa ahdistunuttakin koiraa niin paljon, ett\u00e4 omistajan poistumisen aiheuttama ahdistus lievenee selv\u00e4sti tai jopa poistuu kokonaan.<\/p>\n","protected":false},"author":8,"featured_media":0,"parent":123,"menu_order":0,"comment_status":"closed","ping_status":"closed","template":"","meta":{"_acf_changed":false,"footnotes":""},"class_list":["post-150","page","type-page","status-publish","hentry"],"acf":[],"yoast_head":"<!-- This site is optimized with the Yoast SEO plugin v27.1.1 - https:\/\/yoast.com\/product\/yoast-seo-wordpress\/ -->\n<title>Toinen koira kaveriksi? - \u00c4l\u00e4 h\u00e4kit\u00e4<\/title>\n<meta name=\"robots\" content=\"index, follow, max-snippet:-1, max-image-preview:large, max-video-preview:-1\" \/>\n<link rel=\"canonical\" href=\"https:\/\/sey.fi\/alahakita\/ala-hakita\/yksinolo-ongelmat\/toinen-koira-kaveriksi\/\" \/>\n<meta property=\"og:locale\" content=\"fi_FI\" \/>\n<meta property=\"og:type\" content=\"article\" \/>\n<meta property=\"og:title\" content=\"Toinen koira kaveriksi? - \u00c4l\u00e4 h\u00e4kit\u00e4\" \/>\n<meta property=\"og:description\" content=\"Osaa eroahdistuksesta k\u00e4rsivist\u00e4 koirista auttaa koiraseura. Asiaa ei voi kuitenkaan tiet\u00e4\u00e4 ilman kokeilua. Pahimmassa tapauksessa toisen koiran hankinnan j\u00e4lkeen voi k\u00e4yd\u00e4 niin, ett\u00e4 kotona onkin kaksi ulvovaa ja asuntoa tuhoavaa koiraa. Ihanteellisessa tapauksessa taas rauhallisesti yksinoloon suhtautuva lajitoveri taas rauhoittaa ahdistunuttakin koiraa niin paljon, ett\u00e4 omistajan poistumisen aiheuttama ahdistus lievenee selv\u00e4sti tai jopa poistuu kokonaan.\" \/>\n<meta property=\"og:url\" content=\"https:\/\/sey.fi\/alahakita\/ala-hakita\/yksinolo-ongelmat\/toinen-koira-kaveriksi\/\" \/>\n<meta property=\"og:site_name\" content=\"\u00c4l\u00e4 h\u00e4kit\u00e4\" \/>\n<meta property=\"article:modified_time\" content=\"2019-12-09T09:33:13+00:00\" \/>\n<meta name=\"twitter:card\" content=\"summary_large_image\" \/>\n<script type=\"application\/ld+json\" class=\"yoast-schema-graph\">{\"@context\":\"https:\/\/schema.org\",\"@graph\":[{\"@type\":\"WebPage\",\"@id\":\"https:\/\/sey.fi\/alahakita\/ala-hakita\/yksinolo-ongelmat\/toinen-koira-kaveriksi\/\",\"url\":\"https:\/\/sey.fi\/alahakita\/ala-hakita\/yksinolo-ongelmat\/toinen-koira-kaveriksi\/\",\"name\":\"Toinen koira kaveriksi? - \u00c4l\u00e4 h\u00e4kit\u00e4\",\"isPartOf\":{\"@id\":\"https:\/\/sey.fi\/alahakita\/#website\"},\"datePublished\":\"2019-12-09T09:33:12+00:00\",\"dateModified\":\"2019-12-09T09:33:13+00:00\",\"breadcrumb\":{\"@id\":\"https:\/\/sey.fi\/alahakita\/ala-hakita\/yksinolo-ongelmat\/toinen-koira-kaveriksi\/#breadcrumb\"},\"inLanguage\":\"fi\",\"potentialAction\":[{\"@type\":\"ReadAction\",\"target\":[\"https:\/\/sey.fi\/alahakita\/ala-hakita\/yksinolo-ongelmat\/toinen-koira-kaveriksi\/\"]}]},{\"@type\":\"BreadcrumbList\",\"@id\":\"https:\/\/sey.fi\/alahakita\/ala-hakita\/yksinolo-ongelmat\/toinen-koira-kaveriksi\/#breadcrumb\",\"itemListElement\":[{\"@type\":\"ListItem\",\"position\":1,\"name\":\"Home\",\"item\":\"https:\/\/sey.fi\/alahakita\/\"},{\"@type\":\"ListItem\",\"position\":2,\"name\":\"\u00c4l\u00e4 h\u00e4kit\u00e4\",\"item\":\"https:\/\/sey.fi\/alahakita\/\"},{\"@type\":\"ListItem\",\"position\":3,\"name\":\"Yksinolo-ongelmat\",\"item\":\"https:\/\/sey.fi\/alahakita\/ala-hakita\/yksinolo-ongelmat\/\"},{\"@type\":\"ListItem\",\"position\":4,\"name\":\"Toinen koira kaveriksi?\"}]},{\"@type\":\"WebSite\",\"@id\":\"https:\/\/sey.fi\/alahakita\/#website\",\"url\":\"https:\/\/sey.fi\/alahakita\/\",\"name\":\"\u00c4l\u00e4 h\u00e4kit\u00e4\",\"description\":\"Uusi SEY J\u00e4senyhdistykset -sivusto\",\"potentialAction\":[{\"@type\":\"SearchAction\",\"target\":{\"@type\":\"EntryPoint\",\"urlTemplate\":\"https:\/\/sey.fi\/alahakita\/?s={search_term_string}\"},\"query-input\":{\"@type\":\"PropertyValueSpecification\",\"valueRequired\":true,\"valueName\":\"search_term_string\"}}],\"inLanguage\":\"fi\"}]}<\/script>\n<!-- \/ Yoast SEO plugin. -->","yoast_head_json":{"title":"Toinen koira kaveriksi? - \u00c4l\u00e4 h\u00e4kit\u00e4","robots":{"index":"index","follow":"follow","max-snippet":"max-snippet:-1","max-image-preview":"max-image-preview:large","max-video-preview":"max-video-preview:-1"},"canonical":"https:\/\/sey.fi\/alahakita\/ala-hakita\/yksinolo-ongelmat\/toinen-koira-kaveriksi\/","og_locale":"fi_FI","og_type":"article","og_title":"Toinen koira kaveriksi? - \u00c4l\u00e4 h\u00e4kit\u00e4","og_description":"Osaa eroahdistuksesta k\u00e4rsivist\u00e4 koirista auttaa koiraseura. Asiaa ei voi kuitenkaan tiet\u00e4\u00e4 ilman kokeilua. Pahimmassa tapauksessa toisen koiran hankinnan j\u00e4lkeen voi k\u00e4yd\u00e4 niin, ett\u00e4 kotona onkin kaksi ulvovaa ja asuntoa tuhoavaa koiraa. Ihanteellisessa tapauksessa taas rauhallisesti yksinoloon suhtautuva lajitoveri taas rauhoittaa ahdistunuttakin koiraa niin paljon, ett\u00e4 omistajan poistumisen aiheuttama ahdistus lievenee selv\u00e4sti tai jopa poistuu kokonaan.","og_url":"https:\/\/sey.fi\/alahakita\/ala-hakita\/yksinolo-ongelmat\/toinen-koira-kaveriksi\/","og_site_name":"\u00c4l\u00e4 h\u00e4kit\u00e4","article_modified_time":"2019-12-09T09:33:13+00:00","twitter_card":"summary_large_image","schema":{"@context":"https:\/\/schema.org","@graph":[{"@type":"WebPage","@id":"https:\/\/sey.fi\/alahakita\/ala-hakita\/yksinolo-ongelmat\/toinen-koira-kaveriksi\/","url":"https:\/\/sey.fi\/alahakita\/ala-hakita\/yksinolo-ongelmat\/toinen-koira-kaveriksi\/","name":"Toinen koira kaveriksi? - \u00c4l\u00e4 h\u00e4kit\u00e4","isPartOf":{"@id":"https:\/\/sey.fi\/alahakita\/#website"},"datePublished":"2019-12-09T09:33:12+00:00","dateModified":"2019-12-09T09:33:13+00:00","breadcrumb":{"@id":"https:\/\/sey.fi\/alahakita\/ala-hakita\/yksinolo-ongelmat\/toinen-koira-kaveriksi\/#breadcrumb"},"inLanguage":"fi","potentialAction":[{"@type":"ReadAction","target":["https:\/\/sey.fi\/alahakita\/ala-hakita\/yksinolo-ongelmat\/toinen-koira-kaveriksi\/"]}]},{"@type":"BreadcrumbList","@id":"https:\/\/sey.fi\/alahakita\/ala-hakita\/yksinolo-ongelmat\/toinen-koira-kaveriksi\/#breadcrumb","itemListElement":[{"@type":"ListItem","position":1,"name":"Home","item":"https:\/\/sey.fi\/alahakita\/"},{"@type":"ListItem","position":2,"name":"\u00c4l\u00e4 h\u00e4kit\u00e4","item":"https:\/\/sey.fi\/alahakita\/"},{"@type":"ListItem","position":3,"name":"Yksinolo-ongelmat","item":"https:\/\/sey.fi\/alahakita\/ala-hakita\/yksinolo-ongelmat\/"},{"@type":"ListItem","position":4,"name":"Toinen koira kaveriksi?"}]},{"@type":"WebSite","@id":"https:\/\/sey.fi\/alahakita\/#website","url":"https:\/\/sey.fi\/alahakita\/","name":"\u00c4l\u00e4 h\u00e4kit\u00e4","description":"Uusi SEY J\u00e4senyhdistykset -sivusto","potentialAction":[{"@type":"SearchAction","target":{"@type":"EntryPoint","urlTemplate":"https:\/\/sey.fi\/alahakita\/?s={search_term_string}"},"query-input":{"@type":"PropertyValueSpecification","valueRequired":true,"valueName":"search_term_string"}}],"inLanguage":"fi"}]}},"_links":{"self":[{"href":"https:\/\/sey.fi\/alahakita\/wp-json\/wp\/v2\/pages\/150","targetHints":{"allow":["GET"]}}],"collection":[{"href":"https:\/\/sey.fi\/alahakita\/wp-json\/wp\/v2\/pages"}],"about":[{"href":"https:\/\/sey.fi\/alahakita\/wp-json\/wp\/v2\/types\/page"}],"author":[{"embeddable":true,"href":"https:\/\/sey.fi\/alahakita\/wp-json\/wp\/v2\/users\/8"}],"replies":[{"embeddable":true,"href":"https:\/\/sey.fi\/alahakita\/wp-json\/wp\/v2\/comments?post=150"}],"version-history":[{"count":1,"href":"https:\/\/sey.fi\/alahakita\/wp-json\/wp\/v2\/pages\/150\/revisions"}],"predecessor-version":[{"id":151,"href":"https:\/\/sey.fi\/alahakita\/wp-json\/wp\/v2\/pages\/150\/revisions\/151"}],"up":[{"embeddable":true,"href":"https:\/\/sey.fi\/alahakita\/wp-json\/wp\/v2\/pages\/123"}],"wp:attachment":[{"href":"https:\/\/sey.fi\/alahakita\/wp-json\/wp\/v2\/media?parent=150"}],"curies":[{"name":"wp","href":"https:\/\/api.w.org\/{rel}","templated":true}]}}