{"id":152,"date":"2019-12-09T11:33:54","date_gmt":"2019-12-09T09:33:54","guid":{"rendered":"http:\/\/srvr10.xetpoint.com\/~seyfi\/alahakita\/?page_id=152"},"modified":"2019-12-09T11:33:56","modified_gmt":"2019-12-09T09:33:56","slug":"rauhoittavat-valmisteet","status":"publish","type":"page","link":"https:\/\/sey.fi\/alahakita\/ala-hakita\/yksinolo-ongelmat\/rauhoittavat-valmisteet\/","title":{"rendered":"Rauhoittavat valmisteet"},"content":{"rendered":"\n<p>Muutamat luontaistuotteet voivat tukea yksinoloharjoittelua tasoittamalla koiran mielt\u00e4 kevyesti.<\/p>\n\n\n\n<p>Er\u00e4s suosituimmista keinoista on D.A.P.-haihdutin. D.A.P. \n-feromonivalmiste on synteettinen vastine feromonille, jota imett\u00e4v\u00e4 \nnarttu eritt\u00e4\u00e4 nisien v\u00e4lisen ihon talirauhasista pentujen ensimm\u00e4isten \nelinviikkojen aikana. Tyynnytt\u00e4v\u00e4n feromonin tarkoituksena on taata \npentujen mahdollisimman suotuisa alkukehitys ja tukea niiden ensimm\u00e4isi\u00e4\n yrityksi\u00e4 tutustua ymp\u00e4r\u00f6iv\u00e4\u00e4n maailmaan. Koiraa tyynnytt\u00e4v\u00e4ll\u00e4 \nferomonilla on uusien asioiden pelkoa v\u00e4hent\u00e4v\u00e4 vaikutus, joka s\u00e4ilyy \naikuisella koiralla.<\/p>\n\n\n\n<p>Toinen usein k\u00e4ytetty tuote on Serene UM -valmiste, joka sis\u00e4lt\u00e4\u00e4 serotoniinin esiastetta.<\/p>\n\n\n\n<p>Molempia tuotteita saa el\u00e4inl\u00e4\u00e4k\u00e4riasemilta, apteekeista ja el\u00e4inkaupoista.<\/p>\n\n\n\n<p>Jos edes helppoja ja lyhyit\u00e4 yksinoloharjoituksia ei pystyt\u00e4 tekem\u00e4\u00e4n\n ilman, ett\u00e4 koira menee heti paniikkiin, voidaan harkita my\u00f6s \nvarsinaisen l\u00e4\u00e4kekuurin aloitusta. N\u00e4iss\u00e4 tapauksissa tulee aina k\u00e4\u00e4nty\u00e4\n k\u00e4ytt\u00e4ytymisongelmiin perehtyneen el\u00e4inl\u00e4\u00e4k\u00e4rin puoleen. Ahdistusta \nlievent\u00e4vi\u00e4 ja mielialal\u00e4\u00e4kkeit\u00e4 koirille on jo markkinoilla. \nL\u00e4\u00e4kitykseen tulee kuitenkin aina yhdist\u00e4\u00e4 suunnitelmallinen \nyksinoloharjoittelu, sill\u00e4 l\u00e4\u00e4ke yksin\u00e4\u00e4n ei koskaan poista itse \nongelmaa.<\/p>\n","protected":false},"excerpt":{"rendered":"<p>Muutamat luontaistuotteet voivat tukea yksinoloharjoittelua tasoittamalla koiran mielt\u00e4 kevyesti. Er\u00e4s suosituimmista keinoista on D.A.P.-haihdutin. D.A.P. -feromonivalmiste on synteettinen vastine feromonille, jota imett\u00e4v\u00e4 narttu eritt\u00e4\u00e4 nisien v\u00e4lisen ihon talirauhasista pentujen ensimm\u00e4isten elinviikkojen aikana. Tyynnytt\u00e4v\u00e4n feromonin tarkoituksena on taata pentujen mahdollisimman suotuisa alkukehitys ja tukea niiden ensimm\u00e4isi\u00e4 yrityksi\u00e4 tutustua ymp\u00e4r\u00f6iv\u00e4\u00e4n maailmaan. Koiraa tyynnytt\u00e4v\u00e4ll\u00e4 feromonilla on uusien asioiden [&hellip;]<\/p>\n","protected":false},"author":8,"featured_media":0,"parent":123,"menu_order":0,"comment_status":"closed","ping_status":"closed","template":"","meta":{"_acf_changed":false,"footnotes":""},"class_list":["post-152","page","type-page","status-publish","hentry"],"acf":[],"yoast_head":"<!-- This site is optimized with the Yoast SEO plugin v27.1.1 - https:\/\/yoast.com\/product\/yoast-seo-wordpress\/ -->\n<title>Rauhoittavat valmisteet - \u00c4l\u00e4 h\u00e4kit\u00e4<\/title>\n<meta name=\"robots\" content=\"index, follow, max-snippet:-1, max-image-preview:large, max-video-preview:-1\" \/>\n<link rel=\"canonical\" href=\"https:\/\/sey.fi\/alahakita\/ala-hakita\/yksinolo-ongelmat\/rauhoittavat-valmisteet\/\" \/>\n<meta property=\"og:locale\" content=\"fi_FI\" \/>\n<meta property=\"og:type\" content=\"article\" \/>\n<meta property=\"og:title\" content=\"Rauhoittavat valmisteet - \u00c4l\u00e4 h\u00e4kit\u00e4\" \/>\n<meta property=\"og:description\" content=\"Muutamat luontaistuotteet voivat tukea yksinoloharjoittelua tasoittamalla koiran mielt\u00e4 kevyesti. Er\u00e4s suosituimmista keinoista on D.A.P.-haihdutin. D.A.P. -feromonivalmiste on synteettinen vastine feromonille, jota imett\u00e4v\u00e4 narttu eritt\u00e4\u00e4 nisien v\u00e4lisen ihon talirauhasista pentujen ensimm\u00e4isten elinviikkojen aikana. Tyynnytt\u00e4v\u00e4n feromonin tarkoituksena on taata pentujen mahdollisimman suotuisa alkukehitys ja tukea niiden ensimm\u00e4isi\u00e4 yrityksi\u00e4 tutustua ymp\u00e4r\u00f6iv\u00e4\u00e4n maailmaan. Koiraa tyynnytt\u00e4v\u00e4ll\u00e4 feromonilla on uusien asioiden [&hellip;]\" \/>\n<meta property=\"og:url\" content=\"https:\/\/sey.fi\/alahakita\/ala-hakita\/yksinolo-ongelmat\/rauhoittavat-valmisteet\/\" \/>\n<meta property=\"og:site_name\" content=\"\u00c4l\u00e4 h\u00e4kit\u00e4\" \/>\n<meta property=\"article:modified_time\" content=\"2019-12-09T09:33:56+00:00\" \/>\n<meta name=\"twitter:card\" content=\"summary_large_image\" \/>\n<meta name=\"twitter:label1\" content=\"Arvioitu lukuaika\" \/>\n\t<meta name=\"twitter:data1\" content=\"1 minuutti\" \/>\n<script type=\"application\/ld+json\" class=\"yoast-schema-graph\">{\"@context\":\"https:\/\/schema.org\",\"@graph\":[{\"@type\":\"WebPage\",\"@id\":\"https:\/\/sey.fi\/alahakita\/ala-hakita\/yksinolo-ongelmat\/rauhoittavat-valmisteet\/\",\"url\":\"https:\/\/sey.fi\/alahakita\/ala-hakita\/yksinolo-ongelmat\/rauhoittavat-valmisteet\/\",\"name\":\"Rauhoittavat valmisteet - \u00c4l\u00e4 h\u00e4kit\u00e4\",\"isPartOf\":{\"@id\":\"https:\/\/sey.fi\/alahakita\/#website\"},\"datePublished\":\"2019-12-09T09:33:54+00:00\",\"dateModified\":\"2019-12-09T09:33:56+00:00\",\"breadcrumb\":{\"@id\":\"https:\/\/sey.fi\/alahakita\/ala-hakita\/yksinolo-ongelmat\/rauhoittavat-valmisteet\/#breadcrumb\"},\"inLanguage\":\"fi\",\"potentialAction\":[{\"@type\":\"ReadAction\",\"target\":[\"https:\/\/sey.fi\/alahakita\/ala-hakita\/yksinolo-ongelmat\/rauhoittavat-valmisteet\/\"]}]},{\"@type\":\"BreadcrumbList\",\"@id\":\"https:\/\/sey.fi\/alahakita\/ala-hakita\/yksinolo-ongelmat\/rauhoittavat-valmisteet\/#breadcrumb\",\"itemListElement\":[{\"@type\":\"ListItem\",\"position\":1,\"name\":\"Home\",\"item\":\"https:\/\/sey.fi\/alahakita\/\"},{\"@type\":\"ListItem\",\"position\":2,\"name\":\"\u00c4l\u00e4 h\u00e4kit\u00e4\",\"item\":\"https:\/\/sey.fi\/alahakita\/\"},{\"@type\":\"ListItem\",\"position\":3,\"name\":\"Yksinolo-ongelmat\",\"item\":\"https:\/\/sey.fi\/alahakita\/ala-hakita\/yksinolo-ongelmat\/\"},{\"@type\":\"ListItem\",\"position\":4,\"name\":\"Rauhoittavat valmisteet\"}]},{\"@type\":\"WebSite\",\"@id\":\"https:\/\/sey.fi\/alahakita\/#website\",\"url\":\"https:\/\/sey.fi\/alahakita\/\",\"name\":\"\u00c4l\u00e4 h\u00e4kit\u00e4\",\"description\":\"Uusi SEY J\u00e4senyhdistykset -sivusto\",\"potentialAction\":[{\"@type\":\"SearchAction\",\"target\":{\"@type\":\"EntryPoint\",\"urlTemplate\":\"https:\/\/sey.fi\/alahakita\/?s={search_term_string}\"},\"query-input\":{\"@type\":\"PropertyValueSpecification\",\"valueRequired\":true,\"valueName\":\"search_term_string\"}}],\"inLanguage\":\"fi\"}]}<\/script>\n<!-- \/ Yoast SEO plugin. -->","yoast_head_json":{"title":"Rauhoittavat valmisteet - \u00c4l\u00e4 h\u00e4kit\u00e4","robots":{"index":"index","follow":"follow","max-snippet":"max-snippet:-1","max-image-preview":"max-image-preview:large","max-video-preview":"max-video-preview:-1"},"canonical":"https:\/\/sey.fi\/alahakita\/ala-hakita\/yksinolo-ongelmat\/rauhoittavat-valmisteet\/","og_locale":"fi_FI","og_type":"article","og_title":"Rauhoittavat valmisteet - \u00c4l\u00e4 h\u00e4kit\u00e4","og_description":"Muutamat luontaistuotteet voivat tukea yksinoloharjoittelua tasoittamalla koiran mielt\u00e4 kevyesti. Er\u00e4s suosituimmista keinoista on D.A.P.-haihdutin. D.A.P. -feromonivalmiste on synteettinen vastine feromonille, jota imett\u00e4v\u00e4 narttu eritt\u00e4\u00e4 nisien v\u00e4lisen ihon talirauhasista pentujen ensimm\u00e4isten elinviikkojen aikana. Tyynnytt\u00e4v\u00e4n feromonin tarkoituksena on taata pentujen mahdollisimman suotuisa alkukehitys ja tukea niiden ensimm\u00e4isi\u00e4 yrityksi\u00e4 tutustua ymp\u00e4r\u00f6iv\u00e4\u00e4n maailmaan. Koiraa tyynnytt\u00e4v\u00e4ll\u00e4 feromonilla on uusien asioiden [&hellip;]","og_url":"https:\/\/sey.fi\/alahakita\/ala-hakita\/yksinolo-ongelmat\/rauhoittavat-valmisteet\/","og_site_name":"\u00c4l\u00e4 h\u00e4kit\u00e4","article_modified_time":"2019-12-09T09:33:56+00:00","twitter_card":"summary_large_image","twitter_misc":{"Arvioitu lukuaika":"1 minuutti"},"schema":{"@context":"https:\/\/schema.org","@graph":[{"@type":"WebPage","@id":"https:\/\/sey.fi\/alahakita\/ala-hakita\/yksinolo-ongelmat\/rauhoittavat-valmisteet\/","url":"https:\/\/sey.fi\/alahakita\/ala-hakita\/yksinolo-ongelmat\/rauhoittavat-valmisteet\/","name":"Rauhoittavat valmisteet - \u00c4l\u00e4 h\u00e4kit\u00e4","isPartOf":{"@id":"https:\/\/sey.fi\/alahakita\/#website"},"datePublished":"2019-12-09T09:33:54+00:00","dateModified":"2019-12-09T09:33:56+00:00","breadcrumb":{"@id":"https:\/\/sey.fi\/alahakita\/ala-hakita\/yksinolo-ongelmat\/rauhoittavat-valmisteet\/#breadcrumb"},"inLanguage":"fi","potentialAction":[{"@type":"ReadAction","target":["https:\/\/sey.fi\/alahakita\/ala-hakita\/yksinolo-ongelmat\/rauhoittavat-valmisteet\/"]}]},{"@type":"BreadcrumbList","@id":"https:\/\/sey.fi\/alahakita\/ala-hakita\/yksinolo-ongelmat\/rauhoittavat-valmisteet\/#breadcrumb","itemListElement":[{"@type":"ListItem","position":1,"name":"Home","item":"https:\/\/sey.fi\/alahakita\/"},{"@type":"ListItem","position":2,"name":"\u00c4l\u00e4 h\u00e4kit\u00e4","item":"https:\/\/sey.fi\/alahakita\/"},{"@type":"ListItem","position":3,"name":"Yksinolo-ongelmat","item":"https:\/\/sey.fi\/alahakita\/ala-hakita\/yksinolo-ongelmat\/"},{"@type":"ListItem","position":4,"name":"Rauhoittavat valmisteet"}]},{"@type":"WebSite","@id":"https:\/\/sey.fi\/alahakita\/#website","url":"https:\/\/sey.fi\/alahakita\/","name":"\u00c4l\u00e4 h\u00e4kit\u00e4","description":"Uusi SEY J\u00e4senyhdistykset -sivusto","potentialAction":[{"@type":"SearchAction","target":{"@type":"EntryPoint","urlTemplate":"https:\/\/sey.fi\/alahakita\/?s={search_term_string}"},"query-input":{"@type":"PropertyValueSpecification","valueRequired":true,"valueName":"search_term_string"}}],"inLanguage":"fi"}]}},"_links":{"self":[{"href":"https:\/\/sey.fi\/alahakita\/wp-json\/wp\/v2\/pages\/152","targetHints":{"allow":["GET"]}}],"collection":[{"href":"https:\/\/sey.fi\/alahakita\/wp-json\/wp\/v2\/pages"}],"about":[{"href":"https:\/\/sey.fi\/alahakita\/wp-json\/wp\/v2\/types\/page"}],"author":[{"embeddable":true,"href":"https:\/\/sey.fi\/alahakita\/wp-json\/wp\/v2\/users\/8"}],"replies":[{"embeddable":true,"href":"https:\/\/sey.fi\/alahakita\/wp-json\/wp\/v2\/comments?post=152"}],"version-history":[{"count":1,"href":"https:\/\/sey.fi\/alahakita\/wp-json\/wp\/v2\/pages\/152\/revisions"}],"predecessor-version":[{"id":153,"href":"https:\/\/sey.fi\/alahakita\/wp-json\/wp\/v2\/pages\/152\/revisions\/153"}],"up":[{"embeddable":true,"href":"https:\/\/sey.fi\/alahakita\/wp-json\/wp\/v2\/pages\/123"}],"wp:attachment":[{"href":"https:\/\/sey.fi\/alahakita\/wp-json\/wp\/v2\/media?parent=152"}],"curies":[{"name":"wp","href":"https:\/\/api.w.org\/{rel}","templated":true}]}}