{"id":154,"date":"2019-12-09T11:35:31","date_gmt":"2019-12-09T09:35:31","guid":{"rendered":"http:\/\/srvr10.xetpoint.com\/~seyfi\/alahakita\/?page_id=154"},"modified":"2019-12-09T11:35:33","modified_gmt":"2019-12-09T09:35:33","slug":"tarina-vaikeasta-eroahdistuksesta","status":"publish","type":"page","link":"https:\/\/sey.fi\/alahakita\/ala-hakita\/yksinolo-ongelmat\/tarina-vaikeasta-eroahdistuksesta\/","title":{"rendered":"Tarina vaikeasta eroahdistuksesta"},"content":{"rendered":"\n<p><em>Teksti ja kuva : Laura Uotila<\/em><\/p>\n\n\n\n<div class=\"wp-block-image\"><figure class=\"alignright\"><img decoding=\"async\" src=\"http:\/\/alahakita.fi\/images\/sisu1_laura_uotila.jpg\" alt=\"\" \/><\/figure><\/div>\n\n\n\n<p>Vajaa viisi vuotta sitten luokseni muutti Sisu-koira, silloin noin \nkolmevuotias, keskikokoinen, leikattu monirotuinen uroskoira. Koiran \nmenneisyys oli rankka, se oli joutunut el\u00e4m\u00e4\u00e4n ensimm\u00e4isen elinvuotensa \nkerrostalon parvekkeella kaiteeseen sidottuna, kuonokoppa p\u00e4\u00e4ss\u00e4. \nValtavat ulostekasat kertoivat, ett\u00e4 ulkoilutus oli ollut hyvin \nharvinaista herkkua. Kuonokoppaa oli k\u00e4ytetty ilmeisesti siksi, ett\u00e4 \nkoira ei pystyisi puolustautumaan, kun perheen is\u00e4 k\u00e4vi hakkaamassa ja \npotkimassa pentua. Kun Sisu viimein noin vuoden i\u00e4ss\u00e4 huostaan otettiin \nperheest\u00e4, pelk\u00e4si se ihmisi\u00e4 niin paljon, ett\u00e4 moneen viikkoon kukaan \nei saanut siihen l\u00f6yt\u00f6el\u00e4intalolla koskea. Mutta kun luottamus lopulta \nsaavutettiin, alkoi siit\u00e4 kuoriutua j\u00e4lleen normaali, el\u00e4m\u00e4niloinen \nnuori koira.<\/p>\n\n\n\n<p>Ongelmaksi kuitenkin osoittautui se, ett\u00e4 eristettyn\u00e4 kasvaminen oli \naiheuttanut vaikeat yksinoloon liittyv\u00e4t traumat Sisulle. Ensimm\u00e4isess\u00e4 \nuudessa kodissaan se ehti olla puoli vuotta, koska omistaja pystyi \npit\u00e4m\u00e4\u00e4n sit\u00e4 aluksi mukanaan ty\u00f6ss\u00e4\u00e4n. Ty\u00f6paikan vaihduttua ei koira \nvoinut en\u00e4\u00e4 kulkea mukana, ja seuraus oli se, ett\u00e4 asunto oli ty\u00f6p\u00e4iv\u00e4n\u00e4\n j\u00e4lkeen kuin h\u00e4vityksen j\u00e4ljilt\u00e4. Koira palautettiin l\u00f6yt\u00f6el\u00e4intalolle.<\/p>\n\n\n\n<p>Kun uutta kotia ei tuntunut l\u00f6ytyv\u00e4n Sisulle mill\u00e4\u00e4n, p\u00e4\u00e4dyin lopulta\n siihen ratkaisuun, ett\u00e4 tarjosin koiralle kodin. Sit\u00e4 ennen luin kaiken\n k\u00e4siini saamani tiedon eroahdistuksen hoidosta. P\u00e4\u00e4dyin ratkaisuun, \njossa koiralle aloitettiin Clomicalm-kuuri jo ennen muuttoa, jotta \nyksinoloharjoitukset pystytt\u00e4isiin edes aloittamaan. Annostus pidettiin \nkuitenkin matalana.<\/p>\n\n\n\n<p>&nbsp;Sisu hermostui voimakkaasti heti, kun se huomasi minun edes \nliikkuvan ulko-ovea kohti. Siksi aloitimmekin n\u00e4kyvist\u00e4 poistumisen \nharjoittelun ensin ulkona. Ensin opetin sille perinteisen \npaikallapysymisen istumassa, asteittain pident\u00e4en aikaa niin, ett\u00e4 \nlopulta k\u00e4v\u00e4isin esimerkiksi ison puun takana, palaten kuitenkin aina \nheti takaisin. Sis\u00e4tiloissa harjoittelu rajoittui siihen, ett\u00e4 Sisu ei \np\u00e4\u00e4ssyt seuraamaan minua jatkuvasti asunnossa, ja my\u00f6s y\u00f6t se nukkui eri\n huoneessa.<\/p>\n\n\n\n<p>Kun rauhallisesti odottaminen sujui ulkona, aloimme harjoitella \nsis\u00e4ll\u00e4 niin, ett\u00e4 poistuin ensin sekunniksi eteisen sis\u00e4oven taakse. \nSitten kahdeksi sekunniksi, viideksi sekunniksi jne. T\u00e4rke\u00e4\u00e4 \nharjoittelussa oli kuitenkin se, ett\u00e4 aikaa ei pidennetty jatkuvasti. \nHarjoitukset tuli pit\u00e4\u00e4 sellaisina, ett\u00e4 v\u00e4lill\u00e4 poistuminen kestikin \nvain viisi sekuntia, vaikka olisimmekin p\u00e4\u00e4sseet jo puoleen minuuttiin \nrauhallisessa odottamisessa. Sis\u00e4oven j\u00e4lkeen siirryin harjoittelemaan \nulko-ovesta poistumista samalla systeemill\u00e4.<\/p>\n\n\n\n<p>Noin kahden viikon harjoittelun j\u00e4lkeen olimme pisteess\u00e4, jossa Sisu \nkesti parin tunnin yksinolon ilman paniikkia \u2013 ulvomista, haukkumista ja\n ulko-ovesta uloskaivautumisyrityksi\u00e4. Siltikin se tarvitsi aina jotain \nsallitua puuhastelua yksinolon alkuhetkiksi, jotta poistumiseni \naiheuttama levottomuus ei muuttunut paniikiksi. Meille paras ratkaisu on\n pakastettu Kong-lelu, joka on t\u00e4ytetty esimerkiksi maksalaatikolla. \nToinen ratkaiseva tekij\u00e4 on toinen koirani \u2013 ilman sen turvallisuutta \nluovaa seuraa ei Sisun yksinolo onnistu lainkaan.<\/p>\n\n\n\n<p>Sisun eroahdistus on valitettavasti niin paha ja syyt siihen l\u00f6ytyv\u00e4t\n niin pitk\u00e4lt\u00e4 pentuajan ja nuoruusi\u00e4n kasvuolosuhteista, ett\u00e4 \nt\u00e4ydellisen rauhallisesti sit\u00e4 tuskin koskaan saa suhtautumaan \nyksinj\u00e4\u00e4miseen. Tutussa kodissa se kuitenkin onnistuu, kunhan poistun \nasunnosta riitt\u00e4v\u00e4n rauhassa ja j\u00e4t\u00e4n koirille esimerkiksi pakastetut \nKongit tai aidot naudanluut j\u00e4rsitt\u00e4viksi. Eroahdistusta ei siis aina \nsaa pois, mutta jonkinlaiseen hallintaan saaminen onnistuu yleens\u00e4 \nsitke\u00e4ll\u00e4 harjoittelulla. P\u00e4\u00e4asiana pidin aina, ett\u00e4 koira pysyy \nrauhallisena. Jos levottomuutta alkoi esiinty\u00e4, olimme edenneet liian \nnopeasti ja harjoituksia tuli taas helpottaa. Mutta onneksi tilanne on \nnyky\u00e4\u00e4n se, ett\u00e4 ty\u00f6p\u00e4iv\u00e4nkin mittainen yksinolo onnistuu ilman pahempaa\n metel\u00f6inti\u00e4 tai ovesta ulos kaivautumisen yrityksi\u00e4.<\/p>\n","protected":false},"excerpt":{"rendered":"<p>Teksti ja kuva : Laura Uotila Vajaa viisi vuotta sitten luokseni muutti Sisu-koira, silloin noin kolmevuotias, keskikokoinen, leikattu monirotuinen uroskoira. Koiran menneisyys oli rankka, se oli joutunut el\u00e4m\u00e4\u00e4n ensimm\u00e4isen elinvuotensa kerrostalon parvekkeella kaiteeseen sidottuna, kuonokoppa p\u00e4\u00e4ss\u00e4. Valtavat ulostekasat kertoivat, ett\u00e4 ulkoilutus oli ollut hyvin harvinaista herkkua. Kuonokoppaa oli k\u00e4ytetty ilmeisesti siksi, ett\u00e4 koira ei pystyisi [&hellip;]<\/p>\n","protected":false},"author":8,"featured_media":0,"parent":123,"menu_order":0,"comment_status":"closed","ping_status":"closed","template":"","meta":{"_acf_changed":false,"footnotes":""},"class_list":["post-154","page","type-page","status-publish","hentry"],"acf":[],"yoast_head":"<!-- This site is optimized with the Yoast SEO plugin v27.1.1 - https:\/\/yoast.com\/product\/yoast-seo-wordpress\/ -->\n<title>Tarina vaikeasta eroahdistuksesta - \u00c4l\u00e4 h\u00e4kit\u00e4<\/title>\n<meta name=\"robots\" content=\"index, follow, max-snippet:-1, max-image-preview:large, max-video-preview:-1\" \/>\n<link rel=\"canonical\" href=\"https:\/\/sey.fi\/alahakita\/ala-hakita\/yksinolo-ongelmat\/tarina-vaikeasta-eroahdistuksesta\/\" \/>\n<meta property=\"og:locale\" content=\"fi_FI\" \/>\n<meta property=\"og:type\" content=\"article\" \/>\n<meta property=\"og:title\" content=\"Tarina vaikeasta eroahdistuksesta - \u00c4l\u00e4 h\u00e4kit\u00e4\" \/>\n<meta property=\"og:description\" content=\"Teksti ja kuva : Laura Uotila Vajaa viisi vuotta sitten luokseni muutti Sisu-koira, silloin noin kolmevuotias, keskikokoinen, leikattu monirotuinen uroskoira. Koiran menneisyys oli rankka, se oli joutunut el\u00e4m\u00e4\u00e4n ensimm\u00e4isen elinvuotensa kerrostalon parvekkeella kaiteeseen sidottuna, kuonokoppa p\u00e4\u00e4ss\u00e4. Valtavat ulostekasat kertoivat, ett\u00e4 ulkoilutus oli ollut hyvin harvinaista herkkua. Kuonokoppaa oli k\u00e4ytetty ilmeisesti siksi, ett\u00e4 koira ei pystyisi [&hellip;]\" \/>\n<meta property=\"og:url\" content=\"https:\/\/sey.fi\/alahakita\/ala-hakita\/yksinolo-ongelmat\/tarina-vaikeasta-eroahdistuksesta\/\" \/>\n<meta property=\"og:site_name\" content=\"\u00c4l\u00e4 h\u00e4kit\u00e4\" \/>\n<meta property=\"article:modified_time\" content=\"2019-12-09T09:35:33+00:00\" \/>\n<meta property=\"og:image\" content=\"http:\/\/alahakita.fi\/images\/sisu1_laura_uotila.jpg\" \/>\n<meta name=\"twitter:card\" content=\"summary_large_image\" \/>\n<meta name=\"twitter:label1\" content=\"Arvioitu lukuaika\" \/>\n\t<meta name=\"twitter:data1\" content=\"3 minuuttia\" \/>\n<script type=\"application\/ld+json\" class=\"yoast-schema-graph\">{\"@context\":\"https:\/\/schema.org\",\"@graph\":[{\"@type\":\"WebPage\",\"@id\":\"https:\/\/sey.fi\/alahakita\/ala-hakita\/yksinolo-ongelmat\/tarina-vaikeasta-eroahdistuksesta\/\",\"url\":\"https:\/\/sey.fi\/alahakita\/ala-hakita\/yksinolo-ongelmat\/tarina-vaikeasta-eroahdistuksesta\/\",\"name\":\"Tarina vaikeasta eroahdistuksesta - \u00c4l\u00e4 h\u00e4kit\u00e4\",\"isPartOf\":{\"@id\":\"https:\/\/sey.fi\/alahakita\/#website\"},\"primaryImageOfPage\":{\"@id\":\"https:\/\/sey.fi\/alahakita\/ala-hakita\/yksinolo-ongelmat\/tarina-vaikeasta-eroahdistuksesta\/#primaryimage\"},\"image\":{\"@id\":\"https:\/\/sey.fi\/alahakita\/ala-hakita\/yksinolo-ongelmat\/tarina-vaikeasta-eroahdistuksesta\/#primaryimage\"},\"thumbnailUrl\":\"http:\/\/alahakita.fi\/images\/sisu1_laura_uotila.jpg\",\"datePublished\":\"2019-12-09T09:35:31+00:00\",\"dateModified\":\"2019-12-09T09:35:33+00:00\",\"breadcrumb\":{\"@id\":\"https:\/\/sey.fi\/alahakita\/ala-hakita\/yksinolo-ongelmat\/tarina-vaikeasta-eroahdistuksesta\/#breadcrumb\"},\"inLanguage\":\"fi\",\"potentialAction\":[{\"@type\":\"ReadAction\",\"target\":[\"https:\/\/sey.fi\/alahakita\/ala-hakita\/yksinolo-ongelmat\/tarina-vaikeasta-eroahdistuksesta\/\"]}]},{\"@type\":\"ImageObject\",\"inLanguage\":\"fi\",\"@id\":\"https:\/\/sey.fi\/alahakita\/ala-hakita\/yksinolo-ongelmat\/tarina-vaikeasta-eroahdistuksesta\/#primaryimage\",\"url\":\"http:\/\/alahakita.fi\/images\/sisu1_laura_uotila.jpg\",\"contentUrl\":\"http:\/\/alahakita.fi\/images\/sisu1_laura_uotila.jpg\"},{\"@type\":\"BreadcrumbList\",\"@id\":\"https:\/\/sey.fi\/alahakita\/ala-hakita\/yksinolo-ongelmat\/tarina-vaikeasta-eroahdistuksesta\/#breadcrumb\",\"itemListElement\":[{\"@type\":\"ListItem\",\"position\":1,\"name\":\"Home\",\"item\":\"https:\/\/sey.fi\/alahakita\/\"},{\"@type\":\"ListItem\",\"position\":2,\"name\":\"\u00c4l\u00e4 h\u00e4kit\u00e4\",\"item\":\"https:\/\/sey.fi\/alahakita\/\"},{\"@type\":\"ListItem\",\"position\":3,\"name\":\"Yksinolo-ongelmat\",\"item\":\"https:\/\/sey.fi\/alahakita\/ala-hakita\/yksinolo-ongelmat\/\"},{\"@type\":\"ListItem\",\"position\":4,\"name\":\"Tarina vaikeasta eroahdistuksesta\"}]},{\"@type\":\"WebSite\",\"@id\":\"https:\/\/sey.fi\/alahakita\/#website\",\"url\":\"https:\/\/sey.fi\/alahakita\/\",\"name\":\"\u00c4l\u00e4 h\u00e4kit\u00e4\",\"description\":\"Uusi SEY J\u00e4senyhdistykset -sivusto\",\"potentialAction\":[{\"@type\":\"SearchAction\",\"target\":{\"@type\":\"EntryPoint\",\"urlTemplate\":\"https:\/\/sey.fi\/alahakita\/?s={search_term_string}\"},\"query-input\":{\"@type\":\"PropertyValueSpecification\",\"valueRequired\":true,\"valueName\":\"search_term_string\"}}],\"inLanguage\":\"fi\"}]}<\/script>\n<!-- \/ Yoast SEO plugin. -->","yoast_head_json":{"title":"Tarina vaikeasta eroahdistuksesta - \u00c4l\u00e4 h\u00e4kit\u00e4","robots":{"index":"index","follow":"follow","max-snippet":"max-snippet:-1","max-image-preview":"max-image-preview:large","max-video-preview":"max-video-preview:-1"},"canonical":"https:\/\/sey.fi\/alahakita\/ala-hakita\/yksinolo-ongelmat\/tarina-vaikeasta-eroahdistuksesta\/","og_locale":"fi_FI","og_type":"article","og_title":"Tarina vaikeasta eroahdistuksesta - \u00c4l\u00e4 h\u00e4kit\u00e4","og_description":"Teksti ja kuva : Laura Uotila Vajaa viisi vuotta sitten luokseni muutti Sisu-koira, silloin noin kolmevuotias, keskikokoinen, leikattu monirotuinen uroskoira. Koiran menneisyys oli rankka, se oli joutunut el\u00e4m\u00e4\u00e4n ensimm\u00e4isen elinvuotensa kerrostalon parvekkeella kaiteeseen sidottuna, kuonokoppa p\u00e4\u00e4ss\u00e4. Valtavat ulostekasat kertoivat, ett\u00e4 ulkoilutus oli ollut hyvin harvinaista herkkua. Kuonokoppaa oli k\u00e4ytetty ilmeisesti siksi, ett\u00e4 koira ei pystyisi [&hellip;]","og_url":"https:\/\/sey.fi\/alahakita\/ala-hakita\/yksinolo-ongelmat\/tarina-vaikeasta-eroahdistuksesta\/","og_site_name":"\u00c4l\u00e4 h\u00e4kit\u00e4","article_modified_time":"2019-12-09T09:35:33+00:00","og_image":[{"url":"http:\/\/alahakita.fi\/images\/sisu1_laura_uotila.jpg","type":"","width":"","height":""}],"twitter_card":"summary_large_image","twitter_misc":{"Arvioitu lukuaika":"3 minuuttia"},"schema":{"@context":"https:\/\/schema.org","@graph":[{"@type":"WebPage","@id":"https:\/\/sey.fi\/alahakita\/ala-hakita\/yksinolo-ongelmat\/tarina-vaikeasta-eroahdistuksesta\/","url":"https:\/\/sey.fi\/alahakita\/ala-hakita\/yksinolo-ongelmat\/tarina-vaikeasta-eroahdistuksesta\/","name":"Tarina vaikeasta eroahdistuksesta - \u00c4l\u00e4 h\u00e4kit\u00e4","isPartOf":{"@id":"https:\/\/sey.fi\/alahakita\/#website"},"primaryImageOfPage":{"@id":"https:\/\/sey.fi\/alahakita\/ala-hakita\/yksinolo-ongelmat\/tarina-vaikeasta-eroahdistuksesta\/#primaryimage"},"image":{"@id":"https:\/\/sey.fi\/alahakita\/ala-hakita\/yksinolo-ongelmat\/tarina-vaikeasta-eroahdistuksesta\/#primaryimage"},"thumbnailUrl":"http:\/\/alahakita.fi\/images\/sisu1_laura_uotila.jpg","datePublished":"2019-12-09T09:35:31+00:00","dateModified":"2019-12-09T09:35:33+00:00","breadcrumb":{"@id":"https:\/\/sey.fi\/alahakita\/ala-hakita\/yksinolo-ongelmat\/tarina-vaikeasta-eroahdistuksesta\/#breadcrumb"},"inLanguage":"fi","potentialAction":[{"@type":"ReadAction","target":["https:\/\/sey.fi\/alahakita\/ala-hakita\/yksinolo-ongelmat\/tarina-vaikeasta-eroahdistuksesta\/"]}]},{"@type":"ImageObject","inLanguage":"fi","@id":"https:\/\/sey.fi\/alahakita\/ala-hakita\/yksinolo-ongelmat\/tarina-vaikeasta-eroahdistuksesta\/#primaryimage","url":"http:\/\/alahakita.fi\/images\/sisu1_laura_uotila.jpg","contentUrl":"http:\/\/alahakita.fi\/images\/sisu1_laura_uotila.jpg"},{"@type":"BreadcrumbList","@id":"https:\/\/sey.fi\/alahakita\/ala-hakita\/yksinolo-ongelmat\/tarina-vaikeasta-eroahdistuksesta\/#breadcrumb","itemListElement":[{"@type":"ListItem","position":1,"name":"Home","item":"https:\/\/sey.fi\/alahakita\/"},{"@type":"ListItem","position":2,"name":"\u00c4l\u00e4 h\u00e4kit\u00e4","item":"https:\/\/sey.fi\/alahakita\/"},{"@type":"ListItem","position":3,"name":"Yksinolo-ongelmat","item":"https:\/\/sey.fi\/alahakita\/ala-hakita\/yksinolo-ongelmat\/"},{"@type":"ListItem","position":4,"name":"Tarina vaikeasta eroahdistuksesta"}]},{"@type":"WebSite","@id":"https:\/\/sey.fi\/alahakita\/#website","url":"https:\/\/sey.fi\/alahakita\/","name":"\u00c4l\u00e4 h\u00e4kit\u00e4","description":"Uusi SEY J\u00e4senyhdistykset -sivusto","potentialAction":[{"@type":"SearchAction","target":{"@type":"EntryPoint","urlTemplate":"https:\/\/sey.fi\/alahakita\/?s={search_term_string}"},"query-input":{"@type":"PropertyValueSpecification","valueRequired":true,"valueName":"search_term_string"}}],"inLanguage":"fi"}]}},"_links":{"self":[{"href":"https:\/\/sey.fi\/alahakita\/wp-json\/wp\/v2\/pages\/154","targetHints":{"allow":["GET"]}}],"collection":[{"href":"https:\/\/sey.fi\/alahakita\/wp-json\/wp\/v2\/pages"}],"about":[{"href":"https:\/\/sey.fi\/alahakita\/wp-json\/wp\/v2\/types\/page"}],"author":[{"embeddable":true,"href":"https:\/\/sey.fi\/alahakita\/wp-json\/wp\/v2\/users\/8"}],"replies":[{"embeddable":true,"href":"https:\/\/sey.fi\/alahakita\/wp-json\/wp\/v2\/comments?post=154"}],"version-history":[{"count":1,"href":"https:\/\/sey.fi\/alahakita\/wp-json\/wp\/v2\/pages\/154\/revisions"}],"predecessor-version":[{"id":155,"href":"https:\/\/sey.fi\/alahakita\/wp-json\/wp\/v2\/pages\/154\/revisions\/155"}],"up":[{"embeddable":true,"href":"https:\/\/sey.fi\/alahakita\/wp-json\/wp\/v2\/pages\/123"}],"wp:attachment":[{"href":"https:\/\/sey.fi\/alahakita\/wp-json\/wp\/v2\/media?parent=154"}],"curies":[{"name":"wp","href":"https:\/\/api.w.org\/{rel}","templated":true}]}}