{"id":176,"date":"2019-12-09T11:48:08","date_gmt":"2019-12-09T09:48:08","guid":{"rendered":"http:\/\/srvr10.xetpoint.com\/~seyfi\/alahakita\/?page_id=176"},"modified":"2020-01-11T10:18:10","modified_gmt":"2020-01-11T08:18:10","slug":"elainsuojeluneuvojien-kokemuksia","status":"publish","type":"page","link":"https:\/\/sey.fi\/alahakita\/elainsuojeluneuvojien-kokemuksia\/","title":{"rendered":"El\u00e4insuojeluneuvojien kokemuksia"},"content":{"rendered":"\n<h2 class=\"wp-block-heading\">Laiton h\u00e4kitys n\u00e4kyy el\u00e4insuojeluvalvonnan arjessa<\/h2>\n\n\n\n<p>SEYn vapaaehtoiset el\u00e4insuojeluneuvojat t\u00f6rm\u00e4\u00e4v\u00e4t ty\u00f6ss\u00e4\u00e4n jatkuvasti\n koirien pakkoh\u00e4kitykseen. Valitettavasti el\u00e4insuojeluviranomaisten ja \naluehallintovirastojen el\u00e4insuojeluneuvojien resurssit eiv\u00e4t riit\u00e4 \nh\u00e4kityskiellon valvontaan. Lis\u00e4ksi lainvastainen h\u00e4kitys on vaikeaa \ntodentaa. Paras keino vapauttaa koirat h\u00e4keist\u00e4 on ymm\u00e4rryksen ja tiedon\n lis\u00e4\u00e4minen, mik\u00e4 on t\u00e4m\u00e4nkin sivuston tarkoitus.<\/p>\n\n\n\n<p>Valitettavan monet luulevat, ett\u00e4 h\u00e4kitt\u00e4minen on aivan viatonta ja \nsit\u00e4 tekev\u00e4t joka tapauksessa &#8221;kaikki&#8221;. H\u00e4kitt\u00e4mist\u00e4 suositellaan \navoimesti niin keskustelupalstoilla kuin kasvattajienkin toimesta. \nSuomen lains\u00e4\u00e4d\u00e4nt\u00f6 kuitenkin yksiselitteisesti kielt\u00e4\u00e4 koiran \nh\u00e4kitt\u00e4misen. H\u00e4kitt\u00e4minen ei my\u00f6sk\u00e4\u00e4n mill\u00e4\u00e4n tavoin edist\u00e4 el\u00e4imen \nhyvinvointia, vaan aivan p\u00e4invastoin.<\/p>\n\n\n\n<p>Vaikka koiran h\u00e4kitt\u00e4minen helpottaisikin omistajan el\u00e4m\u00e4\u00e4, ei se tee\n siit\u00e4 yht\u00e4\u00e4n oikeutetumpaa. Koiran tilan rajaaminen on kuitenkin \nsallittua, jopa suositeltavaa, kunhan sen tekee el\u00e4insuojelulain \nm\u00e4\u00e4r\u00e4yksi\u00e4 noudattaen ja el\u00e4imen hyvinvoinnin varmistaen.<\/p>\n","protected":false},"excerpt":{"rendered":"<p>Laiton h\u00e4kitys n\u00e4kyy el\u00e4insuojeluvalvonnan arjessa SEYn vapaaehtoiset el\u00e4insuojeluneuvojat t\u00f6rm\u00e4\u00e4v\u00e4t ty\u00f6ss\u00e4\u00e4n jatkuvasti koirien pakkoh\u00e4kitykseen. Valitettavasti el\u00e4insuojeluviranomaisten ja aluehallintovirastojen el\u00e4insuojeluneuvojien resurssit eiv\u00e4t riit\u00e4 h\u00e4kityskiellon valvontaan. Lis\u00e4ksi lainvastainen h\u00e4kitys on vaikeaa todentaa. Paras keino vapauttaa koirat h\u00e4keist\u00e4 on ymm\u00e4rryksen ja tiedon lis\u00e4\u00e4minen, mik\u00e4 on t\u00e4m\u00e4nkin sivuston tarkoitus. Valitettavan monet luulevat, ett\u00e4 h\u00e4kitt\u00e4minen on aivan viatonta ja sit\u00e4 tekev\u00e4t [&hellip;]<\/p>\n","protected":false},"author":8,"featured_media":233,"parent":0,"menu_order":0,"comment_status":"closed","ping_status":"closed","template":"","meta":{"_acf_changed":false,"footnotes":""},"class_list":["post-176","page","type-page","status-publish","has-post-thumbnail","hentry"],"acf":[],"yoast_head":"<!-- This site is optimized with the Yoast SEO plugin v27.1.1 - https:\/\/yoast.com\/product\/yoast-seo-wordpress\/ -->\n<title>El\u00e4insuojeluneuvojien kokemuksia - \u00c4l\u00e4 h\u00e4kit\u00e4<\/title>\n<meta name=\"robots\" content=\"index, follow, max-snippet:-1, max-image-preview:large, max-video-preview:-1\" \/>\n<link rel=\"canonical\" href=\"https:\/\/sey.fi\/alahakita\/elainsuojeluneuvojien-kokemuksia\/\" \/>\n<meta property=\"og:locale\" content=\"fi_FI\" \/>\n<meta property=\"og:type\" content=\"article\" \/>\n<meta property=\"og:title\" content=\"El\u00e4insuojeluneuvojien kokemuksia - \u00c4l\u00e4 h\u00e4kit\u00e4\" \/>\n<meta property=\"og:description\" content=\"Laiton h\u00e4kitys n\u00e4kyy el\u00e4insuojeluvalvonnan arjessa SEYn vapaaehtoiset el\u00e4insuojeluneuvojat t\u00f6rm\u00e4\u00e4v\u00e4t ty\u00f6ss\u00e4\u00e4n jatkuvasti koirien pakkoh\u00e4kitykseen. Valitettavasti el\u00e4insuojeluviranomaisten ja aluehallintovirastojen el\u00e4insuojeluneuvojien resurssit eiv\u00e4t riit\u00e4 h\u00e4kityskiellon valvontaan. Lis\u00e4ksi lainvastainen h\u00e4kitys on vaikeaa todentaa. Paras keino vapauttaa koirat h\u00e4keist\u00e4 on ymm\u00e4rryksen ja tiedon lis\u00e4\u00e4minen, mik\u00e4 on t\u00e4m\u00e4nkin sivuston tarkoitus. Valitettavan monet luulevat, ett\u00e4 h\u00e4kitt\u00e4minen on aivan viatonta ja sit\u00e4 tekev\u00e4t [&hellip;]\" \/>\n<meta property=\"og:url\" content=\"https:\/\/sey.fi\/alahakita\/elainsuojeluneuvojien-kokemuksia\/\" \/>\n<meta property=\"og:site_name\" content=\"\u00c4l\u00e4 h\u00e4kit\u00e4\" \/>\n<meta property=\"article:modified_time\" content=\"2020-01-11T08:18:10+00:00\" \/>\n<meta property=\"og:image\" content=\"https:\/\/sey.fi\/wp-content\/uploads\/sites\/46\/2020\/01\/sey-alahakita-koira.jpg\" \/>\n\t<meta property=\"og:image:width\" content=\"1280\" \/>\n\t<meta property=\"og:image:height\" content=\"640\" \/>\n\t<meta property=\"og:image:type\" content=\"image\/jpeg\" \/>\n<meta name=\"twitter:card\" content=\"summary_large_image\" \/>\n<meta name=\"twitter:label1\" content=\"Arvioitu lukuaika\" \/>\n\t<meta name=\"twitter:data1\" content=\"1 minuutti\" \/>\n<script type=\"application\/ld+json\" class=\"yoast-schema-graph\">{\"@context\":\"https:\/\/schema.org\",\"@graph\":[{\"@type\":\"WebPage\",\"@id\":\"https:\/\/sey.fi\/alahakita\/elainsuojeluneuvojien-kokemuksia\/\",\"url\":\"https:\/\/sey.fi\/alahakita\/elainsuojeluneuvojien-kokemuksia\/\",\"name\":\"El\u00e4insuojeluneuvojien kokemuksia - \u00c4l\u00e4 h\u00e4kit\u00e4\",\"isPartOf\":{\"@id\":\"https:\/\/sey.fi\/alahakita\/#website\"},\"primaryImageOfPage\":{\"@id\":\"https:\/\/sey.fi\/alahakita\/elainsuojeluneuvojien-kokemuksia\/#primaryimage\"},\"image\":{\"@id\":\"https:\/\/sey.fi\/alahakita\/elainsuojeluneuvojien-kokemuksia\/#primaryimage\"},\"thumbnailUrl\":\"https:\/\/sey.fi\/wp-content\/uploads\/sites\/46\/2020\/01\/sey-alahakita-koira.jpg\",\"datePublished\":\"2019-12-09T09:48:08+00:00\",\"dateModified\":\"2020-01-11T08:18:10+00:00\",\"breadcrumb\":{\"@id\":\"https:\/\/sey.fi\/alahakita\/elainsuojeluneuvojien-kokemuksia\/#breadcrumb\"},\"inLanguage\":\"fi\",\"potentialAction\":[{\"@type\":\"ReadAction\",\"target\":[\"https:\/\/sey.fi\/alahakita\/elainsuojeluneuvojien-kokemuksia\/\"]}]},{\"@type\":\"ImageObject\",\"inLanguage\":\"fi\",\"@id\":\"https:\/\/sey.fi\/alahakita\/elainsuojeluneuvojien-kokemuksia\/#primaryimage\",\"url\":\"https:\/\/sey.fi\/wp-content\/uploads\/sites\/46\/2020\/01\/sey-alahakita-koira.jpg\",\"contentUrl\":\"https:\/\/sey.fi\/wp-content\/uploads\/sites\/46\/2020\/01\/sey-alahakita-koira.jpg\",\"width\":1280,\"height\":640,\"caption\":\"Kuva: Ari Kankainen\"},{\"@type\":\"BreadcrumbList\",\"@id\":\"https:\/\/sey.fi\/alahakita\/elainsuojeluneuvojien-kokemuksia\/#breadcrumb\",\"itemListElement\":[{\"@type\":\"ListItem\",\"position\":1,\"name\":\"Home\",\"item\":\"https:\/\/sey.fi\/alahakita\/\"},{\"@type\":\"ListItem\",\"position\":2,\"name\":\"El\u00e4insuojeluneuvojien kokemuksia\"}]},{\"@type\":\"WebSite\",\"@id\":\"https:\/\/sey.fi\/alahakita\/#website\",\"url\":\"https:\/\/sey.fi\/alahakita\/\",\"name\":\"\u00c4l\u00e4 h\u00e4kit\u00e4\",\"description\":\"Uusi SEY J\u00e4senyhdistykset -sivusto\",\"potentialAction\":[{\"@type\":\"SearchAction\",\"target\":{\"@type\":\"EntryPoint\",\"urlTemplate\":\"https:\/\/sey.fi\/alahakita\/?s={search_term_string}\"},\"query-input\":{\"@type\":\"PropertyValueSpecification\",\"valueRequired\":true,\"valueName\":\"search_term_string\"}}],\"inLanguage\":\"fi\"}]}<\/script>\n<!-- \/ Yoast SEO plugin. -->","yoast_head_json":{"title":"El\u00e4insuojeluneuvojien kokemuksia - \u00c4l\u00e4 h\u00e4kit\u00e4","robots":{"index":"index","follow":"follow","max-snippet":"max-snippet:-1","max-image-preview":"max-image-preview:large","max-video-preview":"max-video-preview:-1"},"canonical":"https:\/\/sey.fi\/alahakita\/elainsuojeluneuvojien-kokemuksia\/","og_locale":"fi_FI","og_type":"article","og_title":"El\u00e4insuojeluneuvojien kokemuksia - \u00c4l\u00e4 h\u00e4kit\u00e4","og_description":"Laiton h\u00e4kitys n\u00e4kyy el\u00e4insuojeluvalvonnan arjessa SEYn vapaaehtoiset el\u00e4insuojeluneuvojat t\u00f6rm\u00e4\u00e4v\u00e4t ty\u00f6ss\u00e4\u00e4n jatkuvasti koirien pakkoh\u00e4kitykseen. Valitettavasti el\u00e4insuojeluviranomaisten ja aluehallintovirastojen el\u00e4insuojeluneuvojien resurssit eiv\u00e4t riit\u00e4 h\u00e4kityskiellon valvontaan. Lis\u00e4ksi lainvastainen h\u00e4kitys on vaikeaa todentaa. Paras keino vapauttaa koirat h\u00e4keist\u00e4 on ymm\u00e4rryksen ja tiedon lis\u00e4\u00e4minen, mik\u00e4 on t\u00e4m\u00e4nkin sivuston tarkoitus. Valitettavan monet luulevat, ett\u00e4 h\u00e4kitt\u00e4minen on aivan viatonta ja sit\u00e4 tekev\u00e4t [&hellip;]","og_url":"https:\/\/sey.fi\/alahakita\/elainsuojeluneuvojien-kokemuksia\/","og_site_name":"\u00c4l\u00e4 h\u00e4kit\u00e4","article_modified_time":"2020-01-11T08:18:10+00:00","og_image":[{"width":1280,"height":640,"url":"https:\/\/sey.fi\/wp-content\/uploads\/sites\/46\/2020\/01\/sey-alahakita-koira.jpg","type":"image\/jpeg"}],"twitter_card":"summary_large_image","twitter_misc":{"Arvioitu lukuaika":"1 minuutti"},"schema":{"@context":"https:\/\/schema.org","@graph":[{"@type":"WebPage","@id":"https:\/\/sey.fi\/alahakita\/elainsuojeluneuvojien-kokemuksia\/","url":"https:\/\/sey.fi\/alahakita\/elainsuojeluneuvojien-kokemuksia\/","name":"El\u00e4insuojeluneuvojien kokemuksia - \u00c4l\u00e4 h\u00e4kit\u00e4","isPartOf":{"@id":"https:\/\/sey.fi\/alahakita\/#website"},"primaryImageOfPage":{"@id":"https:\/\/sey.fi\/alahakita\/elainsuojeluneuvojien-kokemuksia\/#primaryimage"},"image":{"@id":"https:\/\/sey.fi\/alahakita\/elainsuojeluneuvojien-kokemuksia\/#primaryimage"},"thumbnailUrl":"https:\/\/sey.fi\/wp-content\/uploads\/sites\/46\/2020\/01\/sey-alahakita-koira.jpg","datePublished":"2019-12-09T09:48:08+00:00","dateModified":"2020-01-11T08:18:10+00:00","breadcrumb":{"@id":"https:\/\/sey.fi\/alahakita\/elainsuojeluneuvojien-kokemuksia\/#breadcrumb"},"inLanguage":"fi","potentialAction":[{"@type":"ReadAction","target":["https:\/\/sey.fi\/alahakita\/elainsuojeluneuvojien-kokemuksia\/"]}]},{"@type":"ImageObject","inLanguage":"fi","@id":"https:\/\/sey.fi\/alahakita\/elainsuojeluneuvojien-kokemuksia\/#primaryimage","url":"https:\/\/sey.fi\/wp-content\/uploads\/sites\/46\/2020\/01\/sey-alahakita-koira.jpg","contentUrl":"https:\/\/sey.fi\/wp-content\/uploads\/sites\/46\/2020\/01\/sey-alahakita-koira.jpg","width":1280,"height":640,"caption":"Kuva: Ari Kankainen"},{"@type":"BreadcrumbList","@id":"https:\/\/sey.fi\/alahakita\/elainsuojeluneuvojien-kokemuksia\/#breadcrumb","itemListElement":[{"@type":"ListItem","position":1,"name":"Home","item":"https:\/\/sey.fi\/alahakita\/"},{"@type":"ListItem","position":2,"name":"El\u00e4insuojeluneuvojien kokemuksia"}]},{"@type":"WebSite","@id":"https:\/\/sey.fi\/alahakita\/#website","url":"https:\/\/sey.fi\/alahakita\/","name":"\u00c4l\u00e4 h\u00e4kit\u00e4","description":"Uusi SEY J\u00e4senyhdistykset -sivusto","potentialAction":[{"@type":"SearchAction","target":{"@type":"EntryPoint","urlTemplate":"https:\/\/sey.fi\/alahakita\/?s={search_term_string}"},"query-input":{"@type":"PropertyValueSpecification","valueRequired":true,"valueName":"search_term_string"}}],"inLanguage":"fi"}]}},"_links":{"self":[{"href":"https:\/\/sey.fi\/alahakita\/wp-json\/wp\/v2\/pages\/176","targetHints":{"allow":["GET"]}}],"collection":[{"href":"https:\/\/sey.fi\/alahakita\/wp-json\/wp\/v2\/pages"}],"about":[{"href":"https:\/\/sey.fi\/alahakita\/wp-json\/wp\/v2\/types\/page"}],"author":[{"embeddable":true,"href":"https:\/\/sey.fi\/alahakita\/wp-json\/wp\/v2\/users\/8"}],"replies":[{"embeddable":true,"href":"https:\/\/sey.fi\/alahakita\/wp-json\/wp\/v2\/comments?post=176"}],"version-history":[{"count":1,"href":"https:\/\/sey.fi\/alahakita\/wp-json\/wp\/v2\/pages\/176\/revisions"}],"predecessor-version":[{"id":178,"href":"https:\/\/sey.fi\/alahakita\/wp-json\/wp\/v2\/pages\/176\/revisions\/178"}],"wp:featuredmedia":[{"embeddable":true,"href":"https:\/\/sey.fi\/alahakita\/wp-json\/wp\/v2\/media\/233"}],"wp:attachment":[{"href":"https:\/\/sey.fi\/alahakita\/wp-json\/wp\/v2\/media?parent=176"}],"curies":[{"name":"wp","href":"https:\/\/api.w.org\/{rel}","templated":true}]}}