{"id":179,"date":"2019-12-09T11:49:49","date_gmt":"2019-12-09T09:49:49","guid":{"rendered":"http:\/\/srvr10.xetpoint.com\/~seyfi\/alahakita\/?page_id=179"},"modified":"2020-01-11T10:18:27","modified_gmt":"2020-01-11T08:18:27","slug":"koirakasvattaja-hakittaa","status":"publish","type":"page","link":"https:\/\/sey.fi\/alahakita\/koirakasvattaja-hakittaa\/","title":{"rendered":"Koirakasvattaja h\u00e4kitt\u00e4\u00e4"},"content":{"rendered":"\n<p>&#8221;Er\u00e4s entinen koirankasvattaja keksi ottaa n\u00e4yttelyh\u00e4kit avuksi, kun \nkoiram\u00e4\u00e4r\u00e4 kasvoi ja pieni omakotitalo alkoi k\u00e4yd\u00e4 ahtaaksi. Aikuisia, \nisoja koiria taloudessa oli 9. Koirilla oli useita suuria ja hyvin \nvarusteltuja ulkotarhoja, mutta sis\u00e4ll\u00e4 ollessaan y\u00f6t tai ty\u00f6p\u00e4iv\u00e4t osa \nkoirista vietti aikansa h\u00e4kiss\u00e4. H\u00e4kit eiv\u00e4t ole edes suurimpia \nmahdollisia vaan keskikokoisia.<\/p>\n\n\n\n<p>Asiasta k\u00e4ytiin koirien omistajan kanssa keskustelua, h\u00e4n loukkaantui\n verisesti, raivosi vaan kuka on ilmoituksen tehnyt. H\u00e4n ei suostunut \nymm\u00e4rt\u00e4m\u00e4\u00e4n, ett\u00e4 lakikin kielt\u00e4\u00e4 koirien s\u00e4ilytt\u00e4misen h\u00e4kiss\u00e4. Asian \n&#8221;hoitamista&#8221; hankaloitti se, ett\u00e4 kyseinen koirien omistaja on itse \naktiivisesti mukana el\u00e4insuojeluty\u00f6ss\u00e4.<\/p>\n\n\n\n<p>Olen usein n\u00e4hnyt n\u00e4iden koirien olevan h\u00e4kiss\u00e4, siell\u00e4 ollessaan \njotkut haukkuvat taukoamatta ja ovat levottomia, toiset vain makaavat \n&#8221;apaattisina&#8221;; eiv\u00e4t kiinnit\u00e4 vieraaseen mit\u00e4\u00e4n huomiota. Omistaja \nsanoi, ett\u00e4 h\u00e4nen t\u00e4ytyy h\u00e4kkien v\u00e4liin aina muistaa tehd\u00e4 hajurakoa, \netteiv\u00e4t urokset repele toisiaan.<\/p>\n\n\n\n<p>Asian hoitaminen on viel\u00e4 kesken, koiram\u00e4\u00e4r\u00e4n tied\u00e4n taloudessa \nv\u00e4hentyneen ja n\u00e4in kes\u00e4aikaan koirat ovat enemm\u00e4n tarhoissaan ulkona.&#8221;<\/p>\n","protected":false},"excerpt":{"rendered":"<p>&#8221;Er\u00e4s entinen koirankasvattaja keksi ottaa n\u00e4yttelyh\u00e4kit avuksi, kun koiram\u00e4\u00e4r\u00e4 kasvoi ja pieni omakotitalo alkoi k\u00e4yd\u00e4 ahtaaksi. Aikuisia, isoja koiria taloudessa oli 9. Koirilla oli useita suuria ja hyvin varusteltuja ulkotarhoja, mutta sis\u00e4ll\u00e4 ollessaan y\u00f6t tai ty\u00f6p\u00e4iv\u00e4t osa koirista vietti aikansa h\u00e4kiss\u00e4. H\u00e4kit eiv\u00e4t ole edes suurimpia mahdollisia vaan keskikokoisia. Asiasta k\u00e4ytiin koirien omistajan kanssa keskustelua, [&hellip;]<\/p>\n","protected":false},"author":8,"featured_media":0,"parent":0,"menu_order":0,"comment_status":"closed","ping_status":"closed","template":"","meta":{"_acf_changed":false,"footnotes":""},"class_list":["post-179","page","type-page","status-publish","hentry"],"acf":[],"yoast_head":"<!-- This site is optimized with the Yoast SEO plugin v27.1.1 - https:\/\/yoast.com\/product\/yoast-seo-wordpress\/ -->\n<title>Koirakasvattaja h\u00e4kitt\u00e4\u00e4 - \u00c4l\u00e4 h\u00e4kit\u00e4<\/title>\n<meta name=\"robots\" content=\"index, follow, max-snippet:-1, max-image-preview:large, max-video-preview:-1\" \/>\n<link rel=\"canonical\" href=\"https:\/\/sey.fi\/alahakita\/koirakasvattaja-hakittaa\/\" \/>\n<meta property=\"og:locale\" content=\"fi_FI\" \/>\n<meta property=\"og:type\" content=\"article\" \/>\n<meta property=\"og:title\" content=\"Koirakasvattaja h\u00e4kitt\u00e4\u00e4 - \u00c4l\u00e4 h\u00e4kit\u00e4\" \/>\n<meta property=\"og:description\" content=\"&#8221;Er\u00e4s entinen koirankasvattaja keksi ottaa n\u00e4yttelyh\u00e4kit avuksi, kun koiram\u00e4\u00e4r\u00e4 kasvoi ja pieni omakotitalo alkoi k\u00e4yd\u00e4 ahtaaksi. Aikuisia, isoja koiria taloudessa oli 9. Koirilla oli useita suuria ja hyvin varusteltuja ulkotarhoja, mutta sis\u00e4ll\u00e4 ollessaan y\u00f6t tai ty\u00f6p\u00e4iv\u00e4t osa koirista vietti aikansa h\u00e4kiss\u00e4. H\u00e4kit eiv\u00e4t ole edes suurimpia mahdollisia vaan keskikokoisia. Asiasta k\u00e4ytiin koirien omistajan kanssa keskustelua, [&hellip;]\" \/>\n<meta property=\"og:url\" content=\"https:\/\/sey.fi\/alahakita\/koirakasvattaja-hakittaa\/\" \/>\n<meta property=\"og:site_name\" content=\"\u00c4l\u00e4 h\u00e4kit\u00e4\" \/>\n<meta property=\"article:modified_time\" content=\"2020-01-11T08:18:27+00:00\" \/>\n<meta name=\"twitter:card\" content=\"summary_large_image\" \/>\n<meta name=\"twitter:label1\" content=\"Arvioitu lukuaika\" \/>\n\t<meta name=\"twitter:data1\" content=\"1 minuutti\" \/>\n<script type=\"application\/ld+json\" class=\"yoast-schema-graph\">{\"@context\":\"https:\/\/schema.org\",\"@graph\":[{\"@type\":\"WebPage\",\"@id\":\"https:\/\/sey.fi\/alahakita\/koirakasvattaja-hakittaa\/\",\"url\":\"https:\/\/sey.fi\/alahakita\/koirakasvattaja-hakittaa\/\",\"name\":\"Koirakasvattaja h\u00e4kitt\u00e4\u00e4 - \u00c4l\u00e4 h\u00e4kit\u00e4\",\"isPartOf\":{\"@id\":\"https:\/\/sey.fi\/alahakita\/#website\"},\"datePublished\":\"2019-12-09T09:49:49+00:00\",\"dateModified\":\"2020-01-11T08:18:27+00:00\",\"breadcrumb\":{\"@id\":\"https:\/\/sey.fi\/alahakita\/koirakasvattaja-hakittaa\/#breadcrumb\"},\"inLanguage\":\"fi\",\"potentialAction\":[{\"@type\":\"ReadAction\",\"target\":[\"https:\/\/sey.fi\/alahakita\/koirakasvattaja-hakittaa\/\"]}]},{\"@type\":\"BreadcrumbList\",\"@id\":\"https:\/\/sey.fi\/alahakita\/koirakasvattaja-hakittaa\/#breadcrumb\",\"itemListElement\":[{\"@type\":\"ListItem\",\"position\":1,\"name\":\"Home\",\"item\":\"https:\/\/sey.fi\/alahakita\/\"},{\"@type\":\"ListItem\",\"position\":2,\"name\":\"Koirakasvattaja h\u00e4kitt\u00e4\u00e4\"}]},{\"@type\":\"WebSite\",\"@id\":\"https:\/\/sey.fi\/alahakita\/#website\",\"url\":\"https:\/\/sey.fi\/alahakita\/\",\"name\":\"\u00c4l\u00e4 h\u00e4kit\u00e4\",\"description\":\"Uusi SEY J\u00e4senyhdistykset -sivusto\",\"potentialAction\":[{\"@type\":\"SearchAction\",\"target\":{\"@type\":\"EntryPoint\",\"urlTemplate\":\"https:\/\/sey.fi\/alahakita\/?s={search_term_string}\"},\"query-input\":{\"@type\":\"PropertyValueSpecification\",\"valueRequired\":true,\"valueName\":\"search_term_string\"}}],\"inLanguage\":\"fi\"}]}<\/script>\n<!-- \/ Yoast SEO plugin. -->","yoast_head_json":{"title":"Koirakasvattaja h\u00e4kitt\u00e4\u00e4 - \u00c4l\u00e4 h\u00e4kit\u00e4","robots":{"index":"index","follow":"follow","max-snippet":"max-snippet:-1","max-image-preview":"max-image-preview:large","max-video-preview":"max-video-preview:-1"},"canonical":"https:\/\/sey.fi\/alahakita\/koirakasvattaja-hakittaa\/","og_locale":"fi_FI","og_type":"article","og_title":"Koirakasvattaja h\u00e4kitt\u00e4\u00e4 - \u00c4l\u00e4 h\u00e4kit\u00e4","og_description":"&#8221;Er\u00e4s entinen koirankasvattaja keksi ottaa n\u00e4yttelyh\u00e4kit avuksi, kun koiram\u00e4\u00e4r\u00e4 kasvoi ja pieni omakotitalo alkoi k\u00e4yd\u00e4 ahtaaksi. Aikuisia, isoja koiria taloudessa oli 9. Koirilla oli useita suuria ja hyvin varusteltuja ulkotarhoja, mutta sis\u00e4ll\u00e4 ollessaan y\u00f6t tai ty\u00f6p\u00e4iv\u00e4t osa koirista vietti aikansa h\u00e4kiss\u00e4. H\u00e4kit eiv\u00e4t ole edes suurimpia mahdollisia vaan keskikokoisia. Asiasta k\u00e4ytiin koirien omistajan kanssa keskustelua, [&hellip;]","og_url":"https:\/\/sey.fi\/alahakita\/koirakasvattaja-hakittaa\/","og_site_name":"\u00c4l\u00e4 h\u00e4kit\u00e4","article_modified_time":"2020-01-11T08:18:27+00:00","twitter_card":"summary_large_image","twitter_misc":{"Arvioitu lukuaika":"1 minuutti"},"schema":{"@context":"https:\/\/schema.org","@graph":[{"@type":"WebPage","@id":"https:\/\/sey.fi\/alahakita\/koirakasvattaja-hakittaa\/","url":"https:\/\/sey.fi\/alahakita\/koirakasvattaja-hakittaa\/","name":"Koirakasvattaja h\u00e4kitt\u00e4\u00e4 - \u00c4l\u00e4 h\u00e4kit\u00e4","isPartOf":{"@id":"https:\/\/sey.fi\/alahakita\/#website"},"datePublished":"2019-12-09T09:49:49+00:00","dateModified":"2020-01-11T08:18:27+00:00","breadcrumb":{"@id":"https:\/\/sey.fi\/alahakita\/koirakasvattaja-hakittaa\/#breadcrumb"},"inLanguage":"fi","potentialAction":[{"@type":"ReadAction","target":["https:\/\/sey.fi\/alahakita\/koirakasvattaja-hakittaa\/"]}]},{"@type":"BreadcrumbList","@id":"https:\/\/sey.fi\/alahakita\/koirakasvattaja-hakittaa\/#breadcrumb","itemListElement":[{"@type":"ListItem","position":1,"name":"Home","item":"https:\/\/sey.fi\/alahakita\/"},{"@type":"ListItem","position":2,"name":"Koirakasvattaja h\u00e4kitt\u00e4\u00e4"}]},{"@type":"WebSite","@id":"https:\/\/sey.fi\/alahakita\/#website","url":"https:\/\/sey.fi\/alahakita\/","name":"\u00c4l\u00e4 h\u00e4kit\u00e4","description":"Uusi SEY J\u00e4senyhdistykset -sivusto","potentialAction":[{"@type":"SearchAction","target":{"@type":"EntryPoint","urlTemplate":"https:\/\/sey.fi\/alahakita\/?s={search_term_string}"},"query-input":{"@type":"PropertyValueSpecification","valueRequired":true,"valueName":"search_term_string"}}],"inLanguage":"fi"}]}},"_links":{"self":[{"href":"https:\/\/sey.fi\/alahakita\/wp-json\/wp\/v2\/pages\/179","targetHints":{"allow":["GET"]}}],"collection":[{"href":"https:\/\/sey.fi\/alahakita\/wp-json\/wp\/v2\/pages"}],"about":[{"href":"https:\/\/sey.fi\/alahakita\/wp-json\/wp\/v2\/types\/page"}],"author":[{"embeddable":true,"href":"https:\/\/sey.fi\/alahakita\/wp-json\/wp\/v2\/users\/8"}],"replies":[{"embeddable":true,"href":"https:\/\/sey.fi\/alahakita\/wp-json\/wp\/v2\/comments?post=179"}],"version-history":[{"count":1,"href":"https:\/\/sey.fi\/alahakita\/wp-json\/wp\/v2\/pages\/179\/revisions"}],"predecessor-version":[{"id":180,"href":"https:\/\/sey.fi\/alahakita\/wp-json\/wp\/v2\/pages\/179\/revisions\/180"}],"wp:attachment":[{"href":"https:\/\/sey.fi\/alahakita\/wp-json\/wp\/v2\/media?parent=179"}],"curies":[{"name":"wp","href":"https:\/\/api.w.org\/{rel}","templated":true}]}}