{"id":185,"date":"2019-12-09T11:51:55","date_gmt":"2019-12-09T09:51:55","guid":{"rendered":"http:\/\/srvr10.xetpoint.com\/~seyfi\/alahakita\/?page_id=185"},"modified":"2020-01-11T10:20:17","modified_gmt":"2020-01-11T08:20:17","slug":"tuore-neuvoja-kertoo","status":"publish","type":"page","link":"https:\/\/sey.fi\/alahakita\/tuore-neuvoja-kertoo\/","title":{"rendered":"Tuore neuvoja kertoo"},"content":{"rendered":"\n<p>&#8221;Olen nyt t\u00f6rm\u00e4nnyt jo kahdessa paikassa tuohon h\u00e4kitykseen.<\/p>\n\n\n\n<p>Toinen h\u00e4kitti koiriaan, isoja ja pieni\u00e4 (n\u00f6ffi ja m\u00e4yriksi\u00e4, \nestrellaa, kelpiet\u00e4) sekaisin kahdessa pienehk\u00f6ss\u00e4 h\u00e4kiss\u00e4. Tarkastusta \ntehdess\u00e4 ket\u00e4\u00e4n koirista ei ollut h\u00e4kiss\u00e4, MUTTA n\u00e4in, ett\u00e4 siell\u00e4 oli \njotain ryysyj\u00e4 h\u00e4kin pohjalla.<\/p>\n\n\n\n<p>Koirista ainakin kaksi olivat hyvinkin arkoja, juuri sellasia joita \nh\u00e4kkikoirista tuleekin, eristettyn\u00e4 makuuhuoneeseen kaikista el\u00e4m\u00e4st\u00e4.<\/p>\n\n\n\n<p>Olen vienyt asiaa eteenp\u00e4in.<\/p>\n\n\n\n<p>Toinen on paikkakunnalla arvostettu kasvattaja jolla on iso maatila. \nH\u00e4nell\u00e4 on vajaan 100 neli\u00f6n huoneessa kymmenkunta h\u00e4kki\u00e4, joissa \nm\u00e4yr\u00e4koirat el\u00e4\u00e4 ja tekee pentuja.T\u00e4m\u00e4nkin asian vein eteenp\u00e4in.<\/p>\n\n\n\n<p>Koirat eiv\u00e4t p\u00e4\u00e4se liikkumaan (kukas siell\u00e4 h\u00e4kiss\u00e4 sopisi muutenkaan\n liikkumaan). Koirat on kuitenkin saaneet edes ruokaa. Apeita ja \narahkoja n\u00e4m\u00e4 m\u00e4yriksetkin ovat.&#8221;<\/p>\n","protected":false},"excerpt":{"rendered":"<p>&#8221;Olen nyt t\u00f6rm\u00e4nnyt jo kahdessa paikassa tuohon h\u00e4kitykseen. Toinen h\u00e4kitti koiriaan, isoja ja pieni\u00e4 (n\u00f6ffi ja m\u00e4yriksi\u00e4, estrellaa, kelpiet\u00e4) sekaisin kahdessa pienehk\u00f6ss\u00e4 h\u00e4kiss\u00e4. Tarkastusta tehdess\u00e4 ket\u00e4\u00e4n koirista ei ollut h\u00e4kiss\u00e4, MUTTA n\u00e4in, ett\u00e4 siell\u00e4 oli jotain ryysyj\u00e4 h\u00e4kin pohjalla. Koirista ainakin kaksi olivat hyvinkin arkoja, juuri sellasia joita h\u00e4kkikoirista tuleekin, eristettyn\u00e4 makuuhuoneeseen kaikista el\u00e4m\u00e4st\u00e4. Olen [&hellip;]<\/p>\n","protected":false},"author":8,"featured_media":0,"parent":0,"menu_order":0,"comment_status":"closed","ping_status":"closed","template":"","meta":{"_acf_changed":false,"footnotes":""},"class_list":["post-185","page","type-page","status-publish","hentry"],"acf":[],"yoast_head":"<!-- This site is optimized with the Yoast SEO plugin v27.1.1 - https:\/\/yoast.com\/product\/yoast-seo-wordpress\/ -->\n<title>Tuore neuvoja kertoo - \u00c4l\u00e4 h\u00e4kit\u00e4<\/title>\n<meta name=\"robots\" content=\"index, follow, max-snippet:-1, max-image-preview:large, max-video-preview:-1\" \/>\n<link rel=\"canonical\" href=\"https:\/\/sey.fi\/alahakita\/tuore-neuvoja-kertoo\/\" \/>\n<meta property=\"og:locale\" content=\"fi_FI\" \/>\n<meta property=\"og:type\" content=\"article\" \/>\n<meta property=\"og:title\" content=\"Tuore neuvoja kertoo - \u00c4l\u00e4 h\u00e4kit\u00e4\" \/>\n<meta property=\"og:description\" content=\"&#8221;Olen nyt t\u00f6rm\u00e4nnyt jo kahdessa paikassa tuohon h\u00e4kitykseen. Toinen h\u00e4kitti koiriaan, isoja ja pieni\u00e4 (n\u00f6ffi ja m\u00e4yriksi\u00e4, estrellaa, kelpiet\u00e4) sekaisin kahdessa pienehk\u00f6ss\u00e4 h\u00e4kiss\u00e4. Tarkastusta tehdess\u00e4 ket\u00e4\u00e4n koirista ei ollut h\u00e4kiss\u00e4, MUTTA n\u00e4in, ett\u00e4 siell\u00e4 oli jotain ryysyj\u00e4 h\u00e4kin pohjalla. Koirista ainakin kaksi olivat hyvinkin arkoja, juuri sellasia joita h\u00e4kkikoirista tuleekin, eristettyn\u00e4 makuuhuoneeseen kaikista el\u00e4m\u00e4st\u00e4. Olen [&hellip;]\" \/>\n<meta property=\"og:url\" content=\"https:\/\/sey.fi\/alahakita\/tuore-neuvoja-kertoo\/\" \/>\n<meta property=\"og:site_name\" content=\"\u00c4l\u00e4 h\u00e4kit\u00e4\" \/>\n<meta property=\"article:modified_time\" content=\"2020-01-11T08:20:17+00:00\" \/>\n<meta name=\"twitter:card\" content=\"summary_large_image\" \/>\n<meta name=\"twitter:label1\" content=\"Arvioitu lukuaika\" \/>\n\t<meta name=\"twitter:data1\" content=\"1 minuutti\" \/>\n<script type=\"application\/ld+json\" class=\"yoast-schema-graph\">{\"@context\":\"https:\/\/schema.org\",\"@graph\":[{\"@type\":\"WebPage\",\"@id\":\"https:\/\/sey.fi\/alahakita\/tuore-neuvoja-kertoo\/\",\"url\":\"https:\/\/sey.fi\/alahakita\/tuore-neuvoja-kertoo\/\",\"name\":\"Tuore neuvoja kertoo - \u00c4l\u00e4 h\u00e4kit\u00e4\",\"isPartOf\":{\"@id\":\"https:\/\/sey.fi\/alahakita\/#website\"},\"datePublished\":\"2019-12-09T09:51:55+00:00\",\"dateModified\":\"2020-01-11T08:20:17+00:00\",\"breadcrumb\":{\"@id\":\"https:\/\/sey.fi\/alahakita\/tuore-neuvoja-kertoo\/#breadcrumb\"},\"inLanguage\":\"fi\",\"potentialAction\":[{\"@type\":\"ReadAction\",\"target\":[\"https:\/\/sey.fi\/alahakita\/tuore-neuvoja-kertoo\/\"]}]},{\"@type\":\"BreadcrumbList\",\"@id\":\"https:\/\/sey.fi\/alahakita\/tuore-neuvoja-kertoo\/#breadcrumb\",\"itemListElement\":[{\"@type\":\"ListItem\",\"position\":1,\"name\":\"Home\",\"item\":\"https:\/\/sey.fi\/alahakita\/\"},{\"@type\":\"ListItem\",\"position\":2,\"name\":\"Tuore neuvoja kertoo\"}]},{\"@type\":\"WebSite\",\"@id\":\"https:\/\/sey.fi\/alahakita\/#website\",\"url\":\"https:\/\/sey.fi\/alahakita\/\",\"name\":\"\u00c4l\u00e4 h\u00e4kit\u00e4\",\"description\":\"Uusi SEY J\u00e4senyhdistykset -sivusto\",\"potentialAction\":[{\"@type\":\"SearchAction\",\"target\":{\"@type\":\"EntryPoint\",\"urlTemplate\":\"https:\/\/sey.fi\/alahakita\/?s={search_term_string}\"},\"query-input\":{\"@type\":\"PropertyValueSpecification\",\"valueRequired\":true,\"valueName\":\"search_term_string\"}}],\"inLanguage\":\"fi\"}]}<\/script>\n<!-- \/ Yoast SEO plugin. -->","yoast_head_json":{"title":"Tuore neuvoja kertoo - \u00c4l\u00e4 h\u00e4kit\u00e4","robots":{"index":"index","follow":"follow","max-snippet":"max-snippet:-1","max-image-preview":"max-image-preview:large","max-video-preview":"max-video-preview:-1"},"canonical":"https:\/\/sey.fi\/alahakita\/tuore-neuvoja-kertoo\/","og_locale":"fi_FI","og_type":"article","og_title":"Tuore neuvoja kertoo - \u00c4l\u00e4 h\u00e4kit\u00e4","og_description":"&#8221;Olen nyt t\u00f6rm\u00e4nnyt jo kahdessa paikassa tuohon h\u00e4kitykseen. Toinen h\u00e4kitti koiriaan, isoja ja pieni\u00e4 (n\u00f6ffi ja m\u00e4yriksi\u00e4, estrellaa, kelpiet\u00e4) sekaisin kahdessa pienehk\u00f6ss\u00e4 h\u00e4kiss\u00e4. Tarkastusta tehdess\u00e4 ket\u00e4\u00e4n koirista ei ollut h\u00e4kiss\u00e4, MUTTA n\u00e4in, ett\u00e4 siell\u00e4 oli jotain ryysyj\u00e4 h\u00e4kin pohjalla. Koirista ainakin kaksi olivat hyvinkin arkoja, juuri sellasia joita h\u00e4kkikoirista tuleekin, eristettyn\u00e4 makuuhuoneeseen kaikista el\u00e4m\u00e4st\u00e4. Olen [&hellip;]","og_url":"https:\/\/sey.fi\/alahakita\/tuore-neuvoja-kertoo\/","og_site_name":"\u00c4l\u00e4 h\u00e4kit\u00e4","article_modified_time":"2020-01-11T08:20:17+00:00","twitter_card":"summary_large_image","twitter_misc":{"Arvioitu lukuaika":"1 minuutti"},"schema":{"@context":"https:\/\/schema.org","@graph":[{"@type":"WebPage","@id":"https:\/\/sey.fi\/alahakita\/tuore-neuvoja-kertoo\/","url":"https:\/\/sey.fi\/alahakita\/tuore-neuvoja-kertoo\/","name":"Tuore neuvoja kertoo - \u00c4l\u00e4 h\u00e4kit\u00e4","isPartOf":{"@id":"https:\/\/sey.fi\/alahakita\/#website"},"datePublished":"2019-12-09T09:51:55+00:00","dateModified":"2020-01-11T08:20:17+00:00","breadcrumb":{"@id":"https:\/\/sey.fi\/alahakita\/tuore-neuvoja-kertoo\/#breadcrumb"},"inLanguage":"fi","potentialAction":[{"@type":"ReadAction","target":["https:\/\/sey.fi\/alahakita\/tuore-neuvoja-kertoo\/"]}]},{"@type":"BreadcrumbList","@id":"https:\/\/sey.fi\/alahakita\/tuore-neuvoja-kertoo\/#breadcrumb","itemListElement":[{"@type":"ListItem","position":1,"name":"Home","item":"https:\/\/sey.fi\/alahakita\/"},{"@type":"ListItem","position":2,"name":"Tuore neuvoja kertoo"}]},{"@type":"WebSite","@id":"https:\/\/sey.fi\/alahakita\/#website","url":"https:\/\/sey.fi\/alahakita\/","name":"\u00c4l\u00e4 h\u00e4kit\u00e4","description":"Uusi SEY J\u00e4senyhdistykset -sivusto","potentialAction":[{"@type":"SearchAction","target":{"@type":"EntryPoint","urlTemplate":"https:\/\/sey.fi\/alahakita\/?s={search_term_string}"},"query-input":{"@type":"PropertyValueSpecification","valueRequired":true,"valueName":"search_term_string"}}],"inLanguage":"fi"}]}},"_links":{"self":[{"href":"https:\/\/sey.fi\/alahakita\/wp-json\/wp\/v2\/pages\/185","targetHints":{"allow":["GET"]}}],"collection":[{"href":"https:\/\/sey.fi\/alahakita\/wp-json\/wp\/v2\/pages"}],"about":[{"href":"https:\/\/sey.fi\/alahakita\/wp-json\/wp\/v2\/types\/page"}],"author":[{"embeddable":true,"href":"https:\/\/sey.fi\/alahakita\/wp-json\/wp\/v2\/users\/8"}],"replies":[{"embeddable":true,"href":"https:\/\/sey.fi\/alahakita\/wp-json\/wp\/v2\/comments?post=185"}],"version-history":[{"count":1,"href":"https:\/\/sey.fi\/alahakita\/wp-json\/wp\/v2\/pages\/185\/revisions"}],"predecessor-version":[{"id":186,"href":"https:\/\/sey.fi\/alahakita\/wp-json\/wp\/v2\/pages\/185\/revisions\/186"}],"wp:attachment":[{"href":"https:\/\/sey.fi\/alahakita\/wp-json\/wp\/v2\/media?parent=185"}],"curies":[{"name":"wp","href":"https:\/\/api.w.org\/{rel}","templated":true}]}}