{"id":187,"date":"2019-12-09T11:52:36","date_gmt":"2019-12-09T09:52:36","guid":{"rendered":"http:\/\/srvr10.xetpoint.com\/~seyfi\/alahakita\/?page_id=187"},"modified":"2020-01-11T10:21:37","modified_gmt":"2020-01-11T08:21:37","slug":"yhdeksan-vuotta-hakissa","status":"publish","type":"page","link":"https:\/\/sey.fi\/alahakita\/yhdeksan-vuotta-hakissa\/","title":{"rendered":"Yhdeks\u00e4n vuotta h\u00e4kiss\u00e4"},"content":{"rendered":"\n<p>\n&#8221;Minulle tuli soitto, ett\u00e4 koiraa ei ulkoiluteta ja sit\u00e4 pidet\u00e4\u00e4n h\u00e4kiss\u00e4 kotona.<br><br>Menin k\u00e4ynnille asuntoon, joka oli suuri ja hieno omakotitalo. Perheess\u00e4 oli 9-vuotias keskikokoinen koira.<br><br>K\u00e4vimme\n koiran omistajan kanssa keskustelua h\u00e4kist\u00e4 ja ulkoilusta. Selvisi, \nett\u00e4 koiraa on pidetty koko ik\u00e4ns\u00e4 h\u00e4kiss\u00e4, sill\u00e4 kun se oli ollut \npentu, se oli pureskellut kenki\u00e4 ja kaivanut roskiksia. Omistajan mukaan\n kasvattaja oli n\u00e4in neuvonut tekem\u00e4\u00e4n, eik\u00e4 h\u00e4n omien sanojensa mukaan \ntiennyt ett\u00e4 se on kielletty\u00e4.<br><br>Koiran ulkoiluttamisesta \nkysytt\u00e4ess\u00e4 nainen vastasi, ett\u00e4 h\u00e4n ei ole koiraa halunnut ja ei ole \nn\u00e4in ollen h\u00e4nen ongelmansa, jos mies ei sit\u00e4 ulkoiluta.<br><br>T\u00e4m\u00e4n \nkoiran kohdalla mietin, kuinka surkeaa sen el\u00e4m\u00e4 onkaan ollut: yhdeks\u00e4n \nvuotta h\u00e4kiss\u00e4 ja selv\u00e4sti koira oli perheelle tai ainakin perheen \nnaiselle pelkk\u00e4 riesa.&#8221;\n\n<\/p>\n","protected":false},"excerpt":{"rendered":"<p>&#8221;Minulle tuli soitto, ett\u00e4 koiraa ei ulkoiluteta ja sit\u00e4 pidet\u00e4\u00e4n h\u00e4kiss\u00e4 kotona. Menin k\u00e4ynnille asuntoon, joka oli suuri ja hieno omakotitalo. Perheess\u00e4 oli 9-vuotias keskikokoinen koira. K\u00e4vimme koiran omistajan kanssa keskustelua h\u00e4kist\u00e4 ja ulkoilusta. Selvisi, ett\u00e4 koiraa on pidetty koko ik\u00e4ns\u00e4 h\u00e4kiss\u00e4, sill\u00e4 kun se oli ollut pentu, se oli pureskellut kenki\u00e4 ja kaivanut roskiksia. [&hellip;]<\/p>\n","protected":false},"author":8,"featured_media":0,"parent":0,"menu_order":0,"comment_status":"closed","ping_status":"closed","template":"","meta":{"_acf_changed":false,"footnotes":""},"class_list":["post-187","page","type-page","status-publish","hentry"],"acf":[],"yoast_head":"<!-- This site is optimized with the Yoast SEO plugin v27.1.1 - https:\/\/yoast.com\/product\/yoast-seo-wordpress\/ -->\n<title>Yhdeks\u00e4n vuotta h\u00e4kiss\u00e4 - \u00c4l\u00e4 h\u00e4kit\u00e4<\/title>\n<meta name=\"robots\" content=\"index, follow, max-snippet:-1, max-image-preview:large, max-video-preview:-1\" \/>\n<link rel=\"canonical\" href=\"https:\/\/sey.fi\/alahakita\/yhdeksan-vuotta-hakissa\/\" \/>\n<meta property=\"og:locale\" content=\"fi_FI\" \/>\n<meta property=\"og:type\" content=\"article\" \/>\n<meta property=\"og:title\" content=\"Yhdeks\u00e4n vuotta h\u00e4kiss\u00e4 - \u00c4l\u00e4 h\u00e4kit\u00e4\" \/>\n<meta property=\"og:description\" content=\"&#8221;Minulle tuli soitto, ett\u00e4 koiraa ei ulkoiluteta ja sit\u00e4 pidet\u00e4\u00e4n h\u00e4kiss\u00e4 kotona. Menin k\u00e4ynnille asuntoon, joka oli suuri ja hieno omakotitalo. Perheess\u00e4 oli 9-vuotias keskikokoinen koira. K\u00e4vimme koiran omistajan kanssa keskustelua h\u00e4kist\u00e4 ja ulkoilusta. Selvisi, ett\u00e4 koiraa on pidetty koko ik\u00e4ns\u00e4 h\u00e4kiss\u00e4, sill\u00e4 kun se oli ollut pentu, se oli pureskellut kenki\u00e4 ja kaivanut roskiksia. [&hellip;]\" \/>\n<meta property=\"og:url\" content=\"https:\/\/sey.fi\/alahakita\/yhdeksan-vuotta-hakissa\/\" \/>\n<meta property=\"og:site_name\" content=\"\u00c4l\u00e4 h\u00e4kit\u00e4\" \/>\n<meta property=\"article:modified_time\" content=\"2020-01-11T08:21:37+00:00\" \/>\n<meta name=\"twitter:card\" content=\"summary_large_image\" \/>\n<meta name=\"twitter:label1\" content=\"Arvioitu lukuaika\" \/>\n\t<meta name=\"twitter:data1\" content=\"1 minuutti\" \/>\n<script type=\"application\/ld+json\" class=\"yoast-schema-graph\">{\"@context\":\"https:\/\/schema.org\",\"@graph\":[{\"@type\":\"WebPage\",\"@id\":\"https:\/\/sey.fi\/alahakita\/yhdeksan-vuotta-hakissa\/\",\"url\":\"https:\/\/sey.fi\/alahakita\/yhdeksan-vuotta-hakissa\/\",\"name\":\"Yhdeks\u00e4n vuotta h\u00e4kiss\u00e4 - \u00c4l\u00e4 h\u00e4kit\u00e4\",\"isPartOf\":{\"@id\":\"https:\/\/sey.fi\/alahakita\/#website\"},\"datePublished\":\"2019-12-09T09:52:36+00:00\",\"dateModified\":\"2020-01-11T08:21:37+00:00\",\"breadcrumb\":{\"@id\":\"https:\/\/sey.fi\/alahakita\/yhdeksan-vuotta-hakissa\/#breadcrumb\"},\"inLanguage\":\"fi\",\"potentialAction\":[{\"@type\":\"ReadAction\",\"target\":[\"https:\/\/sey.fi\/alahakita\/yhdeksan-vuotta-hakissa\/\"]}]},{\"@type\":\"BreadcrumbList\",\"@id\":\"https:\/\/sey.fi\/alahakita\/yhdeksan-vuotta-hakissa\/#breadcrumb\",\"itemListElement\":[{\"@type\":\"ListItem\",\"position\":1,\"name\":\"Home\",\"item\":\"https:\/\/sey.fi\/alahakita\/\"},{\"@type\":\"ListItem\",\"position\":2,\"name\":\"Yhdeks\u00e4n vuotta h\u00e4kiss\u00e4\"}]},{\"@type\":\"WebSite\",\"@id\":\"https:\/\/sey.fi\/alahakita\/#website\",\"url\":\"https:\/\/sey.fi\/alahakita\/\",\"name\":\"\u00c4l\u00e4 h\u00e4kit\u00e4\",\"description\":\"Uusi SEY J\u00e4senyhdistykset -sivusto\",\"potentialAction\":[{\"@type\":\"SearchAction\",\"target\":{\"@type\":\"EntryPoint\",\"urlTemplate\":\"https:\/\/sey.fi\/alahakita\/?s={search_term_string}\"},\"query-input\":{\"@type\":\"PropertyValueSpecification\",\"valueRequired\":true,\"valueName\":\"search_term_string\"}}],\"inLanguage\":\"fi\"}]}<\/script>\n<!-- \/ Yoast SEO plugin. -->","yoast_head_json":{"title":"Yhdeks\u00e4n vuotta h\u00e4kiss\u00e4 - \u00c4l\u00e4 h\u00e4kit\u00e4","robots":{"index":"index","follow":"follow","max-snippet":"max-snippet:-1","max-image-preview":"max-image-preview:large","max-video-preview":"max-video-preview:-1"},"canonical":"https:\/\/sey.fi\/alahakita\/yhdeksan-vuotta-hakissa\/","og_locale":"fi_FI","og_type":"article","og_title":"Yhdeks\u00e4n vuotta h\u00e4kiss\u00e4 - \u00c4l\u00e4 h\u00e4kit\u00e4","og_description":"&#8221;Minulle tuli soitto, ett\u00e4 koiraa ei ulkoiluteta ja sit\u00e4 pidet\u00e4\u00e4n h\u00e4kiss\u00e4 kotona. Menin k\u00e4ynnille asuntoon, joka oli suuri ja hieno omakotitalo. Perheess\u00e4 oli 9-vuotias keskikokoinen koira. K\u00e4vimme koiran omistajan kanssa keskustelua h\u00e4kist\u00e4 ja ulkoilusta. Selvisi, ett\u00e4 koiraa on pidetty koko ik\u00e4ns\u00e4 h\u00e4kiss\u00e4, sill\u00e4 kun se oli ollut pentu, se oli pureskellut kenki\u00e4 ja kaivanut roskiksia. [&hellip;]","og_url":"https:\/\/sey.fi\/alahakita\/yhdeksan-vuotta-hakissa\/","og_site_name":"\u00c4l\u00e4 h\u00e4kit\u00e4","article_modified_time":"2020-01-11T08:21:37+00:00","twitter_card":"summary_large_image","twitter_misc":{"Arvioitu lukuaika":"1 minuutti"},"schema":{"@context":"https:\/\/schema.org","@graph":[{"@type":"WebPage","@id":"https:\/\/sey.fi\/alahakita\/yhdeksan-vuotta-hakissa\/","url":"https:\/\/sey.fi\/alahakita\/yhdeksan-vuotta-hakissa\/","name":"Yhdeks\u00e4n vuotta h\u00e4kiss\u00e4 - \u00c4l\u00e4 h\u00e4kit\u00e4","isPartOf":{"@id":"https:\/\/sey.fi\/alahakita\/#website"},"datePublished":"2019-12-09T09:52:36+00:00","dateModified":"2020-01-11T08:21:37+00:00","breadcrumb":{"@id":"https:\/\/sey.fi\/alahakita\/yhdeksan-vuotta-hakissa\/#breadcrumb"},"inLanguage":"fi","potentialAction":[{"@type":"ReadAction","target":["https:\/\/sey.fi\/alahakita\/yhdeksan-vuotta-hakissa\/"]}]},{"@type":"BreadcrumbList","@id":"https:\/\/sey.fi\/alahakita\/yhdeksan-vuotta-hakissa\/#breadcrumb","itemListElement":[{"@type":"ListItem","position":1,"name":"Home","item":"https:\/\/sey.fi\/alahakita\/"},{"@type":"ListItem","position":2,"name":"Yhdeks\u00e4n vuotta h\u00e4kiss\u00e4"}]},{"@type":"WebSite","@id":"https:\/\/sey.fi\/alahakita\/#website","url":"https:\/\/sey.fi\/alahakita\/","name":"\u00c4l\u00e4 h\u00e4kit\u00e4","description":"Uusi SEY J\u00e4senyhdistykset -sivusto","potentialAction":[{"@type":"SearchAction","target":{"@type":"EntryPoint","urlTemplate":"https:\/\/sey.fi\/alahakita\/?s={search_term_string}"},"query-input":{"@type":"PropertyValueSpecification","valueRequired":true,"valueName":"search_term_string"}}],"inLanguage":"fi"}]}},"_links":{"self":[{"href":"https:\/\/sey.fi\/alahakita\/wp-json\/wp\/v2\/pages\/187","targetHints":{"allow":["GET"]}}],"collection":[{"href":"https:\/\/sey.fi\/alahakita\/wp-json\/wp\/v2\/pages"}],"about":[{"href":"https:\/\/sey.fi\/alahakita\/wp-json\/wp\/v2\/types\/page"}],"author":[{"embeddable":true,"href":"https:\/\/sey.fi\/alahakita\/wp-json\/wp\/v2\/users\/8"}],"replies":[{"embeddable":true,"href":"https:\/\/sey.fi\/alahakita\/wp-json\/wp\/v2\/comments?post=187"}],"version-history":[{"count":1,"href":"https:\/\/sey.fi\/alahakita\/wp-json\/wp\/v2\/pages\/187\/revisions"}],"predecessor-version":[{"id":188,"href":"https:\/\/sey.fi\/alahakita\/wp-json\/wp\/v2\/pages\/187\/revisions\/188"}],"wp:attachment":[{"href":"https:\/\/sey.fi\/alahakita\/wp-json\/wp\/v2\/media?parent=187"}],"curies":[{"name":"wp","href":"https:\/\/api.w.org\/{rel}","templated":true}]}}