{"id":199,"date":"2019-12-09T11:59:58","date_gmt":"2019-12-09T09:59:58","guid":{"rendered":"http:\/\/srvr10.xetpoint.com\/~seyfi\/alahakita\/?page_id=199"},"modified":"2019-12-09T12:00:00","modified_gmt":"2019-12-09T10:00:00","slug":"linkkeja","status":"publish","type":"page","link":"https:\/\/sey.fi\/alahakita\/ala-hakita\/yhteystiedot\/linkkeja\/","title":{"rendered":"Linkkej\u00e4"},"content":{"rendered":"\n<p><a href=\"http:\/\/www.finlex.fi\/fi\/laki\/ajantasa\/1996\/19960396\" target=\"_blank\" rel=\"noreferrer noopener\">El\u00e4insuojeluasetus<br><\/a>Eviran julkaisu <a href=\"https:\/\/www.evira.fi\/tietoa-evirasta\/julkaisut\/elaimet\/oppaat\/koira-ja-kissa---elainsuojelulainsaadantoa-koottuna\/\" target=\"_blank\" rel=\"noreferrer noopener\">Koira ja kissa -el\u00e4insuojelulains\u00e4\u00e4d\u00e4nt\u00f6\u00e4 koottuna<\/a><\/p>\n\n\n\n<h3 class=\"wp-block-heading\">Virikkeist\u00e4misest\u00e4<\/h3>\n\n\n\n<p>El\u00e4inkouluttaja <strong>Liisa Tikan<\/strong> <a href=\"http:\/\/poltsi.fi\/Liisa\/artikkelit\/virikkeistaminen.html\" target=\"_blank\" rel=\"noreferrer noopener\">artikkeli virikkeist\u00e4misest\u00e4<br><\/a>El\u00e4inkouluttaja Liisa Tikan artikkeli <a href=\"http:\/\/poltsi.fi\/Liisa\/artikkelit\/verijalki.html\" target=\"_blank\" rel=\"noreferrer noopener\">verij\u00e4ljest\u00e4 virikkeen\u00e4<\/a><\/p>\n","protected":false},"excerpt":{"rendered":"<p>El\u00e4insuojeluasetusEviran julkaisu Koira ja kissa -el\u00e4insuojelulains\u00e4\u00e4d\u00e4nt\u00f6\u00e4 koottuna Virikkeist\u00e4misest\u00e4 El\u00e4inkouluttaja Liisa Tikan artikkeli virikkeist\u00e4misest\u00e4El\u00e4inkouluttaja Liisa Tikan artikkeli verij\u00e4ljest\u00e4 virikkeen\u00e4<\/p>\n","protected":false},"author":8,"featured_media":0,"parent":197,"menu_order":0,"comment_status":"closed","ping_status":"closed","template":"","meta":{"_acf_changed":false,"footnotes":""},"class_list":["post-199","page","type-page","status-publish","hentry"],"acf":[],"yoast_head":"<!-- This site is optimized with the Yoast SEO plugin v27.1.1 - https:\/\/yoast.com\/product\/yoast-seo-wordpress\/ -->\n<title>Linkkej\u00e4 - \u00c4l\u00e4 h\u00e4kit\u00e4<\/title>\n<meta name=\"robots\" content=\"index, follow, max-snippet:-1, max-image-preview:large, max-video-preview:-1\" \/>\n<link rel=\"canonical\" href=\"https:\/\/sey.fi\/alahakita\/ala-hakita\/yhteystiedot\/linkkeja\/\" \/>\n<meta property=\"og:locale\" content=\"fi_FI\" \/>\n<meta property=\"og:type\" content=\"article\" \/>\n<meta property=\"og:title\" content=\"Linkkej\u00e4 - \u00c4l\u00e4 h\u00e4kit\u00e4\" \/>\n<meta property=\"og:description\" content=\"El\u00e4insuojeluasetusEviran julkaisu Koira ja kissa -el\u00e4insuojelulains\u00e4\u00e4d\u00e4nt\u00f6\u00e4 koottuna Virikkeist\u00e4misest\u00e4 El\u00e4inkouluttaja Liisa Tikan artikkeli virikkeist\u00e4misest\u00e4El\u00e4inkouluttaja Liisa Tikan artikkeli verij\u00e4ljest\u00e4 virikkeen\u00e4\" \/>\n<meta property=\"og:url\" content=\"https:\/\/sey.fi\/alahakita\/ala-hakita\/yhteystiedot\/linkkeja\/\" \/>\n<meta property=\"og:site_name\" content=\"\u00c4l\u00e4 h\u00e4kit\u00e4\" \/>\n<meta property=\"article:modified_time\" content=\"2019-12-09T10:00:00+00:00\" \/>\n<meta name=\"twitter:card\" content=\"summary_large_image\" \/>\n<script type=\"application\/ld+json\" class=\"yoast-schema-graph\">{\"@context\":\"https:\/\/schema.org\",\"@graph\":[{\"@type\":\"WebPage\",\"@id\":\"https:\/\/sey.fi\/alahakita\/ala-hakita\/yhteystiedot\/linkkeja\/\",\"url\":\"https:\/\/sey.fi\/alahakita\/ala-hakita\/yhteystiedot\/linkkeja\/\",\"name\":\"Linkkej\u00e4 - \u00c4l\u00e4 h\u00e4kit\u00e4\",\"isPartOf\":{\"@id\":\"https:\/\/sey.fi\/alahakita\/#website\"},\"datePublished\":\"2019-12-09T09:59:58+00:00\",\"dateModified\":\"2019-12-09T10:00:00+00:00\",\"breadcrumb\":{\"@id\":\"https:\/\/sey.fi\/alahakita\/ala-hakita\/yhteystiedot\/linkkeja\/#breadcrumb\"},\"inLanguage\":\"fi\",\"potentialAction\":[{\"@type\":\"ReadAction\",\"target\":[\"https:\/\/sey.fi\/alahakita\/ala-hakita\/yhteystiedot\/linkkeja\/\"]}]},{\"@type\":\"BreadcrumbList\",\"@id\":\"https:\/\/sey.fi\/alahakita\/ala-hakita\/yhteystiedot\/linkkeja\/#breadcrumb\",\"itemListElement\":[{\"@type\":\"ListItem\",\"position\":1,\"name\":\"Home\",\"item\":\"https:\/\/sey.fi\/alahakita\/\"},{\"@type\":\"ListItem\",\"position\":2,\"name\":\"\u00c4l\u00e4 h\u00e4kit\u00e4\",\"item\":\"https:\/\/sey.fi\/alahakita\/\"},{\"@type\":\"ListItem\",\"position\":3,\"name\":\"Yhteystiedot\",\"item\":\"https:\/\/sey.fi\/alahakita\/ala-hakita\/yhteystiedot\/\"},{\"@type\":\"ListItem\",\"position\":4,\"name\":\"Linkkej\u00e4\"}]},{\"@type\":\"WebSite\",\"@id\":\"https:\/\/sey.fi\/alahakita\/#website\",\"url\":\"https:\/\/sey.fi\/alahakita\/\",\"name\":\"\u00c4l\u00e4 h\u00e4kit\u00e4\",\"description\":\"Uusi SEY J\u00e4senyhdistykset -sivusto\",\"potentialAction\":[{\"@type\":\"SearchAction\",\"target\":{\"@type\":\"EntryPoint\",\"urlTemplate\":\"https:\/\/sey.fi\/alahakita\/?s={search_term_string}\"},\"query-input\":{\"@type\":\"PropertyValueSpecification\",\"valueRequired\":true,\"valueName\":\"search_term_string\"}}],\"inLanguage\":\"fi\"}]}<\/script>\n<!-- \/ Yoast SEO plugin. -->","yoast_head_json":{"title":"Linkkej\u00e4 - \u00c4l\u00e4 h\u00e4kit\u00e4","robots":{"index":"index","follow":"follow","max-snippet":"max-snippet:-1","max-image-preview":"max-image-preview:large","max-video-preview":"max-video-preview:-1"},"canonical":"https:\/\/sey.fi\/alahakita\/ala-hakita\/yhteystiedot\/linkkeja\/","og_locale":"fi_FI","og_type":"article","og_title":"Linkkej\u00e4 - \u00c4l\u00e4 h\u00e4kit\u00e4","og_description":"El\u00e4insuojeluasetusEviran julkaisu Koira ja kissa -el\u00e4insuojelulains\u00e4\u00e4d\u00e4nt\u00f6\u00e4 koottuna Virikkeist\u00e4misest\u00e4 El\u00e4inkouluttaja Liisa Tikan artikkeli virikkeist\u00e4misest\u00e4El\u00e4inkouluttaja Liisa Tikan artikkeli verij\u00e4ljest\u00e4 virikkeen\u00e4","og_url":"https:\/\/sey.fi\/alahakita\/ala-hakita\/yhteystiedot\/linkkeja\/","og_site_name":"\u00c4l\u00e4 h\u00e4kit\u00e4","article_modified_time":"2019-12-09T10:00:00+00:00","twitter_card":"summary_large_image","schema":{"@context":"https:\/\/schema.org","@graph":[{"@type":"WebPage","@id":"https:\/\/sey.fi\/alahakita\/ala-hakita\/yhteystiedot\/linkkeja\/","url":"https:\/\/sey.fi\/alahakita\/ala-hakita\/yhteystiedot\/linkkeja\/","name":"Linkkej\u00e4 - \u00c4l\u00e4 h\u00e4kit\u00e4","isPartOf":{"@id":"https:\/\/sey.fi\/alahakita\/#website"},"datePublished":"2019-12-09T09:59:58+00:00","dateModified":"2019-12-09T10:00:00+00:00","breadcrumb":{"@id":"https:\/\/sey.fi\/alahakita\/ala-hakita\/yhteystiedot\/linkkeja\/#breadcrumb"},"inLanguage":"fi","potentialAction":[{"@type":"ReadAction","target":["https:\/\/sey.fi\/alahakita\/ala-hakita\/yhteystiedot\/linkkeja\/"]}]},{"@type":"BreadcrumbList","@id":"https:\/\/sey.fi\/alahakita\/ala-hakita\/yhteystiedot\/linkkeja\/#breadcrumb","itemListElement":[{"@type":"ListItem","position":1,"name":"Home","item":"https:\/\/sey.fi\/alahakita\/"},{"@type":"ListItem","position":2,"name":"\u00c4l\u00e4 h\u00e4kit\u00e4","item":"https:\/\/sey.fi\/alahakita\/"},{"@type":"ListItem","position":3,"name":"Yhteystiedot","item":"https:\/\/sey.fi\/alahakita\/ala-hakita\/yhteystiedot\/"},{"@type":"ListItem","position":4,"name":"Linkkej\u00e4"}]},{"@type":"WebSite","@id":"https:\/\/sey.fi\/alahakita\/#website","url":"https:\/\/sey.fi\/alahakita\/","name":"\u00c4l\u00e4 h\u00e4kit\u00e4","description":"Uusi SEY J\u00e4senyhdistykset -sivusto","potentialAction":[{"@type":"SearchAction","target":{"@type":"EntryPoint","urlTemplate":"https:\/\/sey.fi\/alahakita\/?s={search_term_string}"},"query-input":{"@type":"PropertyValueSpecification","valueRequired":true,"valueName":"search_term_string"}}],"inLanguage":"fi"}]}},"_links":{"self":[{"href":"https:\/\/sey.fi\/alahakita\/wp-json\/wp\/v2\/pages\/199","targetHints":{"allow":["GET"]}}],"collection":[{"href":"https:\/\/sey.fi\/alahakita\/wp-json\/wp\/v2\/pages"}],"about":[{"href":"https:\/\/sey.fi\/alahakita\/wp-json\/wp\/v2\/types\/page"}],"author":[{"embeddable":true,"href":"https:\/\/sey.fi\/alahakita\/wp-json\/wp\/v2\/users\/8"}],"replies":[{"embeddable":true,"href":"https:\/\/sey.fi\/alahakita\/wp-json\/wp\/v2\/comments?post=199"}],"version-history":[{"count":1,"href":"https:\/\/sey.fi\/alahakita\/wp-json\/wp\/v2\/pages\/199\/revisions"}],"predecessor-version":[{"id":200,"href":"https:\/\/sey.fi\/alahakita\/wp-json\/wp\/v2\/pages\/199\/revisions\/200"}],"up":[{"embeddable":true,"href":"https:\/\/sey.fi\/alahakita\/wp-json\/wp\/v2\/pages\/197"}],"wp:attachment":[{"href":"https:\/\/sey.fi\/alahakita\/wp-json\/wp\/v2\/media?parent=199"}],"curies":[{"name":"wp","href":"https:\/\/api.w.org\/{rel}","templated":true}]}}