{"id":2,"date":"2019-12-09T09:06:19","date_gmt":"2019-12-09T07:06:19","guid":{"rendered":"http:\/\/srvr10.xetpoint.com\/~seyfi\/alahakita\/?page_id=2"},"modified":"2020-09-14T14:03:36","modified_gmt":"2020-09-14T11:03:36","slug":"ala-hakita","status":"publish","type":"page","link":"https:\/\/sey.fi\/alahakita\/","title":{"rendered":"\u00c4l\u00e4 h\u00e4kit\u00e4"},"content":{"rendered":"","protected":false},"excerpt":{"rendered":"","protected":false},"author":8,"featured_media":0,"parent":0,"menu_order":0,"comment_status":"closed","ping_status":"open","template":"TemplateHome.php","meta":{"_acf_changed":false,"footnotes":""},"class_list":["post-2","page","type-page","status-publish","hentry"],"acf":[],"yoast_head":"<!-- This site is optimized with the Yoast SEO plugin v27.1.1 - https:\/\/yoast.com\/product\/yoast-seo-wordpress\/ -->\n<title>\u00c4l\u00e4 h\u00e4kit\u00e4 - \u00c4l\u00e4 h\u00e4kit\u00e4<\/title>\n<meta name=\"description\" content=\"Vaikka koira n\u00e4ytt\u00e4isi suhtautuvan pakkoh\u00e4kitykseen rauhallisesti, voi harmittomalta vaikuttava h\u00e4kitys kostautua monenlaisina k\u00e4yt\u00f6sh\u00e4iri\u00f6in\u00e4 ja fyysisin\u00e4 oireina.\" \/>\n<meta name=\"robots\" content=\"index, follow, max-snippet:-1, max-image-preview:large, max-video-preview:-1\" \/>\n<link rel=\"canonical\" href=\"https:\/\/sey.fi\/alahakita\/\" \/>\n<meta property=\"og:locale\" content=\"fi_FI\" \/>\n<meta property=\"og:type\" content=\"article\" \/>\n<meta property=\"og:title\" content=\"\u00c4l\u00e4 h\u00e4kit\u00e4 - \u00c4l\u00e4 h\u00e4kit\u00e4\" \/>\n<meta property=\"og:description\" content=\"Vaikka koira n\u00e4ytt\u00e4isi suhtautuvan pakkoh\u00e4kitykseen rauhallisesti, voi harmittomalta vaikuttava h\u00e4kitys kostautua monenlaisina k\u00e4yt\u00f6sh\u00e4iri\u00f6in\u00e4 ja fyysisin\u00e4 oireina.\" \/>\n<meta property=\"og:url\" content=\"https:\/\/sey.fi\/alahakita\/\" \/>\n<meta property=\"og:site_name\" content=\"\u00c4l\u00e4 h\u00e4kit\u00e4\" \/>\n<meta property=\"article:modified_time\" content=\"2020-09-14T11:03:36+00:00\" \/>\n<meta name=\"twitter:card\" content=\"summary_large_image\" \/>\n<script type=\"application\/ld+json\" class=\"yoast-schema-graph\">{\"@context\":\"https:\/\/schema.org\",\"@graph\":[{\"@type\":\"WebPage\",\"@id\":\"https:\/\/sey.fi\/alahakita\/\",\"url\":\"https:\/\/sey.fi\/alahakita\/\",\"name\":\"\u00c4l\u00e4 h\u00e4kit\u00e4 - \u00c4l\u00e4 h\u00e4kit\u00e4\",\"isPartOf\":{\"@id\":\"https:\/\/sey.fi\/alahakita\/#website\"},\"datePublished\":\"2019-12-09T07:06:19+00:00\",\"dateModified\":\"2020-09-14T11:03:36+00:00\",\"description\":\"Vaikka koira n\u00e4ytt\u00e4isi suhtautuvan pakkoh\u00e4kitykseen rauhallisesti, voi harmittomalta vaikuttava h\u00e4kitys kostautua monenlaisina k\u00e4yt\u00f6sh\u00e4iri\u00f6in\u00e4 ja fyysisin\u00e4 oireina.\",\"breadcrumb\":{\"@id\":\"https:\/\/sey.fi\/alahakita\/#breadcrumb\"},\"inLanguage\":\"fi\",\"potentialAction\":[{\"@type\":\"ReadAction\",\"target\":[\"https:\/\/sey.fi\/alahakita\/\"]}]},{\"@type\":\"BreadcrumbList\",\"@id\":\"https:\/\/sey.fi\/alahakita\/#breadcrumb\",\"itemListElement\":[{\"@type\":\"ListItem\",\"position\":1,\"name\":\"Home\",\"item\":\"https:\/\/sey.fi\/alahakita\/\"},{\"@type\":\"ListItem\",\"position\":2,\"name\":\"\u00c4l\u00e4 h\u00e4kit\u00e4\"}]},{\"@type\":\"WebSite\",\"@id\":\"https:\/\/sey.fi\/alahakita\/#website\",\"url\":\"https:\/\/sey.fi\/alahakita\/\",\"name\":\"\u00c4l\u00e4 h\u00e4kit\u00e4\",\"description\":\"Uusi SEY J\u00e4senyhdistykset -sivusto\",\"potentialAction\":[{\"@type\":\"SearchAction\",\"target\":{\"@type\":\"EntryPoint\",\"urlTemplate\":\"https:\/\/sey.fi\/alahakita\/?s={search_term_string}\"},\"query-input\":{\"@type\":\"PropertyValueSpecification\",\"valueRequired\":true,\"valueName\":\"search_term_string\"}}],\"inLanguage\":\"fi\"}]}<\/script>\n<!-- \/ Yoast SEO plugin. -->","yoast_head_json":{"title":"\u00c4l\u00e4 h\u00e4kit\u00e4 - \u00c4l\u00e4 h\u00e4kit\u00e4","description":"Vaikka koira n\u00e4ytt\u00e4isi suhtautuvan pakkoh\u00e4kitykseen rauhallisesti, voi harmittomalta vaikuttava h\u00e4kitys kostautua monenlaisina k\u00e4yt\u00f6sh\u00e4iri\u00f6in\u00e4 ja fyysisin\u00e4 oireina.","robots":{"index":"index","follow":"follow","max-snippet":"max-snippet:-1","max-image-preview":"max-image-preview:large","max-video-preview":"max-video-preview:-1"},"canonical":"https:\/\/sey.fi\/alahakita\/","og_locale":"fi_FI","og_type":"article","og_title":"\u00c4l\u00e4 h\u00e4kit\u00e4 - \u00c4l\u00e4 h\u00e4kit\u00e4","og_description":"Vaikka koira n\u00e4ytt\u00e4isi suhtautuvan pakkoh\u00e4kitykseen rauhallisesti, voi harmittomalta vaikuttava h\u00e4kitys kostautua monenlaisina k\u00e4yt\u00f6sh\u00e4iri\u00f6in\u00e4 ja fyysisin\u00e4 oireina.","og_url":"https:\/\/sey.fi\/alahakita\/","og_site_name":"\u00c4l\u00e4 h\u00e4kit\u00e4","article_modified_time":"2020-09-14T11:03:36+00:00","twitter_card":"summary_large_image","schema":{"@context":"https:\/\/schema.org","@graph":[{"@type":"WebPage","@id":"https:\/\/sey.fi\/alahakita\/","url":"https:\/\/sey.fi\/alahakita\/","name":"\u00c4l\u00e4 h\u00e4kit\u00e4 - \u00c4l\u00e4 h\u00e4kit\u00e4","isPartOf":{"@id":"https:\/\/sey.fi\/alahakita\/#website"},"datePublished":"2019-12-09T07:06:19+00:00","dateModified":"2020-09-14T11:03:36+00:00","description":"Vaikka koira n\u00e4ytt\u00e4isi suhtautuvan pakkoh\u00e4kitykseen rauhallisesti, voi harmittomalta vaikuttava h\u00e4kitys kostautua monenlaisina k\u00e4yt\u00f6sh\u00e4iri\u00f6in\u00e4 ja fyysisin\u00e4 oireina.","breadcrumb":{"@id":"https:\/\/sey.fi\/alahakita\/#breadcrumb"},"inLanguage":"fi","potentialAction":[{"@type":"ReadAction","target":["https:\/\/sey.fi\/alahakita\/"]}]},{"@type":"BreadcrumbList","@id":"https:\/\/sey.fi\/alahakita\/#breadcrumb","itemListElement":[{"@type":"ListItem","position":1,"name":"Home","item":"https:\/\/sey.fi\/alahakita\/"},{"@type":"ListItem","position":2,"name":"\u00c4l\u00e4 h\u00e4kit\u00e4"}]},{"@type":"WebSite","@id":"https:\/\/sey.fi\/alahakita\/#website","url":"https:\/\/sey.fi\/alahakita\/","name":"\u00c4l\u00e4 h\u00e4kit\u00e4","description":"Uusi SEY J\u00e4senyhdistykset -sivusto","potentialAction":[{"@type":"SearchAction","target":{"@type":"EntryPoint","urlTemplate":"https:\/\/sey.fi\/alahakita\/?s={search_term_string}"},"query-input":{"@type":"PropertyValueSpecification","valueRequired":true,"valueName":"search_term_string"}}],"inLanguage":"fi"}]}},"_links":{"self":[{"href":"https:\/\/sey.fi\/alahakita\/wp-json\/wp\/v2\/pages\/2","targetHints":{"allow":["GET"]}}],"collection":[{"href":"https:\/\/sey.fi\/alahakita\/wp-json\/wp\/v2\/pages"}],"about":[{"href":"https:\/\/sey.fi\/alahakita\/wp-json\/wp\/v2\/types\/page"}],"author":[{"embeddable":true,"href":"https:\/\/sey.fi\/alahakita\/wp-json\/wp\/v2\/users\/8"}],"replies":[{"embeddable":true,"href":"https:\/\/sey.fi\/alahakita\/wp-json\/wp\/v2\/comments?post=2"}],"version-history":[{"count":40,"href":"https:\/\/sey.fi\/alahakita\/wp-json\/wp\/v2\/pages\/2\/revisions"}],"predecessor-version":[{"id":237,"href":"https:\/\/sey.fi\/alahakita\/wp-json\/wp\/v2\/pages\/2\/revisions\/237"}],"wp:attachment":[{"href":"https:\/\/sey.fi\/alahakita\/wp-json\/wp\/v2\/media?parent=2"}],"curies":[{"name":"wp","href":"https:\/\/api.w.org\/{rel}","templated":true}]}}