{"id":20,"date":"2019-12-09T09:50:22","date_gmt":"2019-12-09T07:50:22","guid":{"rendered":"http:\/\/srvr10.xetpoint.com\/~seyfi\/alahakita\/?page_id=20"},"modified":"2020-01-10T11:32:47","modified_gmt":"2020-01-10T09:32:47","slug":"miksi-ei","status":"publish","type":"page","link":"https:\/\/sey.fi\/alahakita\/ala-hakita\/miksi-ei\/","title":{"rendered":"Miksi ei?"},"content":{"rendered":"\n<h2 class=\"wp-block-heading\">H\u00e4kitt\u00e4minen on yleist\u00e4<\/h2>\n\n\n\n<p>Koiran kanssa harrastavat eiv\u00e4t voi olla t\u00f6rm\u00e4\u00e4m\u00e4tt\u00e4 h\u00e4kkien \nr\u00e4ike\u00e4\u00e4nkin v\u00e4\u00e4rink\u00e4ytt\u00f6\u00f6n. Koiria pidet\u00e4\u00e4n usein hyvin rajoitetussa \ntilassa tai h\u00e4kiss\u00e4 ymp\u00e4ri vuorokauden. N\u00e4iden koirien arjen kohokohtia \novat ne hetket, kun ne p\u00e4\u00e4sev\u00e4t hetkeksi ulos tarpeilleen ja saavat \nruokansa.<\/p>\n\n\n\n<p>Koiria suljetaan h\u00e4kkiin my\u00f6s siksi, ett\u00e4 niiden omistaja ei osaa tai\n vaivaudu j\u00e4rjest\u00e4m\u00e4\u00e4n koiralleen riitt\u00e4v\u00e4sti mielek\u00e4st\u00e4 tekemist\u00e4.<\/p>\n\n\n\n<p>Ik\u00e4vystynyt koira keksii itselleen tekemist\u00e4. Ihminen kutsuu t\u00e4t\u00e4 \npahanteoksi. Moni koira istuukin h\u00e4kiss\u00e4 omistajien ty\u00f6- ja koulup\u00e4ivien\n ajan. Yleens\u00e4 n\u00e4in k\u00e4y siksi, ett\u00e4 omistaja on laiminly\u00f6nyt \nvelvollisuutensa opettaa koira olemaan yksin. H\u00e4kkiin sulkeminen on niin\n paljon helpompaa.<\/p>\n\n\n\n<p>Oikea h\u00e4kin k\u00e4ytt\u00f6 edellytt\u00e4\u00e4, ett\u00e4 koira totutetaan siihen \npakottamatta. Mit\u00e4\u00e4n koiraa ei saa pit\u00e4\u00e4 suljetuss\u00e4 h\u00e4kiss\u00e4 tuntikausia.<\/p>\n","protected":false},"excerpt":{"rendered":"<p>H\u00e4kitt\u00e4minen on yleist\u00e4 Koiran kanssa harrastavat eiv\u00e4t voi olla t\u00f6rm\u00e4\u00e4m\u00e4tt\u00e4 h\u00e4kkien r\u00e4ike\u00e4\u00e4nkin v\u00e4\u00e4rink\u00e4ytt\u00f6\u00f6n. Koiria pidet\u00e4\u00e4n usein hyvin rajoitetussa tilassa tai h\u00e4kiss\u00e4 ymp\u00e4ri vuorokauden. N\u00e4iden koirien arjen kohokohtia ovat ne hetket, kun ne p\u00e4\u00e4sev\u00e4t hetkeksi ulos tarpeilleen ja saavat ruokansa. Koiria suljetaan h\u00e4kkiin my\u00f6s siksi, ett\u00e4 niiden omistaja ei osaa tai vaivaudu j\u00e4rjest\u00e4m\u00e4\u00e4n koiralleen riitt\u00e4v\u00e4sti mielek\u00e4st\u00e4 [&hellip;]<\/p>\n","protected":false},"author":8,"featured_media":233,"parent":2,"menu_order":0,"comment_status":"closed","ping_status":"closed","template":"","meta":{"_acf_changed":false,"footnotes":""},"class_list":["post-20","page","type-page","status-publish","has-post-thumbnail","hentry"],"acf":[],"yoast_head":"<!-- This site is optimized with the Yoast SEO plugin v27.1.1 - https:\/\/yoast.com\/product\/yoast-seo-wordpress\/ -->\n<title>Miksi ei? - \u00c4l\u00e4 h\u00e4kit\u00e4<\/title>\n<meta name=\"robots\" content=\"index, follow, max-snippet:-1, max-image-preview:large, max-video-preview:-1\" \/>\n<link rel=\"canonical\" href=\"https:\/\/sey.fi\/alahakita\/ala-hakita\/miksi-ei\/\" \/>\n<meta property=\"og:locale\" content=\"fi_FI\" \/>\n<meta property=\"og:type\" content=\"article\" \/>\n<meta property=\"og:title\" content=\"Miksi ei? - \u00c4l\u00e4 h\u00e4kit\u00e4\" \/>\n<meta property=\"og:description\" content=\"H\u00e4kitt\u00e4minen on yleist\u00e4 Koiran kanssa harrastavat eiv\u00e4t voi olla t\u00f6rm\u00e4\u00e4m\u00e4tt\u00e4 h\u00e4kkien r\u00e4ike\u00e4\u00e4nkin v\u00e4\u00e4rink\u00e4ytt\u00f6\u00f6n. Koiria pidet\u00e4\u00e4n usein hyvin rajoitetussa tilassa tai h\u00e4kiss\u00e4 ymp\u00e4ri vuorokauden. N\u00e4iden koirien arjen kohokohtia ovat ne hetket, kun ne p\u00e4\u00e4sev\u00e4t hetkeksi ulos tarpeilleen ja saavat ruokansa. Koiria suljetaan h\u00e4kkiin my\u00f6s siksi, ett\u00e4 niiden omistaja ei osaa tai vaivaudu j\u00e4rjest\u00e4m\u00e4\u00e4n koiralleen riitt\u00e4v\u00e4sti mielek\u00e4st\u00e4 [&hellip;]\" \/>\n<meta property=\"og:url\" content=\"https:\/\/sey.fi\/alahakita\/ala-hakita\/miksi-ei\/\" \/>\n<meta property=\"og:site_name\" content=\"\u00c4l\u00e4 h\u00e4kit\u00e4\" \/>\n<meta property=\"article:modified_time\" content=\"2020-01-10T09:32:47+00:00\" \/>\n<meta property=\"og:image\" content=\"https:\/\/sey.fi\/wp-content\/uploads\/sites\/46\/2020\/01\/sey-alahakita-koira.jpg\" \/>\n\t<meta property=\"og:image:width\" content=\"1280\" \/>\n\t<meta property=\"og:image:height\" content=\"640\" \/>\n\t<meta property=\"og:image:type\" content=\"image\/jpeg\" \/>\n<meta name=\"twitter:card\" content=\"summary_large_image\" \/>\n<meta name=\"twitter:label1\" content=\"Arvioitu lukuaika\" \/>\n\t<meta name=\"twitter:data1\" content=\"1 minuutti\" \/>\n<script type=\"application\/ld+json\" class=\"yoast-schema-graph\">{\"@context\":\"https:\/\/schema.org\",\"@graph\":[{\"@type\":\"WebPage\",\"@id\":\"https:\/\/sey.fi\/alahakita\/ala-hakita\/miksi-ei\/\",\"url\":\"https:\/\/sey.fi\/alahakita\/ala-hakita\/miksi-ei\/\",\"name\":\"Miksi ei? - \u00c4l\u00e4 h\u00e4kit\u00e4\",\"isPartOf\":{\"@id\":\"https:\/\/sey.fi\/alahakita\/#website\"},\"primaryImageOfPage\":{\"@id\":\"https:\/\/sey.fi\/alahakita\/ala-hakita\/miksi-ei\/#primaryimage\"},\"image\":{\"@id\":\"https:\/\/sey.fi\/alahakita\/ala-hakita\/miksi-ei\/#primaryimage\"},\"thumbnailUrl\":\"https:\/\/sey.fi\/wp-content\/uploads\/sites\/46\/2020\/01\/sey-alahakita-koira.jpg\",\"datePublished\":\"2019-12-09T07:50:22+00:00\",\"dateModified\":\"2020-01-10T09:32:47+00:00\",\"breadcrumb\":{\"@id\":\"https:\/\/sey.fi\/alahakita\/ala-hakita\/miksi-ei\/#breadcrumb\"},\"inLanguage\":\"fi\",\"potentialAction\":[{\"@type\":\"ReadAction\",\"target\":[\"https:\/\/sey.fi\/alahakita\/ala-hakita\/miksi-ei\/\"]}]},{\"@type\":\"ImageObject\",\"inLanguage\":\"fi\",\"@id\":\"https:\/\/sey.fi\/alahakita\/ala-hakita\/miksi-ei\/#primaryimage\",\"url\":\"https:\/\/sey.fi\/wp-content\/uploads\/sites\/46\/2020\/01\/sey-alahakita-koira.jpg\",\"contentUrl\":\"https:\/\/sey.fi\/wp-content\/uploads\/sites\/46\/2020\/01\/sey-alahakita-koira.jpg\",\"width\":1280,\"height\":640,\"caption\":\"Kuva: Ari Kankainen\"},{\"@type\":\"BreadcrumbList\",\"@id\":\"https:\/\/sey.fi\/alahakita\/ala-hakita\/miksi-ei\/#breadcrumb\",\"itemListElement\":[{\"@type\":\"ListItem\",\"position\":1,\"name\":\"Home\",\"item\":\"https:\/\/sey.fi\/alahakita\/\"},{\"@type\":\"ListItem\",\"position\":2,\"name\":\"\u00c4l\u00e4 h\u00e4kit\u00e4\",\"item\":\"https:\/\/sey.fi\/alahakita\/\"},{\"@type\":\"ListItem\",\"position\":3,\"name\":\"Miksi ei?\"}]},{\"@type\":\"WebSite\",\"@id\":\"https:\/\/sey.fi\/alahakita\/#website\",\"url\":\"https:\/\/sey.fi\/alahakita\/\",\"name\":\"\u00c4l\u00e4 h\u00e4kit\u00e4\",\"description\":\"Uusi SEY J\u00e4senyhdistykset -sivusto\",\"potentialAction\":[{\"@type\":\"SearchAction\",\"target\":{\"@type\":\"EntryPoint\",\"urlTemplate\":\"https:\/\/sey.fi\/alahakita\/?s={search_term_string}\"},\"query-input\":{\"@type\":\"PropertyValueSpecification\",\"valueRequired\":true,\"valueName\":\"search_term_string\"}}],\"inLanguage\":\"fi\"}]}<\/script>\n<!-- \/ Yoast SEO plugin. -->","yoast_head_json":{"title":"Miksi ei? - \u00c4l\u00e4 h\u00e4kit\u00e4","robots":{"index":"index","follow":"follow","max-snippet":"max-snippet:-1","max-image-preview":"max-image-preview:large","max-video-preview":"max-video-preview:-1"},"canonical":"https:\/\/sey.fi\/alahakita\/ala-hakita\/miksi-ei\/","og_locale":"fi_FI","og_type":"article","og_title":"Miksi ei? - \u00c4l\u00e4 h\u00e4kit\u00e4","og_description":"H\u00e4kitt\u00e4minen on yleist\u00e4 Koiran kanssa harrastavat eiv\u00e4t voi olla t\u00f6rm\u00e4\u00e4m\u00e4tt\u00e4 h\u00e4kkien r\u00e4ike\u00e4\u00e4nkin v\u00e4\u00e4rink\u00e4ytt\u00f6\u00f6n. Koiria pidet\u00e4\u00e4n usein hyvin rajoitetussa tilassa tai h\u00e4kiss\u00e4 ymp\u00e4ri vuorokauden. N\u00e4iden koirien arjen kohokohtia ovat ne hetket, kun ne p\u00e4\u00e4sev\u00e4t hetkeksi ulos tarpeilleen ja saavat ruokansa. Koiria suljetaan h\u00e4kkiin my\u00f6s siksi, ett\u00e4 niiden omistaja ei osaa tai vaivaudu j\u00e4rjest\u00e4m\u00e4\u00e4n koiralleen riitt\u00e4v\u00e4sti mielek\u00e4st\u00e4 [&hellip;]","og_url":"https:\/\/sey.fi\/alahakita\/ala-hakita\/miksi-ei\/","og_site_name":"\u00c4l\u00e4 h\u00e4kit\u00e4","article_modified_time":"2020-01-10T09:32:47+00:00","og_image":[{"width":1280,"height":640,"url":"https:\/\/sey.fi\/wp-content\/uploads\/sites\/46\/2020\/01\/sey-alahakita-koira.jpg","type":"image\/jpeg"}],"twitter_card":"summary_large_image","twitter_misc":{"Arvioitu lukuaika":"1 minuutti"},"schema":{"@context":"https:\/\/schema.org","@graph":[{"@type":"WebPage","@id":"https:\/\/sey.fi\/alahakita\/ala-hakita\/miksi-ei\/","url":"https:\/\/sey.fi\/alahakita\/ala-hakita\/miksi-ei\/","name":"Miksi ei? - \u00c4l\u00e4 h\u00e4kit\u00e4","isPartOf":{"@id":"https:\/\/sey.fi\/alahakita\/#website"},"primaryImageOfPage":{"@id":"https:\/\/sey.fi\/alahakita\/ala-hakita\/miksi-ei\/#primaryimage"},"image":{"@id":"https:\/\/sey.fi\/alahakita\/ala-hakita\/miksi-ei\/#primaryimage"},"thumbnailUrl":"https:\/\/sey.fi\/wp-content\/uploads\/sites\/46\/2020\/01\/sey-alahakita-koira.jpg","datePublished":"2019-12-09T07:50:22+00:00","dateModified":"2020-01-10T09:32:47+00:00","breadcrumb":{"@id":"https:\/\/sey.fi\/alahakita\/ala-hakita\/miksi-ei\/#breadcrumb"},"inLanguage":"fi","potentialAction":[{"@type":"ReadAction","target":["https:\/\/sey.fi\/alahakita\/ala-hakita\/miksi-ei\/"]}]},{"@type":"ImageObject","inLanguage":"fi","@id":"https:\/\/sey.fi\/alahakita\/ala-hakita\/miksi-ei\/#primaryimage","url":"https:\/\/sey.fi\/wp-content\/uploads\/sites\/46\/2020\/01\/sey-alahakita-koira.jpg","contentUrl":"https:\/\/sey.fi\/wp-content\/uploads\/sites\/46\/2020\/01\/sey-alahakita-koira.jpg","width":1280,"height":640,"caption":"Kuva: Ari Kankainen"},{"@type":"BreadcrumbList","@id":"https:\/\/sey.fi\/alahakita\/ala-hakita\/miksi-ei\/#breadcrumb","itemListElement":[{"@type":"ListItem","position":1,"name":"Home","item":"https:\/\/sey.fi\/alahakita\/"},{"@type":"ListItem","position":2,"name":"\u00c4l\u00e4 h\u00e4kit\u00e4","item":"https:\/\/sey.fi\/alahakita\/"},{"@type":"ListItem","position":3,"name":"Miksi ei?"}]},{"@type":"WebSite","@id":"https:\/\/sey.fi\/alahakita\/#website","url":"https:\/\/sey.fi\/alahakita\/","name":"\u00c4l\u00e4 h\u00e4kit\u00e4","description":"Uusi SEY J\u00e4senyhdistykset -sivusto","potentialAction":[{"@type":"SearchAction","target":{"@type":"EntryPoint","urlTemplate":"https:\/\/sey.fi\/alahakita\/?s={search_term_string}"},"query-input":{"@type":"PropertyValueSpecification","valueRequired":true,"valueName":"search_term_string"}}],"inLanguage":"fi"}]}},"_links":{"self":[{"href":"https:\/\/sey.fi\/alahakita\/wp-json\/wp\/v2\/pages\/20","targetHints":{"allow":["GET"]}}],"collection":[{"href":"https:\/\/sey.fi\/alahakita\/wp-json\/wp\/v2\/pages"}],"about":[{"href":"https:\/\/sey.fi\/alahakita\/wp-json\/wp\/v2\/types\/page"}],"author":[{"embeddable":true,"href":"https:\/\/sey.fi\/alahakita\/wp-json\/wp\/v2\/users\/8"}],"replies":[{"embeddable":true,"href":"https:\/\/sey.fi\/alahakita\/wp-json\/wp\/v2\/comments?post=20"}],"version-history":[{"count":2,"href":"https:\/\/sey.fi\/alahakita\/wp-json\/wp\/v2\/pages\/20\/revisions"}],"predecessor-version":[{"id":22,"href":"https:\/\/sey.fi\/alahakita\/wp-json\/wp\/v2\/pages\/20\/revisions\/22"}],"up":[{"embeddable":true,"href":"https:\/\/sey.fi\/alahakita\/wp-json\/wp\/v2\/pages\/2"}],"wp:featuredmedia":[{"embeddable":true,"href":"https:\/\/sey.fi\/alahakita\/wp-json\/wp\/v2\/media\/233"}],"wp:attachment":[{"href":"https:\/\/sey.fi\/alahakita\/wp-json\/wp\/v2\/media?parent=20"}],"curies":[{"name":"wp","href":"https:\/\/api.w.org\/{rel}","templated":true}]}}