{"id":23,"date":"2019-12-09T09:53:51","date_gmt":"2019-12-09T07:53:51","guid":{"rendered":"http:\/\/srvr10.xetpoint.com\/~seyfi\/alahakita\/?page_id=23"},"modified":"2019-12-09T10:14:56","modified_gmt":"2019-12-09T08:14:56","slug":"hakki-vai-tarha","status":"publish","type":"page","link":"https:\/\/sey.fi\/alahakita\/ala-hakita\/miksi-ei\/hakki-vai-tarha\/","title":{"rendered":"H\u00e4kki vai tarha?"},"content":{"rendered":"\n<p>T\u00e4ll\u00e4 sivustolla h\u00e4kist\u00e4 puhuttaessa tarkoitetaan metallista tai \nmuusta kest\u00e4v\u00e4st\u00e4 materiaalista tehty\u00e4, laatikkomaista rakennelmaa. \nH\u00e4kki voi olla my\u00f6s ns. kevyth\u00e4kki.<\/p>\n\n\n\n<p>Koirien pitoon tarkoitettu tarha on eri asia. Tarha on rajattu tila, \nmutta se on yleens\u00e4 monta kertaa h\u00e4kki\u00e4 suurempi ja se on yleens\u00e4 \nulkona. Ulkotarhassa koiralla on oltava suojanaan koppi tai sen on \nhalutessaan p\u00e4\u00e4st\u00e4v\u00e4 sis\u00e4lle taloon esimerkiksi luukun kautta.<\/p>\n\n\n\n<p>Tarhojen mielekkyydest\u00e4 koirien s\u00e4ilytt\u00e4miseen pit\u00e4isi keskustella paljon nykyist\u00e4 enemm\u00e4n.&nbsp;<\/p>\n","protected":false},"excerpt":{"rendered":"<p>T\u00e4ll\u00e4 sivustolla h\u00e4kist\u00e4 puhuttaessa tarkoitetaan metallista tai muusta kest\u00e4v\u00e4st\u00e4 materiaalista tehty\u00e4, laatikkomaista rakennelmaa. H\u00e4kki voi olla my\u00f6s ns. kevyth\u00e4kki. Koirien pitoon tarkoitettu tarha on eri asia. Tarha on rajattu tila, mutta se on yleens\u00e4 monta kertaa h\u00e4kki\u00e4 suurempi ja se on yleens\u00e4 ulkona. Ulkotarhassa koiralla on oltava suojanaan koppi tai sen on halutessaan p\u00e4\u00e4st\u00e4v\u00e4 sis\u00e4lle [&hellip;]<\/p>\n","protected":false},"author":8,"featured_media":45,"parent":20,"menu_order":0,"comment_status":"closed","ping_status":"closed","template":"","meta":{"_acf_changed":false,"footnotes":""},"class_list":["post-23","page","type-page","status-publish","has-post-thumbnail","hentry"],"acf":[],"yoast_head":"<!-- This site is optimized with the Yoast SEO plugin v27.1.1 - https:\/\/yoast.com\/product\/yoast-seo-wordpress\/ -->\n<title>H\u00e4kki vai tarha? - \u00c4l\u00e4 h\u00e4kit\u00e4<\/title>\n<meta name=\"robots\" content=\"index, follow, max-snippet:-1, max-image-preview:large, max-video-preview:-1\" \/>\n<link rel=\"canonical\" href=\"https:\/\/sey.fi\/alahakita\/ala-hakita\/miksi-ei\/hakki-vai-tarha\/\" \/>\n<meta property=\"og:locale\" content=\"fi_FI\" \/>\n<meta property=\"og:type\" content=\"article\" \/>\n<meta property=\"og:title\" content=\"H\u00e4kki vai tarha? - \u00c4l\u00e4 h\u00e4kit\u00e4\" \/>\n<meta property=\"og:description\" content=\"T\u00e4ll\u00e4 sivustolla h\u00e4kist\u00e4 puhuttaessa tarkoitetaan metallista tai muusta kest\u00e4v\u00e4st\u00e4 materiaalista tehty\u00e4, laatikkomaista rakennelmaa. H\u00e4kki voi olla my\u00f6s ns. kevyth\u00e4kki. Koirien pitoon tarkoitettu tarha on eri asia. Tarha on rajattu tila, mutta se on yleens\u00e4 monta kertaa h\u00e4kki\u00e4 suurempi ja se on yleens\u00e4 ulkona. Ulkotarhassa koiralla on oltava suojanaan koppi tai sen on halutessaan p\u00e4\u00e4st\u00e4v\u00e4 sis\u00e4lle [&hellip;]\" \/>\n<meta property=\"og:url\" content=\"https:\/\/sey.fi\/alahakita\/ala-hakita\/miksi-ei\/hakki-vai-tarha\/\" \/>\n<meta property=\"og:site_name\" content=\"\u00c4l\u00e4 h\u00e4kit\u00e4\" \/>\n<meta property=\"article:modified_time\" content=\"2019-12-09T08:14:56+00:00\" \/>\n<meta property=\"og:image\" content=\"https:\/\/sey.fi\/wp-content\/uploads\/sites\/46\/2019\/12\/pienbeagle.jpg\" \/>\n\t<meta property=\"og:image:width\" content=\"423\" \/>\n\t<meta property=\"og:image:height\" content=\"284\" \/>\n\t<meta property=\"og:image:type\" content=\"image\/jpeg\" \/>\n<meta name=\"twitter:card\" content=\"summary_large_image\" \/>\n<script type=\"application\/ld+json\" class=\"yoast-schema-graph\">{\"@context\":\"https:\/\/schema.org\",\"@graph\":[{\"@type\":\"WebPage\",\"@id\":\"https:\/\/sey.fi\/alahakita\/ala-hakita\/miksi-ei\/hakki-vai-tarha\/\",\"url\":\"https:\/\/sey.fi\/alahakita\/ala-hakita\/miksi-ei\/hakki-vai-tarha\/\",\"name\":\"H\u00e4kki vai tarha? - \u00c4l\u00e4 h\u00e4kit\u00e4\",\"isPartOf\":{\"@id\":\"https:\/\/sey.fi\/alahakita\/#website\"},\"primaryImageOfPage\":{\"@id\":\"https:\/\/sey.fi\/alahakita\/ala-hakita\/miksi-ei\/hakki-vai-tarha\/#primaryimage\"},\"image\":{\"@id\":\"https:\/\/sey.fi\/alahakita\/ala-hakita\/miksi-ei\/hakki-vai-tarha\/#primaryimage\"},\"thumbnailUrl\":\"https:\/\/sey.fi\/wp-content\/uploads\/sites\/46\/2019\/12\/pienbeagle.jpg\",\"datePublished\":\"2019-12-09T07:53:51+00:00\",\"dateModified\":\"2019-12-09T08:14:56+00:00\",\"breadcrumb\":{\"@id\":\"https:\/\/sey.fi\/alahakita\/ala-hakita\/miksi-ei\/hakki-vai-tarha\/#breadcrumb\"},\"inLanguage\":\"fi\",\"potentialAction\":[{\"@type\":\"ReadAction\",\"target\":[\"https:\/\/sey.fi\/alahakita\/ala-hakita\/miksi-ei\/hakki-vai-tarha\/\"]}]},{\"@type\":\"ImageObject\",\"inLanguage\":\"fi\",\"@id\":\"https:\/\/sey.fi\/alahakita\/ala-hakita\/miksi-ei\/hakki-vai-tarha\/#primaryimage\",\"url\":\"https:\/\/sey.fi\/wp-content\/uploads\/sites\/46\/2019\/12\/pienbeagle.jpg\",\"contentUrl\":\"https:\/\/sey.fi\/wp-content\/uploads\/sites\/46\/2019\/12\/pienbeagle.jpg\",\"width\":423,\"height\":284},{\"@type\":\"BreadcrumbList\",\"@id\":\"https:\/\/sey.fi\/alahakita\/ala-hakita\/miksi-ei\/hakki-vai-tarha\/#breadcrumb\",\"itemListElement\":[{\"@type\":\"ListItem\",\"position\":1,\"name\":\"Home\",\"item\":\"https:\/\/sey.fi\/alahakita\/\"},{\"@type\":\"ListItem\",\"position\":2,\"name\":\"\u00c4l\u00e4 h\u00e4kit\u00e4\",\"item\":\"https:\/\/sey.fi\/alahakita\/\"},{\"@type\":\"ListItem\",\"position\":3,\"name\":\"Miksi ei?\",\"item\":\"https:\/\/sey.fi\/alahakita\/ala-hakita\/miksi-ei\/\"},{\"@type\":\"ListItem\",\"position\":4,\"name\":\"H\u00e4kki vai tarha?\"}]},{\"@type\":\"WebSite\",\"@id\":\"https:\/\/sey.fi\/alahakita\/#website\",\"url\":\"https:\/\/sey.fi\/alahakita\/\",\"name\":\"\u00c4l\u00e4 h\u00e4kit\u00e4\",\"description\":\"Uusi SEY J\u00e4senyhdistykset -sivusto\",\"potentialAction\":[{\"@type\":\"SearchAction\",\"target\":{\"@type\":\"EntryPoint\",\"urlTemplate\":\"https:\/\/sey.fi\/alahakita\/?s={search_term_string}\"},\"query-input\":{\"@type\":\"PropertyValueSpecification\",\"valueRequired\":true,\"valueName\":\"search_term_string\"}}],\"inLanguage\":\"fi\"}]}<\/script>\n<!-- \/ Yoast SEO plugin. -->","yoast_head_json":{"title":"H\u00e4kki vai tarha? - \u00c4l\u00e4 h\u00e4kit\u00e4","robots":{"index":"index","follow":"follow","max-snippet":"max-snippet:-1","max-image-preview":"max-image-preview:large","max-video-preview":"max-video-preview:-1"},"canonical":"https:\/\/sey.fi\/alahakita\/ala-hakita\/miksi-ei\/hakki-vai-tarha\/","og_locale":"fi_FI","og_type":"article","og_title":"H\u00e4kki vai tarha? - \u00c4l\u00e4 h\u00e4kit\u00e4","og_description":"T\u00e4ll\u00e4 sivustolla h\u00e4kist\u00e4 puhuttaessa tarkoitetaan metallista tai muusta kest\u00e4v\u00e4st\u00e4 materiaalista tehty\u00e4, laatikkomaista rakennelmaa. H\u00e4kki voi olla my\u00f6s ns. kevyth\u00e4kki. Koirien pitoon tarkoitettu tarha on eri asia. Tarha on rajattu tila, mutta se on yleens\u00e4 monta kertaa h\u00e4kki\u00e4 suurempi ja se on yleens\u00e4 ulkona. Ulkotarhassa koiralla on oltava suojanaan koppi tai sen on halutessaan p\u00e4\u00e4st\u00e4v\u00e4 sis\u00e4lle [&hellip;]","og_url":"https:\/\/sey.fi\/alahakita\/ala-hakita\/miksi-ei\/hakki-vai-tarha\/","og_site_name":"\u00c4l\u00e4 h\u00e4kit\u00e4","article_modified_time":"2019-12-09T08:14:56+00:00","og_image":[{"width":423,"height":284,"url":"https:\/\/sey.fi\/wp-content\/uploads\/sites\/46\/2019\/12\/pienbeagle.jpg","type":"image\/jpeg"}],"twitter_card":"summary_large_image","schema":{"@context":"https:\/\/schema.org","@graph":[{"@type":"WebPage","@id":"https:\/\/sey.fi\/alahakita\/ala-hakita\/miksi-ei\/hakki-vai-tarha\/","url":"https:\/\/sey.fi\/alahakita\/ala-hakita\/miksi-ei\/hakki-vai-tarha\/","name":"H\u00e4kki vai tarha? - \u00c4l\u00e4 h\u00e4kit\u00e4","isPartOf":{"@id":"https:\/\/sey.fi\/alahakita\/#website"},"primaryImageOfPage":{"@id":"https:\/\/sey.fi\/alahakita\/ala-hakita\/miksi-ei\/hakki-vai-tarha\/#primaryimage"},"image":{"@id":"https:\/\/sey.fi\/alahakita\/ala-hakita\/miksi-ei\/hakki-vai-tarha\/#primaryimage"},"thumbnailUrl":"https:\/\/sey.fi\/wp-content\/uploads\/sites\/46\/2019\/12\/pienbeagle.jpg","datePublished":"2019-12-09T07:53:51+00:00","dateModified":"2019-12-09T08:14:56+00:00","breadcrumb":{"@id":"https:\/\/sey.fi\/alahakita\/ala-hakita\/miksi-ei\/hakki-vai-tarha\/#breadcrumb"},"inLanguage":"fi","potentialAction":[{"@type":"ReadAction","target":["https:\/\/sey.fi\/alahakita\/ala-hakita\/miksi-ei\/hakki-vai-tarha\/"]}]},{"@type":"ImageObject","inLanguage":"fi","@id":"https:\/\/sey.fi\/alahakita\/ala-hakita\/miksi-ei\/hakki-vai-tarha\/#primaryimage","url":"https:\/\/sey.fi\/wp-content\/uploads\/sites\/46\/2019\/12\/pienbeagle.jpg","contentUrl":"https:\/\/sey.fi\/wp-content\/uploads\/sites\/46\/2019\/12\/pienbeagle.jpg","width":423,"height":284},{"@type":"BreadcrumbList","@id":"https:\/\/sey.fi\/alahakita\/ala-hakita\/miksi-ei\/hakki-vai-tarha\/#breadcrumb","itemListElement":[{"@type":"ListItem","position":1,"name":"Home","item":"https:\/\/sey.fi\/alahakita\/"},{"@type":"ListItem","position":2,"name":"\u00c4l\u00e4 h\u00e4kit\u00e4","item":"https:\/\/sey.fi\/alahakita\/"},{"@type":"ListItem","position":3,"name":"Miksi ei?","item":"https:\/\/sey.fi\/alahakita\/ala-hakita\/miksi-ei\/"},{"@type":"ListItem","position":4,"name":"H\u00e4kki vai tarha?"}]},{"@type":"WebSite","@id":"https:\/\/sey.fi\/alahakita\/#website","url":"https:\/\/sey.fi\/alahakita\/","name":"\u00c4l\u00e4 h\u00e4kit\u00e4","description":"Uusi SEY J\u00e4senyhdistykset -sivusto","potentialAction":[{"@type":"SearchAction","target":{"@type":"EntryPoint","urlTemplate":"https:\/\/sey.fi\/alahakita\/?s={search_term_string}"},"query-input":{"@type":"PropertyValueSpecification","valueRequired":true,"valueName":"search_term_string"}}],"inLanguage":"fi"}]}},"_links":{"self":[{"href":"https:\/\/sey.fi\/alahakita\/wp-json\/wp\/v2\/pages\/23","targetHints":{"allow":["GET"]}}],"collection":[{"href":"https:\/\/sey.fi\/alahakita\/wp-json\/wp\/v2\/pages"}],"about":[{"href":"https:\/\/sey.fi\/alahakita\/wp-json\/wp\/v2\/types\/page"}],"author":[{"embeddable":true,"href":"https:\/\/sey.fi\/alahakita\/wp-json\/wp\/v2\/users\/8"}],"replies":[{"embeddable":true,"href":"https:\/\/sey.fi\/alahakita\/wp-json\/wp\/v2\/comments?post=23"}],"version-history":[{"count":1,"href":"https:\/\/sey.fi\/alahakita\/wp-json\/wp\/v2\/pages\/23\/revisions"}],"predecessor-version":[{"id":24,"href":"https:\/\/sey.fi\/alahakita\/wp-json\/wp\/v2\/pages\/23\/revisions\/24"}],"up":[{"embeddable":true,"href":"https:\/\/sey.fi\/alahakita\/wp-json\/wp\/v2\/pages\/20"}],"wp:featuredmedia":[{"embeddable":true,"href":"https:\/\/sey.fi\/alahakita\/wp-json\/wp\/v2\/media\/45"}],"wp:attachment":[{"href":"https:\/\/sey.fi\/alahakita\/wp-json\/wp\/v2\/media?parent=23"}],"curies":[{"name":"wp","href":"https:\/\/api.w.org\/{rel}","templated":true}]}}