{"id":25,"date":"2019-12-09T09:58:08","date_gmt":"2019-12-09T07:58:08","guid":{"rendered":"http:\/\/srvr10.xetpoint.com\/~seyfi\/alahakita\/?page_id=25"},"modified":"2019-12-09T10:00:27","modified_gmt":"2019-12-09T08:00:27","slug":"mita-laissa-sanotaan","status":"publish","type":"page","link":"https:\/\/sey.fi\/alahakita\/ala-hakita\/miksi-ei\/mita-laissa-sanotaan\/","title":{"rendered":"Mit\u00e4 laissa sanotaan?"},"content":{"rendered":"\n<p>Koirien, kuten kaikkien el\u00e4inten hoidosta ja kohtelusta m\u00e4\u00e4r\u00e4\u00e4 Suomessa el\u00e4insuojelulaki ja -asetus.<\/p>\n\n\n\n<p>Suomen el\u00e4insuojelulains\u00e4\u00e4d\u00e4nt\u00f6 on monilta osin ylimalkainen tai  puutteellinen. Kuitenkin lains\u00e4\u00e4t\u00e4j\u00e4 on katsonut tarpeelliseksi m\u00e4\u00e4r\u00e4t\u00e4  koiran pit\u00e4misest\u00e4 kuljetukseen tarkoitetussa h\u00e4kiss\u00e4 hyvin tarkasti.<\/p>\n\n\n\n<p> Koiran h\u00e4kityksest\u00e4 m\u00e4\u00e4r\u00e4t\u00e4\u00e4n seuraavasti: <\/p>\n\n\n\n<h3 class=\"wp-block-heading\"><strong><a href=\"http:\/\/www.finlex.fi\/fi\/laki\/ajantasa\/1996\/19960396\" target=\"_blank\" rel=\"noreferrer noopener\">El\u00e4insuojeluasetus 22 \u00a7<\/a> El\u00e4imen s\u00e4ilytt\u00e4minen sen pitopaikaksi soveltumattomassa tilassa<\/strong><\/h3>\n\n\n\n<p><em>&#8221;Kissaa tai koiraa taikka muuta el\u00e4int\u00e4 saadaan pit\u00e4\u00e4 sen  kuljetukseen tarkoitetussa laatikossa tai h\u00e4kiss\u00e4 taikka muussa  vastaavassa pienikokoisessa s\u00e4ilytystilassa vain, jos el\u00e4imen  kuljettaminen, sairaus tai muu tilap\u00e4inen ja hyv\u00e4ksytt\u00e4v\u00e4 syy sit\u00e4  vaatii.&#8221;<\/em><\/p>\n\n\n\n<h2 class=\"wp-block-heading\">Pitopaikan&nbsp;koko<\/h2>\n\n\n\n<p>\nLis\u00e4ksi el\u00e4insuojeluasetus 1 \u00a7 m\u00e4\u00e4r\u00e4\u00e4, ett\u00e4 el\u00e4imen pitopaikan tulee \nolla lajin erityistarpeet huomioon ottaen riitt\u00e4v\u00e4n tilava ja sen tulee \npysty\u00e4 liikkumaan siin\u00e4. Mik\u00e4li koiraa pidet\u00e4\u00e4n h\u00e4kiss\u00e4 jatkuvasti, \nm\u00e4\u00e4r\u00e4ytyy h\u00e4kin minimikoko oheisen taulukon mukaisesti koiran painosta \nriippuen. (MMM:n asetus 2\/EEO\/1998)\n\n<\/p>\n\n\n\n<figure class=\"wp-block-image\"><img loading=\"lazy\" decoding=\"async\" width=\"654\" height=\"176\" src=\"https:\/\/sey.fi\/wp-content\/uploads\/sites\/46\/2019\/12\/hakkien_kokotaulukko.png\" alt=\"\" class=\"wp-image-26\" srcset=\"https:\/\/sey.fi\/wp-content\/uploads\/sites\/46\/2019\/12\/hakkien_kokotaulukko.png 654w, https:\/\/sey.fi\/wp-content\/uploads\/sites\/46\/2019\/12\/hakkien_kokotaulukko-300x81.png 300w\" sizes=\"auto, (max-width: 654px) 100vw, 654px\" \/><\/figure>\n\n\n\n<p>Taulukossa esitettyj\u00e4 lukuja voi konkretisoida miettim\u00e4ll\u00e4, ett\u00e4 \nnormaalin paris\u00e4ngyn pinta-ala on noin 3,2 neli\u00f6metri\u00e4. Senkin kokoinen \nh\u00e4kki on liian pieni 30-kiloiselle koiralle.<\/p>\n\n\n\n<p>Lis\u00e4ksi koiran pitoon tarkoitetusta h\u00e4kist\u00e4 m\u00e4\u00e4r\u00e4t\u00e4\u00e4n, ett\u00e4 sen on \noltava korkeudeltaan v\u00e4hint\u00e4\u00e4n koiran pituus rintalastasta h\u00e4nn\u00e4n \njuureen kerrottuna kahdella. Mik\u00e4li samassa h\u00e4kiss\u00e4 pidet\u00e4\u00e4n useita \nkoiria, m\u00e4\u00e4r\u00e4ytyy korkeus suurimman koiran koon mukaan. Pitopaikan \nlattian tulee olla kiinte\u00e4pohjainen ja tilan l\u00e4mp\u00f6tilaltaan ja \nilmanlaadultaan sopiva.<\/p>\n","protected":false},"excerpt":{"rendered":"<p>Koirien, kuten kaikkien el\u00e4inten hoidosta ja kohtelusta m\u00e4\u00e4r\u00e4\u00e4 Suomessa el\u00e4insuojelulaki ja -asetus. Suomen el\u00e4insuojelulains\u00e4\u00e4d\u00e4nt\u00f6 on monilta osin ylimalkainen tai puutteellinen. Kuitenkin lains\u00e4\u00e4t\u00e4j\u00e4 on katsonut tarpeelliseksi m\u00e4\u00e4r\u00e4t\u00e4 koiran pit\u00e4misest\u00e4 kuljetukseen tarkoitetussa h\u00e4kiss\u00e4 hyvin tarkasti. Koiran h\u00e4kityksest\u00e4 m\u00e4\u00e4r\u00e4t\u00e4\u00e4n seuraavasti: El\u00e4insuojeluasetus 22 \u00a7 El\u00e4imen s\u00e4ilytt\u00e4minen sen pitopaikaksi soveltumattomassa tilassa &#8221;Kissaa tai koiraa taikka muuta el\u00e4int\u00e4 saadaan pit\u00e4\u00e4 sen [&hellip;]<\/p>\n","protected":false},"author":8,"featured_media":0,"parent":20,"menu_order":0,"comment_status":"closed","ping_status":"closed","template":"","meta":{"_acf_changed":false,"footnotes":""},"class_list":["post-25","page","type-page","status-publish","hentry"],"acf":[],"yoast_head":"<!-- This site is optimized with the Yoast SEO plugin v27.1.1 - https:\/\/yoast.com\/product\/yoast-seo-wordpress\/ -->\n<title>Mit\u00e4 laissa sanotaan? - \u00c4l\u00e4 h\u00e4kit\u00e4<\/title>\n<meta name=\"robots\" content=\"index, follow, max-snippet:-1, max-image-preview:large, max-video-preview:-1\" \/>\n<link rel=\"canonical\" href=\"https:\/\/sey.fi\/alahakita\/ala-hakita\/miksi-ei\/mita-laissa-sanotaan\/\" \/>\n<meta property=\"og:locale\" content=\"fi_FI\" \/>\n<meta property=\"og:type\" content=\"article\" \/>\n<meta property=\"og:title\" content=\"Mit\u00e4 laissa sanotaan? - \u00c4l\u00e4 h\u00e4kit\u00e4\" \/>\n<meta property=\"og:description\" content=\"Koirien, kuten kaikkien el\u00e4inten hoidosta ja kohtelusta m\u00e4\u00e4r\u00e4\u00e4 Suomessa el\u00e4insuojelulaki ja -asetus. Suomen el\u00e4insuojelulains\u00e4\u00e4d\u00e4nt\u00f6 on monilta osin ylimalkainen tai puutteellinen. Kuitenkin lains\u00e4\u00e4t\u00e4j\u00e4 on katsonut tarpeelliseksi m\u00e4\u00e4r\u00e4t\u00e4 koiran pit\u00e4misest\u00e4 kuljetukseen tarkoitetussa h\u00e4kiss\u00e4 hyvin tarkasti. Koiran h\u00e4kityksest\u00e4 m\u00e4\u00e4r\u00e4t\u00e4\u00e4n seuraavasti: El\u00e4insuojeluasetus 22 \u00a7 El\u00e4imen s\u00e4ilytt\u00e4minen sen pitopaikaksi soveltumattomassa tilassa &#8221;Kissaa tai koiraa taikka muuta el\u00e4int\u00e4 saadaan pit\u00e4\u00e4 sen [&hellip;]\" \/>\n<meta property=\"og:url\" content=\"https:\/\/sey.fi\/alahakita\/ala-hakita\/miksi-ei\/mita-laissa-sanotaan\/\" \/>\n<meta property=\"og:site_name\" content=\"\u00c4l\u00e4 h\u00e4kit\u00e4\" \/>\n<meta property=\"article:modified_time\" content=\"2019-12-09T08:00:27+00:00\" \/>\n<meta property=\"og:image\" content=\"https:\/\/sey.fi\/wp-content\/uploads\/sites\/46\/2019\/12\/hakkien_kokotaulukko.png\" \/>\n\t<meta property=\"og:image:width\" content=\"654\" \/>\n\t<meta property=\"og:image:height\" content=\"176\" \/>\n\t<meta property=\"og:image:type\" content=\"image\/png\" \/>\n<meta name=\"twitter:card\" content=\"summary_large_image\" \/>\n<meta name=\"twitter:label1\" content=\"Arvioitu lukuaika\" \/>\n\t<meta name=\"twitter:data1\" content=\"1 minuutti\" \/>\n<script type=\"application\/ld+json\" class=\"yoast-schema-graph\">{\"@context\":\"https:\/\/schema.org\",\"@graph\":[{\"@type\":\"WebPage\",\"@id\":\"https:\/\/sey.fi\/alahakita\/ala-hakita\/miksi-ei\/mita-laissa-sanotaan\/\",\"url\":\"https:\/\/sey.fi\/alahakita\/ala-hakita\/miksi-ei\/mita-laissa-sanotaan\/\",\"name\":\"Mit\u00e4 laissa sanotaan? - \u00c4l\u00e4 h\u00e4kit\u00e4\",\"isPartOf\":{\"@id\":\"https:\/\/sey.fi\/alahakita\/#website\"},\"primaryImageOfPage\":{\"@id\":\"https:\/\/sey.fi\/alahakita\/ala-hakita\/miksi-ei\/mita-laissa-sanotaan\/#primaryimage\"},\"image\":{\"@id\":\"https:\/\/sey.fi\/alahakita\/ala-hakita\/miksi-ei\/mita-laissa-sanotaan\/#primaryimage\"},\"thumbnailUrl\":\"https:\/\/sey.fi\/wp-content\/uploads\/sites\/46\/2019\/12\/hakkien_kokotaulukko.png\",\"datePublished\":\"2019-12-09T07:58:08+00:00\",\"dateModified\":\"2019-12-09T08:00:27+00:00\",\"breadcrumb\":{\"@id\":\"https:\/\/sey.fi\/alahakita\/ala-hakita\/miksi-ei\/mita-laissa-sanotaan\/#breadcrumb\"},\"inLanguage\":\"fi\",\"potentialAction\":[{\"@type\":\"ReadAction\",\"target\":[\"https:\/\/sey.fi\/alahakita\/ala-hakita\/miksi-ei\/mita-laissa-sanotaan\/\"]}]},{\"@type\":\"ImageObject\",\"inLanguage\":\"fi\",\"@id\":\"https:\/\/sey.fi\/alahakita\/ala-hakita\/miksi-ei\/mita-laissa-sanotaan\/#primaryimage\",\"url\":\"https:\/\/sey.fi\/wp-content\/uploads\/sites\/46\/2019\/12\/hakkien_kokotaulukko.png\",\"contentUrl\":\"https:\/\/sey.fi\/wp-content\/uploads\/sites\/46\/2019\/12\/hakkien_kokotaulukko.png\"},{\"@type\":\"BreadcrumbList\",\"@id\":\"https:\/\/sey.fi\/alahakita\/ala-hakita\/miksi-ei\/mita-laissa-sanotaan\/#breadcrumb\",\"itemListElement\":[{\"@type\":\"ListItem\",\"position\":1,\"name\":\"Home\",\"item\":\"https:\/\/sey.fi\/alahakita\/\"},{\"@type\":\"ListItem\",\"position\":2,\"name\":\"\u00c4l\u00e4 h\u00e4kit\u00e4\",\"item\":\"https:\/\/sey.fi\/alahakita\/\"},{\"@type\":\"ListItem\",\"position\":3,\"name\":\"Miksi ei?\",\"item\":\"https:\/\/sey.fi\/alahakita\/ala-hakita\/miksi-ei\/\"},{\"@type\":\"ListItem\",\"position\":4,\"name\":\"Mit\u00e4 laissa sanotaan?\"}]},{\"@type\":\"WebSite\",\"@id\":\"https:\/\/sey.fi\/alahakita\/#website\",\"url\":\"https:\/\/sey.fi\/alahakita\/\",\"name\":\"\u00c4l\u00e4 h\u00e4kit\u00e4\",\"description\":\"Uusi SEY J\u00e4senyhdistykset -sivusto\",\"potentialAction\":[{\"@type\":\"SearchAction\",\"target\":{\"@type\":\"EntryPoint\",\"urlTemplate\":\"https:\/\/sey.fi\/alahakita\/?s={search_term_string}\"},\"query-input\":{\"@type\":\"PropertyValueSpecification\",\"valueRequired\":true,\"valueName\":\"search_term_string\"}}],\"inLanguage\":\"fi\"}]}<\/script>\n<!-- \/ Yoast SEO plugin. -->","yoast_head_json":{"title":"Mit\u00e4 laissa sanotaan? - \u00c4l\u00e4 h\u00e4kit\u00e4","robots":{"index":"index","follow":"follow","max-snippet":"max-snippet:-1","max-image-preview":"max-image-preview:large","max-video-preview":"max-video-preview:-1"},"canonical":"https:\/\/sey.fi\/alahakita\/ala-hakita\/miksi-ei\/mita-laissa-sanotaan\/","og_locale":"fi_FI","og_type":"article","og_title":"Mit\u00e4 laissa sanotaan? - \u00c4l\u00e4 h\u00e4kit\u00e4","og_description":"Koirien, kuten kaikkien el\u00e4inten hoidosta ja kohtelusta m\u00e4\u00e4r\u00e4\u00e4 Suomessa el\u00e4insuojelulaki ja -asetus. Suomen el\u00e4insuojelulains\u00e4\u00e4d\u00e4nt\u00f6 on monilta osin ylimalkainen tai puutteellinen. Kuitenkin lains\u00e4\u00e4t\u00e4j\u00e4 on katsonut tarpeelliseksi m\u00e4\u00e4r\u00e4t\u00e4 koiran pit\u00e4misest\u00e4 kuljetukseen tarkoitetussa h\u00e4kiss\u00e4 hyvin tarkasti. Koiran h\u00e4kityksest\u00e4 m\u00e4\u00e4r\u00e4t\u00e4\u00e4n seuraavasti: El\u00e4insuojeluasetus 22 \u00a7 El\u00e4imen s\u00e4ilytt\u00e4minen sen pitopaikaksi soveltumattomassa tilassa &#8221;Kissaa tai koiraa taikka muuta el\u00e4int\u00e4 saadaan pit\u00e4\u00e4 sen [&hellip;]","og_url":"https:\/\/sey.fi\/alahakita\/ala-hakita\/miksi-ei\/mita-laissa-sanotaan\/","og_site_name":"\u00c4l\u00e4 h\u00e4kit\u00e4","article_modified_time":"2019-12-09T08:00:27+00:00","og_image":[{"width":654,"height":176,"url":"https:\/\/sey.fi\/wp-content\/uploads\/sites\/46\/2019\/12\/hakkien_kokotaulukko.png","type":"image\/png"}],"twitter_card":"summary_large_image","twitter_misc":{"Arvioitu lukuaika":"1 minuutti"},"schema":{"@context":"https:\/\/schema.org","@graph":[{"@type":"WebPage","@id":"https:\/\/sey.fi\/alahakita\/ala-hakita\/miksi-ei\/mita-laissa-sanotaan\/","url":"https:\/\/sey.fi\/alahakita\/ala-hakita\/miksi-ei\/mita-laissa-sanotaan\/","name":"Mit\u00e4 laissa sanotaan? - \u00c4l\u00e4 h\u00e4kit\u00e4","isPartOf":{"@id":"https:\/\/sey.fi\/alahakita\/#website"},"primaryImageOfPage":{"@id":"https:\/\/sey.fi\/alahakita\/ala-hakita\/miksi-ei\/mita-laissa-sanotaan\/#primaryimage"},"image":{"@id":"https:\/\/sey.fi\/alahakita\/ala-hakita\/miksi-ei\/mita-laissa-sanotaan\/#primaryimage"},"thumbnailUrl":"https:\/\/sey.fi\/wp-content\/uploads\/sites\/46\/2019\/12\/hakkien_kokotaulukko.png","datePublished":"2019-12-09T07:58:08+00:00","dateModified":"2019-12-09T08:00:27+00:00","breadcrumb":{"@id":"https:\/\/sey.fi\/alahakita\/ala-hakita\/miksi-ei\/mita-laissa-sanotaan\/#breadcrumb"},"inLanguage":"fi","potentialAction":[{"@type":"ReadAction","target":["https:\/\/sey.fi\/alahakita\/ala-hakita\/miksi-ei\/mita-laissa-sanotaan\/"]}]},{"@type":"ImageObject","inLanguage":"fi","@id":"https:\/\/sey.fi\/alahakita\/ala-hakita\/miksi-ei\/mita-laissa-sanotaan\/#primaryimage","url":"https:\/\/sey.fi\/wp-content\/uploads\/sites\/46\/2019\/12\/hakkien_kokotaulukko.png","contentUrl":"https:\/\/sey.fi\/wp-content\/uploads\/sites\/46\/2019\/12\/hakkien_kokotaulukko.png"},{"@type":"BreadcrumbList","@id":"https:\/\/sey.fi\/alahakita\/ala-hakita\/miksi-ei\/mita-laissa-sanotaan\/#breadcrumb","itemListElement":[{"@type":"ListItem","position":1,"name":"Home","item":"https:\/\/sey.fi\/alahakita\/"},{"@type":"ListItem","position":2,"name":"\u00c4l\u00e4 h\u00e4kit\u00e4","item":"https:\/\/sey.fi\/alahakita\/"},{"@type":"ListItem","position":3,"name":"Miksi ei?","item":"https:\/\/sey.fi\/alahakita\/ala-hakita\/miksi-ei\/"},{"@type":"ListItem","position":4,"name":"Mit\u00e4 laissa sanotaan?"}]},{"@type":"WebSite","@id":"https:\/\/sey.fi\/alahakita\/#website","url":"https:\/\/sey.fi\/alahakita\/","name":"\u00c4l\u00e4 h\u00e4kit\u00e4","description":"Uusi SEY J\u00e4senyhdistykset -sivusto","potentialAction":[{"@type":"SearchAction","target":{"@type":"EntryPoint","urlTemplate":"https:\/\/sey.fi\/alahakita\/?s={search_term_string}"},"query-input":{"@type":"PropertyValueSpecification","valueRequired":true,"valueName":"search_term_string"}}],"inLanguage":"fi"}]}},"_links":{"self":[{"href":"https:\/\/sey.fi\/alahakita\/wp-json\/wp\/v2\/pages\/25","targetHints":{"allow":["GET"]}}],"collection":[{"href":"https:\/\/sey.fi\/alahakita\/wp-json\/wp\/v2\/pages"}],"about":[{"href":"https:\/\/sey.fi\/alahakita\/wp-json\/wp\/v2\/types\/page"}],"author":[{"embeddable":true,"href":"https:\/\/sey.fi\/alahakita\/wp-json\/wp\/v2\/users\/8"}],"replies":[{"embeddable":true,"href":"https:\/\/sey.fi\/alahakita\/wp-json\/wp\/v2\/comments?post=25"}],"version-history":[{"count":3,"href":"https:\/\/sey.fi\/alahakita\/wp-json\/wp\/v2\/pages\/25\/revisions"}],"predecessor-version":[{"id":29,"href":"https:\/\/sey.fi\/alahakita\/wp-json\/wp\/v2\/pages\/25\/revisions\/29"}],"up":[{"embeddable":true,"href":"https:\/\/sey.fi\/alahakita\/wp-json\/wp\/v2\/pages\/20"}],"wp:attachment":[{"href":"https:\/\/sey.fi\/alahakita\/wp-json\/wp\/v2\/media?parent=25"}],"curies":[{"name":"wp","href":"https:\/\/api.w.org\/{rel}","templated":true}]}}