{"id":30,"date":"2019-12-09T10:01:54","date_gmt":"2019-12-09T08:01:54","guid":{"rendered":"http:\/\/srvr10.xetpoint.com\/~seyfi\/alahakita\/?page_id=30"},"modified":"2019-12-09T10:01:56","modified_gmt":"2019-12-09T08:01:56","slug":"lain-tulkinta","status":"publish","type":"page","link":"https:\/\/sey.fi\/alahakita\/ala-hakita\/miksi-ei\/mita-laissa-sanotaan\/lain-tulkinta\/","title":{"rendered":"Lain tulkinta"},"content":{"rendered":"\n<p> Korkein oikeus ei ole k\u00e4sitellyt el\u00e4insuojeluasetus 22 \u00a7:n liittyvi\u00e4  tapauksia, joten ns. ennakkotapauksia asiasta ei ole saatavilla. <\/p>\n\n\n\n<h2 class=\"wp-block-heading\">L\u00e4\u00e4ninel\u00e4inl\u00e4\u00e4k\u00e4rin tulkinta<\/h2>\n\n\n\n<p>SEY on pyyt\u00e4nyt tulkinnan asetuksen kohdasta Uudenmaan l\u00e4\u00e4nin l\u00e4\u00e4ninel\u00e4inl\u00e4\u00e4k\u00e4ri <strong>Tapani Parviaiselta<\/strong>:<\/p>\n\n\n\n<p><em>El\u00e4insuojeluasetus 22 \u00a7 m\u00e4\u00e4r\u00e4\u00e4, ett\u00e4 koiraa tai mit\u00e4\u00e4n muuta \nel\u00e4int\u00e4 ei saa pit\u00e4\u00e4 kuljetuslaatikossa, h\u00e4kiss\u00e4 tai muussa vastaavassa \npienikokoisessa s\u00e4ilytystilassa ellei el\u00e4imen kuljettaminen, sairaus tai\n muu tilap\u00e4inen ja hyv\u00e4ksytt\u00e4v\u00e4 syy sit\u00e4 vaadi.<\/em><\/p>\n\n\n\n<p><em>Koiran pito h\u00e4kiss\u00e4 ei siis saa olla jatkuvaa eik\u00e4 toistuvaa. \nHyv\u00e4ksytt\u00e4vi\u00e4 syit\u00e4 h\u00e4kiss\u00e4 pidolle ovat esimerkiksi sellainen koiran \nsairaus, joka vaatii h\u00e4kiss\u00e4 pitoa esimerkiksi murtunut raaja, koiran \npito h\u00e4kiss\u00e4 asunnon siivouksen ajan tai jos koiran kotiin tulee \nsellaisia vieraita, joita koira pelk\u00e4\u00e4 tai jotka pelk\u00e4\u00e4v\u00e4t koiraa.<\/em><\/p>\n\n\n\n<p><em>Kyseess\u00e4 ei siis saa olla koiran jatkuva h\u00e4kkiin sulkeminen. \nJokap\u00e4iv\u00e4inen h\u00e4kkiin sulkeminen esimerkiksi ty\u00f6p\u00e4iv\u00e4n ajaksi on \ntyypillinen esimerkki t\u00e4llaisesta kielletyst\u00e4 h\u00e4kkiin sulkemisesta. \nJatkuvassa pidossa h\u00e4kin on t\u00e4ytett\u00e4v\u00e4 MMM:n m\u00e4\u00e4r\u00e4yksen vaatimukset.<\/em><\/p>\n\n\n\n<p><em>Asetuksen rikkomukset ovat yleisi\u00e4 kenneleiss\u00e4, joissa on koiranpitoon virheelliset rakenteet.<\/em><\/p>\n\n\n\n<h2 class=\"wp-block-heading\">El\u00e4insuojeluel\u00e4inl\u00e4\u00e4k\u00e4rin tulkinta<\/h2>\n\n\n\n<p>Pyysimme tulkinnan my\u00f6s<strong> Helsingin el\u00e4insuojeluel\u00e4inl\u00e4\u00e4k\u00e4ri Tuija Saarelta:<\/strong><\/p>\n\n\n\n<p><em>Lyhytaikaisesti ja tilap\u00e4isesti koiran sulkeminen h\u00e4kkiin on \nasetuksen mukaan sallittua, sill\u00e4 onhan s\u00e4hk\u00f6johtoja pureksiva ja \np\u00f6ydille kiipeilev\u00e4 pentu my\u00f6s vaaraksi itselleen, mutta esimerkiksi \nty\u00f6p\u00e4iv\u00e4n tai muun pidemm\u00e4n poissaolon ajaksi tilanteeseen pit\u00e4\u00e4 keksi\u00e4 \nlaillinen ratkaisu.<\/em><\/p>\n\n\n\n<p><em>My\u00f6s kasvattajien on t\u00e4rke\u00e4 muistaa, ett\u00e4 koirat saavat oleilla \nh\u00e4keiss\u00e4 vain tilap\u00e4isesti ja hyv\u00e4ksytt\u00e4v\u00e4st\u00e4 syyst\u00e4. Koiram\u00e4\u00e4r\u00e4n ja \ntilan tulee olla j\u00e4rkev\u00e4ss\u00e4 suhteessa toisiinsa, jotta ei ajauduta \nlaittomaan h\u00e4kiss\u00e4 pit\u00e4miseen.<\/em><\/p>\n\n\n\n<p><em>Jos koira halutaan pit\u00e4\u00e4 h\u00e4kiss\u00e4, h\u00e4kin koosta on omat \nm\u00e4\u00e4r\u00e4yksens\u00e4. Esimerkiksi 10 kiloa painavan koiran h\u00e4kin pinta-alan on \noltava v\u00e4hint\u00e4\u00e4n kaksi neli\u00f6metri\u00e4. 40-kiloisella koko kasvaa 4,5 \nneli\u00f6metriin.<\/em><\/p>\n\n\n\n<p><em>H\u00e4kiss\u00e4 pit\u00e4miseen tai muuten ep\u00e4asialliseen pitopaikkaan \nliittyvist\u00e4 havainnoista voi ilmoittaa kunnallisille \nel\u00e4insuojeluviranomaisille, joita ovat kunnan- ja \nkaupunginel\u00e4inl\u00e4\u00e4k\u00e4rit, poliisi ja kunnan terveystarkastajat, tai SEY \nSuomen El\u00e4insuojeluyhdistysten liiton el\u00e4insuojeluneuvojille.<\/em><\/p>\n","protected":false},"excerpt":{"rendered":"<p>Korkein oikeus ei ole k\u00e4sitellyt el\u00e4insuojeluasetus 22 \u00a7:n liittyvi\u00e4 tapauksia, joten ns. ennakkotapauksia asiasta ei ole saatavilla. L\u00e4\u00e4ninel\u00e4inl\u00e4\u00e4k\u00e4rin tulkinta SEY on pyyt\u00e4nyt tulkinnan asetuksen kohdasta Uudenmaan l\u00e4\u00e4nin l\u00e4\u00e4ninel\u00e4inl\u00e4\u00e4k\u00e4ri Tapani Parviaiselta: El\u00e4insuojeluasetus 22 \u00a7 m\u00e4\u00e4r\u00e4\u00e4, ett\u00e4 koiraa tai mit\u00e4\u00e4n muuta el\u00e4int\u00e4 ei saa pit\u00e4\u00e4 kuljetuslaatikossa, h\u00e4kiss\u00e4 tai muussa vastaavassa pienikokoisessa s\u00e4ilytystilassa ellei el\u00e4imen kuljettaminen, sairaus tai [&hellip;]<\/p>\n","protected":false},"author":8,"featured_media":0,"parent":25,"menu_order":0,"comment_status":"closed","ping_status":"closed","template":"","meta":{"_acf_changed":false,"footnotes":""},"class_list":["post-30","page","type-page","status-publish","hentry"],"acf":[],"yoast_head":"<!-- This site is optimized with the Yoast SEO plugin v27.1.1 - https:\/\/yoast.com\/product\/yoast-seo-wordpress\/ -->\n<title>Lain tulkinta - \u00c4l\u00e4 h\u00e4kit\u00e4<\/title>\n<meta name=\"robots\" content=\"index, follow, max-snippet:-1, max-image-preview:large, max-video-preview:-1\" \/>\n<link rel=\"canonical\" href=\"https:\/\/sey.fi\/alahakita\/ala-hakita\/miksi-ei\/mita-laissa-sanotaan\/lain-tulkinta\/\" \/>\n<meta property=\"og:locale\" content=\"fi_FI\" \/>\n<meta property=\"og:type\" content=\"article\" \/>\n<meta property=\"og:title\" content=\"Lain tulkinta - \u00c4l\u00e4 h\u00e4kit\u00e4\" \/>\n<meta property=\"og:description\" content=\"Korkein oikeus ei ole k\u00e4sitellyt el\u00e4insuojeluasetus 22 \u00a7:n liittyvi\u00e4 tapauksia, joten ns. ennakkotapauksia asiasta ei ole saatavilla. L\u00e4\u00e4ninel\u00e4inl\u00e4\u00e4k\u00e4rin tulkinta SEY on pyyt\u00e4nyt tulkinnan asetuksen kohdasta Uudenmaan l\u00e4\u00e4nin l\u00e4\u00e4ninel\u00e4inl\u00e4\u00e4k\u00e4ri Tapani Parviaiselta: El\u00e4insuojeluasetus 22 \u00a7 m\u00e4\u00e4r\u00e4\u00e4, ett\u00e4 koiraa tai mit\u00e4\u00e4n muuta el\u00e4int\u00e4 ei saa pit\u00e4\u00e4 kuljetuslaatikossa, h\u00e4kiss\u00e4 tai muussa vastaavassa pienikokoisessa s\u00e4ilytystilassa ellei el\u00e4imen kuljettaminen, sairaus tai [&hellip;]\" \/>\n<meta property=\"og:url\" content=\"https:\/\/sey.fi\/alahakita\/ala-hakita\/miksi-ei\/mita-laissa-sanotaan\/lain-tulkinta\/\" \/>\n<meta property=\"og:site_name\" content=\"\u00c4l\u00e4 h\u00e4kit\u00e4\" \/>\n<meta property=\"article:modified_time\" content=\"2019-12-09T08:01:56+00:00\" \/>\n<meta name=\"twitter:card\" content=\"summary_large_image\" \/>\n<meta name=\"twitter:label1\" content=\"Arvioitu lukuaika\" \/>\n\t<meta name=\"twitter:data1\" content=\"2 minuuttia\" \/>\n<script type=\"application\/ld+json\" class=\"yoast-schema-graph\">{\"@context\":\"https:\/\/schema.org\",\"@graph\":[{\"@type\":\"WebPage\",\"@id\":\"https:\/\/sey.fi\/alahakita\/ala-hakita\/miksi-ei\/mita-laissa-sanotaan\/lain-tulkinta\/\",\"url\":\"https:\/\/sey.fi\/alahakita\/ala-hakita\/miksi-ei\/mita-laissa-sanotaan\/lain-tulkinta\/\",\"name\":\"Lain tulkinta - \u00c4l\u00e4 h\u00e4kit\u00e4\",\"isPartOf\":{\"@id\":\"https:\/\/sey.fi\/alahakita\/#website\"},\"datePublished\":\"2019-12-09T08:01:54+00:00\",\"dateModified\":\"2019-12-09T08:01:56+00:00\",\"breadcrumb\":{\"@id\":\"https:\/\/sey.fi\/alahakita\/ala-hakita\/miksi-ei\/mita-laissa-sanotaan\/lain-tulkinta\/#breadcrumb\"},\"inLanguage\":\"fi\",\"potentialAction\":[{\"@type\":\"ReadAction\",\"target\":[\"https:\/\/sey.fi\/alahakita\/ala-hakita\/miksi-ei\/mita-laissa-sanotaan\/lain-tulkinta\/\"]}]},{\"@type\":\"BreadcrumbList\",\"@id\":\"https:\/\/sey.fi\/alahakita\/ala-hakita\/miksi-ei\/mita-laissa-sanotaan\/lain-tulkinta\/#breadcrumb\",\"itemListElement\":[{\"@type\":\"ListItem\",\"position\":1,\"name\":\"Home\",\"item\":\"https:\/\/sey.fi\/alahakita\/\"},{\"@type\":\"ListItem\",\"position\":2,\"name\":\"\u00c4l\u00e4 h\u00e4kit\u00e4\",\"item\":\"https:\/\/sey.fi\/alahakita\/\"},{\"@type\":\"ListItem\",\"position\":3,\"name\":\"Miksi ei?\",\"item\":\"https:\/\/sey.fi\/alahakita\/ala-hakita\/miksi-ei\/\"},{\"@type\":\"ListItem\",\"position\":4,\"name\":\"Mit\u00e4 laissa sanotaan?\",\"item\":\"https:\/\/sey.fi\/alahakita\/ala-hakita\/miksi-ei\/mita-laissa-sanotaan\/\"},{\"@type\":\"ListItem\",\"position\":5,\"name\":\"Lain tulkinta\"}]},{\"@type\":\"WebSite\",\"@id\":\"https:\/\/sey.fi\/alahakita\/#website\",\"url\":\"https:\/\/sey.fi\/alahakita\/\",\"name\":\"\u00c4l\u00e4 h\u00e4kit\u00e4\",\"description\":\"Uusi SEY J\u00e4senyhdistykset -sivusto\",\"potentialAction\":[{\"@type\":\"SearchAction\",\"target\":{\"@type\":\"EntryPoint\",\"urlTemplate\":\"https:\/\/sey.fi\/alahakita\/?s={search_term_string}\"},\"query-input\":{\"@type\":\"PropertyValueSpecification\",\"valueRequired\":true,\"valueName\":\"search_term_string\"}}],\"inLanguage\":\"fi\"}]}<\/script>\n<!-- \/ Yoast SEO plugin. -->","yoast_head_json":{"title":"Lain tulkinta - \u00c4l\u00e4 h\u00e4kit\u00e4","robots":{"index":"index","follow":"follow","max-snippet":"max-snippet:-1","max-image-preview":"max-image-preview:large","max-video-preview":"max-video-preview:-1"},"canonical":"https:\/\/sey.fi\/alahakita\/ala-hakita\/miksi-ei\/mita-laissa-sanotaan\/lain-tulkinta\/","og_locale":"fi_FI","og_type":"article","og_title":"Lain tulkinta - \u00c4l\u00e4 h\u00e4kit\u00e4","og_description":"Korkein oikeus ei ole k\u00e4sitellyt el\u00e4insuojeluasetus 22 \u00a7:n liittyvi\u00e4 tapauksia, joten ns. ennakkotapauksia asiasta ei ole saatavilla. L\u00e4\u00e4ninel\u00e4inl\u00e4\u00e4k\u00e4rin tulkinta SEY on pyyt\u00e4nyt tulkinnan asetuksen kohdasta Uudenmaan l\u00e4\u00e4nin l\u00e4\u00e4ninel\u00e4inl\u00e4\u00e4k\u00e4ri Tapani Parviaiselta: El\u00e4insuojeluasetus 22 \u00a7 m\u00e4\u00e4r\u00e4\u00e4, ett\u00e4 koiraa tai mit\u00e4\u00e4n muuta el\u00e4int\u00e4 ei saa pit\u00e4\u00e4 kuljetuslaatikossa, h\u00e4kiss\u00e4 tai muussa vastaavassa pienikokoisessa s\u00e4ilytystilassa ellei el\u00e4imen kuljettaminen, sairaus tai [&hellip;]","og_url":"https:\/\/sey.fi\/alahakita\/ala-hakita\/miksi-ei\/mita-laissa-sanotaan\/lain-tulkinta\/","og_site_name":"\u00c4l\u00e4 h\u00e4kit\u00e4","article_modified_time":"2019-12-09T08:01:56+00:00","twitter_card":"summary_large_image","twitter_misc":{"Arvioitu lukuaika":"2 minuuttia"},"schema":{"@context":"https:\/\/schema.org","@graph":[{"@type":"WebPage","@id":"https:\/\/sey.fi\/alahakita\/ala-hakita\/miksi-ei\/mita-laissa-sanotaan\/lain-tulkinta\/","url":"https:\/\/sey.fi\/alahakita\/ala-hakita\/miksi-ei\/mita-laissa-sanotaan\/lain-tulkinta\/","name":"Lain tulkinta - \u00c4l\u00e4 h\u00e4kit\u00e4","isPartOf":{"@id":"https:\/\/sey.fi\/alahakita\/#website"},"datePublished":"2019-12-09T08:01:54+00:00","dateModified":"2019-12-09T08:01:56+00:00","breadcrumb":{"@id":"https:\/\/sey.fi\/alahakita\/ala-hakita\/miksi-ei\/mita-laissa-sanotaan\/lain-tulkinta\/#breadcrumb"},"inLanguage":"fi","potentialAction":[{"@type":"ReadAction","target":["https:\/\/sey.fi\/alahakita\/ala-hakita\/miksi-ei\/mita-laissa-sanotaan\/lain-tulkinta\/"]}]},{"@type":"BreadcrumbList","@id":"https:\/\/sey.fi\/alahakita\/ala-hakita\/miksi-ei\/mita-laissa-sanotaan\/lain-tulkinta\/#breadcrumb","itemListElement":[{"@type":"ListItem","position":1,"name":"Home","item":"https:\/\/sey.fi\/alahakita\/"},{"@type":"ListItem","position":2,"name":"\u00c4l\u00e4 h\u00e4kit\u00e4","item":"https:\/\/sey.fi\/alahakita\/"},{"@type":"ListItem","position":3,"name":"Miksi ei?","item":"https:\/\/sey.fi\/alahakita\/ala-hakita\/miksi-ei\/"},{"@type":"ListItem","position":4,"name":"Mit\u00e4 laissa sanotaan?","item":"https:\/\/sey.fi\/alahakita\/ala-hakita\/miksi-ei\/mita-laissa-sanotaan\/"},{"@type":"ListItem","position":5,"name":"Lain tulkinta"}]},{"@type":"WebSite","@id":"https:\/\/sey.fi\/alahakita\/#website","url":"https:\/\/sey.fi\/alahakita\/","name":"\u00c4l\u00e4 h\u00e4kit\u00e4","description":"Uusi SEY J\u00e4senyhdistykset -sivusto","potentialAction":[{"@type":"SearchAction","target":{"@type":"EntryPoint","urlTemplate":"https:\/\/sey.fi\/alahakita\/?s={search_term_string}"},"query-input":{"@type":"PropertyValueSpecification","valueRequired":true,"valueName":"search_term_string"}}],"inLanguage":"fi"}]}},"_links":{"self":[{"href":"https:\/\/sey.fi\/alahakita\/wp-json\/wp\/v2\/pages\/30","targetHints":{"allow":["GET"]}}],"collection":[{"href":"https:\/\/sey.fi\/alahakita\/wp-json\/wp\/v2\/pages"}],"about":[{"href":"https:\/\/sey.fi\/alahakita\/wp-json\/wp\/v2\/types\/page"}],"author":[{"embeddable":true,"href":"https:\/\/sey.fi\/alahakita\/wp-json\/wp\/v2\/users\/8"}],"replies":[{"embeddable":true,"href":"https:\/\/sey.fi\/alahakita\/wp-json\/wp\/v2\/comments?post=30"}],"version-history":[{"count":1,"href":"https:\/\/sey.fi\/alahakita\/wp-json\/wp\/v2\/pages\/30\/revisions"}],"predecessor-version":[{"id":31,"href":"https:\/\/sey.fi\/alahakita\/wp-json\/wp\/v2\/pages\/30\/revisions\/31"}],"up":[{"embeddable":true,"href":"https:\/\/sey.fi\/alahakita\/wp-json\/wp\/v2\/pages\/25"}],"wp:attachment":[{"href":"https:\/\/sey.fi\/alahakita\/wp-json\/wp\/v2\/media?parent=30"}],"curies":[{"name":"wp","href":"https:\/\/api.w.org\/{rel}","templated":true}]}}