{"id":32,"date":"2019-12-09T10:03:55","date_gmt":"2019-12-09T08:03:55","guid":{"rendered":"http:\/\/srvr10.xetpoint.com\/~seyfi\/alahakita\/?page_id=32"},"modified":"2019-12-09T10:07:15","modified_gmt":"2019-12-09T08:07:15","slug":"mita-hakityksesta-voi-aiheutua","status":"publish","type":"page","link":"https:\/\/sey.fi\/alahakita\/ala-hakita\/miksi-ei\/mita-hakityksesta-voi-aiheutua\/","title":{"rendered":"Mit\u00e4 h\u00e4kityksest\u00e4 voi aiheutua?"},"content":{"rendered":"\n<h2 class=\"wp-block-heading\">Miksi h\u00e4kitys on niin paha asia?<\/h2>\n\n\n\n<p>Koiran tulee saada mahdollisimman hyvin toteuttaa lajinomaista \nk\u00e4ytt\u00e4ytymist\u00e4\u00e4n. Koiran lajinomaiseen k\u00e4ytt\u00e4ytymiseen ei kuulu istua \ntai maata aloillaan samassa paikassa tuntikausien ajan p\u00e4iv\u00e4st\u00e4 toiseen.\n Koira haluaa vaihtaa makuupaikkaa, venytell\u00e4 ja jaloitella, k\u00e4yd\u00e4 \nv\u00e4lill\u00e4 juomassa ja katsella ehk\u00e4 ikkunasta ulos. Se voi haluta \nseurustella perheen muiden el\u00e4inten kanssa tai puuhailla lelujensa tai \nluidensa kanssa. T\u00e4t\u00e4 se ei pysty tekem\u00e4\u00e4n pieneen h\u00e4kkiin suljettuna.<\/p>\n\n\n\n<p>Ja ent\u00e4p\u00e4, jos koiralle tulee vaikka ripuli tai se oksentaa sen \nollessa h\u00e4kiss\u00e4? On ep\u00e4inhimillist\u00e4 pakottaa el\u00e4in makaamaan omissa \nulosteissaan tai muissa eritteiss\u00e4.<\/p>\n\n\n\n<p>Koira ei toimi eik\u00e4 sen tarvitse toimia kuin robotti siten, ett\u00e4 se \nj\u00e4tet\u00e4\u00e4n pieneen tilaan s\u00e4ilytykseen, kun sit\u00e4 ei tarvita, ja otetaan \ntaas k\u00e4ytt\u00f6\u00f6n kun omistaja on palannut omista menoistaan. Jos koiran \nomistaja ei kykene rajaamaan asunnostaan koiralle edes el\u00e4insuojelulain \nvaatimaa minimitilaa, olisi koiran hankintaa ollut syyt\u00e4 harkita viel\u00e4 \nkerran.<\/p>\n\n\n\n<h2 class=\"wp-block-heading\">H\u00e4kki voi pelottaa<\/h2>\n\n\n\n<p>Joillekin koirille h\u00e4kki saattaa olla hyvin pelottava paikka. Pelko \nsaattaa pahimmillaan ajaa koiran aivan paniikkiin, jolloin se yritt\u00e4\u00e4 \nulos h\u00e4kist\u00e4 keinolla mill\u00e4 hyv\u00e4ns\u00e4, kuten j\u00e4rsim\u00e4ll\u00e4 kaltereita. \nH\u00e4kitt\u00e4m\u00e4ll\u00e4 voidaan saada yksinoloon tottunut koira pelk\u00e4\u00e4m\u00e4\u00e4n \nyksinoloa.<\/p>\n\n\n\n<p>Jos koiraa alkaa pelottaa, koiran stressitaso nousee. Stressitason \nnoustua koiralle olisi t\u00e4rke\u00e4\u00e4 pysty\u00e4 liikkumaan, jotta se saisi \nstressi\u00e4\u00e4n purettua. Jos koira on suljettu liian pieneen h\u00e4kkiin, sen \nliikkuminen on hyvin rajoitettua. Siksi koira saattaa alkaa purkaa \nstressi\u00e4\u00e4n pakonomaisella k\u00e4ytt\u00e4ytymisill\u00e4 mm. itsens\u00e4 puremisella, \n\u201ckirputtamisella\u201d tai nuolemisella. Kaikenlainen pakonomainen \nk\u00e4ytt\u00e4ytyminen kertoo koiran pahasta olosta ja siihen pit\u00e4\u00e4 suhtautua \nvakavasti.<\/p>\n\n\n\n<p>Pitk\u00e4kestoinen stressi aiheuttaa vakavia k\u00e4ytt\u00e4ytymisongelmia ja \nterveysongelmia. Lis\u00e4ksi se tuo mukanaan ep\u00e4luottamusta omistajaan ja \npilaa koiran ja omistajan v\u00e4lisen suhteen.<\/p>\n\n\n\n<p>Stressaantuessaan koira voi my\u00f6s muuttua apaattiseksi. Joku toinen  koira voi stressaantuessaan vaikuttaa melko normaalilta, mutta sen  silmist\u00e4 puuttuu se koiramainen pilke. T\u00e4m\u00e4 on hyvin vakava oire  parhaalla yst\u00e4v\u00e4ll\u00e4.<\/p>\n\n\n\n<div class=\"wp-block-image\"><figure class=\"aligncenter\"><img loading=\"lazy\" decoding=\"async\" width=\"423\" height=\"564\" src=\"https:\/\/sey.fi\/wp-content\/uploads\/sites\/46\/2019\/12\/faaraoh\u00e4kiss\u00e4-1.jpg\" alt=\"\" class=\"wp-image-35\" srcset=\"https:\/\/sey.fi\/wp-content\/uploads\/sites\/46\/2019\/12\/faaraoh\u00e4kiss\u00e4-1.jpg 423w, https:\/\/sey.fi\/wp-content\/uploads\/sites\/46\/2019\/12\/faaraoh\u00e4kiss\u00e4-1-225x300.jpg 225w\" sizes=\"auto, (max-width: 423px) 100vw, 423px\" \/><\/figure><\/div>\n","protected":false},"excerpt":{"rendered":"<p>Miksi h\u00e4kitys on niin paha asia? Koiran tulee saada mahdollisimman hyvin toteuttaa lajinomaista k\u00e4ytt\u00e4ytymist\u00e4\u00e4n. Koiran lajinomaiseen k\u00e4ytt\u00e4ytymiseen ei kuulu istua tai maata aloillaan samassa paikassa tuntikausien ajan p\u00e4iv\u00e4st\u00e4 toiseen. Koira haluaa vaihtaa makuupaikkaa, venytell\u00e4 ja jaloitella, k\u00e4yd\u00e4 v\u00e4lill\u00e4 juomassa ja katsella ehk\u00e4 ikkunasta ulos. Se voi haluta seurustella perheen muiden el\u00e4inten kanssa tai puuhailla lelujensa [&hellip;]<\/p>\n","protected":false},"author":8,"featured_media":0,"parent":20,"menu_order":0,"comment_status":"closed","ping_status":"closed","template":"","meta":{"_acf_changed":false,"footnotes":""},"class_list":["post-32","page","type-page","status-publish","hentry"],"acf":[],"yoast_head":"<!-- This site is optimized with the Yoast SEO plugin v27.1.1 - https:\/\/yoast.com\/product\/yoast-seo-wordpress\/ -->\n<title>Mit\u00e4 h\u00e4kityksest\u00e4 voi aiheutua? - \u00c4l\u00e4 h\u00e4kit\u00e4<\/title>\n<meta name=\"robots\" content=\"index, follow, max-snippet:-1, max-image-preview:large, max-video-preview:-1\" \/>\n<link rel=\"canonical\" href=\"https:\/\/sey.fi\/alahakita\/ala-hakita\/miksi-ei\/mita-hakityksesta-voi-aiheutua\/\" \/>\n<meta property=\"og:locale\" content=\"fi_FI\" \/>\n<meta property=\"og:type\" content=\"article\" \/>\n<meta property=\"og:title\" content=\"Mit\u00e4 h\u00e4kityksest\u00e4 voi aiheutua? - \u00c4l\u00e4 h\u00e4kit\u00e4\" \/>\n<meta property=\"og:description\" content=\"Miksi h\u00e4kitys on niin paha asia? Koiran tulee saada mahdollisimman hyvin toteuttaa lajinomaista k\u00e4ytt\u00e4ytymist\u00e4\u00e4n. Koiran lajinomaiseen k\u00e4ytt\u00e4ytymiseen ei kuulu istua tai maata aloillaan samassa paikassa tuntikausien ajan p\u00e4iv\u00e4st\u00e4 toiseen. Koira haluaa vaihtaa makuupaikkaa, venytell\u00e4 ja jaloitella, k\u00e4yd\u00e4 v\u00e4lill\u00e4 juomassa ja katsella ehk\u00e4 ikkunasta ulos. Se voi haluta seurustella perheen muiden el\u00e4inten kanssa tai puuhailla lelujensa [&hellip;]\" \/>\n<meta property=\"og:url\" content=\"https:\/\/sey.fi\/alahakita\/ala-hakita\/miksi-ei\/mita-hakityksesta-voi-aiheutua\/\" \/>\n<meta property=\"og:site_name\" content=\"\u00c4l\u00e4 h\u00e4kit\u00e4\" \/>\n<meta property=\"article:modified_time\" content=\"2019-12-09T08:07:15+00:00\" \/>\n<meta property=\"og:image\" content=\"https:\/\/sey.fi\/wp-content\/uploads\/sites\/46\/2019\/12\/faaraoh\u00e4kiss\u00e4-1.jpg\" \/>\n<meta name=\"twitter:card\" content=\"summary_large_image\" \/>\n<meta name=\"twitter:label1\" content=\"Arvioitu lukuaika\" \/>\n\t<meta name=\"twitter:data1\" content=\"2 minuuttia\" \/>\n<script type=\"application\/ld+json\" class=\"yoast-schema-graph\">{\"@context\":\"https:\/\/schema.org\",\"@graph\":[{\"@type\":\"WebPage\",\"@id\":\"https:\/\/sey.fi\/alahakita\/ala-hakita\/miksi-ei\/mita-hakityksesta-voi-aiheutua\/\",\"url\":\"https:\/\/sey.fi\/alahakita\/ala-hakita\/miksi-ei\/mita-hakityksesta-voi-aiheutua\/\",\"name\":\"Mit\u00e4 h\u00e4kityksest\u00e4 voi aiheutua? - \u00c4l\u00e4 h\u00e4kit\u00e4\",\"isPartOf\":{\"@id\":\"https:\/\/sey.fi\/alahakita\/#website\"},\"datePublished\":\"2019-12-09T08:03:55+00:00\",\"dateModified\":\"2019-12-09T08:07:15+00:00\",\"breadcrumb\":{\"@id\":\"https:\/\/sey.fi\/alahakita\/ala-hakita\/miksi-ei\/mita-hakityksesta-voi-aiheutua\/#breadcrumb\"},\"inLanguage\":\"fi\",\"potentialAction\":[{\"@type\":\"ReadAction\",\"target\":[\"https:\/\/sey.fi\/alahakita\/ala-hakita\/miksi-ei\/mita-hakityksesta-voi-aiheutua\/\"]}]},{\"@type\":\"BreadcrumbList\",\"@id\":\"https:\/\/sey.fi\/alahakita\/ala-hakita\/miksi-ei\/mita-hakityksesta-voi-aiheutua\/#breadcrumb\",\"itemListElement\":[{\"@type\":\"ListItem\",\"position\":1,\"name\":\"Home\",\"item\":\"https:\/\/sey.fi\/alahakita\/\"},{\"@type\":\"ListItem\",\"position\":2,\"name\":\"\u00c4l\u00e4 h\u00e4kit\u00e4\",\"item\":\"https:\/\/sey.fi\/alahakita\/\"},{\"@type\":\"ListItem\",\"position\":3,\"name\":\"Miksi ei?\",\"item\":\"https:\/\/sey.fi\/alahakita\/ala-hakita\/miksi-ei\/\"},{\"@type\":\"ListItem\",\"position\":4,\"name\":\"Mit\u00e4 h\u00e4kityksest\u00e4 voi aiheutua?\"}]},{\"@type\":\"WebSite\",\"@id\":\"https:\/\/sey.fi\/alahakita\/#website\",\"url\":\"https:\/\/sey.fi\/alahakita\/\",\"name\":\"\u00c4l\u00e4 h\u00e4kit\u00e4\",\"description\":\"Uusi SEY J\u00e4senyhdistykset -sivusto\",\"potentialAction\":[{\"@type\":\"SearchAction\",\"target\":{\"@type\":\"EntryPoint\",\"urlTemplate\":\"https:\/\/sey.fi\/alahakita\/?s={search_term_string}\"},\"query-input\":{\"@type\":\"PropertyValueSpecification\",\"valueRequired\":true,\"valueName\":\"search_term_string\"}}],\"inLanguage\":\"fi\"}]}<\/script>\n<!-- \/ Yoast SEO plugin. -->","yoast_head_json":{"title":"Mit\u00e4 h\u00e4kityksest\u00e4 voi aiheutua? - \u00c4l\u00e4 h\u00e4kit\u00e4","robots":{"index":"index","follow":"follow","max-snippet":"max-snippet:-1","max-image-preview":"max-image-preview:large","max-video-preview":"max-video-preview:-1"},"canonical":"https:\/\/sey.fi\/alahakita\/ala-hakita\/miksi-ei\/mita-hakityksesta-voi-aiheutua\/","og_locale":"fi_FI","og_type":"article","og_title":"Mit\u00e4 h\u00e4kityksest\u00e4 voi aiheutua? - \u00c4l\u00e4 h\u00e4kit\u00e4","og_description":"Miksi h\u00e4kitys on niin paha asia? Koiran tulee saada mahdollisimman hyvin toteuttaa lajinomaista k\u00e4ytt\u00e4ytymist\u00e4\u00e4n. Koiran lajinomaiseen k\u00e4ytt\u00e4ytymiseen ei kuulu istua tai maata aloillaan samassa paikassa tuntikausien ajan p\u00e4iv\u00e4st\u00e4 toiseen. Koira haluaa vaihtaa makuupaikkaa, venytell\u00e4 ja jaloitella, k\u00e4yd\u00e4 v\u00e4lill\u00e4 juomassa ja katsella ehk\u00e4 ikkunasta ulos. Se voi haluta seurustella perheen muiden el\u00e4inten kanssa tai puuhailla lelujensa [&hellip;]","og_url":"https:\/\/sey.fi\/alahakita\/ala-hakita\/miksi-ei\/mita-hakityksesta-voi-aiheutua\/","og_site_name":"\u00c4l\u00e4 h\u00e4kit\u00e4","article_modified_time":"2019-12-09T08:07:15+00:00","og_image":[{"url":"https:\/\/sey.fi\/wp-content\/uploads\/sites\/46\/2019\/12\/faaraoh\u00e4kiss\u00e4-1.jpg","type":"","width":"","height":""}],"twitter_card":"summary_large_image","twitter_misc":{"Arvioitu lukuaika":"2 minuuttia"},"schema":{"@context":"https:\/\/schema.org","@graph":[{"@type":"WebPage","@id":"https:\/\/sey.fi\/alahakita\/ala-hakita\/miksi-ei\/mita-hakityksesta-voi-aiheutua\/","url":"https:\/\/sey.fi\/alahakita\/ala-hakita\/miksi-ei\/mita-hakityksesta-voi-aiheutua\/","name":"Mit\u00e4 h\u00e4kityksest\u00e4 voi aiheutua? - \u00c4l\u00e4 h\u00e4kit\u00e4","isPartOf":{"@id":"https:\/\/sey.fi\/alahakita\/#website"},"datePublished":"2019-12-09T08:03:55+00:00","dateModified":"2019-12-09T08:07:15+00:00","breadcrumb":{"@id":"https:\/\/sey.fi\/alahakita\/ala-hakita\/miksi-ei\/mita-hakityksesta-voi-aiheutua\/#breadcrumb"},"inLanguage":"fi","potentialAction":[{"@type":"ReadAction","target":["https:\/\/sey.fi\/alahakita\/ala-hakita\/miksi-ei\/mita-hakityksesta-voi-aiheutua\/"]}]},{"@type":"BreadcrumbList","@id":"https:\/\/sey.fi\/alahakita\/ala-hakita\/miksi-ei\/mita-hakityksesta-voi-aiheutua\/#breadcrumb","itemListElement":[{"@type":"ListItem","position":1,"name":"Home","item":"https:\/\/sey.fi\/alahakita\/"},{"@type":"ListItem","position":2,"name":"\u00c4l\u00e4 h\u00e4kit\u00e4","item":"https:\/\/sey.fi\/alahakita\/"},{"@type":"ListItem","position":3,"name":"Miksi ei?","item":"https:\/\/sey.fi\/alahakita\/ala-hakita\/miksi-ei\/"},{"@type":"ListItem","position":4,"name":"Mit\u00e4 h\u00e4kityksest\u00e4 voi aiheutua?"}]},{"@type":"WebSite","@id":"https:\/\/sey.fi\/alahakita\/#website","url":"https:\/\/sey.fi\/alahakita\/","name":"\u00c4l\u00e4 h\u00e4kit\u00e4","description":"Uusi SEY J\u00e4senyhdistykset -sivusto","potentialAction":[{"@type":"SearchAction","target":{"@type":"EntryPoint","urlTemplate":"https:\/\/sey.fi\/alahakita\/?s={search_term_string}"},"query-input":{"@type":"PropertyValueSpecification","valueRequired":true,"valueName":"search_term_string"}}],"inLanguage":"fi"}]}},"_links":{"self":[{"href":"https:\/\/sey.fi\/alahakita\/wp-json\/wp\/v2\/pages\/32","targetHints":{"allow":["GET"]}}],"collection":[{"href":"https:\/\/sey.fi\/alahakita\/wp-json\/wp\/v2\/pages"}],"about":[{"href":"https:\/\/sey.fi\/alahakita\/wp-json\/wp\/v2\/types\/page"}],"author":[{"embeddable":true,"href":"https:\/\/sey.fi\/alahakita\/wp-json\/wp\/v2\/users\/8"}],"replies":[{"embeddable":true,"href":"https:\/\/sey.fi\/alahakita\/wp-json\/wp\/v2\/comments?post=32"}],"version-history":[{"count":2,"href":"https:\/\/sey.fi\/alahakita\/wp-json\/wp\/v2\/pages\/32\/revisions"}],"predecessor-version":[{"id":36,"href":"https:\/\/sey.fi\/alahakita\/wp-json\/wp\/v2\/pages\/32\/revisions\/36"}],"up":[{"embeddable":true,"href":"https:\/\/sey.fi\/alahakita\/wp-json\/wp\/v2\/pages\/20"}],"wp:attachment":[{"href":"https:\/\/sey.fi\/alahakita\/wp-json\/wp\/v2\/media?parent=32"}],"curies":[{"name":"wp","href":"https:\/\/api.w.org\/{rel}","templated":true}]}}