{"id":37,"date":"2019-12-09T10:09:17","date_gmt":"2019-12-09T08:09:17","guid":{"rendered":"http:\/\/srvr10.xetpoint.com\/~seyfi\/alahakita\/?page_id=37"},"modified":"2019-12-09T10:13:46","modified_gmt":"2019-12-09T08:13:46","slug":"elamaa-pakkohakitetyn-koiran-kanssa","status":"publish","type":"page","link":"https:\/\/sey.fi\/alahakita\/ala-hakita\/miksi-ei\/elamaa-pakkohakitetyn-koiran-kanssa\/","title":{"rendered":"El\u00e4m\u00e4\u00e4 pakkoh\u00e4kitetyn koiran kanssa"},"content":{"rendered":"\n<p><em>Kuva ja teksi: Anette Kare<\/em><\/p>\n\n\n\n<h2 class=\"wp-block-heading\">Kuran vaikea el\u00e4m\u00e4n alku<\/h2>\n\n\n\n<p>&#8221;Valkoinenpaimenkoiranarttu Kura muutti meille ollessaan kuuden \nkuukauden ik\u00e4inen. Kura oli siihen menness\u00e4 jo ehtinyt kiert\u00e4\u00e4 muutamia \nkoteja, ja me olimme Kuralle nelj\u00e4s koti. Viimeisimm\u00e4ss\u00e4 kodissaan Kura \noli asunut koko ajan h\u00e4kiss\u00e4 tai hihnaan kytkettyn\u00e4 kuonokoppa p\u00e4\u00e4ss\u00e4.<\/p>\n\n\n\n<p>Kun Kura muutti meille, oli ihan selv\u00e4\u00e4, ett\u00e4 yksinoloa, kuten monia \nmuitakin asioita olisi harjoiteltava todella ahkerasti, koska se oli \nlyhyen el\u00e4m\u00e4ns\u00e4 aikana joutunut kokemaan todella kovia.<br> <br>Onneksi \nmeill\u00e4 on suuri eteistila, miss\u00e4 pystyimme hyvin tekem\u00e4\u00e4n \nyksinoloharjoituksia ilman ett\u00e4 tarvitsi pel\u00e4t\u00e4 Kuran satuttavan \nitse\u00e4\u00e4n.<br>T\u00e4h\u00e4n t\u00e4ytyy my\u00f6s todeta, ett\u00e4 en ikin\u00e4 olisi ottanut \naikuista &#8221;hankalaa&#8221; koiraa, jos ei olisi tuota tilaa, mihin h\u00e4net pystyy\n turvallisesti j\u00e4tt\u00e4m\u00e4\u00e4n.<br> <br>Alku oli todella vaikea. Kura huusi, \nulvoi ja tuhosi kaiken, mit\u00e4 irti sai. Onneksi tilassa ei ollut kovin \npaljoa tuhottavaa. Yhden kerran oli tilan ovi j\u00e4\u00e4nyt auki vessaan, josta\n olikin revitty ihan kaikki irti, naulakoita my\u00f6ten. Ikkunastakin oli \nyritetty menn\u00e4 l\u00e4pi &#8211; nen\u00e4nj\u00e4ljet sen paljastivat.<br> <br>Meill\u00e4 on \nmy\u00f6s kaksi muuta koiraa, ja s\u00e4\u00e4nn\u00f6llisin v\u00e4liajoin kokeilin, voisivatko \nne olla koko talossa kesken\u00e4\u00e4n, mutta joka kerta Kura on keksinyt \njotakin j\u00e4yn\u00e4\u00e4.<br> <br>Kura pelk\u00e4si pitk\u00e4\u00e4n kaikkia h\u00e4kkej\u00e4. Meill\u00e4 on \nautossa kuljetusta varten h\u00e4kki, mutta se ei suostunut menem\u00e4\u00e4n siihen \nmoneen viikkoon. Auto, miss\u00e4 ei ollut h\u00e4kki\u00e4, oli h\u00e4nen mielest\u00e4\u00e4n ihan \nok.<br> <br>Kuralla oli yksinolo-ongelmiin apuna D.A.P. ja loputtomasti \nomistajan hermoja, aikaa ja ty\u00f6t\u00e4. Nyt Kura on asunut meill\u00e4 jo l\u00e4hes \nvuoden. Viimeisen viiden kuukauden ajan kaikki koirat ovat el\u00e4neet \nsulassa sovussa kesken\u00e4\u00e4n koko asunnossa, eik\u00e4 mit\u00e4\u00e4n tuhoja ole en\u00e4\u00e4 \ntehty. Autoh\u00e4kkik\u00e4\u00e4n ei Kuraa en\u00e4\u00e4 pelota. V\u00e4lill\u00e4 Kura jopa oikein \nhinkuu p\u00e4\u00e4st\u00e4 autoon.&#8221;<\/p>\n\n\n\n<p><\/p>\n","protected":false},"excerpt":{"rendered":"<p>Kuva ja teksi: Anette Kare Kuran vaikea el\u00e4m\u00e4n alku &#8221;Valkoinenpaimenkoiranarttu Kura muutti meille ollessaan kuuden kuukauden ik\u00e4inen. Kura oli siihen menness\u00e4 jo ehtinyt kiert\u00e4\u00e4 muutamia koteja, ja me olimme Kuralle nelj\u00e4s koti. Viimeisimm\u00e4ss\u00e4 kodissaan Kura oli asunut koko ajan h\u00e4kiss\u00e4 tai hihnaan kytkettyn\u00e4 kuonokoppa p\u00e4\u00e4ss\u00e4. Kun Kura muutti meille, oli ihan selv\u00e4\u00e4, ett\u00e4 yksinoloa, kuten [&hellip;]<\/p>\n","protected":false},"author":8,"featured_media":38,"parent":20,"menu_order":0,"comment_status":"closed","ping_status":"closed","template":"","meta":{"_acf_changed":false,"footnotes":""},"class_list":["post-37","page","type-page","status-publish","has-post-thumbnail","hentry"],"acf":[],"yoast_head":"<!-- This site is optimized with the Yoast SEO plugin v27.1.1 - https:\/\/yoast.com\/product\/yoast-seo-wordpress\/ -->\n<title>El\u00e4m\u00e4\u00e4 pakkoh\u00e4kitetyn koiran kanssa - \u00c4l\u00e4 h\u00e4kit\u00e4<\/title>\n<meta name=\"robots\" content=\"index, follow, max-snippet:-1, max-image-preview:large, max-video-preview:-1\" \/>\n<link rel=\"canonical\" href=\"https:\/\/sey.fi\/alahakita\/ala-hakita\/miksi-ei\/elamaa-pakkohakitetyn-koiran-kanssa\/\" \/>\n<meta property=\"og:locale\" content=\"fi_FI\" \/>\n<meta property=\"og:type\" content=\"article\" \/>\n<meta property=\"og:title\" content=\"El\u00e4m\u00e4\u00e4 pakkoh\u00e4kitetyn koiran kanssa - \u00c4l\u00e4 h\u00e4kit\u00e4\" \/>\n<meta property=\"og:description\" content=\"Kuva ja teksi: Anette Kare Kuran vaikea el\u00e4m\u00e4n alku &#8221;Valkoinenpaimenkoiranarttu Kura muutti meille ollessaan kuuden kuukauden ik\u00e4inen. Kura oli siihen menness\u00e4 jo ehtinyt kiert\u00e4\u00e4 muutamia koteja, ja me olimme Kuralle nelj\u00e4s koti. Viimeisimm\u00e4ss\u00e4 kodissaan Kura oli asunut koko ajan h\u00e4kiss\u00e4 tai hihnaan kytkettyn\u00e4 kuonokoppa p\u00e4\u00e4ss\u00e4. Kun Kura muutti meille, oli ihan selv\u00e4\u00e4, ett\u00e4 yksinoloa, kuten [&hellip;]\" \/>\n<meta property=\"og:url\" content=\"https:\/\/sey.fi\/alahakita\/ala-hakita\/miksi-ei\/elamaa-pakkohakitetyn-koiran-kanssa\/\" \/>\n<meta property=\"og:site_name\" content=\"\u00c4l\u00e4 h\u00e4kit\u00e4\" \/>\n<meta property=\"article:modified_time\" content=\"2019-12-09T08:13:46+00:00\" \/>\n<meta property=\"og:image\" content=\"https:\/\/sey.fi\/wp-content\/uploads\/sites\/46\/2019\/12\/kura.jpg\" \/>\n\t<meta property=\"og:image:width\" content=\"423\" \/>\n\t<meta property=\"og:image:height\" content=\"283\" \/>\n\t<meta property=\"og:image:type\" content=\"image\/jpeg\" \/>\n<meta name=\"twitter:card\" content=\"summary_large_image\" \/>\n<meta name=\"twitter:label1\" content=\"Arvioitu lukuaika\" \/>\n\t<meta name=\"twitter:data1\" content=\"2 minuuttia\" \/>\n<script type=\"application\/ld+json\" class=\"yoast-schema-graph\">{\"@context\":\"https:\/\/schema.org\",\"@graph\":[{\"@type\":\"WebPage\",\"@id\":\"https:\/\/sey.fi\/alahakita\/ala-hakita\/miksi-ei\/elamaa-pakkohakitetyn-koiran-kanssa\/\",\"url\":\"https:\/\/sey.fi\/alahakita\/ala-hakita\/miksi-ei\/elamaa-pakkohakitetyn-koiran-kanssa\/\",\"name\":\"El\u00e4m\u00e4\u00e4 pakkoh\u00e4kitetyn koiran kanssa - \u00c4l\u00e4 h\u00e4kit\u00e4\",\"isPartOf\":{\"@id\":\"https:\/\/sey.fi\/alahakita\/#website\"},\"primaryImageOfPage\":{\"@id\":\"https:\/\/sey.fi\/alahakita\/ala-hakita\/miksi-ei\/elamaa-pakkohakitetyn-koiran-kanssa\/#primaryimage\"},\"image\":{\"@id\":\"https:\/\/sey.fi\/alahakita\/ala-hakita\/miksi-ei\/elamaa-pakkohakitetyn-koiran-kanssa\/#primaryimage\"},\"thumbnailUrl\":\"https:\/\/sey.fi\/wp-content\/uploads\/sites\/46\/2019\/12\/kura.jpg\",\"datePublished\":\"2019-12-09T08:09:17+00:00\",\"dateModified\":\"2019-12-09T08:13:46+00:00\",\"breadcrumb\":{\"@id\":\"https:\/\/sey.fi\/alahakita\/ala-hakita\/miksi-ei\/elamaa-pakkohakitetyn-koiran-kanssa\/#breadcrumb\"},\"inLanguage\":\"fi\",\"potentialAction\":[{\"@type\":\"ReadAction\",\"target\":[\"https:\/\/sey.fi\/alahakita\/ala-hakita\/miksi-ei\/elamaa-pakkohakitetyn-koiran-kanssa\/\"]}]},{\"@type\":\"ImageObject\",\"inLanguage\":\"fi\",\"@id\":\"https:\/\/sey.fi\/alahakita\/ala-hakita\/miksi-ei\/elamaa-pakkohakitetyn-koiran-kanssa\/#primaryimage\",\"url\":\"https:\/\/sey.fi\/wp-content\/uploads\/sites\/46\/2019\/12\/kura.jpg\",\"contentUrl\":\"https:\/\/sey.fi\/wp-content\/uploads\/sites\/46\/2019\/12\/kura.jpg\",\"width\":423,\"height\":283,\"caption\":\"SONY DSC\"},{\"@type\":\"BreadcrumbList\",\"@id\":\"https:\/\/sey.fi\/alahakita\/ala-hakita\/miksi-ei\/elamaa-pakkohakitetyn-koiran-kanssa\/#breadcrumb\",\"itemListElement\":[{\"@type\":\"ListItem\",\"position\":1,\"name\":\"Home\",\"item\":\"https:\/\/sey.fi\/alahakita\/\"},{\"@type\":\"ListItem\",\"position\":2,\"name\":\"\u00c4l\u00e4 h\u00e4kit\u00e4\",\"item\":\"https:\/\/sey.fi\/alahakita\/\"},{\"@type\":\"ListItem\",\"position\":3,\"name\":\"Miksi ei?\",\"item\":\"https:\/\/sey.fi\/alahakita\/ala-hakita\/miksi-ei\/\"},{\"@type\":\"ListItem\",\"position\":4,\"name\":\"El\u00e4m\u00e4\u00e4 pakkoh\u00e4kitetyn koiran kanssa\"}]},{\"@type\":\"WebSite\",\"@id\":\"https:\/\/sey.fi\/alahakita\/#website\",\"url\":\"https:\/\/sey.fi\/alahakita\/\",\"name\":\"\u00c4l\u00e4 h\u00e4kit\u00e4\",\"description\":\"Uusi SEY J\u00e4senyhdistykset -sivusto\",\"potentialAction\":[{\"@type\":\"SearchAction\",\"target\":{\"@type\":\"EntryPoint\",\"urlTemplate\":\"https:\/\/sey.fi\/alahakita\/?s={search_term_string}\"},\"query-input\":{\"@type\":\"PropertyValueSpecification\",\"valueRequired\":true,\"valueName\":\"search_term_string\"}}],\"inLanguage\":\"fi\"}]}<\/script>\n<!-- \/ Yoast SEO plugin. -->","yoast_head_json":{"title":"El\u00e4m\u00e4\u00e4 pakkoh\u00e4kitetyn koiran kanssa - \u00c4l\u00e4 h\u00e4kit\u00e4","robots":{"index":"index","follow":"follow","max-snippet":"max-snippet:-1","max-image-preview":"max-image-preview:large","max-video-preview":"max-video-preview:-1"},"canonical":"https:\/\/sey.fi\/alahakita\/ala-hakita\/miksi-ei\/elamaa-pakkohakitetyn-koiran-kanssa\/","og_locale":"fi_FI","og_type":"article","og_title":"El\u00e4m\u00e4\u00e4 pakkoh\u00e4kitetyn koiran kanssa - \u00c4l\u00e4 h\u00e4kit\u00e4","og_description":"Kuva ja teksi: Anette Kare Kuran vaikea el\u00e4m\u00e4n alku &#8221;Valkoinenpaimenkoiranarttu Kura muutti meille ollessaan kuuden kuukauden ik\u00e4inen. Kura oli siihen menness\u00e4 jo ehtinyt kiert\u00e4\u00e4 muutamia koteja, ja me olimme Kuralle nelj\u00e4s koti. Viimeisimm\u00e4ss\u00e4 kodissaan Kura oli asunut koko ajan h\u00e4kiss\u00e4 tai hihnaan kytkettyn\u00e4 kuonokoppa p\u00e4\u00e4ss\u00e4. Kun Kura muutti meille, oli ihan selv\u00e4\u00e4, ett\u00e4 yksinoloa, kuten [&hellip;]","og_url":"https:\/\/sey.fi\/alahakita\/ala-hakita\/miksi-ei\/elamaa-pakkohakitetyn-koiran-kanssa\/","og_site_name":"\u00c4l\u00e4 h\u00e4kit\u00e4","article_modified_time":"2019-12-09T08:13:46+00:00","og_image":[{"width":423,"height":283,"url":"https:\/\/sey.fi\/wp-content\/uploads\/sites\/46\/2019\/12\/kura.jpg","type":"image\/jpeg"}],"twitter_card":"summary_large_image","twitter_misc":{"Arvioitu lukuaika":"2 minuuttia"},"schema":{"@context":"https:\/\/schema.org","@graph":[{"@type":"WebPage","@id":"https:\/\/sey.fi\/alahakita\/ala-hakita\/miksi-ei\/elamaa-pakkohakitetyn-koiran-kanssa\/","url":"https:\/\/sey.fi\/alahakita\/ala-hakita\/miksi-ei\/elamaa-pakkohakitetyn-koiran-kanssa\/","name":"El\u00e4m\u00e4\u00e4 pakkoh\u00e4kitetyn koiran kanssa - \u00c4l\u00e4 h\u00e4kit\u00e4","isPartOf":{"@id":"https:\/\/sey.fi\/alahakita\/#website"},"primaryImageOfPage":{"@id":"https:\/\/sey.fi\/alahakita\/ala-hakita\/miksi-ei\/elamaa-pakkohakitetyn-koiran-kanssa\/#primaryimage"},"image":{"@id":"https:\/\/sey.fi\/alahakita\/ala-hakita\/miksi-ei\/elamaa-pakkohakitetyn-koiran-kanssa\/#primaryimage"},"thumbnailUrl":"https:\/\/sey.fi\/wp-content\/uploads\/sites\/46\/2019\/12\/kura.jpg","datePublished":"2019-12-09T08:09:17+00:00","dateModified":"2019-12-09T08:13:46+00:00","breadcrumb":{"@id":"https:\/\/sey.fi\/alahakita\/ala-hakita\/miksi-ei\/elamaa-pakkohakitetyn-koiran-kanssa\/#breadcrumb"},"inLanguage":"fi","potentialAction":[{"@type":"ReadAction","target":["https:\/\/sey.fi\/alahakita\/ala-hakita\/miksi-ei\/elamaa-pakkohakitetyn-koiran-kanssa\/"]}]},{"@type":"ImageObject","inLanguage":"fi","@id":"https:\/\/sey.fi\/alahakita\/ala-hakita\/miksi-ei\/elamaa-pakkohakitetyn-koiran-kanssa\/#primaryimage","url":"https:\/\/sey.fi\/wp-content\/uploads\/sites\/46\/2019\/12\/kura.jpg","contentUrl":"https:\/\/sey.fi\/wp-content\/uploads\/sites\/46\/2019\/12\/kura.jpg","width":423,"height":283,"caption":"SONY DSC"},{"@type":"BreadcrumbList","@id":"https:\/\/sey.fi\/alahakita\/ala-hakita\/miksi-ei\/elamaa-pakkohakitetyn-koiran-kanssa\/#breadcrumb","itemListElement":[{"@type":"ListItem","position":1,"name":"Home","item":"https:\/\/sey.fi\/alahakita\/"},{"@type":"ListItem","position":2,"name":"\u00c4l\u00e4 h\u00e4kit\u00e4","item":"https:\/\/sey.fi\/alahakita\/"},{"@type":"ListItem","position":3,"name":"Miksi ei?","item":"https:\/\/sey.fi\/alahakita\/ala-hakita\/miksi-ei\/"},{"@type":"ListItem","position":4,"name":"El\u00e4m\u00e4\u00e4 pakkoh\u00e4kitetyn koiran kanssa"}]},{"@type":"WebSite","@id":"https:\/\/sey.fi\/alahakita\/#website","url":"https:\/\/sey.fi\/alahakita\/","name":"\u00c4l\u00e4 h\u00e4kit\u00e4","description":"Uusi SEY J\u00e4senyhdistykset -sivusto","potentialAction":[{"@type":"SearchAction","target":{"@type":"EntryPoint","urlTemplate":"https:\/\/sey.fi\/alahakita\/?s={search_term_string}"},"query-input":{"@type":"PropertyValueSpecification","valueRequired":true,"valueName":"search_term_string"}}],"inLanguage":"fi"}]}},"_links":{"self":[{"href":"https:\/\/sey.fi\/alahakita\/wp-json\/wp\/v2\/pages\/37","targetHints":{"allow":["GET"]}}],"collection":[{"href":"https:\/\/sey.fi\/alahakita\/wp-json\/wp\/v2\/pages"}],"about":[{"href":"https:\/\/sey.fi\/alahakita\/wp-json\/wp\/v2\/types\/page"}],"author":[{"embeddable":true,"href":"https:\/\/sey.fi\/alahakita\/wp-json\/wp\/v2\/users\/8"}],"replies":[{"embeddable":true,"href":"https:\/\/sey.fi\/alahakita\/wp-json\/wp\/v2\/comments?post=37"}],"version-history":[{"count":6,"href":"https:\/\/sey.fi\/alahakita\/wp-json\/wp\/v2\/pages\/37\/revisions"}],"predecessor-version":[{"id":44,"href":"https:\/\/sey.fi\/alahakita\/wp-json\/wp\/v2\/pages\/37\/revisions\/44"}],"up":[{"embeddable":true,"href":"https:\/\/sey.fi\/alahakita\/wp-json\/wp\/v2\/pages\/20"}],"wp:featuredmedia":[{"embeddable":true,"href":"https:\/\/sey.fi\/alahakita\/wp-json\/wp\/v2\/media\/38"}],"wp:attachment":[{"href":"https:\/\/sey.fi\/alahakita\/wp-json\/wp\/v2\/media?parent=37"}],"curies":[{"name":"wp","href":"https:\/\/api.w.org\/{rel}","templated":true}]}}