{"id":46,"date":"2019-12-09T10:16:46","date_gmt":"2019-12-09T08:16:46","guid":{"rendered":"http:\/\/srvr10.xetpoint.com\/~seyfi\/alahakita\/?page_id=46"},"modified":"2019-12-09T10:18:13","modified_gmt":"2019-12-09T08:18:13","slug":"muita-huonoja-ideoita","status":"publish","type":"page","link":"https:\/\/sey.fi\/alahakita\/ala-hakita\/miksi-ei\/muita-huonoja-ideoita\/","title":{"rendered":"Muita huonoja ideoita"},"content":{"rendered":"\n<p><em>Kuva: Tiina Kumpulainen<\/em><\/p>\n\n\n\n<p>Koirien yksinolo-ongelmat ovat poikineet valikoiman erilaisia \n&#8221;apuv\u00e4lineit\u00e4&#8221;. Todellisuudessa on kyse siit\u00e4, ett\u00e4 koiraa ei ole \nopetettu yksinoloon, mist\u00e4 seuraa k\u00e4yt\u00f6songelmia, joten omistaja pyrkii \nl\u00f6yt\u00e4m\u00e4\u00e4n oikotien ongelmien poistamiseksi. L\u00e4\u00e4ketieteen vertauskuvaa \nk\u00e4ytt\u00e4en hoidetaan oiretta yritt\u00e4m\u00e4tt\u00e4 vaikuttaa itse oireen syyhyn.<\/p>\n\n\n\n<h3 class=\"wp-block-heading\">Hoitopanta tai muu kuonon sulkeva laite<\/h3>\n\n\n\n<p>Kuonon sulkeva nyloninen &#8221;hoitopanta&#8221; &#8211; kuten h\u00e4kkikin &#8211; on \ntarkoitettu el\u00e4insuojelulain tulkinnan mukaan vain v\u00e4liaikaiseen \nk\u00e4ytt\u00f6\u00f6n. Sit\u00e4 ei ole esimerkiksi ty\u00f6p\u00e4iv\u00e4n pituinen aika.<\/p>\n\n\n\n<h3 class=\"wp-block-heading\">S\u00e4hk\u00f6panta, jota kutsutaan my\u00f6s &#8221;impulssipannaksi&#8221;<\/h3>\n\n\n\n<p>Laite aiheuttaa el\u00e4imelle tarpeetonta k\u00e4rsimyst\u00e4 ja tuskaa, mik\u00e4 on selv\u00e4sti kielletty\u00e4 Suomen el\u00e4insuojelulaissa.<\/p>\n\n\n\n<h3 class=\"wp-block-heading\">Ns. yli\u00e4\u00e4nipanta<\/h3>\n\n\n\n<p>Yli\u00e4\u00e4nipanta saa aikaan voimakkaan, jopa 135 dB:n \u00e4\u00e4nen ja sit\u00e4 voi \nmaahantuojan mukaan k\u00e4ytt\u00e4\u00e4 mm. koiran kouluttamiseen. Laite aiheuttaa \nel\u00e4imelle tarpeetonta k\u00e4rsimyst\u00e4 ja tuskaa, joka on selv\u00e4sti kielletty \nSuomen el\u00e4insuojelulaissa.<\/p>\n\n\n\n<p>Kyseisen laitteen k\u00e4ytt\u00f6\u00f6n tulee puuttua: mik\u00e4li laitetta havaitaan \nk\u00e4ytett\u00e4v\u00e4n el\u00e4inten l\u00e4hettyvill\u00e4, tulee ottaa v\u00e4litt\u00f6m\u00e4sti yhteytt\u00e4 \npoliisiin.<\/p>\n\n\n\n<h3 class=\"wp-block-heading\">Koiran pit\u00e4minen ty\u00f6p\u00e4iv\u00e4n ajan autossa<\/h3>\n\n\n\n<p>El\u00e4insuojeluvalvojat saavat usein ilmoituksia koirista, joita \npidet\u00e4\u00e4n niiden omistajien ty\u00f6p\u00e4iv\u00e4n ajan autossa. T\u00e4m\u00e4kin toiminta on \nyleens\u00e4 lainvastaista, sill\u00e4 auto ei tavallisesti vastaa kooltaan ja \nmuilta olosuhteiltaan koiran pitopaikasta annettuja m\u00e4\u00e4r\u00e4yksi\u00e4.<\/p>\n\n\n\n<p><\/p>\n","protected":false},"excerpt":{"rendered":"<p>Kuva: Tiina Kumpulainen Koirien yksinolo-ongelmat ovat poikineet valikoiman erilaisia &#8221;apuv\u00e4lineit\u00e4&#8221;. Todellisuudessa on kyse siit\u00e4, ett\u00e4 koiraa ei ole opetettu yksinoloon, mist\u00e4 seuraa k\u00e4yt\u00f6songelmia, joten omistaja pyrkii l\u00f6yt\u00e4m\u00e4\u00e4n oikotien ongelmien poistamiseksi. L\u00e4\u00e4ketieteen vertauskuvaa k\u00e4ytt\u00e4en hoidetaan oiretta yritt\u00e4m\u00e4tt\u00e4 vaikuttaa itse oireen syyhyn. Hoitopanta tai muu kuonon sulkeva laite Kuonon sulkeva nyloninen &#8221;hoitopanta&#8221; &#8211; kuten h\u00e4kkikin &#8211; on [&hellip;]<\/p>\n","protected":false},"author":8,"featured_media":47,"parent":20,"menu_order":0,"comment_status":"closed","ping_status":"closed","template":"","meta":{"_acf_changed":false,"footnotes":""},"class_list":["post-46","page","type-page","status-publish","has-post-thumbnail","hentry"],"acf":[],"yoast_head":"<!-- This site is optimized with the Yoast SEO plugin v27.1.1 - https:\/\/yoast.com\/product\/yoast-seo-wordpress\/ -->\n<title>Muita huonoja ideoita - \u00c4l\u00e4 h\u00e4kit\u00e4<\/title>\n<meta name=\"robots\" content=\"index, follow, max-snippet:-1, max-image-preview:large, max-video-preview:-1\" \/>\n<link rel=\"canonical\" href=\"https:\/\/sey.fi\/alahakita\/ala-hakita\/miksi-ei\/muita-huonoja-ideoita\/\" \/>\n<meta property=\"og:locale\" content=\"fi_FI\" \/>\n<meta property=\"og:type\" content=\"article\" \/>\n<meta property=\"og:title\" content=\"Muita huonoja ideoita - \u00c4l\u00e4 h\u00e4kit\u00e4\" \/>\n<meta property=\"og:description\" content=\"Kuva: Tiina Kumpulainen Koirien yksinolo-ongelmat ovat poikineet valikoiman erilaisia &#8221;apuv\u00e4lineit\u00e4&#8221;. Todellisuudessa on kyse siit\u00e4, ett\u00e4 koiraa ei ole opetettu yksinoloon, mist\u00e4 seuraa k\u00e4yt\u00f6songelmia, joten omistaja pyrkii l\u00f6yt\u00e4m\u00e4\u00e4n oikotien ongelmien poistamiseksi. L\u00e4\u00e4ketieteen vertauskuvaa k\u00e4ytt\u00e4en hoidetaan oiretta yritt\u00e4m\u00e4tt\u00e4 vaikuttaa itse oireen syyhyn. Hoitopanta tai muu kuonon sulkeva laite Kuonon sulkeva nyloninen &#8221;hoitopanta&#8221; &#8211; kuten h\u00e4kkikin &#8211; on [&hellip;]\" \/>\n<meta property=\"og:url\" content=\"https:\/\/sey.fi\/alahakita\/ala-hakita\/miksi-ei\/muita-huonoja-ideoita\/\" \/>\n<meta property=\"og:site_name\" content=\"\u00c4l\u00e4 h\u00e4kit\u00e4\" \/>\n<meta property=\"article:modified_time\" content=\"2019-12-09T08:18:13+00:00\" \/>\n<meta property=\"og:image\" content=\"https:\/\/sey.fi\/wp-content\/uploads\/sites\/46\/2019\/12\/ko_mv_pystyk_vetoava_katsoo_ruohikolla_paa_tiina_kumpulainen.jpg\" \/>\n\t<meta property=\"og:image:width\" content=\"423\" \/>\n\t<meta property=\"og:image:height\" content=\"317\" \/>\n\t<meta property=\"og:image:type\" content=\"image\/jpeg\" \/>\n<meta name=\"twitter:card\" content=\"summary_large_image\" \/>\n<meta name=\"twitter:label1\" content=\"Arvioitu lukuaika\" \/>\n\t<meta name=\"twitter:data1\" content=\"1 minuutti\" \/>\n<script type=\"application\/ld+json\" class=\"yoast-schema-graph\">{\"@context\":\"https:\/\/schema.org\",\"@graph\":[{\"@type\":\"WebPage\",\"@id\":\"https:\/\/sey.fi\/alahakita\/ala-hakita\/miksi-ei\/muita-huonoja-ideoita\/\",\"url\":\"https:\/\/sey.fi\/alahakita\/ala-hakita\/miksi-ei\/muita-huonoja-ideoita\/\",\"name\":\"Muita huonoja ideoita - \u00c4l\u00e4 h\u00e4kit\u00e4\",\"isPartOf\":{\"@id\":\"https:\/\/sey.fi\/alahakita\/#website\"},\"primaryImageOfPage\":{\"@id\":\"https:\/\/sey.fi\/alahakita\/ala-hakita\/miksi-ei\/muita-huonoja-ideoita\/#primaryimage\"},\"image\":{\"@id\":\"https:\/\/sey.fi\/alahakita\/ala-hakita\/miksi-ei\/muita-huonoja-ideoita\/#primaryimage\"},\"thumbnailUrl\":\"https:\/\/sey.fi\/wp-content\/uploads\/sites\/46\/2019\/12\/ko_mv_pystyk_vetoava_katsoo_ruohikolla_paa_tiina_kumpulainen.jpg\",\"datePublished\":\"2019-12-09T08:16:46+00:00\",\"dateModified\":\"2019-12-09T08:18:13+00:00\",\"breadcrumb\":{\"@id\":\"https:\/\/sey.fi\/alahakita\/ala-hakita\/miksi-ei\/muita-huonoja-ideoita\/#breadcrumb\"},\"inLanguage\":\"fi\",\"potentialAction\":[{\"@type\":\"ReadAction\",\"target\":[\"https:\/\/sey.fi\/alahakita\/ala-hakita\/miksi-ei\/muita-huonoja-ideoita\/\"]}]},{\"@type\":\"ImageObject\",\"inLanguage\":\"fi\",\"@id\":\"https:\/\/sey.fi\/alahakita\/ala-hakita\/miksi-ei\/muita-huonoja-ideoita\/#primaryimage\",\"url\":\"https:\/\/sey.fi\/wp-content\/uploads\/sites\/46\/2019\/12\/ko_mv_pystyk_vetoava_katsoo_ruohikolla_paa_tiina_kumpulainen.jpg\",\"contentUrl\":\"https:\/\/sey.fi\/wp-content\/uploads\/sites\/46\/2019\/12\/ko_mv_pystyk_vetoava_katsoo_ruohikolla_paa_tiina_kumpulainen.jpg\",\"width\":423,\"height\":317},{\"@type\":\"BreadcrumbList\",\"@id\":\"https:\/\/sey.fi\/alahakita\/ala-hakita\/miksi-ei\/muita-huonoja-ideoita\/#breadcrumb\",\"itemListElement\":[{\"@type\":\"ListItem\",\"position\":1,\"name\":\"Home\",\"item\":\"https:\/\/sey.fi\/alahakita\/\"},{\"@type\":\"ListItem\",\"position\":2,\"name\":\"\u00c4l\u00e4 h\u00e4kit\u00e4\",\"item\":\"https:\/\/sey.fi\/alahakita\/\"},{\"@type\":\"ListItem\",\"position\":3,\"name\":\"Miksi ei?\",\"item\":\"https:\/\/sey.fi\/alahakita\/ala-hakita\/miksi-ei\/\"},{\"@type\":\"ListItem\",\"position\":4,\"name\":\"Muita huonoja ideoita\"}]},{\"@type\":\"WebSite\",\"@id\":\"https:\/\/sey.fi\/alahakita\/#website\",\"url\":\"https:\/\/sey.fi\/alahakita\/\",\"name\":\"\u00c4l\u00e4 h\u00e4kit\u00e4\",\"description\":\"Uusi SEY J\u00e4senyhdistykset -sivusto\",\"potentialAction\":[{\"@type\":\"SearchAction\",\"target\":{\"@type\":\"EntryPoint\",\"urlTemplate\":\"https:\/\/sey.fi\/alahakita\/?s={search_term_string}\"},\"query-input\":{\"@type\":\"PropertyValueSpecification\",\"valueRequired\":true,\"valueName\":\"search_term_string\"}}],\"inLanguage\":\"fi\"}]}<\/script>\n<!-- \/ Yoast SEO plugin. -->","yoast_head_json":{"title":"Muita huonoja ideoita - \u00c4l\u00e4 h\u00e4kit\u00e4","robots":{"index":"index","follow":"follow","max-snippet":"max-snippet:-1","max-image-preview":"max-image-preview:large","max-video-preview":"max-video-preview:-1"},"canonical":"https:\/\/sey.fi\/alahakita\/ala-hakita\/miksi-ei\/muita-huonoja-ideoita\/","og_locale":"fi_FI","og_type":"article","og_title":"Muita huonoja ideoita - \u00c4l\u00e4 h\u00e4kit\u00e4","og_description":"Kuva: Tiina Kumpulainen Koirien yksinolo-ongelmat ovat poikineet valikoiman erilaisia &#8221;apuv\u00e4lineit\u00e4&#8221;. Todellisuudessa on kyse siit\u00e4, ett\u00e4 koiraa ei ole opetettu yksinoloon, mist\u00e4 seuraa k\u00e4yt\u00f6songelmia, joten omistaja pyrkii l\u00f6yt\u00e4m\u00e4\u00e4n oikotien ongelmien poistamiseksi. L\u00e4\u00e4ketieteen vertauskuvaa k\u00e4ytt\u00e4en hoidetaan oiretta yritt\u00e4m\u00e4tt\u00e4 vaikuttaa itse oireen syyhyn. Hoitopanta tai muu kuonon sulkeva laite Kuonon sulkeva nyloninen &#8221;hoitopanta&#8221; &#8211; kuten h\u00e4kkikin &#8211; on [&hellip;]","og_url":"https:\/\/sey.fi\/alahakita\/ala-hakita\/miksi-ei\/muita-huonoja-ideoita\/","og_site_name":"\u00c4l\u00e4 h\u00e4kit\u00e4","article_modified_time":"2019-12-09T08:18:13+00:00","og_image":[{"width":423,"height":317,"url":"https:\/\/sey.fi\/wp-content\/uploads\/sites\/46\/2019\/12\/ko_mv_pystyk_vetoava_katsoo_ruohikolla_paa_tiina_kumpulainen.jpg","type":"image\/jpeg"}],"twitter_card":"summary_large_image","twitter_misc":{"Arvioitu lukuaika":"1 minuutti"},"schema":{"@context":"https:\/\/schema.org","@graph":[{"@type":"WebPage","@id":"https:\/\/sey.fi\/alahakita\/ala-hakita\/miksi-ei\/muita-huonoja-ideoita\/","url":"https:\/\/sey.fi\/alahakita\/ala-hakita\/miksi-ei\/muita-huonoja-ideoita\/","name":"Muita huonoja ideoita - \u00c4l\u00e4 h\u00e4kit\u00e4","isPartOf":{"@id":"https:\/\/sey.fi\/alahakita\/#website"},"primaryImageOfPage":{"@id":"https:\/\/sey.fi\/alahakita\/ala-hakita\/miksi-ei\/muita-huonoja-ideoita\/#primaryimage"},"image":{"@id":"https:\/\/sey.fi\/alahakita\/ala-hakita\/miksi-ei\/muita-huonoja-ideoita\/#primaryimage"},"thumbnailUrl":"https:\/\/sey.fi\/wp-content\/uploads\/sites\/46\/2019\/12\/ko_mv_pystyk_vetoava_katsoo_ruohikolla_paa_tiina_kumpulainen.jpg","datePublished":"2019-12-09T08:16:46+00:00","dateModified":"2019-12-09T08:18:13+00:00","breadcrumb":{"@id":"https:\/\/sey.fi\/alahakita\/ala-hakita\/miksi-ei\/muita-huonoja-ideoita\/#breadcrumb"},"inLanguage":"fi","potentialAction":[{"@type":"ReadAction","target":["https:\/\/sey.fi\/alahakita\/ala-hakita\/miksi-ei\/muita-huonoja-ideoita\/"]}]},{"@type":"ImageObject","inLanguage":"fi","@id":"https:\/\/sey.fi\/alahakita\/ala-hakita\/miksi-ei\/muita-huonoja-ideoita\/#primaryimage","url":"https:\/\/sey.fi\/wp-content\/uploads\/sites\/46\/2019\/12\/ko_mv_pystyk_vetoava_katsoo_ruohikolla_paa_tiina_kumpulainen.jpg","contentUrl":"https:\/\/sey.fi\/wp-content\/uploads\/sites\/46\/2019\/12\/ko_mv_pystyk_vetoava_katsoo_ruohikolla_paa_tiina_kumpulainen.jpg","width":423,"height":317},{"@type":"BreadcrumbList","@id":"https:\/\/sey.fi\/alahakita\/ala-hakita\/miksi-ei\/muita-huonoja-ideoita\/#breadcrumb","itemListElement":[{"@type":"ListItem","position":1,"name":"Home","item":"https:\/\/sey.fi\/alahakita\/"},{"@type":"ListItem","position":2,"name":"\u00c4l\u00e4 h\u00e4kit\u00e4","item":"https:\/\/sey.fi\/alahakita\/"},{"@type":"ListItem","position":3,"name":"Miksi ei?","item":"https:\/\/sey.fi\/alahakita\/ala-hakita\/miksi-ei\/"},{"@type":"ListItem","position":4,"name":"Muita huonoja ideoita"}]},{"@type":"WebSite","@id":"https:\/\/sey.fi\/alahakita\/#website","url":"https:\/\/sey.fi\/alahakita\/","name":"\u00c4l\u00e4 h\u00e4kit\u00e4","description":"Uusi SEY J\u00e4senyhdistykset -sivusto","potentialAction":[{"@type":"SearchAction","target":{"@type":"EntryPoint","urlTemplate":"https:\/\/sey.fi\/alahakita\/?s={search_term_string}"},"query-input":{"@type":"PropertyValueSpecification","valueRequired":true,"valueName":"search_term_string"}}],"inLanguage":"fi"}]}},"_links":{"self":[{"href":"https:\/\/sey.fi\/alahakita\/wp-json\/wp\/v2\/pages\/46","targetHints":{"allow":["GET"]}}],"collection":[{"href":"https:\/\/sey.fi\/alahakita\/wp-json\/wp\/v2\/pages"}],"about":[{"href":"https:\/\/sey.fi\/alahakita\/wp-json\/wp\/v2\/types\/page"}],"author":[{"embeddable":true,"href":"https:\/\/sey.fi\/alahakita\/wp-json\/wp\/v2\/users\/8"}],"replies":[{"embeddable":true,"href":"https:\/\/sey.fi\/alahakita\/wp-json\/wp\/v2\/comments?post=46"}],"version-history":[{"count":2,"href":"https:\/\/sey.fi\/alahakita\/wp-json\/wp\/v2\/pages\/46\/revisions"}],"predecessor-version":[{"id":49,"href":"https:\/\/sey.fi\/alahakita\/wp-json\/wp\/v2\/pages\/46\/revisions\/49"}],"up":[{"embeddable":true,"href":"https:\/\/sey.fi\/alahakita\/wp-json\/wp\/v2\/pages\/20"}],"wp:featuredmedia":[{"embeddable":true,"href":"https:\/\/sey.fi\/alahakita\/wp-json\/wp\/v2\/media\/47"}],"wp:attachment":[{"href":"https:\/\/sey.fi\/alahakita\/wp-json\/wp\/v2\/media?parent=46"}],"curies":[{"name":"wp","href":"https:\/\/api.w.org\/{rel}","templated":true}]}}