{"id":50,"date":"2019-12-09T10:19:42","date_gmt":"2019-12-09T08:19:42","guid":{"rendered":"http:\/\/srvr10.xetpoint.com\/~seyfi\/alahakita\/?page_id=50"},"modified":"2020-01-11T10:07:32","modified_gmt":"2020-01-11T08:07:32","slug":"ratkaisuja","status":"publish","type":"page","link":"https:\/\/sey.fi\/alahakita\/ratkaisuja\/","title":{"rendered":"Ratkaisuja"},"content":{"rendered":"\n<p>Yksinolo-ongelmat olisi parasta ehk\u00e4ist\u00e4 ennalta. Ongelmia on \nvaikeampi ratkaista silloin, kun tilanne on jo akuutti. Kaikille \nkoirille on v\u00e4ltt\u00e4m\u00e4t\u00f6nt\u00e4 opettaa rento ja stressit\u00f6n yksinolo. \nYksinolon opetteluun uhrattu aika maksaa itsens\u00e4 takaisin koiran koko \nloppuel\u00e4m\u00e4n ajan.<\/p>\n\n\n\n<p>Koiran elintilan rajaaminen vain osaan asuntoa on t\u00e4ysin \nhyv\u00e4ksytt\u00e4v\u00e4\u00e4 ja jopa j\u00e4rkev\u00e4\u00e4, kunhan tila noudattaa \nel\u00e4insuojelulains\u00e4\u00e4d\u00e4nn\u00f6n m\u00e4\u00e4r\u00e4yksi\u00e4. Tila rajaamalla voidaan saavuttaa \nkaikki ne edut, joilla h\u00e4kityksen puolustajat perustelevat toimintaansa.<\/p>\n\n\n\n<p>H\u00e4kki\u00e4 ei aina kannata kokonaan hyl\u00e4t\u00e4. Aina auki olevasta h\u00e4kist\u00e4 \ntai kuljetuskopasta kannattaa tehd\u00e4 koiralle nukkumapaikka. Avoinna \nolevan h\u00e4kin k\u00e4ytt\u00f6\u00e4 voi opettaa koiralle ruuan ja makupalojen avulla. \nN\u00e4in siit\u00e4 muodostuu koiran oma, rauhallinen lepopaikka. Kuljetuskoppa \ntai h\u00e4kki on my\u00f6s helppo ottaa mukaan minne tahansa ja koiralla on n\u00e4in \naina oma pes\u00e4 mukanaan.<\/p>\n","protected":false},"excerpt":{"rendered":"<p>Yksinolo-ongelmat olisi parasta ehk\u00e4ist\u00e4 ennalta. Ongelmia on vaikeampi ratkaista silloin, kun tilanne on jo akuutti. Kaikille koirille on v\u00e4ltt\u00e4m\u00e4t\u00f6nt\u00e4 opettaa rento ja stressit\u00f6n yksinolo. Yksinolon opetteluun uhrattu aika maksaa itsens\u00e4 takaisin koiran koko loppuel\u00e4m\u00e4n ajan. Koiran elintilan rajaaminen vain osaan asuntoa on t\u00e4ysin hyv\u00e4ksytt\u00e4v\u00e4\u00e4 ja jopa j\u00e4rkev\u00e4\u00e4, kunhan tila noudattaa el\u00e4insuojelulains\u00e4\u00e4d\u00e4nn\u00f6n m\u00e4\u00e4r\u00e4yksi\u00e4. Tila rajaamalla voidaan [&hellip;]<\/p>\n","protected":false},"author":8,"featured_media":233,"parent":0,"menu_order":-1,"comment_status":"closed","ping_status":"closed","template":"","meta":{"_acf_changed":false,"footnotes":""},"class_list":["post-50","page","type-page","status-publish","has-post-thumbnail","hentry"],"acf":[],"yoast_head":"<!-- This site is optimized with the Yoast SEO plugin v27.1.1 - https:\/\/yoast.com\/product\/yoast-seo-wordpress\/ -->\n<title>Ratkaisuja - \u00c4l\u00e4 h\u00e4kit\u00e4<\/title>\n<meta name=\"robots\" content=\"index, follow, max-snippet:-1, max-image-preview:large, max-video-preview:-1\" \/>\n<link rel=\"canonical\" href=\"https:\/\/sey.fi\/alahakita\/ratkaisuja\/\" \/>\n<meta property=\"og:locale\" content=\"fi_FI\" \/>\n<meta property=\"og:type\" content=\"article\" \/>\n<meta property=\"og:title\" content=\"Ratkaisuja - \u00c4l\u00e4 h\u00e4kit\u00e4\" \/>\n<meta property=\"og:description\" content=\"Yksinolo-ongelmat olisi parasta ehk\u00e4ist\u00e4 ennalta. Ongelmia on vaikeampi ratkaista silloin, kun tilanne on jo akuutti. Kaikille koirille on v\u00e4ltt\u00e4m\u00e4t\u00f6nt\u00e4 opettaa rento ja stressit\u00f6n yksinolo. Yksinolon opetteluun uhrattu aika maksaa itsens\u00e4 takaisin koiran koko loppuel\u00e4m\u00e4n ajan. Koiran elintilan rajaaminen vain osaan asuntoa on t\u00e4ysin hyv\u00e4ksytt\u00e4v\u00e4\u00e4 ja jopa j\u00e4rkev\u00e4\u00e4, kunhan tila noudattaa el\u00e4insuojelulains\u00e4\u00e4d\u00e4nn\u00f6n m\u00e4\u00e4r\u00e4yksi\u00e4. Tila rajaamalla voidaan [&hellip;]\" \/>\n<meta property=\"og:url\" content=\"https:\/\/sey.fi\/alahakita\/ratkaisuja\/\" \/>\n<meta property=\"og:site_name\" content=\"\u00c4l\u00e4 h\u00e4kit\u00e4\" \/>\n<meta property=\"article:modified_time\" content=\"2020-01-11T08:07:32+00:00\" \/>\n<meta property=\"og:image\" content=\"https:\/\/sey.fi\/wp-content\/uploads\/sites\/46\/2020\/01\/sey-alahakita-koira.jpg\" \/>\n\t<meta property=\"og:image:width\" content=\"1280\" \/>\n\t<meta property=\"og:image:height\" content=\"640\" \/>\n\t<meta property=\"og:image:type\" content=\"image\/jpeg\" \/>\n<meta name=\"twitter:card\" content=\"summary_large_image\" \/>\n<meta name=\"twitter:label1\" content=\"Arvioitu lukuaika\" \/>\n\t<meta name=\"twitter:data1\" content=\"1 minuutti\" \/>\n<script type=\"application\/ld+json\" class=\"yoast-schema-graph\">{\"@context\":\"https:\/\/schema.org\",\"@graph\":[{\"@type\":\"WebPage\",\"@id\":\"https:\/\/sey.fi\/alahakita\/ratkaisuja\/\",\"url\":\"https:\/\/sey.fi\/alahakita\/ratkaisuja\/\",\"name\":\"Ratkaisuja - \u00c4l\u00e4 h\u00e4kit\u00e4\",\"isPartOf\":{\"@id\":\"https:\/\/sey.fi\/alahakita\/#website\"},\"primaryImageOfPage\":{\"@id\":\"https:\/\/sey.fi\/alahakita\/ratkaisuja\/#primaryimage\"},\"image\":{\"@id\":\"https:\/\/sey.fi\/alahakita\/ratkaisuja\/#primaryimage\"},\"thumbnailUrl\":\"https:\/\/sey.fi\/wp-content\/uploads\/sites\/46\/2020\/01\/sey-alahakita-koira.jpg\",\"datePublished\":\"2019-12-09T08:19:42+00:00\",\"dateModified\":\"2020-01-11T08:07:32+00:00\",\"breadcrumb\":{\"@id\":\"https:\/\/sey.fi\/alahakita\/ratkaisuja\/#breadcrumb\"},\"inLanguage\":\"fi\",\"potentialAction\":[{\"@type\":\"ReadAction\",\"target\":[\"https:\/\/sey.fi\/alahakita\/ratkaisuja\/\"]}]},{\"@type\":\"ImageObject\",\"inLanguage\":\"fi\",\"@id\":\"https:\/\/sey.fi\/alahakita\/ratkaisuja\/#primaryimage\",\"url\":\"https:\/\/sey.fi\/wp-content\/uploads\/sites\/46\/2020\/01\/sey-alahakita-koira.jpg\",\"contentUrl\":\"https:\/\/sey.fi\/wp-content\/uploads\/sites\/46\/2020\/01\/sey-alahakita-koira.jpg\",\"width\":1280,\"height\":640,\"caption\":\"Kuva: Ari Kankainen\"},{\"@type\":\"BreadcrumbList\",\"@id\":\"https:\/\/sey.fi\/alahakita\/ratkaisuja\/#breadcrumb\",\"itemListElement\":[{\"@type\":\"ListItem\",\"position\":1,\"name\":\"Home\",\"item\":\"https:\/\/sey.fi\/alahakita\/\"},{\"@type\":\"ListItem\",\"position\":2,\"name\":\"Ratkaisuja\"}]},{\"@type\":\"WebSite\",\"@id\":\"https:\/\/sey.fi\/alahakita\/#website\",\"url\":\"https:\/\/sey.fi\/alahakita\/\",\"name\":\"\u00c4l\u00e4 h\u00e4kit\u00e4\",\"description\":\"Uusi SEY J\u00e4senyhdistykset -sivusto\",\"potentialAction\":[{\"@type\":\"SearchAction\",\"target\":{\"@type\":\"EntryPoint\",\"urlTemplate\":\"https:\/\/sey.fi\/alahakita\/?s={search_term_string}\"},\"query-input\":{\"@type\":\"PropertyValueSpecification\",\"valueRequired\":true,\"valueName\":\"search_term_string\"}}],\"inLanguage\":\"fi\"}]}<\/script>\n<!-- \/ Yoast SEO plugin. -->","yoast_head_json":{"title":"Ratkaisuja - \u00c4l\u00e4 h\u00e4kit\u00e4","robots":{"index":"index","follow":"follow","max-snippet":"max-snippet:-1","max-image-preview":"max-image-preview:large","max-video-preview":"max-video-preview:-1"},"canonical":"https:\/\/sey.fi\/alahakita\/ratkaisuja\/","og_locale":"fi_FI","og_type":"article","og_title":"Ratkaisuja - \u00c4l\u00e4 h\u00e4kit\u00e4","og_description":"Yksinolo-ongelmat olisi parasta ehk\u00e4ist\u00e4 ennalta. Ongelmia on vaikeampi ratkaista silloin, kun tilanne on jo akuutti. Kaikille koirille on v\u00e4ltt\u00e4m\u00e4t\u00f6nt\u00e4 opettaa rento ja stressit\u00f6n yksinolo. Yksinolon opetteluun uhrattu aika maksaa itsens\u00e4 takaisin koiran koko loppuel\u00e4m\u00e4n ajan. Koiran elintilan rajaaminen vain osaan asuntoa on t\u00e4ysin hyv\u00e4ksytt\u00e4v\u00e4\u00e4 ja jopa j\u00e4rkev\u00e4\u00e4, kunhan tila noudattaa el\u00e4insuojelulains\u00e4\u00e4d\u00e4nn\u00f6n m\u00e4\u00e4r\u00e4yksi\u00e4. Tila rajaamalla voidaan [&hellip;]","og_url":"https:\/\/sey.fi\/alahakita\/ratkaisuja\/","og_site_name":"\u00c4l\u00e4 h\u00e4kit\u00e4","article_modified_time":"2020-01-11T08:07:32+00:00","og_image":[{"width":1280,"height":640,"url":"https:\/\/sey.fi\/wp-content\/uploads\/sites\/46\/2020\/01\/sey-alahakita-koira.jpg","type":"image\/jpeg"}],"twitter_card":"summary_large_image","twitter_misc":{"Arvioitu lukuaika":"1 minuutti"},"schema":{"@context":"https:\/\/schema.org","@graph":[{"@type":"WebPage","@id":"https:\/\/sey.fi\/alahakita\/ratkaisuja\/","url":"https:\/\/sey.fi\/alahakita\/ratkaisuja\/","name":"Ratkaisuja - \u00c4l\u00e4 h\u00e4kit\u00e4","isPartOf":{"@id":"https:\/\/sey.fi\/alahakita\/#website"},"primaryImageOfPage":{"@id":"https:\/\/sey.fi\/alahakita\/ratkaisuja\/#primaryimage"},"image":{"@id":"https:\/\/sey.fi\/alahakita\/ratkaisuja\/#primaryimage"},"thumbnailUrl":"https:\/\/sey.fi\/wp-content\/uploads\/sites\/46\/2020\/01\/sey-alahakita-koira.jpg","datePublished":"2019-12-09T08:19:42+00:00","dateModified":"2020-01-11T08:07:32+00:00","breadcrumb":{"@id":"https:\/\/sey.fi\/alahakita\/ratkaisuja\/#breadcrumb"},"inLanguage":"fi","potentialAction":[{"@type":"ReadAction","target":["https:\/\/sey.fi\/alahakita\/ratkaisuja\/"]}]},{"@type":"ImageObject","inLanguage":"fi","@id":"https:\/\/sey.fi\/alahakita\/ratkaisuja\/#primaryimage","url":"https:\/\/sey.fi\/wp-content\/uploads\/sites\/46\/2020\/01\/sey-alahakita-koira.jpg","contentUrl":"https:\/\/sey.fi\/wp-content\/uploads\/sites\/46\/2020\/01\/sey-alahakita-koira.jpg","width":1280,"height":640,"caption":"Kuva: Ari Kankainen"},{"@type":"BreadcrumbList","@id":"https:\/\/sey.fi\/alahakita\/ratkaisuja\/#breadcrumb","itemListElement":[{"@type":"ListItem","position":1,"name":"Home","item":"https:\/\/sey.fi\/alahakita\/"},{"@type":"ListItem","position":2,"name":"Ratkaisuja"}]},{"@type":"WebSite","@id":"https:\/\/sey.fi\/alahakita\/#website","url":"https:\/\/sey.fi\/alahakita\/","name":"\u00c4l\u00e4 h\u00e4kit\u00e4","description":"Uusi SEY J\u00e4senyhdistykset -sivusto","potentialAction":[{"@type":"SearchAction","target":{"@type":"EntryPoint","urlTemplate":"https:\/\/sey.fi\/alahakita\/?s={search_term_string}"},"query-input":{"@type":"PropertyValueSpecification","valueRequired":true,"valueName":"search_term_string"}}],"inLanguage":"fi"}]}},"_links":{"self":[{"href":"https:\/\/sey.fi\/alahakita\/wp-json\/wp\/v2\/pages\/50","targetHints":{"allow":["GET"]}}],"collection":[{"href":"https:\/\/sey.fi\/alahakita\/wp-json\/wp\/v2\/pages"}],"about":[{"href":"https:\/\/sey.fi\/alahakita\/wp-json\/wp\/v2\/types\/page"}],"author":[{"embeddable":true,"href":"https:\/\/sey.fi\/alahakita\/wp-json\/wp\/v2\/users\/8"}],"replies":[{"embeddable":true,"href":"https:\/\/sey.fi\/alahakita\/wp-json\/wp\/v2\/comments?post=50"}],"version-history":[{"count":1,"href":"https:\/\/sey.fi\/alahakita\/wp-json\/wp\/v2\/pages\/50\/revisions"}],"predecessor-version":[{"id":51,"href":"https:\/\/sey.fi\/alahakita\/wp-json\/wp\/v2\/pages\/50\/revisions\/51"}],"wp:featuredmedia":[{"embeddable":true,"href":"https:\/\/sey.fi\/alahakita\/wp-json\/wp\/v2\/media\/233"}],"wp:attachment":[{"href":"https:\/\/sey.fi\/alahakita\/wp-json\/wp\/v2\/media?parent=50"}],"curies":[{"name":"wp","href":"https:\/\/api.w.org\/{rel}","templated":true}]}}