{"id":52,"date":"2019-12-09T10:22:10","date_gmt":"2019-12-09T08:22:10","guid":{"rendered":"http:\/\/srvr10.xetpoint.com\/~seyfi\/alahakita\/?page_id=52"},"modified":"2020-01-11T10:07:50","modified_gmt":"2020-01-11T08:07:50","slug":"ehkaise-yksinolo-ongelmat-ennalta","status":"publish","type":"page","link":"https:\/\/sey.fi\/alahakita\/ehkaise-yksinolo-ongelmat-ennalta\/","title":{"rendered":"Ehk\u00e4ise yksinolo-ongelmat ennalta"},"content":{"rendered":"\n<p><em>Kuva: Julia Pohjolan-Pirhonen<\/em><\/p>\n\n\n\n<p>H\u00e4kkiin p\u00e4\u00e4tyv\u00e4t koirat ovat yleens\u00e4 eroahdistuneita tai k\u00e4rsiv\u00e4t \nsis\u00e4siisteysongelmista. Kyse voi my\u00f6s olla nuoresta tai pentukoirasta, \njoka tuhoaa asuntoa muun tekemisen puutteessa. Jotkut ihmiset h\u00e4kitt\u00e4v\u00e4t\n koiria my\u00f6s \u201cvarmuuden vuoksi\u201d ennen kuin ne edes ehtiv\u00e4t alkaa tuhota \npaikkoja.<\/p>\n\n\n\n<p>Ennaltaehk\u00e4isy on t\u00e4ss\u00e4kin asiassa paras hoitokeino. Pentu pit\u00e4\u00e4 \npienest\u00e4 pit\u00e4en opettaa olemaan yksin ja mielell\u00e4\u00e4n niin, ett\u00e4 se on \naina yksin j\u00e4tett\u00e4ess\u00e4\u00e4n v\u00e4synyt. N\u00e4in se oppii rauhoittumaan ja \nnukkumaan yksin ollessaan. Aluksi harjoitusten tulee olla lyhyit\u00e4 ja ne \nvoi tehd\u00e4 vaikkapa ollen itsekin kotona j\u00e4tt\u00e4en pennun toiseen \nhuoneeseen.<\/p>\n\n\n\n<p>Pentua tai aikuista rauhatonta koiraa voi my\u00f6s tyynnytell\u00e4 \nk\u00e4ytt\u00e4m\u00e4ll\u00e4 kotona D.A.P. -feromonivalmistetta. Feromonit ovat el\u00e4inten \neritt\u00e4mi\u00e4 hajuaineita, joiden avulla el\u00e4inyksil\u00f6t viestiv\u00e4t kesken\u00e4\u00e4n. \nFeromonit erittyv\u00e4t ihon erityisten talirauhasten kautta, mutta my\u00f6s \nvirtsassa ja anaalirauhaseritteess\u00e4 on feromoneja.<\/p>\n\n\n\n<p>Monilta eri el\u00e4inlajeilta (koira, kissa, hevonen, sika, kani) on \nl\u00f6ydetty ns. tyynnytt\u00e4vi\u00e4 feromoneja, joiden tarkoituksena on lujittaa \npennun ja emon v\u00e4list\u00e4 suhdetta pian pentujen syntym\u00e4n j\u00e4lkeen.<\/p>\n","protected":false},"excerpt":{"rendered":"<p>Kuva: Julia Pohjolan-Pirhonen H\u00e4kkiin p\u00e4\u00e4tyv\u00e4t koirat ovat yleens\u00e4 eroahdistuneita tai k\u00e4rsiv\u00e4t sis\u00e4siisteysongelmista. Kyse voi my\u00f6s olla nuoresta tai pentukoirasta, joka tuhoaa asuntoa muun tekemisen puutteessa. Jotkut ihmiset h\u00e4kitt\u00e4v\u00e4t koiria my\u00f6s \u201cvarmuuden vuoksi\u201d ennen kuin ne edes ehtiv\u00e4t alkaa tuhota paikkoja. Ennaltaehk\u00e4isy on t\u00e4ss\u00e4kin asiassa paras hoitokeino. Pentu pit\u00e4\u00e4 pienest\u00e4 pit\u00e4en opettaa olemaan yksin ja mielell\u00e4\u00e4n [&hellip;]<\/p>\n","protected":false},"author":8,"featured_media":53,"parent":0,"menu_order":-1,"comment_status":"closed","ping_status":"closed","template":"","meta":{"_acf_changed":false,"footnotes":""},"class_list":["post-52","page","type-page","status-publish","has-post-thumbnail","hentry"],"acf":[],"yoast_head":"<!-- This site is optimized with the Yoast SEO plugin v27.1.1 - https:\/\/yoast.com\/product\/yoast-seo-wordpress\/ -->\n<title>Ehk\u00e4ise yksinolo-ongelmat ennalta - \u00c4l\u00e4 h\u00e4kit\u00e4<\/title>\n<meta name=\"robots\" content=\"index, follow, max-snippet:-1, max-image-preview:large, max-video-preview:-1\" \/>\n<link rel=\"canonical\" href=\"https:\/\/sey.fi\/alahakita\/ehkaise-yksinolo-ongelmat-ennalta\/\" \/>\n<meta property=\"og:locale\" content=\"fi_FI\" \/>\n<meta property=\"og:type\" content=\"article\" \/>\n<meta property=\"og:title\" content=\"Ehk\u00e4ise yksinolo-ongelmat ennalta - \u00c4l\u00e4 h\u00e4kit\u00e4\" \/>\n<meta property=\"og:description\" content=\"Kuva: Julia Pohjolan-Pirhonen H\u00e4kkiin p\u00e4\u00e4tyv\u00e4t koirat ovat yleens\u00e4 eroahdistuneita tai k\u00e4rsiv\u00e4t sis\u00e4siisteysongelmista. Kyse voi my\u00f6s olla nuoresta tai pentukoirasta, joka tuhoaa asuntoa muun tekemisen puutteessa. Jotkut ihmiset h\u00e4kitt\u00e4v\u00e4t koiria my\u00f6s \u201cvarmuuden vuoksi\u201d ennen kuin ne edes ehtiv\u00e4t alkaa tuhota paikkoja. Ennaltaehk\u00e4isy on t\u00e4ss\u00e4kin asiassa paras hoitokeino. Pentu pit\u00e4\u00e4 pienest\u00e4 pit\u00e4en opettaa olemaan yksin ja mielell\u00e4\u00e4n [&hellip;]\" \/>\n<meta property=\"og:url\" content=\"https:\/\/sey.fi\/alahakita\/ehkaise-yksinolo-ongelmat-ennalta\/\" \/>\n<meta property=\"og:site_name\" content=\"\u00c4l\u00e4 h\u00e4kit\u00e4\" \/>\n<meta property=\"article:modified_time\" content=\"2020-01-11T08:07:50+00:00\" \/>\n<meta property=\"og:image\" content=\"https:\/\/sey.fi\/wp-content\/uploads\/sites\/46\/2019\/12\/ko_kamat_hajallaan_julia_pohjolan-pirhonen.jpg\" \/>\n\t<meta property=\"og:image:width\" content=\"423\" \/>\n\t<meta property=\"og:image:height\" content=\"514\" \/>\n\t<meta property=\"og:image:type\" content=\"image\/jpeg\" \/>\n<meta name=\"twitter:card\" content=\"summary_large_image\" \/>\n<meta name=\"twitter:label1\" content=\"Arvioitu lukuaika\" \/>\n\t<meta name=\"twitter:data1\" content=\"1 minuutti\" \/>\n<script type=\"application\/ld+json\" class=\"yoast-schema-graph\">{\"@context\":\"https:\/\/schema.org\",\"@graph\":[{\"@type\":\"WebPage\",\"@id\":\"https:\/\/sey.fi\/alahakita\/ehkaise-yksinolo-ongelmat-ennalta\/\",\"url\":\"https:\/\/sey.fi\/alahakita\/ehkaise-yksinolo-ongelmat-ennalta\/\",\"name\":\"Ehk\u00e4ise yksinolo-ongelmat ennalta - \u00c4l\u00e4 h\u00e4kit\u00e4\",\"isPartOf\":{\"@id\":\"https:\/\/sey.fi\/alahakita\/#website\"},\"primaryImageOfPage\":{\"@id\":\"https:\/\/sey.fi\/alahakita\/ehkaise-yksinolo-ongelmat-ennalta\/#primaryimage\"},\"image\":{\"@id\":\"https:\/\/sey.fi\/alahakita\/ehkaise-yksinolo-ongelmat-ennalta\/#primaryimage\"},\"thumbnailUrl\":\"https:\/\/sey.fi\/wp-content\/uploads\/sites\/46\/2019\/12\/ko_kamat_hajallaan_julia_pohjolan-pirhonen.jpg\",\"datePublished\":\"2019-12-09T08:22:10+00:00\",\"dateModified\":\"2020-01-11T08:07:50+00:00\",\"breadcrumb\":{\"@id\":\"https:\/\/sey.fi\/alahakita\/ehkaise-yksinolo-ongelmat-ennalta\/#breadcrumb\"},\"inLanguage\":\"fi\",\"potentialAction\":[{\"@type\":\"ReadAction\",\"target\":[\"https:\/\/sey.fi\/alahakita\/ehkaise-yksinolo-ongelmat-ennalta\/\"]}]},{\"@type\":\"ImageObject\",\"inLanguage\":\"fi\",\"@id\":\"https:\/\/sey.fi\/alahakita\/ehkaise-yksinolo-ongelmat-ennalta\/#primaryimage\",\"url\":\"https:\/\/sey.fi\/wp-content\/uploads\/sites\/46\/2019\/12\/ko_kamat_hajallaan_julia_pohjolan-pirhonen.jpg\",\"contentUrl\":\"https:\/\/sey.fi\/wp-content\/uploads\/sites\/46\/2019\/12\/ko_kamat_hajallaan_julia_pohjolan-pirhonen.jpg\",\"width\":423,\"height\":514},{\"@type\":\"BreadcrumbList\",\"@id\":\"https:\/\/sey.fi\/alahakita\/ehkaise-yksinolo-ongelmat-ennalta\/#breadcrumb\",\"itemListElement\":[{\"@type\":\"ListItem\",\"position\":1,\"name\":\"Home\",\"item\":\"https:\/\/sey.fi\/alahakita\/\"},{\"@type\":\"ListItem\",\"position\":2,\"name\":\"Ehk\u00e4ise yksinolo-ongelmat ennalta\"}]},{\"@type\":\"WebSite\",\"@id\":\"https:\/\/sey.fi\/alahakita\/#website\",\"url\":\"https:\/\/sey.fi\/alahakita\/\",\"name\":\"\u00c4l\u00e4 h\u00e4kit\u00e4\",\"description\":\"Uusi SEY J\u00e4senyhdistykset -sivusto\",\"potentialAction\":[{\"@type\":\"SearchAction\",\"target\":{\"@type\":\"EntryPoint\",\"urlTemplate\":\"https:\/\/sey.fi\/alahakita\/?s={search_term_string}\"},\"query-input\":{\"@type\":\"PropertyValueSpecification\",\"valueRequired\":true,\"valueName\":\"search_term_string\"}}],\"inLanguage\":\"fi\"}]}<\/script>\n<!-- \/ Yoast SEO plugin. -->","yoast_head_json":{"title":"Ehk\u00e4ise yksinolo-ongelmat ennalta - \u00c4l\u00e4 h\u00e4kit\u00e4","robots":{"index":"index","follow":"follow","max-snippet":"max-snippet:-1","max-image-preview":"max-image-preview:large","max-video-preview":"max-video-preview:-1"},"canonical":"https:\/\/sey.fi\/alahakita\/ehkaise-yksinolo-ongelmat-ennalta\/","og_locale":"fi_FI","og_type":"article","og_title":"Ehk\u00e4ise yksinolo-ongelmat ennalta - \u00c4l\u00e4 h\u00e4kit\u00e4","og_description":"Kuva: Julia Pohjolan-Pirhonen H\u00e4kkiin p\u00e4\u00e4tyv\u00e4t koirat ovat yleens\u00e4 eroahdistuneita tai k\u00e4rsiv\u00e4t sis\u00e4siisteysongelmista. Kyse voi my\u00f6s olla nuoresta tai pentukoirasta, joka tuhoaa asuntoa muun tekemisen puutteessa. Jotkut ihmiset h\u00e4kitt\u00e4v\u00e4t koiria my\u00f6s \u201cvarmuuden vuoksi\u201d ennen kuin ne edes ehtiv\u00e4t alkaa tuhota paikkoja. Ennaltaehk\u00e4isy on t\u00e4ss\u00e4kin asiassa paras hoitokeino. Pentu pit\u00e4\u00e4 pienest\u00e4 pit\u00e4en opettaa olemaan yksin ja mielell\u00e4\u00e4n [&hellip;]","og_url":"https:\/\/sey.fi\/alahakita\/ehkaise-yksinolo-ongelmat-ennalta\/","og_site_name":"\u00c4l\u00e4 h\u00e4kit\u00e4","article_modified_time":"2020-01-11T08:07:50+00:00","og_image":[{"width":423,"height":514,"url":"https:\/\/sey.fi\/wp-content\/uploads\/sites\/46\/2019\/12\/ko_kamat_hajallaan_julia_pohjolan-pirhonen.jpg","type":"image\/jpeg"}],"twitter_card":"summary_large_image","twitter_misc":{"Arvioitu lukuaika":"1 minuutti"},"schema":{"@context":"https:\/\/schema.org","@graph":[{"@type":"WebPage","@id":"https:\/\/sey.fi\/alahakita\/ehkaise-yksinolo-ongelmat-ennalta\/","url":"https:\/\/sey.fi\/alahakita\/ehkaise-yksinolo-ongelmat-ennalta\/","name":"Ehk\u00e4ise yksinolo-ongelmat ennalta - \u00c4l\u00e4 h\u00e4kit\u00e4","isPartOf":{"@id":"https:\/\/sey.fi\/alahakita\/#website"},"primaryImageOfPage":{"@id":"https:\/\/sey.fi\/alahakita\/ehkaise-yksinolo-ongelmat-ennalta\/#primaryimage"},"image":{"@id":"https:\/\/sey.fi\/alahakita\/ehkaise-yksinolo-ongelmat-ennalta\/#primaryimage"},"thumbnailUrl":"https:\/\/sey.fi\/wp-content\/uploads\/sites\/46\/2019\/12\/ko_kamat_hajallaan_julia_pohjolan-pirhonen.jpg","datePublished":"2019-12-09T08:22:10+00:00","dateModified":"2020-01-11T08:07:50+00:00","breadcrumb":{"@id":"https:\/\/sey.fi\/alahakita\/ehkaise-yksinolo-ongelmat-ennalta\/#breadcrumb"},"inLanguage":"fi","potentialAction":[{"@type":"ReadAction","target":["https:\/\/sey.fi\/alahakita\/ehkaise-yksinolo-ongelmat-ennalta\/"]}]},{"@type":"ImageObject","inLanguage":"fi","@id":"https:\/\/sey.fi\/alahakita\/ehkaise-yksinolo-ongelmat-ennalta\/#primaryimage","url":"https:\/\/sey.fi\/wp-content\/uploads\/sites\/46\/2019\/12\/ko_kamat_hajallaan_julia_pohjolan-pirhonen.jpg","contentUrl":"https:\/\/sey.fi\/wp-content\/uploads\/sites\/46\/2019\/12\/ko_kamat_hajallaan_julia_pohjolan-pirhonen.jpg","width":423,"height":514},{"@type":"BreadcrumbList","@id":"https:\/\/sey.fi\/alahakita\/ehkaise-yksinolo-ongelmat-ennalta\/#breadcrumb","itemListElement":[{"@type":"ListItem","position":1,"name":"Home","item":"https:\/\/sey.fi\/alahakita\/"},{"@type":"ListItem","position":2,"name":"Ehk\u00e4ise yksinolo-ongelmat ennalta"}]},{"@type":"WebSite","@id":"https:\/\/sey.fi\/alahakita\/#website","url":"https:\/\/sey.fi\/alahakita\/","name":"\u00c4l\u00e4 h\u00e4kit\u00e4","description":"Uusi SEY J\u00e4senyhdistykset -sivusto","potentialAction":[{"@type":"SearchAction","target":{"@type":"EntryPoint","urlTemplate":"https:\/\/sey.fi\/alahakita\/?s={search_term_string}"},"query-input":{"@type":"PropertyValueSpecification","valueRequired":true,"valueName":"search_term_string"}}],"inLanguage":"fi"}]}},"_links":{"self":[{"href":"https:\/\/sey.fi\/alahakita\/wp-json\/wp\/v2\/pages\/52","targetHints":{"allow":["GET"]}}],"collection":[{"href":"https:\/\/sey.fi\/alahakita\/wp-json\/wp\/v2\/pages"}],"about":[{"href":"https:\/\/sey.fi\/alahakita\/wp-json\/wp\/v2\/types\/page"}],"author":[{"embeddable":true,"href":"https:\/\/sey.fi\/alahakita\/wp-json\/wp\/v2\/users\/8"}],"replies":[{"embeddable":true,"href":"https:\/\/sey.fi\/alahakita\/wp-json\/wp\/v2\/comments?post=52"}],"version-history":[{"count":1,"href":"https:\/\/sey.fi\/alahakita\/wp-json\/wp\/v2\/pages\/52\/revisions"}],"predecessor-version":[{"id":54,"href":"https:\/\/sey.fi\/alahakita\/wp-json\/wp\/v2\/pages\/52\/revisions\/54"}],"wp:featuredmedia":[{"embeddable":true,"href":"https:\/\/sey.fi\/alahakita\/wp-json\/wp\/v2\/media\/53"}],"wp:attachment":[{"href":"https:\/\/sey.fi\/alahakita\/wp-json\/wp\/v2\/media?parent=52"}],"curies":[{"name":"wp","href":"https:\/\/api.w.org\/{rel}","templated":true}]}}