{"id":55,"date":"2019-12-09T10:24:11","date_gmt":"2019-12-09T08:24:11","guid":{"rendered":"http:\/\/srvr10.xetpoint.com\/~seyfi\/alahakita\/?page_id=55"},"modified":"2020-01-11T10:08:45","modified_gmt":"2020-01-11T08:08:45","slug":"oikean-rodun-valinta","status":"publish","type":"page","link":"https:\/\/sey.fi\/alahakita\/oikean-rodun-valinta\/","title":{"rendered":"Oikean rodun valinta"},"content":{"rendered":"\n<p> <em>Kuva: Krista Hokkanen<\/em> <\/p>\n\n\n\n<h2 class=\"wp-block-heading\">Oikean rodun valinta on avainasemassa<\/h2>\n\n\n\n<p>Oikean rodun valinta on iso asia koiranhankinnassa. Mink\u00e4\u00e4n \nkoirarodun ulkomuoto tai luonne ei ole valikoitunut satunnaisesti, vaan \non tulos vuosikymmenten tai jopa vuosisatojen jalostuksesta. Aikanaan \nkoirilla oli melko selke\u00e4 k\u00e4ytt\u00f6tarkoitus, eik\u00e4 niinsanottuja \nseurakoiria juurikaan ollut olemassa. Koirat on siis luotu tekem\u00e4\u00e4n \nty\u00f6t\u00e4. Nykyp\u00e4iv\u00e4n\u00e4 t\u00e4m\u00e4 ty\u00f6 usein puuttuu niilt\u00e4, ja siksi ne suuntaavat\n energiaansa ja taipumuksiaan ihmisen mielest\u00e4 ei-toivottuihin \nkohteisiin.<\/p>\n\n\n\n<p>Mit\u00e4\u00e4n el\u00e4int\u00e4 ei pid\u00e4 koskaan valita ulkomuodon perusteella. \nUlkon\u00e4k\u00f6 her\u00e4tt\u00e4\u00e4 usein tiet\u00e4m\u00e4tt\u00f6miss\u00e4 ihmisiss\u00e4 aivan v\u00e4\u00e4ri\u00e4 \nmielikuvia. Nallemaisen p\u00f6rr\u00f6inen ja pehme\u00e4n n\u00e4k\u00f6inen \nkaukaasianpaimenkoira on tiukka vahti, joka ei todellakaan sovi \nkerrostaloon. Iloinen ja pieni jackrusselinterrieri taasen on \nmets\u00e4styskoira, joka on tarvitsee paljon liikuntaa ja johdonmukaisen \nperuskoulutuksen.<\/p>\n\n\n\n<p>Koirarodun k\u00e4ytt\u00f6tarkoitus on t\u00e4rkein asia, mihin tulee kiinnitt\u00e4\u00e4 \nhuomiota lemmikki\u00e4 valitessa. Vaikkei kyseist\u00e4 rotua t\u00e4ll\u00e4 hetkell\u00e4 en\u00e4\u00e4\n k\u00e4ytett\u00e4isik\u00e4\u00e4n siihen asiaan mihin se on aikanaan jalostettu, ei \nmuutaman kymmenen vuoden seurakoirana olo ole muuttanut rodun \ntaipumuksia. Pennunostajan on syyt\u00e4 mietti\u00e4 tarkkaan, mihin rotua on \njalostettu ja mihin seikkoihin koiran k\u00e4yt\u00f6ksess\u00e4 kyseinen jalostus on \nvaikuttanut. Mit\u00e4 itsen\u00e4isemp\u00e4\u00e4n ty\u00f6skentelyyn tarkoitettu rotu, sen \nitsen\u00e4isempi se on. Sen enemm\u00e4n ohjaajan tarvitsee tehd\u00e4 t\u00f6it\u00e4 koiran \nkanssa koulutuksen kautta, jotta lemmikki kiinnostuu yhdess\u00e4tekemisest\u00e4 \nomistajansa kanssa.<\/p>\n\n\n\n<p>Useimmat koirarodut on jalostettu erilaisiin mets\u00e4stystarkoituksiin \nsek\u00e4 vartioimaan ja vahtimaan. N\u00e4m\u00e4 seikat saattavat aiheuttaa ongelmia \nurbaaneissa asuinolosuhteissa. Jotkut mets\u00e4styskoirat eiv\u00e4t esimerkiksi \npysty el\u00e4m\u00e4\u00e4n samassa taloudessa jyrsij\u00f6iden tai kissojen kanssa. \nMets\u00e4styskoiria on my\u00f6s hankalaa tai jopa mahdotonta pit\u00e4\u00e4 irti \nkaupungeissa. Ne kuitenkin tarvitsevat paljon liikuntaa. \nLiikunnantarvetta on hyvin vaikea t\u00e4ytt\u00e4\u00e4 pelk\u00e4st\u00e4\u00e4n hihnassa ulkoillen.<\/p>\n\n\n\n<h2 class=\"wp-block-heading\">Mieti, mit\u00e4 tarvitset<\/h2>\n\n\n\n<p>Mieti koiraa hankkiessa, millaista lemmikki\u00e4 etsit. Mink\u00e4 kokoinen \nkoiran pit\u00e4isi olla? Pieni koira kulkee helpommin mukana esimerkiksi \nbussissa ja sille on monesti vaivattomampaa l\u00f6yt\u00e4\u00e4 hoitopaikka. \nHaluatko, ett\u00e4 koira vahtii? Haukulla tulijoista ilmoittava koira voi \nolla rasittava kerrostalossa. Miten koiran pit\u00e4isi suhtautua vieraisiin \nihmisiin? Kaupunkiolosuhteissa on helpompaa, jos koira on luonteeltaan \navoin eik\u00e4 karsasta uusiakaan tuttavuuksia. Oletko kiinnostunut \nturkinhoidosta? Jotkut pitk\u00e4karvaiset koirat tulee pest\u00e4 ja kammata l\u00e4pi\n viikottain. T\u00e4m\u00e4 vie isolla koiralla jopa useamman tunnin. Hyvin \nlyhytkarvaiset, pohjavillattomat koirarodut sen sijaan voivat kylmetty\u00e4 \nhelposti eiv\u00e4tk\u00e4 yleens\u00e4 my\u00f6sk\u00e4\u00e4n pid\u00e4 sateesta. Niille tarvitsee \nhankkia talvea varten mantteleita ja haalareita. Mink\u00e4lainen \ntemperamentti koiralla pit\u00e4isi olla? Vilkas hauva on perheen ilopilleri,\n ja aina valmis uusiin haasteisiin. Se voi my\u00f6s olla jonkun mielest\u00e4 \n\u00e4rsytt\u00e4v\u00e4, koska vauhdikas koira ei juurikaan lep\u00e4\u00e4 vaan pomppaa pystyyn\n heti jonkun liikahtaessa.<\/p>\n\n\n\n<p>Kuinka paljon haluat ulkoilla ja harrastaa koirasi kanssa? Koiran \nel\u00e4m\u00e4n etenkin kolme ensimm\u00e4ist\u00e4 vuotta ovat t\u00e4ynn\u00e4 energiaa. Nuorta \nkoiraa t\u00e4ytyy sosiaalistaa, peruskouluttaa ja ulkoiluttaa. T\u00e4m\u00e4 voi \nvied\u00e4 2-3 tuntia p\u00e4ivitt\u00e4in. Onko sinulla aikaa siihen? Mist\u00e4 \nharrastuslajeista olet kiinnostunut? Monet rodut kaipaavat ulkoilun \nlis\u00e4ksi muutakin tekemist\u00e4. Agility, tottelevaisuuskoulutus, haku tai \nj\u00e4ljestys sopivat monille roduille, mutta eiv\u00e4t kaikille. Jos olet \nhalukas suuntaamaan jonkin tietyn harrastuksen pariin, selvit\u00e4, sopiiko \nvalitesemasi rotu kokonsa ja ominaisuuksien puolesta siihen. T\u00e4m\u00e4nkin \nj\u00e4lkeen on hyv\u00e4 muistaa, ett\u00e4 koirat ovat yksil\u00f6it\u00e4 siin\u00e4 miss\u00e4 \nihmisetkin ja voi olla, ett\u00e4 koirasi ei syyst\u00e4 tai toisesta olekaan \nkykenev\u00e4 harrastamaan valitsemaasi lajia.<\/p>\n\n\n\n<p>Moni- tai sekarotuista koiraa hankkiessa tulisi my\u00f6s mietti\u00e4, mit\u00e4 \nrotuja koirassa voisi olla. Kahden rodun risteytykset voivat muistuttaa \njoko jompaa kumpaa vanhemmistaan ulkon\u00e4k\u00f6ns\u00e4 ja\/tai luonteensa puolesta \ntai olla jonkinlaisia v\u00e4limuotoja n\u00e4ist\u00e4. Hyvin erilaisten rotujen \nristeytt\u00e4minen ei ole yleens\u00e4 hyv\u00e4 idea, sill\u00e4 eri tavoin toimivien \nrotujen yhteensaattaminen voi tuottaa ristiriitaisesti k\u00e4ytt\u00e4ytyvi\u00e4 \nyksil\u00f6it\u00e4.<\/p>\n\n\n\n<p>Ulkomailta tuotava tai Suomesta hankittu rescue-koira voi olla ihana \nlemmikki, mutta my\u00f6s hermoja raastava maanvaiva. Ota huomioon, ett\u00e4 \nkoira ei v\u00e4ltt\u00e4m\u00e4tt\u00e4 osaa suomalaisessa yhteiskunnassa lemmikilt\u00e4 \nvaadittavia perustapoja kuten olla hiljaa kerrostalossa tai k\u00e4vell\u00e4 \ntaluttimessa. El\u00e4int\u00e4 ei v\u00e4ltt\u00e4m\u00e4tt\u00e4 ole koskaan opetettu olemaan yksin \neik\u00e4 se ehk\u00e4 osaa tehd\u00e4 tarpeitaan ulos. Jos koiraa on saatettu k\u00e4ytt\u00e4\u00e4 \nmets\u00e4stykseen sen kotimaassa, voi olla, ett\u00e4 el\u00e4in tekee kaikkensa \np\u00e4\u00e4st\u00e4kseen karkaamaan sis\u00e4lt\u00e4 kotoa tai taluttimesta voidakseen l\u00e4hte\u00e4 \nriistan per\u00e4\u00e4n. Sen oppimishistoriaa on melko mahdotonta pyyhki\u00e4 pois \nhuolellisellakaan koulutuksella.<\/p>\n","protected":false},"excerpt":{"rendered":"<p>Kuva: Krista Hokkanen Oikean rodun valinta on avainasemassa Oikean rodun valinta on iso asia koiranhankinnassa. Mink\u00e4\u00e4n koirarodun ulkomuoto tai luonne ei ole valikoitunut satunnaisesti, vaan on tulos vuosikymmenten tai jopa vuosisatojen jalostuksesta. Aikanaan koirilla oli melko selke\u00e4 k\u00e4ytt\u00f6tarkoitus, eik\u00e4 niinsanottuja seurakoiria juurikaan ollut olemassa. Koirat on siis luotu tekem\u00e4\u00e4n ty\u00f6t\u00e4. Nykyp\u00e4iv\u00e4n\u00e4 t\u00e4m\u00e4 ty\u00f6 usein puuttuu [&hellip;]<\/p>\n","protected":false},"author":8,"featured_media":58,"parent":0,"menu_order":-1,"comment_status":"closed","ping_status":"closed","template":"","meta":{"_acf_changed":false,"footnotes":""},"class_list":["post-55","page","type-page","status-publish","has-post-thumbnail","hentry"],"acf":[],"yoast_head":"<!-- This site is optimized with the Yoast SEO plugin v27.1.1 - https:\/\/yoast.com\/product\/yoast-seo-wordpress\/ -->\n<title>Oikean rodun valinta - \u00c4l\u00e4 h\u00e4kit\u00e4<\/title>\n<meta name=\"robots\" content=\"index, follow, max-snippet:-1, max-image-preview:large, max-video-preview:-1\" \/>\n<link rel=\"canonical\" href=\"https:\/\/sey.fi\/alahakita\/oikean-rodun-valinta\/\" \/>\n<meta property=\"og:locale\" content=\"fi_FI\" \/>\n<meta property=\"og:type\" content=\"article\" \/>\n<meta property=\"og:title\" content=\"Oikean rodun valinta - \u00c4l\u00e4 h\u00e4kit\u00e4\" \/>\n<meta property=\"og:description\" content=\"Kuva: Krista Hokkanen Oikean rodun valinta on avainasemassa Oikean rodun valinta on iso asia koiranhankinnassa. Mink\u00e4\u00e4n koirarodun ulkomuoto tai luonne ei ole valikoitunut satunnaisesti, vaan on tulos vuosikymmenten tai jopa vuosisatojen jalostuksesta. Aikanaan koirilla oli melko selke\u00e4 k\u00e4ytt\u00f6tarkoitus, eik\u00e4 niinsanottuja seurakoiria juurikaan ollut olemassa. Koirat on siis luotu tekem\u00e4\u00e4n ty\u00f6t\u00e4. Nykyp\u00e4iv\u00e4n\u00e4 t\u00e4m\u00e4 ty\u00f6 usein puuttuu [&hellip;]\" \/>\n<meta property=\"og:url\" content=\"https:\/\/sey.fi\/alahakita\/oikean-rodun-valinta\/\" \/>\n<meta property=\"og:site_name\" content=\"\u00c4l\u00e4 h\u00e4kit\u00e4\" \/>\n<meta property=\"article:modified_time\" content=\"2020-01-11T08:08:45+00:00\" \/>\n<meta property=\"og:image\" content=\"https:\/\/sey.fi\/wp-content\/uploads\/sites\/46\/2019\/12\/ko_ajok_nukk_sohvassa2_krista_hokkanen.jpg\" \/>\n\t<meta property=\"og:image:width\" content=\"423\" \/>\n\t<meta property=\"og:image:height\" content=\"317\" \/>\n\t<meta property=\"og:image:type\" content=\"image\/jpeg\" \/>\n<meta name=\"twitter:card\" content=\"summary_large_image\" \/>\n<meta name=\"twitter:label1\" content=\"Arvioitu lukuaika\" \/>\n\t<meta name=\"twitter:data1\" content=\"4 minuuttia\" \/>\n<script type=\"application\/ld+json\" class=\"yoast-schema-graph\">{\"@context\":\"https:\/\/schema.org\",\"@graph\":[{\"@type\":\"WebPage\",\"@id\":\"https:\/\/sey.fi\/alahakita\/oikean-rodun-valinta\/\",\"url\":\"https:\/\/sey.fi\/alahakita\/oikean-rodun-valinta\/\",\"name\":\"Oikean rodun valinta - \u00c4l\u00e4 h\u00e4kit\u00e4\",\"isPartOf\":{\"@id\":\"https:\/\/sey.fi\/alahakita\/#website\"},\"primaryImageOfPage\":{\"@id\":\"https:\/\/sey.fi\/alahakita\/oikean-rodun-valinta\/#primaryimage\"},\"image\":{\"@id\":\"https:\/\/sey.fi\/alahakita\/oikean-rodun-valinta\/#primaryimage\"},\"thumbnailUrl\":\"https:\/\/sey.fi\/wp-content\/uploads\/sites\/46\/2019\/12\/ko_ajok_nukk_sohvassa2_krista_hokkanen.jpg\",\"datePublished\":\"2019-12-09T08:24:11+00:00\",\"dateModified\":\"2020-01-11T08:08:45+00:00\",\"breadcrumb\":{\"@id\":\"https:\/\/sey.fi\/alahakita\/oikean-rodun-valinta\/#breadcrumb\"},\"inLanguage\":\"fi\",\"potentialAction\":[{\"@type\":\"ReadAction\",\"target\":[\"https:\/\/sey.fi\/alahakita\/oikean-rodun-valinta\/\"]}]},{\"@type\":\"ImageObject\",\"inLanguage\":\"fi\",\"@id\":\"https:\/\/sey.fi\/alahakita\/oikean-rodun-valinta\/#primaryimage\",\"url\":\"https:\/\/sey.fi\/wp-content\/uploads\/sites\/46\/2019\/12\/ko_ajok_nukk_sohvassa2_krista_hokkanen.jpg\",\"contentUrl\":\"https:\/\/sey.fi\/wp-content\/uploads\/sites\/46\/2019\/12\/ko_ajok_nukk_sohvassa2_krista_hokkanen.jpg\",\"width\":423,\"height\":317},{\"@type\":\"BreadcrumbList\",\"@id\":\"https:\/\/sey.fi\/alahakita\/oikean-rodun-valinta\/#breadcrumb\",\"itemListElement\":[{\"@type\":\"ListItem\",\"position\":1,\"name\":\"Home\",\"item\":\"https:\/\/sey.fi\/alahakita\/\"},{\"@type\":\"ListItem\",\"position\":2,\"name\":\"Oikean rodun valinta\"}]},{\"@type\":\"WebSite\",\"@id\":\"https:\/\/sey.fi\/alahakita\/#website\",\"url\":\"https:\/\/sey.fi\/alahakita\/\",\"name\":\"\u00c4l\u00e4 h\u00e4kit\u00e4\",\"description\":\"Uusi SEY J\u00e4senyhdistykset -sivusto\",\"potentialAction\":[{\"@type\":\"SearchAction\",\"target\":{\"@type\":\"EntryPoint\",\"urlTemplate\":\"https:\/\/sey.fi\/alahakita\/?s={search_term_string}\"},\"query-input\":{\"@type\":\"PropertyValueSpecification\",\"valueRequired\":true,\"valueName\":\"search_term_string\"}}],\"inLanguage\":\"fi\"}]}<\/script>\n<!-- \/ Yoast SEO plugin. -->","yoast_head_json":{"title":"Oikean rodun valinta - \u00c4l\u00e4 h\u00e4kit\u00e4","robots":{"index":"index","follow":"follow","max-snippet":"max-snippet:-1","max-image-preview":"max-image-preview:large","max-video-preview":"max-video-preview:-1"},"canonical":"https:\/\/sey.fi\/alahakita\/oikean-rodun-valinta\/","og_locale":"fi_FI","og_type":"article","og_title":"Oikean rodun valinta - \u00c4l\u00e4 h\u00e4kit\u00e4","og_description":"Kuva: Krista Hokkanen Oikean rodun valinta on avainasemassa Oikean rodun valinta on iso asia koiranhankinnassa. Mink\u00e4\u00e4n koirarodun ulkomuoto tai luonne ei ole valikoitunut satunnaisesti, vaan on tulos vuosikymmenten tai jopa vuosisatojen jalostuksesta. Aikanaan koirilla oli melko selke\u00e4 k\u00e4ytt\u00f6tarkoitus, eik\u00e4 niinsanottuja seurakoiria juurikaan ollut olemassa. Koirat on siis luotu tekem\u00e4\u00e4n ty\u00f6t\u00e4. Nykyp\u00e4iv\u00e4n\u00e4 t\u00e4m\u00e4 ty\u00f6 usein puuttuu [&hellip;]","og_url":"https:\/\/sey.fi\/alahakita\/oikean-rodun-valinta\/","og_site_name":"\u00c4l\u00e4 h\u00e4kit\u00e4","article_modified_time":"2020-01-11T08:08:45+00:00","og_image":[{"width":423,"height":317,"url":"https:\/\/sey.fi\/wp-content\/uploads\/sites\/46\/2019\/12\/ko_ajok_nukk_sohvassa2_krista_hokkanen.jpg","type":"image\/jpeg"}],"twitter_card":"summary_large_image","twitter_misc":{"Arvioitu lukuaika":"4 minuuttia"},"schema":{"@context":"https:\/\/schema.org","@graph":[{"@type":"WebPage","@id":"https:\/\/sey.fi\/alahakita\/oikean-rodun-valinta\/","url":"https:\/\/sey.fi\/alahakita\/oikean-rodun-valinta\/","name":"Oikean rodun valinta - \u00c4l\u00e4 h\u00e4kit\u00e4","isPartOf":{"@id":"https:\/\/sey.fi\/alahakita\/#website"},"primaryImageOfPage":{"@id":"https:\/\/sey.fi\/alahakita\/oikean-rodun-valinta\/#primaryimage"},"image":{"@id":"https:\/\/sey.fi\/alahakita\/oikean-rodun-valinta\/#primaryimage"},"thumbnailUrl":"https:\/\/sey.fi\/wp-content\/uploads\/sites\/46\/2019\/12\/ko_ajok_nukk_sohvassa2_krista_hokkanen.jpg","datePublished":"2019-12-09T08:24:11+00:00","dateModified":"2020-01-11T08:08:45+00:00","breadcrumb":{"@id":"https:\/\/sey.fi\/alahakita\/oikean-rodun-valinta\/#breadcrumb"},"inLanguage":"fi","potentialAction":[{"@type":"ReadAction","target":["https:\/\/sey.fi\/alahakita\/oikean-rodun-valinta\/"]}]},{"@type":"ImageObject","inLanguage":"fi","@id":"https:\/\/sey.fi\/alahakita\/oikean-rodun-valinta\/#primaryimage","url":"https:\/\/sey.fi\/wp-content\/uploads\/sites\/46\/2019\/12\/ko_ajok_nukk_sohvassa2_krista_hokkanen.jpg","contentUrl":"https:\/\/sey.fi\/wp-content\/uploads\/sites\/46\/2019\/12\/ko_ajok_nukk_sohvassa2_krista_hokkanen.jpg","width":423,"height":317},{"@type":"BreadcrumbList","@id":"https:\/\/sey.fi\/alahakita\/oikean-rodun-valinta\/#breadcrumb","itemListElement":[{"@type":"ListItem","position":1,"name":"Home","item":"https:\/\/sey.fi\/alahakita\/"},{"@type":"ListItem","position":2,"name":"Oikean rodun valinta"}]},{"@type":"WebSite","@id":"https:\/\/sey.fi\/alahakita\/#website","url":"https:\/\/sey.fi\/alahakita\/","name":"\u00c4l\u00e4 h\u00e4kit\u00e4","description":"Uusi SEY J\u00e4senyhdistykset -sivusto","potentialAction":[{"@type":"SearchAction","target":{"@type":"EntryPoint","urlTemplate":"https:\/\/sey.fi\/alahakita\/?s={search_term_string}"},"query-input":{"@type":"PropertyValueSpecification","valueRequired":true,"valueName":"search_term_string"}}],"inLanguage":"fi"}]}},"_links":{"self":[{"href":"https:\/\/sey.fi\/alahakita\/wp-json\/wp\/v2\/pages\/55","targetHints":{"allow":["GET"]}}],"collection":[{"href":"https:\/\/sey.fi\/alahakita\/wp-json\/wp\/v2\/pages"}],"about":[{"href":"https:\/\/sey.fi\/alahakita\/wp-json\/wp\/v2\/types\/page"}],"author":[{"embeddable":true,"href":"https:\/\/sey.fi\/alahakita\/wp-json\/wp\/v2\/users\/8"}],"replies":[{"embeddable":true,"href":"https:\/\/sey.fi\/alahakita\/wp-json\/wp\/v2\/comments?post=55"}],"version-history":[{"count":2,"href":"https:\/\/sey.fi\/alahakita\/wp-json\/wp\/v2\/pages\/55\/revisions"}],"predecessor-version":[{"id":59,"href":"https:\/\/sey.fi\/alahakita\/wp-json\/wp\/v2\/pages\/55\/revisions\/59"}],"wp:featuredmedia":[{"embeddable":true,"href":"https:\/\/sey.fi\/alahakita\/wp-json\/wp\/v2\/media\/58"}],"wp:attachment":[{"href":"https:\/\/sey.fi\/alahakita\/wp-json\/wp\/v2\/media?parent=55"}],"curies":[{"name":"wp","href":"https:\/\/api.w.org\/{rel}","templated":true}]}}