{"id":60,"date":"2019-12-09T10:33:35","date_gmt":"2019-12-09T08:33:35","guid":{"rendered":"http:\/\/srvr10.xetpoint.com\/~seyfi\/alahakita\/?page_id=60"},"modified":"2020-01-11T10:12:33","modified_gmt":"2020-01-11T08:12:33","slug":"koiraroturyhmat","status":"publish","type":"page","link":"https:\/\/sey.fi\/alahakita\/koiraroturyhmat\/","title":{"rendered":"Koiraroturyhm\u00e4t"},"content":{"rendered":"\n<p> <em>Kuva: Leena Aho<\/em><\/p>\n\n\n\n<p>Koirarotuja voidaan luokitella monin tavoin. T\u00e4ss\u00e4 on lyhyt kuvaus  joistakin yleisist\u00e4 roturyhmist\u00e4 luokiteltuna k\u00e4ytt\u00f6tarkoituksensa  mukaan. Saat suuntaa-antavaa kuvaa siit\u00e4, mihin eri koirarodut on  kehitelty ja miten se vaikuttaa niiden k\u00e4yt\u00f6kseen. Jos haluat  lis\u00e4tietoja jostain tietyst\u00e4 rodusta, ota yhteys rodun rotuj\u00e4rjest\u00f6\u00f6n.<\/p>\n\n\n\n<h3 class=\"wp-block-heading\">Laumanvartijat: esimerkiksi keskiaasianpaimenkoira, tiibetinmastiffi<\/h3>\n\n\n\n<p>Laumanvartijat on tarkoitettu itsen\u00e4iseen ty\u00f6skentelyyn eiv\u00e4tk\u00e4 ne \nole kiinnostuneita ty\u00f6skentelem\u00e4\u00e4n ihmisen k\u00e4skyst\u00e4. Ne tarvitsevat jo \nkokonsa vuoksi johdonmukaisen, mutta ehdottomasti lempe\u00e4n kasvatuksen. \nNiill\u00e4 on vahva tarve vartioida reviiri\u00e4\u00e4n ja kaupungissa ne voivat \nstressaantua suurestikin, kun niiden alueella kulkee paljon ihmisi\u00e4 ja \nkoiria. Koirat voivat kokea kotiintulevat vieraat uhkana, mik\u00e4li niille \nei ole opetettu miten toimia. Eiv\u00e4t sovi kerrostaloon tai kaupunkiin. \nLaumanvartijat voivat parhaiten voidessaan pysytell\u00e4 mahdollisimman \npaljon oman perheen kanssa kotona esimerkiksi maalaistalossa, jossa on \nlaaja aidattu pihapiiri.<\/p>\n\n\n\n<h3 class=\"wp-block-heading\">Karjakoirat: esimerkiksi rottweiler, l\u00e4nsi-g\u00f6\u00f6tanmaanpystykorva, welsh corgi<\/h3>\n\n\n\n<p>Suuret karjakoirat ovat usein toimineet my\u00f6s vartiokoirina. Niill\u00e4 \nvoi olla jonkin verran paimennustaipumuksia j\u00e4ljell\u00e4 ja ne voivat olla \nhanakoita ilmoittamaan ohikulkijoista haukkumalla. T\u00e4llaiset koirat \nvoivat my\u00f6s suhtautua varauksella vieraisiin.<\/p>\n\n\n\n<p>Lyhytjalkaiset, pienet karjakoirat ovat my\u00f6s yleens\u00e4 kovia vahtimaan \nja haukkuvat melko paljon, ellei asiaan kiinnit\u00e4 runsaasti huomiota \npennun varhaisessa kasvatuksessa. Niill\u00e4 voi my\u00f6s olla taipumus n\u00e4ykki\u00e4 \ntoisia koiria tai ihmisi\u00e4 nilkoista kuten paimentaessaan karjaa. Kaiken \nkokoiset karjakoirat ovat uutteria ty\u00f6skentelij\u00f6it\u00e4 ja tarvitsevat \npaljon liikuntaa ja muita aktiviteetteja. Luonteeltaan ne ovat \nper\u00e4\u00e4nantamattomia ja rohkeita, joten tarvitsevat johdonmukaisen, mutta \nehdottomasti lempe\u00e4n kasvatuksen.<\/p>\n\n\n\n<h3 class=\"wp-block-heading\">Paimenkoirat: esimerkiksi bordercollie ja australiankelpie<\/h3>\n\n\n\n<p>Paimenkoirat on jalostettu toimimaan ihmisen apuna. Ne ovat yleens\u00e4 \nhyvin kiinnostuneita omistajansa tekemisist\u00e4 ja nauttivat suuresti t\u00e4m\u00e4n\n kanssa puuhastelusta. Joskus suhde omistajaan voi olla liian syv\u00e4 ja \nt\u00e4m\u00e4 aiheuttaa toisinaan esimerkiksi eroahdistusta, koska koira voi \nhuonosti joutuessaan olemaan erossa rakkaista ihmisist\u00e4\u00e4n.<\/p>\n\n\n\n<p>Paimenet ovat yleens\u00e4 kiinnostuneita nopeasti liikkuvista kohteista \nja saattavat alkaa jahdata polkupy\u00f6ri\u00e4, lenkkeilij\u00f6it\u00e4 tai autoja. Ne \nmy\u00f6s stressaantuvat helposti ja ovat melko herkki\u00e4. Koulutettaessa ne \ntarvitsevat paljon yleist\u00e4mist\u00e4 eli saman asian opettamista eri \npaikoissa sek\u00e4 sosiaalistamista eli uusiin asioihin ja tilanteisiin \ntotuttamista. Paimenkoirat on jalostettu tuntien ty\u00f6skentelyyn juosten \nlaitumilla, joten ne tarvitsevat paljon liikuntaa ja muita \naktiviteetteja.<\/p>\n\n\n\n<h3 class=\"wp-block-heading\">Noutajat ja spanielit<\/h3>\n\n\n\n<p>Noutajat ja spanielit ovat mets\u00e4styskoiria, jotka on jalostettu \ntoimimaan yhteisty\u00f6ss\u00e4 ihmisen kanssa. Ne j\u00e4ljitt\u00e4v\u00e4t riistaa nen\u00e4ll\u00e4\u00e4n \nsek\u00e4 hakevat maalta tai vedest\u00e4 omistajan ampuman riistael\u00e4imen. Ne ovat\n yleens\u00e4 melko helposti koulutettavissa, mutta kiinnostus riistaan \nsaattaa aiheuttaa esimerkiksi karkailua, mik\u00e4li koira ei ole \nhallinnassa. Joskus ne eiv\u00e4t my\u00f6sk\u00e4\u00e4n malta nostaa kuonoaan yl\u00f6s maasta,\n vaan tuntuvat el\u00e4v\u00e4n t\u00e4ydellisess\u00e4 hajumaailmassa. Noutajat ja \nspanielit ty\u00f6skentelev\u00e4t paljon suullaan, joten ne pit\u00e4v\u00e4t esineiden \nkanniskelusta ja saattavat mielell\u00e4\u00e4n ottaa esimerkiksi ihmisen k\u00e4si\u00e4 \nsuuhunsa omistajien tullessa kotiin. My\u00f6s n\u00e4m\u00e4 koirat tarvitsevat melko \npaljon liikuntaa ja muuta tekemist\u00e4.<\/p>\n\n\n\n<h3 class=\"wp-block-heading\">Seisojat ja setterit eli ns. kanakoirat<\/h3>\n\n\n\n<p>Seisojat ja setterit ovat mets\u00e4styskoiria. Ne on tarkoitettu ihmisen \navuksi etsim\u00e4\u00e4n riistaa ja sitten noutamaan saaliin ohjaajalleen. \nTy\u00f6skennelless\u00e4\u00e4n ne risteilev\u00e4t pitki\u00e4kin matkoja. T\u00e4m\u00e4n taipumuksen \nvuoksi ne ulkoillessakin saattavat irtiollessaan l\u00e4hte\u00e4 melko kauas. \nNiit\u00e4 voi olla vaikeaa tai jopa mahdotonta pit\u00e4\u00e4 turvallisesti irti \nkaupunkiolosuhteissa. Kanakoirat tarvitsevat runsaasti liikuntaa.<\/p>\n\n\n\n<h3 class=\"wp-block-heading\">Ajokoirat: esimerkiksi beagle, bassetit, suomenajokoira ja m\u00e4yr\u00e4koirat<\/h3>\n\n\n\n<p>Erilaiset ajokoirat on jalostettu etsim\u00e4\u00e4n riistaa ja seuraamaan sit\u00e4  ilmoittaen samalla haukullaan ohjaajalleen miss\u00e4 suunnassa saalis on.  Osa roduista on kehitetty ty\u00f6skentelem\u00e4\u00e4n yksin, osa taas ajueissa eli  usean koiran ryhm\u00e4ss\u00e4. Ty\u00f6skennelless\u00e4\u00e4n ne liikkuvat mets\u00e4ss\u00e4 pitki\u00e4  matkoja. T\u00e4m\u00e4n taipumuksen vuoksi ne ulkoillessakin saattavat  irtiollessaan l\u00e4hte\u00e4 melko kauas. Niit\u00e4 voi olla vaikeaa tai jopa  mahdotonta pit\u00e4\u00e4 turvallisesti irti kaupunkiolosuhteissa. Joskus ne  eiv\u00e4t my\u00f6sk\u00e4\u00e4n malta nostaa kuonoaan yl\u00f6s maasta, vaan tuntuvat el\u00e4v\u00e4n  t\u00e4ydellisess\u00e4 hajumaailmassa. Ne voivat my\u00f6s olla melko kovia  haukkumaan. My\u00f6s ajokoirat tarvitsevat melko paljon liikuntaa.<\/p>\n\n\n\n<h2 class=\"wp-block-heading\">Terrierit ja m\u00e4yr\u00e4koirat<\/h2>\n\n\n\n<p>Terrierit ovat p\u00e4\u00e4s\u00e4\u00e4nt\u00f6isesti jalostettu erilaisiin \nmets\u00e4stysteht\u00e4viin. Ne ovat saalistaneet tuhoel\u00e4imi\u00e4 kuten rottia tai \nisompia, luolissa el\u00e4vi\u00e4 m\u00e4yri\u00e4 tai vastaavia kuten m\u00e4yr\u00e4koiratkin. \nK\u00e4ytt\u00f6tarkoituksessaan niiden on pit\u00e4nyt olla eritt\u00e4in \nperiksiantamattomia, rohkeita, sitkeit\u00e4 ja v\u00e4sym\u00e4tt\u00f6mi\u00e4. Ne on luotu \nty\u00f6skentelem\u00e4\u00e4n yksin eiv\u00e4tk\u00e4 ne ole kovin kiinnostuneita ohjaajastaan. \nNe voivat my\u00f6s l\u00e4hte\u00e4 herk\u00e4sti etsim\u00e4\u00e4n saalista tai juosta n\u00e4kyv\u00e4n \nriistan per\u00e4\u00e4n, joten niit\u00e4 voi olla vaikea pit\u00e4\u00e4 kaupungissa irti. Osa \nmy\u00f6s haukkuu melko paljon. Lis\u00e4ksi ne ovat usein hyvin nopeita, \nvilkkaita ja ketteri\u00e4.<\/p>\n\n\n\n<p>Terrierit ja m\u00e4yr\u00e4koirat tarvitsevat johdonmukaisen, mutta \nehdottomasti lempe\u00e4n kasvatuksen \u2013 ne tulee ehdottomasti peruskouluttaa,\n vaikka ovatkin kooltaan pieni\u00e4. T\u00e4m\u00e4n tyyppiset koirat eiv\u00e4t usein ole \nkovin sosiaalisia ja on hyvin mahdollista, etteiv\u00e4t v\u00e4ltt\u00e4m\u00e4tt\u00e4 tule \nsamaa sukupuolta olevien koirien kanssa toimeen. Kokoonsa n\u00e4hden \nterrieritkin tarvitsevat melko paljon liikuntaa sek\u00e4 ehdottomasti my\u00f6s \nmuita aktiviteetteja.<\/p>\n\n\n\n<h2 class=\"wp-block-heading\">Taistelukoirat: esimerkiksi staffordshirenbullterrieri ja amerikanstaffordshirenterrieri<\/h2>\n\n\n\n<p>Taistelukoirat on jalostettu tappelemaan toisten koirien tai muiden \nel\u00e4inten kanssa. Lis\u00e4ksi roduilla on monesti ollut my\u00f6s muita, \nmahdollisesti mets\u00e4stykseen liittyvi\u00e4 k\u00e4ytt\u00f6tarkoituksia. Taistelurodut \nnauttivat fyysisist\u00e4 haasteista ja ovat luonteeltaan \nperiksiantamattomia, rohkeita, sitkeit\u00e4 ja v\u00e4sym\u00e4tt\u00f6mi\u00e4. Ne vaativat \nkokonsa ja voimiensa puolesta hyv\u00e4n peruskoulutuksen. Vaikka ne ovatkin \nmonesti ihmisten mielest\u00e4 itsep\u00e4isi\u00e4, ei niiden opettamisessa saa \nkoskaan k\u00e4ytt\u00e4\u00e4 kovia otteita. Taistelukoirat eiv\u00e4t yleens\u00e4 tule toimeen\n samaa sukupuolta olevien koirien kanssa \u2013 jotkut eiv\u00e4t tule toimeen \nmuiden koirien kanssa lainkaan. Sen sijaan ne ovat yleens\u00e4 eritt\u00e4in \nhyvin ihmisten k\u00e4sitelt\u00e4viss\u00e4 ja ovat usein hyvin yst\u00e4v\u00e4llisi\u00e4 kaikille.<\/p>\n\n\n\n<h2 class=\"wp-block-heading\">Mets\u00e4styspystykorvat: esimerkiksi norjanharmaahirvikoira, suomenpystykorva ja laikat<\/h2>\n\n\n\n<p>Mets\u00e4styspystykorvat on jalostettu etsim\u00e4\u00e4n riistaa ja harhauttamaan \ntai pit\u00e4m\u00e4\u00e4n sit\u00e4 paikallaan haukullaan niin, ett\u00e4 mets\u00e4st\u00e4j\u00e4 p\u00e4\u00e4see \npaikalle ampumaan saaliin. Ty\u00f6skennelless\u00e4\u00e4n ne liikkuvat mets\u00e4ss\u00e4 \npitki\u00e4 matkoja. T\u00e4m\u00e4n taipumuksen vuoksi ne ulkoillessakin saattavat \nirtiollessaan l\u00e4hte\u00e4 melko kauas. Niit\u00e4 voi olla vaikeaa tai jopa \nmahdotonta pit\u00e4\u00e4 turvallisesti irti kaupunkiolosuhteissa. Joskus ne \neiv\u00e4t my\u00f6sk\u00e4\u00e4n malta nostaa kuonoaan yl\u00f6s maasta, vaan tuntuvat el\u00e4v\u00e4n \nt\u00e4ydellisess\u00e4 hajumaailmassa. Ne voivat my\u00f6s olla melko kovia \nhaukkumaan.<\/p>\n\n\n\n<h2 class=\"wp-block-heading\">Arktiset pystykorvat: esimerkiksi alaskanmalamuutti ja siperianhusky<\/h2>\n\n\n\n<p>Arktiset pystykorvat on jalostettu vet\u00e4m\u00e4\u00e4n reke\u00e4 tai ahkiota yleens\u00e4\n usean koiran valjakoissa. Ne ovat sitkeit\u00e4 ja periksiantamattomia sek\u00e4 \ntottuneet toimimaan melko itsen\u00e4isesti. K\u00e4ytt\u00f6tarkoituksensa vuoksi ne \ntarvitsevat paljon liikuntaa eiv\u00e4tk\u00e4 paksun turkkinsa vuoksi v\u00e4ltt\u00e4m\u00e4tt\u00e4\n viihdy sis\u00e4tiloissa kerrostalossa. Ne my\u00f6s haukkuvat ja ulkovat melko \nherk\u00e4sti, joten \u00e4\u00e4nenk\u00e4ytt\u00f6ns\u00e4 vuoksi niit\u00e4 ei suositella kaupunkiin. \nArktiset rodut ovat my\u00f6s hyvin sosiaalisia ja kaipaavat muiden koirien \nseuraa. Ne voivat parhaiten el\u00e4ess\u00e4\u00e4n toisten samanrotuisten kanssa.<\/p>\n\n\n\n<h2 class=\"wp-block-heading\">Vinttikoirat: esimerkiksi whippet, greyhound ja saluki<\/h2>\n\n\n\n<p>Vinttikoirat ovat mets\u00e4styskoiria, jotka etsiv\u00e4t saaliin \nn\u00e4k\u00f6aistillaan ja juoksevat t\u00e4m\u00e4n sitten kiinni ja tappavat. Ne ovat \nusein jalostettu toimimaan ajueissa tai pareittain, joten ne tulevat \nyleens\u00e4 hyvin toimeen etenkin omanrotuistensa koirien kanssa. Ne \nkaipaavatkin usein seuraa ja viihtyv\u00e4t parhaiten lajitoveriensa kanssa.<\/p>\n\n\n\n<p>Vinttikoirat on luotu ty\u00f6skentelem\u00e4\u00e4n itsen\u00e4isesti eiv\u00e4tk\u00e4 ole kovin \nkiinnostuneita ohjaajastaan. Ne voivat my\u00f6s l\u00e4hte\u00e4 herk\u00e4sti n\u00e4kyv\u00e4n \nriistan per\u00e4\u00e4n, joten niit\u00e4 voi olla vaikeaa tai mahdotonta pit\u00e4\u00e4 \nkaupungissa irti. Vinttikoirat kuitenkin tarvitsevat s\u00e4\u00e4nn\u00f6llist\u00e4 \nvapaana juoksemista, joten omistajat t\u00e4ytyy taata se niille jollain \ntavalla turvallisesti. Monet vinttikoirarodut ovat kotoisin l\u00e4mpimist\u00e4 \nmaista eiv\u00e4tk\u00e4 tarkene Suomen talvis\u00e4\u00e4ss\u00e4 ilman huolellista pukemista.<\/p>\n","protected":false},"excerpt":{"rendered":"<p>Kuva: Leena Aho Koirarotuja voidaan luokitella monin tavoin. T\u00e4ss\u00e4 on lyhyt kuvaus joistakin yleisist\u00e4 roturyhmist\u00e4 luokiteltuna k\u00e4ytt\u00f6tarkoituksensa mukaan. Saat suuntaa-antavaa kuvaa siit\u00e4, mihin eri koirarodut on kehitelty ja miten se vaikuttaa niiden k\u00e4yt\u00f6kseen. Jos haluat lis\u00e4tietoja jostain tietyst\u00e4 rodusta, ota yhteys rodun rotuj\u00e4rjest\u00f6\u00f6n. Laumanvartijat: esimerkiksi keskiaasianpaimenkoira, tiibetinmastiffi Laumanvartijat on tarkoitettu itsen\u00e4iseen ty\u00f6skentelyyn eiv\u00e4tk\u00e4 ne ole [&hellip;]<\/p>\n","protected":false},"author":8,"featured_media":64,"parent":0,"menu_order":0,"comment_status":"closed","ping_status":"closed","template":"","meta":{"_acf_changed":false,"footnotes":""},"class_list":["post-60","page","type-page","status-publish","has-post-thumbnail","hentry"],"acf":[],"yoast_head":"<!-- This site is optimized with the Yoast SEO plugin v27.1.1 - https:\/\/yoast.com\/product\/yoast-seo-wordpress\/ -->\n<title>Koiraroturyhm\u00e4t - \u00c4l\u00e4 h\u00e4kit\u00e4<\/title>\n<meta name=\"robots\" content=\"index, follow, max-snippet:-1, max-image-preview:large, max-video-preview:-1\" \/>\n<link rel=\"canonical\" href=\"https:\/\/sey.fi\/alahakita\/koiraroturyhmat\/\" \/>\n<meta property=\"og:locale\" content=\"fi_FI\" \/>\n<meta property=\"og:type\" content=\"article\" \/>\n<meta property=\"og:title\" content=\"Koiraroturyhm\u00e4t - \u00c4l\u00e4 h\u00e4kit\u00e4\" \/>\n<meta property=\"og:description\" content=\"Kuva: Leena Aho Koirarotuja voidaan luokitella monin tavoin. T\u00e4ss\u00e4 on lyhyt kuvaus joistakin yleisist\u00e4 roturyhmist\u00e4 luokiteltuna k\u00e4ytt\u00f6tarkoituksensa mukaan. Saat suuntaa-antavaa kuvaa siit\u00e4, mihin eri koirarodut on kehitelty ja miten se vaikuttaa niiden k\u00e4yt\u00f6kseen. Jos haluat lis\u00e4tietoja jostain tietyst\u00e4 rodusta, ota yhteys rodun rotuj\u00e4rjest\u00f6\u00f6n. Laumanvartijat: esimerkiksi keskiaasianpaimenkoira, tiibetinmastiffi Laumanvartijat on tarkoitettu itsen\u00e4iseen ty\u00f6skentelyyn eiv\u00e4tk\u00e4 ne ole [&hellip;]\" \/>\n<meta property=\"og:url\" content=\"https:\/\/sey.fi\/alahakita\/koiraroturyhmat\/\" \/>\n<meta property=\"og:site_name\" content=\"\u00c4l\u00e4 h\u00e4kit\u00e4\" \/>\n<meta property=\"article:modified_time\" content=\"2020-01-11T08:12:33+00:00\" \/>\n<meta property=\"og:image\" content=\"https:\/\/sey.fi\/wp-content\/uploads\/sites\/46\/2019\/12\/labbis_leena_aho.jpg\" \/>\n\t<meta property=\"og:image:width\" content=\"423\" \/>\n\t<meta property=\"og:image:height\" content=\"317\" \/>\n\t<meta property=\"og:image:type\" content=\"image\/jpeg\" \/>\n<meta name=\"twitter:card\" content=\"summary_large_image\" \/>\n<meta name=\"twitter:label1\" content=\"Arvioitu lukuaika\" \/>\n\t<meta name=\"twitter:data1\" content=\"6 minuuttia\" \/>\n<script type=\"application\/ld+json\" class=\"yoast-schema-graph\">{\"@context\":\"https:\/\/schema.org\",\"@graph\":[{\"@type\":\"WebPage\",\"@id\":\"https:\/\/sey.fi\/alahakita\/koiraroturyhmat\/\",\"url\":\"https:\/\/sey.fi\/alahakita\/koiraroturyhmat\/\",\"name\":\"Koiraroturyhm\u00e4t - \u00c4l\u00e4 h\u00e4kit\u00e4\",\"isPartOf\":{\"@id\":\"https:\/\/sey.fi\/alahakita\/#website\"},\"primaryImageOfPage\":{\"@id\":\"https:\/\/sey.fi\/alahakita\/koiraroturyhmat\/#primaryimage\"},\"image\":{\"@id\":\"https:\/\/sey.fi\/alahakita\/koiraroturyhmat\/#primaryimage\"},\"thumbnailUrl\":\"https:\/\/sey.fi\/wp-content\/uploads\/sites\/46\/2019\/12\/labbis_leena_aho.jpg\",\"datePublished\":\"2019-12-09T08:33:35+00:00\",\"dateModified\":\"2020-01-11T08:12:33+00:00\",\"breadcrumb\":{\"@id\":\"https:\/\/sey.fi\/alahakita\/koiraroturyhmat\/#breadcrumb\"},\"inLanguage\":\"fi\",\"potentialAction\":[{\"@type\":\"ReadAction\",\"target\":[\"https:\/\/sey.fi\/alahakita\/koiraroturyhmat\/\"]}]},{\"@type\":\"ImageObject\",\"inLanguage\":\"fi\",\"@id\":\"https:\/\/sey.fi\/alahakita\/koiraroturyhmat\/#primaryimage\",\"url\":\"https:\/\/sey.fi\/wp-content\/uploads\/sites\/46\/2019\/12\/labbis_leena_aho.jpg\",\"contentUrl\":\"https:\/\/sey.fi\/wp-content\/uploads\/sites\/46\/2019\/12\/labbis_leena_aho.jpg\",\"width\":423,\"height\":317},{\"@type\":\"BreadcrumbList\",\"@id\":\"https:\/\/sey.fi\/alahakita\/koiraroturyhmat\/#breadcrumb\",\"itemListElement\":[{\"@type\":\"ListItem\",\"position\":1,\"name\":\"Home\",\"item\":\"https:\/\/sey.fi\/alahakita\/\"},{\"@type\":\"ListItem\",\"position\":2,\"name\":\"Koiraroturyhm\u00e4t\"}]},{\"@type\":\"WebSite\",\"@id\":\"https:\/\/sey.fi\/alahakita\/#website\",\"url\":\"https:\/\/sey.fi\/alahakita\/\",\"name\":\"\u00c4l\u00e4 h\u00e4kit\u00e4\",\"description\":\"Uusi SEY J\u00e4senyhdistykset -sivusto\",\"potentialAction\":[{\"@type\":\"SearchAction\",\"target\":{\"@type\":\"EntryPoint\",\"urlTemplate\":\"https:\/\/sey.fi\/alahakita\/?s={search_term_string}\"},\"query-input\":{\"@type\":\"PropertyValueSpecification\",\"valueRequired\":true,\"valueName\":\"search_term_string\"}}],\"inLanguage\":\"fi\"}]}<\/script>\n<!-- \/ Yoast SEO plugin. -->","yoast_head_json":{"title":"Koiraroturyhm\u00e4t - \u00c4l\u00e4 h\u00e4kit\u00e4","robots":{"index":"index","follow":"follow","max-snippet":"max-snippet:-1","max-image-preview":"max-image-preview:large","max-video-preview":"max-video-preview:-1"},"canonical":"https:\/\/sey.fi\/alahakita\/koiraroturyhmat\/","og_locale":"fi_FI","og_type":"article","og_title":"Koiraroturyhm\u00e4t - \u00c4l\u00e4 h\u00e4kit\u00e4","og_description":"Kuva: Leena Aho Koirarotuja voidaan luokitella monin tavoin. T\u00e4ss\u00e4 on lyhyt kuvaus joistakin yleisist\u00e4 roturyhmist\u00e4 luokiteltuna k\u00e4ytt\u00f6tarkoituksensa mukaan. Saat suuntaa-antavaa kuvaa siit\u00e4, mihin eri koirarodut on kehitelty ja miten se vaikuttaa niiden k\u00e4yt\u00f6kseen. Jos haluat lis\u00e4tietoja jostain tietyst\u00e4 rodusta, ota yhteys rodun rotuj\u00e4rjest\u00f6\u00f6n. Laumanvartijat: esimerkiksi keskiaasianpaimenkoira, tiibetinmastiffi Laumanvartijat on tarkoitettu itsen\u00e4iseen ty\u00f6skentelyyn eiv\u00e4tk\u00e4 ne ole [&hellip;]","og_url":"https:\/\/sey.fi\/alahakita\/koiraroturyhmat\/","og_site_name":"\u00c4l\u00e4 h\u00e4kit\u00e4","article_modified_time":"2020-01-11T08:12:33+00:00","og_image":[{"width":423,"height":317,"url":"https:\/\/sey.fi\/wp-content\/uploads\/sites\/46\/2019\/12\/labbis_leena_aho.jpg","type":"image\/jpeg"}],"twitter_card":"summary_large_image","twitter_misc":{"Arvioitu lukuaika":"6 minuuttia"},"schema":{"@context":"https:\/\/schema.org","@graph":[{"@type":"WebPage","@id":"https:\/\/sey.fi\/alahakita\/koiraroturyhmat\/","url":"https:\/\/sey.fi\/alahakita\/koiraroturyhmat\/","name":"Koiraroturyhm\u00e4t - \u00c4l\u00e4 h\u00e4kit\u00e4","isPartOf":{"@id":"https:\/\/sey.fi\/alahakita\/#website"},"primaryImageOfPage":{"@id":"https:\/\/sey.fi\/alahakita\/koiraroturyhmat\/#primaryimage"},"image":{"@id":"https:\/\/sey.fi\/alahakita\/koiraroturyhmat\/#primaryimage"},"thumbnailUrl":"https:\/\/sey.fi\/wp-content\/uploads\/sites\/46\/2019\/12\/labbis_leena_aho.jpg","datePublished":"2019-12-09T08:33:35+00:00","dateModified":"2020-01-11T08:12:33+00:00","breadcrumb":{"@id":"https:\/\/sey.fi\/alahakita\/koiraroturyhmat\/#breadcrumb"},"inLanguage":"fi","potentialAction":[{"@type":"ReadAction","target":["https:\/\/sey.fi\/alahakita\/koiraroturyhmat\/"]}]},{"@type":"ImageObject","inLanguage":"fi","@id":"https:\/\/sey.fi\/alahakita\/koiraroturyhmat\/#primaryimage","url":"https:\/\/sey.fi\/wp-content\/uploads\/sites\/46\/2019\/12\/labbis_leena_aho.jpg","contentUrl":"https:\/\/sey.fi\/wp-content\/uploads\/sites\/46\/2019\/12\/labbis_leena_aho.jpg","width":423,"height":317},{"@type":"BreadcrumbList","@id":"https:\/\/sey.fi\/alahakita\/koiraroturyhmat\/#breadcrumb","itemListElement":[{"@type":"ListItem","position":1,"name":"Home","item":"https:\/\/sey.fi\/alahakita\/"},{"@type":"ListItem","position":2,"name":"Koiraroturyhm\u00e4t"}]},{"@type":"WebSite","@id":"https:\/\/sey.fi\/alahakita\/#website","url":"https:\/\/sey.fi\/alahakita\/","name":"\u00c4l\u00e4 h\u00e4kit\u00e4","description":"Uusi SEY J\u00e4senyhdistykset -sivusto","potentialAction":[{"@type":"SearchAction","target":{"@type":"EntryPoint","urlTemplate":"https:\/\/sey.fi\/alahakita\/?s={search_term_string}"},"query-input":{"@type":"PropertyValueSpecification","valueRequired":true,"valueName":"search_term_string"}}],"inLanguage":"fi"}]}},"_links":{"self":[{"href":"https:\/\/sey.fi\/alahakita\/wp-json\/wp\/v2\/pages\/60","targetHints":{"allow":["GET"]}}],"collection":[{"href":"https:\/\/sey.fi\/alahakita\/wp-json\/wp\/v2\/pages"}],"about":[{"href":"https:\/\/sey.fi\/alahakita\/wp-json\/wp\/v2\/types\/page"}],"author":[{"embeddable":true,"href":"https:\/\/sey.fi\/alahakita\/wp-json\/wp\/v2\/users\/8"}],"replies":[{"embeddable":true,"href":"https:\/\/sey.fi\/alahakita\/wp-json\/wp\/v2\/comments?post=60"}],"version-history":[{"count":2,"href":"https:\/\/sey.fi\/alahakita\/wp-json\/wp\/v2\/pages\/60\/revisions"}],"predecessor-version":[{"id":65,"href":"https:\/\/sey.fi\/alahakita\/wp-json\/wp\/v2\/pages\/60\/revisions\/65"}],"wp:featuredmedia":[{"embeddable":true,"href":"https:\/\/sey.fi\/alahakita\/wp-json\/wp\/v2\/media\/64"}],"wp:attachment":[{"href":"https:\/\/sey.fi\/alahakita\/wp-json\/wp\/v2\/media?parent=60"}],"curies":[{"name":"wp","href":"https:\/\/api.w.org\/{rel}","templated":true}]}}