{"id":69,"date":"2019-12-09T10:39:43","date_gmt":"2019-12-09T08:39:43","guid":{"rendered":"http:\/\/srvr10.xetpoint.com\/~seyfi\/alahakita\/?page_id=69"},"modified":"2020-01-11T10:13:17","modified_gmt":"2020-01-11T08:13:17","slug":"pennun-hankinta","status":"publish","type":"page","link":"https:\/\/sey.fi\/alahakita\/pennun-hankinta\/","title":{"rendered":"Pennun hankinta"},"content":{"rendered":"\n<h3 class=\"wp-block-heading\">Hanki pentu harkiten<\/h3>\n\n\n\n<p>Koiranpentu tulisi aina ottaa vain hyv\u00e4lt\u00e4 kasvattajalta, \nel\u00e4insuojeluyhdistyksest\u00e4 tai l\u00f6yt\u00f6el\u00e4intalosta. S\u00e4\u00e4list\u00e4 pelastettava \npentu ei ole luultavasti saanut oikeita ev\u00e4it\u00e4 el\u00e4m\u00e4\u00e4ns\u00e4 ja huono alku \nvoi heijastua sen k\u00e4yt\u00f6kseen jatkossakin. Pentutehtailun tukeminen \ntrokareilta ja el\u00e4inr\u00e4\u00e4kk\u00e4\u00e4jilt\u00e4 ostettaessa on ehdottoman huono idea. \nJokainen pelastettava pentu kannustaa kyseenalaista toimintaa \nharjoittavaa henkil\u00f6\u00e4 jatkamaan tekosiaan.<\/p>\n\n\n\n<p>Paljon mainostettu ja kuuluisa kasvattaja ei v\u00e4ltt\u00e4m\u00e4tt\u00e4 ole paras. \nJoskus suuri kysynt\u00e4 saa ihmiset ahneiksi ja he alkavat teett\u00e4\u00e4 pentuja \nmy\u00f6s huonommilla yksil\u00f6ill\u00e4 ja v\u00e4hemm\u00e4n suotavissa oloissa. Hyv\u00e4 \nkasvattaja on rehellinen ja toimii aina el\u00e4intens\u00e4 parhaaksi. H\u00e4n pystyy\n perustelemaan miksi on k\u00e4ytt\u00e4nyt kyseisi\u00e4 yksil\u00f6it\u00e4 jalostukseen ja \npystyy my\u00f6s kertomaan yhdistelm\u00e4n hyv\u00e4t ja huonot puolet. Kukaan ihminen\n eik\u00e4 mik\u00e4\u00e4n el\u00e4in ole t\u00e4ydellinen, vaan kaikilla on aina ne v\u00e4hemm\u00e4n \nhyv\u00e4tkin ominaisuutensa. Terveyden ja hyv\u00e4n luonteen tulisi olla \njokaisen kasvattajan t\u00e4rkeimm\u00e4t jalostuskriteerit. Tutustu pennun \nvanhempiin. Emon luonteella on suuri vaikutus pentuihin ja mik\u00e4li em\u00e4 on\n pentuja hoitaessaan vihainen ihmisille, stressaantunut tai arka, \u00e4l\u00e4 \nosta pentua t\u00e4lt\u00e4 kasvattajalta.<\/p>\n\n\n\n<p>Koiranpennun luovutusik\u00e4 on Suomessa v\u00e4hint\u00e4\u00e4n seitsem\u00e4n viikkoa. \nMinimi ei kuitenkaan v\u00e4ltt\u00e4m\u00e4tt\u00e4 ole optimi: voi olla pennun kehityksen \nkannalta parempi, ett\u00e4 se saa viett\u00e4\u00e4 pidemp\u00e4\u00e4n em\u00e4ns\u00e4 ja sisarustensa \nkanssa.<\/p>\n\n\n\n<p>Pennulla on 8-12 viikon i\u00e4ss\u00e4 t\u00e4rke\u00e4 kehitysvaihe. Silloin se \ntutustuu uteliaana ymp\u00e4rist\u00f6\u00f6ns\u00e4 ja oppii, mitk\u00e4 asiat ovat hauskoja, \nmitk\u00e4 pelottavia ja mitk\u00e4 vaarallisia. T\u00e4ss\u00e4 i\u00e4ss\u00e4 tapahtuneet ik\u00e4v\u00e4t \ntilanteet voivat j\u00e4tt\u00e4\u00e4 pentuun j\u00e4lkens\u00e4 sen koko loppui\u00e4ksi. Toisaalta \nse my\u00f6s muistaa t\u00e4n\u00e4 aikana oppimansa asiat hyvist\u00e4 ja mukavista \nhetkist\u00e4, ja t\u00e4m\u00e4 ajanjakso onkin paras totuttaa pentu esimerkiksi \nkaupungin vilin\u00e4\u00e4n, liukkaisiin rappuk\u00e4yt\u00e4viin, kotona asuviin lapsiin \nja erilaisiin lemmikkiel\u00e4imiin, autossa matkustamiseen ja kaikenlaiseen \nk\u00e4sittelyyn.<\/p>\n\n\n\n<p>Jokaisen pennunostajan tulisi varautua lemmikin tuloon ottamalla \nvapaata t\u00f6ist\u00e4 tai opinnoista. Koiranpentu ei osaa luonnostaan olla \nyksin, vaan on tottunut em\u00e4ns\u00e4 ja sisarustensa jatkuvaan l\u00e4sn\u00e4oloon. \nUuteen kotiin muutto on usein pennulle hyvin suuri muutos ja on t\u00e4rke\u00e4\u00e4 \ntehd\u00e4 sen olo mahdollisimman mukavaksi. Pikkupennun kanssa vietetty \nyhteinen aika on parasta, mit\u00e4 omistaja voi tehd\u00e4 tulevaisuuden \nsuhteenrakennusta varten. Ei ole kuitenkaan olennaista, kenen ihmisen \nkanssa pentu viett\u00e4\u00e4 aikaansa \u2013 t\u00e4rkeint\u00e4 on, ett\u00e4 pennulla on hyvi\u00e4 \nkokemuksia erilaisista ihmisist\u00e4. Mik\u00e4li omistaja ei voi ottaa paria, \nkolmea viikkoa vapaata pennuntuloa varten, voi olla hyv\u00e4 ajatus j\u00e4tt\u00e4\u00e4 \nkoira kasvattajalleen pidemm\u00e4ksi aikaa. T\u00e4ll\u00f6in kasvattajalla tulisi \nolla aikaa sosiaalistaa pentua ja vied\u00e4 t\u00e4t\u00e4 tutustumaan uusiin \npaikkoihin, asioihin ja tilanteisiin. Kasvattajan luona pennulla on \ntodenn\u00e4k\u00f6isesti muita koirakontakteja ja se oppii lajinsis\u00e4isi\u00e4 \nvuorovaikutus- ja kommunikointitaitoja, jotka tulevat tarpeeseen \nmy\u00f6hemmin.<\/p>\n","protected":false},"excerpt":{"rendered":"<p>Hanki pentu harkiten Koiranpentu tulisi aina ottaa vain hyv\u00e4lt\u00e4 kasvattajalta, el\u00e4insuojeluyhdistyksest\u00e4 tai l\u00f6yt\u00f6el\u00e4intalosta. S\u00e4\u00e4list\u00e4 pelastettava pentu ei ole luultavasti saanut oikeita ev\u00e4it\u00e4 el\u00e4m\u00e4\u00e4ns\u00e4 ja huono alku voi heijastua sen k\u00e4yt\u00f6kseen jatkossakin. Pentutehtailun tukeminen trokareilta ja el\u00e4inr\u00e4\u00e4kk\u00e4\u00e4jilt\u00e4 ostettaessa on ehdottoman huono idea. Jokainen pelastettava pentu kannustaa kyseenalaista toimintaa harjoittavaa henkil\u00f6\u00e4 jatkamaan tekosiaan. Paljon mainostettu ja kuuluisa [&hellip;]<\/p>\n","protected":false},"author":8,"featured_media":71,"parent":0,"menu_order":-1,"comment_status":"closed","ping_status":"closed","template":"","meta":{"_acf_changed":false,"footnotes":""},"class_list":["post-69","page","type-page","status-publish","has-post-thumbnail","hentry"],"acf":[],"yoast_head":"<!-- This site is optimized with the Yoast SEO plugin v27.1.1 - https:\/\/yoast.com\/product\/yoast-seo-wordpress\/ -->\n<title>Pennun hankinta - \u00c4l\u00e4 h\u00e4kit\u00e4<\/title>\n<meta name=\"robots\" content=\"index, follow, max-snippet:-1, max-image-preview:large, max-video-preview:-1\" \/>\n<link rel=\"canonical\" href=\"https:\/\/sey.fi\/alahakita\/pennun-hankinta\/\" \/>\n<meta property=\"og:locale\" content=\"fi_FI\" \/>\n<meta property=\"og:type\" content=\"article\" \/>\n<meta property=\"og:title\" content=\"Pennun hankinta - \u00c4l\u00e4 h\u00e4kit\u00e4\" \/>\n<meta property=\"og:description\" content=\"Hanki pentu harkiten Koiranpentu tulisi aina ottaa vain hyv\u00e4lt\u00e4 kasvattajalta, el\u00e4insuojeluyhdistyksest\u00e4 tai l\u00f6yt\u00f6el\u00e4intalosta. S\u00e4\u00e4list\u00e4 pelastettava pentu ei ole luultavasti saanut oikeita ev\u00e4it\u00e4 el\u00e4m\u00e4\u00e4ns\u00e4 ja huono alku voi heijastua sen k\u00e4yt\u00f6kseen jatkossakin. Pentutehtailun tukeminen trokareilta ja el\u00e4inr\u00e4\u00e4kk\u00e4\u00e4jilt\u00e4 ostettaessa on ehdottoman huono idea. Jokainen pelastettava pentu kannustaa kyseenalaista toimintaa harjoittavaa henkil\u00f6\u00e4 jatkamaan tekosiaan. Paljon mainostettu ja kuuluisa [&hellip;]\" \/>\n<meta property=\"og:url\" content=\"https:\/\/sey.fi\/alahakita\/pennun-hankinta\/\" \/>\n<meta property=\"og:site_name\" content=\"\u00c4l\u00e4 h\u00e4kit\u00e4\" \/>\n<meta property=\"article:modified_time\" content=\"2020-01-11T08:13:17+00:00\" \/>\n<meta property=\"og:image\" content=\"https:\/\/sey.fi\/wp-content\/uploads\/sites\/46\/2019\/12\/halpakoira.jpg\" \/>\n\t<meta property=\"og:image:width\" content=\"225\" \/>\n\t<meta property=\"og:image:height\" content=\"225\" \/>\n\t<meta property=\"og:image:type\" content=\"image\/jpeg\" \/>\n<meta name=\"twitter:card\" content=\"summary_large_image\" \/>\n<meta name=\"twitter:label1\" content=\"Arvioitu lukuaika\" \/>\n\t<meta name=\"twitter:data1\" content=\"2 minuuttia\" \/>\n<script type=\"application\/ld+json\" class=\"yoast-schema-graph\">{\"@context\":\"https:\/\/schema.org\",\"@graph\":[{\"@type\":\"WebPage\",\"@id\":\"https:\/\/sey.fi\/alahakita\/pennun-hankinta\/\",\"url\":\"https:\/\/sey.fi\/alahakita\/pennun-hankinta\/\",\"name\":\"Pennun hankinta - \u00c4l\u00e4 h\u00e4kit\u00e4\",\"isPartOf\":{\"@id\":\"https:\/\/sey.fi\/alahakita\/#website\"},\"primaryImageOfPage\":{\"@id\":\"https:\/\/sey.fi\/alahakita\/pennun-hankinta\/#primaryimage\"},\"image\":{\"@id\":\"https:\/\/sey.fi\/alahakita\/pennun-hankinta\/#primaryimage\"},\"thumbnailUrl\":\"https:\/\/sey.fi\/wp-content\/uploads\/sites\/46\/2019\/12\/halpakoira.jpg\",\"datePublished\":\"2019-12-09T08:39:43+00:00\",\"dateModified\":\"2020-01-11T08:13:17+00:00\",\"breadcrumb\":{\"@id\":\"https:\/\/sey.fi\/alahakita\/pennun-hankinta\/#breadcrumb\"},\"inLanguage\":\"fi\",\"potentialAction\":[{\"@type\":\"ReadAction\",\"target\":[\"https:\/\/sey.fi\/alahakita\/pennun-hankinta\/\"]}]},{\"@type\":\"ImageObject\",\"inLanguage\":\"fi\",\"@id\":\"https:\/\/sey.fi\/alahakita\/pennun-hankinta\/#primaryimage\",\"url\":\"https:\/\/sey.fi\/wp-content\/uploads\/sites\/46\/2019\/12\/halpakoira.jpg\",\"contentUrl\":\"https:\/\/sey.fi\/wp-content\/uploads\/sites\/46\/2019\/12\/halpakoira.jpg\",\"width\":225,\"height\":225},{\"@type\":\"BreadcrumbList\",\"@id\":\"https:\/\/sey.fi\/alahakita\/pennun-hankinta\/#breadcrumb\",\"itemListElement\":[{\"@type\":\"ListItem\",\"position\":1,\"name\":\"Home\",\"item\":\"https:\/\/sey.fi\/alahakita\/\"},{\"@type\":\"ListItem\",\"position\":2,\"name\":\"Pennun hankinta\"}]},{\"@type\":\"WebSite\",\"@id\":\"https:\/\/sey.fi\/alahakita\/#website\",\"url\":\"https:\/\/sey.fi\/alahakita\/\",\"name\":\"\u00c4l\u00e4 h\u00e4kit\u00e4\",\"description\":\"Uusi SEY J\u00e4senyhdistykset -sivusto\",\"potentialAction\":[{\"@type\":\"SearchAction\",\"target\":{\"@type\":\"EntryPoint\",\"urlTemplate\":\"https:\/\/sey.fi\/alahakita\/?s={search_term_string}\"},\"query-input\":{\"@type\":\"PropertyValueSpecification\",\"valueRequired\":true,\"valueName\":\"search_term_string\"}}],\"inLanguage\":\"fi\"}]}<\/script>\n<!-- \/ Yoast SEO plugin. -->","yoast_head_json":{"title":"Pennun hankinta - \u00c4l\u00e4 h\u00e4kit\u00e4","robots":{"index":"index","follow":"follow","max-snippet":"max-snippet:-1","max-image-preview":"max-image-preview:large","max-video-preview":"max-video-preview:-1"},"canonical":"https:\/\/sey.fi\/alahakita\/pennun-hankinta\/","og_locale":"fi_FI","og_type":"article","og_title":"Pennun hankinta - \u00c4l\u00e4 h\u00e4kit\u00e4","og_description":"Hanki pentu harkiten Koiranpentu tulisi aina ottaa vain hyv\u00e4lt\u00e4 kasvattajalta, el\u00e4insuojeluyhdistyksest\u00e4 tai l\u00f6yt\u00f6el\u00e4intalosta. S\u00e4\u00e4list\u00e4 pelastettava pentu ei ole luultavasti saanut oikeita ev\u00e4it\u00e4 el\u00e4m\u00e4\u00e4ns\u00e4 ja huono alku voi heijastua sen k\u00e4yt\u00f6kseen jatkossakin. Pentutehtailun tukeminen trokareilta ja el\u00e4inr\u00e4\u00e4kk\u00e4\u00e4jilt\u00e4 ostettaessa on ehdottoman huono idea. Jokainen pelastettava pentu kannustaa kyseenalaista toimintaa harjoittavaa henkil\u00f6\u00e4 jatkamaan tekosiaan. Paljon mainostettu ja kuuluisa [&hellip;]","og_url":"https:\/\/sey.fi\/alahakita\/pennun-hankinta\/","og_site_name":"\u00c4l\u00e4 h\u00e4kit\u00e4","article_modified_time":"2020-01-11T08:13:17+00:00","og_image":[{"width":225,"height":225,"url":"https:\/\/sey.fi\/wp-content\/uploads\/sites\/46\/2019\/12\/halpakoira.jpg","type":"image\/jpeg"}],"twitter_card":"summary_large_image","twitter_misc":{"Arvioitu lukuaika":"2 minuuttia"},"schema":{"@context":"https:\/\/schema.org","@graph":[{"@type":"WebPage","@id":"https:\/\/sey.fi\/alahakita\/pennun-hankinta\/","url":"https:\/\/sey.fi\/alahakita\/pennun-hankinta\/","name":"Pennun hankinta - \u00c4l\u00e4 h\u00e4kit\u00e4","isPartOf":{"@id":"https:\/\/sey.fi\/alahakita\/#website"},"primaryImageOfPage":{"@id":"https:\/\/sey.fi\/alahakita\/pennun-hankinta\/#primaryimage"},"image":{"@id":"https:\/\/sey.fi\/alahakita\/pennun-hankinta\/#primaryimage"},"thumbnailUrl":"https:\/\/sey.fi\/wp-content\/uploads\/sites\/46\/2019\/12\/halpakoira.jpg","datePublished":"2019-12-09T08:39:43+00:00","dateModified":"2020-01-11T08:13:17+00:00","breadcrumb":{"@id":"https:\/\/sey.fi\/alahakita\/pennun-hankinta\/#breadcrumb"},"inLanguage":"fi","potentialAction":[{"@type":"ReadAction","target":["https:\/\/sey.fi\/alahakita\/pennun-hankinta\/"]}]},{"@type":"ImageObject","inLanguage":"fi","@id":"https:\/\/sey.fi\/alahakita\/pennun-hankinta\/#primaryimage","url":"https:\/\/sey.fi\/wp-content\/uploads\/sites\/46\/2019\/12\/halpakoira.jpg","contentUrl":"https:\/\/sey.fi\/wp-content\/uploads\/sites\/46\/2019\/12\/halpakoira.jpg","width":225,"height":225},{"@type":"BreadcrumbList","@id":"https:\/\/sey.fi\/alahakita\/pennun-hankinta\/#breadcrumb","itemListElement":[{"@type":"ListItem","position":1,"name":"Home","item":"https:\/\/sey.fi\/alahakita\/"},{"@type":"ListItem","position":2,"name":"Pennun hankinta"}]},{"@type":"WebSite","@id":"https:\/\/sey.fi\/alahakita\/#website","url":"https:\/\/sey.fi\/alahakita\/","name":"\u00c4l\u00e4 h\u00e4kit\u00e4","description":"Uusi SEY J\u00e4senyhdistykset -sivusto","potentialAction":[{"@type":"SearchAction","target":{"@type":"EntryPoint","urlTemplate":"https:\/\/sey.fi\/alahakita\/?s={search_term_string}"},"query-input":{"@type":"PropertyValueSpecification","valueRequired":true,"valueName":"search_term_string"}}],"inLanguage":"fi"}]}},"_links":{"self":[{"href":"https:\/\/sey.fi\/alahakita\/wp-json\/wp\/v2\/pages\/69","targetHints":{"allow":["GET"]}}],"collection":[{"href":"https:\/\/sey.fi\/alahakita\/wp-json\/wp\/v2\/pages"}],"about":[{"href":"https:\/\/sey.fi\/alahakita\/wp-json\/wp\/v2\/types\/page"}],"author":[{"embeddable":true,"href":"https:\/\/sey.fi\/alahakita\/wp-json\/wp\/v2\/users\/8"}],"replies":[{"embeddable":true,"href":"https:\/\/sey.fi\/alahakita\/wp-json\/wp\/v2\/comments?post=69"}],"version-history":[{"count":1,"href":"https:\/\/sey.fi\/alahakita\/wp-json\/wp\/v2\/pages\/69\/revisions"}],"predecessor-version":[{"id":70,"href":"https:\/\/sey.fi\/alahakita\/wp-json\/wp\/v2\/pages\/69\/revisions\/70"}],"wp:featuredmedia":[{"embeddable":true,"href":"https:\/\/sey.fi\/alahakita\/wp-json\/wp\/v2\/media\/71"}],"wp:attachment":[{"href":"https:\/\/sey.fi\/alahakita\/wp-json\/wp\/v2\/media?parent=69"}],"curies":[{"name":"wp","href":"https:\/\/api.w.org\/{rel}","templated":true}]}}