{"id":72,"date":"2019-12-09T10:43:33","date_gmt":"2019-12-09T08:43:33","guid":{"rendered":"http:\/\/srvr10.xetpoint.com\/~seyfi\/alahakita\/?page_id=72"},"modified":"2020-01-11T10:14:56","modified_gmt":"2020-01-11T08:14:56","slug":"yksinoloon-opettaminen","status":"publish","type":"page","link":"https:\/\/sey.fi\/alahakita\/yksinoloon-opettaminen\/","title":{"rendered":"Yksinoloon opettaminen"},"content":{"rendered":"\n<h2 class=\"wp-block-heading\">Miten koira opetetaan olemaan yksin?<\/h2>\n\n\n\n<p>Koiran opettaminen rauhalliseen ja stressitt\u00f6m\u00e4\u00e4n yksinoloon on \n\u00e4\u00e4rimm\u00e4iseen t\u00e4rke\u00e4\u00e4 koiran koko loppuel\u00e4m\u00e4\u00e4 ajatellen. Alla luetellaan \nmuutama perusajatus yksinoloon opettamisesta, ja lis\u00e4tietoa asiasta \nl\u00f6ytyy Yleist\u00e4 yksinolo-ongelmista -osiosta.<\/p>\n\n\n\n<p>&#8211; Aloittaessasi opetusta odota, ett\u00e4 koira on rauhallinen ja lep\u00e4\u00e4 tai sy\u00f6 vaikkapa luutaan.<\/p>\n\n\n\n<p>&#8211; Harjoittelu aloitetaan aivan pienist\u00e4 hetkist\u00e4 ja asioista: \nmuutamista sekunneista kauempana koirasta (aikaa v\u00e4hitellen pident\u00e4en), \naskeleista poisp\u00e4in koiran luota (v\u00e4limatkaa pikku hiljaa kasvattaen), \nsel\u00e4n k\u00e4\u00e4nt\u00e4misell\u00e4 (v\u00e4hitellen voi kadota n\u00e4kyvist\u00e4, menn\u00e4 toiseen \nhuoneeseen ja lopulta ulos asunnosta) jne.<\/p>\n\n\n\n<p>&#8211; On hyv\u00e4 opettaa koiralle jokin k\u00e4simerkki tai sana, jonka toistaa joka kerta kun j\u00e4tt\u00e4\u00e4 koiran.<\/p>\n\n\n\n<p>&#8211; Muista harjoitella vain pieni\u00e4 hetki\u00e4 kerrallaan ja varo koskaan \npel\u00e4stytt\u00e4m\u00e4st\u00e4 koiraa. Koira pel\u00e4styy, jos se j\u00e4tet\u00e4\u00e4n liian nopeasti \nliian pitk\u00e4ksi aikaa yksin.<\/p>\n\n\n\n<p>&#8211; Harjoituksissa ei saa edet\u00e4 liian nopeasti. Jos koira alkaa jossain\n vaiheessa uikuttaa tai vinkua, palataan harjoituksissa helpompiin, \nsill\u00e4 silloin ollaan edetty liian nopeasti. Pyri tekem\u00e4\u00e4n harjoitukset \nniin, ett\u00e4 koira ei koskaan ehdi s\u00e4ik\u00e4ht\u00e4\u00e4 tai itke\u00e4.<\/p>\n\n\n\n<p>&#8211; Palatessa koiraa voi tervehti\u00e4, mutta sen ihmeellisemp\u00e4\u00e4 numeroa takaisin tulosta ei kannata tehd\u00e4.<\/p>\n","protected":false},"excerpt":{"rendered":"<p>Miten koira opetetaan olemaan yksin? Koiran opettaminen rauhalliseen ja stressitt\u00f6m\u00e4\u00e4n yksinoloon on \u00e4\u00e4rimm\u00e4iseen t\u00e4rke\u00e4\u00e4 koiran koko loppuel\u00e4m\u00e4\u00e4 ajatellen. Alla luetellaan muutama perusajatus yksinoloon opettamisesta, ja lis\u00e4tietoa asiasta l\u00f6ytyy Yleist\u00e4 yksinolo-ongelmista -osiosta. &#8211; Aloittaessasi opetusta odota, ett\u00e4 koira on rauhallinen ja lep\u00e4\u00e4 tai sy\u00f6 vaikkapa luutaan. &#8211; Harjoittelu aloitetaan aivan pienist\u00e4 hetkist\u00e4 ja asioista: muutamista sekunneista [&hellip;]<\/p>\n","protected":false},"author":8,"featured_media":12,"parent":0,"menu_order":-1,"comment_status":"closed","ping_status":"closed","template":"","meta":{"_acf_changed":false,"footnotes":""},"class_list":["post-72","page","type-page","status-publish","has-post-thumbnail","hentry"],"acf":[],"yoast_head":"<!-- This site is optimized with the Yoast SEO plugin v27.1.1 - https:\/\/yoast.com\/product\/yoast-seo-wordpress\/ -->\n<title>Yksinoloon opettaminen - \u00c4l\u00e4 h\u00e4kit\u00e4<\/title>\n<meta name=\"robots\" content=\"index, follow, max-snippet:-1, max-image-preview:large, max-video-preview:-1\" \/>\n<link rel=\"canonical\" href=\"https:\/\/sey.fi\/alahakita\/yksinoloon-opettaminen\/\" \/>\n<meta property=\"og:locale\" content=\"fi_FI\" \/>\n<meta property=\"og:type\" content=\"article\" \/>\n<meta property=\"og:title\" content=\"Yksinoloon opettaminen - \u00c4l\u00e4 h\u00e4kit\u00e4\" \/>\n<meta property=\"og:description\" content=\"Miten koira opetetaan olemaan yksin? Koiran opettaminen rauhalliseen ja stressitt\u00f6m\u00e4\u00e4n yksinoloon on \u00e4\u00e4rimm\u00e4iseen t\u00e4rke\u00e4\u00e4 koiran koko loppuel\u00e4m\u00e4\u00e4 ajatellen. Alla luetellaan muutama perusajatus yksinoloon opettamisesta, ja lis\u00e4tietoa asiasta l\u00f6ytyy Yleist\u00e4 yksinolo-ongelmista -osiosta. &#8211; Aloittaessasi opetusta odota, ett\u00e4 koira on rauhallinen ja lep\u00e4\u00e4 tai sy\u00f6 vaikkapa luutaan. &#8211; Harjoittelu aloitetaan aivan pienist\u00e4 hetkist\u00e4 ja asioista: muutamista sekunneista [&hellip;]\" \/>\n<meta property=\"og:url\" content=\"https:\/\/sey.fi\/alahakita\/yksinoloon-opettaminen\/\" \/>\n<meta property=\"og:site_name\" content=\"\u00c4l\u00e4 h\u00e4kit\u00e4\" \/>\n<meta property=\"article:modified_time\" content=\"2020-01-11T08:14:56+00:00\" \/>\n<meta property=\"og:image\" content=\"https:\/\/sey.fi\/wp-content\/uploads\/sites\/46\/2019\/12\/alahakita-2.jpg\" \/>\n\t<meta property=\"og:image:width\" content=\"960\" \/>\n\t<meta property=\"og:image:height\" content=\"960\" \/>\n\t<meta property=\"og:image:type\" content=\"image\/jpeg\" \/>\n<meta name=\"twitter:card\" content=\"summary_large_image\" \/>\n<meta name=\"twitter:label1\" content=\"Arvioitu lukuaika\" \/>\n\t<meta name=\"twitter:data1\" content=\"1 minuutti\" \/>\n<script type=\"application\/ld+json\" class=\"yoast-schema-graph\">{\"@context\":\"https:\/\/schema.org\",\"@graph\":[{\"@type\":\"WebPage\",\"@id\":\"https:\/\/sey.fi\/alahakita\/yksinoloon-opettaminen\/\",\"url\":\"https:\/\/sey.fi\/alahakita\/yksinoloon-opettaminen\/\",\"name\":\"Yksinoloon opettaminen - \u00c4l\u00e4 h\u00e4kit\u00e4\",\"isPartOf\":{\"@id\":\"https:\/\/sey.fi\/alahakita\/#website\"},\"primaryImageOfPage\":{\"@id\":\"https:\/\/sey.fi\/alahakita\/yksinoloon-opettaminen\/#primaryimage\"},\"image\":{\"@id\":\"https:\/\/sey.fi\/alahakita\/yksinoloon-opettaminen\/#primaryimage\"},\"thumbnailUrl\":\"https:\/\/sey.fi\/wp-content\/uploads\/sites\/46\/2019\/12\/alahakita-2.jpg\",\"datePublished\":\"2019-12-09T08:43:33+00:00\",\"dateModified\":\"2020-01-11T08:14:56+00:00\",\"breadcrumb\":{\"@id\":\"https:\/\/sey.fi\/alahakita\/yksinoloon-opettaminen\/#breadcrumb\"},\"inLanguage\":\"fi\",\"potentialAction\":[{\"@type\":\"ReadAction\",\"target\":[\"https:\/\/sey.fi\/alahakita\/yksinoloon-opettaminen\/\"]}]},{\"@type\":\"ImageObject\",\"inLanguage\":\"fi\",\"@id\":\"https:\/\/sey.fi\/alahakita\/yksinoloon-opettaminen\/#primaryimage\",\"url\":\"https:\/\/sey.fi\/wp-content\/uploads\/sites\/46\/2019\/12\/alahakita-2.jpg\",\"contentUrl\":\"https:\/\/sey.fi\/wp-content\/uploads\/sites\/46\/2019\/12\/alahakita-2.jpg\",\"width\":960,\"height\":960},{\"@type\":\"BreadcrumbList\",\"@id\":\"https:\/\/sey.fi\/alahakita\/yksinoloon-opettaminen\/#breadcrumb\",\"itemListElement\":[{\"@type\":\"ListItem\",\"position\":1,\"name\":\"Home\",\"item\":\"https:\/\/sey.fi\/alahakita\/\"},{\"@type\":\"ListItem\",\"position\":2,\"name\":\"Yksinoloon opettaminen\"}]},{\"@type\":\"WebSite\",\"@id\":\"https:\/\/sey.fi\/alahakita\/#website\",\"url\":\"https:\/\/sey.fi\/alahakita\/\",\"name\":\"\u00c4l\u00e4 h\u00e4kit\u00e4\",\"description\":\"Uusi SEY J\u00e4senyhdistykset -sivusto\",\"potentialAction\":[{\"@type\":\"SearchAction\",\"target\":{\"@type\":\"EntryPoint\",\"urlTemplate\":\"https:\/\/sey.fi\/alahakita\/?s={search_term_string}\"},\"query-input\":{\"@type\":\"PropertyValueSpecification\",\"valueRequired\":true,\"valueName\":\"search_term_string\"}}],\"inLanguage\":\"fi\"}]}<\/script>\n<!-- \/ Yoast SEO plugin. -->","yoast_head_json":{"title":"Yksinoloon opettaminen - \u00c4l\u00e4 h\u00e4kit\u00e4","robots":{"index":"index","follow":"follow","max-snippet":"max-snippet:-1","max-image-preview":"max-image-preview:large","max-video-preview":"max-video-preview:-1"},"canonical":"https:\/\/sey.fi\/alahakita\/yksinoloon-opettaminen\/","og_locale":"fi_FI","og_type":"article","og_title":"Yksinoloon opettaminen - \u00c4l\u00e4 h\u00e4kit\u00e4","og_description":"Miten koira opetetaan olemaan yksin? Koiran opettaminen rauhalliseen ja stressitt\u00f6m\u00e4\u00e4n yksinoloon on \u00e4\u00e4rimm\u00e4iseen t\u00e4rke\u00e4\u00e4 koiran koko loppuel\u00e4m\u00e4\u00e4 ajatellen. Alla luetellaan muutama perusajatus yksinoloon opettamisesta, ja lis\u00e4tietoa asiasta l\u00f6ytyy Yleist\u00e4 yksinolo-ongelmista -osiosta. &#8211; Aloittaessasi opetusta odota, ett\u00e4 koira on rauhallinen ja lep\u00e4\u00e4 tai sy\u00f6 vaikkapa luutaan. &#8211; Harjoittelu aloitetaan aivan pienist\u00e4 hetkist\u00e4 ja asioista: muutamista sekunneista [&hellip;]","og_url":"https:\/\/sey.fi\/alahakita\/yksinoloon-opettaminen\/","og_site_name":"\u00c4l\u00e4 h\u00e4kit\u00e4","article_modified_time":"2020-01-11T08:14:56+00:00","og_image":[{"width":960,"height":960,"url":"https:\/\/sey.fi\/wp-content\/uploads\/sites\/46\/2019\/12\/alahakita-2.jpg","type":"image\/jpeg"}],"twitter_card":"summary_large_image","twitter_misc":{"Arvioitu lukuaika":"1 minuutti"},"schema":{"@context":"https:\/\/schema.org","@graph":[{"@type":"WebPage","@id":"https:\/\/sey.fi\/alahakita\/yksinoloon-opettaminen\/","url":"https:\/\/sey.fi\/alahakita\/yksinoloon-opettaminen\/","name":"Yksinoloon opettaminen - \u00c4l\u00e4 h\u00e4kit\u00e4","isPartOf":{"@id":"https:\/\/sey.fi\/alahakita\/#website"},"primaryImageOfPage":{"@id":"https:\/\/sey.fi\/alahakita\/yksinoloon-opettaminen\/#primaryimage"},"image":{"@id":"https:\/\/sey.fi\/alahakita\/yksinoloon-opettaminen\/#primaryimage"},"thumbnailUrl":"https:\/\/sey.fi\/wp-content\/uploads\/sites\/46\/2019\/12\/alahakita-2.jpg","datePublished":"2019-12-09T08:43:33+00:00","dateModified":"2020-01-11T08:14:56+00:00","breadcrumb":{"@id":"https:\/\/sey.fi\/alahakita\/yksinoloon-opettaminen\/#breadcrumb"},"inLanguage":"fi","potentialAction":[{"@type":"ReadAction","target":["https:\/\/sey.fi\/alahakita\/yksinoloon-opettaminen\/"]}]},{"@type":"ImageObject","inLanguage":"fi","@id":"https:\/\/sey.fi\/alahakita\/yksinoloon-opettaminen\/#primaryimage","url":"https:\/\/sey.fi\/wp-content\/uploads\/sites\/46\/2019\/12\/alahakita-2.jpg","contentUrl":"https:\/\/sey.fi\/wp-content\/uploads\/sites\/46\/2019\/12\/alahakita-2.jpg","width":960,"height":960},{"@type":"BreadcrumbList","@id":"https:\/\/sey.fi\/alahakita\/yksinoloon-opettaminen\/#breadcrumb","itemListElement":[{"@type":"ListItem","position":1,"name":"Home","item":"https:\/\/sey.fi\/alahakita\/"},{"@type":"ListItem","position":2,"name":"Yksinoloon opettaminen"}]},{"@type":"WebSite","@id":"https:\/\/sey.fi\/alahakita\/#website","url":"https:\/\/sey.fi\/alahakita\/","name":"\u00c4l\u00e4 h\u00e4kit\u00e4","description":"Uusi SEY J\u00e4senyhdistykset -sivusto","potentialAction":[{"@type":"SearchAction","target":{"@type":"EntryPoint","urlTemplate":"https:\/\/sey.fi\/alahakita\/?s={search_term_string}"},"query-input":{"@type":"PropertyValueSpecification","valueRequired":true,"valueName":"search_term_string"}}],"inLanguage":"fi"}]}},"_links":{"self":[{"href":"https:\/\/sey.fi\/alahakita\/wp-json\/wp\/v2\/pages\/72","targetHints":{"allow":["GET"]}}],"collection":[{"href":"https:\/\/sey.fi\/alahakita\/wp-json\/wp\/v2\/pages"}],"about":[{"href":"https:\/\/sey.fi\/alahakita\/wp-json\/wp\/v2\/types\/page"}],"author":[{"embeddable":true,"href":"https:\/\/sey.fi\/alahakita\/wp-json\/wp\/v2\/users\/8"}],"replies":[{"embeddable":true,"href":"https:\/\/sey.fi\/alahakita\/wp-json\/wp\/v2\/comments?post=72"}],"version-history":[{"count":1,"href":"https:\/\/sey.fi\/alahakita\/wp-json\/wp\/v2\/pages\/72\/revisions"}],"predecessor-version":[{"id":74,"href":"https:\/\/sey.fi\/alahakita\/wp-json\/wp\/v2\/pages\/72\/revisions\/74"}],"wp:featuredmedia":[{"embeddable":true,"href":"https:\/\/sey.fi\/alahakita\/wp-json\/wp\/v2\/media\/12"}],"wp:attachment":[{"href":"https:\/\/sey.fi\/alahakita\/wp-json\/wp\/v2\/media?parent=72"}],"curies":[{"name":"wp","href":"https:\/\/api.w.org\/{rel}","templated":true}]}}