{"id":77,"date":"2019-12-09T10:47:22","date_gmt":"2019-12-09T08:47:22","guid":{"rendered":"http:\/\/srvr10.xetpoint.com\/~seyfi\/alahakita\/?page_id=77"},"modified":"2020-01-11T10:13:41","modified_gmt":"2020-01-11T08:13:41","slug":"virikkeistaminen","status":"publish","type":"page","link":"https:\/\/sey.fi\/alahakita\/virikkeistaminen\/","title":{"rendered":"Virikkeist\u00e4minen"},"content":{"rendered":"\n<p>Hyv\u00e4t virikkeet lis\u00e4\u00e4v\u00e4t el\u00e4imen hyvinvointia ja mahdollistavat luontaisen k\u00e4ytt\u00e4ytymistarpeen toteuttamisen.<\/p>\n\n\n\n<p>Virikkeist\u00e4minen voi jopa auttaa poistamaan koiralle jo syntyneit\u00e4 \nk\u00e4yt\u00f6songelmia, sill\u00e4 niiden taustalla on monesti voimakas, \ntyydytt\u00e4m\u00e4t\u00f6n k\u00e4ytt\u00e4ytymistarve. Muita etuja on koiran ja omistajan \nsuhteen paraneminen, koska ihmisen arvo koiran silmiss\u00e4 nousee, kun t\u00e4m\u00e4\n tarjoaa lemmikilleen sille t\u00e4rkeit\u00e4 asioita. Ihminen p\u00e4\u00e4see samalla \nsyvemm\u00e4lle koiran maailmaan ja oppii uutta sen k\u00e4ytt\u00e4ytymisest\u00e4, \nkielest\u00e4 ja tarpeista.<\/p>\n\n\n\n<p>Virike on yleisnimitys kaikille sellaisille el\u00e4imen elinymp\u00e4rist\u00f6\u00f6n \ntuotaville asioille, jotka parantavat el\u00e4imen el\u00e4m\u00e4nlaatua antamalla \nsille tilaisuuksia katsella, kuunnella, haistella, maistella, k\u00e4sitell\u00e4,\n siirt\u00e4\u00e4, tutkia, hajottaa, kiipeill\u00e4 tai kaivaa \u2013 sen mukaan millaisia \nsynnynn\u00e4isi\u00e4 tarpeita kyseisell\u00e4 el\u00e4inlajilla on. Ilman virikkeit\u00e4 \nel\u00e4imest\u00e4 voi tulla arka ja stressaantunut. Ihmisen mielest\u00e4 hyv\u00e4 virike\n ei ole v\u00e4ltt\u00e4m\u00e4tt\u00e4 el\u00e4imen mielest\u00e4 hyv\u00e4.<\/p>\n\n\n\n<p>Virikkeen\u00e4 voivat toimia periaatteessa mitk\u00e4 tahansa asiat, jotka \nel\u00e4in kokee my\u00f6nteisin\u00e4 ja kiinnostavina. Kaikkien virikkeiden on \nluonnollisesti oltava turvallisia. Suurimpia mielihyv\u00e4kokemuksia el\u00e4in \nsaa sellaisista virikkeist\u00e4, joiden k\u00e4ytt\u00e4minen aiheuttaa sek\u00e4 toiminnan\n tuoman ilon, ett\u00e4 jonkin palkinnon. Erityisen hyv\u00e4t mahdollisuudet \nt\u00e4h\u00e4n tarjoaa ruuan k\u00e4ytt\u00f6 virikkeen\u00e4.<\/p>\n","protected":false},"excerpt":{"rendered":"<p>Hyv\u00e4t virikkeet lis\u00e4\u00e4v\u00e4t el\u00e4imen hyvinvointia ja mahdollistavat luontaisen k\u00e4ytt\u00e4ytymistarpeen toteuttamisen. Virikkeist\u00e4minen voi jopa auttaa poistamaan koiralle jo syntyneit\u00e4 k\u00e4yt\u00f6songelmia, sill\u00e4 niiden taustalla on monesti voimakas, tyydytt\u00e4m\u00e4t\u00f6n k\u00e4ytt\u00e4ytymistarve. Muita etuja on koiran ja omistajan suhteen paraneminen, koska ihmisen arvo koiran silmiss\u00e4 nousee, kun t\u00e4m\u00e4 tarjoaa lemmikilleen sille t\u00e4rkeit\u00e4 asioita. Ihminen p\u00e4\u00e4see samalla syvemm\u00e4lle koiran maailmaan ja [&hellip;]<\/p>\n","protected":false},"author":8,"featured_media":0,"parent":0,"menu_order":-1,"comment_status":"closed","ping_status":"closed","template":"","meta":{"_acf_changed":false,"footnotes":""},"class_list":["post-77","page","type-page","status-publish","hentry"],"acf":[],"yoast_head":"<!-- This site is optimized with the Yoast SEO plugin v27.1.1 - https:\/\/yoast.com\/product\/yoast-seo-wordpress\/ -->\n<title>Virikkeist\u00e4minen - \u00c4l\u00e4 h\u00e4kit\u00e4<\/title>\n<meta name=\"robots\" content=\"index, follow, max-snippet:-1, max-image-preview:large, max-video-preview:-1\" \/>\n<link rel=\"canonical\" href=\"https:\/\/sey.fi\/alahakita\/virikkeistaminen\/\" \/>\n<meta property=\"og:locale\" content=\"fi_FI\" \/>\n<meta property=\"og:type\" content=\"article\" \/>\n<meta property=\"og:title\" content=\"Virikkeist\u00e4minen - \u00c4l\u00e4 h\u00e4kit\u00e4\" \/>\n<meta property=\"og:description\" content=\"Hyv\u00e4t virikkeet lis\u00e4\u00e4v\u00e4t el\u00e4imen hyvinvointia ja mahdollistavat luontaisen k\u00e4ytt\u00e4ytymistarpeen toteuttamisen. Virikkeist\u00e4minen voi jopa auttaa poistamaan koiralle jo syntyneit\u00e4 k\u00e4yt\u00f6songelmia, sill\u00e4 niiden taustalla on monesti voimakas, tyydytt\u00e4m\u00e4t\u00f6n k\u00e4ytt\u00e4ytymistarve. Muita etuja on koiran ja omistajan suhteen paraneminen, koska ihmisen arvo koiran silmiss\u00e4 nousee, kun t\u00e4m\u00e4 tarjoaa lemmikilleen sille t\u00e4rkeit\u00e4 asioita. Ihminen p\u00e4\u00e4see samalla syvemm\u00e4lle koiran maailmaan ja [&hellip;]\" \/>\n<meta property=\"og:url\" content=\"https:\/\/sey.fi\/alahakita\/virikkeistaminen\/\" \/>\n<meta property=\"og:site_name\" content=\"\u00c4l\u00e4 h\u00e4kit\u00e4\" \/>\n<meta property=\"article:modified_time\" content=\"2020-01-11T08:13:41+00:00\" \/>\n<meta name=\"twitter:card\" content=\"summary_large_image\" \/>\n<meta name=\"twitter:label1\" content=\"Arvioitu lukuaika\" \/>\n\t<meta name=\"twitter:data1\" content=\"1 minuutti\" \/>\n<script type=\"application\/ld+json\" class=\"yoast-schema-graph\">{\"@context\":\"https:\/\/schema.org\",\"@graph\":[{\"@type\":\"WebPage\",\"@id\":\"https:\/\/sey.fi\/alahakita\/virikkeistaminen\/\",\"url\":\"https:\/\/sey.fi\/alahakita\/virikkeistaminen\/\",\"name\":\"Virikkeist\u00e4minen - \u00c4l\u00e4 h\u00e4kit\u00e4\",\"isPartOf\":{\"@id\":\"https:\/\/sey.fi\/alahakita\/#website\"},\"datePublished\":\"2019-12-09T08:47:22+00:00\",\"dateModified\":\"2020-01-11T08:13:41+00:00\",\"breadcrumb\":{\"@id\":\"https:\/\/sey.fi\/alahakita\/virikkeistaminen\/#breadcrumb\"},\"inLanguage\":\"fi\",\"potentialAction\":[{\"@type\":\"ReadAction\",\"target\":[\"https:\/\/sey.fi\/alahakita\/virikkeistaminen\/\"]}]},{\"@type\":\"BreadcrumbList\",\"@id\":\"https:\/\/sey.fi\/alahakita\/virikkeistaminen\/#breadcrumb\",\"itemListElement\":[{\"@type\":\"ListItem\",\"position\":1,\"name\":\"Home\",\"item\":\"https:\/\/sey.fi\/alahakita\/\"},{\"@type\":\"ListItem\",\"position\":2,\"name\":\"Virikkeist\u00e4minen\"}]},{\"@type\":\"WebSite\",\"@id\":\"https:\/\/sey.fi\/alahakita\/#website\",\"url\":\"https:\/\/sey.fi\/alahakita\/\",\"name\":\"\u00c4l\u00e4 h\u00e4kit\u00e4\",\"description\":\"Uusi SEY J\u00e4senyhdistykset -sivusto\",\"potentialAction\":[{\"@type\":\"SearchAction\",\"target\":{\"@type\":\"EntryPoint\",\"urlTemplate\":\"https:\/\/sey.fi\/alahakita\/?s={search_term_string}\"},\"query-input\":{\"@type\":\"PropertyValueSpecification\",\"valueRequired\":true,\"valueName\":\"search_term_string\"}}],\"inLanguage\":\"fi\"}]}<\/script>\n<!-- \/ Yoast SEO plugin. -->","yoast_head_json":{"title":"Virikkeist\u00e4minen - \u00c4l\u00e4 h\u00e4kit\u00e4","robots":{"index":"index","follow":"follow","max-snippet":"max-snippet:-1","max-image-preview":"max-image-preview:large","max-video-preview":"max-video-preview:-1"},"canonical":"https:\/\/sey.fi\/alahakita\/virikkeistaminen\/","og_locale":"fi_FI","og_type":"article","og_title":"Virikkeist\u00e4minen - \u00c4l\u00e4 h\u00e4kit\u00e4","og_description":"Hyv\u00e4t virikkeet lis\u00e4\u00e4v\u00e4t el\u00e4imen hyvinvointia ja mahdollistavat luontaisen k\u00e4ytt\u00e4ytymistarpeen toteuttamisen. Virikkeist\u00e4minen voi jopa auttaa poistamaan koiralle jo syntyneit\u00e4 k\u00e4yt\u00f6songelmia, sill\u00e4 niiden taustalla on monesti voimakas, tyydytt\u00e4m\u00e4t\u00f6n k\u00e4ytt\u00e4ytymistarve. Muita etuja on koiran ja omistajan suhteen paraneminen, koska ihmisen arvo koiran silmiss\u00e4 nousee, kun t\u00e4m\u00e4 tarjoaa lemmikilleen sille t\u00e4rkeit\u00e4 asioita. Ihminen p\u00e4\u00e4see samalla syvemm\u00e4lle koiran maailmaan ja [&hellip;]","og_url":"https:\/\/sey.fi\/alahakita\/virikkeistaminen\/","og_site_name":"\u00c4l\u00e4 h\u00e4kit\u00e4","article_modified_time":"2020-01-11T08:13:41+00:00","twitter_card":"summary_large_image","twitter_misc":{"Arvioitu lukuaika":"1 minuutti"},"schema":{"@context":"https:\/\/schema.org","@graph":[{"@type":"WebPage","@id":"https:\/\/sey.fi\/alahakita\/virikkeistaminen\/","url":"https:\/\/sey.fi\/alahakita\/virikkeistaminen\/","name":"Virikkeist\u00e4minen - \u00c4l\u00e4 h\u00e4kit\u00e4","isPartOf":{"@id":"https:\/\/sey.fi\/alahakita\/#website"},"datePublished":"2019-12-09T08:47:22+00:00","dateModified":"2020-01-11T08:13:41+00:00","breadcrumb":{"@id":"https:\/\/sey.fi\/alahakita\/virikkeistaminen\/#breadcrumb"},"inLanguage":"fi","potentialAction":[{"@type":"ReadAction","target":["https:\/\/sey.fi\/alahakita\/virikkeistaminen\/"]}]},{"@type":"BreadcrumbList","@id":"https:\/\/sey.fi\/alahakita\/virikkeistaminen\/#breadcrumb","itemListElement":[{"@type":"ListItem","position":1,"name":"Home","item":"https:\/\/sey.fi\/alahakita\/"},{"@type":"ListItem","position":2,"name":"Virikkeist\u00e4minen"}]},{"@type":"WebSite","@id":"https:\/\/sey.fi\/alahakita\/#website","url":"https:\/\/sey.fi\/alahakita\/","name":"\u00c4l\u00e4 h\u00e4kit\u00e4","description":"Uusi SEY J\u00e4senyhdistykset -sivusto","potentialAction":[{"@type":"SearchAction","target":{"@type":"EntryPoint","urlTemplate":"https:\/\/sey.fi\/alahakita\/?s={search_term_string}"},"query-input":{"@type":"PropertyValueSpecification","valueRequired":true,"valueName":"search_term_string"}}],"inLanguage":"fi"}]}},"_links":{"self":[{"href":"https:\/\/sey.fi\/alahakita\/wp-json\/wp\/v2\/pages\/77","targetHints":{"allow":["GET"]}}],"collection":[{"href":"https:\/\/sey.fi\/alahakita\/wp-json\/wp\/v2\/pages"}],"about":[{"href":"https:\/\/sey.fi\/alahakita\/wp-json\/wp\/v2\/types\/page"}],"author":[{"embeddable":true,"href":"https:\/\/sey.fi\/alahakita\/wp-json\/wp\/v2\/users\/8"}],"replies":[{"embeddable":true,"href":"https:\/\/sey.fi\/alahakita\/wp-json\/wp\/v2\/comments?post=77"}],"version-history":[{"count":1,"href":"https:\/\/sey.fi\/alahakita\/wp-json\/wp\/v2\/pages\/77\/revisions"}],"predecessor-version":[{"id":78,"href":"https:\/\/sey.fi\/alahakita\/wp-json\/wp\/v2\/pages\/77\/revisions\/78"}],"wp:attachment":[{"href":"https:\/\/sey.fi\/alahakita\/wp-json\/wp\/v2\/media?parent=77"}],"curies":[{"name":"wp","href":"https:\/\/api.w.org\/{rel}","templated":true}]}}