{"id":79,"date":"2019-12-09T10:48:17","date_gmt":"2019-12-09T08:48:17","guid":{"rendered":"http:\/\/srvr10.xetpoint.com\/~seyfi\/alahakita\/?page_id=79"},"modified":"2020-01-11T10:14:37","modified_gmt":"2020-01-11T08:14:37","slug":"ruualla-virikkeestaminen","status":"publish","type":"page","link":"https:\/\/sey.fi\/alahakita\/ruualla-virikkeestaminen\/","title":{"rendered":"Ruualla virikkeest\u00e4minen"},"content":{"rendered":"\n<p>Koiran pit\u00e4isi saada tehd\u00e4 t\u00f6it\u00e4 ruokansa eteen, aivan kuten se \nluonnossa tekisi. Ruuan eteen ty\u00f6skentely on t\u00e4rke\u00e4\u00e4 koiran psyykkisen \nhyvinvoinnin kannalta, sill\u00e4 silloin se saa todella k\u00e4ytt\u00e4\u00e4 nen\u00e4\u00e4ns\u00e4 ja \np\u00e4\u00e4t\u00e4ns\u00e4 ruuan hankkimiseen. Jokaisen koiranomistajan kannattaa opetella\n perusruokinnan lis\u00e4ksi ruualla virikkeist\u00e4mist\u00e4.<\/p>\n\n\n\n<p>&nbsp;Jo se, ett\u00e4 ruoka ei tule kupissa koiran nen\u00e4n alle, vaan koira \nvaikkapa etsii ruokansa asunnosta, tai nappulat levitet\u00e4\u00e4n parvekkeelle \ntai pihalle, toimii hienosti virikkeist\u00e4misen\u00e4. Koirille on my\u00f6s \nsuunniteltu ns. \u201dkong-lelu\u201d, johon ruoka voidaan laittaa. Kongiin \nlaitettaessa nappularuoka muutetaan \u201dm\u00f6ss\u00f6ksi\u201d liottamalla nappulat \nvedess\u00e4. Sekaan voi laittaa vaikkapa jauhelihaa tai raejuustoa. Kong \n\u2013lelusta koira voi lipoa m\u00f6ss\u00f6n ulos ja n\u00e4in k\u00e4ytt\u00e4\u00e4 sy\u00f6miseen enemm\u00e4n \naikaa ja p\u00e4\u00e4st\u00e4 tekem\u00e4\u00e4n t\u00f6it\u00e4 ruokansa eteen.<\/p>\n\n\n\n<p>&nbsp;Ruualla virikkeist\u00e4misess\u00e4 vain mielikuvitus on rajana. Erilaiset \npiilotukset, esim. maitopurkkeihin ovat hauskoja. Koira saa siis repi\u00e4 \nmaitopurkin ja etsi\u00e4 ruokaa. Teht\u00e4v\u00e4t tai ruuan etsint\u00e4 ei saa \nkuitenkaan olla koiralle liian hankalaa, jottei koira turhaudu. Teht\u00e4vi\u00e4\n pit\u00e4\u00e4 my\u00f6s muistaa vaikeuttaa, jos ne ovat koiralle helppoja.<\/p>\n\n\n\n<p>&nbsp;Virikkeit\u00e4 kehitelless\u00e4 pit\u00e4\u00e4 olla varma, ettei mik\u00e4\u00e4n aine tai \ntavara ole koiralle vaarallinen! Maitot\u00f6lkkej\u00e4 ei esimerkiksi kannata \nteipata kiinni, vaan taitellaan suljetuksi. T\u00e4llaiset virikkeet \nkannattaa antaa koiralle silloin, kun pystyy valvomaan sen toimia.<\/p>\n","protected":false},"excerpt":{"rendered":"<p>Koiran pit\u00e4isi saada tehd\u00e4 t\u00f6it\u00e4 ruokansa eteen, aivan kuten se luonnossa tekisi. Ruuan eteen ty\u00f6skentely on t\u00e4rke\u00e4\u00e4 koiran psyykkisen hyvinvoinnin kannalta, sill\u00e4 silloin se saa todella k\u00e4ytt\u00e4\u00e4 nen\u00e4\u00e4ns\u00e4 ja p\u00e4\u00e4t\u00e4ns\u00e4 ruuan hankkimiseen. Jokaisen koiranomistajan kannattaa opetella perusruokinnan lis\u00e4ksi ruualla virikkeist\u00e4mist\u00e4. &nbsp;Jo se, ett\u00e4 ruoka ei tule kupissa koiran nen\u00e4n alle, vaan koira vaikkapa etsii ruokansa [&hellip;]<\/p>\n","protected":false},"author":8,"featured_media":0,"parent":0,"menu_order":1,"comment_status":"closed","ping_status":"closed","template":"","meta":{"_acf_changed":false,"footnotes":""},"class_list":["post-79","page","type-page","status-publish","hentry"],"acf":[],"yoast_head":"<!-- This site is optimized with the Yoast SEO plugin v27.1.1 - https:\/\/yoast.com\/product\/yoast-seo-wordpress\/ -->\n<title>Ruualla virikkeest\u00e4minen - \u00c4l\u00e4 h\u00e4kit\u00e4<\/title>\n<meta name=\"robots\" content=\"index, follow, max-snippet:-1, max-image-preview:large, max-video-preview:-1\" \/>\n<link rel=\"canonical\" href=\"https:\/\/sey.fi\/alahakita\/ruualla-virikkeestaminen\/\" \/>\n<meta property=\"og:locale\" content=\"fi_FI\" \/>\n<meta property=\"og:type\" content=\"article\" \/>\n<meta property=\"og:title\" content=\"Ruualla virikkeest\u00e4minen - \u00c4l\u00e4 h\u00e4kit\u00e4\" \/>\n<meta property=\"og:description\" content=\"Koiran pit\u00e4isi saada tehd\u00e4 t\u00f6it\u00e4 ruokansa eteen, aivan kuten se luonnossa tekisi. Ruuan eteen ty\u00f6skentely on t\u00e4rke\u00e4\u00e4 koiran psyykkisen hyvinvoinnin kannalta, sill\u00e4 silloin se saa todella k\u00e4ytt\u00e4\u00e4 nen\u00e4\u00e4ns\u00e4 ja p\u00e4\u00e4t\u00e4ns\u00e4 ruuan hankkimiseen. Jokaisen koiranomistajan kannattaa opetella perusruokinnan lis\u00e4ksi ruualla virikkeist\u00e4mist\u00e4. &nbsp;Jo se, ett\u00e4 ruoka ei tule kupissa koiran nen\u00e4n alle, vaan koira vaikkapa etsii ruokansa [&hellip;]\" \/>\n<meta property=\"og:url\" content=\"https:\/\/sey.fi\/alahakita\/ruualla-virikkeestaminen\/\" \/>\n<meta property=\"og:site_name\" content=\"\u00c4l\u00e4 h\u00e4kit\u00e4\" \/>\n<meta property=\"article:modified_time\" content=\"2020-01-11T08:14:37+00:00\" \/>\n<meta name=\"twitter:card\" content=\"summary_large_image\" \/>\n<meta name=\"twitter:label1\" content=\"Arvioitu lukuaika\" \/>\n\t<meta name=\"twitter:data1\" content=\"1 minuutti\" \/>\n<script type=\"application\/ld+json\" class=\"yoast-schema-graph\">{\"@context\":\"https:\/\/schema.org\",\"@graph\":[{\"@type\":\"WebPage\",\"@id\":\"https:\/\/sey.fi\/alahakita\/ruualla-virikkeestaminen\/\",\"url\":\"https:\/\/sey.fi\/alahakita\/ruualla-virikkeestaminen\/\",\"name\":\"Ruualla virikkeest\u00e4minen - \u00c4l\u00e4 h\u00e4kit\u00e4\",\"isPartOf\":{\"@id\":\"https:\/\/sey.fi\/alahakita\/#website\"},\"datePublished\":\"2019-12-09T08:48:17+00:00\",\"dateModified\":\"2020-01-11T08:14:37+00:00\",\"breadcrumb\":{\"@id\":\"https:\/\/sey.fi\/alahakita\/ruualla-virikkeestaminen\/#breadcrumb\"},\"inLanguage\":\"fi\",\"potentialAction\":[{\"@type\":\"ReadAction\",\"target\":[\"https:\/\/sey.fi\/alahakita\/ruualla-virikkeestaminen\/\"]}]},{\"@type\":\"BreadcrumbList\",\"@id\":\"https:\/\/sey.fi\/alahakita\/ruualla-virikkeestaminen\/#breadcrumb\",\"itemListElement\":[{\"@type\":\"ListItem\",\"position\":1,\"name\":\"Home\",\"item\":\"https:\/\/sey.fi\/alahakita\/\"},{\"@type\":\"ListItem\",\"position\":2,\"name\":\"Ruualla virikkeest\u00e4minen\"}]},{\"@type\":\"WebSite\",\"@id\":\"https:\/\/sey.fi\/alahakita\/#website\",\"url\":\"https:\/\/sey.fi\/alahakita\/\",\"name\":\"\u00c4l\u00e4 h\u00e4kit\u00e4\",\"description\":\"Uusi SEY J\u00e4senyhdistykset -sivusto\",\"potentialAction\":[{\"@type\":\"SearchAction\",\"target\":{\"@type\":\"EntryPoint\",\"urlTemplate\":\"https:\/\/sey.fi\/alahakita\/?s={search_term_string}\"},\"query-input\":{\"@type\":\"PropertyValueSpecification\",\"valueRequired\":true,\"valueName\":\"search_term_string\"}}],\"inLanguage\":\"fi\"}]}<\/script>\n<!-- \/ Yoast SEO plugin. -->","yoast_head_json":{"title":"Ruualla virikkeest\u00e4minen - \u00c4l\u00e4 h\u00e4kit\u00e4","robots":{"index":"index","follow":"follow","max-snippet":"max-snippet:-1","max-image-preview":"max-image-preview:large","max-video-preview":"max-video-preview:-1"},"canonical":"https:\/\/sey.fi\/alahakita\/ruualla-virikkeestaminen\/","og_locale":"fi_FI","og_type":"article","og_title":"Ruualla virikkeest\u00e4minen - \u00c4l\u00e4 h\u00e4kit\u00e4","og_description":"Koiran pit\u00e4isi saada tehd\u00e4 t\u00f6it\u00e4 ruokansa eteen, aivan kuten se luonnossa tekisi. Ruuan eteen ty\u00f6skentely on t\u00e4rke\u00e4\u00e4 koiran psyykkisen hyvinvoinnin kannalta, sill\u00e4 silloin se saa todella k\u00e4ytt\u00e4\u00e4 nen\u00e4\u00e4ns\u00e4 ja p\u00e4\u00e4t\u00e4ns\u00e4 ruuan hankkimiseen. Jokaisen koiranomistajan kannattaa opetella perusruokinnan lis\u00e4ksi ruualla virikkeist\u00e4mist\u00e4. &nbsp;Jo se, ett\u00e4 ruoka ei tule kupissa koiran nen\u00e4n alle, vaan koira vaikkapa etsii ruokansa [&hellip;]","og_url":"https:\/\/sey.fi\/alahakita\/ruualla-virikkeestaminen\/","og_site_name":"\u00c4l\u00e4 h\u00e4kit\u00e4","article_modified_time":"2020-01-11T08:14:37+00:00","twitter_card":"summary_large_image","twitter_misc":{"Arvioitu lukuaika":"1 minuutti"},"schema":{"@context":"https:\/\/schema.org","@graph":[{"@type":"WebPage","@id":"https:\/\/sey.fi\/alahakita\/ruualla-virikkeestaminen\/","url":"https:\/\/sey.fi\/alahakita\/ruualla-virikkeestaminen\/","name":"Ruualla virikkeest\u00e4minen - \u00c4l\u00e4 h\u00e4kit\u00e4","isPartOf":{"@id":"https:\/\/sey.fi\/alahakita\/#website"},"datePublished":"2019-12-09T08:48:17+00:00","dateModified":"2020-01-11T08:14:37+00:00","breadcrumb":{"@id":"https:\/\/sey.fi\/alahakita\/ruualla-virikkeestaminen\/#breadcrumb"},"inLanguage":"fi","potentialAction":[{"@type":"ReadAction","target":["https:\/\/sey.fi\/alahakita\/ruualla-virikkeestaminen\/"]}]},{"@type":"BreadcrumbList","@id":"https:\/\/sey.fi\/alahakita\/ruualla-virikkeestaminen\/#breadcrumb","itemListElement":[{"@type":"ListItem","position":1,"name":"Home","item":"https:\/\/sey.fi\/alahakita\/"},{"@type":"ListItem","position":2,"name":"Ruualla virikkeest\u00e4minen"}]},{"@type":"WebSite","@id":"https:\/\/sey.fi\/alahakita\/#website","url":"https:\/\/sey.fi\/alahakita\/","name":"\u00c4l\u00e4 h\u00e4kit\u00e4","description":"Uusi SEY J\u00e4senyhdistykset -sivusto","potentialAction":[{"@type":"SearchAction","target":{"@type":"EntryPoint","urlTemplate":"https:\/\/sey.fi\/alahakita\/?s={search_term_string}"},"query-input":{"@type":"PropertyValueSpecification","valueRequired":true,"valueName":"search_term_string"}}],"inLanguage":"fi"}]}},"_links":{"self":[{"href":"https:\/\/sey.fi\/alahakita\/wp-json\/wp\/v2\/pages\/79","targetHints":{"allow":["GET"]}}],"collection":[{"href":"https:\/\/sey.fi\/alahakita\/wp-json\/wp\/v2\/pages"}],"about":[{"href":"https:\/\/sey.fi\/alahakita\/wp-json\/wp\/v2\/types\/page"}],"author":[{"embeddable":true,"href":"https:\/\/sey.fi\/alahakita\/wp-json\/wp\/v2\/users\/8"}],"replies":[{"embeddable":true,"href":"https:\/\/sey.fi\/alahakita\/wp-json\/wp\/v2\/comments?post=79"}],"version-history":[{"count":1,"href":"https:\/\/sey.fi\/alahakita\/wp-json\/wp\/v2\/pages\/79\/revisions"}],"predecessor-version":[{"id":80,"href":"https:\/\/sey.fi\/alahakita\/wp-json\/wp\/v2\/pages\/79\/revisions\/80"}],"wp:attachment":[{"href":"https:\/\/sey.fi\/alahakita\/wp-json\/wp\/v2\/media?parent=79"}],"curies":[{"name":"wp","href":"https:\/\/api.w.org\/{rel}","templated":true}]}}