{"id":81,"date":"2019-12-09T10:50:20","date_gmt":"2019-12-09T08:50:20","guid":{"rendered":"http:\/\/srvr10.xetpoint.com\/~seyfi\/alahakita\/?page_id=81"},"modified":"2020-01-11T10:14:16","modified_gmt":"2020-01-11T08:14:16","slug":"monni-koiran-paivaohjelma","status":"publish","type":"page","link":"https:\/\/sey.fi\/alahakita\/monni-koiran-paivaohjelma\/","title":{"rendered":"Monni-koiran p\u00e4iv\u00e4ohjelma"},"content":{"rendered":"\n<p>Koiran virikkeist\u00e4misen ei tarvitse olla aikaaviev\u00e4\u00e4 ja ty\u00f6l\u00e4st\u00e4, \nvaan virikkeist\u00e4misen voi ottaa osaksi aivan arkista el\u00e4m\u00e4\u00e4. Alla on \nesimerkkin\u00e4 Monni-koiran virikeellinen p\u00e4iv\u00e4ohjelma.<\/p>\n\n\n\n<h3 class=\"wp-block-heading\">Arkip\u00e4iv\u00e4<\/h3>\n\n\n\n<p>Aamulla<\/p>\n\n\n\n<ul class=\"wp-block-list\"><li>hidas nuuskuttelulenkki noin 20 minuuttia<\/li><li>aamuruoka pakastettuna Kongiin, jota koira j\u00e4\u00e4 nuolemaan omistajien l\u00e4htiess\u00e4 t\u00f6ihin<\/li><\/ul>\n\n\n\n<p>p\u00e4iv\u00e4ll\u00e4 yksinollessa<\/p>\n\n\n\n<ul class=\"wp-block-list\"><li>ajoittaista ikkunasta uloskatselua, puruluunsy\u00f6nti\u00e4<\/li><li>nukkumista<\/li><\/ul>\n\n\n\n<p>omistajien tullessa kotiin iltap\u00e4iv\u00e4ll\u00e4<\/p>\n\n\n\n<ul class=\"wp-block-list\"><li>reipastahtinen ulkoilulenkki noin 1h<\/li><li>iltaruoka kupista; ruokaan lis\u00e4tty muutamia palasia koiralle entuudestaan tuntemattomia vihanneksia<\/li><\/ul>\n\n\n\n<p>illalla<\/p>\n\n\n\n<ul class=\"wp-block-list\"><li>namien etsimist\u00e4 asunnosta muutaman minuutin ajan<\/li><li>uuden tempun harjoittelemista tv-ohjelman mainoskatkoilla 3&#215;5 min<\/li><li>noin 15 minuutin pissatuslenkki<\/li><\/ul>\n\n\n\n<h3 class=\"wp-block-heading\">Vapaap\u00e4iv\u00e4<\/h3>\n\n\n\n<p>Aamulla<\/p>\n\n\n\n<ul class=\"wp-block-list\"><li>reipastahtinen mets\u00e4k\u00e4vely 45 minuuttia<\/li><li>ruoaksi lihaisia luita<\/li><\/ul>\n\n\n\n<p>iltap\u00e4iv\u00e4ll\u00e4<\/p>\n\n\n\n<ul class=\"wp-block-list\"><li>verij\u00e4lki tai lelujen piilotusta ulkona (\u201desineruutu\u201d)<\/li><\/ul>\n\n\n\n<p>illalla<\/p>\n\n\n\n<ul class=\"wp-block-list\"><li>puolen tunnin hidas nuuskuttelulenkki<\/li><\/ul>\n","protected":false},"excerpt":{"rendered":"<p>Koiran virikkeist\u00e4misen ei tarvitse olla aikaaviev\u00e4\u00e4 ja ty\u00f6l\u00e4st\u00e4, vaan virikkeist\u00e4misen voi ottaa osaksi aivan arkista el\u00e4m\u00e4\u00e4. Alla on esimerkkin\u00e4 Monni-koiran virikeellinen p\u00e4iv\u00e4ohjelma. Arkip\u00e4iv\u00e4 Aamulla hidas nuuskuttelulenkki noin 20 minuuttia aamuruoka pakastettuna Kongiin, jota koira j\u00e4\u00e4 nuolemaan omistajien l\u00e4htiess\u00e4 t\u00f6ihin p\u00e4iv\u00e4ll\u00e4 yksinollessa ajoittaista ikkunasta uloskatselua, puruluunsy\u00f6nti\u00e4 nukkumista omistajien tullessa kotiin iltap\u00e4iv\u00e4ll\u00e4 reipastahtinen ulkoilulenkki noin 1h iltaruoka [&hellip;]<\/p>\n","protected":false},"author":8,"featured_media":0,"parent":0,"menu_order":0,"comment_status":"closed","ping_status":"closed","template":"","meta":{"_acf_changed":false,"footnotes":""},"class_list":["post-81","page","type-page","status-publish","hentry"],"acf":[],"yoast_head":"<!-- This site is optimized with the Yoast SEO plugin v27.1.1 - https:\/\/yoast.com\/product\/yoast-seo-wordpress\/ -->\n<title>Monni-koiran p\u00e4iv\u00e4ohjelma - \u00c4l\u00e4 h\u00e4kit\u00e4<\/title>\n<meta name=\"robots\" content=\"index, follow, max-snippet:-1, max-image-preview:large, max-video-preview:-1\" \/>\n<link rel=\"canonical\" href=\"https:\/\/sey.fi\/alahakita\/monni-koiran-paivaohjelma\/\" \/>\n<meta property=\"og:locale\" content=\"fi_FI\" \/>\n<meta property=\"og:type\" content=\"article\" \/>\n<meta property=\"og:title\" content=\"Monni-koiran p\u00e4iv\u00e4ohjelma - \u00c4l\u00e4 h\u00e4kit\u00e4\" \/>\n<meta property=\"og:description\" content=\"Koiran virikkeist\u00e4misen ei tarvitse olla aikaaviev\u00e4\u00e4 ja ty\u00f6l\u00e4st\u00e4, vaan virikkeist\u00e4misen voi ottaa osaksi aivan arkista el\u00e4m\u00e4\u00e4. Alla on esimerkkin\u00e4 Monni-koiran virikeellinen p\u00e4iv\u00e4ohjelma. Arkip\u00e4iv\u00e4 Aamulla hidas nuuskuttelulenkki noin 20 minuuttia aamuruoka pakastettuna Kongiin, jota koira j\u00e4\u00e4 nuolemaan omistajien l\u00e4htiess\u00e4 t\u00f6ihin p\u00e4iv\u00e4ll\u00e4 yksinollessa ajoittaista ikkunasta uloskatselua, puruluunsy\u00f6nti\u00e4 nukkumista omistajien tullessa kotiin iltap\u00e4iv\u00e4ll\u00e4 reipastahtinen ulkoilulenkki noin 1h iltaruoka [&hellip;]\" \/>\n<meta property=\"og:url\" content=\"https:\/\/sey.fi\/alahakita\/monni-koiran-paivaohjelma\/\" \/>\n<meta property=\"og:site_name\" content=\"\u00c4l\u00e4 h\u00e4kit\u00e4\" \/>\n<meta property=\"article:modified_time\" content=\"2020-01-11T08:14:16+00:00\" \/>\n<meta name=\"twitter:card\" content=\"summary_large_image\" \/>\n<meta name=\"twitter:label1\" content=\"Arvioitu lukuaika\" \/>\n\t<meta name=\"twitter:data1\" content=\"1 minuutti\" \/>\n<script type=\"application\/ld+json\" class=\"yoast-schema-graph\">{\"@context\":\"https:\/\/schema.org\",\"@graph\":[{\"@type\":\"WebPage\",\"@id\":\"https:\/\/sey.fi\/alahakita\/monni-koiran-paivaohjelma\/\",\"url\":\"https:\/\/sey.fi\/alahakita\/monni-koiran-paivaohjelma\/\",\"name\":\"Monni-koiran p\u00e4iv\u00e4ohjelma - \u00c4l\u00e4 h\u00e4kit\u00e4\",\"isPartOf\":{\"@id\":\"https:\/\/sey.fi\/alahakita\/#website\"},\"datePublished\":\"2019-12-09T08:50:20+00:00\",\"dateModified\":\"2020-01-11T08:14:16+00:00\",\"breadcrumb\":{\"@id\":\"https:\/\/sey.fi\/alahakita\/monni-koiran-paivaohjelma\/#breadcrumb\"},\"inLanguage\":\"fi\",\"potentialAction\":[{\"@type\":\"ReadAction\",\"target\":[\"https:\/\/sey.fi\/alahakita\/monni-koiran-paivaohjelma\/\"]}]},{\"@type\":\"BreadcrumbList\",\"@id\":\"https:\/\/sey.fi\/alahakita\/monni-koiran-paivaohjelma\/#breadcrumb\",\"itemListElement\":[{\"@type\":\"ListItem\",\"position\":1,\"name\":\"Home\",\"item\":\"https:\/\/sey.fi\/alahakita\/\"},{\"@type\":\"ListItem\",\"position\":2,\"name\":\"Monni-koiran p\u00e4iv\u00e4ohjelma\"}]},{\"@type\":\"WebSite\",\"@id\":\"https:\/\/sey.fi\/alahakita\/#website\",\"url\":\"https:\/\/sey.fi\/alahakita\/\",\"name\":\"\u00c4l\u00e4 h\u00e4kit\u00e4\",\"description\":\"Uusi SEY J\u00e4senyhdistykset -sivusto\",\"potentialAction\":[{\"@type\":\"SearchAction\",\"target\":{\"@type\":\"EntryPoint\",\"urlTemplate\":\"https:\/\/sey.fi\/alahakita\/?s={search_term_string}\"},\"query-input\":{\"@type\":\"PropertyValueSpecification\",\"valueRequired\":true,\"valueName\":\"search_term_string\"}}],\"inLanguage\":\"fi\"}]}<\/script>\n<!-- \/ Yoast SEO plugin. -->","yoast_head_json":{"title":"Monni-koiran p\u00e4iv\u00e4ohjelma - \u00c4l\u00e4 h\u00e4kit\u00e4","robots":{"index":"index","follow":"follow","max-snippet":"max-snippet:-1","max-image-preview":"max-image-preview:large","max-video-preview":"max-video-preview:-1"},"canonical":"https:\/\/sey.fi\/alahakita\/monni-koiran-paivaohjelma\/","og_locale":"fi_FI","og_type":"article","og_title":"Monni-koiran p\u00e4iv\u00e4ohjelma - \u00c4l\u00e4 h\u00e4kit\u00e4","og_description":"Koiran virikkeist\u00e4misen ei tarvitse olla aikaaviev\u00e4\u00e4 ja ty\u00f6l\u00e4st\u00e4, vaan virikkeist\u00e4misen voi ottaa osaksi aivan arkista el\u00e4m\u00e4\u00e4. Alla on esimerkkin\u00e4 Monni-koiran virikeellinen p\u00e4iv\u00e4ohjelma. Arkip\u00e4iv\u00e4 Aamulla hidas nuuskuttelulenkki noin 20 minuuttia aamuruoka pakastettuna Kongiin, jota koira j\u00e4\u00e4 nuolemaan omistajien l\u00e4htiess\u00e4 t\u00f6ihin p\u00e4iv\u00e4ll\u00e4 yksinollessa ajoittaista ikkunasta uloskatselua, puruluunsy\u00f6nti\u00e4 nukkumista omistajien tullessa kotiin iltap\u00e4iv\u00e4ll\u00e4 reipastahtinen ulkoilulenkki noin 1h iltaruoka [&hellip;]","og_url":"https:\/\/sey.fi\/alahakita\/monni-koiran-paivaohjelma\/","og_site_name":"\u00c4l\u00e4 h\u00e4kit\u00e4","article_modified_time":"2020-01-11T08:14:16+00:00","twitter_card":"summary_large_image","twitter_misc":{"Arvioitu lukuaika":"1 minuutti"},"schema":{"@context":"https:\/\/schema.org","@graph":[{"@type":"WebPage","@id":"https:\/\/sey.fi\/alahakita\/monni-koiran-paivaohjelma\/","url":"https:\/\/sey.fi\/alahakita\/monni-koiran-paivaohjelma\/","name":"Monni-koiran p\u00e4iv\u00e4ohjelma - \u00c4l\u00e4 h\u00e4kit\u00e4","isPartOf":{"@id":"https:\/\/sey.fi\/alahakita\/#website"},"datePublished":"2019-12-09T08:50:20+00:00","dateModified":"2020-01-11T08:14:16+00:00","breadcrumb":{"@id":"https:\/\/sey.fi\/alahakita\/monni-koiran-paivaohjelma\/#breadcrumb"},"inLanguage":"fi","potentialAction":[{"@type":"ReadAction","target":["https:\/\/sey.fi\/alahakita\/monni-koiran-paivaohjelma\/"]}]},{"@type":"BreadcrumbList","@id":"https:\/\/sey.fi\/alahakita\/monni-koiran-paivaohjelma\/#breadcrumb","itemListElement":[{"@type":"ListItem","position":1,"name":"Home","item":"https:\/\/sey.fi\/alahakita\/"},{"@type":"ListItem","position":2,"name":"Monni-koiran p\u00e4iv\u00e4ohjelma"}]},{"@type":"WebSite","@id":"https:\/\/sey.fi\/alahakita\/#website","url":"https:\/\/sey.fi\/alahakita\/","name":"\u00c4l\u00e4 h\u00e4kit\u00e4","description":"Uusi SEY J\u00e4senyhdistykset -sivusto","potentialAction":[{"@type":"SearchAction","target":{"@type":"EntryPoint","urlTemplate":"https:\/\/sey.fi\/alahakita\/?s={search_term_string}"},"query-input":{"@type":"PropertyValueSpecification","valueRequired":true,"valueName":"search_term_string"}}],"inLanguage":"fi"}]}},"_links":{"self":[{"href":"https:\/\/sey.fi\/alahakita\/wp-json\/wp\/v2\/pages\/81","targetHints":{"allow":["GET"]}}],"collection":[{"href":"https:\/\/sey.fi\/alahakita\/wp-json\/wp\/v2\/pages"}],"about":[{"href":"https:\/\/sey.fi\/alahakita\/wp-json\/wp\/v2\/types\/page"}],"author":[{"embeddable":true,"href":"https:\/\/sey.fi\/alahakita\/wp-json\/wp\/v2\/users\/8"}],"replies":[{"embeddable":true,"href":"https:\/\/sey.fi\/alahakita\/wp-json\/wp\/v2\/comments?post=81"}],"version-history":[{"count":1,"href":"https:\/\/sey.fi\/alahakita\/wp-json\/wp\/v2\/pages\/81\/revisions"}],"predecessor-version":[{"id":82,"href":"https:\/\/sey.fi\/alahakita\/wp-json\/wp\/v2\/pages\/81\/revisions\/82"}],"wp:attachment":[{"href":"https:\/\/sey.fi\/alahakita\/wp-json\/wp\/v2\/media?parent=81"}],"curies":[{"name":"wp","href":"https:\/\/api.w.org\/{rel}","templated":true}]}}