{"id":83,"date":"2019-12-09T10:51:47","date_gmt":"2019-12-09T08:51:47","guid":{"rendered":"http:\/\/srvr10.xetpoint.com\/~seyfi\/alahakita\/?page_id=83"},"modified":"2020-01-11T10:15:48","modified_gmt":"2020-01-11T08:15:48","slug":"hakki-turvapaikkana","status":"publish","type":"page","link":"https:\/\/sey.fi\/alahakita\/hakki-turvapaikkana\/","title":{"rendered":"H\u00e4kki turvapaikkana"},"content":{"rendered":"\n<p><em>Kuva: Maria Lindqvist<\/em><\/p>\n\n\n\n<h3 class=\"wp-block-heading\">H\u00e4kki voi olla koiran turvapaikka<\/h3>\n\n\n\n<p>On tilanteita, joissa koiran liikkuvuuden rajoittaminen on \nv\u00e4ltt\u00e4m\u00e4t\u00f6nt\u00e4 koiran omankin turvallisuuden kannalta. N\u00e4it\u00e4 tilanteita \novat esimerkiksi matkustaminen, koiratapahtumat tai tilanne, jossa koira\n joudutaan j\u00e4tt\u00e4m\u00e4\u00e4n sairaalahoitoon.<\/p>\n\n\n\n<p>H\u00e4kin oikea k\u00e4ytt\u00f6 edellytt\u00e4\u00e4, ett\u00e4 koira pit\u00e4\u00e4 h\u00e4kki\u00e4 \nturvapaikkanaan ja se on tottunut k\u00e4ytt\u00e4m\u00e4\u00e4n sit\u00e4 ilman pakkoa. On \nt\u00e4rke\u00e4\u00e4, ett\u00e4 koira omaksuu ajatuksen h\u00e4kist\u00e4 oikein mukavana soppena, \njonne meneminen voi tuottaa kivoja yll\u00e4tyksi\u00e4. N\u00e4in h\u00e4kist\u00e4 muodostuu \nkoiran oma, rauhallinen lepopaikka.<\/p>\n\n\n\n<p>H\u00e4kki tai kuljetuskoppa on helppo ottaa mukaan minne tahansa ja koiralla on n\u00e4in aina oma turvapaikka mukanaan.<\/p>\n","protected":false},"excerpt":{"rendered":"<p>Kuva: Maria Lindqvist H\u00e4kki voi olla koiran turvapaikka On tilanteita, joissa koiran liikkuvuuden rajoittaminen on v\u00e4ltt\u00e4m\u00e4t\u00f6nt\u00e4 koiran omankin turvallisuuden kannalta. N\u00e4it\u00e4 tilanteita ovat esimerkiksi matkustaminen, koiratapahtumat tai tilanne, jossa koira joudutaan j\u00e4tt\u00e4m\u00e4\u00e4n sairaalahoitoon. H\u00e4kin oikea k\u00e4ytt\u00f6 edellytt\u00e4\u00e4, ett\u00e4 koira pit\u00e4\u00e4 h\u00e4kki\u00e4 turvapaikkanaan ja se on tottunut k\u00e4ytt\u00e4m\u00e4\u00e4n sit\u00e4 ilman pakkoa. On t\u00e4rke\u00e4\u00e4, ett\u00e4 koira omaksuu [&hellip;]<\/p>\n","protected":false},"author":8,"featured_media":84,"parent":0,"menu_order":0,"comment_status":"closed","ping_status":"closed","template":"","meta":{"_acf_changed":false,"footnotes":""},"class_list":["post-83","page","type-page","status-publish","has-post-thumbnail","hentry"],"acf":[],"yoast_head":"<!-- This site is optimized with the Yoast SEO plugin v27.1.1 - https:\/\/yoast.com\/product\/yoast-seo-wordpress\/ -->\n<title>H\u00e4kki turvapaikkana - \u00c4l\u00e4 h\u00e4kit\u00e4<\/title>\n<meta name=\"robots\" content=\"index, follow, max-snippet:-1, max-image-preview:large, max-video-preview:-1\" \/>\n<link rel=\"canonical\" href=\"https:\/\/sey.fi\/alahakita\/hakki-turvapaikkana\/\" \/>\n<meta property=\"og:locale\" content=\"fi_FI\" \/>\n<meta property=\"og:type\" content=\"article\" \/>\n<meta property=\"og:title\" content=\"H\u00e4kki turvapaikkana - \u00c4l\u00e4 h\u00e4kit\u00e4\" \/>\n<meta property=\"og:description\" content=\"Kuva: Maria Lindqvist H\u00e4kki voi olla koiran turvapaikka On tilanteita, joissa koiran liikkuvuuden rajoittaminen on v\u00e4ltt\u00e4m\u00e4t\u00f6nt\u00e4 koiran omankin turvallisuuden kannalta. N\u00e4it\u00e4 tilanteita ovat esimerkiksi matkustaminen, koiratapahtumat tai tilanne, jossa koira joudutaan j\u00e4tt\u00e4m\u00e4\u00e4n sairaalahoitoon. H\u00e4kin oikea k\u00e4ytt\u00f6 edellytt\u00e4\u00e4, ett\u00e4 koira pit\u00e4\u00e4 h\u00e4kki\u00e4 turvapaikkanaan ja se on tottunut k\u00e4ytt\u00e4m\u00e4\u00e4n sit\u00e4 ilman pakkoa. On t\u00e4rke\u00e4\u00e4, ett\u00e4 koira omaksuu [&hellip;]\" \/>\n<meta property=\"og:url\" content=\"https:\/\/sey.fi\/alahakita\/hakki-turvapaikkana\/\" \/>\n<meta property=\"og:site_name\" content=\"\u00c4l\u00e4 h\u00e4kit\u00e4\" \/>\n<meta property=\"article:modified_time\" content=\"2020-01-11T08:15:48+00:00\" \/>\n<meta property=\"og:image\" content=\"https:\/\/sey.fi\/wp-content\/uploads\/sites\/46\/2019\/12\/alahakita_012_hauska_maria_lindqvist.jpg\" \/>\n\t<meta property=\"og:image:width\" content=\"634\" \/>\n\t<meta property=\"og:image:height\" content=\"822\" \/>\n\t<meta property=\"og:image:type\" content=\"image\/jpeg\" \/>\n<meta name=\"twitter:card\" content=\"summary_large_image\" \/>\n<meta name=\"twitter:label1\" content=\"Arvioitu lukuaika\" \/>\n\t<meta name=\"twitter:data1\" content=\"1 minuutti\" \/>\n<script type=\"application\/ld+json\" class=\"yoast-schema-graph\">{\"@context\":\"https:\/\/schema.org\",\"@graph\":[{\"@type\":\"WebPage\",\"@id\":\"https:\/\/sey.fi\/alahakita\/hakki-turvapaikkana\/\",\"url\":\"https:\/\/sey.fi\/alahakita\/hakki-turvapaikkana\/\",\"name\":\"H\u00e4kki turvapaikkana - \u00c4l\u00e4 h\u00e4kit\u00e4\",\"isPartOf\":{\"@id\":\"https:\/\/sey.fi\/alahakita\/#website\"},\"primaryImageOfPage\":{\"@id\":\"https:\/\/sey.fi\/alahakita\/hakki-turvapaikkana\/#primaryimage\"},\"image\":{\"@id\":\"https:\/\/sey.fi\/alahakita\/hakki-turvapaikkana\/#primaryimage\"},\"thumbnailUrl\":\"https:\/\/sey.fi\/wp-content\/uploads\/sites\/46\/2019\/12\/alahakita_012_hauska_maria_lindqvist.jpg\",\"datePublished\":\"2019-12-09T08:51:47+00:00\",\"dateModified\":\"2020-01-11T08:15:48+00:00\",\"breadcrumb\":{\"@id\":\"https:\/\/sey.fi\/alahakita\/hakki-turvapaikkana\/#breadcrumb\"},\"inLanguage\":\"fi\",\"potentialAction\":[{\"@type\":\"ReadAction\",\"target\":[\"https:\/\/sey.fi\/alahakita\/hakki-turvapaikkana\/\"]}]},{\"@type\":\"ImageObject\",\"inLanguage\":\"fi\",\"@id\":\"https:\/\/sey.fi\/alahakita\/hakki-turvapaikkana\/#primaryimage\",\"url\":\"https:\/\/sey.fi\/wp-content\/uploads\/sites\/46\/2019\/12\/alahakita_012_hauska_maria_lindqvist.jpg\",\"contentUrl\":\"https:\/\/sey.fi\/wp-content\/uploads\/sites\/46\/2019\/12\/alahakita_012_hauska_maria_lindqvist.jpg\",\"width\":634,\"height\":822},{\"@type\":\"BreadcrumbList\",\"@id\":\"https:\/\/sey.fi\/alahakita\/hakki-turvapaikkana\/#breadcrumb\",\"itemListElement\":[{\"@type\":\"ListItem\",\"position\":1,\"name\":\"Home\",\"item\":\"https:\/\/sey.fi\/alahakita\/\"},{\"@type\":\"ListItem\",\"position\":2,\"name\":\"H\u00e4kki turvapaikkana\"}]},{\"@type\":\"WebSite\",\"@id\":\"https:\/\/sey.fi\/alahakita\/#website\",\"url\":\"https:\/\/sey.fi\/alahakita\/\",\"name\":\"\u00c4l\u00e4 h\u00e4kit\u00e4\",\"description\":\"Uusi SEY J\u00e4senyhdistykset -sivusto\",\"potentialAction\":[{\"@type\":\"SearchAction\",\"target\":{\"@type\":\"EntryPoint\",\"urlTemplate\":\"https:\/\/sey.fi\/alahakita\/?s={search_term_string}\"},\"query-input\":{\"@type\":\"PropertyValueSpecification\",\"valueRequired\":true,\"valueName\":\"search_term_string\"}}],\"inLanguage\":\"fi\"}]}<\/script>\n<!-- \/ Yoast SEO plugin. -->","yoast_head_json":{"title":"H\u00e4kki turvapaikkana - \u00c4l\u00e4 h\u00e4kit\u00e4","robots":{"index":"index","follow":"follow","max-snippet":"max-snippet:-1","max-image-preview":"max-image-preview:large","max-video-preview":"max-video-preview:-1"},"canonical":"https:\/\/sey.fi\/alahakita\/hakki-turvapaikkana\/","og_locale":"fi_FI","og_type":"article","og_title":"H\u00e4kki turvapaikkana - \u00c4l\u00e4 h\u00e4kit\u00e4","og_description":"Kuva: Maria Lindqvist H\u00e4kki voi olla koiran turvapaikka On tilanteita, joissa koiran liikkuvuuden rajoittaminen on v\u00e4ltt\u00e4m\u00e4t\u00f6nt\u00e4 koiran omankin turvallisuuden kannalta. N\u00e4it\u00e4 tilanteita ovat esimerkiksi matkustaminen, koiratapahtumat tai tilanne, jossa koira joudutaan j\u00e4tt\u00e4m\u00e4\u00e4n sairaalahoitoon. H\u00e4kin oikea k\u00e4ytt\u00f6 edellytt\u00e4\u00e4, ett\u00e4 koira pit\u00e4\u00e4 h\u00e4kki\u00e4 turvapaikkanaan ja se on tottunut k\u00e4ytt\u00e4m\u00e4\u00e4n sit\u00e4 ilman pakkoa. On t\u00e4rke\u00e4\u00e4, ett\u00e4 koira omaksuu [&hellip;]","og_url":"https:\/\/sey.fi\/alahakita\/hakki-turvapaikkana\/","og_site_name":"\u00c4l\u00e4 h\u00e4kit\u00e4","article_modified_time":"2020-01-11T08:15:48+00:00","og_image":[{"width":634,"height":822,"url":"https:\/\/sey.fi\/wp-content\/uploads\/sites\/46\/2019\/12\/alahakita_012_hauska_maria_lindqvist.jpg","type":"image\/jpeg"}],"twitter_card":"summary_large_image","twitter_misc":{"Arvioitu lukuaika":"1 minuutti"},"schema":{"@context":"https:\/\/schema.org","@graph":[{"@type":"WebPage","@id":"https:\/\/sey.fi\/alahakita\/hakki-turvapaikkana\/","url":"https:\/\/sey.fi\/alahakita\/hakki-turvapaikkana\/","name":"H\u00e4kki turvapaikkana - \u00c4l\u00e4 h\u00e4kit\u00e4","isPartOf":{"@id":"https:\/\/sey.fi\/alahakita\/#website"},"primaryImageOfPage":{"@id":"https:\/\/sey.fi\/alahakita\/hakki-turvapaikkana\/#primaryimage"},"image":{"@id":"https:\/\/sey.fi\/alahakita\/hakki-turvapaikkana\/#primaryimage"},"thumbnailUrl":"https:\/\/sey.fi\/wp-content\/uploads\/sites\/46\/2019\/12\/alahakita_012_hauska_maria_lindqvist.jpg","datePublished":"2019-12-09T08:51:47+00:00","dateModified":"2020-01-11T08:15:48+00:00","breadcrumb":{"@id":"https:\/\/sey.fi\/alahakita\/hakki-turvapaikkana\/#breadcrumb"},"inLanguage":"fi","potentialAction":[{"@type":"ReadAction","target":["https:\/\/sey.fi\/alahakita\/hakki-turvapaikkana\/"]}]},{"@type":"ImageObject","inLanguage":"fi","@id":"https:\/\/sey.fi\/alahakita\/hakki-turvapaikkana\/#primaryimage","url":"https:\/\/sey.fi\/wp-content\/uploads\/sites\/46\/2019\/12\/alahakita_012_hauska_maria_lindqvist.jpg","contentUrl":"https:\/\/sey.fi\/wp-content\/uploads\/sites\/46\/2019\/12\/alahakita_012_hauska_maria_lindqvist.jpg","width":634,"height":822},{"@type":"BreadcrumbList","@id":"https:\/\/sey.fi\/alahakita\/hakki-turvapaikkana\/#breadcrumb","itemListElement":[{"@type":"ListItem","position":1,"name":"Home","item":"https:\/\/sey.fi\/alahakita\/"},{"@type":"ListItem","position":2,"name":"H\u00e4kki turvapaikkana"}]},{"@type":"WebSite","@id":"https:\/\/sey.fi\/alahakita\/#website","url":"https:\/\/sey.fi\/alahakita\/","name":"\u00c4l\u00e4 h\u00e4kit\u00e4","description":"Uusi SEY J\u00e4senyhdistykset -sivusto","potentialAction":[{"@type":"SearchAction","target":{"@type":"EntryPoint","urlTemplate":"https:\/\/sey.fi\/alahakita\/?s={search_term_string}"},"query-input":{"@type":"PropertyValueSpecification","valueRequired":true,"valueName":"search_term_string"}}],"inLanguage":"fi"}]}},"_links":{"self":[{"href":"https:\/\/sey.fi\/alahakita\/wp-json\/wp\/v2\/pages\/83","targetHints":{"allow":["GET"]}}],"collection":[{"href":"https:\/\/sey.fi\/alahakita\/wp-json\/wp\/v2\/pages"}],"about":[{"href":"https:\/\/sey.fi\/alahakita\/wp-json\/wp\/v2\/types\/page"}],"author":[{"embeddable":true,"href":"https:\/\/sey.fi\/alahakita\/wp-json\/wp\/v2\/users\/8"}],"replies":[{"embeddable":true,"href":"https:\/\/sey.fi\/alahakita\/wp-json\/wp\/v2\/comments?post=83"}],"version-history":[{"count":2,"href":"https:\/\/sey.fi\/alahakita\/wp-json\/wp\/v2\/pages\/83\/revisions"}],"predecessor-version":[{"id":86,"href":"https:\/\/sey.fi\/alahakita\/wp-json\/wp\/v2\/pages\/83\/revisions\/86"}],"wp:featuredmedia":[{"embeddable":true,"href":"https:\/\/sey.fi\/alahakita\/wp-json\/wp\/v2\/media\/84"}],"wp:attachment":[{"href":"https:\/\/sey.fi\/alahakita\/wp-json\/wp\/v2\/media?parent=83"}],"curies":[{"name":"wp","href":"https:\/\/api.w.org\/{rel}","templated":true}]}}