{"id":87,"date":"2019-12-09T10:54:41","date_gmt":"2019-12-09T08:54:41","guid":{"rendered":"http:\/\/srvr10.xetpoint.com\/~seyfi\/alahakita\/?page_id=87"},"modified":"2020-01-11T10:16:30","modified_gmt":"2020-01-11T08:16:30","slug":"hakkiin-totuttaminen","status":"publish","type":"page","link":"https:\/\/sey.fi\/alahakita\/hakkiin-totuttaminen\/","title":{"rendered":"H\u00e4kkiin totuttaminen"},"content":{"rendered":"\n<p>Koira kannattaa pennusta saakka opettaa tilavaan kuljetuskoppaan tai \navoimena pidett\u00e4v\u00e4\u00e4n h\u00e4kkiin, josta se voi rakentaa turvallisen pes\u00e4n. \nSis\u00e4lle tarvitaan pehmusteita ja p\u00e4\u00e4lle vaikkapa maton tuomaan luolan \ntuntua. T\u00e4rkeint\u00e4 on muistaa, ett\u00e4 oven tulee olla aina auki: \nsis\u00e4tiloissa koiraa saa pit\u00e4\u00e4 kytkettyn\u00e4 vain tilap\u00e4isesti, \nlyhytaikaisesti ja hyv\u00e4ksytt\u00e4v\u00e4st\u00e4 syyst\u00e4.<br> <br>Jos avoimesta h\u00e4kist\u00e4\n tai kuljetuskopasta halutaan tehd\u00e4 koiran nukkumapaikka, se kannattaa \nopettaa koiralle ruuan ja makupalojen avulla, kunnes se on tottunut \npaikkaan.<\/p>\n\n\n\n<p>Koiran oma-aloitteista h\u00e4kkiin menoa voi rohkaista kehuen ja \nherkkupaloilla. On t\u00e4rke\u00e4\u00e4, ett\u00e4 koira omaksuu ajatuksen h\u00e4kist\u00e4 oikein \nmukavana soppena, jonne meneminen voi tuottaa kivoja yll\u00e4tyksi\u00e4. N\u00e4in \nh\u00e4kist\u00e4 muodostuu koiran oma, rauhallinen lepopaikka. Kuljetuskoppa tai \nh\u00e4kki on my\u00f6s helppo ottaa mukaan minne tahansa ja koiralla on n\u00e4in aina\n oma turvapaikka mukanaan.<\/p>\n\n\n\n<p>Kunnon lenkin tai leikkien j\u00e4lkeen h\u00e4kiss\u00e4 on hyv\u00e4 unilelun tai \npuruluun kanssa rauhoittua p\u00e4iv\u00e4unille. H\u00e4kin p\u00e4\u00e4lle levitetty viltti \ntekee tilasta luolamaisen pes\u00e4n, jossa pentu tuntee olonsa mukavan \nturvalliseksi.<\/p>\n","protected":false},"excerpt":{"rendered":"<p>Koira kannattaa pennusta saakka opettaa tilavaan kuljetuskoppaan tai avoimena pidett\u00e4v\u00e4\u00e4n h\u00e4kkiin, josta se voi rakentaa turvallisen pes\u00e4n. Sis\u00e4lle tarvitaan pehmusteita ja p\u00e4\u00e4lle vaikkapa maton tuomaan luolan tuntua. T\u00e4rkeint\u00e4 on muistaa, ett\u00e4 oven tulee olla aina auki: sis\u00e4tiloissa koiraa saa pit\u00e4\u00e4 kytkettyn\u00e4 vain tilap\u00e4isesti, lyhytaikaisesti ja hyv\u00e4ksytt\u00e4v\u00e4st\u00e4 syyst\u00e4. Jos avoimesta h\u00e4kist\u00e4 tai kuljetuskopasta halutaan tehd\u00e4 koiran [&hellip;]<\/p>\n","protected":false},"author":8,"featured_media":88,"parent":0,"menu_order":0,"comment_status":"closed","ping_status":"closed","template":"","meta":{"_acf_changed":false,"footnotes":""},"class_list":["post-87","page","type-page","status-publish","has-post-thumbnail","hentry"],"acf":[],"yoast_head":"<!-- This site is optimized with the Yoast SEO plugin v27.1.1 - https:\/\/yoast.com\/product\/yoast-seo-wordpress\/ -->\n<title>H\u00e4kkiin totuttaminen - \u00c4l\u00e4 h\u00e4kit\u00e4<\/title>\n<meta name=\"robots\" content=\"index, follow, max-snippet:-1, max-image-preview:large, max-video-preview:-1\" \/>\n<link rel=\"canonical\" href=\"https:\/\/sey.fi\/alahakita\/hakkiin-totuttaminen\/\" \/>\n<meta property=\"og:locale\" content=\"fi_FI\" \/>\n<meta property=\"og:type\" content=\"article\" \/>\n<meta property=\"og:title\" content=\"H\u00e4kkiin totuttaminen - \u00c4l\u00e4 h\u00e4kit\u00e4\" \/>\n<meta property=\"og:description\" content=\"Koira kannattaa pennusta saakka opettaa tilavaan kuljetuskoppaan tai avoimena pidett\u00e4v\u00e4\u00e4n h\u00e4kkiin, josta se voi rakentaa turvallisen pes\u00e4n. Sis\u00e4lle tarvitaan pehmusteita ja p\u00e4\u00e4lle vaikkapa maton tuomaan luolan tuntua. T\u00e4rkeint\u00e4 on muistaa, ett\u00e4 oven tulee olla aina auki: sis\u00e4tiloissa koiraa saa pit\u00e4\u00e4 kytkettyn\u00e4 vain tilap\u00e4isesti, lyhytaikaisesti ja hyv\u00e4ksytt\u00e4v\u00e4st\u00e4 syyst\u00e4. Jos avoimesta h\u00e4kist\u00e4 tai kuljetuskopasta halutaan tehd\u00e4 koiran [&hellip;]\" \/>\n<meta property=\"og:url\" content=\"https:\/\/sey.fi\/alahakita\/hakkiin-totuttaminen\/\" \/>\n<meta property=\"og:site_name\" content=\"\u00c4l\u00e4 h\u00e4kit\u00e4\" \/>\n<meta property=\"article:modified_time\" content=\"2020-01-11T08:16:30+00:00\" \/>\n<meta property=\"og:image\" content=\"https:\/\/sey.fi\/wp-content\/uploads\/sites\/46\/2019\/12\/koiranukkuu.jpg\" \/>\n\t<meta property=\"og:image:width\" content=\"423\" \/>\n\t<meta property=\"og:image:height\" content=\"317\" \/>\n\t<meta property=\"og:image:type\" content=\"image\/jpeg\" \/>\n<meta name=\"twitter:card\" content=\"summary_large_image\" \/>\n<meta name=\"twitter:label1\" content=\"Arvioitu lukuaika\" \/>\n\t<meta name=\"twitter:data1\" content=\"1 minuutti\" \/>\n<script type=\"application\/ld+json\" class=\"yoast-schema-graph\">{\"@context\":\"https:\/\/schema.org\",\"@graph\":[{\"@type\":\"WebPage\",\"@id\":\"https:\/\/sey.fi\/alahakita\/hakkiin-totuttaminen\/\",\"url\":\"https:\/\/sey.fi\/alahakita\/hakkiin-totuttaminen\/\",\"name\":\"H\u00e4kkiin totuttaminen - \u00c4l\u00e4 h\u00e4kit\u00e4\",\"isPartOf\":{\"@id\":\"https:\/\/sey.fi\/alahakita\/#website\"},\"primaryImageOfPage\":{\"@id\":\"https:\/\/sey.fi\/alahakita\/hakkiin-totuttaminen\/#primaryimage\"},\"image\":{\"@id\":\"https:\/\/sey.fi\/alahakita\/hakkiin-totuttaminen\/#primaryimage\"},\"thumbnailUrl\":\"https:\/\/sey.fi\/wp-content\/uploads\/sites\/46\/2019\/12\/koiranukkuu.jpg\",\"datePublished\":\"2019-12-09T08:54:41+00:00\",\"dateModified\":\"2020-01-11T08:16:30+00:00\",\"breadcrumb\":{\"@id\":\"https:\/\/sey.fi\/alahakita\/hakkiin-totuttaminen\/#breadcrumb\"},\"inLanguage\":\"fi\",\"potentialAction\":[{\"@type\":\"ReadAction\",\"target\":[\"https:\/\/sey.fi\/alahakita\/hakkiin-totuttaminen\/\"]}]},{\"@type\":\"ImageObject\",\"inLanguage\":\"fi\",\"@id\":\"https:\/\/sey.fi\/alahakita\/hakkiin-totuttaminen\/#primaryimage\",\"url\":\"https:\/\/sey.fi\/wp-content\/uploads\/sites\/46\/2019\/12\/koiranukkuu.jpg\",\"contentUrl\":\"https:\/\/sey.fi\/wp-content\/uploads\/sites\/46\/2019\/12\/koiranukkuu.jpg\",\"width\":423,\"height\":317},{\"@type\":\"BreadcrumbList\",\"@id\":\"https:\/\/sey.fi\/alahakita\/hakkiin-totuttaminen\/#breadcrumb\",\"itemListElement\":[{\"@type\":\"ListItem\",\"position\":1,\"name\":\"Home\",\"item\":\"https:\/\/sey.fi\/alahakita\/\"},{\"@type\":\"ListItem\",\"position\":2,\"name\":\"H\u00e4kkiin totuttaminen\"}]},{\"@type\":\"WebSite\",\"@id\":\"https:\/\/sey.fi\/alahakita\/#website\",\"url\":\"https:\/\/sey.fi\/alahakita\/\",\"name\":\"\u00c4l\u00e4 h\u00e4kit\u00e4\",\"description\":\"Uusi SEY J\u00e4senyhdistykset -sivusto\",\"potentialAction\":[{\"@type\":\"SearchAction\",\"target\":{\"@type\":\"EntryPoint\",\"urlTemplate\":\"https:\/\/sey.fi\/alahakita\/?s={search_term_string}\"},\"query-input\":{\"@type\":\"PropertyValueSpecification\",\"valueRequired\":true,\"valueName\":\"search_term_string\"}}],\"inLanguage\":\"fi\"}]}<\/script>\n<!-- \/ Yoast SEO plugin. -->","yoast_head_json":{"title":"H\u00e4kkiin totuttaminen - \u00c4l\u00e4 h\u00e4kit\u00e4","robots":{"index":"index","follow":"follow","max-snippet":"max-snippet:-1","max-image-preview":"max-image-preview:large","max-video-preview":"max-video-preview:-1"},"canonical":"https:\/\/sey.fi\/alahakita\/hakkiin-totuttaminen\/","og_locale":"fi_FI","og_type":"article","og_title":"H\u00e4kkiin totuttaminen - \u00c4l\u00e4 h\u00e4kit\u00e4","og_description":"Koira kannattaa pennusta saakka opettaa tilavaan kuljetuskoppaan tai avoimena pidett\u00e4v\u00e4\u00e4n h\u00e4kkiin, josta se voi rakentaa turvallisen pes\u00e4n. Sis\u00e4lle tarvitaan pehmusteita ja p\u00e4\u00e4lle vaikkapa maton tuomaan luolan tuntua. T\u00e4rkeint\u00e4 on muistaa, ett\u00e4 oven tulee olla aina auki: sis\u00e4tiloissa koiraa saa pit\u00e4\u00e4 kytkettyn\u00e4 vain tilap\u00e4isesti, lyhytaikaisesti ja hyv\u00e4ksytt\u00e4v\u00e4st\u00e4 syyst\u00e4. Jos avoimesta h\u00e4kist\u00e4 tai kuljetuskopasta halutaan tehd\u00e4 koiran [&hellip;]","og_url":"https:\/\/sey.fi\/alahakita\/hakkiin-totuttaminen\/","og_site_name":"\u00c4l\u00e4 h\u00e4kit\u00e4","article_modified_time":"2020-01-11T08:16:30+00:00","og_image":[{"width":423,"height":317,"url":"https:\/\/sey.fi\/wp-content\/uploads\/sites\/46\/2019\/12\/koiranukkuu.jpg","type":"image\/jpeg"}],"twitter_card":"summary_large_image","twitter_misc":{"Arvioitu lukuaika":"1 minuutti"},"schema":{"@context":"https:\/\/schema.org","@graph":[{"@type":"WebPage","@id":"https:\/\/sey.fi\/alahakita\/hakkiin-totuttaminen\/","url":"https:\/\/sey.fi\/alahakita\/hakkiin-totuttaminen\/","name":"H\u00e4kkiin totuttaminen - \u00c4l\u00e4 h\u00e4kit\u00e4","isPartOf":{"@id":"https:\/\/sey.fi\/alahakita\/#website"},"primaryImageOfPage":{"@id":"https:\/\/sey.fi\/alahakita\/hakkiin-totuttaminen\/#primaryimage"},"image":{"@id":"https:\/\/sey.fi\/alahakita\/hakkiin-totuttaminen\/#primaryimage"},"thumbnailUrl":"https:\/\/sey.fi\/wp-content\/uploads\/sites\/46\/2019\/12\/koiranukkuu.jpg","datePublished":"2019-12-09T08:54:41+00:00","dateModified":"2020-01-11T08:16:30+00:00","breadcrumb":{"@id":"https:\/\/sey.fi\/alahakita\/hakkiin-totuttaminen\/#breadcrumb"},"inLanguage":"fi","potentialAction":[{"@type":"ReadAction","target":["https:\/\/sey.fi\/alahakita\/hakkiin-totuttaminen\/"]}]},{"@type":"ImageObject","inLanguage":"fi","@id":"https:\/\/sey.fi\/alahakita\/hakkiin-totuttaminen\/#primaryimage","url":"https:\/\/sey.fi\/wp-content\/uploads\/sites\/46\/2019\/12\/koiranukkuu.jpg","contentUrl":"https:\/\/sey.fi\/wp-content\/uploads\/sites\/46\/2019\/12\/koiranukkuu.jpg","width":423,"height":317},{"@type":"BreadcrumbList","@id":"https:\/\/sey.fi\/alahakita\/hakkiin-totuttaminen\/#breadcrumb","itemListElement":[{"@type":"ListItem","position":1,"name":"Home","item":"https:\/\/sey.fi\/alahakita\/"},{"@type":"ListItem","position":2,"name":"H\u00e4kkiin totuttaminen"}]},{"@type":"WebSite","@id":"https:\/\/sey.fi\/alahakita\/#website","url":"https:\/\/sey.fi\/alahakita\/","name":"\u00c4l\u00e4 h\u00e4kit\u00e4","description":"Uusi SEY J\u00e4senyhdistykset -sivusto","potentialAction":[{"@type":"SearchAction","target":{"@type":"EntryPoint","urlTemplate":"https:\/\/sey.fi\/alahakita\/?s={search_term_string}"},"query-input":{"@type":"PropertyValueSpecification","valueRequired":true,"valueName":"search_term_string"}}],"inLanguage":"fi"}]}},"_links":{"self":[{"href":"https:\/\/sey.fi\/alahakita\/wp-json\/wp\/v2\/pages\/87","targetHints":{"allow":["GET"]}}],"collection":[{"href":"https:\/\/sey.fi\/alahakita\/wp-json\/wp\/v2\/pages"}],"about":[{"href":"https:\/\/sey.fi\/alahakita\/wp-json\/wp\/v2\/types\/page"}],"author":[{"embeddable":true,"href":"https:\/\/sey.fi\/alahakita\/wp-json\/wp\/v2\/users\/8"}],"replies":[{"embeddable":true,"href":"https:\/\/sey.fi\/alahakita\/wp-json\/wp\/v2\/comments?post=87"}],"version-history":[{"count":1,"href":"https:\/\/sey.fi\/alahakita\/wp-json\/wp\/v2\/pages\/87\/revisions"}],"predecessor-version":[{"id":89,"href":"https:\/\/sey.fi\/alahakita\/wp-json\/wp\/v2\/pages\/87\/revisions\/89"}],"wp:featuredmedia":[{"embeddable":true,"href":"https:\/\/sey.fi\/alahakita\/wp-json\/wp\/v2\/media\/88"}],"wp:attachment":[{"href":"https:\/\/sey.fi\/alahakita\/wp-json\/wp\/v2\/media?parent=87"}],"curies":[{"name":"wp","href":"https:\/\/api.w.org\/{rel}","templated":true}]}}