{"id":58,"date":"2019-10-24T12:32:26","date_gmt":"2019-10-24T09:32:26","guid":{"rendered":"http:\/\/srvr10.xetpoint.com\/~seyfi\/hameenlinna\/?page_id=58"},"modified":"2026-04-10T09:31:46","modified_gmt":"2026-04-10T06:31:46","slug":"tue-toimintaamme","status":"publish","type":"page","link":"https:\/\/sey.fi\/hameenlinna\/tue-toimintaamme\/","title":{"rendered":"Tue toimintaamme"},"content":{"rendered":"\n<p><strong>Kirpputoritoiminta<\/strong>:<\/p>\n\n\n\n<p>H\u00e4meenlinnan seudun el\u00e4insuojeluyhdistyksell\u00e4 on lemmikkitarvikkeiden myyntip\u00f6yt\u00e4 Vaikka &amp; Mit\u00e4 -kirpputorilla Kaurialassa (os. Kaurialankatu 21). Emme toistaiseksi ota vastaan kodintavaraa, vaatteita ja kenki\u00e4.<\/p>\n\n\n\n<p><strong>Tarvike- ja ruokalahjoitukset:<\/strong><\/p>\n\n\n\n<p>Yhdistyksen talolle otamme vastaan puhtaita liinavaatteita, pyyhkeit\u00e4, pieni\u00e4 mattoja (mielell\u00e4\u00e4n vesipest\u00e4vi\u00e4) ja siivousaineita- ja tarvikkeita.<\/p>\n\n\n\n<p>Otamme vastaan my\u00f6s ehj\u00e4t lemmikkitarvikkeet, kuten pannat, taluttimet ja kantokopat sek\u00e4 k\u00e4sikauppal\u00e4\u00e4kkeit\u00e4, el\u00e4inten ruokaa ja kissanhiekkaa. K\u00e4ytettyj\u00e4 kissojenvessoja ja hiekkalapioita emme voi ottaa vastaan emmek\u00e4 ruokas\u00e4kkej\u00e4, joiden avaamisesta on yli 6 kuukautta.<\/p>\n\n\n\n<p>Yhdistyksen talolle Renkoon lahjoituksia voi tuoda sovitusti. Pieni\u00e4 m\u00e4\u00e4ri\u00e4 lahjoitustavararoita voi toimittaa yhdistyksen pysyviin ker\u00e4yspisteisiin (lista alla).<\/p>\n\n\n\n<p>Valitettavasti mahdollisuutemme hakea lahjoituksia yksityisilt\u00e4 henkil\u00f6ilt\u00e4 ovat rajalliset.<\/p>\n\n\n\n<p>Muistathan, ett\u00e4 k\u00e4ytt\u00f6\u00f6n kelpaamattoman tavaran h\u00e4vitt\u00e4misest\u00e4 ja kierr\u00e4tyksest\u00e4 aiheutuu yhdistykselle ylim\u00e4\u00e4r\u00e4ist\u00e4 vaivaa ja kuluja.<\/p>\n\n\n\n<p><strong>Pysyv\u00e4t el\u00e4inten ruoka- ja tarvikeker\u00e4yspisteet:<\/strong><\/p>\n\n\n\n<p>Siinan piha &amp; lemmikki (os. Parolantie 72)<br>Hankkija H\u00e4meenlinna (os. Wartiam\u00e4entie 4<br>Musti &amp; Mirri H\u00e4meenlinna (os. Tiiri\u00f6nsuontie 2)<\/p>\n\n\n\n<ul class=\"wp-block-list\">\n<li><\/li>\n<\/ul>\n\n\n\n<ul class=\"wp-block-list\">\n<li><\/li>\n<\/ul>\n\n\n\n<p><strong>Muut ker\u00e4ykset:<\/strong><\/p>\n\n\n\n<p>Yhdistyksell\u00e4 on useita el\u00e4inten ruoka- ja tarvikeker\u00e4yksi\u00e4 H\u00e4meenlinnan alueen ruokakaupoissa vuosittain. Ilmoitamme n\u00e4ist\u00e4 Facebook-sivuillamme.<\/p>\n\n\n\n<p>Voit tehd\u00e4 lahjoituksen my\u00f6s tilaamalla el\u00e4inten tarvikkeita ja ruokaa suoraan verkkokaupasta. Toimitusosoite: H\u00e4meenlinnan seudun el\u00e4insuojeluyhdistys ry, Raidonp\u00e4\u00e4ntie 457, 14300 Renko.<\/p>\n\n\n\n<p>Ruoka- ja tavaralahjoituksia voidaan jakaa tarvittaessa edelleen yhdistyksen toiminta-alueen v\u00e4h\u00e4varaisille lemmikkiperheille sek\u00e4 muiden el\u00e4insuojeluyhdistysten el\u00e4insuojeluty\u00f6n tukemiseksi.<\/p>\n\n\n\n<p>Muistathan, ett\u00e4 k\u00e4ytt\u00f6\u00f6n kelpaamattoman tavaran h\u00e4vitt\u00e4misest\u00e4 ja kierr\u00e4tyksest\u00e4 aiheutuu yhdistykselle ylim\u00e4\u00e4r\u00e4ist\u00e4 vaivaa ja kuluja.<\/p>\n\n\n\n<p><strong>Rahalahjoitukset:<\/strong><\/p>\n\n\n\n<p>H\u00e4meenlinnan seudun el\u00e4insuojeluyhdistys ry:ll\u00e4 on 25.11.2021 poliisihallituksen my\u00f6nt\u00e4m\u00e4 rahanker\u00e4yslupa no RA\/2021\/1602. Rahalahjoitukset k\u00e4ytet\u00e4\u00e4n lyhent\u00e4m\u00e4tt\u00f6m\u00e4n\u00e4 yhdistyksen hoidossa olevien el\u00e4inten hoitoon. Rahalahjoituksen voit tehd\u00e4 tilisiirrolla tai mobilepaylla.<\/p>\n\n\n\n<p>Tilisiirto:<\/p>\n\n\n\n<p>Saajan nimi: H\u00e4meenlinnan seudun el\u00e4insuojeluyhdistys ry<\/p>\n\n\n\n<p>Tili: FI62 5680 0020 1746 74<\/p>\n\n\n\n<p>Viite: (Ei viitett\u00e4)<\/p>\n\n\n\n<p>Viesti: Lahjoitus<\/p>\n\n\n\n<p>Mobilepayn kautta voit lahjoittaa lyhytnumerolla 68006<\/p>\n\n\n\n<hr class=\"wp-block-separator has-alpha-channel-opacity is-style-dots\" \/>\n\n\n\n<p>Kiitos tuestasi paikalliselle el\u00e4insuojeluty\u00f6lle!<\/p>\n","protected":false},"excerpt":{"rendered":"<p>Kirpputoritoiminta: H\u00e4meenlinnan seudun el\u00e4insuojeluyhdistyksell\u00e4 on lemmikkitarvikkeiden myyntip\u00f6yt\u00e4 Vaikka &amp; Mit\u00e4 -kirpputorilla Kaurialassa (os. Kaurialankatu 21). Emme toistaiseksi ota vastaan kodintavaraa, vaatteita ja kenki\u00e4. Tarvike- ja ruokalahjoitukset: Yhdistyksen talolle otamme vastaan puhtaita liinavaatteita, pyyhkeit\u00e4, pieni\u00e4 mattoja (mielell\u00e4\u00e4n vesipest\u00e4vi\u00e4) ja siivousaineita- ja tarvikkeita. Otamme vastaan my\u00f6s ehj\u00e4t lemmikkitarvikkeet, kuten pannat, taluttimet ja kantokopat sek\u00e4 k\u00e4sikauppal\u00e4\u00e4kkeit\u00e4, el\u00e4inten ruokaa [&hellip;]<\/p>\n","protected":false},"author":8,"featured_media":0,"parent":0,"menu_order":5,"comment_status":"closed","ping_status":"closed","template":"","meta":{"_acf_changed":false,"footnotes":""},"class_list":["post-58","page","type-page","status-publish","hentry"],"acf":[],"yoast_head":"<!-- This site is optimized with the Yoast SEO plugin v27.1.1 - https:\/\/yoast.com\/product\/yoast-seo-wordpress\/ -->\n<title>Tue toimintaamme - H\u00e4meenlinnan seudun el\u00e4insuojeluyhdistys<\/title>\n<meta name=\"robots\" content=\"index, follow, max-snippet:-1, max-image-preview:large, max-video-preview:-1\" \/>\n<link rel=\"canonical\" href=\"https:\/\/sey.fi\/hameenlinna\/tue-toimintaamme\/\" \/>\n<meta property=\"og:locale\" content=\"fi_FI\" \/>\n<meta property=\"og:type\" content=\"article\" \/>\n<meta property=\"og:title\" content=\"Tue toimintaamme - H\u00e4meenlinnan seudun el\u00e4insuojeluyhdistys\" \/>\n<meta property=\"og:description\" content=\"Kirpputoritoiminta: H\u00e4meenlinnan seudun el\u00e4insuojeluyhdistyksell\u00e4 on lemmikkitarvikkeiden myyntip\u00f6yt\u00e4 Vaikka &amp; Mit\u00e4 -kirpputorilla Kaurialassa (os. Kaurialankatu 21). Emme toistaiseksi ota vastaan kodintavaraa, vaatteita ja kenki\u00e4. Tarvike- ja ruokalahjoitukset: Yhdistyksen talolle otamme vastaan puhtaita liinavaatteita, pyyhkeit\u00e4, pieni\u00e4 mattoja (mielell\u00e4\u00e4n vesipest\u00e4vi\u00e4) ja siivousaineita- ja tarvikkeita. Otamme vastaan my\u00f6s ehj\u00e4t lemmikkitarvikkeet, kuten pannat, taluttimet ja kantokopat sek\u00e4 k\u00e4sikauppal\u00e4\u00e4kkeit\u00e4, el\u00e4inten ruokaa [&hellip;]\" \/>\n<meta property=\"og:url\" content=\"https:\/\/sey.fi\/hameenlinna\/tue-toimintaamme\/\" \/>\n<meta property=\"og:site_name\" content=\"H\u00e4meenlinnan seudun el\u00e4insuojeluyhdistys\" \/>\n<meta property=\"article:modified_time\" content=\"2026-04-10T06:31:46+00:00\" \/>\n<meta name=\"twitter:card\" content=\"summary_large_image\" \/>\n<meta name=\"twitter:label1\" content=\"Arvioitu lukuaika\" \/>\n\t<meta name=\"twitter:data1\" content=\"2 minuuttia\" \/>\n<script type=\"application\/ld+json\" class=\"yoast-schema-graph\">{\"@context\":\"https:\/\/schema.org\",\"@graph\":[{\"@type\":\"WebPage\",\"@id\":\"https:\/\/sey.fi\/hameenlinna\/tue-toimintaamme\/\",\"url\":\"https:\/\/sey.fi\/hameenlinna\/tue-toimintaamme\/\",\"name\":\"Tue toimintaamme - H\u00e4meenlinnan seudun el\u00e4insuojeluyhdistys\",\"isPartOf\":{\"@id\":\"https:\/\/sey.fi\/hameenlinna\/#website\"},\"datePublished\":\"2019-10-24T09:32:26+00:00\",\"dateModified\":\"2026-04-10T06:31:46+00:00\",\"breadcrumb\":{\"@id\":\"https:\/\/sey.fi\/hameenlinna\/tue-toimintaamme\/#breadcrumb\"},\"inLanguage\":\"fi\",\"potentialAction\":[{\"@type\":\"ReadAction\",\"target\":[\"https:\/\/sey.fi\/hameenlinna\/tue-toimintaamme\/\"]}]},{\"@type\":\"BreadcrumbList\",\"@id\":\"https:\/\/sey.fi\/hameenlinna\/tue-toimintaamme\/#breadcrumb\",\"itemListElement\":[{\"@type\":\"ListItem\",\"position\":1,\"name\":\"Home\",\"item\":\"https:\/\/sey.fi\/hameenlinna\/\"},{\"@type\":\"ListItem\",\"position\":2,\"name\":\"Tue toimintaamme\"}]},{\"@type\":\"WebSite\",\"@id\":\"https:\/\/sey.fi\/hameenlinna\/#website\",\"url\":\"https:\/\/sey.fi\/hameenlinna\/\",\"name\":\"H\u00e4meenlinnan seudun el\u00e4insuojeluyhdistys\",\"description\":\"Uusi SEY J\u00e4senyhdistykset -sivusto\",\"potentialAction\":[{\"@type\":\"SearchAction\",\"target\":{\"@type\":\"EntryPoint\",\"urlTemplate\":\"https:\/\/sey.fi\/hameenlinna\/?s={search_term_string}\"},\"query-input\":{\"@type\":\"PropertyValueSpecification\",\"valueRequired\":true,\"valueName\":\"search_term_string\"}}],\"inLanguage\":\"fi\"}]}<\/script>\n<!-- \/ Yoast SEO plugin. -->","yoast_head_json":{"title":"Tue toimintaamme - H\u00e4meenlinnan seudun el\u00e4insuojeluyhdistys","robots":{"index":"index","follow":"follow","max-snippet":"max-snippet:-1","max-image-preview":"max-image-preview:large","max-video-preview":"max-video-preview:-1"},"canonical":"https:\/\/sey.fi\/hameenlinna\/tue-toimintaamme\/","og_locale":"fi_FI","og_type":"article","og_title":"Tue toimintaamme - H\u00e4meenlinnan seudun el\u00e4insuojeluyhdistys","og_description":"Kirpputoritoiminta: H\u00e4meenlinnan seudun el\u00e4insuojeluyhdistyksell\u00e4 on lemmikkitarvikkeiden myyntip\u00f6yt\u00e4 Vaikka &amp; Mit\u00e4 -kirpputorilla Kaurialassa (os. Kaurialankatu 21). Emme toistaiseksi ota vastaan kodintavaraa, vaatteita ja kenki\u00e4. Tarvike- ja ruokalahjoitukset: Yhdistyksen talolle otamme vastaan puhtaita liinavaatteita, pyyhkeit\u00e4, pieni\u00e4 mattoja (mielell\u00e4\u00e4n vesipest\u00e4vi\u00e4) ja siivousaineita- ja tarvikkeita. Otamme vastaan my\u00f6s ehj\u00e4t lemmikkitarvikkeet, kuten pannat, taluttimet ja kantokopat sek\u00e4 k\u00e4sikauppal\u00e4\u00e4kkeit\u00e4, el\u00e4inten ruokaa [&hellip;]","og_url":"https:\/\/sey.fi\/hameenlinna\/tue-toimintaamme\/","og_site_name":"H\u00e4meenlinnan seudun el\u00e4insuojeluyhdistys","article_modified_time":"2026-04-10T06:31:46+00:00","twitter_card":"summary_large_image","twitter_misc":{"Arvioitu lukuaika":"2 minuuttia"},"schema":{"@context":"https:\/\/schema.org","@graph":[{"@type":"WebPage","@id":"https:\/\/sey.fi\/hameenlinna\/tue-toimintaamme\/","url":"https:\/\/sey.fi\/hameenlinna\/tue-toimintaamme\/","name":"Tue toimintaamme - H\u00e4meenlinnan seudun el\u00e4insuojeluyhdistys","isPartOf":{"@id":"https:\/\/sey.fi\/hameenlinna\/#website"},"datePublished":"2019-10-24T09:32:26+00:00","dateModified":"2026-04-10T06:31:46+00:00","breadcrumb":{"@id":"https:\/\/sey.fi\/hameenlinna\/tue-toimintaamme\/#breadcrumb"},"inLanguage":"fi","potentialAction":[{"@type":"ReadAction","target":["https:\/\/sey.fi\/hameenlinna\/tue-toimintaamme\/"]}]},{"@type":"BreadcrumbList","@id":"https:\/\/sey.fi\/hameenlinna\/tue-toimintaamme\/#breadcrumb","itemListElement":[{"@type":"ListItem","position":1,"name":"Home","item":"https:\/\/sey.fi\/hameenlinna\/"},{"@type":"ListItem","position":2,"name":"Tue toimintaamme"}]},{"@type":"WebSite","@id":"https:\/\/sey.fi\/hameenlinna\/#website","url":"https:\/\/sey.fi\/hameenlinna\/","name":"H\u00e4meenlinnan seudun el\u00e4insuojeluyhdistys","description":"Uusi SEY J\u00e4senyhdistykset -sivusto","potentialAction":[{"@type":"SearchAction","target":{"@type":"EntryPoint","urlTemplate":"https:\/\/sey.fi\/hameenlinna\/?s={search_term_string}"},"query-input":{"@type":"PropertyValueSpecification","valueRequired":true,"valueName":"search_term_string"}}],"inLanguage":"fi"}]}},"_links":{"self":[{"href":"https:\/\/sey.fi\/hameenlinna\/wp-json\/wp\/v2\/pages\/58","targetHints":{"allow":["GET"]}}],"collection":[{"href":"https:\/\/sey.fi\/hameenlinna\/wp-json\/wp\/v2\/pages"}],"about":[{"href":"https:\/\/sey.fi\/hameenlinna\/wp-json\/wp\/v2\/types\/page"}],"author":[{"embeddable":true,"href":"https:\/\/sey.fi\/hameenlinna\/wp-json\/wp\/v2\/users\/8"}],"replies":[{"embeddable":true,"href":"https:\/\/sey.fi\/hameenlinna\/wp-json\/wp\/v2\/comments?post=58"}],"version-history":[{"count":43,"href":"https:\/\/sey.fi\/hameenlinna\/wp-json\/wp\/v2\/pages\/58\/revisions"}],"predecessor-version":[{"id":919,"href":"https:\/\/sey.fi\/hameenlinna\/wp-json\/wp\/v2\/pages\/58\/revisions\/919"}],"wp:attachment":[{"href":"https:\/\/sey.fi\/hameenlinna\/wp-json\/wp\/v2\/media?parent=58"}],"curies":[{"name":"wp","href":"https:\/\/api.w.org\/{rel}","templated":true}]}}