{"id":588,"date":"2025-05-26T18:18:10","date_gmt":"2025-05-26T15:18:10","guid":{"rendered":"https:\/\/sey.fi\/hameenlinna\/?page_id=588"},"modified":"2025-11-06T12:53:51","modified_gmt":"2025-11-06T10:53:51","slug":"saannot","status":"publish","type":"page","link":"https:\/\/sey.fi\/hameenlinna\/saannot\/","title":{"rendered":"Yhdistyksen s\u00e4\u00e4nn\u00f6t"},"content":{"rendered":"\n<p>1. Yhdistyksen nimi ja kotipaikka<br>Yhdistyksen nimi on H\u00e4meenlinnan Seudun El\u00e4insuojeluyhdistys ry ja sen kotipaikka on H\u00e4meenlinnan kaupunki. Yhdistyksen toimialueeseen kuuluu H\u00e4meenlinnan seutukunta, Hattula ja Janakkala.<\/p>\n\n\n\n<p>2. Tarkoitus ja toiminnan laatu<br>Yhdistyksen tarkoituksena on her\u00e4tt\u00e4\u00e4 my\u00f6t\u00e4tuntoa ja rakkautta el\u00e4imi\u00e4 kohtaan, toimia el\u00e4inten hyv\u00e4ksi ja edist\u00e4\u00e4 el\u00e4insuojelutilanteen my\u00f6nteist\u00e4 kehityst\u00e4 toiminta-alueellaan yhteisymm\u00e4rryksess\u00e4 ja yhteisty\u00f6ss\u00e4 alueen muiden el\u00e4inten hyvinvoinnista huolta pit\u00e4vien toimijoiden kanssa. Tarkoituksensa toteuttamiseksi yhdistys voi j\u00e4rjest\u00e4\u00e4 erilaisia tilaisuuksia ja tapahtumia, tiedottaa, neuvoa ja julkaista alaa koskevia lehti\u00e4 ja kirjoituksia. Toiminnan tukemiseksi yhdistys voi asianomaisella luvalla j\u00e4rjest\u00e4\u00e4 ker\u00e4yksi\u00e4, arpajaisia, juhlia sek\u00e4 ottaa vastaan avustuksia, lahjoituksia ja testamentteja. Yhdistys k\u00e4ytt\u00e4\u00e4 ker\u00e4\u00e4mi\u00e4\u00e4n ja saamiaan varoja s\u00e4\u00e4nn\u00f6iss\u00e4 luetellun toimintansa mukaisesti.<\/p>\n\n\n\n<p>3. J\u00e4senet<br>Yhdistykseen j\u00e4seneksi voi liitty\u00e4 jokainen, joka hyv\u00e4ksyy yhdistyksen tarkoituksen ja s\u00e4\u00e4nn\u00f6t. Yhdistys voi kutsua kunniaj\u00e4senekseen henkil\u00f6n, joka on ansioitunut el\u00e4insuojeluty\u00f6ss\u00e4 tai muutoin on ansainnut yhdistyksen kiitollisuuden. Kunniaj\u00e4senell\u00e4 on puhe- ja \u00e4\u00e4nioikeus yhdistyksen kokouksissa. H\u00e4nelt\u00e4 ei perit\u00e4 j\u00e4senmaksua. Hallitus voi koostaa yhdistyksen j\u00e4senist\u00e4 ja aktiiveista toimikuntia tai eri aihealueiden tiimej\u00e4, jotka hoitavat eri osa-alueita ja ilmoittavat toimistaan hallitukselle.<\/p>\n\n\n\n<p>4. J\u00e4senen eroaminen ja erottaminen<br>J\u00e4senell\u00e4 on oikeus erota yhdistyksest\u00e4 ilmoittamalla siit\u00e4 kirjallisesti hallitukselle tai sen puheenjohtajalle taikka ilmoittamalla erosta yhdistyksen kokouksessa merkitt\u00e4v\u00e4ksi p\u00f6yt\u00e4kirjaan. Yhdistyksen hallitus voi katsoa j\u00e4senen eronneen, jos t\u00e4m\u00e4 on j\u00e4tt\u00e4nyt vuosittaisen j\u00e4senmaksunsa maksamatta kahtena per\u00e4tt\u00e4isen\u00e4 vuotena. Hallitus voi erottaa j\u00e4senen yhdistyksest\u00e4, jos j\u00e4sen on j\u00e4tt\u00e4nyt er\u00e4\u00e4ntyneen j\u00e4senmaksunsa maksamatta tai muuten j\u00e4tt\u00e4nyt t\u00e4ytt\u00e4m\u00e4tt\u00e4 ne velvoitukset, joihin h\u00e4n on yhdistykseen liittym\u00e4ll\u00e4 sitoutunut tai on menettelyll\u00e4\u00e4n yhdistyksess\u00e4 tai sen ulkopuolella huomattavasti vahingoittanut yhdistyst\u00e4 tai ei en\u00e4\u00e4 t\u00e4yt\u00e4 laissa taikka yhdistyksen s\u00e4\u00e4nn\u00f6iss\u00e4 mainittuja j\u00e4senyyden ehtoja.<\/p>\n\n\n\n<p>5. Liittymis- ja j\u00e4senmaksu<br>J\u00e4senilt\u00e4 peritt\u00e4v\u00e4n vuotuisen j\u00e4senmaksun suuruudesta p\u00e4\u00e4tt\u00e4\u00e4 syyskokous.<\/p>\n\n\n\n<p>6. Hallitus<br>Yhdistyksen asioita hoitaa hallitus, johon kuuluu syyskokouksessa valitut puheenjohtaja ja 4\u20136 muuta varsinaista j\u00e4sent\u00e4 sek\u00e4 1\u20133 varaj\u00e4sent\u00e4. Hallituksen toimikausi on kalenterivuosi. Hallitus valitsee keskuudestaan varapuheenjohtajan sek\u00e4 ottaa keskuudestaan tai ulkopuoleltaan sihteerin, rahastonhoitajan ja muut tarvittavat toimihenkil\u00f6t. Hallitus kokoontuu puheenjohtajan tai h\u00e4nen estyneen\u00e4 ollessaan varapuheenjohtajan kutsusta, kun he katsovat siihen olevan aihetta tai kun v\u00e4hint\u00e4\u00e4n puolet hallituksen j\u00e4senist\u00e4 sit\u00e4 vaatii. Hallitus on p\u00e4\u00e4t\u00f6svaltainen, kun v\u00e4hint\u00e4\u00e4n puolet sen j\u00e4senist\u00e4, puheenjohtaja tai varapuheenjohtaja mukaan luettuna on l\u00e4sn\u00e4. \u00c4\u00e4nestykset ratkaistaan yksinkertaisella \u00e4\u00e4nten enemmist\u00f6ll\u00e4. \u00c4\u00e4nten menness\u00e4 tasan ratkaisee puheenjohtajan \u00e4\u00e4ni, vaaleissa kuitenkin arpa.<\/p>\n\n\n\n<p>7. Yhdistyksen nimen kirjoittaminen<br>Yhdistyksen nimen kirjoittaa hallituksen puheenjohtaja, varapuheenjohtaja, sihteeri tai rahastonhoitaja, kaksi yhdess\u00e4.<\/p>\n\n\n\n<p>8. Tilikausi ja tilintarkastus<br>Yhdistyksen tilikausi on kalenterivuosi. Tilinp\u00e4\u00e4t\u00f6s tarvittavine asiakirjoineen ja hallituksen vuosikertomus on annettava toiminnantarkastajalle viimeist\u00e4\u00e4n kahta viikkoa ennen kev\u00e4tkokousta. Toiminnantarkastajan tulee antaa kirjallinen lausuntonsa viimeist\u00e4\u00e4n yht\u00e4 viikkoa ennen kev\u00e4tkokousta hallitukselle.<\/p>\n\n\n\n<p>9. Yhdistyksen kokoukset<br>Yhdistys pit\u00e4\u00e4 vuosittain kaksi varsinaista kokousta. Yhdistyksen kokoukseen voidaan osallistua hallituksen tai yhdistyksen kokouksen niin p\u00e4\u00e4tt\u00e4ess\u00e4 my\u00f6s tietoliikenneyhteyden tai muun teknisen apuv\u00e4lineen avulla kokouksen aikana tai ennen kokousta. Jos yhdistyksen j\u00e4sen haluaa osallistua kokoukseen et\u00e4n\u00e4, tulee hallitukselle ilmoittaa siit\u00e4 v\u00e4hint\u00e4\u00e4n 3 p\u00e4iv\u00e4\u00e4 ennen kokousta. Yhdistyksen kev\u00e4tkokous pidet\u00e4\u00e4n helmi-kes\u00e4kuussa ja syyskokous marras-joulukuussa hallituksen m\u00e4\u00e4r\u00e4\u00e4m\u00e4n\u00e4 p\u00e4iv\u00e4n\u00e4. Ylim\u00e4\u00e4r\u00e4inen kokous pidet\u00e4\u00e4n, kun yhdistyksen kokous niin p\u00e4\u00e4tt\u00e4\u00e4 tai kun hallitus katsoo siihen olevan aihetta tai kun v\u00e4hint\u00e4\u00e4n kymmenesosa (1\/10) yhdistyksen \u00e4\u00e4nioikeutetuista j\u00e4senist\u00e4 sit\u00e4 hallitukselta erityisesti ilmoitettua asiaa varten kirjallisesti vaatii. Kokous on pidett\u00e4v\u00e4 kolmenkymmenen vuorokauden kuluessa siit\u00e4, kun vaatimus sen pit\u00e4misest\u00e4 on esitetty hallitukselle. Yhdistyksen kokouksissa on \u00e4\u00e4nioikeutettu ja vaalikelpoinen jokainen yhdistyksen j\u00e4senrekisteriin merkitty ja hallituksen hyv\u00e4ksym\u00e4, v\u00e4hint\u00e4\u00e4n 15-vuotias j\u00e4sen. Yhdistyksen kokouksen p\u00e4\u00e4t\u00f6kseksi tulee se mielipide, jota on kannattanut yli puolet annetuista \u00e4\u00e4nist\u00e4. \u00c4\u00e4nten menness\u00e4 tasan ratkaisee kokouksen puheenjohtajan \u00e4\u00e4ni, vaaleissa kuitenkin arpa. Jos t\u00e4ysivaltainen yhdistyksen j\u00e4sen on estynyt osallistumasta kokoukseen h\u00e4n voi k\u00e4ytt\u00e4\u00e4 \u00e4\u00e4nioikeuttaan valtuuttamansa asiamiehen v\u00e4lityksell\u00e4. Asiamies voi edustaa korkeintaan yht\u00e4 j\u00e4sent\u00e4.<\/p>\n\n\n\n<p>10. Yhdistyksen j\u00e4senkokousten koollekutsuminen<br>Hallituksen on kutsuttava yhdistyksen j\u00e4senkokoukset koolle v\u00e4hint\u00e4\u00e4n seitsem\u00e4n vuorokautta ennen kokousta j\u00e4senille postitetuilla kirjeill\u00e4 tai lehti-ilmoituksella tai sosiaalisessa mediassa tai s\u00e4hk\u00f6postilla.<\/p>\n\n\n\n<p>11. Varsinaiset kokoukset<br>Yhdistyksen kev\u00e4tkokouksessa k\u00e4sitell\u00e4\u00e4n seuraavat asiat:<\/p>\n\n\n\n<p class=\"has-small-font-size\">kokouksen avaus<\/p>\n\n\n\n<p class=\"has-small-font-size\">valitaan kokouksen puheenjohtaja, sihteeri, kaksi p\u00f6yt\u00e4kirjantarkastajaa ja tarvittaessa kaksi \u00e4\u00e4ntenlaskijaa<\/p>\n\n\n\n<p class=\"has-small-font-size\">todetaan kokouksen laillisuus ja p\u00e4\u00e4t\u00f6svaltaisuus<\/p>\n\n\n\n<p class=\"has-small-font-size\">hyv\u00e4ksyt\u00e4\u00e4n kokouksen ty\u00f6j\u00e4rjestys<\/p>\n\n\n\n<p class=\"has-small-font-size\">esitet\u00e4\u00e4n tilinp\u00e4\u00e4t\u00f6s, toimintakertomus ja toiminnantarkastajan lausunto<\/p>\n\n\n\n<p class=\"has-small-font-size\">p\u00e4\u00e4tet\u00e4\u00e4n tilinp\u00e4\u00e4t\u00f6ksen vahvistamisesta ja vastuuvapauden my\u00f6nt\u00e4misest\u00e4 hallitukselle ja muille vastuuvelvollisille<\/p>\n\n\n\n<p class=\"has-small-font-size\">k\u00e4sitell\u00e4\u00e4n muut kokouskutsussa mainitut asiat<\/p>\n\n\n\n<p><br>Yhdistyksen syyskokouksessa k\u00e4sitell\u00e4\u00e4n seuraavat asiat:<\/p>\n\n\n\n<p class=\"has-small-font-size\">kokouksen avaus<\/p>\n\n\n\n<p class=\"has-small-font-size\">valitaan kokouksen puheenjohtaja, sihteeri, kaksi p\u00f6yt\u00e4kirjantarkastajaa ja tarvittaessa kaksi \u00e4\u00e4ntenlaskijaa<\/p>\n\n\n\n<p class=\"has-small-font-size\">todetaan kokouksen laillisuus ja p\u00e4\u00e4t\u00f6svaltaisuus<\/p>\n\n\n\n<p class=\"has-small-font-size\">hyv\u00e4ksyt\u00e4\u00e4n kokouksen ty\u00f6j\u00e4rjestys<\/p>\n\n\n\n<p class=\"has-small-font-size\">vahvistetaan toimintasuunnitelma, tulo- ja menoarvio sek\u00e4 j\u00e4senmaksun suuruus seuraavalle kalenterivuodelle<\/p>\n\n\n\n<p class=\"has-small-font-size\">valitaan hallituksen puheenjohtaja ja muut j\u00e4senet<\/p>\n\n\n\n<p class=\"has-small-font-size\">valitaan yksi toiminnantarkastaja ja h\u00e4nelle varatoiminnantarkastaja<\/p>\n\n\n\n<p class=\"has-small-font-size\">k\u00e4sitell\u00e4\u00e4n muut kokouskutsussa mainitut asiat<\/p>\n\n\n\n<p>Mik\u00e4li yhdistyksen j\u00e4sen haluaa saada jonkin asian yhdistyksen kev\u00e4t- tai syyskokouksen k\u00e4sitelt\u00e4v\u00e4ksi, on h\u00e4nen ilmoitettava siit\u00e4 kirjallisesti hallitukselle niin hyviss\u00e4 ajoin, ett\u00e4 asia voidaan sis\u00e4llytt\u00e4\u00e4 kokouskutsuun.<\/p>\n\n\n\n<p>13. S\u00e4\u00e4nt\u00f6jen muuttaminen ja yhdistyksen purkaminen<br>P\u00e4\u00e4t\u00f6s s\u00e4\u00e4nt\u00f6jen muuttamisesta ja yhdistyksen purkamisesta on teht\u00e4v\u00e4 yhdistyksen kokouksessa v\u00e4hint\u00e4\u00e4n kolmen nelj\u00e4sosan (3\/4) enemmist\u00f6ll\u00e4 annetuista \u00e4\u00e4nist\u00e4. Kokouskutsussa on mainittava s\u00e4\u00e4nt\u00f6jen muuttamisesta tai yhdistyksen purkamisesta. Yhdistyksen purkautuessa k\u00e4ytet\u00e4\u00e4n yhdistyksen varat yhdistyksen tarkoituksen edist\u00e4miseen purkamisesta p\u00e4\u00e4tt\u00e4v\u00e4n kokouksen m\u00e4\u00e4r\u00e4\u00e4m\u00e4ll\u00e4 tavalla. Yhdistyksen tullessa lakkautetuksi k\u00e4ytet\u00e4\u00e4n sen varat samaan tarkoitukseen.<\/p>\n","protected":false},"excerpt":{"rendered":"<p>1. Yhdistyksen nimi ja kotipaikkaYhdistyksen nimi on H\u00e4meenlinnan Seudun El\u00e4insuojeluyhdistys ry ja sen kotipaikka on H\u00e4meenlinnan kaupunki. Yhdistyksen toimialueeseen kuuluu H\u00e4meenlinnan seutukunta, Hattula ja Janakkala. 2. Tarkoitus ja toiminnan laatuYhdistyksen tarkoituksena on her\u00e4tt\u00e4\u00e4 my\u00f6t\u00e4tuntoa ja rakkautta el\u00e4imi\u00e4 kohtaan, toimia el\u00e4inten hyv\u00e4ksi ja edist\u00e4\u00e4 el\u00e4insuojelutilanteen my\u00f6nteist\u00e4 kehityst\u00e4 toiminta-alueellaan yhteisymm\u00e4rryksess\u00e4 ja yhteisty\u00f6ss\u00e4 alueen muiden el\u00e4inten hyvinvoinnista huolta [&hellip;]<\/p>\n","protected":false},"author":12,"featured_media":0,"parent":0,"menu_order":0,"comment_status":"closed","ping_status":"closed","template":"","meta":{"_acf_changed":false,"footnotes":""},"class_list":["post-588","page","type-page","status-publish","hentry"],"acf":[],"yoast_head":"<!-- This site is optimized with the Yoast SEO plugin v27.1.1 - https:\/\/yoast.com\/product\/yoast-seo-wordpress\/ -->\n<title>Yhdistyksen s\u00e4\u00e4nn\u00f6t - H\u00e4meenlinnan seudun el\u00e4insuojeluyhdistys<\/title>\n<meta name=\"robots\" content=\"index, follow, max-snippet:-1, max-image-preview:large, max-video-preview:-1\" \/>\n<link rel=\"canonical\" href=\"https:\/\/sey.fi\/hameenlinna\/saannot\/\" \/>\n<meta property=\"og:locale\" content=\"fi_FI\" \/>\n<meta property=\"og:type\" content=\"article\" \/>\n<meta property=\"og:title\" content=\"Yhdistyksen s\u00e4\u00e4nn\u00f6t - H\u00e4meenlinnan seudun el\u00e4insuojeluyhdistys\" \/>\n<meta property=\"og:description\" content=\"1. Yhdistyksen nimi ja kotipaikkaYhdistyksen nimi on H\u00e4meenlinnan Seudun El\u00e4insuojeluyhdistys ry ja sen kotipaikka on H\u00e4meenlinnan kaupunki. Yhdistyksen toimialueeseen kuuluu H\u00e4meenlinnan seutukunta, Hattula ja Janakkala. 2. Tarkoitus ja toiminnan laatuYhdistyksen tarkoituksena on her\u00e4tt\u00e4\u00e4 my\u00f6t\u00e4tuntoa ja rakkautta el\u00e4imi\u00e4 kohtaan, toimia el\u00e4inten hyv\u00e4ksi ja edist\u00e4\u00e4 el\u00e4insuojelutilanteen my\u00f6nteist\u00e4 kehityst\u00e4 toiminta-alueellaan yhteisymm\u00e4rryksess\u00e4 ja yhteisty\u00f6ss\u00e4 alueen muiden el\u00e4inten hyvinvoinnista huolta [&hellip;]\" \/>\n<meta property=\"og:url\" content=\"https:\/\/sey.fi\/hameenlinna\/saannot\/\" \/>\n<meta property=\"og:site_name\" content=\"H\u00e4meenlinnan seudun el\u00e4insuojeluyhdistys\" \/>\n<meta property=\"article:modified_time\" content=\"2025-11-06T10:53:51+00:00\" \/>\n<meta name=\"twitter:card\" content=\"summary_large_image\" \/>\n<meta name=\"twitter:label1\" content=\"Arvioitu lukuaika\" \/>\n\t<meta name=\"twitter:data1\" content=\"5 minuuttia\" \/>\n<script type=\"application\/ld+json\" class=\"yoast-schema-graph\">{\"@context\":\"https:\/\/schema.org\",\"@graph\":[{\"@type\":\"WebPage\",\"@id\":\"https:\/\/sey.fi\/hameenlinna\/saannot\/\",\"url\":\"https:\/\/sey.fi\/hameenlinna\/saannot\/\",\"name\":\"Yhdistyksen s\u00e4\u00e4nn\u00f6t - H\u00e4meenlinnan seudun el\u00e4insuojeluyhdistys\",\"isPartOf\":{\"@id\":\"https:\/\/sey.fi\/hameenlinna\/#website\"},\"datePublished\":\"2025-05-26T15:18:10+00:00\",\"dateModified\":\"2025-11-06T10:53:51+00:00\",\"breadcrumb\":{\"@id\":\"https:\/\/sey.fi\/hameenlinna\/saannot\/#breadcrumb\"},\"inLanguage\":\"fi\",\"potentialAction\":[{\"@type\":\"ReadAction\",\"target\":[\"https:\/\/sey.fi\/hameenlinna\/saannot\/\"]}]},{\"@type\":\"BreadcrumbList\",\"@id\":\"https:\/\/sey.fi\/hameenlinna\/saannot\/#breadcrumb\",\"itemListElement\":[{\"@type\":\"ListItem\",\"position\":1,\"name\":\"Home\",\"item\":\"https:\/\/sey.fi\/hameenlinna\/\"},{\"@type\":\"ListItem\",\"position\":2,\"name\":\"Yhdistyksen s\u00e4\u00e4nn\u00f6t\"}]},{\"@type\":\"WebSite\",\"@id\":\"https:\/\/sey.fi\/hameenlinna\/#website\",\"url\":\"https:\/\/sey.fi\/hameenlinna\/\",\"name\":\"H\u00e4meenlinnan seudun el\u00e4insuojeluyhdistys\",\"description\":\"Uusi SEY J\u00e4senyhdistykset -sivusto\",\"potentialAction\":[{\"@type\":\"SearchAction\",\"target\":{\"@type\":\"EntryPoint\",\"urlTemplate\":\"https:\/\/sey.fi\/hameenlinna\/?s={search_term_string}\"},\"query-input\":{\"@type\":\"PropertyValueSpecification\",\"valueRequired\":true,\"valueName\":\"search_term_string\"}}],\"inLanguage\":\"fi\"}]}<\/script>\n<!-- \/ Yoast SEO plugin. -->","yoast_head_json":{"title":"Yhdistyksen s\u00e4\u00e4nn\u00f6t - H\u00e4meenlinnan seudun el\u00e4insuojeluyhdistys","robots":{"index":"index","follow":"follow","max-snippet":"max-snippet:-1","max-image-preview":"max-image-preview:large","max-video-preview":"max-video-preview:-1"},"canonical":"https:\/\/sey.fi\/hameenlinna\/saannot\/","og_locale":"fi_FI","og_type":"article","og_title":"Yhdistyksen s\u00e4\u00e4nn\u00f6t - H\u00e4meenlinnan seudun el\u00e4insuojeluyhdistys","og_description":"1. Yhdistyksen nimi ja kotipaikkaYhdistyksen nimi on H\u00e4meenlinnan Seudun El\u00e4insuojeluyhdistys ry ja sen kotipaikka on H\u00e4meenlinnan kaupunki. Yhdistyksen toimialueeseen kuuluu H\u00e4meenlinnan seutukunta, Hattula ja Janakkala. 2. Tarkoitus ja toiminnan laatuYhdistyksen tarkoituksena on her\u00e4tt\u00e4\u00e4 my\u00f6t\u00e4tuntoa ja rakkautta el\u00e4imi\u00e4 kohtaan, toimia el\u00e4inten hyv\u00e4ksi ja edist\u00e4\u00e4 el\u00e4insuojelutilanteen my\u00f6nteist\u00e4 kehityst\u00e4 toiminta-alueellaan yhteisymm\u00e4rryksess\u00e4 ja yhteisty\u00f6ss\u00e4 alueen muiden el\u00e4inten hyvinvoinnista huolta [&hellip;]","og_url":"https:\/\/sey.fi\/hameenlinna\/saannot\/","og_site_name":"H\u00e4meenlinnan seudun el\u00e4insuojeluyhdistys","article_modified_time":"2025-11-06T10:53:51+00:00","twitter_card":"summary_large_image","twitter_misc":{"Arvioitu lukuaika":"5 minuuttia"},"schema":{"@context":"https:\/\/schema.org","@graph":[{"@type":"WebPage","@id":"https:\/\/sey.fi\/hameenlinna\/saannot\/","url":"https:\/\/sey.fi\/hameenlinna\/saannot\/","name":"Yhdistyksen s\u00e4\u00e4nn\u00f6t - H\u00e4meenlinnan seudun el\u00e4insuojeluyhdistys","isPartOf":{"@id":"https:\/\/sey.fi\/hameenlinna\/#website"},"datePublished":"2025-05-26T15:18:10+00:00","dateModified":"2025-11-06T10:53:51+00:00","breadcrumb":{"@id":"https:\/\/sey.fi\/hameenlinna\/saannot\/#breadcrumb"},"inLanguage":"fi","potentialAction":[{"@type":"ReadAction","target":["https:\/\/sey.fi\/hameenlinna\/saannot\/"]}]},{"@type":"BreadcrumbList","@id":"https:\/\/sey.fi\/hameenlinna\/saannot\/#breadcrumb","itemListElement":[{"@type":"ListItem","position":1,"name":"Home","item":"https:\/\/sey.fi\/hameenlinna\/"},{"@type":"ListItem","position":2,"name":"Yhdistyksen s\u00e4\u00e4nn\u00f6t"}]},{"@type":"WebSite","@id":"https:\/\/sey.fi\/hameenlinna\/#website","url":"https:\/\/sey.fi\/hameenlinna\/","name":"H\u00e4meenlinnan seudun el\u00e4insuojeluyhdistys","description":"Uusi SEY J\u00e4senyhdistykset -sivusto","potentialAction":[{"@type":"SearchAction","target":{"@type":"EntryPoint","urlTemplate":"https:\/\/sey.fi\/hameenlinna\/?s={search_term_string}"},"query-input":{"@type":"PropertyValueSpecification","valueRequired":true,"valueName":"search_term_string"}}],"inLanguage":"fi"}]}},"_links":{"self":[{"href":"https:\/\/sey.fi\/hameenlinna\/wp-json\/wp\/v2\/pages\/588","targetHints":{"allow":["GET"]}}],"collection":[{"href":"https:\/\/sey.fi\/hameenlinna\/wp-json\/wp\/v2\/pages"}],"about":[{"href":"https:\/\/sey.fi\/hameenlinna\/wp-json\/wp\/v2\/types\/page"}],"author":[{"embeddable":true,"href":"https:\/\/sey.fi\/hameenlinna\/wp-json\/wp\/v2\/users\/12"}],"replies":[{"embeddable":true,"href":"https:\/\/sey.fi\/hameenlinna\/wp-json\/wp\/v2\/comments?post=588"}],"version-history":[{"count":13,"href":"https:\/\/sey.fi\/hameenlinna\/wp-json\/wp\/v2\/pages\/588\/revisions"}],"predecessor-version":[{"id":641,"href":"https:\/\/sey.fi\/hameenlinna\/wp-json\/wp\/v2\/pages\/588\/revisions\/641"}],"wp:attachment":[{"href":"https:\/\/sey.fi\/hameenlinna\/wp-json\/wp\/v2\/media?parent=588"}],"curies":[{"name":"wp","href":"https:\/\/api.w.org\/{rel}","templated":true}]}}