{"id":121,"date":"2019-10-23T14:40:54","date_gmt":"2019-10-23T11:40:54","guid":{"rendered":"http:\/\/srvr10.xetpoint.com\/~seyfi\/hartola\/?page_id=121"},"modified":"2026-04-16T20:23:43","modified_gmt":"2026-04-16T17:23:43","slug":"elaintalo","status":"publish","type":"page","link":"https:\/\/sey.fi\/hartola\/hartolan-seudun-elainsuojeluyhdistys\/elaintalo\/","title":{"rendered":"El\u00e4intalo"},"content":{"rendered":"\n<figure class=\"wp-block-image is-resized\"><img decoding=\"async\" src=\"https:\/\/sey.fi\/wp-content\/uploads\/sites\/11\/2019\/10\/hsesyn_talo.jpg\" alt=\"\" class=\"wp-image-122\" style=\"width:762px;height:506px\" \/><\/figure>\n\n\n\n<p><strong>Hartolan seudun el\u00e4insuojeluyhdistyksen El\u00e4intalo sijaitsee Pertunmaan Lihavanp\u00e4\u00e4ss\u00e4, vanhassa kauppakiinteist\u00f6ss\u00e4.<\/strong><\/p>\n\n\n\n<p>Osoitteemme on&nbsp;<br>Toivolantie 310<br>19470 Lihavanp\u00e4\u00e4<\/p>\n\n\n\n<p>Puhelin&nbsp;045 883 8852<\/p>\n\n\n\n<p>Avoinna sopimuksen mukaan. Soitathan ennen tuloasi.<\/p>\n\n\n\n<p><\/p>\n\n\n\n<figure class=\"wp-block-image\"><img loading=\"lazy\" decoding=\"async\" width=\"360\" height=\"541\" src=\"https:\/\/sey.fi\/wp-content\/uploads\/sites\/11\/2019\/10\/ulkotarhan_rauhaa.jpg\" alt=\"\" class=\"wp-image-123\" \/><figcaption class=\"wp-element-caption\"> Kissat nauttimassa kev\u00e4\u00e4n ensimm\u00e4isist\u00e4 l\u00e4mpimist\u00e4 p\u00e4ivist\u00e4. <\/figcaption><\/figure>\n\n\n\n<figure class=\"wp-block-image\"><img loading=\"lazy\" decoding=\"async\" width=\"423\" height=\"564\" src=\"https:\/\/sey.fi\/wp-content\/uploads\/sites\/11\/2019\/10\/kissatarha230711.jpg\" alt=\"\" class=\"wp-image-124\" \/><figcaption class=\"wp-element-caption\"> Ulkotarhassa kissat tottuvat koiriin ja saavat nauttia ulkoilusta turvallisesti. Yll\u00e4 olevassa kuvassa vasemmalta: kissat Vili, Jasper, Topi ja Roope (nyt jo uusissa kodeissa). Koirat eiv\u00e4t ole kotia etsivi\u00e4. <\/figcaption><\/figure>\n\n\n\n<figure class=\"wp-block-image is-resized\"><img loading=\"lazy\" decoding=\"async\" width=\"423\" height=\"317\" src=\"https:\/\/sey.fi\/wp-content\/uploads\/sites\/11\/2019\/10\/img_4671.jpg\" alt=\"\" class=\"wp-image-125\" style=\"width:504px;height:378px\" \/><figcaption class=\"wp-element-caption\"> Kissojen aamupala talolla. Kuvassa vasemmalta l\u00e4htien Satu, Lulu ja Roope. Takana on kilpikonnav\u00e4ritykselt\u00e4\u00e4n Camilla sek\u00e4 mustia pentuja kiipeilypuun luona. Kuva vuosien takaa, joten siin\u00e4 n\u00e4kyv\u00e4t kissat ovat jo l\u00f6yt\u00e4neet uudet kodit. <\/figcaption><\/figure>\n","protected":false},"excerpt":{"rendered":"<p>Hartolan seudun el\u00e4insuojeluyhdistyksen El\u00e4intalo sijaitsee Pertunmaan Lihavanp\u00e4\u00e4ss\u00e4, vanhassa kauppakiinteist\u00f6ss\u00e4. Osoitteemme on&nbsp;Toivolantie 31019470 Lihavanp\u00e4\u00e4 Puhelin&nbsp;045 883 8852 Avoinna sopimuksen mukaan. Soitathan ennen tuloasi.<\/p>\n","protected":false},"author":8,"featured_media":0,"parent":2,"menu_order":0,"comment_status":"closed","ping_status":"closed","template":"","meta":{"_acf_changed":false,"footnotes":""},"class_list":["post-121","page","type-page","status-publish","hentry"],"acf":[],"yoast_head":"<!-- This site is optimized with the Yoast SEO plugin v27.1.1 - https:\/\/yoast.com\/product\/yoast-seo-wordpress\/ -->\n<title>El\u00e4intalo - Hartolan seudun el\u00e4insuojeluyhdistys<\/title>\n<meta name=\"robots\" content=\"index, follow, max-snippet:-1, max-image-preview:large, max-video-preview:-1\" \/>\n<link rel=\"canonical\" href=\"https:\/\/sey.fi\/hartola\/hartolan-seudun-elainsuojeluyhdistys\/elaintalo\/\" \/>\n<meta property=\"og:locale\" content=\"fi_FI\" \/>\n<meta property=\"og:type\" content=\"article\" \/>\n<meta property=\"og:title\" content=\"El\u00e4intalo - Hartolan seudun el\u00e4insuojeluyhdistys\" \/>\n<meta property=\"og:description\" content=\"Hartolan seudun el\u00e4insuojeluyhdistyksen El\u00e4intalo sijaitsee Pertunmaan Lihavanp\u00e4\u00e4ss\u00e4, vanhassa kauppakiinteist\u00f6ss\u00e4. Osoitteemme on&nbsp;Toivolantie 31019470 Lihavanp\u00e4\u00e4 Puhelin&nbsp;045 883 8852 Avoinna sopimuksen mukaan. Soitathan ennen tuloasi.\" \/>\n<meta property=\"og:url\" content=\"https:\/\/sey.fi\/hartola\/hartolan-seudun-elainsuojeluyhdistys\/elaintalo\/\" \/>\n<meta property=\"og:site_name\" content=\"Hartolan seudun el\u00e4insuojeluyhdistys\" \/>\n<meta property=\"article:modified_time\" content=\"2026-04-16T17:23:43+00:00\" \/>\n<meta property=\"og:image\" content=\"https:\/\/sey.fi\/wp-content\/uploads\/sites\/11\/2019\/10\/hsesyn_talo-e1645720991286.jpg\" \/>\n\t<meta property=\"og:image:width\" content=\"758\" \/>\n\t<meta property=\"og:image:height\" content=\"425\" \/>\n\t<meta property=\"og:image:type\" content=\"image\/jpeg\" \/>\n<meta name=\"twitter:card\" content=\"summary_large_image\" \/>\n<meta name=\"twitter:label1\" content=\"Arvioitu lukuaika\" \/>\n\t<meta name=\"twitter:data1\" content=\"2 minuuttia\" \/>\n<script type=\"application\/ld+json\" class=\"yoast-schema-graph\">{\"@context\":\"https:\/\/schema.org\",\"@graph\":[{\"@type\":\"WebPage\",\"@id\":\"https:\/\/sey.fi\/hartola\/hartolan-seudun-elainsuojeluyhdistys\/elaintalo\/\",\"url\":\"https:\/\/sey.fi\/hartola\/hartolan-seudun-elainsuojeluyhdistys\/elaintalo\/\",\"name\":\"El\u00e4intalo - Hartolan seudun el\u00e4insuojeluyhdistys\",\"isPartOf\":{\"@id\":\"https:\/\/sey.fi\/hartola\/#website\"},\"primaryImageOfPage\":{\"@id\":\"https:\/\/sey.fi\/hartola\/hartolan-seudun-elainsuojeluyhdistys\/elaintalo\/#primaryimage\"},\"image\":{\"@id\":\"https:\/\/sey.fi\/hartola\/hartolan-seudun-elainsuojeluyhdistys\/elaintalo\/#primaryimage\"},\"thumbnailUrl\":\"https:\/\/sey.fi\/wp-content\/uploads\/sites\/11\/2019\/10\/hsesyn_talo.jpg\",\"datePublished\":\"2019-10-23T11:40:54+00:00\",\"dateModified\":\"2026-04-16T17:23:43+00:00\",\"breadcrumb\":{\"@id\":\"https:\/\/sey.fi\/hartola\/hartolan-seudun-elainsuojeluyhdistys\/elaintalo\/#breadcrumb\"},\"inLanguage\":\"fi\",\"potentialAction\":[{\"@type\":\"ReadAction\",\"target\":[\"https:\/\/sey.fi\/hartola\/hartolan-seudun-elainsuojeluyhdistys\/elaintalo\/\"]}]},{\"@type\":\"ImageObject\",\"inLanguage\":\"fi\",\"@id\":\"https:\/\/sey.fi\/hartola\/hartolan-seudun-elainsuojeluyhdistys\/elaintalo\/#primaryimage\",\"url\":\"https:\/\/sey.fi\/wp-content\/uploads\/sites\/11\/2019\/10\/hsesyn_talo.jpg\",\"contentUrl\":\"https:\/\/sey.fi\/wp-content\/uploads\/sites\/11\/2019\/10\/hsesyn_talo.jpg\"},{\"@type\":\"BreadcrumbList\",\"@id\":\"https:\/\/sey.fi\/hartola\/hartolan-seudun-elainsuojeluyhdistys\/elaintalo\/#breadcrumb\",\"itemListElement\":[{\"@type\":\"ListItem\",\"position\":1,\"name\":\"Home\",\"item\":\"https:\/\/sey.fi\/hartola\/\"},{\"@type\":\"ListItem\",\"position\":2,\"name\":\"Hartolan seudun el\u00e4insuojeluyhdistys\",\"item\":\"https:\/\/sey.fi\/hartola\/\"},{\"@type\":\"ListItem\",\"position\":3,\"name\":\"El\u00e4intalo\"}]},{\"@type\":\"WebSite\",\"@id\":\"https:\/\/sey.fi\/hartola\/#website\",\"url\":\"https:\/\/sey.fi\/hartola\/\",\"name\":\"Hartolan seudun el\u00e4insuojeluyhdistys\",\"description\":\"Uusi SEY J\u00e4senyhdistykset -sivusto\",\"potentialAction\":[{\"@type\":\"SearchAction\",\"target\":{\"@type\":\"EntryPoint\",\"urlTemplate\":\"https:\/\/sey.fi\/hartola\/?s={search_term_string}\"},\"query-input\":{\"@type\":\"PropertyValueSpecification\",\"valueRequired\":true,\"valueName\":\"search_term_string\"}}],\"inLanguage\":\"fi\"}]}<\/script>\n<!-- \/ Yoast SEO plugin. -->","yoast_head_json":{"title":"El\u00e4intalo - Hartolan seudun el\u00e4insuojeluyhdistys","robots":{"index":"index","follow":"follow","max-snippet":"max-snippet:-1","max-image-preview":"max-image-preview:large","max-video-preview":"max-video-preview:-1"},"canonical":"https:\/\/sey.fi\/hartola\/hartolan-seudun-elainsuojeluyhdistys\/elaintalo\/","og_locale":"fi_FI","og_type":"article","og_title":"El\u00e4intalo - Hartolan seudun el\u00e4insuojeluyhdistys","og_description":"Hartolan seudun el\u00e4insuojeluyhdistyksen El\u00e4intalo sijaitsee Pertunmaan Lihavanp\u00e4\u00e4ss\u00e4, vanhassa kauppakiinteist\u00f6ss\u00e4. Osoitteemme on&nbsp;Toivolantie 31019470 Lihavanp\u00e4\u00e4 Puhelin&nbsp;045 883 8852 Avoinna sopimuksen mukaan. Soitathan ennen tuloasi.","og_url":"https:\/\/sey.fi\/hartola\/hartolan-seudun-elainsuojeluyhdistys\/elaintalo\/","og_site_name":"Hartolan seudun el\u00e4insuojeluyhdistys","article_modified_time":"2026-04-16T17:23:43+00:00","og_image":[{"width":758,"height":425,"url":"https:\/\/sey.fi\/wp-content\/uploads\/sites\/11\/2019\/10\/hsesyn_talo-e1645720991286.jpg","type":"image\/jpeg"}],"twitter_card":"summary_large_image","twitter_misc":{"Arvioitu lukuaika":"2 minuuttia"},"schema":{"@context":"https:\/\/schema.org","@graph":[{"@type":"WebPage","@id":"https:\/\/sey.fi\/hartola\/hartolan-seudun-elainsuojeluyhdistys\/elaintalo\/","url":"https:\/\/sey.fi\/hartola\/hartolan-seudun-elainsuojeluyhdistys\/elaintalo\/","name":"El\u00e4intalo - Hartolan seudun el\u00e4insuojeluyhdistys","isPartOf":{"@id":"https:\/\/sey.fi\/hartola\/#website"},"primaryImageOfPage":{"@id":"https:\/\/sey.fi\/hartola\/hartolan-seudun-elainsuojeluyhdistys\/elaintalo\/#primaryimage"},"image":{"@id":"https:\/\/sey.fi\/hartola\/hartolan-seudun-elainsuojeluyhdistys\/elaintalo\/#primaryimage"},"thumbnailUrl":"https:\/\/sey.fi\/wp-content\/uploads\/sites\/11\/2019\/10\/hsesyn_talo.jpg","datePublished":"2019-10-23T11:40:54+00:00","dateModified":"2026-04-16T17:23:43+00:00","breadcrumb":{"@id":"https:\/\/sey.fi\/hartola\/hartolan-seudun-elainsuojeluyhdistys\/elaintalo\/#breadcrumb"},"inLanguage":"fi","potentialAction":[{"@type":"ReadAction","target":["https:\/\/sey.fi\/hartola\/hartolan-seudun-elainsuojeluyhdistys\/elaintalo\/"]}]},{"@type":"ImageObject","inLanguage":"fi","@id":"https:\/\/sey.fi\/hartola\/hartolan-seudun-elainsuojeluyhdistys\/elaintalo\/#primaryimage","url":"https:\/\/sey.fi\/wp-content\/uploads\/sites\/11\/2019\/10\/hsesyn_talo.jpg","contentUrl":"https:\/\/sey.fi\/wp-content\/uploads\/sites\/11\/2019\/10\/hsesyn_talo.jpg"},{"@type":"BreadcrumbList","@id":"https:\/\/sey.fi\/hartola\/hartolan-seudun-elainsuojeluyhdistys\/elaintalo\/#breadcrumb","itemListElement":[{"@type":"ListItem","position":1,"name":"Home","item":"https:\/\/sey.fi\/hartola\/"},{"@type":"ListItem","position":2,"name":"Hartolan seudun el\u00e4insuojeluyhdistys","item":"https:\/\/sey.fi\/hartola\/"},{"@type":"ListItem","position":3,"name":"El\u00e4intalo"}]},{"@type":"WebSite","@id":"https:\/\/sey.fi\/hartola\/#website","url":"https:\/\/sey.fi\/hartola\/","name":"Hartolan seudun el\u00e4insuojeluyhdistys","description":"Uusi SEY J\u00e4senyhdistykset -sivusto","potentialAction":[{"@type":"SearchAction","target":{"@type":"EntryPoint","urlTemplate":"https:\/\/sey.fi\/hartola\/?s={search_term_string}"},"query-input":{"@type":"PropertyValueSpecification","valueRequired":true,"valueName":"search_term_string"}}],"inLanguage":"fi"}]}},"_links":{"self":[{"href":"https:\/\/sey.fi\/hartola\/wp-json\/wp\/v2\/pages\/121","targetHints":{"allow":["GET"]}}],"collection":[{"href":"https:\/\/sey.fi\/hartola\/wp-json\/wp\/v2\/pages"}],"about":[{"href":"https:\/\/sey.fi\/hartola\/wp-json\/wp\/v2\/types\/page"}],"author":[{"embeddable":true,"href":"https:\/\/sey.fi\/hartola\/wp-json\/wp\/v2\/users\/8"}],"replies":[{"embeddable":true,"href":"https:\/\/sey.fi\/hartola\/wp-json\/wp\/v2\/comments?post=121"}],"version-history":[{"count":5,"href":"https:\/\/sey.fi\/hartola\/wp-json\/wp\/v2\/pages\/121\/revisions"}],"predecessor-version":[{"id":330,"href":"https:\/\/sey.fi\/hartola\/wp-json\/wp\/v2\/pages\/121\/revisions\/330"}],"up":[{"embeddable":true,"href":"https:\/\/sey.fi\/hartola\/wp-json\/wp\/v2\/pages\/2"}],"wp:attachment":[{"href":"https:\/\/sey.fi\/hartola\/wp-json\/wp\/v2\/media?parent=121"}],"curies":[{"name":"wp","href":"https:\/\/api.w.org\/{rel}","templated":true}]}}