{"id":141,"date":"2019-10-23T14:55:57","date_gmt":"2019-10-23T11:55:57","guid":{"rendered":"http:\/\/srvr10.xetpoint.com\/~seyfi\/hartola\/?page_id=141"},"modified":"2019-10-23T14:56:11","modified_gmt":"2019-10-23T11:56:11","slug":"elainsuojelu","status":"publish","type":"page","link":"https:\/\/sey.fi\/hartola\/hartolan-seudun-elainsuojeluyhdistys\/elainsuojelu\/","title":{"rendered":"El\u00e4insuojelu"},"content":{"rendered":"\n<h2 class=\"wp-block-heading\">El\u00e4insuojelu on jokaisen meid\u00e4n vastuulla.<\/h2>\n\n\n\n<figure class=\"wp-block-image\"><img loading=\"lazy\" decoding=\"async\" width=\"687\" height=\"460\" src=\"https:\/\/sey.fi\/wp-content\/uploads\/sites\/11\/2019\/10\/milkki_tayttaa_ruudun.jpg\" alt=\"\" class=\"wp-image-142\" \/><\/figure>\n\n\n\n<p>El\u00e4insuojeluvalvonta on viranomaisten asia. Kunnan- ja l\u00e4\u00e4ninel\u00e4inl\u00e4\u00e4k\u00e4rit, poliisit ja terveystarkastajat ovat el\u00e4insuojeluviranomaisia, joihin voi ottaa yhteytt\u00e4, jos ep\u00e4ilee el\u00e4int\u00e4 kohdeltavan huonosti. My\u00f6s SEY:n vapaaehtoiset el\u00e4insuojeluneuvojat voivat auttaa.<\/p>\n\n\n\n<p>HUOM! Mik\u00e4li asianne on el\u00e4insuojelullisia toimenpiteit\u00e4 vaativa, tulee Teid\u00e4n aina ottaa yhteys my\u00f6s el\u00e4insuojeluviranomaiseen: kunnanel\u00e4inl\u00e4\u00e4k\u00e4riin, terveystarkastajaan tai kiireellisiss\u00e4 tai luonteeltaan uhkaavilta vaikuttavissa tapauksissa, poliisiin, numeroon 112.<\/p>\n\n\n\n<p>Jokainen voi omalta osaltaan tehd\u00e4 el\u00e4insuojelutekoja:<\/p>\n\n\n\n<ul class=\"wp-block-list\"><li>Pit\u00e4m\u00e4ll\u00e4 hyv\u00e4\u00e4 huolta omista el\u00e4imist\u00e4.&nbsp;<\/li><li>Ostamalla tuotteita, joiden valmistuksessa otetaan huomioon el\u00e4inten hyvinvointi.<\/li><li>Lahjoittamalla el\u00e4insuojeluty\u00f6h\u00f6n.<\/li><li>Liittym\u00e4ll\u00e4 el\u00e4insuojeluyhdistykseen ja vaikka l\u00e4htem\u00e4ll\u00e4 mukaan toimintaan.<\/li><\/ul>\n","protected":false},"excerpt":{"rendered":"<p>El\u00e4insuojelu on jokaisen meid\u00e4n vastuulla. El\u00e4insuojeluvalvonta on viranomaisten asia. Kunnan- ja l\u00e4\u00e4ninel\u00e4inl\u00e4\u00e4k\u00e4rit, poliisit ja terveystarkastajat ovat el\u00e4insuojeluviranomaisia, joihin voi ottaa yhteytt\u00e4, jos ep\u00e4ilee el\u00e4int\u00e4 kohdeltavan huonosti. My\u00f6s SEY:n vapaaehtoiset el\u00e4insuojeluneuvojat voivat auttaa. HUOM! Mik\u00e4li asianne on el\u00e4insuojelullisia toimenpiteit\u00e4 vaativa, tulee Teid\u00e4n aina ottaa yhteys my\u00f6s el\u00e4insuojeluviranomaiseen: kunnanel\u00e4inl\u00e4\u00e4k\u00e4riin, terveystarkastajaan tai kiireellisiss\u00e4 tai luonteeltaan uhkaavilta vaikuttavissa tapauksissa, [&hellip;]<\/p>\n","protected":false},"author":8,"featured_media":0,"parent":2,"menu_order":0,"comment_status":"closed","ping_status":"closed","template":"","meta":{"_acf_changed":false,"footnotes":""},"class_list":["post-141","page","type-page","status-publish","hentry"],"acf":[],"yoast_head":"<!-- This site is optimized with the Yoast SEO plugin v27.1.1 - https:\/\/yoast.com\/product\/yoast-seo-wordpress\/ -->\n<title>El\u00e4insuojelu - Hartolan seudun el\u00e4insuojeluyhdistys<\/title>\n<meta name=\"robots\" content=\"index, follow, max-snippet:-1, max-image-preview:large, max-video-preview:-1\" \/>\n<link rel=\"canonical\" href=\"https:\/\/sey.fi\/hartola\/hartolan-seudun-elainsuojeluyhdistys\/elainsuojelu\/\" \/>\n<meta property=\"og:locale\" content=\"fi_FI\" \/>\n<meta property=\"og:type\" content=\"article\" \/>\n<meta property=\"og:title\" content=\"El\u00e4insuojelu - Hartolan seudun el\u00e4insuojeluyhdistys\" \/>\n<meta property=\"og:description\" content=\"El\u00e4insuojelu on jokaisen meid\u00e4n vastuulla. El\u00e4insuojeluvalvonta on viranomaisten asia. Kunnan- ja l\u00e4\u00e4ninel\u00e4inl\u00e4\u00e4k\u00e4rit, poliisit ja terveystarkastajat ovat el\u00e4insuojeluviranomaisia, joihin voi ottaa yhteytt\u00e4, jos ep\u00e4ilee el\u00e4int\u00e4 kohdeltavan huonosti. My\u00f6s SEY:n vapaaehtoiset el\u00e4insuojeluneuvojat voivat auttaa. HUOM! Mik\u00e4li asianne on el\u00e4insuojelullisia toimenpiteit\u00e4 vaativa, tulee Teid\u00e4n aina ottaa yhteys my\u00f6s el\u00e4insuojeluviranomaiseen: kunnanel\u00e4inl\u00e4\u00e4k\u00e4riin, terveystarkastajaan tai kiireellisiss\u00e4 tai luonteeltaan uhkaavilta vaikuttavissa tapauksissa, [&hellip;]\" \/>\n<meta property=\"og:url\" content=\"https:\/\/sey.fi\/hartola\/hartolan-seudun-elainsuojeluyhdistys\/elainsuojelu\/\" \/>\n<meta property=\"og:site_name\" content=\"Hartolan seudun el\u00e4insuojeluyhdistys\" \/>\n<meta property=\"article:modified_time\" content=\"2019-10-23T11:56:11+00:00\" \/>\n<meta property=\"og:image\" content=\"https:\/\/sey.fi\/wp-content\/uploads\/sites\/11\/2019\/10\/milkki_tayttaa_ruudun.jpg\" \/>\n<meta name=\"twitter:card\" content=\"summary_large_image\" \/>\n<meta name=\"twitter:label1\" content=\"Arvioitu lukuaika\" \/>\n\t<meta name=\"twitter:data1\" content=\"1 minuutti\" \/>\n<script type=\"application\/ld+json\" class=\"yoast-schema-graph\">{\"@context\":\"https:\/\/schema.org\",\"@graph\":[{\"@type\":\"WebPage\",\"@id\":\"https:\/\/sey.fi\/hartola\/hartolan-seudun-elainsuojeluyhdistys\/elainsuojelu\/\",\"url\":\"https:\/\/sey.fi\/hartola\/hartolan-seudun-elainsuojeluyhdistys\/elainsuojelu\/\",\"name\":\"El\u00e4insuojelu - Hartolan seudun el\u00e4insuojeluyhdistys\",\"isPartOf\":{\"@id\":\"https:\/\/sey.fi\/hartola\/#website\"},\"primaryImageOfPage\":{\"@id\":\"https:\/\/sey.fi\/hartola\/hartolan-seudun-elainsuojeluyhdistys\/elainsuojelu\/#primaryimage\"},\"image\":{\"@id\":\"https:\/\/sey.fi\/hartola\/hartolan-seudun-elainsuojeluyhdistys\/elainsuojelu\/#primaryimage\"},\"thumbnailUrl\":\"https:\/\/sey.fi\/wp-content\/uploads\/sites\/11\/2019\/10\/milkki_tayttaa_ruudun.jpg\",\"datePublished\":\"2019-10-23T11:55:57+00:00\",\"dateModified\":\"2019-10-23T11:56:11+00:00\",\"breadcrumb\":{\"@id\":\"https:\/\/sey.fi\/hartola\/hartolan-seudun-elainsuojeluyhdistys\/elainsuojelu\/#breadcrumb\"},\"inLanguage\":\"fi\",\"potentialAction\":[{\"@type\":\"ReadAction\",\"target\":[\"https:\/\/sey.fi\/hartola\/hartolan-seudun-elainsuojeluyhdistys\/elainsuojelu\/\"]}]},{\"@type\":\"ImageObject\",\"inLanguage\":\"fi\",\"@id\":\"https:\/\/sey.fi\/hartola\/hartolan-seudun-elainsuojeluyhdistys\/elainsuojelu\/#primaryimage\",\"url\":\"https:\/\/sey.fi\/wp-content\/uploads\/sites\/11\/2019\/10\/milkki_tayttaa_ruudun.jpg\",\"contentUrl\":\"https:\/\/sey.fi\/wp-content\/uploads\/sites\/11\/2019\/10\/milkki_tayttaa_ruudun.jpg\"},{\"@type\":\"BreadcrumbList\",\"@id\":\"https:\/\/sey.fi\/hartola\/hartolan-seudun-elainsuojeluyhdistys\/elainsuojelu\/#breadcrumb\",\"itemListElement\":[{\"@type\":\"ListItem\",\"position\":1,\"name\":\"Home\",\"item\":\"https:\/\/sey.fi\/hartola\/\"},{\"@type\":\"ListItem\",\"position\":2,\"name\":\"Hartolan seudun el\u00e4insuojeluyhdistys\",\"item\":\"https:\/\/sey.fi\/hartola\/\"},{\"@type\":\"ListItem\",\"position\":3,\"name\":\"El\u00e4insuojelu\"}]},{\"@type\":\"WebSite\",\"@id\":\"https:\/\/sey.fi\/hartola\/#website\",\"url\":\"https:\/\/sey.fi\/hartola\/\",\"name\":\"Hartolan seudun el\u00e4insuojeluyhdistys\",\"description\":\"Uusi SEY J\u00e4senyhdistykset -sivusto\",\"potentialAction\":[{\"@type\":\"SearchAction\",\"target\":{\"@type\":\"EntryPoint\",\"urlTemplate\":\"https:\/\/sey.fi\/hartola\/?s={search_term_string}\"},\"query-input\":{\"@type\":\"PropertyValueSpecification\",\"valueRequired\":true,\"valueName\":\"search_term_string\"}}],\"inLanguage\":\"fi\"}]}<\/script>\n<!-- \/ Yoast SEO plugin. -->","yoast_head_json":{"title":"El\u00e4insuojelu - Hartolan seudun el\u00e4insuojeluyhdistys","robots":{"index":"index","follow":"follow","max-snippet":"max-snippet:-1","max-image-preview":"max-image-preview:large","max-video-preview":"max-video-preview:-1"},"canonical":"https:\/\/sey.fi\/hartola\/hartolan-seudun-elainsuojeluyhdistys\/elainsuojelu\/","og_locale":"fi_FI","og_type":"article","og_title":"El\u00e4insuojelu - Hartolan seudun el\u00e4insuojeluyhdistys","og_description":"El\u00e4insuojelu on jokaisen meid\u00e4n vastuulla. El\u00e4insuojeluvalvonta on viranomaisten asia. Kunnan- ja l\u00e4\u00e4ninel\u00e4inl\u00e4\u00e4k\u00e4rit, poliisit ja terveystarkastajat ovat el\u00e4insuojeluviranomaisia, joihin voi ottaa yhteytt\u00e4, jos ep\u00e4ilee el\u00e4int\u00e4 kohdeltavan huonosti. My\u00f6s SEY:n vapaaehtoiset el\u00e4insuojeluneuvojat voivat auttaa. HUOM! Mik\u00e4li asianne on el\u00e4insuojelullisia toimenpiteit\u00e4 vaativa, tulee Teid\u00e4n aina ottaa yhteys my\u00f6s el\u00e4insuojeluviranomaiseen: kunnanel\u00e4inl\u00e4\u00e4k\u00e4riin, terveystarkastajaan tai kiireellisiss\u00e4 tai luonteeltaan uhkaavilta vaikuttavissa tapauksissa, [&hellip;]","og_url":"https:\/\/sey.fi\/hartola\/hartolan-seudun-elainsuojeluyhdistys\/elainsuojelu\/","og_site_name":"Hartolan seudun el\u00e4insuojeluyhdistys","article_modified_time":"2019-10-23T11:56:11+00:00","og_image":[{"url":"https:\/\/sey.fi\/wp-content\/uploads\/sites\/11\/2019\/10\/milkki_tayttaa_ruudun.jpg","type":"","width":"","height":""}],"twitter_card":"summary_large_image","twitter_misc":{"Arvioitu lukuaika":"1 minuutti"},"schema":{"@context":"https:\/\/schema.org","@graph":[{"@type":"WebPage","@id":"https:\/\/sey.fi\/hartola\/hartolan-seudun-elainsuojeluyhdistys\/elainsuojelu\/","url":"https:\/\/sey.fi\/hartola\/hartolan-seudun-elainsuojeluyhdistys\/elainsuojelu\/","name":"El\u00e4insuojelu - Hartolan seudun el\u00e4insuojeluyhdistys","isPartOf":{"@id":"https:\/\/sey.fi\/hartola\/#website"},"primaryImageOfPage":{"@id":"https:\/\/sey.fi\/hartola\/hartolan-seudun-elainsuojeluyhdistys\/elainsuojelu\/#primaryimage"},"image":{"@id":"https:\/\/sey.fi\/hartola\/hartolan-seudun-elainsuojeluyhdistys\/elainsuojelu\/#primaryimage"},"thumbnailUrl":"https:\/\/sey.fi\/wp-content\/uploads\/sites\/11\/2019\/10\/milkki_tayttaa_ruudun.jpg","datePublished":"2019-10-23T11:55:57+00:00","dateModified":"2019-10-23T11:56:11+00:00","breadcrumb":{"@id":"https:\/\/sey.fi\/hartola\/hartolan-seudun-elainsuojeluyhdistys\/elainsuojelu\/#breadcrumb"},"inLanguage":"fi","potentialAction":[{"@type":"ReadAction","target":["https:\/\/sey.fi\/hartola\/hartolan-seudun-elainsuojeluyhdistys\/elainsuojelu\/"]}]},{"@type":"ImageObject","inLanguage":"fi","@id":"https:\/\/sey.fi\/hartola\/hartolan-seudun-elainsuojeluyhdistys\/elainsuojelu\/#primaryimage","url":"https:\/\/sey.fi\/wp-content\/uploads\/sites\/11\/2019\/10\/milkki_tayttaa_ruudun.jpg","contentUrl":"https:\/\/sey.fi\/wp-content\/uploads\/sites\/11\/2019\/10\/milkki_tayttaa_ruudun.jpg"},{"@type":"BreadcrumbList","@id":"https:\/\/sey.fi\/hartola\/hartolan-seudun-elainsuojeluyhdistys\/elainsuojelu\/#breadcrumb","itemListElement":[{"@type":"ListItem","position":1,"name":"Home","item":"https:\/\/sey.fi\/hartola\/"},{"@type":"ListItem","position":2,"name":"Hartolan seudun el\u00e4insuojeluyhdistys","item":"https:\/\/sey.fi\/hartola\/"},{"@type":"ListItem","position":3,"name":"El\u00e4insuojelu"}]},{"@type":"WebSite","@id":"https:\/\/sey.fi\/hartola\/#website","url":"https:\/\/sey.fi\/hartola\/","name":"Hartolan seudun el\u00e4insuojeluyhdistys","description":"Uusi SEY J\u00e4senyhdistykset -sivusto","potentialAction":[{"@type":"SearchAction","target":{"@type":"EntryPoint","urlTemplate":"https:\/\/sey.fi\/hartola\/?s={search_term_string}"},"query-input":{"@type":"PropertyValueSpecification","valueRequired":true,"valueName":"search_term_string"}}],"inLanguage":"fi"}]}},"_links":{"self":[{"href":"https:\/\/sey.fi\/hartola\/wp-json\/wp\/v2\/pages\/141","targetHints":{"allow":["GET"]}}],"collection":[{"href":"https:\/\/sey.fi\/hartola\/wp-json\/wp\/v2\/pages"}],"about":[{"href":"https:\/\/sey.fi\/hartola\/wp-json\/wp\/v2\/types\/page"}],"author":[{"embeddable":true,"href":"https:\/\/sey.fi\/hartola\/wp-json\/wp\/v2\/users\/8"}],"replies":[{"embeddable":true,"href":"https:\/\/sey.fi\/hartola\/wp-json\/wp\/v2\/comments?post=141"}],"version-history":[{"count":1,"href":"https:\/\/sey.fi\/hartola\/wp-json\/wp\/v2\/pages\/141\/revisions"}],"predecessor-version":[{"id":143,"href":"https:\/\/sey.fi\/hartola\/wp-json\/wp\/v2\/pages\/141\/revisions\/143"}],"up":[{"embeddable":true,"href":"https:\/\/sey.fi\/hartola\/wp-json\/wp\/v2\/pages\/2"}],"wp:attachment":[{"href":"https:\/\/sey.fi\/hartola\/wp-json\/wp\/v2\/media?parent=141"}],"curies":[{"name":"wp","href":"https:\/\/api.w.org\/{rel}","templated":true}]}}