{"id":144,"date":"2019-10-23T15:00:40","date_gmt":"2019-10-23T12:00:40","guid":{"rendered":"http:\/\/srvr10.xetpoint.com\/~seyfi\/hartola\/?page_id=144"},"modified":"2026-04-16T20:32:30","modified_gmt":"2026-04-16T17:32:30","slug":"elainsuojeluviranomaiset","status":"publish","type":"page","link":"https:\/\/sey.fi\/hartola\/hartolan-seudun-elainsuojeluyhdistys\/elainsuojelu\/elainsuojeluviranomaiset\/","title":{"rendered":"El\u00e4insuojeluviranomaiset"},"content":{"rendered":"\n<h2 class=\"wp-block-heading\">Alueemme el\u00e4insuojeluviranomaisia:<\/h2>\n\n\n\n<p><strong>VALVONTAEL\u00c4INL\u00c4\u00c4K\u00c4RI (El\u00e4insuojeluasiat)<\/strong><\/p>\n\n\n\n<p>P\u00e4ivitys k\u00e4ynniss\u00e4&#8230;<\/p>\n\n\n\n<p><strong>Hartola<\/strong><\/p>\n\n\n\n<p>P\u00e4ivitys k\u00e4ynniss\u00e4&#8230;<\/p>\n\n\n\n<p><strong>Heinola<\/strong><\/p>\n\n\n\n<p>P\u00e4ivitys k\u00e4ynniss\u00e4&#8230;<\/p>\n\n\n\n<p><strong>Hirvensalmi<\/strong><\/p>\n\n\n\n<p>P\u00e4ivitys k\u00e4ynniss\u00e4&#8230;<\/p>\n\n\n\n<p><strong>Joutsa ja Luhanka<\/strong><\/p>\n\n\n\n<p>P\u00e4ivitys k\u00e4ynniss\u00e4&#8230;<\/p>\n\n\n\n<p><strong>Mikkeli<\/strong><\/p>\n\n\n\n<p>P\u00e4ivitys k\u00e4ynniss\u00e4&#8230;<\/p>\n\n\n\n<p><strong>M\u00e4ntyharju<\/strong><\/p>\n\n\n\n<p>P\u00e4ivitys k\u00e4ynniss\u00e4&#8230;<\/p>\n\n\n\n<p><strong>Sysm\u00e4<\/strong><\/p>\n\n\n\n<p>P\u00e4ivitys k\u00e4ynniss\u00e4&#8230;<\/p>\n\n\n\n<p><\/p>\n","protected":false},"excerpt":{"rendered":"<p>Alueemme el\u00e4insuojeluviranomaisia: VALVONTAEL\u00c4INL\u00c4\u00c4K\u00c4RI (El\u00e4insuojeluasiat) P\u00e4ivitys k\u00e4ynniss\u00e4&#8230; Hartola P\u00e4ivitys k\u00e4ynniss\u00e4&#8230; Heinola P\u00e4ivitys k\u00e4ynniss\u00e4&#8230; Hirvensalmi P\u00e4ivitys k\u00e4ynniss\u00e4&#8230; Joutsa ja Luhanka P\u00e4ivitys k\u00e4ynniss\u00e4&#8230; Mikkeli P\u00e4ivitys k\u00e4ynniss\u00e4&#8230; M\u00e4ntyharju P\u00e4ivitys k\u00e4ynniss\u00e4&#8230; Sysm\u00e4 P\u00e4ivitys k\u00e4ynniss\u00e4&#8230;<\/p>\n","protected":false},"author":8,"featured_media":0,"parent":141,"menu_order":0,"comment_status":"closed","ping_status":"closed","template":"","meta":{"_acf_changed":false,"footnotes":""},"class_list":["post-144","page","type-page","status-publish","hentry"],"acf":[],"yoast_head":"<!-- This site is optimized with the Yoast SEO plugin v27.1.1 - https:\/\/yoast.com\/product\/yoast-seo-wordpress\/ -->\n<title>El\u00e4insuojeluviranomaiset - Hartolan seudun el\u00e4insuojeluyhdistys<\/title>\n<meta name=\"robots\" content=\"index, follow, max-snippet:-1, max-image-preview:large, max-video-preview:-1\" \/>\n<link rel=\"canonical\" href=\"https:\/\/sey.fi\/hartola\/hartolan-seudun-elainsuojeluyhdistys\/elainsuojelu\/elainsuojeluviranomaiset\/\" \/>\n<meta property=\"og:locale\" content=\"fi_FI\" \/>\n<meta property=\"og:type\" content=\"article\" \/>\n<meta property=\"og:title\" content=\"El\u00e4insuojeluviranomaiset - Hartolan seudun el\u00e4insuojeluyhdistys\" \/>\n<meta property=\"og:description\" content=\"Alueemme el\u00e4insuojeluviranomaisia: VALVONTAEL\u00c4INL\u00c4\u00c4K\u00c4RI (El\u00e4insuojeluasiat) P\u00e4ivitys k\u00e4ynniss\u00e4&#8230; Hartola P\u00e4ivitys k\u00e4ynniss\u00e4&#8230; Heinola P\u00e4ivitys k\u00e4ynniss\u00e4&#8230; Hirvensalmi P\u00e4ivitys k\u00e4ynniss\u00e4&#8230; Joutsa ja Luhanka P\u00e4ivitys k\u00e4ynniss\u00e4&#8230; Mikkeli P\u00e4ivitys k\u00e4ynniss\u00e4&#8230; M\u00e4ntyharju P\u00e4ivitys k\u00e4ynniss\u00e4&#8230; Sysm\u00e4 P\u00e4ivitys k\u00e4ynniss\u00e4&#8230;\" \/>\n<meta property=\"og:url\" content=\"https:\/\/sey.fi\/hartola\/hartolan-seudun-elainsuojeluyhdistys\/elainsuojelu\/elainsuojeluviranomaiset\/\" \/>\n<meta property=\"og:site_name\" content=\"Hartolan seudun el\u00e4insuojeluyhdistys\" \/>\n<meta property=\"article:modified_time\" content=\"2026-04-16T17:32:30+00:00\" \/>\n<meta name=\"twitter:card\" content=\"summary_large_image\" \/>\n<meta name=\"twitter:label1\" content=\"Arvioitu lukuaika\" \/>\n\t<meta name=\"twitter:data1\" content=\"1 minuutti\" \/>\n<script type=\"application\/ld+json\" class=\"yoast-schema-graph\">{\"@context\":\"https:\/\/schema.org\",\"@graph\":[{\"@type\":\"WebPage\",\"@id\":\"https:\/\/sey.fi\/hartola\/hartolan-seudun-elainsuojeluyhdistys\/elainsuojelu\/elainsuojeluviranomaiset\/\",\"url\":\"https:\/\/sey.fi\/hartola\/hartolan-seudun-elainsuojeluyhdistys\/elainsuojelu\/elainsuojeluviranomaiset\/\",\"name\":\"El\u00e4insuojeluviranomaiset - Hartolan seudun el\u00e4insuojeluyhdistys\",\"isPartOf\":{\"@id\":\"https:\/\/sey.fi\/hartola\/#website\"},\"datePublished\":\"2019-10-23T12:00:40+00:00\",\"dateModified\":\"2026-04-16T17:32:30+00:00\",\"breadcrumb\":{\"@id\":\"https:\/\/sey.fi\/hartola\/hartolan-seudun-elainsuojeluyhdistys\/elainsuojelu\/elainsuojeluviranomaiset\/#breadcrumb\"},\"inLanguage\":\"fi\",\"potentialAction\":[{\"@type\":\"ReadAction\",\"target\":[\"https:\/\/sey.fi\/hartola\/hartolan-seudun-elainsuojeluyhdistys\/elainsuojelu\/elainsuojeluviranomaiset\/\"]}]},{\"@type\":\"BreadcrumbList\",\"@id\":\"https:\/\/sey.fi\/hartola\/hartolan-seudun-elainsuojeluyhdistys\/elainsuojelu\/elainsuojeluviranomaiset\/#breadcrumb\",\"itemListElement\":[{\"@type\":\"ListItem\",\"position\":1,\"name\":\"Home\",\"item\":\"https:\/\/sey.fi\/hartola\/\"},{\"@type\":\"ListItem\",\"position\":2,\"name\":\"Hartolan seudun el\u00e4insuojeluyhdistys\",\"item\":\"https:\/\/sey.fi\/hartola\/\"},{\"@type\":\"ListItem\",\"position\":3,\"name\":\"El\u00e4insuojelu\",\"item\":\"https:\/\/sey.fi\/hartola\/hartolan-seudun-elainsuojeluyhdistys\/elainsuojelu\/\"},{\"@type\":\"ListItem\",\"position\":4,\"name\":\"El\u00e4insuojeluviranomaiset\"}]},{\"@type\":\"WebSite\",\"@id\":\"https:\/\/sey.fi\/hartola\/#website\",\"url\":\"https:\/\/sey.fi\/hartola\/\",\"name\":\"Hartolan seudun el\u00e4insuojeluyhdistys\",\"description\":\"Uusi SEY J\u00e4senyhdistykset -sivusto\",\"potentialAction\":[{\"@type\":\"SearchAction\",\"target\":{\"@type\":\"EntryPoint\",\"urlTemplate\":\"https:\/\/sey.fi\/hartola\/?s={search_term_string}\"},\"query-input\":{\"@type\":\"PropertyValueSpecification\",\"valueRequired\":true,\"valueName\":\"search_term_string\"}}],\"inLanguage\":\"fi\"}]}<\/script>\n<!-- \/ Yoast SEO plugin. -->","yoast_head_json":{"title":"El\u00e4insuojeluviranomaiset - Hartolan seudun el\u00e4insuojeluyhdistys","robots":{"index":"index","follow":"follow","max-snippet":"max-snippet:-1","max-image-preview":"max-image-preview:large","max-video-preview":"max-video-preview:-1"},"canonical":"https:\/\/sey.fi\/hartola\/hartolan-seudun-elainsuojeluyhdistys\/elainsuojelu\/elainsuojeluviranomaiset\/","og_locale":"fi_FI","og_type":"article","og_title":"El\u00e4insuojeluviranomaiset - Hartolan seudun el\u00e4insuojeluyhdistys","og_description":"Alueemme el\u00e4insuojeluviranomaisia: VALVONTAEL\u00c4INL\u00c4\u00c4K\u00c4RI (El\u00e4insuojeluasiat) P\u00e4ivitys k\u00e4ynniss\u00e4&#8230; Hartola P\u00e4ivitys k\u00e4ynniss\u00e4&#8230; Heinola P\u00e4ivitys k\u00e4ynniss\u00e4&#8230; Hirvensalmi P\u00e4ivitys k\u00e4ynniss\u00e4&#8230; Joutsa ja Luhanka P\u00e4ivitys k\u00e4ynniss\u00e4&#8230; Mikkeli P\u00e4ivitys k\u00e4ynniss\u00e4&#8230; M\u00e4ntyharju P\u00e4ivitys k\u00e4ynniss\u00e4&#8230; Sysm\u00e4 P\u00e4ivitys k\u00e4ynniss\u00e4&#8230;","og_url":"https:\/\/sey.fi\/hartola\/hartolan-seudun-elainsuojeluyhdistys\/elainsuojelu\/elainsuojeluviranomaiset\/","og_site_name":"Hartolan seudun el\u00e4insuojeluyhdistys","article_modified_time":"2026-04-16T17:32:30+00:00","twitter_card":"summary_large_image","twitter_misc":{"Arvioitu lukuaika":"1 minuutti"},"schema":{"@context":"https:\/\/schema.org","@graph":[{"@type":"WebPage","@id":"https:\/\/sey.fi\/hartola\/hartolan-seudun-elainsuojeluyhdistys\/elainsuojelu\/elainsuojeluviranomaiset\/","url":"https:\/\/sey.fi\/hartola\/hartolan-seudun-elainsuojeluyhdistys\/elainsuojelu\/elainsuojeluviranomaiset\/","name":"El\u00e4insuojeluviranomaiset - Hartolan seudun el\u00e4insuojeluyhdistys","isPartOf":{"@id":"https:\/\/sey.fi\/hartola\/#website"},"datePublished":"2019-10-23T12:00:40+00:00","dateModified":"2026-04-16T17:32:30+00:00","breadcrumb":{"@id":"https:\/\/sey.fi\/hartola\/hartolan-seudun-elainsuojeluyhdistys\/elainsuojelu\/elainsuojeluviranomaiset\/#breadcrumb"},"inLanguage":"fi","potentialAction":[{"@type":"ReadAction","target":["https:\/\/sey.fi\/hartola\/hartolan-seudun-elainsuojeluyhdistys\/elainsuojelu\/elainsuojeluviranomaiset\/"]}]},{"@type":"BreadcrumbList","@id":"https:\/\/sey.fi\/hartola\/hartolan-seudun-elainsuojeluyhdistys\/elainsuojelu\/elainsuojeluviranomaiset\/#breadcrumb","itemListElement":[{"@type":"ListItem","position":1,"name":"Home","item":"https:\/\/sey.fi\/hartola\/"},{"@type":"ListItem","position":2,"name":"Hartolan seudun el\u00e4insuojeluyhdistys","item":"https:\/\/sey.fi\/hartola\/"},{"@type":"ListItem","position":3,"name":"El\u00e4insuojelu","item":"https:\/\/sey.fi\/hartola\/hartolan-seudun-elainsuojeluyhdistys\/elainsuojelu\/"},{"@type":"ListItem","position":4,"name":"El\u00e4insuojeluviranomaiset"}]},{"@type":"WebSite","@id":"https:\/\/sey.fi\/hartola\/#website","url":"https:\/\/sey.fi\/hartola\/","name":"Hartolan seudun el\u00e4insuojeluyhdistys","description":"Uusi SEY J\u00e4senyhdistykset -sivusto","potentialAction":[{"@type":"SearchAction","target":{"@type":"EntryPoint","urlTemplate":"https:\/\/sey.fi\/hartola\/?s={search_term_string}"},"query-input":{"@type":"PropertyValueSpecification","valueRequired":true,"valueName":"search_term_string"}}],"inLanguage":"fi"}]}},"_links":{"self":[{"href":"https:\/\/sey.fi\/hartola\/wp-json\/wp\/v2\/pages\/144","targetHints":{"allow":["GET"]}}],"collection":[{"href":"https:\/\/sey.fi\/hartola\/wp-json\/wp\/v2\/pages"}],"about":[{"href":"https:\/\/sey.fi\/hartola\/wp-json\/wp\/v2\/types\/page"}],"author":[{"embeddable":true,"href":"https:\/\/sey.fi\/hartola\/wp-json\/wp\/v2\/users\/8"}],"replies":[{"embeddable":true,"href":"https:\/\/sey.fi\/hartola\/wp-json\/wp\/v2\/comments?post=144"}],"version-history":[{"count":4,"href":"https:\/\/sey.fi\/hartola\/wp-json\/wp\/v2\/pages\/144\/revisions"}],"predecessor-version":[{"id":332,"href":"https:\/\/sey.fi\/hartola\/wp-json\/wp\/v2\/pages\/144\/revisions\/332"}],"up":[{"embeddable":true,"href":"https:\/\/sey.fi\/hartola\/wp-json\/wp\/v2\/pages\/141"}],"wp:attachment":[{"href":"https:\/\/sey.fi\/hartola\/wp-json\/wp\/v2\/media?parent=144"}],"curies":[{"name":"wp","href":"https:\/\/api.w.org\/{rel}","templated":true}]}}