{"id":147,"date":"2019-10-23T15:03:31","date_gmt":"2019-10-23T12:03:31","guid":{"rendered":"http:\/\/srvr10.xetpoint.com\/~seyfi\/hartola\/?page_id=147"},"modified":"2019-10-23T15:03:32","modified_gmt":"2019-10-23T12:03:32","slug":"miten-tehdaan-elainsuojeluilmoitus","status":"publish","type":"page","link":"https:\/\/sey.fi\/hartola\/hartolan-seudun-elainsuojeluyhdistys\/elainsuojelu\/miten-tehdaan-elainsuojeluilmoitus\/","title":{"rendered":"Miten tehd\u00e4\u00e4n el\u00e4insuojeluilmoitus?"},"content":{"rendered":"\n<h2 class=\"wp-block-heading\">El\u00e4insuojeluilmoituksen tekeminen<\/h2>\n\n\n\n<p>El\u00e4insuojeluilmoitus on ilmoitus el\u00e4inten kaltoinkohtelusta tai heitteillej\u00e4t\u00f6st\u00e4. Virallisen ilmoituksen voi tehd\u00e4 alueensa&nbsp;<strong>valvontael\u00e4inl\u00e4\u00e4k\u00e4rille<\/strong>, joka on velvoitettu tarkastamaan paikat mist\u00e4 ilmoitus on tehty. Mik\u00e4li kaupungilla tai kunnalla ei ole omaa valvontael\u00e4inl\u00e4\u00e4k\u00e4ri\u00e4, voi teht\u00e4v\u00e4 olla vastuutettu virkael\u00e4inl\u00e4\u00e4k\u00e4rille (kunnanel\u00e4inl\u00e4\u00e4k\u00e4ri) tai kuntayhteisty\u00f6n valvontael\u00e4inl\u00e4\u00e4k\u00e4rille. P\u00e4\u00e4s\u00e4\u00e4nt\u00f6isesti valvontael\u00e4inl\u00e4\u00e4k\u00e4rin yhteystiedot l\u00f6ytyv\u00e4t kunnan omilta www-sivuilta. Muita el\u00e4insuojeluviranomaisia ovat muun muassa poliisi ja terveystarkastajat.<\/p>\n\n\n\n<p>Vapaaehtoiset el\u00e4insuojeluneuvojat&nbsp;voivat k\u00e4yd\u00e4 paikan p\u00e4\u00e4ll\u00e4 vain omistajan luvalla tai he voivat laittaa ilmoituksen eteenp\u00e4in valvontael\u00e4inl\u00e4\u00e4k\u00e4rille tarvittaessa.&nbsp;Vapaaehtoinen el\u00e4insuojeluneuvoja ei kuitenkaan voi huostaanottaa el\u00e4imi\u00e4: h\u00e4n voi vaan neuvoa omistajaa el\u00e4imen pidossa. Jos pelk\u00e4\u00e4t el\u00e4imen hyvinvoinnin puolesta, tee ilmoitus suoraan valvontael\u00e4inl\u00e4\u00e4k\u00e4rille.<\/p>\n\n\n\n<p>Aina kun ep\u00e4ilet ongelmia tai puutteita el\u00e4inten pidossa, ota yhteys valvontael\u00e4inl\u00e4\u00e4k\u00e4riin.<\/p>\n\n\n\n<p><a href=\"https:\/\/sey.fi\/hartola\/hartolan-seudun-elainsuojeluyhdistys\/elainsuojelu\/elainsuojeluviranomaiset\/\">Klikkaamalla t\u00e4st\u00e4 n\u00e4et El\u00e4insuojeluviranomaiset<\/a><\/p>\n","protected":false},"excerpt":{"rendered":"<p>El\u00e4insuojeluilmoituksen tekeminen El\u00e4insuojeluilmoitus on ilmoitus el\u00e4inten kaltoinkohtelusta tai heitteillej\u00e4t\u00f6st\u00e4. Virallisen ilmoituksen voi tehd\u00e4 alueensa&nbsp;valvontael\u00e4inl\u00e4\u00e4k\u00e4rille, joka on velvoitettu tarkastamaan paikat mist\u00e4 ilmoitus on tehty. Mik\u00e4li kaupungilla tai kunnalla ei ole omaa valvontael\u00e4inl\u00e4\u00e4k\u00e4ri\u00e4, voi teht\u00e4v\u00e4 olla vastuutettu virkael\u00e4inl\u00e4\u00e4k\u00e4rille (kunnanel\u00e4inl\u00e4\u00e4k\u00e4ri) tai kuntayhteisty\u00f6n valvontael\u00e4inl\u00e4\u00e4k\u00e4rille. P\u00e4\u00e4s\u00e4\u00e4nt\u00f6isesti valvontael\u00e4inl\u00e4\u00e4k\u00e4rin yhteystiedot l\u00f6ytyv\u00e4t kunnan omilta www-sivuilta. Muita el\u00e4insuojeluviranomaisia ovat muun muassa poliisi ja terveystarkastajat. [&hellip;]<\/p>\n","protected":false},"author":8,"featured_media":0,"parent":141,"menu_order":0,"comment_status":"closed","ping_status":"closed","template":"","meta":{"_acf_changed":false,"footnotes":""},"class_list":["post-147","page","type-page","status-publish","hentry"],"acf":[],"yoast_head":"<!-- This site is optimized with the Yoast SEO plugin v27.1.1 - https:\/\/yoast.com\/product\/yoast-seo-wordpress\/ -->\n<title>Miten tehd\u00e4\u00e4n el\u00e4insuojeluilmoitus? - Hartolan seudun el\u00e4insuojeluyhdistys<\/title>\n<meta name=\"robots\" content=\"index, follow, max-snippet:-1, max-image-preview:large, max-video-preview:-1\" \/>\n<link rel=\"canonical\" href=\"https:\/\/sey.fi\/hartola\/hartolan-seudun-elainsuojeluyhdistys\/elainsuojelu\/miten-tehdaan-elainsuojeluilmoitus\/\" \/>\n<meta property=\"og:locale\" content=\"fi_FI\" \/>\n<meta property=\"og:type\" content=\"article\" \/>\n<meta property=\"og:title\" content=\"Miten tehd\u00e4\u00e4n el\u00e4insuojeluilmoitus? - Hartolan seudun el\u00e4insuojeluyhdistys\" \/>\n<meta property=\"og:description\" content=\"El\u00e4insuojeluilmoituksen tekeminen El\u00e4insuojeluilmoitus on ilmoitus el\u00e4inten kaltoinkohtelusta tai heitteillej\u00e4t\u00f6st\u00e4. Virallisen ilmoituksen voi tehd\u00e4 alueensa&nbsp;valvontael\u00e4inl\u00e4\u00e4k\u00e4rille, joka on velvoitettu tarkastamaan paikat mist\u00e4 ilmoitus on tehty. Mik\u00e4li kaupungilla tai kunnalla ei ole omaa valvontael\u00e4inl\u00e4\u00e4k\u00e4ri\u00e4, voi teht\u00e4v\u00e4 olla vastuutettu virkael\u00e4inl\u00e4\u00e4k\u00e4rille (kunnanel\u00e4inl\u00e4\u00e4k\u00e4ri) tai kuntayhteisty\u00f6n valvontael\u00e4inl\u00e4\u00e4k\u00e4rille. P\u00e4\u00e4s\u00e4\u00e4nt\u00f6isesti valvontael\u00e4inl\u00e4\u00e4k\u00e4rin yhteystiedot l\u00f6ytyv\u00e4t kunnan omilta www-sivuilta. Muita el\u00e4insuojeluviranomaisia ovat muun muassa poliisi ja terveystarkastajat. [&hellip;]\" \/>\n<meta property=\"og:url\" content=\"https:\/\/sey.fi\/hartola\/hartolan-seudun-elainsuojeluyhdistys\/elainsuojelu\/miten-tehdaan-elainsuojeluilmoitus\/\" \/>\n<meta property=\"og:site_name\" content=\"Hartolan seudun el\u00e4insuojeluyhdistys\" \/>\n<meta property=\"article:modified_time\" content=\"2019-10-23T12:03:32+00:00\" \/>\n<meta name=\"twitter:card\" content=\"summary_large_image\" \/>\n<meta name=\"twitter:label1\" content=\"Arvioitu lukuaika\" \/>\n\t<meta name=\"twitter:data1\" content=\"1 minuutti\" \/>\n<script type=\"application\/ld+json\" class=\"yoast-schema-graph\">{\"@context\":\"https:\/\/schema.org\",\"@graph\":[{\"@type\":\"WebPage\",\"@id\":\"https:\/\/sey.fi\/hartola\/hartolan-seudun-elainsuojeluyhdistys\/elainsuojelu\/miten-tehdaan-elainsuojeluilmoitus\/\",\"url\":\"https:\/\/sey.fi\/hartola\/hartolan-seudun-elainsuojeluyhdistys\/elainsuojelu\/miten-tehdaan-elainsuojeluilmoitus\/\",\"name\":\"Miten tehd\u00e4\u00e4n el\u00e4insuojeluilmoitus? - Hartolan seudun el\u00e4insuojeluyhdistys\",\"isPartOf\":{\"@id\":\"https:\/\/sey.fi\/hartola\/#website\"},\"datePublished\":\"2019-10-23T12:03:31+00:00\",\"dateModified\":\"2019-10-23T12:03:32+00:00\",\"breadcrumb\":{\"@id\":\"https:\/\/sey.fi\/hartola\/hartolan-seudun-elainsuojeluyhdistys\/elainsuojelu\/miten-tehdaan-elainsuojeluilmoitus\/#breadcrumb\"},\"inLanguage\":\"fi\",\"potentialAction\":[{\"@type\":\"ReadAction\",\"target\":[\"https:\/\/sey.fi\/hartola\/hartolan-seudun-elainsuojeluyhdistys\/elainsuojelu\/miten-tehdaan-elainsuojeluilmoitus\/\"]}]},{\"@type\":\"BreadcrumbList\",\"@id\":\"https:\/\/sey.fi\/hartola\/hartolan-seudun-elainsuojeluyhdistys\/elainsuojelu\/miten-tehdaan-elainsuojeluilmoitus\/#breadcrumb\",\"itemListElement\":[{\"@type\":\"ListItem\",\"position\":1,\"name\":\"Home\",\"item\":\"https:\/\/sey.fi\/hartola\/\"},{\"@type\":\"ListItem\",\"position\":2,\"name\":\"Hartolan seudun el\u00e4insuojeluyhdistys\",\"item\":\"https:\/\/sey.fi\/hartola\/\"},{\"@type\":\"ListItem\",\"position\":3,\"name\":\"El\u00e4insuojelu\",\"item\":\"https:\/\/sey.fi\/hartola\/hartolan-seudun-elainsuojeluyhdistys\/elainsuojelu\/\"},{\"@type\":\"ListItem\",\"position\":4,\"name\":\"Miten tehd\u00e4\u00e4n el\u00e4insuojeluilmoitus?\"}]},{\"@type\":\"WebSite\",\"@id\":\"https:\/\/sey.fi\/hartola\/#website\",\"url\":\"https:\/\/sey.fi\/hartola\/\",\"name\":\"Hartolan seudun el\u00e4insuojeluyhdistys\",\"description\":\"Uusi SEY J\u00e4senyhdistykset -sivusto\",\"potentialAction\":[{\"@type\":\"SearchAction\",\"target\":{\"@type\":\"EntryPoint\",\"urlTemplate\":\"https:\/\/sey.fi\/hartola\/?s={search_term_string}\"},\"query-input\":{\"@type\":\"PropertyValueSpecification\",\"valueRequired\":true,\"valueName\":\"search_term_string\"}}],\"inLanguage\":\"fi\"}]}<\/script>\n<!-- \/ Yoast SEO plugin. -->","yoast_head_json":{"title":"Miten tehd\u00e4\u00e4n el\u00e4insuojeluilmoitus? - Hartolan seudun el\u00e4insuojeluyhdistys","robots":{"index":"index","follow":"follow","max-snippet":"max-snippet:-1","max-image-preview":"max-image-preview:large","max-video-preview":"max-video-preview:-1"},"canonical":"https:\/\/sey.fi\/hartola\/hartolan-seudun-elainsuojeluyhdistys\/elainsuojelu\/miten-tehdaan-elainsuojeluilmoitus\/","og_locale":"fi_FI","og_type":"article","og_title":"Miten tehd\u00e4\u00e4n el\u00e4insuojeluilmoitus? - Hartolan seudun el\u00e4insuojeluyhdistys","og_description":"El\u00e4insuojeluilmoituksen tekeminen El\u00e4insuojeluilmoitus on ilmoitus el\u00e4inten kaltoinkohtelusta tai heitteillej\u00e4t\u00f6st\u00e4. Virallisen ilmoituksen voi tehd\u00e4 alueensa&nbsp;valvontael\u00e4inl\u00e4\u00e4k\u00e4rille, joka on velvoitettu tarkastamaan paikat mist\u00e4 ilmoitus on tehty. Mik\u00e4li kaupungilla tai kunnalla ei ole omaa valvontael\u00e4inl\u00e4\u00e4k\u00e4ri\u00e4, voi teht\u00e4v\u00e4 olla vastuutettu virkael\u00e4inl\u00e4\u00e4k\u00e4rille (kunnanel\u00e4inl\u00e4\u00e4k\u00e4ri) tai kuntayhteisty\u00f6n valvontael\u00e4inl\u00e4\u00e4k\u00e4rille. P\u00e4\u00e4s\u00e4\u00e4nt\u00f6isesti valvontael\u00e4inl\u00e4\u00e4k\u00e4rin yhteystiedot l\u00f6ytyv\u00e4t kunnan omilta www-sivuilta. Muita el\u00e4insuojeluviranomaisia ovat muun muassa poliisi ja terveystarkastajat. [&hellip;]","og_url":"https:\/\/sey.fi\/hartola\/hartolan-seudun-elainsuojeluyhdistys\/elainsuojelu\/miten-tehdaan-elainsuojeluilmoitus\/","og_site_name":"Hartolan seudun el\u00e4insuojeluyhdistys","article_modified_time":"2019-10-23T12:03:32+00:00","twitter_card":"summary_large_image","twitter_misc":{"Arvioitu lukuaika":"1 minuutti"},"schema":{"@context":"https:\/\/schema.org","@graph":[{"@type":"WebPage","@id":"https:\/\/sey.fi\/hartola\/hartolan-seudun-elainsuojeluyhdistys\/elainsuojelu\/miten-tehdaan-elainsuojeluilmoitus\/","url":"https:\/\/sey.fi\/hartola\/hartolan-seudun-elainsuojeluyhdistys\/elainsuojelu\/miten-tehdaan-elainsuojeluilmoitus\/","name":"Miten tehd\u00e4\u00e4n el\u00e4insuojeluilmoitus? - Hartolan seudun el\u00e4insuojeluyhdistys","isPartOf":{"@id":"https:\/\/sey.fi\/hartola\/#website"},"datePublished":"2019-10-23T12:03:31+00:00","dateModified":"2019-10-23T12:03:32+00:00","breadcrumb":{"@id":"https:\/\/sey.fi\/hartola\/hartolan-seudun-elainsuojeluyhdistys\/elainsuojelu\/miten-tehdaan-elainsuojeluilmoitus\/#breadcrumb"},"inLanguage":"fi","potentialAction":[{"@type":"ReadAction","target":["https:\/\/sey.fi\/hartola\/hartolan-seudun-elainsuojeluyhdistys\/elainsuojelu\/miten-tehdaan-elainsuojeluilmoitus\/"]}]},{"@type":"BreadcrumbList","@id":"https:\/\/sey.fi\/hartola\/hartolan-seudun-elainsuojeluyhdistys\/elainsuojelu\/miten-tehdaan-elainsuojeluilmoitus\/#breadcrumb","itemListElement":[{"@type":"ListItem","position":1,"name":"Home","item":"https:\/\/sey.fi\/hartola\/"},{"@type":"ListItem","position":2,"name":"Hartolan seudun el\u00e4insuojeluyhdistys","item":"https:\/\/sey.fi\/hartola\/"},{"@type":"ListItem","position":3,"name":"El\u00e4insuojelu","item":"https:\/\/sey.fi\/hartola\/hartolan-seudun-elainsuojeluyhdistys\/elainsuojelu\/"},{"@type":"ListItem","position":4,"name":"Miten tehd\u00e4\u00e4n el\u00e4insuojeluilmoitus?"}]},{"@type":"WebSite","@id":"https:\/\/sey.fi\/hartola\/#website","url":"https:\/\/sey.fi\/hartola\/","name":"Hartolan seudun el\u00e4insuojeluyhdistys","description":"Uusi SEY J\u00e4senyhdistykset -sivusto","potentialAction":[{"@type":"SearchAction","target":{"@type":"EntryPoint","urlTemplate":"https:\/\/sey.fi\/hartola\/?s={search_term_string}"},"query-input":{"@type":"PropertyValueSpecification","valueRequired":true,"valueName":"search_term_string"}}],"inLanguage":"fi"}]}},"_links":{"self":[{"href":"https:\/\/sey.fi\/hartola\/wp-json\/wp\/v2\/pages\/147","targetHints":{"allow":["GET"]}}],"collection":[{"href":"https:\/\/sey.fi\/hartola\/wp-json\/wp\/v2\/pages"}],"about":[{"href":"https:\/\/sey.fi\/hartola\/wp-json\/wp\/v2\/types\/page"}],"author":[{"embeddable":true,"href":"https:\/\/sey.fi\/hartola\/wp-json\/wp\/v2\/users\/8"}],"replies":[{"embeddable":true,"href":"https:\/\/sey.fi\/hartola\/wp-json\/wp\/v2\/comments?post=147"}],"version-history":[{"count":1,"href":"https:\/\/sey.fi\/hartola\/wp-json\/wp\/v2\/pages\/147\/revisions"}],"predecessor-version":[{"id":148,"href":"https:\/\/sey.fi\/hartola\/wp-json\/wp\/v2\/pages\/147\/revisions\/148"}],"up":[{"embeddable":true,"href":"https:\/\/sey.fi\/hartola\/wp-json\/wp\/v2\/pages\/141"}],"wp:attachment":[{"href":"https:\/\/sey.fi\/hartola\/wp-json\/wp\/v2\/media?parent=147"}],"curies":[{"name":"wp","href":"https:\/\/api.w.org\/{rel}","templated":true}]}}