{"id":230,"date":"2022-02-24T17:33:56","date_gmt":"2022-02-24T15:33:56","guid":{"rendered":"https:\/\/sey.fi\/hartola\/?page_id=230"},"modified":"2022-02-24T17:36:26","modified_gmt":"2022-02-24T15:36:26","slug":"rekisteri-ja-tietosuojaseloste","status":"publish","type":"page","link":"https:\/\/sey.fi\/hartola\/hartolan-seudun-elainsuojeluyhdistys\/yhdistys\/rekisteri-ja-tietosuojaseloste\/","title":{"rendered":"Rekisteri- ja tietosuojaseloste"},"content":{"rendered":"\n<p>Hartolan seudun el\u00e4insuojeluyhdistys ry (HSESY ry) noudattaa tietosuoja-asioissaan ja rekisteriens\u00e4 k\u00e4sittelyss\u00e4 EU:n tietosuoja-asetusta (GDPR) sek\u00e4 soveltuvaa kansallista lains\u00e4\u00e4d\u00e4nt\u00f6\u00e4. Rekisterinpit\u00e4j\u00e4ll\u00e4 on tietosuoja-asetuksen mukaan velvollisuus informoida selke\u00e4ll\u00e4 tavalla rekister\u00f6ityj\u00e4. T\u00e4m\u00e4 seloste t\u00e4ytt\u00e4\u00e4 informointivelvoitteen.<\/p>\n\n\n\n<hr class=\"wp-block-separator is-style-wide\" \/>\n\n\n\n<p><strong>Rekisterinpit\u00e4j\u00e4<\/strong><\/p>\n\n\n\n<p>Hartolan seudun el\u00e4insuojeluyhdistys ry<br>c\/o Margit Nevala, Toivolantie 310, 19470 Lihavanp\u00e4\u00e4<br>045 883 8852<br>hsesy.ry@gmail.com<\/p>\n\n\n\n<p><strong>Rekister\u00f6idyt<\/strong><\/p>\n\n\n\n<p>Rekistereiss\u00e4 k\u00e4sitell\u00e4\u00e4n seuraavien henkil\u00f6iden ja toimijoiden henkil\u00f6tietoja: nykyiset,<br>eronneet ja mahdolliset tulevat j\u00e4senet, asiakkaat, yhteisty\u00f6kumppanit ja mahdolliset<br>tulevat yhteisty\u00f6kumppanit, luottamushenkil\u00f6t, vapaaehtoiset ty\u00f6ntekij\u00e4t sek\u00e4 kilpailuihin,<br>arvontoihin ja tapahtumiin ilmoittautuneet ja osallistuneet henkil\u00f6t.<\/p>\n\n\n\n<p><strong>Rekisterien yll\u00e4pit\u00e4misen peruste ja k\u00e4ytt\u00f6tarkoitus<\/strong><\/p>\n\n\n\n<p>Rekisterien olemassaolon tarkoitus on sujuvoittaa vuorovaikutusta j\u00e4senten, asiakkaiden<br>ja yhteisty\u00f6kumppaneiden kanssa ja tukea yhdistyksen toiminnan kasvua ja kehittymist\u00e4.<br>Henkil\u00f6tietoja k\u00e4sitell\u00e4\u00e4n vain HSESYn omien s\u00e4\u00e4nt\u00f6jen sallimissa rekistereiss\u00e4 toiminnan<br>sujuvuuden mahdollistamiseksi ja el\u00e4inten hyvinvoinnin varmistamiseksi.<br>Henkil\u00f6tietoja ei k\u00e4ytet\u00e4 automaattiseen p\u00e4\u00e4t\u00f6ksentekoon tai profilointiin.<\/p>\n\n\n\n<p><strong>Rekisteriin tallennettavat henkil\u00f6tiedot<\/strong><\/p>\n\n\n\n<p>Rekisteri voi pit\u00e4\u00e4 sis\u00e4ll\u00e4\u00e4n seuraavia tietoja:<\/p>\n\n\n\n<ul class=\"wp-block-list\"><li>koko nimi ja yhteystiedot (esim. postiosoite, s\u00e4hk\u00f6postiosoite, puhelinnumero sek\u00e4 maa)<\/li><li>yksil\u00f6intitiedot (esim. sukupuoli ja syntym\u00e4vuosi)<\/li><li>asiakkuuden ja sidosryhm\u00e4suhteen hoitamiseksi tarpeelliset tiedot (esim. asiakasnumero, asiakasryhm\u00e4, \u00e4idinkieli, lahjoitus- ja maksutiedot, pankkitilitiedot sek\u00e4 asiointia koskevat muut tarpeelliset tiedot)<\/li><li>henkil\u00f6tunnus (nimenkirjoittajien muutosilmoitus Patentti- ja rekisterihallitukseen)<\/li><li>laitetta tai yhteytt\u00e4 koskevat tiedot (kuten www-sivuston osoitteet, laitetunnus, MAC-osoite, laitteistomalli, k\u00e4ytt\u00f6j\u00e4rjestelm\u00e4 sek\u00e4 IP-osoite); sek\u00e4<\/li><li>muut Hartolan seudun el\u00e4insuojeluyhdistys ry:n j\u00e4rjest\u00e4mien tapahtumien, kampanjoiden, luottamushenkil\u00f6toiminnan, vapaaehtoistoiminnan ja tukemisen asianmukaisen ja onnistuneen j\u00e4rjest\u00e4misen sek\u00e4 niihin osallistumisen kannalta tarpeelliset tiedot.<\/li><\/ul>\n\n\n\n<p><strong>Rekister\u00f6idyn oikeudet<\/strong><\/p>\n\n\n\n<p>Rekister\u00f6idyll\u00e4 on seuraavat oikeudet, joiden k\u00e4ytt\u00e4mist\u00e4 koskevat pyynn\u00f6t tulee tehd\u00e4 osoitteeseen hsesy.ry@gmail.com tai kirjallisesti osoitteeseen:<\/p>\n\n\n\n<p>Hartolan seudun el\u00e4insuojeluyhdistys ry<br>c\/o Margit Nevala, Toivolantie 310, 19470 Lihavanp\u00e4\u00e4<\/p>\n\n\n\n<p><span style=\"text-decoration: underline\">Tarkastusoikeus<\/span><\/p>\n\n\n\n<p>Rekister\u00f6ity voi tarkastaa rekisteriin tallennetut henkil\u00f6tiedot.<\/p>\n\n\n\n<p><span style=\"text-decoration: underline\">Oikeus tietojen oikaisemiseen<\/span><\/p>\n\n\n\n<p>Rekister\u00f6ity voi pyyt\u00e4\u00e4 oikaisemaan h\u00e4nt\u00e4 koskevat virheelliset, puutteelliset ja\/tai vanhentuneet tiedot.<\/p>\n\n\n\n<p><span style=\"text-decoration: underline\">Vastustamisoikeus<\/span><\/p>\n\n\n\n<p>Rekister\u00f6ity voi vastustaa henkil\u00f6tietojen k\u00e4sittely\u00e4, mik\u00e4li kokee, ett\u00e4 henkil\u00f6tietoja on k\u00e4sitelty lainvastaisesti.<\/p>\n\n\n\n<p><span style=\"text-decoration: underline\">Suoramarkkinointikielto<\/span><\/p>\n\n\n\n<p>Rekister\u00f6idyll\u00e4 on oikeus kielt\u00e4\u00e4 tietojen k\u00e4ytt\u00e4minen suoramarkkinointiin.<\/p>\n\n\n\n<p><span style=\"text-decoration: underline\">Poisto-oikeus<\/span><\/p>\n\n\n\n<p>Rekister\u00f6idyll\u00e4 on oikeus pyyt\u00e4\u00e4 tietojen poistamista, jos tietojen k\u00e4sittely ei ole tarpeen. Hartolan seudun el\u00e4insuojeluyhdistys ry k\u00e4sittelee poistopyynn\u00f6n, jonka j\u00e4lkeen joko tiedot poistetaan ilman aiheetonta viivytyst\u00e4 tai ilmoitetaan perusteltu syy, miksi tietoja ei voida poistaa.<\/p>\n\n\n\n<p>On huomioitava, ett\u00e4 rekisterinpit\u00e4j\u00e4ll\u00e4 voi olla lakis\u00e4\u00e4teinen tai muu oikeus olla poistamatta pyydetty\u00e4 tietoa. Rekisterinpit\u00e4j\u00e4ll\u00e4 on velvollisuus s\u00e4ilytt\u00e4\u00e4 kirjanpitoaineisto Kirjanpitolaissa (luku 2, 10 \u00a7) m\u00e4\u00e4ritellyn ajan (10 vuotta) mukaisesti. T\u00e4m\u00e4n vuoksi kirjanpitoon liittyv\u00e4\u00e4 aineistoa ei voida poistaa ennen m\u00e4\u00e4r\u00e4ajan umpeutumista.<\/p>\n\n\n\n<p><span style=\"text-decoration: underline\">Suostumuksen peruuttaminen<\/span><\/p>\n\n\n\n<p>Jos rekister\u00f6ity\u00e4 koskeva henkil\u00f6tietojen k\u00e4sittely perustuu ainoastaan suostumukseen, eik\u00e4 esim. asiakkuuteen tai j\u00e4senyyteen, voi rekister\u00f6ity peruuttaa suostumuksen.<\/p>\n\n\n\n<p><span style=\"text-decoration: underline\">Valitusoikeus<\/span><\/p>\n\n\n\n<p>Rekister\u00f6idyll\u00e4 on oikeus tehd\u00e4 tietosuojavaltuutetulle kantelu, jos h\u00e4n kokee, ett\u00e4 henkil\u00f6tietoja k\u00e4sitelt\u00e4ess\u00e4 rikotaan lakia tai voimassa olevaa tietosuojalains\u00e4\u00e4d\u00e4nt\u00f6\u00e4.<\/p>\n\n\n\n<p>Tietosuojavaltuutetun yhteystiedot: <a href=\"http:\/\/www.tietosuoja.fi\/fi\/index\/yhteystiedot.html\" data-type=\"URL\" data-id=\"www.tietosuoja.fi\/fi\/index\/yhteystiedot.html\">www.tietosuoja.fi\/fi\/index\/yhteystiedot.html<\/a><\/p>\n\n\n\n<p>Rekister\u00f6idyll\u00e4 on oikeus vaatia kiistanalaisten tietojen k\u00e4sittelyn rajoittamista siksi aikaa, kunnes asia saadaan ratkaistua. Rekisterinpit\u00e4j\u00e4ll\u00e4 voi olla lakis\u00e4\u00e4teinen tai muu oikeus olla poistamatta poistettavaksi pyydetty\u00e4 tietoa.<\/p>\n\n\n\n<p><strong>Tietol\u00e4hteet<\/strong><\/p>\n\n\n\n<p>Rekistereiss\u00e4 olevat tiedot ovat p\u00e4\u00e4osin rekister\u00f6ityjen HSESYlle antamia tietoja ja liittyv\u00e4t j\u00e4senyyden hakemiseen, sijaiskodiksi tai vapaaehtoisty\u00f6ntekij\u00e4ksi tarjoutumiseen, tapahtumaan ilmoittautumiseen, luottamushenkil\u00f6ksi valintaan tai siihen, ett\u00e4 rekister\u00f6ity on muussa tarkoituksessa (yleens\u00e4 el\u00e4int\u00e4 koskevassa asiassa) ottanut yhteytt\u00e4 HSESYyn puhelimitse, s\u00e4hk\u00f6postitse, kirjeitse tai sosiaalisen median kautta. HSESYn j\u00e4rjest\u00e4miss\u00e4 sirutustapahtumissa ker\u00e4t\u00e4\u00e4n tietoja turvasiru.fi -rekister\u00f6inti\u00e4 varten, mutta paperille kirjatut tiedot tuhotaan heti rekister\u00f6innin j\u00e4lkeen. HSESYn toiminnalle t\u00e4rkeiden yhteisty\u00f6kumppaneiden (esim. muut el\u00e4insuojeluyhdistykset, el\u00e4insuojeluviranomaiset, l\u00f6yt\u00f6el\u00e4intalot ja tapahtumien sponsorit) yhteystiedot ovat julkisesti saatavissa, ja niiden k\u00e4sittely on molempien osapuolten edun mukaista.<\/p>\n\n\n\n<p><strong>Tietojen luovuttaminen eteenp\u00e4in<\/strong><\/p>\n\n\n\n<p>HSESY ei p\u00e4\u00e4s\u00e4\u00e4nt\u00f6isesti luovuta tietoja kolmansille osapuolille, esim. markkinointitarkoitukseen yhdistyksen ulkopuolelle. Henkil\u00f6tietoja luovutetaan vain toimivaltaisen viranomaisen m\u00e4\u00e4r\u00e4yksest\u00e4, joka perustuu voimassa olevaan lains\u00e4\u00e4d\u00e4nt\u00f6\u00f6n.<\/p>\n\n\n\n<p><strong>Tietojen s\u00e4ilytt\u00e4misaika<\/strong><\/p>\n\n\n\n<p>Henkil\u00f6tietoja s\u00e4ilytet\u00e4\u00e4n vain niin kauan kuin se on v\u00e4ltt\u00e4m\u00e4t\u00f6nt\u00e4, kuitenkin voimassa olevan lains\u00e4\u00e4d\u00e4nn\u00f6n mukaisesti. Kirjanpitoon liittyv\u00e4 aineisto tulee s\u00e4ilytt\u00e4\u00e4 10 vuotta Kirjanpitolain mukaan.<\/p>\n\n\n\n<p><strong>Tietojen k\u00e4sittelij\u00e4t<\/strong><\/p>\n\n\n\n<p>HSESYn valtuuttamat henkil\u00f6t voivat k\u00e4sitell\u00e4 henkil\u00f6tietoja voimassa olevaa lains\u00e4\u00e4d\u00e4nt\u00f6\u00e4 noudattaen ja asianmukaisesti. HSESY rajoittaa tietoja k\u00e4sittelevien henkil\u00f6iden piiri\u00e4 niin, ett\u00e4 tietoihin p\u00e4\u00e4sev\u00e4t k\u00e4siksi vain ne HSESYn edustajat, joiden on teht\u00e4viens\u00e4 takia tarpeellista k\u00e4sitell\u00e4 tietoja. Tarvittaessa henkil\u00f6tietojen k\u00e4sittely voidaan ulkoistaa kolmannelle osapuolelle kuten esimerkiksi tilitoimistolle.<\/p>\n\n\n\n<p>Hartolan seudun el\u00e4insuojeluyhdistys ry on antanut j\u00e4senrekisterins\u00e4 yll\u00e4pidon SEY Suomen el\u00e4insuojelu ry:n teht\u00e4v\u00e4ksi.<\/p>\n\n\n\n<p><strong>Tietoturva<\/strong><\/p>\n\n\n\n<p>HSESY pyrkii teknisin ja organisatorisin toimin suojaamaan rekisterit luvattomalta p\u00e4\u00e4sylt\u00e4, vahingossa tai laittomasti tapahtuvalta tietojen h\u00e4vitt\u00e4miselt\u00e4, v\u00e4\u00e4rink\u00e4yt\u00f6kselt\u00e4, siirt\u00e4miselt\u00e4, luovuttamiselta tai muulta laittomalta k\u00e4sittelylt\u00e4. S\u00e4hk\u00f6iset rekisterit on suojattu yksil\u00f6llisin k\u00e4ytt\u00e4j\u00e4tunnuksin ja salasanoin. Manuaalinen aineisto s\u00e4ilytet\u00e4\u00e4n lukitussa tilassa.<\/p>\n\n\n\n<p><strong>Yhteydenotot<\/strong><\/p>\n\n\n\n<p>Rekister\u00f6idyn oikeuksia koskevat pyynn\u00f6t ja t\u00e4t\u00e4 selostetta koskevat kommentit ja kysymykset voi v\u00e4litt\u00e4\u00e4 HSESYlle kohdassa 1 mainitun puhelinnumeron tai s\u00e4hk\u00f6postiosoitteen kautta.<\/p>\n\n\n\n<p><strong>Muutokset t\u00e4h\u00e4n tietosuojaselosteeseen<\/strong><\/p>\n\n\n\n<p>HSESY kehitt\u00e4\u00e4 jatkuvasti toimintaansa ja pid\u00e4tt\u00e4\u00e4 itsell\u00e4\u00e4n oikeuden muuttaa t\u00e4t\u00e4 selostetta. Muutostarpeen voivat aiheuttaa my\u00f6s lains\u00e4\u00e4d\u00e4nn\u00f6n muutokset. T\u00e4m\u00e4 seloste on p\u00e4ivitetty 24.2.2022<\/p>\n","protected":false},"excerpt":{"rendered":"<p>Hartolan seudun el\u00e4insuojeluyhdistys ry (HSESY ry) noudattaa tietosuoja-asioissaan ja rekisteriens\u00e4 k\u00e4sittelyss\u00e4 EU:n tietosuoja-asetusta (GDPR) sek\u00e4 soveltuvaa kansallista lains\u00e4\u00e4d\u00e4nt\u00f6\u00e4. Rekisterinpit\u00e4j\u00e4ll\u00e4 on tietosuoja-asetuksen mukaan velvollisuus informoida selke\u00e4ll\u00e4 tavalla rekister\u00f6ityj\u00e4. T\u00e4m\u00e4 seloste t\u00e4ytt\u00e4\u00e4 informointivelvoitteen. Rekisterinpit\u00e4j\u00e4 Hartolan seudun el\u00e4insuojeluyhdistys ryc\/o Margit Nevala, Toivolantie 310, 19470 Lihavanp\u00e4\u00e4045 883 8852hsesy.ry@gmail.com Rekister\u00f6idyt Rekistereiss\u00e4 k\u00e4sitell\u00e4\u00e4n seuraavien henkil\u00f6iden ja toimijoiden henkil\u00f6tietoja: nykyiset,eronneet ja mahdolliset [&hellip;]<\/p>\n","protected":false},"author":58,"featured_media":0,"parent":86,"menu_order":1,"comment_status":"closed","ping_status":"closed","template":"","meta":{"_acf_changed":false,"footnotes":""},"class_list":["post-230","page","type-page","status-publish","hentry"],"acf":[],"yoast_head":"<!-- This site is optimized with the Yoast SEO plugin v27.1.1 - https:\/\/yoast.com\/product\/yoast-seo-wordpress\/ -->\n<title>Rekisteri- ja tietosuojaseloste - Hartolan seudun el\u00e4insuojeluyhdistys<\/title>\n<meta name=\"robots\" content=\"index, follow, max-snippet:-1, max-image-preview:large, max-video-preview:-1\" \/>\n<link rel=\"canonical\" href=\"https:\/\/sey.fi\/hartola\/hartolan-seudun-elainsuojeluyhdistys\/yhdistys\/rekisteri-ja-tietosuojaseloste\/\" \/>\n<meta property=\"og:locale\" content=\"fi_FI\" \/>\n<meta property=\"og:type\" content=\"article\" \/>\n<meta property=\"og:title\" content=\"Rekisteri- ja tietosuojaseloste - Hartolan seudun el\u00e4insuojeluyhdistys\" \/>\n<meta property=\"og:description\" content=\"Hartolan seudun el\u00e4insuojeluyhdistys ry (HSESY ry) noudattaa tietosuoja-asioissaan ja rekisteriens\u00e4 k\u00e4sittelyss\u00e4 EU:n tietosuoja-asetusta (GDPR) sek\u00e4 soveltuvaa kansallista lains\u00e4\u00e4d\u00e4nt\u00f6\u00e4. Rekisterinpit\u00e4j\u00e4ll\u00e4 on tietosuoja-asetuksen mukaan velvollisuus informoida selke\u00e4ll\u00e4 tavalla rekister\u00f6ityj\u00e4. T\u00e4m\u00e4 seloste t\u00e4ytt\u00e4\u00e4 informointivelvoitteen. Rekisterinpit\u00e4j\u00e4 Hartolan seudun el\u00e4insuojeluyhdistys ryc\/o Margit Nevala, Toivolantie 310, 19470 Lihavanp\u00e4\u00e4045 883 8852hsesy.ry@gmail.com Rekister\u00f6idyt Rekistereiss\u00e4 k\u00e4sitell\u00e4\u00e4n seuraavien henkil\u00f6iden ja toimijoiden henkil\u00f6tietoja: nykyiset,eronneet ja mahdolliset [&hellip;]\" \/>\n<meta property=\"og:url\" content=\"https:\/\/sey.fi\/hartola\/hartolan-seudun-elainsuojeluyhdistys\/yhdistys\/rekisteri-ja-tietosuojaseloste\/\" \/>\n<meta property=\"og:site_name\" content=\"Hartolan seudun el\u00e4insuojeluyhdistys\" \/>\n<meta property=\"article:modified_time\" content=\"2022-02-24T15:36:26+00:00\" \/>\n<meta name=\"twitter:card\" content=\"summary_large_image\" \/>\n<meta name=\"twitter:label1\" content=\"Arvioitu lukuaika\" \/>\n\t<meta name=\"twitter:data1\" content=\"5 minuuttia\" \/>\n<script type=\"application\/ld+json\" class=\"yoast-schema-graph\">{\"@context\":\"https:\/\/schema.org\",\"@graph\":[{\"@type\":\"WebPage\",\"@id\":\"https:\/\/sey.fi\/hartola\/hartolan-seudun-elainsuojeluyhdistys\/yhdistys\/rekisteri-ja-tietosuojaseloste\/\",\"url\":\"https:\/\/sey.fi\/hartola\/hartolan-seudun-elainsuojeluyhdistys\/yhdistys\/rekisteri-ja-tietosuojaseloste\/\",\"name\":\"Rekisteri- ja tietosuojaseloste - Hartolan seudun el\u00e4insuojeluyhdistys\",\"isPartOf\":{\"@id\":\"https:\/\/sey.fi\/hartola\/#website\"},\"datePublished\":\"2022-02-24T15:33:56+00:00\",\"dateModified\":\"2022-02-24T15:36:26+00:00\",\"breadcrumb\":{\"@id\":\"https:\/\/sey.fi\/hartola\/hartolan-seudun-elainsuojeluyhdistys\/yhdistys\/rekisteri-ja-tietosuojaseloste\/#breadcrumb\"},\"inLanguage\":\"fi\",\"potentialAction\":[{\"@type\":\"ReadAction\",\"target\":[\"https:\/\/sey.fi\/hartola\/hartolan-seudun-elainsuojeluyhdistys\/yhdistys\/rekisteri-ja-tietosuojaseloste\/\"]}]},{\"@type\":\"BreadcrumbList\",\"@id\":\"https:\/\/sey.fi\/hartola\/hartolan-seudun-elainsuojeluyhdistys\/yhdistys\/rekisteri-ja-tietosuojaseloste\/#breadcrumb\",\"itemListElement\":[{\"@type\":\"ListItem\",\"position\":1,\"name\":\"Home\",\"item\":\"https:\/\/sey.fi\/hartola\/\"},{\"@type\":\"ListItem\",\"position\":2,\"name\":\"Hartolan seudun el\u00e4insuojeluyhdistys\",\"item\":\"https:\/\/sey.fi\/hartola\/\"},{\"@type\":\"ListItem\",\"position\":3,\"name\":\"Yhdistys\",\"item\":\"https:\/\/sey.fi\/hartola\/hartolan-seudun-elainsuojeluyhdistys\/yhdistys\/\"},{\"@type\":\"ListItem\",\"position\":4,\"name\":\"Rekisteri- ja tietosuojaseloste\"}]},{\"@type\":\"WebSite\",\"@id\":\"https:\/\/sey.fi\/hartola\/#website\",\"url\":\"https:\/\/sey.fi\/hartola\/\",\"name\":\"Hartolan seudun el\u00e4insuojeluyhdistys\",\"description\":\"Uusi SEY J\u00e4senyhdistykset -sivusto\",\"potentialAction\":[{\"@type\":\"SearchAction\",\"target\":{\"@type\":\"EntryPoint\",\"urlTemplate\":\"https:\/\/sey.fi\/hartola\/?s={search_term_string}\"},\"query-input\":{\"@type\":\"PropertyValueSpecification\",\"valueRequired\":true,\"valueName\":\"search_term_string\"}}],\"inLanguage\":\"fi\"}]}<\/script>\n<!-- \/ Yoast SEO plugin. -->","yoast_head_json":{"title":"Rekisteri- ja tietosuojaseloste - Hartolan seudun el\u00e4insuojeluyhdistys","robots":{"index":"index","follow":"follow","max-snippet":"max-snippet:-1","max-image-preview":"max-image-preview:large","max-video-preview":"max-video-preview:-1"},"canonical":"https:\/\/sey.fi\/hartola\/hartolan-seudun-elainsuojeluyhdistys\/yhdistys\/rekisteri-ja-tietosuojaseloste\/","og_locale":"fi_FI","og_type":"article","og_title":"Rekisteri- ja tietosuojaseloste - Hartolan seudun el\u00e4insuojeluyhdistys","og_description":"Hartolan seudun el\u00e4insuojeluyhdistys ry (HSESY ry) noudattaa tietosuoja-asioissaan ja rekisteriens\u00e4 k\u00e4sittelyss\u00e4 EU:n tietosuoja-asetusta (GDPR) sek\u00e4 soveltuvaa kansallista lains\u00e4\u00e4d\u00e4nt\u00f6\u00e4. Rekisterinpit\u00e4j\u00e4ll\u00e4 on tietosuoja-asetuksen mukaan velvollisuus informoida selke\u00e4ll\u00e4 tavalla rekister\u00f6ityj\u00e4. T\u00e4m\u00e4 seloste t\u00e4ytt\u00e4\u00e4 informointivelvoitteen. Rekisterinpit\u00e4j\u00e4 Hartolan seudun el\u00e4insuojeluyhdistys ryc\/o Margit Nevala, Toivolantie 310, 19470 Lihavanp\u00e4\u00e4045 883 8852hsesy.ry@gmail.com Rekister\u00f6idyt Rekistereiss\u00e4 k\u00e4sitell\u00e4\u00e4n seuraavien henkil\u00f6iden ja toimijoiden henkil\u00f6tietoja: nykyiset,eronneet ja mahdolliset [&hellip;]","og_url":"https:\/\/sey.fi\/hartola\/hartolan-seudun-elainsuojeluyhdistys\/yhdistys\/rekisteri-ja-tietosuojaseloste\/","og_site_name":"Hartolan seudun el\u00e4insuojeluyhdistys","article_modified_time":"2022-02-24T15:36:26+00:00","twitter_card":"summary_large_image","twitter_misc":{"Arvioitu lukuaika":"5 minuuttia"},"schema":{"@context":"https:\/\/schema.org","@graph":[{"@type":"WebPage","@id":"https:\/\/sey.fi\/hartola\/hartolan-seudun-elainsuojeluyhdistys\/yhdistys\/rekisteri-ja-tietosuojaseloste\/","url":"https:\/\/sey.fi\/hartola\/hartolan-seudun-elainsuojeluyhdistys\/yhdistys\/rekisteri-ja-tietosuojaseloste\/","name":"Rekisteri- ja tietosuojaseloste - Hartolan seudun el\u00e4insuojeluyhdistys","isPartOf":{"@id":"https:\/\/sey.fi\/hartola\/#website"},"datePublished":"2022-02-24T15:33:56+00:00","dateModified":"2022-02-24T15:36:26+00:00","breadcrumb":{"@id":"https:\/\/sey.fi\/hartola\/hartolan-seudun-elainsuojeluyhdistys\/yhdistys\/rekisteri-ja-tietosuojaseloste\/#breadcrumb"},"inLanguage":"fi","potentialAction":[{"@type":"ReadAction","target":["https:\/\/sey.fi\/hartola\/hartolan-seudun-elainsuojeluyhdistys\/yhdistys\/rekisteri-ja-tietosuojaseloste\/"]}]},{"@type":"BreadcrumbList","@id":"https:\/\/sey.fi\/hartola\/hartolan-seudun-elainsuojeluyhdistys\/yhdistys\/rekisteri-ja-tietosuojaseloste\/#breadcrumb","itemListElement":[{"@type":"ListItem","position":1,"name":"Home","item":"https:\/\/sey.fi\/hartola\/"},{"@type":"ListItem","position":2,"name":"Hartolan seudun el\u00e4insuojeluyhdistys","item":"https:\/\/sey.fi\/hartola\/"},{"@type":"ListItem","position":3,"name":"Yhdistys","item":"https:\/\/sey.fi\/hartola\/hartolan-seudun-elainsuojeluyhdistys\/yhdistys\/"},{"@type":"ListItem","position":4,"name":"Rekisteri- ja tietosuojaseloste"}]},{"@type":"WebSite","@id":"https:\/\/sey.fi\/hartola\/#website","url":"https:\/\/sey.fi\/hartola\/","name":"Hartolan seudun el\u00e4insuojeluyhdistys","description":"Uusi SEY J\u00e4senyhdistykset -sivusto","potentialAction":[{"@type":"SearchAction","target":{"@type":"EntryPoint","urlTemplate":"https:\/\/sey.fi\/hartola\/?s={search_term_string}"},"query-input":{"@type":"PropertyValueSpecification","valueRequired":true,"valueName":"search_term_string"}}],"inLanguage":"fi"}]}},"_links":{"self":[{"href":"https:\/\/sey.fi\/hartola\/wp-json\/wp\/v2\/pages\/230","targetHints":{"allow":["GET"]}}],"collection":[{"href":"https:\/\/sey.fi\/hartola\/wp-json\/wp\/v2\/pages"}],"about":[{"href":"https:\/\/sey.fi\/hartola\/wp-json\/wp\/v2\/types\/page"}],"author":[{"embeddable":true,"href":"https:\/\/sey.fi\/hartola\/wp-json\/wp\/v2\/users\/58"}],"replies":[{"embeddable":true,"href":"https:\/\/sey.fi\/hartola\/wp-json\/wp\/v2\/comments?post=230"}],"version-history":[{"count":2,"href":"https:\/\/sey.fi\/hartola\/wp-json\/wp\/v2\/pages\/230\/revisions"}],"predecessor-version":[{"id":233,"href":"https:\/\/sey.fi\/hartola\/wp-json\/wp\/v2\/pages\/230\/revisions\/233"}],"up":[{"embeddable":true,"href":"https:\/\/sey.fi\/hartola\/wp-json\/wp\/v2\/pages\/86"}],"wp:attachment":[{"href":"https:\/\/sey.fi\/hartola\/wp-json\/wp\/v2\/media?parent=230"}],"curies":[{"name":"wp","href":"https:\/\/api.w.org\/{rel}","templated":true}]}}