{"id":287,"date":"2022-12-29T16:40:02","date_gmt":"2022-12-29T14:40:02","guid":{"rendered":"https:\/\/sey.fi\/hartola\/?page_id=287"},"modified":"2022-12-29T17:39:07","modified_gmt":"2022-12-29T15:39:07","slug":"yleiset-sopimusehdot","status":"publish","type":"page","link":"https:\/\/sey.fi\/hartola\/hartolan-seudun-elainsuojeluyhdistys\/kotia-etsivat\/yleiset-sopimusehdot\/","title":{"rendered":"Yleiset sopimusehdot"},"content":{"rendered":"\n<p>Tutustuthan sopimusehtoihin jo ennen adoptiohakemuksen tekemist\u00e4. Ehdot ovat voimassa toistaiseksi ja koskevat l\u00e4ht\u00f6kohtaisesti kaikkia kissojen adoptointeja. Oikeudet muutoksiin pid\u00e4tet\u00e4\u00e4n.<\/p>\n\n\n\n<figure class=\"wp-block-image size-large is-style-default\"><img loading=\"lazy\" decoding=\"async\" width=\"1024\" height=\"685\" src=\"https:\/\/sey.fi\/wp-content\/uploads\/sites\/11\/2022\/12\/DSC_0050-1024x685.jpg\" alt=\"\" class=\"wp-image-288\" srcset=\"https:\/\/sey.fi\/wp-content\/uploads\/sites\/11\/2022\/12\/DSC_0050-1024x685.jpg 1024w, https:\/\/sey.fi\/wp-content\/uploads\/sites\/11\/2022\/12\/DSC_0050-300x201.jpg 300w, https:\/\/sey.fi\/wp-content\/uploads\/sites\/11\/2022\/12\/DSC_0050-768x514.jpg 768w, https:\/\/sey.fi\/wp-content\/uploads\/sites\/11\/2022\/12\/DSC_0050-1536x1028.jpg 1536w, https:\/\/sey.fi\/wp-content\/uploads\/sites\/11\/2022\/12\/DSC_0050-2048x1371.jpg 2048w\" sizes=\"auto, (max-width: 1024px) 100vw, 1024px\" \/><\/figure>\n\n\n\n<h2 class=\"wp-block-heading\">EL\u00c4IMEN KUNTO<\/h2>\n\n\n\n<p>Ostaja on tarkastanut kissan ja hyv\u00e4ksyy sen siin\u00e4 kunnossa, kuin se on luovutushetkell\u00e4. Myyj\u00e4 vakuuttaa kertoneensa kaikki tiedossaan olevat el\u00e4int\u00e4 koskevat tiedot.<\/p>\n\n\n\n<p>Uuden omistajan tulee varautua siihen, ett\u00e4 kissalla voi my\u00f6hemmin ilmet\u00e4 sairauksia, joita ei l\u00f6yt\u00f6el\u00e4inkodissa ole havaittu. L\u00f6yt\u00f6el\u00e4inkoti ei ole vastuussa kissan piilevist\u00e4 sairauksista, tartuntataudeista tai k\u00e4yt\u00f6songelmista.<\/p>\n\n\n\n<h2 class=\"wp-block-heading\">OMISTUS- JA HALLINTAOIKEUS<\/h2>\n\n\n\n<p>Kissan omistusoikeus siirtyy ostajalle, kun kauppasumma on kokonaisuudessaan maksettu ja luovutussopimus allekirjoitettu.<br><br>L\u00f6yt\u00f6el\u00e4inkodin vastuu el\u00e4imest\u00e4 p\u00e4\u00e4ttyy sopimuksessa mainittuna kaupantekop\u00e4iv\u00e4n\u00e4 ja siirtyy kokonaisuudessaan kissan uudelle omistajalle.<br><br>Kissan mukana luovutetaan sen mahdollinen rokotuskortti ja muut viralliset paperit.<\/p>\n\n\n\n<p>Uusi omistaja ei saa luovuttaa tai myyd\u00e4 kissaa eteenp\u00e4in ilman l\u00f6yt\u00f6el\u00e4inkodin lupaa. Mik\u00e4li kissa palautuu l\u00f6yt\u00f6el\u00e4inkodille, maksettua kauppasummaa ei palauteta.<\/p>\n\n\n\n<h2 class=\"wp-block-heading\">EL\u00c4IMEST\u00c4 HUOLEHTIMINEN<\/h2>\n\n\n\n<p>Kissan uusi omistaja sitoutuu huolehtimaan kissasta, sen ruokinnasta, terveydenhoidosta ja hyvinvoinnista el\u00e4inten oikeuksia ja el\u00e4insuojelulakia noudattaen.<\/p>\n\n\n\n<p>L\u00f6yt\u00f6el\u00e4inkodista otetulla el\u00e4imell\u00e4 ei saa teett\u00e4\u00e4 pentuja. Mik\u00e4li kissa on luovutushetkell\u00e4 leikkaamaton, tulee uuden omistajan vied\u00e4 kissa kastroitavaksi\/steriloitavaksi heti kun se on mahdollista, viimeist\u00e4\u00e4n kissan t\u00e4ytetty\u00e4 12kk.<\/p>\n\n\n\n<p><strong>Kissoja ei luovuteta vapaasti ulkoileviksi.<\/strong><\/p>\n\n\n\n<h2 class=\"wp-block-heading\">YHTEYDENPITO<\/h2>\n\n\n\n<p>Uuden omistajan toivotaan kertovan kissan kuulumisista s\u00e4\u00e4nn\u00f6llisesti. L\u00f6yt\u00f6el\u00e4inkodin edustajalla on oikeus k\u00e4yd\u00e4 katsomassa kissaa ja jos h\u00e4n toteaa sen hoidon laiminly\u00f6dyksi, tai jonkin yll\u00e4 mainitun sopimuskohdan rikotuksi, on yhdistyksell\u00e4 oikeus ottaa kissa v\u00e4litt\u00f6m\u00e4sti takaisin.<\/p>\n\n\n\n<p>Uusi omistaja sitoutuu ilmoittamaan yhteystietojensa muuttumisesta yhdistykselle.<\/p>\n","protected":false},"excerpt":{"rendered":"<p>Tutustuthan sopimusehtoihin jo ennen adoptiohakemuksen tekemist\u00e4. Ehdot ovat voimassa toistaiseksi ja koskevat l\u00e4ht\u00f6kohtaisesti kaikkia kissojen adoptointeja. Oikeudet muutoksiin pid\u00e4tet\u00e4\u00e4n. EL\u00c4IMEN KUNTO Ostaja on tarkastanut kissan ja hyv\u00e4ksyy sen siin\u00e4 kunnossa, kuin se on luovutushetkell\u00e4. Myyj\u00e4 vakuuttaa kertoneensa kaikki tiedossaan olevat el\u00e4int\u00e4 koskevat tiedot. Uuden omistajan tulee varautua siihen, ett\u00e4 kissalla voi my\u00f6hemmin ilmet\u00e4 sairauksia, joita [&hellip;]<\/p>\n","protected":false},"author":58,"featured_media":0,"parent":133,"menu_order":0,"comment_status":"closed","ping_status":"closed","template":"","meta":{"_acf_changed":false,"footnotes":""},"class_list":["post-287","page","type-page","status-publish","hentry"],"acf":[],"yoast_head":"<!-- This site is optimized with the Yoast SEO plugin v27.1.1 - https:\/\/yoast.com\/product\/yoast-seo-wordpress\/ -->\n<title>Yleiset sopimusehdot - Hartolan seudun el\u00e4insuojeluyhdistys<\/title>\n<meta name=\"robots\" content=\"index, follow, max-snippet:-1, max-image-preview:large, max-video-preview:-1\" \/>\n<link rel=\"canonical\" href=\"https:\/\/sey.fi\/hartola\/hartolan-seudun-elainsuojeluyhdistys\/kotia-etsivat\/yleiset-sopimusehdot\/\" \/>\n<meta property=\"og:locale\" content=\"fi_FI\" \/>\n<meta property=\"og:type\" content=\"article\" \/>\n<meta property=\"og:title\" content=\"Yleiset sopimusehdot - Hartolan seudun el\u00e4insuojeluyhdistys\" \/>\n<meta property=\"og:description\" content=\"Tutustuthan sopimusehtoihin jo ennen adoptiohakemuksen tekemist\u00e4. Ehdot ovat voimassa toistaiseksi ja koskevat l\u00e4ht\u00f6kohtaisesti kaikkia kissojen adoptointeja. Oikeudet muutoksiin pid\u00e4tet\u00e4\u00e4n. EL\u00c4IMEN KUNTO Ostaja on tarkastanut kissan ja hyv\u00e4ksyy sen siin\u00e4 kunnossa, kuin se on luovutushetkell\u00e4. Myyj\u00e4 vakuuttaa kertoneensa kaikki tiedossaan olevat el\u00e4int\u00e4 koskevat tiedot. Uuden omistajan tulee varautua siihen, ett\u00e4 kissalla voi my\u00f6hemmin ilmet\u00e4 sairauksia, joita [&hellip;]\" \/>\n<meta property=\"og:url\" content=\"https:\/\/sey.fi\/hartola\/hartolan-seudun-elainsuojeluyhdistys\/kotia-etsivat\/yleiset-sopimusehdot\/\" \/>\n<meta property=\"og:site_name\" content=\"Hartolan seudun el\u00e4insuojeluyhdistys\" \/>\n<meta property=\"article:modified_time\" content=\"2022-12-29T15:39:07+00:00\" \/>\n<meta property=\"og:image\" content=\"https:\/\/sey.fi\/wp-content\/uploads\/sites\/11\/2022\/12\/DSC_0050-1024x685.jpg\" \/>\n<meta name=\"twitter:card\" content=\"summary_large_image\" \/>\n<meta name=\"twitter:label1\" content=\"Arvioitu lukuaika\" \/>\n\t<meta name=\"twitter:data1\" content=\"2 minuuttia\" \/>\n<script type=\"application\/ld+json\" class=\"yoast-schema-graph\">{\"@context\":\"https:\/\/schema.org\",\"@graph\":[{\"@type\":\"WebPage\",\"@id\":\"https:\/\/sey.fi\/hartola\/hartolan-seudun-elainsuojeluyhdistys\/kotia-etsivat\/yleiset-sopimusehdot\/\",\"url\":\"https:\/\/sey.fi\/hartola\/hartolan-seudun-elainsuojeluyhdistys\/kotia-etsivat\/yleiset-sopimusehdot\/\",\"name\":\"Yleiset sopimusehdot - Hartolan seudun el\u00e4insuojeluyhdistys\",\"isPartOf\":{\"@id\":\"https:\/\/sey.fi\/hartola\/#website\"},\"primaryImageOfPage\":{\"@id\":\"https:\/\/sey.fi\/hartola\/hartolan-seudun-elainsuojeluyhdistys\/kotia-etsivat\/yleiset-sopimusehdot\/#primaryimage\"},\"image\":{\"@id\":\"https:\/\/sey.fi\/hartola\/hartolan-seudun-elainsuojeluyhdistys\/kotia-etsivat\/yleiset-sopimusehdot\/#primaryimage\"},\"thumbnailUrl\":\"https:\/\/sey.fi\/wp-content\/uploads\/sites\/11\/2022\/12\/DSC_0050-1024x685.jpg\",\"datePublished\":\"2022-12-29T14:40:02+00:00\",\"dateModified\":\"2022-12-29T15:39:07+00:00\",\"breadcrumb\":{\"@id\":\"https:\/\/sey.fi\/hartola\/hartolan-seudun-elainsuojeluyhdistys\/kotia-etsivat\/yleiset-sopimusehdot\/#breadcrumb\"},\"inLanguage\":\"fi\",\"potentialAction\":[{\"@type\":\"ReadAction\",\"target\":[\"https:\/\/sey.fi\/hartola\/hartolan-seudun-elainsuojeluyhdistys\/kotia-etsivat\/yleiset-sopimusehdot\/\"]}]},{\"@type\":\"ImageObject\",\"inLanguage\":\"fi\",\"@id\":\"https:\/\/sey.fi\/hartola\/hartolan-seudun-elainsuojeluyhdistys\/kotia-etsivat\/yleiset-sopimusehdot\/#primaryimage\",\"url\":\"https:\/\/sey.fi\/wp-content\/uploads\/sites\/11\/2022\/12\/DSC_0050-1024x685.jpg\",\"contentUrl\":\"https:\/\/sey.fi\/wp-content\/uploads\/sites\/11\/2022\/12\/DSC_0050-1024x685.jpg\"},{\"@type\":\"BreadcrumbList\",\"@id\":\"https:\/\/sey.fi\/hartola\/hartolan-seudun-elainsuojeluyhdistys\/kotia-etsivat\/yleiset-sopimusehdot\/#breadcrumb\",\"itemListElement\":[{\"@type\":\"ListItem\",\"position\":1,\"name\":\"Home\",\"item\":\"https:\/\/sey.fi\/hartola\/\"},{\"@type\":\"ListItem\",\"position\":2,\"name\":\"Hartolan seudun el\u00e4insuojeluyhdistys\",\"item\":\"https:\/\/sey.fi\/hartola\/\"},{\"@type\":\"ListItem\",\"position\":3,\"name\":\"Kotia etsiv\u00e4t\",\"item\":\"https:\/\/sey.fi\/hartola\/hartolan-seudun-elainsuojeluyhdistys\/kotia-etsivat\/\"},{\"@type\":\"ListItem\",\"position\":4,\"name\":\"Yleiset sopimusehdot\"}]},{\"@type\":\"WebSite\",\"@id\":\"https:\/\/sey.fi\/hartola\/#website\",\"url\":\"https:\/\/sey.fi\/hartola\/\",\"name\":\"Hartolan seudun el\u00e4insuojeluyhdistys\",\"description\":\"Uusi SEY J\u00e4senyhdistykset -sivusto\",\"potentialAction\":[{\"@type\":\"SearchAction\",\"target\":{\"@type\":\"EntryPoint\",\"urlTemplate\":\"https:\/\/sey.fi\/hartola\/?s={search_term_string}\"},\"query-input\":{\"@type\":\"PropertyValueSpecification\",\"valueRequired\":true,\"valueName\":\"search_term_string\"}}],\"inLanguage\":\"fi\"}]}<\/script>\n<!-- \/ Yoast SEO plugin. -->","yoast_head_json":{"title":"Yleiset sopimusehdot - Hartolan seudun el\u00e4insuojeluyhdistys","robots":{"index":"index","follow":"follow","max-snippet":"max-snippet:-1","max-image-preview":"max-image-preview:large","max-video-preview":"max-video-preview:-1"},"canonical":"https:\/\/sey.fi\/hartola\/hartolan-seudun-elainsuojeluyhdistys\/kotia-etsivat\/yleiset-sopimusehdot\/","og_locale":"fi_FI","og_type":"article","og_title":"Yleiset sopimusehdot - Hartolan seudun el\u00e4insuojeluyhdistys","og_description":"Tutustuthan sopimusehtoihin jo ennen adoptiohakemuksen tekemist\u00e4. Ehdot ovat voimassa toistaiseksi ja koskevat l\u00e4ht\u00f6kohtaisesti kaikkia kissojen adoptointeja. Oikeudet muutoksiin pid\u00e4tet\u00e4\u00e4n. EL\u00c4IMEN KUNTO Ostaja on tarkastanut kissan ja hyv\u00e4ksyy sen siin\u00e4 kunnossa, kuin se on luovutushetkell\u00e4. Myyj\u00e4 vakuuttaa kertoneensa kaikki tiedossaan olevat el\u00e4int\u00e4 koskevat tiedot. Uuden omistajan tulee varautua siihen, ett\u00e4 kissalla voi my\u00f6hemmin ilmet\u00e4 sairauksia, joita [&hellip;]","og_url":"https:\/\/sey.fi\/hartola\/hartolan-seudun-elainsuojeluyhdistys\/kotia-etsivat\/yleiset-sopimusehdot\/","og_site_name":"Hartolan seudun el\u00e4insuojeluyhdistys","article_modified_time":"2022-12-29T15:39:07+00:00","og_image":[{"url":"https:\/\/sey.fi\/wp-content\/uploads\/sites\/11\/2022\/12\/DSC_0050-1024x685.jpg","type":"","width":"","height":""}],"twitter_card":"summary_large_image","twitter_misc":{"Arvioitu lukuaika":"2 minuuttia"},"schema":{"@context":"https:\/\/schema.org","@graph":[{"@type":"WebPage","@id":"https:\/\/sey.fi\/hartola\/hartolan-seudun-elainsuojeluyhdistys\/kotia-etsivat\/yleiset-sopimusehdot\/","url":"https:\/\/sey.fi\/hartola\/hartolan-seudun-elainsuojeluyhdistys\/kotia-etsivat\/yleiset-sopimusehdot\/","name":"Yleiset sopimusehdot - Hartolan seudun el\u00e4insuojeluyhdistys","isPartOf":{"@id":"https:\/\/sey.fi\/hartola\/#website"},"primaryImageOfPage":{"@id":"https:\/\/sey.fi\/hartola\/hartolan-seudun-elainsuojeluyhdistys\/kotia-etsivat\/yleiset-sopimusehdot\/#primaryimage"},"image":{"@id":"https:\/\/sey.fi\/hartola\/hartolan-seudun-elainsuojeluyhdistys\/kotia-etsivat\/yleiset-sopimusehdot\/#primaryimage"},"thumbnailUrl":"https:\/\/sey.fi\/wp-content\/uploads\/sites\/11\/2022\/12\/DSC_0050-1024x685.jpg","datePublished":"2022-12-29T14:40:02+00:00","dateModified":"2022-12-29T15:39:07+00:00","breadcrumb":{"@id":"https:\/\/sey.fi\/hartola\/hartolan-seudun-elainsuojeluyhdistys\/kotia-etsivat\/yleiset-sopimusehdot\/#breadcrumb"},"inLanguage":"fi","potentialAction":[{"@type":"ReadAction","target":["https:\/\/sey.fi\/hartola\/hartolan-seudun-elainsuojeluyhdistys\/kotia-etsivat\/yleiset-sopimusehdot\/"]}]},{"@type":"ImageObject","inLanguage":"fi","@id":"https:\/\/sey.fi\/hartola\/hartolan-seudun-elainsuojeluyhdistys\/kotia-etsivat\/yleiset-sopimusehdot\/#primaryimage","url":"https:\/\/sey.fi\/wp-content\/uploads\/sites\/11\/2022\/12\/DSC_0050-1024x685.jpg","contentUrl":"https:\/\/sey.fi\/wp-content\/uploads\/sites\/11\/2022\/12\/DSC_0050-1024x685.jpg"},{"@type":"BreadcrumbList","@id":"https:\/\/sey.fi\/hartola\/hartolan-seudun-elainsuojeluyhdistys\/kotia-etsivat\/yleiset-sopimusehdot\/#breadcrumb","itemListElement":[{"@type":"ListItem","position":1,"name":"Home","item":"https:\/\/sey.fi\/hartola\/"},{"@type":"ListItem","position":2,"name":"Hartolan seudun el\u00e4insuojeluyhdistys","item":"https:\/\/sey.fi\/hartola\/"},{"@type":"ListItem","position":3,"name":"Kotia etsiv\u00e4t","item":"https:\/\/sey.fi\/hartola\/hartolan-seudun-elainsuojeluyhdistys\/kotia-etsivat\/"},{"@type":"ListItem","position":4,"name":"Yleiset sopimusehdot"}]},{"@type":"WebSite","@id":"https:\/\/sey.fi\/hartola\/#website","url":"https:\/\/sey.fi\/hartola\/","name":"Hartolan seudun el\u00e4insuojeluyhdistys","description":"Uusi SEY J\u00e4senyhdistykset -sivusto","potentialAction":[{"@type":"SearchAction","target":{"@type":"EntryPoint","urlTemplate":"https:\/\/sey.fi\/hartola\/?s={search_term_string}"},"query-input":{"@type":"PropertyValueSpecification","valueRequired":true,"valueName":"search_term_string"}}],"inLanguage":"fi"}]}},"_links":{"self":[{"href":"https:\/\/sey.fi\/hartola\/wp-json\/wp\/v2\/pages\/287","targetHints":{"allow":["GET"]}}],"collection":[{"href":"https:\/\/sey.fi\/hartola\/wp-json\/wp\/v2\/pages"}],"about":[{"href":"https:\/\/sey.fi\/hartola\/wp-json\/wp\/v2\/types\/page"}],"author":[{"embeddable":true,"href":"https:\/\/sey.fi\/hartola\/wp-json\/wp\/v2\/users\/58"}],"replies":[{"embeddable":true,"href":"https:\/\/sey.fi\/hartola\/wp-json\/wp\/v2\/comments?post=287"}],"version-history":[{"count":2,"href":"https:\/\/sey.fi\/hartola\/wp-json\/wp\/v2\/pages\/287\/revisions"}],"predecessor-version":[{"id":290,"href":"https:\/\/sey.fi\/hartola\/wp-json\/wp\/v2\/pages\/287\/revisions\/290"}],"up":[{"embeddable":true,"href":"https:\/\/sey.fi\/hartola\/wp-json\/wp\/v2\/pages\/133"}],"wp:attachment":[{"href":"https:\/\/sey.fi\/hartola\/wp-json\/wp\/v2\/media?parent=287"}],"curies":[{"name":"wp","href":"https:\/\/api.w.org\/{rel}","templated":true}]}}