{"id":293,"date":"2023-05-14T20:00:53","date_gmt":"2023-05-14T17:00:53","guid":{"rendered":"https:\/\/sey.fi\/hartola\/?page_id=293"},"modified":"2023-05-14T20:16:44","modified_gmt":"2023-05-14T17:16:44","slug":"adoptiohakemus","status":"publish","type":"page","link":"https:\/\/sey.fi\/hartola\/hartolan-seudun-elainsuojeluyhdistys\/kotia-etsivat\/adoptiohakemus\/","title":{"rendered":"Adoptiohakemus"},"content":{"rendered":"\n<figure class=\"wp-block-image size-large\"><img loading=\"lazy\" decoding=\"async\" width=\"1024\" height=\"512\" src=\"https:\/\/sey.fi\/wp-content\/uploads\/sites\/11\/2023\/05\/DSC_0008-1024x512.jpg\" alt=\"\" class=\"wp-image-296\" srcset=\"https:\/\/sey.fi\/wp-content\/uploads\/sites\/11\/2023\/05\/DSC_0008-1024x512.jpg 1024w, https:\/\/sey.fi\/wp-content\/uploads\/sites\/11\/2023\/05\/DSC_0008-300x150.jpg 300w, https:\/\/sey.fi\/wp-content\/uploads\/sites\/11\/2023\/05\/DSC_0008-768x384.jpg 768w, https:\/\/sey.fi\/wp-content\/uploads\/sites\/11\/2023\/05\/DSC_0008-1536x768.jpg 1536w, https:\/\/sey.fi\/wp-content\/uploads\/sites\/11\/2023\/05\/DSC_0008-2048x1024.jpg 2048w, https:\/\/sey.fi\/wp-content\/uploads\/sites\/11\/2023\/05\/DSC_0008-1920x960.jpg 1920w, https:\/\/sey.fi\/wp-content\/uploads\/sites\/11\/2023\/05\/DSC_0008-1280x640.jpg 1280w, https:\/\/sey.fi\/wp-content\/uploads\/sites\/11\/2023\/05\/DSC_0008-640x320.jpg 640w, https:\/\/sey.fi\/wp-content\/uploads\/sites\/11\/2023\/05\/DSC_0008-320x160.jpg 320w\" sizes=\"auto, (max-width: 1024px) 100vw, 1024px\" \/><\/figure>\n\n\n\n<p>Olethan lukenut <a href=\"https:\/\/sey.fi\/hartola\/hartolan-seudun-elainsuojeluyhdistys\/kotia-etsivat\/yleiset-sopimusehdot\/\" target=\"_blank\" rel=\"noreferrer noopener\">sopimusehtomme<\/a> sek\u00e4<a href=\"https:\/\/sey.fi\/hartola\/hartolan-seudun-elainsuojeluyhdistys\/kotia-etsivat\/\" target=\"_blank\" rel=\"noreferrer noopener\"> adoptioinfon<\/a> ennen kuin l\u00e4het\u00e4t adoptiohakemuksen!<\/p>\n\n\n\n<p><strong>Hakemuksen voi tehd\u00e4 s\u00e4hk\u00f6postilla hsesy.ry@gmail.com.<\/strong><\/p>\n\n\n\n<p>Jos haluaisitte tarjota kodin jollekin tietylle kotia etsiv\u00e4lle el\u00e4imelle, mainitkaa se hakemuksessa. Mik\u00e4li hakemuksenne ei kohdistu tiettyyn el\u00e4imeen, niin kertokaa mink\u00e4laista perheenj\u00e4sent\u00e4 toivoisitte. Hakemuksessa tulee vastata alla oleviin kysymyksiin.<\/p>\n\n\n\n<p>Voitte olla yhteydess\u00e4 my\u00f6s puhelimitse, varauduttehan silloinkin keskustelemaan alla olevista kysymyksist\u00e4. Pyrimme l\u00f6yt\u00e4m\u00e4\u00e4n jokaiselle el\u00e4imelle mahdollisimman hyv\u00e4n ja sopivan kodin!<br><br>Puhelimitse yhteydenotot puh. 045 883 8852.<\/p>\n\n\n\n<hr class=\"wp-block-separator has-alpha-channel-opacity\" \/>\n\n\n\n<h2 class=\"wp-block-heading\">Adoptiohakemuksen kysymykset<\/h2>\n\n\n\n<ol class=\"wp-block-list\">\n<li>Miksi olet kiinnostunut adoptoimaan uuden perheenj\u00e4senen?<\/li>\n\n\n\n<li>Mink\u00e4 ik\u00e4inen olet ja ket\u00e4 perheeseesi kuuluu? Onko perheess\u00e4si muita el\u00e4imi\u00e4 tai lajitovereita haettavalle lemmikille?<\/li>\n\n\n\n<li>Mink\u00e4laisessa asunnossa asut?<\/li>\n\n\n\n<li>Onko koko asunto lemmikin k\u00e4yt\u00f6ss\u00e4 vai olisiko sen elintila rajattu?<\/li>\n\n\n\n<li>Mit\u00e4 toivot el\u00e4imelt\u00e4 ja sen kanssa el\u00e4miselt\u00e4? Milt\u00e4 arkesi el\u00e4imen kanssa n\u00e4ytt\u00e4\u00e4?<\/li>\n\n\n\n<li>Millaisessa el\u00e4m\u00e4ntilanteessa olet? Oletko paljon poissa kotoa, joutuisiko lemmikki olemaan usein kotona yksin?<\/li>\n\n\n\n<li>Miten olet varautunut el\u00e4m\u00e4ntilanteiden muutoksiin, jotka vaikuttavat my\u00f6s lemmikkiin?<\/li>\n\n\n\n<li>Mill\u00e4 tavalla lemmikin hoito j\u00e4rjestet\u00e4\u00e4n mahdollisten ty\u00f6- ja lomamatkojen aikana?<\/li>\n\n\n\n<li>Onko sinulla aikaisempaa kokemusta el\u00e4inlajista jota olisitte adoptoimassa? Mink\u00e4laista?<\/li>\n\n\n\n<li>Miten olet varautunut el\u00e4imen el\u00e4inl\u00e4\u00e4k\u00e4rikustannuksiin? My\u00f6s terve el\u00e4in t\u00e4ytyy k\u00e4ytt\u00e4\u00e4 s\u00e4\u00e4nn\u00f6llisesti rokotuksessa ja terveystarkastuksissa sek\u00e4 mahdollisesti esim. hammaskiven poistossa.<\/li>\n\n\n\n<li>Mik\u00e4 olisi sellainen tilanne, jossa luopuisit el\u00e4imest\u00e4, ja miten silloin toimisit?<\/li>\n\n\n\n<li>Mill\u00e4 aikataululla olet  valmis ottamaan lemmikin kotiin sen j\u00e4lkeen kun sopiva el\u00e4in l\u00f6ytyy ja olet k\u00e4ynyt katsomassa sit\u00e4?<\/li>\n<\/ol>\n\n\n\n<h3 class=\"wp-block-heading\">Kissan adoptointiin liittyv\u00e4t lis\u00e4kysymykset:<\/h3>\n\n\n\n<ol class=\"wp-block-list\">\n<li>Onko kodissa parveketta\/terassia, ja mik\u00e4li kissa p\u00e4\u00e4see sinne, onko ne verkotettu yl\u00f6s asti tai muuten suojattu siten ett\u00e4 kissa ei p\u00e4\u00e4se karkaamaan?<\/li>\n\n\n\n<li>Onko kodissa ulkotarhaa\/suunnitelmissa rakentaa sellaista?<\/li>\n\n\n\n<li>Miten olet huomioinut kodissasi kissan lajityypilliset tarpeet (hyllyt ja kiipeilytasot, raapimapuut, piilopaikat, tilaa leikkimiseen)?<\/li>\n<\/ol>\n\n\n\n<hr class=\"wp-block-separator has-alpha-channel-opacity\" \/>\n\n\n\n<figure class=\"wp-block-image size-large\"><img loading=\"lazy\" decoding=\"async\" width=\"1024\" height=\"512\" src=\"https:\/\/sey.fi\/wp-content\/uploads\/sites\/11\/2023\/05\/DSC_0073-1024x512.jpg\" alt=\"\" class=\"wp-image-295\" srcset=\"https:\/\/sey.fi\/wp-content\/uploads\/sites\/11\/2023\/05\/DSC_0073-1024x512.jpg 1024w, https:\/\/sey.fi\/wp-content\/uploads\/sites\/11\/2023\/05\/DSC_0073-300x150.jpg 300w, https:\/\/sey.fi\/wp-content\/uploads\/sites\/11\/2023\/05\/DSC_0073-768x384.jpg 768w, https:\/\/sey.fi\/wp-content\/uploads\/sites\/11\/2023\/05\/DSC_0073-1536x768.jpg 1536w, https:\/\/sey.fi\/wp-content\/uploads\/sites\/11\/2023\/05\/DSC_0073-2048x1024.jpg 2048w, https:\/\/sey.fi\/wp-content\/uploads\/sites\/11\/2023\/05\/DSC_0073-1920x960.jpg 1920w, https:\/\/sey.fi\/wp-content\/uploads\/sites\/11\/2023\/05\/DSC_0073-1280x640.jpg 1280w, https:\/\/sey.fi\/wp-content\/uploads\/sites\/11\/2023\/05\/DSC_0073-640x320.jpg 640w, https:\/\/sey.fi\/wp-content\/uploads\/sites\/11\/2023\/05\/DSC_0073-320x160.jpg 320w\" sizes=\"auto, (max-width: 1024px) 100vw, 1024px\" \/><\/figure>\n","protected":false},"excerpt":{"rendered":"<p>Olethan lukenut sopimusehtomme sek\u00e4 adoptioinfon ennen kuin l\u00e4het\u00e4t adoptiohakemuksen! Hakemuksen voi tehd\u00e4 s\u00e4hk\u00f6postilla hsesy.ry@gmail.com. Jos haluaisitte tarjota kodin jollekin tietylle kotia etsiv\u00e4lle el\u00e4imelle, mainitkaa se hakemuksessa. Mik\u00e4li hakemuksenne ei kohdistu tiettyyn el\u00e4imeen, niin kertokaa mink\u00e4laista perheenj\u00e4sent\u00e4 toivoisitte. Hakemuksessa tulee vastata alla oleviin kysymyksiin. Voitte olla yhteydess\u00e4 my\u00f6s puhelimitse, varauduttehan silloinkin keskustelemaan alla olevista kysymyksist\u00e4. Pyrimme [&hellip;]<\/p>\n","protected":false},"author":58,"featured_media":0,"parent":133,"menu_order":0,"comment_status":"closed","ping_status":"closed","template":"","meta":{"_acf_changed":false,"footnotes":""},"class_list":["post-293","page","type-page","status-publish","hentry"],"acf":[],"yoast_head":"<!-- This site is optimized with the Yoast SEO plugin v27.1.1 - https:\/\/yoast.com\/product\/yoast-seo-wordpress\/ -->\n<title>Adoptiohakemus - Hartolan seudun el\u00e4insuojeluyhdistys<\/title>\n<meta name=\"robots\" content=\"index, follow, max-snippet:-1, max-image-preview:large, max-video-preview:-1\" \/>\n<link rel=\"canonical\" href=\"https:\/\/sey.fi\/hartola\/hartolan-seudun-elainsuojeluyhdistys\/kotia-etsivat\/adoptiohakemus\/\" \/>\n<meta property=\"og:locale\" content=\"fi_FI\" \/>\n<meta property=\"og:type\" content=\"article\" \/>\n<meta property=\"og:title\" content=\"Adoptiohakemus - Hartolan seudun el\u00e4insuojeluyhdistys\" \/>\n<meta property=\"og:description\" content=\"Olethan lukenut sopimusehtomme sek\u00e4 adoptioinfon ennen kuin l\u00e4het\u00e4t adoptiohakemuksen! Hakemuksen voi tehd\u00e4 s\u00e4hk\u00f6postilla hsesy.ry@gmail.com. Jos haluaisitte tarjota kodin jollekin tietylle kotia etsiv\u00e4lle el\u00e4imelle, mainitkaa se hakemuksessa. Mik\u00e4li hakemuksenne ei kohdistu tiettyyn el\u00e4imeen, niin kertokaa mink\u00e4laista perheenj\u00e4sent\u00e4 toivoisitte. Hakemuksessa tulee vastata alla oleviin kysymyksiin. Voitte olla yhteydess\u00e4 my\u00f6s puhelimitse, varauduttehan silloinkin keskustelemaan alla olevista kysymyksist\u00e4. Pyrimme [&hellip;]\" \/>\n<meta property=\"og:url\" content=\"https:\/\/sey.fi\/hartola\/hartolan-seudun-elainsuojeluyhdistys\/kotia-etsivat\/adoptiohakemus\/\" \/>\n<meta property=\"og:site_name\" content=\"Hartolan seudun el\u00e4insuojeluyhdistys\" \/>\n<meta property=\"article:modified_time\" content=\"2023-05-14T17:16:44+00:00\" \/>\n<meta property=\"og:image\" content=\"https:\/\/sey.fi\/wp-content\/uploads\/sites\/11\/2023\/05\/DSC_0008-1024x512.jpg\" \/>\n<meta name=\"twitter:card\" content=\"summary_large_image\" \/>\n<meta name=\"twitter:label1\" content=\"Arvioitu lukuaika\" \/>\n\t<meta name=\"twitter:data1\" content=\"2 minuuttia\" \/>\n<script type=\"application\/ld+json\" class=\"yoast-schema-graph\">{\"@context\":\"https:\/\/schema.org\",\"@graph\":[{\"@type\":\"WebPage\",\"@id\":\"https:\/\/sey.fi\/hartola\/hartolan-seudun-elainsuojeluyhdistys\/kotia-etsivat\/adoptiohakemus\/\",\"url\":\"https:\/\/sey.fi\/hartola\/hartolan-seudun-elainsuojeluyhdistys\/kotia-etsivat\/adoptiohakemus\/\",\"name\":\"Adoptiohakemus - Hartolan seudun el\u00e4insuojeluyhdistys\",\"isPartOf\":{\"@id\":\"https:\/\/sey.fi\/hartola\/#website\"},\"primaryImageOfPage\":{\"@id\":\"https:\/\/sey.fi\/hartola\/hartolan-seudun-elainsuojeluyhdistys\/kotia-etsivat\/adoptiohakemus\/#primaryimage\"},\"image\":{\"@id\":\"https:\/\/sey.fi\/hartola\/hartolan-seudun-elainsuojeluyhdistys\/kotia-etsivat\/adoptiohakemus\/#primaryimage\"},\"thumbnailUrl\":\"https:\/\/sey.fi\/wp-content\/uploads\/sites\/11\/2023\/05\/DSC_0008-1024x512.jpg\",\"datePublished\":\"2023-05-14T17:00:53+00:00\",\"dateModified\":\"2023-05-14T17:16:44+00:00\",\"breadcrumb\":{\"@id\":\"https:\/\/sey.fi\/hartola\/hartolan-seudun-elainsuojeluyhdistys\/kotia-etsivat\/adoptiohakemus\/#breadcrumb\"},\"inLanguage\":\"fi\",\"potentialAction\":[{\"@type\":\"ReadAction\",\"target\":[\"https:\/\/sey.fi\/hartola\/hartolan-seudun-elainsuojeluyhdistys\/kotia-etsivat\/adoptiohakemus\/\"]}]},{\"@type\":\"ImageObject\",\"inLanguage\":\"fi\",\"@id\":\"https:\/\/sey.fi\/hartola\/hartolan-seudun-elainsuojeluyhdistys\/kotia-etsivat\/adoptiohakemus\/#primaryimage\",\"url\":\"https:\/\/sey.fi\/wp-content\/uploads\/sites\/11\/2023\/05\/DSC_0008-1024x512.jpg\",\"contentUrl\":\"https:\/\/sey.fi\/wp-content\/uploads\/sites\/11\/2023\/05\/DSC_0008-1024x512.jpg\"},{\"@type\":\"BreadcrumbList\",\"@id\":\"https:\/\/sey.fi\/hartola\/hartolan-seudun-elainsuojeluyhdistys\/kotia-etsivat\/adoptiohakemus\/#breadcrumb\",\"itemListElement\":[{\"@type\":\"ListItem\",\"position\":1,\"name\":\"Home\",\"item\":\"https:\/\/sey.fi\/hartola\/\"},{\"@type\":\"ListItem\",\"position\":2,\"name\":\"Hartolan seudun el\u00e4insuojeluyhdistys\",\"item\":\"https:\/\/sey.fi\/hartola\/\"},{\"@type\":\"ListItem\",\"position\":3,\"name\":\"Kotia etsiv\u00e4t\",\"item\":\"https:\/\/sey.fi\/hartola\/hartolan-seudun-elainsuojeluyhdistys\/kotia-etsivat\/\"},{\"@type\":\"ListItem\",\"position\":4,\"name\":\"Adoptiohakemus\"}]},{\"@type\":\"WebSite\",\"@id\":\"https:\/\/sey.fi\/hartola\/#website\",\"url\":\"https:\/\/sey.fi\/hartola\/\",\"name\":\"Hartolan seudun el\u00e4insuojeluyhdistys\",\"description\":\"Uusi SEY J\u00e4senyhdistykset -sivusto\",\"potentialAction\":[{\"@type\":\"SearchAction\",\"target\":{\"@type\":\"EntryPoint\",\"urlTemplate\":\"https:\/\/sey.fi\/hartola\/?s={search_term_string}\"},\"query-input\":{\"@type\":\"PropertyValueSpecification\",\"valueRequired\":true,\"valueName\":\"search_term_string\"}}],\"inLanguage\":\"fi\"}]}<\/script>\n<!-- \/ Yoast SEO plugin. -->","yoast_head_json":{"title":"Adoptiohakemus - Hartolan seudun el\u00e4insuojeluyhdistys","robots":{"index":"index","follow":"follow","max-snippet":"max-snippet:-1","max-image-preview":"max-image-preview:large","max-video-preview":"max-video-preview:-1"},"canonical":"https:\/\/sey.fi\/hartola\/hartolan-seudun-elainsuojeluyhdistys\/kotia-etsivat\/adoptiohakemus\/","og_locale":"fi_FI","og_type":"article","og_title":"Adoptiohakemus - Hartolan seudun el\u00e4insuojeluyhdistys","og_description":"Olethan lukenut sopimusehtomme sek\u00e4 adoptioinfon ennen kuin l\u00e4het\u00e4t adoptiohakemuksen! Hakemuksen voi tehd\u00e4 s\u00e4hk\u00f6postilla hsesy.ry@gmail.com. Jos haluaisitte tarjota kodin jollekin tietylle kotia etsiv\u00e4lle el\u00e4imelle, mainitkaa se hakemuksessa. Mik\u00e4li hakemuksenne ei kohdistu tiettyyn el\u00e4imeen, niin kertokaa mink\u00e4laista perheenj\u00e4sent\u00e4 toivoisitte. Hakemuksessa tulee vastata alla oleviin kysymyksiin. Voitte olla yhteydess\u00e4 my\u00f6s puhelimitse, varauduttehan silloinkin keskustelemaan alla olevista kysymyksist\u00e4. Pyrimme [&hellip;]","og_url":"https:\/\/sey.fi\/hartola\/hartolan-seudun-elainsuojeluyhdistys\/kotia-etsivat\/adoptiohakemus\/","og_site_name":"Hartolan seudun el\u00e4insuojeluyhdistys","article_modified_time":"2023-05-14T17:16:44+00:00","og_image":[{"url":"https:\/\/sey.fi\/wp-content\/uploads\/sites\/11\/2023\/05\/DSC_0008-1024x512.jpg","type":"","width":"","height":""}],"twitter_card":"summary_large_image","twitter_misc":{"Arvioitu lukuaika":"2 minuuttia"},"schema":{"@context":"https:\/\/schema.org","@graph":[{"@type":"WebPage","@id":"https:\/\/sey.fi\/hartola\/hartolan-seudun-elainsuojeluyhdistys\/kotia-etsivat\/adoptiohakemus\/","url":"https:\/\/sey.fi\/hartola\/hartolan-seudun-elainsuojeluyhdistys\/kotia-etsivat\/adoptiohakemus\/","name":"Adoptiohakemus - Hartolan seudun el\u00e4insuojeluyhdistys","isPartOf":{"@id":"https:\/\/sey.fi\/hartola\/#website"},"primaryImageOfPage":{"@id":"https:\/\/sey.fi\/hartola\/hartolan-seudun-elainsuojeluyhdistys\/kotia-etsivat\/adoptiohakemus\/#primaryimage"},"image":{"@id":"https:\/\/sey.fi\/hartola\/hartolan-seudun-elainsuojeluyhdistys\/kotia-etsivat\/adoptiohakemus\/#primaryimage"},"thumbnailUrl":"https:\/\/sey.fi\/wp-content\/uploads\/sites\/11\/2023\/05\/DSC_0008-1024x512.jpg","datePublished":"2023-05-14T17:00:53+00:00","dateModified":"2023-05-14T17:16:44+00:00","breadcrumb":{"@id":"https:\/\/sey.fi\/hartola\/hartolan-seudun-elainsuojeluyhdistys\/kotia-etsivat\/adoptiohakemus\/#breadcrumb"},"inLanguage":"fi","potentialAction":[{"@type":"ReadAction","target":["https:\/\/sey.fi\/hartola\/hartolan-seudun-elainsuojeluyhdistys\/kotia-etsivat\/adoptiohakemus\/"]}]},{"@type":"ImageObject","inLanguage":"fi","@id":"https:\/\/sey.fi\/hartola\/hartolan-seudun-elainsuojeluyhdistys\/kotia-etsivat\/adoptiohakemus\/#primaryimage","url":"https:\/\/sey.fi\/wp-content\/uploads\/sites\/11\/2023\/05\/DSC_0008-1024x512.jpg","contentUrl":"https:\/\/sey.fi\/wp-content\/uploads\/sites\/11\/2023\/05\/DSC_0008-1024x512.jpg"},{"@type":"BreadcrumbList","@id":"https:\/\/sey.fi\/hartola\/hartolan-seudun-elainsuojeluyhdistys\/kotia-etsivat\/adoptiohakemus\/#breadcrumb","itemListElement":[{"@type":"ListItem","position":1,"name":"Home","item":"https:\/\/sey.fi\/hartola\/"},{"@type":"ListItem","position":2,"name":"Hartolan seudun el\u00e4insuojeluyhdistys","item":"https:\/\/sey.fi\/hartola\/"},{"@type":"ListItem","position":3,"name":"Kotia etsiv\u00e4t","item":"https:\/\/sey.fi\/hartola\/hartolan-seudun-elainsuojeluyhdistys\/kotia-etsivat\/"},{"@type":"ListItem","position":4,"name":"Adoptiohakemus"}]},{"@type":"WebSite","@id":"https:\/\/sey.fi\/hartola\/#website","url":"https:\/\/sey.fi\/hartola\/","name":"Hartolan seudun el\u00e4insuojeluyhdistys","description":"Uusi SEY J\u00e4senyhdistykset -sivusto","potentialAction":[{"@type":"SearchAction","target":{"@type":"EntryPoint","urlTemplate":"https:\/\/sey.fi\/hartola\/?s={search_term_string}"},"query-input":{"@type":"PropertyValueSpecification","valueRequired":true,"valueName":"search_term_string"}}],"inLanguage":"fi"}]}},"_links":{"self":[{"href":"https:\/\/sey.fi\/hartola\/wp-json\/wp\/v2\/pages\/293","targetHints":{"allow":["GET"]}}],"collection":[{"href":"https:\/\/sey.fi\/hartola\/wp-json\/wp\/v2\/pages"}],"about":[{"href":"https:\/\/sey.fi\/hartola\/wp-json\/wp\/v2\/types\/page"}],"author":[{"embeddable":true,"href":"https:\/\/sey.fi\/hartola\/wp-json\/wp\/v2\/users\/58"}],"replies":[{"embeddable":true,"href":"https:\/\/sey.fi\/hartola\/wp-json\/wp\/v2\/comments?post=293"}],"version-history":[{"count":5,"href":"https:\/\/sey.fi\/hartola\/wp-json\/wp\/v2\/pages\/293\/revisions"}],"predecessor-version":[{"id":306,"href":"https:\/\/sey.fi\/hartola\/wp-json\/wp\/v2\/pages\/293\/revisions\/306"}],"up":[{"embeddable":true,"href":"https:\/\/sey.fi\/hartola\/wp-json\/wp\/v2\/pages\/133"}],"wp:attachment":[{"href":"https:\/\/sey.fi\/hartola\/wp-json\/wp\/v2\/media?parent=293"}],"curies":[{"name":"wp","href":"https:\/\/api.w.org\/{rel}","templated":true}]}}