{"id":99,"date":"2019-10-23T14:38:04","date_gmt":"2019-10-23T11:38:04","guid":{"rendered":"http:\/\/srvr10.xetpoint.com\/~seyfi\/hartola\/?page_id=99"},"modified":"2022-02-24T17:46:04","modified_gmt":"2022-02-24T15:46:04","slug":"yhteistyossa","status":"publish","type":"page","link":"https:\/\/sey.fi\/hartola\/yhteistyossa\/","title":{"rendered":"Yhteisty\u00f6ss\u00e4"},"content":{"rendered":"\n<p><strong>Yhdistyksemme haluaa kiitt\u00e4\u00e4<\/strong><\/p>\n\n\n\n<p>JH S\u00e4hk\u00f6ty\u00f6 Oy<\/p>\n\n\n\n<p>Annikki Aaltonen<\/p>\n\n\n\n<p>Pirjo Riihel\u00e4<\/p>\n\n\n\n<p>Mikko Riipinen<\/p>\n\n\n\n<p>King Kong Advertising<\/p>\n\n\n\n<p>Velska Ky<\/p>\n\n\n\n<p>Pertunmaan apteekki<\/p>\n\n\n\n<p>Timo &amp; Tuula Kaihila<\/p>\n\n\n\n<p>Putsiini Oy<\/p>\n\n\n\n<p>Latvasen Ruokapaja<\/p>\n\n\n\n<p>Doggeri<\/p>\n\n\n\n<p>Kaikki yksityiset lahjoittajat<\/p>\n\n\n\n<p><\/p>\n\n\n\n<figure class=\"wp-block-image\"><img loading=\"lazy\" decoding=\"async\" width=\"180\" height=\"176\" src=\"https:\/\/sey.fi\/wp-content\/uploads\/sites\/11\/2019\/10\/esyjenkummit-1-2.jpg\" alt=\"\" class=\"wp-image-112\" \/><\/figure>\n\n\n\n<p><\/p>\n\n\n\n<figure class=\"wp-block-image\"><img loading=\"lazy\" decoding=\"async\" width=\"180\" height=\"140\" src=\"https:\/\/sey.fi\/wp-content\/uploads\/sites\/11\/2019\/10\/hausjarven_esy-1.jpg\" alt=\"\" class=\"wp-image-113\" \/><\/figure>\n\n\n\n<figure class=\"wp-block-image\"><img loading=\"lazy\" decoding=\"async\" width=\"600\" height=\"180\" src=\"https:\/\/sey.fi\/wp-content\/uploads\/sites\/11\/2019\/10\/hentinen.jpg\" alt=\"\" class=\"wp-image-114\" \/><\/figure>\n\n\n\n<figure class=\"wp-block-image is-resized\"><img loading=\"lazy\" decoding=\"async\" src=\"https:\/\/sey.fi\/wp-content\/uploads\/sites\/11\/2019\/10\/jokita-1-2.jpg\" alt=\"\" class=\"wp-image-115\" width=\"422\" height=\"141\" \/><\/figure>\n\n\n\n<figure class=\"wp-block-image\"><img loading=\"lazy\" decoding=\"async\" width=\"629\" height=\"227\" src=\"https:\/\/sey.fi\/wp-content\/uploads\/sites\/11\/2019\/10\/solmaster.png\" alt=\"\" class=\"wp-image-116\" \/><\/figure>\n\n\n\n<figure class=\"wp-block-image\"><img loading=\"lazy\" decoding=\"async\" width=\"629\" height=\"205\" src=\"https:\/\/sey.fi\/wp-content\/uploads\/sites\/11\/2019\/10\/sydanpuu-1.png\" alt=\"\" class=\"wp-image-117\" \/><\/figure>\n\n\n\n<figure class=\"wp-block-image\"><img loading=\"lazy\" decoding=\"async\" width=\"589\" height=\"347\" src=\"https:\/\/sey.fi\/wp-content\/uploads\/sites\/11\/2019\/10\/tyokalu-suomi-1.png\" alt=\"\" class=\"wp-image-118\" \/><\/figure>\n\n\n\n<figure class=\"wp-block-image\"><img loading=\"lazy\" decoding=\"async\" width=\"950\" height=\"270\" src=\"https:\/\/sey.fi\/wp-content\/uploads\/sites\/11\/2019\/10\/taitonporssi.jpg\" alt=\"\" class=\"wp-image-119\" \/><figcaption><strong>Taiton P\u00f6rssi <\/strong><\/figcaption><\/figure>\n","protected":false},"excerpt":{"rendered":"<p>Yhdistyksemme haluaa kiitt\u00e4\u00e4 JH S\u00e4hk\u00f6ty\u00f6 Oy Annikki Aaltonen Pirjo Riihel\u00e4 Mikko Riipinen King Kong Advertising Velska Ky Pertunmaan apteekki Timo &amp; Tuula Kaihila Putsiini Oy Latvasen Ruokapaja Doggeri Kaikki yksityiset lahjoittajat<\/p>\n","protected":false},"author":8,"featured_media":0,"parent":0,"menu_order":0,"comment_status":"closed","ping_status":"closed","template":"","meta":{"_acf_changed":false,"footnotes":""},"class_list":["post-99","page","type-page","status-publish","hentry"],"acf":[],"yoast_head":"<!-- This site is optimized with the Yoast SEO plugin v27.1.1 - https:\/\/yoast.com\/product\/yoast-seo-wordpress\/ -->\n<title>Yhteisty\u00f6ss\u00e4 - Hartolan seudun el\u00e4insuojeluyhdistys<\/title>\n<meta name=\"robots\" content=\"index, follow, max-snippet:-1, max-image-preview:large, max-video-preview:-1\" \/>\n<link rel=\"canonical\" href=\"https:\/\/sey.fi\/hartola\/yhteistyossa\/\" \/>\n<meta property=\"og:locale\" content=\"fi_FI\" \/>\n<meta property=\"og:type\" content=\"article\" \/>\n<meta property=\"og:title\" content=\"Yhteisty\u00f6ss\u00e4 - Hartolan seudun el\u00e4insuojeluyhdistys\" \/>\n<meta property=\"og:description\" content=\"Yhdistyksemme haluaa kiitt\u00e4\u00e4 JH S\u00e4hk\u00f6ty\u00f6 Oy Annikki Aaltonen Pirjo Riihel\u00e4 Mikko Riipinen King Kong Advertising Velska Ky Pertunmaan apteekki Timo &amp; Tuula Kaihila Putsiini Oy Latvasen Ruokapaja Doggeri Kaikki yksityiset lahjoittajat\" \/>\n<meta property=\"og:url\" content=\"https:\/\/sey.fi\/hartola\/yhteistyossa\/\" \/>\n<meta property=\"og:site_name\" content=\"Hartolan seudun el\u00e4insuojeluyhdistys\" \/>\n<meta property=\"article:modified_time\" content=\"2022-02-24T15:46:04+00:00\" \/>\n<meta property=\"og:image\" content=\"https:\/\/sey.fi\/wp-content\/uploads\/sites\/11\/2019\/10\/esyjenkummit-1-2.jpg\" \/>\n<meta name=\"twitter:card\" content=\"summary_large_image\" \/>\n<script type=\"application\/ld+json\" class=\"yoast-schema-graph\">{\"@context\":\"https:\/\/schema.org\",\"@graph\":[{\"@type\":\"WebPage\",\"@id\":\"https:\/\/sey.fi\/hartola\/yhteistyossa\/\",\"url\":\"https:\/\/sey.fi\/hartola\/yhteistyossa\/\",\"name\":\"Yhteisty\u00f6ss\u00e4 - Hartolan seudun el\u00e4insuojeluyhdistys\",\"isPartOf\":{\"@id\":\"https:\/\/sey.fi\/hartola\/#website\"},\"primaryImageOfPage\":{\"@id\":\"https:\/\/sey.fi\/hartola\/yhteistyossa\/#primaryimage\"},\"image\":{\"@id\":\"https:\/\/sey.fi\/hartola\/yhteistyossa\/#primaryimage\"},\"thumbnailUrl\":\"https:\/\/sey.fi\/wp-content\/uploads\/sites\/11\/2019\/10\/esyjenkummit-1-2.jpg\",\"datePublished\":\"2019-10-23T11:38:04+00:00\",\"dateModified\":\"2022-02-24T15:46:04+00:00\",\"breadcrumb\":{\"@id\":\"https:\/\/sey.fi\/hartola\/yhteistyossa\/#breadcrumb\"},\"inLanguage\":\"fi\",\"potentialAction\":[{\"@type\":\"ReadAction\",\"target\":[\"https:\/\/sey.fi\/hartola\/yhteistyossa\/\"]}]},{\"@type\":\"ImageObject\",\"inLanguage\":\"fi\",\"@id\":\"https:\/\/sey.fi\/hartola\/yhteistyossa\/#primaryimage\",\"url\":\"https:\/\/sey.fi\/wp-content\/uploads\/sites\/11\/2019\/10\/esyjenkummit-1-2.jpg\",\"contentUrl\":\"https:\/\/sey.fi\/wp-content\/uploads\/sites\/11\/2019\/10\/esyjenkummit-1-2.jpg\"},{\"@type\":\"BreadcrumbList\",\"@id\":\"https:\/\/sey.fi\/hartola\/yhteistyossa\/#breadcrumb\",\"itemListElement\":[{\"@type\":\"ListItem\",\"position\":1,\"name\":\"Home\",\"item\":\"https:\/\/sey.fi\/hartola\/\"},{\"@type\":\"ListItem\",\"position\":2,\"name\":\"Yhteisty\u00f6ss\u00e4\"}]},{\"@type\":\"WebSite\",\"@id\":\"https:\/\/sey.fi\/hartola\/#website\",\"url\":\"https:\/\/sey.fi\/hartola\/\",\"name\":\"Hartolan seudun el\u00e4insuojeluyhdistys\",\"description\":\"Uusi SEY J\u00e4senyhdistykset -sivusto\",\"potentialAction\":[{\"@type\":\"SearchAction\",\"target\":{\"@type\":\"EntryPoint\",\"urlTemplate\":\"https:\/\/sey.fi\/hartola\/?s={search_term_string}\"},\"query-input\":{\"@type\":\"PropertyValueSpecification\",\"valueRequired\":true,\"valueName\":\"search_term_string\"}}],\"inLanguage\":\"fi\"}]}<\/script>\n<!-- \/ Yoast SEO plugin. -->","yoast_head_json":{"title":"Yhteisty\u00f6ss\u00e4 - Hartolan seudun el\u00e4insuojeluyhdistys","robots":{"index":"index","follow":"follow","max-snippet":"max-snippet:-1","max-image-preview":"max-image-preview:large","max-video-preview":"max-video-preview:-1"},"canonical":"https:\/\/sey.fi\/hartola\/yhteistyossa\/","og_locale":"fi_FI","og_type":"article","og_title":"Yhteisty\u00f6ss\u00e4 - Hartolan seudun el\u00e4insuojeluyhdistys","og_description":"Yhdistyksemme haluaa kiitt\u00e4\u00e4 JH S\u00e4hk\u00f6ty\u00f6 Oy Annikki Aaltonen Pirjo Riihel\u00e4 Mikko Riipinen King Kong Advertising Velska Ky Pertunmaan apteekki Timo &amp; Tuula Kaihila Putsiini Oy Latvasen Ruokapaja Doggeri Kaikki yksityiset lahjoittajat","og_url":"https:\/\/sey.fi\/hartola\/yhteistyossa\/","og_site_name":"Hartolan seudun el\u00e4insuojeluyhdistys","article_modified_time":"2022-02-24T15:46:04+00:00","og_image":[{"url":"https:\/\/sey.fi\/wp-content\/uploads\/sites\/11\/2019\/10\/esyjenkummit-1-2.jpg","type":"","width":"","height":""}],"twitter_card":"summary_large_image","schema":{"@context":"https:\/\/schema.org","@graph":[{"@type":"WebPage","@id":"https:\/\/sey.fi\/hartola\/yhteistyossa\/","url":"https:\/\/sey.fi\/hartola\/yhteistyossa\/","name":"Yhteisty\u00f6ss\u00e4 - Hartolan seudun el\u00e4insuojeluyhdistys","isPartOf":{"@id":"https:\/\/sey.fi\/hartola\/#website"},"primaryImageOfPage":{"@id":"https:\/\/sey.fi\/hartola\/yhteistyossa\/#primaryimage"},"image":{"@id":"https:\/\/sey.fi\/hartola\/yhteistyossa\/#primaryimage"},"thumbnailUrl":"https:\/\/sey.fi\/wp-content\/uploads\/sites\/11\/2019\/10\/esyjenkummit-1-2.jpg","datePublished":"2019-10-23T11:38:04+00:00","dateModified":"2022-02-24T15:46:04+00:00","breadcrumb":{"@id":"https:\/\/sey.fi\/hartola\/yhteistyossa\/#breadcrumb"},"inLanguage":"fi","potentialAction":[{"@type":"ReadAction","target":["https:\/\/sey.fi\/hartola\/yhteistyossa\/"]}]},{"@type":"ImageObject","inLanguage":"fi","@id":"https:\/\/sey.fi\/hartola\/yhteistyossa\/#primaryimage","url":"https:\/\/sey.fi\/wp-content\/uploads\/sites\/11\/2019\/10\/esyjenkummit-1-2.jpg","contentUrl":"https:\/\/sey.fi\/wp-content\/uploads\/sites\/11\/2019\/10\/esyjenkummit-1-2.jpg"},{"@type":"BreadcrumbList","@id":"https:\/\/sey.fi\/hartola\/yhteistyossa\/#breadcrumb","itemListElement":[{"@type":"ListItem","position":1,"name":"Home","item":"https:\/\/sey.fi\/hartola\/"},{"@type":"ListItem","position":2,"name":"Yhteisty\u00f6ss\u00e4"}]},{"@type":"WebSite","@id":"https:\/\/sey.fi\/hartola\/#website","url":"https:\/\/sey.fi\/hartola\/","name":"Hartolan seudun el\u00e4insuojeluyhdistys","description":"Uusi SEY J\u00e4senyhdistykset -sivusto","potentialAction":[{"@type":"SearchAction","target":{"@type":"EntryPoint","urlTemplate":"https:\/\/sey.fi\/hartola\/?s={search_term_string}"},"query-input":{"@type":"PropertyValueSpecification","valueRequired":true,"valueName":"search_term_string"}}],"inLanguage":"fi"}]}},"_links":{"self":[{"href":"https:\/\/sey.fi\/hartola\/wp-json\/wp\/v2\/pages\/99","targetHints":{"allow":["GET"]}}],"collection":[{"href":"https:\/\/sey.fi\/hartola\/wp-json\/wp\/v2\/pages"}],"about":[{"href":"https:\/\/sey.fi\/hartola\/wp-json\/wp\/v2\/types\/page"}],"author":[{"embeddable":true,"href":"https:\/\/sey.fi\/hartola\/wp-json\/wp\/v2\/users\/8"}],"replies":[{"embeddable":true,"href":"https:\/\/sey.fi\/hartola\/wp-json\/wp\/v2\/comments?post=99"}],"version-history":[{"count":3,"href":"https:\/\/sey.fi\/hartola\/wp-json\/wp\/v2\/pages\/99\/revisions"}],"predecessor-version":[{"id":240,"href":"https:\/\/sey.fi\/hartola\/wp-json\/wp\/v2\/pages\/99\/revisions\/240"}],"wp:attachment":[{"href":"https:\/\/sey.fi\/hartola\/wp-json\/wp\/v2\/media?parent=99"}],"curies":[{"name":"wp","href":"https:\/\/api.w.org\/{rel}","templated":true}]}}