{"id":2,"date":"2019-12-09T08:42:08","date_gmt":"2019-12-09T06:42:08","guid":{"rendered":"http:\/\/srvr10.xetpoint.com\/~seyfi\/hausjarvi\/?page_id=2"},"modified":"2021-08-05T16:56:11","modified_gmt":"2021-08-05T13:56:11","slug":"esimerkkisivu","status":"publish","type":"page","link":"https:\/\/sey.fi\/hausjarvi\/","title":{"rendered":"Hausj\u00e4rven el\u00e4insuojeluyhdistys ry"},"content":{"rendered":"","protected":false},"excerpt":{"rendered":"","protected":false},"author":8,"featured_media":0,"parent":0,"menu_order":0,"comment_status":"closed","ping_status":"open","template":"TemplateHome.php","meta":{"_acf_changed":false,"footnotes":""},"class_list":["post-2","page","type-page","status-publish","hentry"],"acf":[],"yoast_head":"<!-- This site is optimized with the Yoast SEO plugin v27.1.1 - https:\/\/yoast.com\/product\/yoast-seo-wordpress\/ -->\n<title>Hausj\u00e4rven el\u00e4insuojeluyhdistys ry - Hausj\u00e4rven el\u00e4insuojeluyhdistys ry<\/title>\n<meta name=\"robots\" content=\"index, follow, max-snippet:-1, max-image-preview:large, max-video-preview:-1\" \/>\n<link rel=\"canonical\" href=\"https:\/\/sey.fi\/hausjarvi\/\" \/>\n<meta property=\"og:locale\" content=\"fi_FI\" \/>\n<meta property=\"og:type\" content=\"article\" \/>\n<meta property=\"og:title\" content=\"Hausj\u00e4rven el\u00e4insuojeluyhdistys ry - Hausj\u00e4rven el\u00e4insuojeluyhdistys ry\" \/>\n<meta property=\"og:url\" content=\"https:\/\/sey.fi\/hausjarvi\/\" \/>\n<meta property=\"og:site_name\" content=\"Hausj\u00e4rven el\u00e4insuojeluyhdistys ry\" \/>\n<meta property=\"article:modified_time\" content=\"2021-08-05T13:56:11+00:00\" \/>\n<meta name=\"twitter:card\" content=\"summary_large_image\" \/>\n<script type=\"application\/ld+json\" class=\"yoast-schema-graph\">{\"@context\":\"https:\/\/schema.org\",\"@graph\":[{\"@type\":\"WebPage\",\"@id\":\"https:\/\/sey.fi\/hausjarvi\/\",\"url\":\"https:\/\/sey.fi\/hausjarvi\/\",\"name\":\"Hausj\u00e4rven el\u00e4insuojeluyhdistys ry - Hausj\u00e4rven el\u00e4insuojeluyhdistys ry\",\"isPartOf\":{\"@id\":\"https:\/\/sey.fi\/hausjarvi\/#website\"},\"datePublished\":\"2019-12-09T06:42:08+00:00\",\"dateModified\":\"2021-08-05T13:56:11+00:00\",\"breadcrumb\":{\"@id\":\"https:\/\/sey.fi\/hausjarvi\/#breadcrumb\"},\"inLanguage\":\"fi\",\"potentialAction\":[{\"@type\":\"ReadAction\",\"target\":[\"https:\/\/sey.fi\/hausjarvi\/\"]}]},{\"@type\":\"BreadcrumbList\",\"@id\":\"https:\/\/sey.fi\/hausjarvi\/#breadcrumb\",\"itemListElement\":[{\"@type\":\"ListItem\",\"position\":1,\"name\":\"Home\",\"item\":\"https:\/\/sey.fi\/hausjarvi\/\"},{\"@type\":\"ListItem\",\"position\":2,\"name\":\"Hausj\u00e4rven el\u00e4insuojeluyhdistys ry\"}]},{\"@type\":\"WebSite\",\"@id\":\"https:\/\/sey.fi\/hausjarvi\/#website\",\"url\":\"https:\/\/sey.fi\/hausjarvi\/\",\"name\":\"Hausj\u00e4rven el\u00e4insuojeluyhdistys ry\",\"description\":\"Uusi SEY J\u00e4senyhdistykset -sivusto\",\"potentialAction\":[{\"@type\":\"SearchAction\",\"target\":{\"@type\":\"EntryPoint\",\"urlTemplate\":\"https:\/\/sey.fi\/hausjarvi\/?s={search_term_string}\"},\"query-input\":{\"@type\":\"PropertyValueSpecification\",\"valueRequired\":true,\"valueName\":\"search_term_string\"}}],\"inLanguage\":\"fi\"}]}<\/script>\n<!-- \/ Yoast SEO plugin. -->","yoast_head_json":{"title":"Hausj\u00e4rven el\u00e4insuojeluyhdistys ry - Hausj\u00e4rven el\u00e4insuojeluyhdistys ry","robots":{"index":"index","follow":"follow","max-snippet":"max-snippet:-1","max-image-preview":"max-image-preview:large","max-video-preview":"max-video-preview:-1"},"canonical":"https:\/\/sey.fi\/hausjarvi\/","og_locale":"fi_FI","og_type":"article","og_title":"Hausj\u00e4rven el\u00e4insuojeluyhdistys ry - Hausj\u00e4rven el\u00e4insuojeluyhdistys ry","og_url":"https:\/\/sey.fi\/hausjarvi\/","og_site_name":"Hausj\u00e4rven el\u00e4insuojeluyhdistys ry","article_modified_time":"2021-08-05T13:56:11+00:00","twitter_card":"summary_large_image","schema":{"@context":"https:\/\/schema.org","@graph":[{"@type":"WebPage","@id":"https:\/\/sey.fi\/hausjarvi\/","url":"https:\/\/sey.fi\/hausjarvi\/","name":"Hausj\u00e4rven el\u00e4insuojeluyhdistys ry - Hausj\u00e4rven el\u00e4insuojeluyhdistys ry","isPartOf":{"@id":"https:\/\/sey.fi\/hausjarvi\/#website"},"datePublished":"2019-12-09T06:42:08+00:00","dateModified":"2021-08-05T13:56:11+00:00","breadcrumb":{"@id":"https:\/\/sey.fi\/hausjarvi\/#breadcrumb"},"inLanguage":"fi","potentialAction":[{"@type":"ReadAction","target":["https:\/\/sey.fi\/hausjarvi\/"]}]},{"@type":"BreadcrumbList","@id":"https:\/\/sey.fi\/hausjarvi\/#breadcrumb","itemListElement":[{"@type":"ListItem","position":1,"name":"Home","item":"https:\/\/sey.fi\/hausjarvi\/"},{"@type":"ListItem","position":2,"name":"Hausj\u00e4rven el\u00e4insuojeluyhdistys ry"}]},{"@type":"WebSite","@id":"https:\/\/sey.fi\/hausjarvi\/#website","url":"https:\/\/sey.fi\/hausjarvi\/","name":"Hausj\u00e4rven el\u00e4insuojeluyhdistys ry","description":"Uusi SEY J\u00e4senyhdistykset -sivusto","potentialAction":[{"@type":"SearchAction","target":{"@type":"EntryPoint","urlTemplate":"https:\/\/sey.fi\/hausjarvi\/?s={search_term_string}"},"query-input":{"@type":"PropertyValueSpecification","valueRequired":true,"valueName":"search_term_string"}}],"inLanguage":"fi"}]}},"_links":{"self":[{"href":"https:\/\/sey.fi\/hausjarvi\/wp-json\/wp\/v2\/pages\/2","targetHints":{"allow":["GET"]}}],"collection":[{"href":"https:\/\/sey.fi\/hausjarvi\/wp-json\/wp\/v2\/pages"}],"about":[{"href":"https:\/\/sey.fi\/hausjarvi\/wp-json\/wp\/v2\/types\/page"}],"author":[{"embeddable":true,"href":"https:\/\/sey.fi\/hausjarvi\/wp-json\/wp\/v2\/users\/8"}],"replies":[{"embeddable":true,"href":"https:\/\/sey.fi\/hausjarvi\/wp-json\/wp\/v2\/comments?post=2"}],"version-history":[{"count":9,"href":"https:\/\/sey.fi\/hausjarvi\/wp-json\/wp\/v2\/pages\/2\/revisions"}],"predecessor-version":[{"id":11,"href":"https:\/\/sey.fi\/hausjarvi\/wp-json\/wp\/v2\/pages\/2\/revisions\/11"}],"wp:attachment":[{"href":"https:\/\/sey.fi\/hausjarvi\/wp-json\/wp\/v2\/media?parent=2"}],"curies":[{"name":"wp","href":"https:\/\/api.w.org\/{rel}","templated":true}]}}