{"id":130,"date":"2019-10-24T16:06:14","date_gmt":"2019-10-24T13:06:14","guid":{"rendered":"http:\/\/srvr10.xetpoint.com\/~seyfi\/joensuu\/?page_id=130"},"modified":"2025-08-16T15:02:49","modified_gmt":"2025-08-16T12:02:49","slug":"haukkuminen","status":"publish","type":"page","link":"https:\/\/sey.fi\/joensuu\/joensuun-elainsuojeluyhdistys\/lemmikkielaimia-koskeva-lainsaadanto\/koirat\/haukkuminen\/","title":{"rendered":"Koiran haukkuminen"},"content":{"rendered":"\n<p class=\"has-medium-font-size\">Vaikka jatkuva haukkuminen saataa olla merkki koiran h\u00e4d\u00e4st\u00e4, se ei yksin ole syy tehd\u00e4 el\u00e4insuojeluilmoitusta.<\/p>\n\n\n\n<p><strong>Kerrostalossa haukkuva koira<\/strong><\/p>\n\n\n\n<p>T\u00e4llaisessa tapauksessa ensisijaisesti kannattaa ottaa yhteytt\u00e4 koiran omistajaan ja keskustella asiasta. Usein omistaja ei ole tietoinen koiransa haukkumisesta ja on halukas kouluttamaan koiran hiljaiseksi. Huomaathan, ett\u00e4 t\u00e4m\u00e4 ei onnistu p\u00e4iv\u00e4ss\u00e4 parissa. Voit my\u00f6s olla apuna kouluttamisessa raportoimalla edistymisest\u00e4 naapurillesi. Mik\u00e4li h\u00e4irint\u00e4 jatkuu, ota yhteytt\u00e4 is\u00e4nn\u00f6itsij\u00e4\u00e4n. Talon j\u00e4rjestyss\u00e4\u00e4nn\u00f6ist\u00e4 k\u00e4y ilmi hiljaisuuteen velvoittava aika. Voit ilmoittaa my\u00f6s SEY:n&nbsp;<a href=\"http:\/\/www.sey.fi\/yhteystiedot\/neuvojahaku\">el\u00e4insuojeluneuvojille<\/a>.&nbsp;<\/p>\n\n\n\n<p><strong>Omakotitalon pihalla haukkuva koira<\/strong><\/p>\n\n\n\n<p>J\u00e4rjestyslaissa kiellet\u00e4\u00e4n h\u00e4iri\u00f6n aiheuttaminen metel\u00f6im\u00e4ll\u00e4. J\u00e4rjestyslakia valvoo poliisi. El\u00e4insuojeluyhdistys ei selvittele haukkumisesta johtuvia naapuririitoja eik\u00e4 hae pois haukkuvia koiria. Mik\u00e4li keskustelut koiran omistajan kanssa eiv\u00e4t auta, ole yhteydess\u00e4 poliisiin. Huomaathan, ett\u00e4 j\u00e4rjestyslaki kielt\u00e4\u00e4 my\u00f6s uhkailun, eli j\u00e4t\u00e4 asia suosiolla virkavallan hoidettavaksi.<\/p>\n\n\n\n<p><strong>J\u00e4rjestyslaki 27.6.2003\/612 2 luku<\/strong><\/p>\n\n\n\n<p>J\u00e4rjestyksen ja turvallisuuden vaarantaminen sek\u00e4 h\u00e4iri\u00f6n aiheuttaminen<\/p>\n\n\n\n<p>3\u00a7 Yleisen j\u00e4rjestyksen h\u00e4iritseminen ja turvallisuuden vaarantaminen<br>Yleisen j\u00e4rjestyksen h\u00e4iritseminen tai turvallisuuden vaarantaminen yleisell\u00e4 paikalla on kielletty:<\/p>\n\n\n\n<p>1) metel\u00f6im\u00e4ll\u00e4 ja muulla vastaavalla tavalla;<\/p>\n\n\n\n<p>2) toistuvilla uhkaavilla eleill\u00e4, hy\u00f6kk\u00e4\u00e4vill\u00e4 liikkeill\u00e4, suullisesti esitetyill\u00e4 uhkailuilla ja muulla vastaavalla, pelkoa her\u00e4tt\u00e4v\u00e4ll\u00e4 uhkaavalla k\u00e4ytt\u00e4ytymisell\u00e4;<\/p>\n\n\n\n<p>3) ampumalla, heitt\u00e4m\u00e4ll\u00e4 esineit\u00e4 tai muulla vastaavalla tavalla.<\/p>\n\n\n\n<p>Edell\u00e4 1 momentissa tarkoitettu toiminta on kielletty my\u00f6s muualla kuin yleisell\u00e4 paikalla, jos toiminnan vaikutus ulottuu yleiselle paikalle.<\/p>\n\n\n\n<p><\/p>\n\n\n\n<p><\/p>\n","protected":false},"excerpt":{"rendered":"<p>Vaikka jatkuva haukkuminen saataa olla merkki koiran h\u00e4d\u00e4st\u00e4, se ei yksin ole syy tehd\u00e4 el\u00e4insuojeluilmoitusta. Kerrostalossa haukkuva koira T\u00e4llaisessa tapauksessa ensisijaisesti kannattaa ottaa yhteytt\u00e4 koiran omistajaan ja keskustella asiasta. Usein omistaja ei ole tietoinen koiransa haukkumisesta ja on halukas kouluttamaan koiran hiljaiseksi. Huomaathan, ett\u00e4 t\u00e4m\u00e4 ei onnistu p\u00e4iv\u00e4ss\u00e4 parissa. Voit my\u00f6s olla apuna kouluttamisessa raportoimalla [&hellip;]<\/p>\n","protected":false},"author":8,"featured_media":0,"parent":128,"menu_order":0,"comment_status":"closed","ping_status":"closed","template":"","meta":{"_acf_changed":false,"footnotes":""},"class_list":["post-130","page","type-page","status-publish","hentry"],"acf":[],"yoast_head":"<!-- This site is optimized with the Yoast SEO plugin v27.1.1 - https:\/\/yoast.com\/product\/yoast-seo-wordpress\/ -->\n<title>Koiran haukkuminen - Joensuun el\u00e4insuojeluyhdistys<\/title>\n<meta name=\"robots\" content=\"index, follow, max-snippet:-1, max-image-preview:large, max-video-preview:-1\" \/>\n<link rel=\"canonical\" href=\"https:\/\/sey.fi\/joensuu\/joensuun-elainsuojeluyhdistys\/lemmikkielaimia-koskeva-lainsaadanto\/koirat\/haukkuminen\/\" \/>\n<meta property=\"og:locale\" content=\"fi_FI\" \/>\n<meta property=\"og:type\" content=\"article\" \/>\n<meta property=\"og:title\" content=\"Koiran haukkuminen - Joensuun el\u00e4insuojeluyhdistys\" \/>\n<meta property=\"og:description\" content=\"Vaikka jatkuva haukkuminen saataa olla merkki koiran h\u00e4d\u00e4st\u00e4, se ei yksin ole syy tehd\u00e4 el\u00e4insuojeluilmoitusta. Kerrostalossa haukkuva koira T\u00e4llaisessa tapauksessa ensisijaisesti kannattaa ottaa yhteytt\u00e4 koiran omistajaan ja keskustella asiasta. Usein omistaja ei ole tietoinen koiransa haukkumisesta ja on halukas kouluttamaan koiran hiljaiseksi. Huomaathan, ett\u00e4 t\u00e4m\u00e4 ei onnistu p\u00e4iv\u00e4ss\u00e4 parissa. Voit my\u00f6s olla apuna kouluttamisessa raportoimalla [&hellip;]\" \/>\n<meta property=\"og:url\" content=\"https:\/\/sey.fi\/joensuu\/joensuun-elainsuojeluyhdistys\/lemmikkielaimia-koskeva-lainsaadanto\/koirat\/haukkuminen\/\" \/>\n<meta property=\"og:site_name\" content=\"Joensuun el\u00e4insuojeluyhdistys\" \/>\n<meta property=\"article:modified_time\" content=\"2025-08-16T12:02:49+00:00\" \/>\n<meta name=\"twitter:card\" content=\"summary_large_image\" \/>\n<meta name=\"twitter:label1\" content=\"Arvioitu lukuaika\" \/>\n\t<meta name=\"twitter:data1\" content=\"2 minuuttia\" \/>\n<script type=\"application\/ld+json\" class=\"yoast-schema-graph\">{\"@context\":\"https:\/\/schema.org\",\"@graph\":[{\"@type\":\"WebPage\",\"@id\":\"https:\/\/sey.fi\/joensuu\/joensuun-elainsuojeluyhdistys\/lemmikkielaimia-koskeva-lainsaadanto\/koirat\/haukkuminen\/\",\"url\":\"https:\/\/sey.fi\/joensuu\/joensuun-elainsuojeluyhdistys\/lemmikkielaimia-koskeva-lainsaadanto\/koirat\/haukkuminen\/\",\"name\":\"Koiran haukkuminen - Joensuun el\u00e4insuojeluyhdistys\",\"isPartOf\":{\"@id\":\"https:\/\/sey.fi\/joensuu\/#website\"},\"datePublished\":\"2019-10-24T13:06:14+00:00\",\"dateModified\":\"2025-08-16T12:02:49+00:00\",\"breadcrumb\":{\"@id\":\"https:\/\/sey.fi\/joensuu\/joensuun-elainsuojeluyhdistys\/lemmikkielaimia-koskeva-lainsaadanto\/koirat\/haukkuminen\/#breadcrumb\"},\"inLanguage\":\"fi\",\"potentialAction\":[{\"@type\":\"ReadAction\",\"target\":[\"https:\/\/sey.fi\/joensuu\/joensuun-elainsuojeluyhdistys\/lemmikkielaimia-koskeva-lainsaadanto\/koirat\/haukkuminen\/\"]}]},{\"@type\":\"BreadcrumbList\",\"@id\":\"https:\/\/sey.fi\/joensuu\/joensuun-elainsuojeluyhdistys\/lemmikkielaimia-koskeva-lainsaadanto\/koirat\/haukkuminen\/#breadcrumb\",\"itemListElement\":[{\"@type\":\"ListItem\",\"position\":1,\"name\":\"Home\",\"item\":\"https:\/\/sey.fi\/joensuu\/\"},{\"@type\":\"ListItem\",\"position\":2,\"name\":\"Joensuun el\u00e4insuojeluyhdistys\",\"item\":\"https:\/\/sey.fi\/joensuu\/\"},{\"@type\":\"ListItem\",\"position\":3,\"name\":\"El\u00e4inten hyvinvointilaki ja muuta el\u00e4imi\u00e4 koskevaa lains\u00e4\u00e4d\u00e4nt\u00f6\u00e4\",\"item\":\"https:\/\/sey.fi\/joensuu\/joensuun-elainsuojeluyhdistys\/lemmikkielaimia-koskeva-lainsaadanto\/\"},{\"@type\":\"ListItem\",\"position\":4,\"name\":\"Koirien kiinnipitoaika\",\"item\":\"https:\/\/sey.fi\/joensuu\/joensuun-elainsuojeluyhdistys\/lemmikkielaimia-koskeva-lainsaadanto\/koirat\/\"},{\"@type\":\"ListItem\",\"position\":5,\"name\":\"Koiran haukkuminen\"}]},{\"@type\":\"WebSite\",\"@id\":\"https:\/\/sey.fi\/joensuu\/#website\",\"url\":\"https:\/\/sey.fi\/joensuu\/\",\"name\":\"Joensuun el\u00e4insuojeluyhdistys\",\"description\":\"Uusi SEY J\u00e4senyhdistykset -sivusto\",\"potentialAction\":[{\"@type\":\"SearchAction\",\"target\":{\"@type\":\"EntryPoint\",\"urlTemplate\":\"https:\/\/sey.fi\/joensuu\/?s={search_term_string}\"},\"query-input\":{\"@type\":\"PropertyValueSpecification\",\"valueRequired\":true,\"valueName\":\"search_term_string\"}}],\"inLanguage\":\"fi\"}]}<\/script>\n<!-- \/ Yoast SEO plugin. -->","yoast_head_json":{"title":"Koiran haukkuminen - Joensuun el\u00e4insuojeluyhdistys","robots":{"index":"index","follow":"follow","max-snippet":"max-snippet:-1","max-image-preview":"max-image-preview:large","max-video-preview":"max-video-preview:-1"},"canonical":"https:\/\/sey.fi\/joensuu\/joensuun-elainsuojeluyhdistys\/lemmikkielaimia-koskeva-lainsaadanto\/koirat\/haukkuminen\/","og_locale":"fi_FI","og_type":"article","og_title":"Koiran haukkuminen - Joensuun el\u00e4insuojeluyhdistys","og_description":"Vaikka jatkuva haukkuminen saataa olla merkki koiran h\u00e4d\u00e4st\u00e4, se ei yksin ole syy tehd\u00e4 el\u00e4insuojeluilmoitusta. Kerrostalossa haukkuva koira T\u00e4llaisessa tapauksessa ensisijaisesti kannattaa ottaa yhteytt\u00e4 koiran omistajaan ja keskustella asiasta. Usein omistaja ei ole tietoinen koiransa haukkumisesta ja on halukas kouluttamaan koiran hiljaiseksi. Huomaathan, ett\u00e4 t\u00e4m\u00e4 ei onnistu p\u00e4iv\u00e4ss\u00e4 parissa. Voit my\u00f6s olla apuna kouluttamisessa raportoimalla [&hellip;]","og_url":"https:\/\/sey.fi\/joensuu\/joensuun-elainsuojeluyhdistys\/lemmikkielaimia-koskeva-lainsaadanto\/koirat\/haukkuminen\/","og_site_name":"Joensuun el\u00e4insuojeluyhdistys","article_modified_time":"2025-08-16T12:02:49+00:00","twitter_card":"summary_large_image","twitter_misc":{"Arvioitu lukuaika":"2 minuuttia"},"schema":{"@context":"https:\/\/schema.org","@graph":[{"@type":"WebPage","@id":"https:\/\/sey.fi\/joensuu\/joensuun-elainsuojeluyhdistys\/lemmikkielaimia-koskeva-lainsaadanto\/koirat\/haukkuminen\/","url":"https:\/\/sey.fi\/joensuu\/joensuun-elainsuojeluyhdistys\/lemmikkielaimia-koskeva-lainsaadanto\/koirat\/haukkuminen\/","name":"Koiran haukkuminen - Joensuun el\u00e4insuojeluyhdistys","isPartOf":{"@id":"https:\/\/sey.fi\/joensuu\/#website"},"datePublished":"2019-10-24T13:06:14+00:00","dateModified":"2025-08-16T12:02:49+00:00","breadcrumb":{"@id":"https:\/\/sey.fi\/joensuu\/joensuun-elainsuojeluyhdistys\/lemmikkielaimia-koskeva-lainsaadanto\/koirat\/haukkuminen\/#breadcrumb"},"inLanguage":"fi","potentialAction":[{"@type":"ReadAction","target":["https:\/\/sey.fi\/joensuu\/joensuun-elainsuojeluyhdistys\/lemmikkielaimia-koskeva-lainsaadanto\/koirat\/haukkuminen\/"]}]},{"@type":"BreadcrumbList","@id":"https:\/\/sey.fi\/joensuu\/joensuun-elainsuojeluyhdistys\/lemmikkielaimia-koskeva-lainsaadanto\/koirat\/haukkuminen\/#breadcrumb","itemListElement":[{"@type":"ListItem","position":1,"name":"Home","item":"https:\/\/sey.fi\/joensuu\/"},{"@type":"ListItem","position":2,"name":"Joensuun el\u00e4insuojeluyhdistys","item":"https:\/\/sey.fi\/joensuu\/"},{"@type":"ListItem","position":3,"name":"El\u00e4inten hyvinvointilaki ja muuta el\u00e4imi\u00e4 koskevaa lains\u00e4\u00e4d\u00e4nt\u00f6\u00e4","item":"https:\/\/sey.fi\/joensuu\/joensuun-elainsuojeluyhdistys\/lemmikkielaimia-koskeva-lainsaadanto\/"},{"@type":"ListItem","position":4,"name":"Koirien kiinnipitoaika","item":"https:\/\/sey.fi\/joensuu\/joensuun-elainsuojeluyhdistys\/lemmikkielaimia-koskeva-lainsaadanto\/koirat\/"},{"@type":"ListItem","position":5,"name":"Koiran haukkuminen"}]},{"@type":"WebSite","@id":"https:\/\/sey.fi\/joensuu\/#website","url":"https:\/\/sey.fi\/joensuu\/","name":"Joensuun el\u00e4insuojeluyhdistys","description":"Uusi SEY J\u00e4senyhdistykset -sivusto","potentialAction":[{"@type":"SearchAction","target":{"@type":"EntryPoint","urlTemplate":"https:\/\/sey.fi\/joensuu\/?s={search_term_string}"},"query-input":{"@type":"PropertyValueSpecification","valueRequired":true,"valueName":"search_term_string"}}],"inLanguage":"fi"}]}},"_links":{"self":[{"href":"https:\/\/sey.fi\/joensuu\/wp-json\/wp\/v2\/pages\/130","targetHints":{"allow":["GET"]}}],"collection":[{"href":"https:\/\/sey.fi\/joensuu\/wp-json\/wp\/v2\/pages"}],"about":[{"href":"https:\/\/sey.fi\/joensuu\/wp-json\/wp\/v2\/types\/page"}],"author":[{"embeddable":true,"href":"https:\/\/sey.fi\/joensuu\/wp-json\/wp\/v2\/users\/8"}],"replies":[{"embeddable":true,"href":"https:\/\/sey.fi\/joensuu\/wp-json\/wp\/v2\/comments?post=130"}],"version-history":[{"count":3,"href":"https:\/\/sey.fi\/joensuu\/wp-json\/wp\/v2\/pages\/130\/revisions"}],"predecessor-version":[{"id":649,"href":"https:\/\/sey.fi\/joensuu\/wp-json\/wp\/v2\/pages\/130\/revisions\/649"}],"up":[{"embeddable":true,"href":"https:\/\/sey.fi\/joensuu\/wp-json\/wp\/v2\/pages\/128"}],"wp:attachment":[{"href":"https:\/\/sey.fi\/joensuu\/wp-json\/wp\/v2\/media?parent=130"}],"curies":[{"name":"wp","href":"https:\/\/api.w.org\/{rel}","templated":true}]}}