{"id":152,"date":"2019-10-24T16:21:52","date_gmt":"2019-10-24T13:21:52","guid":{"rendered":"http:\/\/srvr10.xetpoint.com\/~seyfi\/joensuu\/?page_id=152"},"modified":"2026-04-02T20:01:21","modified_gmt":"2026-04-02T17:01:21","slug":"pienelainten-hautausmaa","status":"publish","type":"page","link":"https:\/\/sey.fi\/joensuu\/joensuun-elainsuojeluyhdistys\/pienelainten-hautausmaa\/","title":{"rendered":"Pienel\u00e4inten hautausmaa"},"content":{"rendered":"\n<p>Pienel\u00e4inten hautausmaan, osoitteessa Jaamankankaantie 13 Kontiolahti,&nbsp;omistaa Joensuun el\u00e4insuojeluyhdistys ry.<\/p>\n\n\n\n<figure class=\"wp-block-image size-large is-resized\"><img loading=\"lazy\" decoding=\"async\" width=\"1024\" height=\"683\" src=\"https:\/\/sey.fi\/wp-content\/uploads\/sites\/13\/2026\/04\/IMG_9883muokattu-1024x683.jpg\" alt=\"\" class=\"wp-image-881\" style=\"width:431px;height:auto\" srcset=\"https:\/\/sey.fi\/wp-content\/uploads\/sites\/13\/2026\/04\/IMG_9883muokattu-1024x683.jpg 1024w, https:\/\/sey.fi\/wp-content\/uploads\/sites\/13\/2026\/04\/IMG_9883muokattu-300x200.jpg 300w, https:\/\/sey.fi\/wp-content\/uploads\/sites\/13\/2026\/04\/IMG_9883muokattu-768x512.jpg 768w, https:\/\/sey.fi\/wp-content\/uploads\/sites\/13\/2026\/04\/IMG_9883muokattu-1536x1024.jpg 1536w, https:\/\/sey.fi\/wp-content\/uploads\/sites\/13\/2026\/04\/IMG_9883muokattu-2048x1365.jpg 2048w\" sizes=\"auto, (max-width: 1024px) 100vw, 1024px\" \/><\/figure>\n\n\n\n<p>Kauniille, kuusiaidan rajaamalle alueelle on haudattu monen paras ja uskollisin yst\u00e4v\u00e4. Yhdistyksen 100-vuotis historiikin ilmestyess\u00e4 1999, hautauksia oli suoritettu 1260, vuodesta 1980 alkaen. Pienel\u00e4inhautausmaalta ovat saaneet&nbsp;kissojen ja koirien lis\u00e4ksi viimeisen leposijansa monet jyrsij\u00e4t, lemmikkilammas ja minipossu.<\/p>\n\n\n\n<p>Hautausmaa on hankittu vuonna 1977 saadulla testamenttilahjoituksella juukalaiselta Aino Ester Kukkoselta ja sit\u00e4 yll\u00e4pidet\u00e4\u00e4n talkoilla ja palkattomien vapaaehtoisten voimin.<\/p>\n\n\n\n<p>Alueelle tehd\u00e4\u00e4n koko- ja uurnahautauksia.<\/p>\n\n\n\n<hr class=\"wp-block-separator has-alpha-channel-opacity\" \/>\n\n\n\n<p><strong>Hinnat 3.6.2019 alkaen:<\/strong><\/p>\n\n\n\n<p><strong>hautapaikka 10-vuodeksi 50\u20ac, jonka lis\u00e4ksi<\/strong>:<\/p>\n\n\n\n<ul class=\"wp-block-list\">\n<li><strong>uurna&nbsp;<\/strong>65,00 \u20ac + Alv. 24% 15,60\u20ac Yht.<strong>&nbsp;80,60\u20ac<\/strong><\/li>\n<\/ul>\n\n\n\n<ul class=\"wp-block-list\">\n<li><strong>0 &#8211; 80 kg el\u00e4imen kokohautaus&nbsp;<\/strong>85,00\u20ac + 24% Alv. 24,00\u20ac Yht.&nbsp;<strong>105,40\u20ac<\/strong><\/li>\n<\/ul>\n\n\n\n<ul class=\"wp-block-list\">\n<li><strong>yli 80 kg el\u00e4imen kokohautaus&nbsp;<\/strong>100,00\u20ac + 24% Alv. 24,00\u20ac Yht.<strong>&nbsp;124,00\u20ac<\/strong><\/li>\n<\/ul>\n\n\n\n<ul class=\"wp-block-list\">\n<li><strong>H\u00e4t\u00e4hautaus plus 50 % hautauksen hinnasta<\/strong><\/li>\n<\/ul>\n\n\n\n<p>JEY:ll\u00e4 on myynniss\u00e4 kaksi puista hautaristi\u00e4 60\u20ac kpl hintaan! K\u00e4y katsomassa n\u00e4iden ostamiseen liittyv\u00e4t ohjeet <a href=\"https:\/\/sey.fi\/joensuu\/joensuun-elainsuojeluyhdistys\/tue-toimintaa\/myyntituotteet\/\">t\u00e4\u00e4lt\u00e4<\/a>.<\/p>\n\n\n\n<hr class=\"wp-block-separator has-alpha-channel-opacity\" \/>\n\n\n\n<p><strong>Yhteydenotot:<\/strong><\/p>\n\n\n\n<p><strong>HAUTAPAIKKA maksetaan Jey:lle, ota yhteytt\u00e4 050 596 71 01 tai&nbsp;<a href=\"mailto:jey@jey.fi\">jey@jey.fi<\/a>.<\/strong><\/p>\n\n\n\n<p><strong>HAUTAUS:&nbsp;Keijo Timoskainen puh. 050 529 39 05,<\/strong>&nbsp;laita tekstiviesti jos et heti tavoita Keijoa. Hautaus maksetaan hautaajalle.<\/p>\n\n\n\n<p>Otathan huomioon, ett\u00e4 hautaus ei v\u00e4ltt\u00e4m\u00e4tt\u00e4 onnistu saman p\u00e4iv\u00e4n aikana (erikseen h\u00e4t\u00e4hautaus).<\/p>\n\n\n\n<hr class=\"wp-block-separator has-alpha-channel-opacity\" \/>\n\n\n\n<h2 class=\"wp-block-heading has-medium-font-size\">Hautauksesta:<\/h2>\n\n\n\n<p>Hautaus suoritetaan sallituille paikoille hautaajan johdolla. Paikasta voi mahdollisuuksien mukaan neuvotella hautaajan kanssa. HUOM! Hautaaminen alueelle on luvanvaraista toimintaa, eik\u00e4 hautaamista saa k\u00e4yd\u00e4 suorittamassa omin p\u00e4in.<\/p>\n\n\n\n<p>Kannattaa huomioida, ett\u00e4 hautaus ei v\u00e4ltt\u00e4m\u00e4tt\u00e4 onnistu saman p\u00e4iv\u00e4n aikana. T\u00e4m\u00e4 selvi\u00e4\u00e4 soittamalla hautaajalle.<\/p>\n\n\n\n<p>Talvisin hautausten pakkasrajana pidet\u00e4\u00e4n -15 astetta.<\/p>\n\n\n\n<p>Kokohautaukset pyrit\u00e4\u00e4n tekem\u00e4\u00e4n valmiiseen kaivantoon hautaajan ty\u00f6n helpottamiseksi.<\/p>\n\n\n\n<p>Hautauksessa ei saa k\u00e4ytt\u00e4\u00e4 vainajan k\u00e4\u00e4rimiseen muovia. Maatuvat materiaalit, esimerkiksi lauta-arkut, pahvilaatikot, pajukorit sek\u00e4 pahviuurnat, kankaiset tuhkapussit ja kankaat ovat sallittuja. My\u00f6s keraamista uurnaa voi k\u00e4ytt\u00e4\u00e4. Hautaan saa laittaa kukkia ja muistoesineit\u00e4.<\/p>\n\n\n\n<p>Hauta merkit\u00e4\u00e4n hautaajan toimesta numeroidulla tolpalla eik\u00e4 sit\u00e4 saa poistaa.<\/p>\n\n\n\n<p>El\u00e4imen haku- tai kuljetuspalvelua hautausmaalle ei ole saatavilla.<\/p>\n\n\n\n<p>Mik\u00e4li haluatte s\u00e4ilytt\u00e4\u00e4 haudan 10 vuoden j\u00e4lkeenkin, teid\u00e4n tulee olla itse ajoissa yhteydess\u00e4 yhdistykseen.<\/p>\n\n\n\n<hr class=\"wp-block-separator has-alpha-channel-opacity\" \/>\n\n\n\n<h2 class=\"wp-block-heading has-medium-font-size\">Muistomerkit ja istutukset:<\/h2>\n\n\n\n<p>Pienel\u00e4intenhautausmaa ei ole kytk\u00f6ksiss\u00e4 mihink\u00e4\u00e4n uskontoon ja jokainen saa muistella edesmennytt\u00e4 lemmikki\u00e4\u00e4n omalla tavallaan, kuitenkin el\u00e4imen eletty\u00e4 el\u00e4m\u00e4\u00e4 kunnioittavalla tavalla.<\/p>\n\n\n\n<p>Hautapaikalle voitte pystytt\u00e4\u00e4 mieleisenne hautakiven tai muistomerkin. Haudan saa kivet\u00e4 tai reunustaa.<\/p>\n\n\n\n<figure class=\"wp-block-image size-large is-resized\"><img loading=\"lazy\" decoding=\"async\" width=\"1024\" height=\"683\" src=\"https:\/\/sey.fi\/wp-content\/uploads\/sites\/13\/2026\/04\/IMG_9940muokattu-1024x683.jpg\" alt=\"\" class=\"wp-image-884\" style=\"width:384px;height:auto\" srcset=\"https:\/\/sey.fi\/wp-content\/uploads\/sites\/13\/2026\/04\/IMG_9940muokattu-1024x683.jpg 1024w, https:\/\/sey.fi\/wp-content\/uploads\/sites\/13\/2026\/04\/IMG_9940muokattu-300x200.jpg 300w, https:\/\/sey.fi\/wp-content\/uploads\/sites\/13\/2026\/04\/IMG_9940muokattu-768x512.jpg 768w, https:\/\/sey.fi\/wp-content\/uploads\/sites\/13\/2026\/04\/IMG_9940muokattu-1536x1024.jpg 1536w, https:\/\/sey.fi\/wp-content\/uploads\/sites\/13\/2026\/04\/IMG_9940muokattu-2048x1365.jpg 2048w\" sizes=\"auto, (max-width: 1024px) 100vw, 1024px\" \/><\/figure>\n\n\n\n<p>Mik\u00e4li haluatte laittaa haudalle painavan hautakiven, keskustelkaa kiviliikkeen kanssa kuinka est\u00e4\u00e4 kiven vajoaminen hiekkamaahan. Vaikka luonnonkivi ei vajoa niin helposti, voi alle laittaa esim. laatan est\u00e4m\u00e4\u00e4n vajoamista. Hautakiven oikaiseminen tai nostaminen on haudan haltian vastuulla. Yhdistys ei poista hautakivi\u00e4 tai muistomerkkej\u00e4 hoitamattomiltakaan haudoilta, vaan hauta on haudanhaltian hallinnassa sovitut 10 vuotta. T\u00e4m\u00e4n vuoksi hautausmaalla n\u00e4kee my\u00f6s vajonneita muistokivi\u00e4.<\/p>\n\n\n\n<p>Haudan haltia vastaa my\u00f6s mahdollisen vajoaman t\u00e4ytt\u00e4misest\u00e4. Ty\u00f6h\u00f6n saa k\u00e4ytt\u00e4\u00e4 hautausmaan hiekkaa.<\/p>\n\n\n\n<p>Haudalle saa tehd\u00e4 istutuksia, mutta suosittelemme v\u00e4ltt\u00e4m\u00e4\u00e4n laajalle levitt\u00e4ytyvi\u00e4 pensaita ja puita, sill\u00e4 ne peitt\u00e4v\u00e4t helposti viereisen haudan. Hallitsemattomasti levi\u00e4vi\u00e4 kasveja, kuten lupiinia ei saa istuttaa lainkaan!<\/p>\n\n\n\n<p>Haudalle saa tuoda kynttil\u00f6it\u00e4 ja lyhtyj\u00e4, mutta toivomme, ett\u00e4 muovihylsyt ker\u00e4t\u00e4\u00e4n seuraavalla kerralla pois ja laitetaan roskikseen. Muistathan lajitella roskat!<\/p>\n\n\n\n<figure class=\"wp-block-image size-large is-resized\"><img loading=\"lazy\" decoding=\"async\" width=\"1024\" height=\"683\" src=\"https:\/\/sey.fi\/wp-content\/uploads\/sites\/13\/2026\/04\/IMG_9908muokattu-1024x683.jpg\" alt=\"\" class=\"wp-image-883\" style=\"width:389px;height:auto\" srcset=\"https:\/\/sey.fi\/wp-content\/uploads\/sites\/13\/2026\/04\/IMG_9908muokattu-1024x683.jpg 1024w, https:\/\/sey.fi\/wp-content\/uploads\/sites\/13\/2026\/04\/IMG_9908muokattu-300x200.jpg 300w, https:\/\/sey.fi\/wp-content\/uploads\/sites\/13\/2026\/04\/IMG_9908muokattu-768x512.jpg 768w, https:\/\/sey.fi\/wp-content\/uploads\/sites\/13\/2026\/04\/IMG_9908muokattu-1536x1024.jpg 1536w, https:\/\/sey.fi\/wp-content\/uploads\/sites\/13\/2026\/04\/IMG_9908muokattu-2048x1365.jpg 2048w\" sizes=\"auto, (max-width: 1024px) 100vw, 1024px\" \/><\/figure>\n\n\n\n<hr class=\"wp-block-separator has-alpha-channel-opacity\" \/>\n\n\n\n<h2 class=\"wp-block-heading has-medium-font-size\">Pienel\u00e4inten hautausmaalla k\u00e4vij\u00f6ille:<\/h2>\n\n\n\n<p>Koska hautausmaata yll\u00e4pit\u00e4v\u00e4t vapaaehtoiset, toivomme ett\u00e4 pid\u00e4tte huolta hautapaikastanne ja sen ymp\u00e4rist\u00f6st\u00e4. Muista lajitella roskat!<\/p>\n\n\n\n<p>Pienel\u00e4inhautausmaalla saa k\u00e4yd\u00e4 lemmikin kanssa.<\/p>\n\n\n\n<p>Hautausmaan talkoisiin, joita j\u00e4rjestet\u00e4\u00e4n v\u00e4hint\u00e4\u00e4n kev\u00e4isin ja syksyisin, ovat kaikki tervetulleita. Talkoista ilmoitetaan yhdistyksen kotisivuilla ja yhdistyksen&nbsp;<a href=\"http:\/\/www.facebook.com\/joensuunelainsuojeluyhdistys\">facebooksivulla.<\/a>&nbsp;<\/p>\n\n\n\n<p>HUOM! Hautausmaalla liikutaan jalkaisin, vain huoltoajo on sallittu!<\/p>\n\n\n\n<figure class=\"wp-block-image size-large\"><img loading=\"lazy\" decoding=\"async\" width=\"1024\" height=\"683\" src=\"https:\/\/sey.fi\/wp-content\/uploads\/sites\/13\/2026\/04\/IMG_9912-muokattu-1024x683.jpg\" alt=\"\" class=\"wp-image-882\" srcset=\"https:\/\/sey.fi\/wp-content\/uploads\/sites\/13\/2026\/04\/IMG_9912-muokattu-1024x683.jpg 1024w, https:\/\/sey.fi\/wp-content\/uploads\/sites\/13\/2026\/04\/IMG_9912-muokattu-300x200.jpg 300w, https:\/\/sey.fi\/wp-content\/uploads\/sites\/13\/2026\/04\/IMG_9912-muokattu-768x512.jpg 768w, https:\/\/sey.fi\/wp-content\/uploads\/sites\/13\/2026\/04\/IMG_9912-muokattu-1536x1024.jpg 1536w, https:\/\/sey.fi\/wp-content\/uploads\/sites\/13\/2026\/04\/IMG_9912-muokattu-2048x1365.jpg 2048w\" sizes=\"auto, (max-width: 1024px) 100vw, 1024px\" \/><\/figure>\n\n\n\n<p>Kuvat: Joensuun el\u00e4insuojeluyhdistys ry \/ Jenni Vanhakangas<\/p>\n","protected":false},"excerpt":{"rendered":"<p>Pienel\u00e4inten hautausmaan, osoitteessa Jaamankankaantie 13 Kontiolahti,&nbsp;omistaa Joensuun el\u00e4insuojeluyhdistys ry. Kauniille, kuusiaidan rajaamalle alueelle on haudattu monen paras ja uskollisin yst\u00e4v\u00e4. Yhdistyksen 100-vuotis historiikin ilmestyess\u00e4 1999, hautauksia oli suoritettu 1260, vuodesta 1980 alkaen. Pienel\u00e4inhautausmaalta ovat saaneet&nbsp;kissojen ja koirien lis\u00e4ksi viimeisen leposijansa monet jyrsij\u00e4t, lemmikkilammas ja minipossu. Hautausmaa on hankittu vuonna 1977 saadulla testamenttilahjoituksella juukalaiselta Aino Ester [&hellip;]<\/p>\n","protected":false},"author":8,"featured_media":879,"parent":2,"menu_order":0,"comment_status":"closed","ping_status":"closed","template":"","meta":{"_acf_changed":false,"footnotes":""},"class_list":["post-152","page","type-page","status-publish","has-post-thumbnail","hentry"],"acf":[],"yoast_head":"<!-- This site is optimized with the Yoast SEO plugin v27.1.1 - https:\/\/yoast.com\/product\/yoast-seo-wordpress\/ -->\n<title>Pienel\u00e4inten hautausmaa - Joensuun el\u00e4insuojeluyhdistys<\/title>\n<meta name=\"robots\" content=\"index, follow, max-snippet:-1, max-image-preview:large, max-video-preview:-1\" \/>\n<link rel=\"canonical\" href=\"https:\/\/sey.fi\/joensuu\/joensuun-elainsuojeluyhdistys\/pienelainten-hautausmaa\/\" \/>\n<meta property=\"og:locale\" content=\"fi_FI\" \/>\n<meta property=\"og:type\" content=\"article\" \/>\n<meta property=\"og:title\" content=\"Pienel\u00e4inten hautausmaa - Joensuun el\u00e4insuojeluyhdistys\" \/>\n<meta property=\"og:description\" content=\"Pienel\u00e4inten hautausmaan, osoitteessa Jaamankankaantie 13 Kontiolahti,&nbsp;omistaa Joensuun el\u00e4insuojeluyhdistys ry. Kauniille, kuusiaidan rajaamalle alueelle on haudattu monen paras ja uskollisin yst\u00e4v\u00e4. Yhdistyksen 100-vuotis historiikin ilmestyess\u00e4 1999, hautauksia oli suoritettu 1260, vuodesta 1980 alkaen. Pienel\u00e4inhautausmaalta ovat saaneet&nbsp;kissojen ja koirien lis\u00e4ksi viimeisen leposijansa monet jyrsij\u00e4t, lemmikkilammas ja minipossu. Hautausmaa on hankittu vuonna 1977 saadulla testamenttilahjoituksella juukalaiselta Aino Ester [&hellip;]\" \/>\n<meta property=\"og:url\" content=\"https:\/\/sey.fi\/joensuu\/joensuun-elainsuojeluyhdistys\/pienelainten-hautausmaa\/\" \/>\n<meta property=\"og:site_name\" content=\"Joensuun el\u00e4insuojeluyhdistys\" \/>\n<meta property=\"article:modified_time\" content=\"2026-04-02T17:01:21+00:00\" \/>\n<meta property=\"og:image\" content=\"https:\/\/sey.fi\/wp-content\/uploads\/sites\/13\/2026\/04\/IMG_9933muokattu-scaled.jpg\" \/>\n\t<meta property=\"og:image:width\" content=\"2560\" \/>\n\t<meta property=\"og:image:height\" content=\"1707\" \/>\n\t<meta property=\"og:image:type\" content=\"image\/jpeg\" \/>\n<meta name=\"twitter:card\" content=\"summary_large_image\" \/>\n<meta name=\"twitter:label1\" content=\"Arvioitu lukuaika\" \/>\n\t<meta name=\"twitter:data1\" content=\"5 minuuttia\" \/>\n<script type=\"application\/ld+json\" class=\"yoast-schema-graph\">{\"@context\":\"https:\/\/schema.org\",\"@graph\":[{\"@type\":\"WebPage\",\"@id\":\"https:\/\/sey.fi\/joensuu\/joensuun-elainsuojeluyhdistys\/pienelainten-hautausmaa\/\",\"url\":\"https:\/\/sey.fi\/joensuu\/joensuun-elainsuojeluyhdistys\/pienelainten-hautausmaa\/\",\"name\":\"Pienel\u00e4inten hautausmaa - Joensuun el\u00e4insuojeluyhdistys\",\"isPartOf\":{\"@id\":\"https:\/\/sey.fi\/joensuu\/#website\"},\"primaryImageOfPage\":{\"@id\":\"https:\/\/sey.fi\/joensuu\/joensuun-elainsuojeluyhdistys\/pienelainten-hautausmaa\/#primaryimage\"},\"image\":{\"@id\":\"https:\/\/sey.fi\/joensuu\/joensuun-elainsuojeluyhdistys\/pienelainten-hautausmaa\/#primaryimage\"},\"thumbnailUrl\":\"https:\/\/sey.fi\/wp-content\/uploads\/sites\/13\/2026\/04\/IMG_9933muokattu-scaled.jpg\",\"datePublished\":\"2019-10-24T13:21:52+00:00\",\"dateModified\":\"2026-04-02T17:01:21+00:00\",\"breadcrumb\":{\"@id\":\"https:\/\/sey.fi\/joensuu\/joensuun-elainsuojeluyhdistys\/pienelainten-hautausmaa\/#breadcrumb\"},\"inLanguage\":\"fi\",\"potentialAction\":[{\"@type\":\"ReadAction\",\"target\":[\"https:\/\/sey.fi\/joensuu\/joensuun-elainsuojeluyhdistys\/pienelainten-hautausmaa\/\"]}]},{\"@type\":\"ImageObject\",\"inLanguage\":\"fi\",\"@id\":\"https:\/\/sey.fi\/joensuu\/joensuun-elainsuojeluyhdistys\/pienelainten-hautausmaa\/#primaryimage\",\"url\":\"https:\/\/sey.fi\/wp-content\/uploads\/sites\/13\/2026\/04\/IMG_9933muokattu-scaled.jpg\",\"contentUrl\":\"https:\/\/sey.fi\/wp-content\/uploads\/sites\/13\/2026\/04\/IMG_9933muokattu-scaled.jpg\",\"width\":2560,\"height\":1707},{\"@type\":\"BreadcrumbList\",\"@id\":\"https:\/\/sey.fi\/joensuu\/joensuun-elainsuojeluyhdistys\/pienelainten-hautausmaa\/#breadcrumb\",\"itemListElement\":[{\"@type\":\"ListItem\",\"position\":1,\"name\":\"Home\",\"item\":\"https:\/\/sey.fi\/joensuu\/\"},{\"@type\":\"ListItem\",\"position\":2,\"name\":\"Joensuun el\u00e4insuojeluyhdistys\",\"item\":\"https:\/\/sey.fi\/joensuu\/\"},{\"@type\":\"ListItem\",\"position\":3,\"name\":\"Pienel\u00e4inten hautausmaa\"}]},{\"@type\":\"WebSite\",\"@id\":\"https:\/\/sey.fi\/joensuu\/#website\",\"url\":\"https:\/\/sey.fi\/joensuu\/\",\"name\":\"Joensuun el\u00e4insuojeluyhdistys\",\"description\":\"Uusi SEY J\u00e4senyhdistykset -sivusto\",\"potentialAction\":[{\"@type\":\"SearchAction\",\"target\":{\"@type\":\"EntryPoint\",\"urlTemplate\":\"https:\/\/sey.fi\/joensuu\/?s={search_term_string}\"},\"query-input\":{\"@type\":\"PropertyValueSpecification\",\"valueRequired\":true,\"valueName\":\"search_term_string\"}}],\"inLanguage\":\"fi\"}]}<\/script>\n<!-- \/ Yoast SEO plugin. -->","yoast_head_json":{"title":"Pienel\u00e4inten hautausmaa - Joensuun el\u00e4insuojeluyhdistys","robots":{"index":"index","follow":"follow","max-snippet":"max-snippet:-1","max-image-preview":"max-image-preview:large","max-video-preview":"max-video-preview:-1"},"canonical":"https:\/\/sey.fi\/joensuu\/joensuun-elainsuojeluyhdistys\/pienelainten-hautausmaa\/","og_locale":"fi_FI","og_type":"article","og_title":"Pienel\u00e4inten hautausmaa - Joensuun el\u00e4insuojeluyhdistys","og_description":"Pienel\u00e4inten hautausmaan, osoitteessa Jaamankankaantie 13 Kontiolahti,&nbsp;omistaa Joensuun el\u00e4insuojeluyhdistys ry. Kauniille, kuusiaidan rajaamalle alueelle on haudattu monen paras ja uskollisin yst\u00e4v\u00e4. Yhdistyksen 100-vuotis historiikin ilmestyess\u00e4 1999, hautauksia oli suoritettu 1260, vuodesta 1980 alkaen. Pienel\u00e4inhautausmaalta ovat saaneet&nbsp;kissojen ja koirien lis\u00e4ksi viimeisen leposijansa monet jyrsij\u00e4t, lemmikkilammas ja minipossu. Hautausmaa on hankittu vuonna 1977 saadulla testamenttilahjoituksella juukalaiselta Aino Ester [&hellip;]","og_url":"https:\/\/sey.fi\/joensuu\/joensuun-elainsuojeluyhdistys\/pienelainten-hautausmaa\/","og_site_name":"Joensuun el\u00e4insuojeluyhdistys","article_modified_time":"2026-04-02T17:01:21+00:00","og_image":[{"width":2560,"height":1707,"url":"https:\/\/sey.fi\/wp-content\/uploads\/sites\/13\/2026\/04\/IMG_9933muokattu-scaled.jpg","type":"image\/jpeg"}],"twitter_card":"summary_large_image","twitter_misc":{"Arvioitu lukuaika":"5 minuuttia"},"schema":{"@context":"https:\/\/schema.org","@graph":[{"@type":"WebPage","@id":"https:\/\/sey.fi\/joensuu\/joensuun-elainsuojeluyhdistys\/pienelainten-hautausmaa\/","url":"https:\/\/sey.fi\/joensuu\/joensuun-elainsuojeluyhdistys\/pienelainten-hautausmaa\/","name":"Pienel\u00e4inten hautausmaa - Joensuun el\u00e4insuojeluyhdistys","isPartOf":{"@id":"https:\/\/sey.fi\/joensuu\/#website"},"primaryImageOfPage":{"@id":"https:\/\/sey.fi\/joensuu\/joensuun-elainsuojeluyhdistys\/pienelainten-hautausmaa\/#primaryimage"},"image":{"@id":"https:\/\/sey.fi\/joensuu\/joensuun-elainsuojeluyhdistys\/pienelainten-hautausmaa\/#primaryimage"},"thumbnailUrl":"https:\/\/sey.fi\/wp-content\/uploads\/sites\/13\/2026\/04\/IMG_9933muokattu-scaled.jpg","datePublished":"2019-10-24T13:21:52+00:00","dateModified":"2026-04-02T17:01:21+00:00","breadcrumb":{"@id":"https:\/\/sey.fi\/joensuu\/joensuun-elainsuojeluyhdistys\/pienelainten-hautausmaa\/#breadcrumb"},"inLanguage":"fi","potentialAction":[{"@type":"ReadAction","target":["https:\/\/sey.fi\/joensuu\/joensuun-elainsuojeluyhdistys\/pienelainten-hautausmaa\/"]}]},{"@type":"ImageObject","inLanguage":"fi","@id":"https:\/\/sey.fi\/joensuu\/joensuun-elainsuojeluyhdistys\/pienelainten-hautausmaa\/#primaryimage","url":"https:\/\/sey.fi\/wp-content\/uploads\/sites\/13\/2026\/04\/IMG_9933muokattu-scaled.jpg","contentUrl":"https:\/\/sey.fi\/wp-content\/uploads\/sites\/13\/2026\/04\/IMG_9933muokattu-scaled.jpg","width":2560,"height":1707},{"@type":"BreadcrumbList","@id":"https:\/\/sey.fi\/joensuu\/joensuun-elainsuojeluyhdistys\/pienelainten-hautausmaa\/#breadcrumb","itemListElement":[{"@type":"ListItem","position":1,"name":"Home","item":"https:\/\/sey.fi\/joensuu\/"},{"@type":"ListItem","position":2,"name":"Joensuun el\u00e4insuojeluyhdistys","item":"https:\/\/sey.fi\/joensuu\/"},{"@type":"ListItem","position":3,"name":"Pienel\u00e4inten hautausmaa"}]},{"@type":"WebSite","@id":"https:\/\/sey.fi\/joensuu\/#website","url":"https:\/\/sey.fi\/joensuu\/","name":"Joensuun el\u00e4insuojeluyhdistys","description":"Uusi SEY J\u00e4senyhdistykset -sivusto","potentialAction":[{"@type":"SearchAction","target":{"@type":"EntryPoint","urlTemplate":"https:\/\/sey.fi\/joensuu\/?s={search_term_string}"},"query-input":{"@type":"PropertyValueSpecification","valueRequired":true,"valueName":"search_term_string"}}],"inLanguage":"fi"}]}},"_links":{"self":[{"href":"https:\/\/sey.fi\/joensuu\/wp-json\/wp\/v2\/pages\/152","targetHints":{"allow":["GET"]}}],"collection":[{"href":"https:\/\/sey.fi\/joensuu\/wp-json\/wp\/v2\/pages"}],"about":[{"href":"https:\/\/sey.fi\/joensuu\/wp-json\/wp\/v2\/types\/page"}],"author":[{"embeddable":true,"href":"https:\/\/sey.fi\/joensuu\/wp-json\/wp\/v2\/users\/8"}],"replies":[{"embeddable":true,"href":"https:\/\/sey.fi\/joensuu\/wp-json\/wp\/v2\/comments?post=152"}],"version-history":[{"count":18,"href":"https:\/\/sey.fi\/joensuu\/wp-json\/wp\/v2\/pages\/152\/revisions"}],"predecessor-version":[{"id":887,"href":"https:\/\/sey.fi\/joensuu\/wp-json\/wp\/v2\/pages\/152\/revisions\/887"}],"up":[{"embeddable":true,"href":"https:\/\/sey.fi\/joensuu\/wp-json\/wp\/v2\/pages\/2"}],"wp:featuredmedia":[{"embeddable":true,"href":"https:\/\/sey.fi\/joensuu\/wp-json\/wp\/v2\/media\/879"}],"wp:attachment":[{"href":"https:\/\/sey.fi\/joensuu\/wp-json\/wp\/v2\/media?parent=152"}],"curies":[{"name":"wp","href":"https:\/\/api.w.org\/{rel}","templated":true}]}}