{"id":156,"date":"2019-10-24T16:24:28","date_gmt":"2019-10-24T13:24:28","guid":{"rendered":"http:\/\/srvr10.xetpoint.com\/~seyfi\/joensuu\/?page_id=156"},"modified":"2025-08-10T00:45:23","modified_gmt":"2025-08-09T21:45:23","slug":"liity-jaseneksi","status":"publish","type":"page","link":"https:\/\/sey.fi\/joensuu\/joensuun-elainsuojeluyhdistys\/tue-toimintaa\/liity-jaseneksi\/","title":{"rendered":"Liity j\u00e4seneksi"},"content":{"rendered":"\n<p><strong>J\u00e4senmaksut vuonna 2025<\/strong>:<\/p>\n\n\n\n<p>Varsinainen j\u00e4sen 30&nbsp;&nbsp;\u20ac\/vuosi<\/p>\n\n\n\n<p>Nuorisoj\u00e4sen 10 \u20ac\/vuosi<\/p>\n\n\n\n<p>Perhej\u00e4sen 15 \u20ac\/vuosi<\/p>\n\n\n\n<p>Kannatusj\u00e4sen 230 \u20ac\/vuosi<\/p>\n\n\n\n<p>Ainaisj\u00e4sen 330 \u20ac<\/p>\n\n\n\n<p>N\u00e4in voit liitty\u00e4:<br>T\u00e4yt\u00e4 SEY:n&nbsp;nettisivuilla liittymislomake. Laita merkki Joensuun el\u00e4insuojeluyhdistyksen kohdalle, niin liityt samalla paikallisyhdistykseemme. Nettilomakkeeseen p\u00e4\u00e4set&nbsp;<a href=\"http:\/\/www.sey.fi\/tue-toimintaa\/jasenyys\">t\u00e4st\u00e4<\/a>. <\/p>\n\n\n\n<p>Liittym\u00e4ll\u00e4 SEY:n ja Joensuun el\u00e4insuojeluyhdistyksen j\u00e4seneksi, saat El\u00e4inten Yst\u00e4v\u00e4 -lehden kaksi kertaa vuodessa.&nbsp;<\/p>\n\n\n\n<p>Lis\u00e4ksi saat s\u00e4hk\u00f6postiisi JEY:n Tassuposti -uutiskirjeen noin kerran kuukaudessa! Tassupostissa saat ajantasaista tietoa yhdistyksest\u00e4 ja sen toiminnasta.<\/p>\n\n\n\n<p><em>Tervetuloa mukaan joukkoomme!<\/em><\/p>\n\n\n\n<figure class=\"wp-block-image size-full\"><img loading=\"lazy\" decoding=\"async\" width=\"851\" height=\"315\" src=\"https:\/\/sey.fi\/wp-content\/uploads\/sites\/13\/2025\/08\/Lisaa-otsikko.jpg\" alt=\"\" class=\"wp-image-590\" srcset=\"https:\/\/sey.fi\/wp-content\/uploads\/sites\/13\/2025\/08\/Lisaa-otsikko.jpg 851w, https:\/\/sey.fi\/wp-content\/uploads\/sites\/13\/2025\/08\/Lisaa-otsikko-300x111.jpg 300w, https:\/\/sey.fi\/wp-content\/uploads\/sites\/13\/2025\/08\/Lisaa-otsikko-768x284.jpg 768w\" sizes=\"auto, (max-width: 851px) 100vw, 851px\" \/><\/figure>\n","protected":false},"excerpt":{"rendered":"<p>J\u00e4senmaksut vuonna 2025: Varsinainen j\u00e4sen 30&nbsp;&nbsp;\u20ac\/vuosi Nuorisoj\u00e4sen 10 \u20ac\/vuosi Perhej\u00e4sen 15 \u20ac\/vuosi Kannatusj\u00e4sen 230 \u20ac\/vuosi Ainaisj\u00e4sen 330 \u20ac N\u00e4in voit liitty\u00e4:T\u00e4yt\u00e4 SEY:n&nbsp;nettisivuilla liittymislomake. Laita merkki Joensuun el\u00e4insuojeluyhdistyksen kohdalle, niin liityt samalla paikallisyhdistykseemme. Nettilomakkeeseen p\u00e4\u00e4set&nbsp;t\u00e4st\u00e4. Liittym\u00e4ll\u00e4 SEY:n ja Joensuun el\u00e4insuojeluyhdistyksen j\u00e4seneksi, saat El\u00e4inten Yst\u00e4v\u00e4 -lehden kaksi kertaa vuodessa.&nbsp; Lis\u00e4ksi saat s\u00e4hk\u00f6postiisi JEY:n Tassuposti -uutiskirjeen noin kerran [&hellip;]<\/p>\n","protected":false},"author":8,"featured_media":470,"parent":154,"menu_order":0,"comment_status":"closed","ping_status":"closed","template":"","meta":{"_acf_changed":false,"footnotes":""},"class_list":["post-156","page","type-page","status-publish","has-post-thumbnail","hentry"],"acf":[],"yoast_head":"<!-- This site is optimized with the Yoast SEO plugin v27.1.1 - https:\/\/yoast.com\/product\/yoast-seo-wordpress\/ -->\n<title>Liity j\u00e4seneksi - Joensuun el\u00e4insuojeluyhdistys<\/title>\n<meta name=\"robots\" content=\"index, follow, max-snippet:-1, max-image-preview:large, max-video-preview:-1\" \/>\n<link rel=\"canonical\" href=\"https:\/\/sey.fi\/joensuu\/joensuun-elainsuojeluyhdistys\/tue-toimintaa\/liity-jaseneksi\/\" \/>\n<meta property=\"og:locale\" content=\"fi_FI\" \/>\n<meta property=\"og:type\" content=\"article\" \/>\n<meta property=\"og:title\" content=\"Liity j\u00e4seneksi - Joensuun el\u00e4insuojeluyhdistys\" \/>\n<meta property=\"og:description\" content=\"J\u00e4senmaksut vuonna 2025: Varsinainen j\u00e4sen 30&nbsp;&nbsp;\u20ac\/vuosi Nuorisoj\u00e4sen 10 \u20ac\/vuosi Perhej\u00e4sen 15 \u20ac\/vuosi Kannatusj\u00e4sen 230 \u20ac\/vuosi Ainaisj\u00e4sen 330 \u20ac N\u00e4in voit liitty\u00e4:T\u00e4yt\u00e4 SEY:n&nbsp;nettisivuilla liittymislomake. Laita merkki Joensuun el\u00e4insuojeluyhdistyksen kohdalle, niin liityt samalla paikallisyhdistykseemme. Nettilomakkeeseen p\u00e4\u00e4set&nbsp;t\u00e4st\u00e4. Liittym\u00e4ll\u00e4 SEY:n ja Joensuun el\u00e4insuojeluyhdistyksen j\u00e4seneksi, saat El\u00e4inten Yst\u00e4v\u00e4 -lehden kaksi kertaa vuodessa.&nbsp; Lis\u00e4ksi saat s\u00e4hk\u00f6postiisi JEY:n Tassuposti -uutiskirjeen noin kerran [&hellip;]\" \/>\n<meta property=\"og:url\" content=\"https:\/\/sey.fi\/joensuu\/joensuun-elainsuojeluyhdistys\/tue-toimintaa\/liity-jaseneksi\/\" \/>\n<meta property=\"og:site_name\" content=\"Joensuun el\u00e4insuojeluyhdistys\" \/>\n<meta property=\"article:modified_time\" content=\"2025-08-09T21:45:23+00:00\" \/>\n<meta property=\"og:image\" content=\"https:\/\/sey.fi\/wp-content\/uploads\/sites\/13\/2025\/05\/Pupu-kadella.jpg\" \/>\n\t<meta property=\"og:image:width\" content=\"1280\" \/>\n\t<meta property=\"og:image:height\" content=\"850\" \/>\n\t<meta property=\"og:image:type\" content=\"image\/jpeg\" \/>\n<meta name=\"twitter:card\" content=\"summary_large_image\" \/>\n<meta name=\"twitter:label1\" content=\"Arvioitu lukuaika\" \/>\n\t<meta name=\"twitter:data1\" content=\"1 minuutti\" \/>\n<script type=\"application\/ld+json\" class=\"yoast-schema-graph\">{\"@context\":\"https:\/\/schema.org\",\"@graph\":[{\"@type\":\"WebPage\",\"@id\":\"https:\/\/sey.fi\/joensuu\/joensuun-elainsuojeluyhdistys\/tue-toimintaa\/liity-jaseneksi\/\",\"url\":\"https:\/\/sey.fi\/joensuu\/joensuun-elainsuojeluyhdistys\/tue-toimintaa\/liity-jaseneksi\/\",\"name\":\"Liity j\u00e4seneksi - Joensuun el\u00e4insuojeluyhdistys\",\"isPartOf\":{\"@id\":\"https:\/\/sey.fi\/joensuu\/#website\"},\"primaryImageOfPage\":{\"@id\":\"https:\/\/sey.fi\/joensuu\/joensuun-elainsuojeluyhdistys\/tue-toimintaa\/liity-jaseneksi\/#primaryimage\"},\"image\":{\"@id\":\"https:\/\/sey.fi\/joensuu\/joensuun-elainsuojeluyhdistys\/tue-toimintaa\/liity-jaseneksi\/#primaryimage\"},\"thumbnailUrl\":\"https:\/\/sey.fi\/wp-content\/uploads\/sites\/13\/2025\/05\/Pupu-kadella.jpg\",\"datePublished\":\"2019-10-24T13:24:28+00:00\",\"dateModified\":\"2025-08-09T21:45:23+00:00\",\"breadcrumb\":{\"@id\":\"https:\/\/sey.fi\/joensuu\/joensuun-elainsuojeluyhdistys\/tue-toimintaa\/liity-jaseneksi\/#breadcrumb\"},\"inLanguage\":\"fi\",\"potentialAction\":[{\"@type\":\"ReadAction\",\"target\":[\"https:\/\/sey.fi\/joensuu\/joensuun-elainsuojeluyhdistys\/tue-toimintaa\/liity-jaseneksi\/\"]}]},{\"@type\":\"ImageObject\",\"inLanguage\":\"fi\",\"@id\":\"https:\/\/sey.fi\/joensuu\/joensuun-elainsuojeluyhdistys\/tue-toimintaa\/liity-jaseneksi\/#primaryimage\",\"url\":\"https:\/\/sey.fi\/wp-content\/uploads\/sites\/13\/2025\/05\/Pupu-kadella.jpg\",\"contentUrl\":\"https:\/\/sey.fi\/wp-content\/uploads\/sites\/13\/2025\/05\/Pupu-kadella.jpg\",\"width\":1280,\"height\":850,\"caption\":\"Kuva: Stefanoceruti63\"},{\"@type\":\"BreadcrumbList\",\"@id\":\"https:\/\/sey.fi\/joensuu\/joensuun-elainsuojeluyhdistys\/tue-toimintaa\/liity-jaseneksi\/#breadcrumb\",\"itemListElement\":[{\"@type\":\"ListItem\",\"position\":1,\"name\":\"Home\",\"item\":\"https:\/\/sey.fi\/joensuu\/\"},{\"@type\":\"ListItem\",\"position\":2,\"name\":\"Joensuun el\u00e4insuojeluyhdistys\",\"item\":\"https:\/\/sey.fi\/joensuu\/\"},{\"@type\":\"ListItem\",\"position\":3,\"name\":\"Tue toimintaa\",\"item\":\"https:\/\/sey.fi\/joensuu\/joensuun-elainsuojeluyhdistys\/tue-toimintaa\/\"},{\"@type\":\"ListItem\",\"position\":4,\"name\":\"Liity j\u00e4seneksi\"}]},{\"@type\":\"WebSite\",\"@id\":\"https:\/\/sey.fi\/joensuu\/#website\",\"url\":\"https:\/\/sey.fi\/joensuu\/\",\"name\":\"Joensuun el\u00e4insuojeluyhdistys\",\"description\":\"Uusi SEY J\u00e4senyhdistykset -sivusto\",\"potentialAction\":[{\"@type\":\"SearchAction\",\"target\":{\"@type\":\"EntryPoint\",\"urlTemplate\":\"https:\/\/sey.fi\/joensuu\/?s={search_term_string}\"},\"query-input\":{\"@type\":\"PropertyValueSpecification\",\"valueRequired\":true,\"valueName\":\"search_term_string\"}}],\"inLanguage\":\"fi\"}]}<\/script>\n<!-- \/ Yoast SEO plugin. -->","yoast_head_json":{"title":"Liity j\u00e4seneksi - Joensuun el\u00e4insuojeluyhdistys","robots":{"index":"index","follow":"follow","max-snippet":"max-snippet:-1","max-image-preview":"max-image-preview:large","max-video-preview":"max-video-preview:-1"},"canonical":"https:\/\/sey.fi\/joensuu\/joensuun-elainsuojeluyhdistys\/tue-toimintaa\/liity-jaseneksi\/","og_locale":"fi_FI","og_type":"article","og_title":"Liity j\u00e4seneksi - Joensuun el\u00e4insuojeluyhdistys","og_description":"J\u00e4senmaksut vuonna 2025: Varsinainen j\u00e4sen 30&nbsp;&nbsp;\u20ac\/vuosi Nuorisoj\u00e4sen 10 \u20ac\/vuosi Perhej\u00e4sen 15 \u20ac\/vuosi Kannatusj\u00e4sen 230 \u20ac\/vuosi Ainaisj\u00e4sen 330 \u20ac N\u00e4in voit liitty\u00e4:T\u00e4yt\u00e4 SEY:n&nbsp;nettisivuilla liittymislomake. Laita merkki Joensuun el\u00e4insuojeluyhdistyksen kohdalle, niin liityt samalla paikallisyhdistykseemme. Nettilomakkeeseen p\u00e4\u00e4set&nbsp;t\u00e4st\u00e4. Liittym\u00e4ll\u00e4 SEY:n ja Joensuun el\u00e4insuojeluyhdistyksen j\u00e4seneksi, saat El\u00e4inten Yst\u00e4v\u00e4 -lehden kaksi kertaa vuodessa.&nbsp; Lis\u00e4ksi saat s\u00e4hk\u00f6postiisi JEY:n Tassuposti -uutiskirjeen noin kerran [&hellip;]","og_url":"https:\/\/sey.fi\/joensuu\/joensuun-elainsuojeluyhdistys\/tue-toimintaa\/liity-jaseneksi\/","og_site_name":"Joensuun el\u00e4insuojeluyhdistys","article_modified_time":"2025-08-09T21:45:23+00:00","og_image":[{"width":1280,"height":850,"url":"https:\/\/sey.fi\/wp-content\/uploads\/sites\/13\/2025\/05\/Pupu-kadella.jpg","type":"image\/jpeg"}],"twitter_card":"summary_large_image","twitter_misc":{"Arvioitu lukuaika":"1 minuutti"},"schema":{"@context":"https:\/\/schema.org","@graph":[{"@type":"WebPage","@id":"https:\/\/sey.fi\/joensuu\/joensuun-elainsuojeluyhdistys\/tue-toimintaa\/liity-jaseneksi\/","url":"https:\/\/sey.fi\/joensuu\/joensuun-elainsuojeluyhdistys\/tue-toimintaa\/liity-jaseneksi\/","name":"Liity j\u00e4seneksi - Joensuun el\u00e4insuojeluyhdistys","isPartOf":{"@id":"https:\/\/sey.fi\/joensuu\/#website"},"primaryImageOfPage":{"@id":"https:\/\/sey.fi\/joensuu\/joensuun-elainsuojeluyhdistys\/tue-toimintaa\/liity-jaseneksi\/#primaryimage"},"image":{"@id":"https:\/\/sey.fi\/joensuu\/joensuun-elainsuojeluyhdistys\/tue-toimintaa\/liity-jaseneksi\/#primaryimage"},"thumbnailUrl":"https:\/\/sey.fi\/wp-content\/uploads\/sites\/13\/2025\/05\/Pupu-kadella.jpg","datePublished":"2019-10-24T13:24:28+00:00","dateModified":"2025-08-09T21:45:23+00:00","breadcrumb":{"@id":"https:\/\/sey.fi\/joensuu\/joensuun-elainsuojeluyhdistys\/tue-toimintaa\/liity-jaseneksi\/#breadcrumb"},"inLanguage":"fi","potentialAction":[{"@type":"ReadAction","target":["https:\/\/sey.fi\/joensuu\/joensuun-elainsuojeluyhdistys\/tue-toimintaa\/liity-jaseneksi\/"]}]},{"@type":"ImageObject","inLanguage":"fi","@id":"https:\/\/sey.fi\/joensuu\/joensuun-elainsuojeluyhdistys\/tue-toimintaa\/liity-jaseneksi\/#primaryimage","url":"https:\/\/sey.fi\/wp-content\/uploads\/sites\/13\/2025\/05\/Pupu-kadella.jpg","contentUrl":"https:\/\/sey.fi\/wp-content\/uploads\/sites\/13\/2025\/05\/Pupu-kadella.jpg","width":1280,"height":850,"caption":"Kuva: Stefanoceruti63"},{"@type":"BreadcrumbList","@id":"https:\/\/sey.fi\/joensuu\/joensuun-elainsuojeluyhdistys\/tue-toimintaa\/liity-jaseneksi\/#breadcrumb","itemListElement":[{"@type":"ListItem","position":1,"name":"Home","item":"https:\/\/sey.fi\/joensuu\/"},{"@type":"ListItem","position":2,"name":"Joensuun el\u00e4insuojeluyhdistys","item":"https:\/\/sey.fi\/joensuu\/"},{"@type":"ListItem","position":3,"name":"Tue toimintaa","item":"https:\/\/sey.fi\/joensuu\/joensuun-elainsuojeluyhdistys\/tue-toimintaa\/"},{"@type":"ListItem","position":4,"name":"Liity j\u00e4seneksi"}]},{"@type":"WebSite","@id":"https:\/\/sey.fi\/joensuu\/#website","url":"https:\/\/sey.fi\/joensuu\/","name":"Joensuun el\u00e4insuojeluyhdistys","description":"Uusi SEY J\u00e4senyhdistykset -sivusto","potentialAction":[{"@type":"SearchAction","target":{"@type":"EntryPoint","urlTemplate":"https:\/\/sey.fi\/joensuu\/?s={search_term_string}"},"query-input":{"@type":"PropertyValueSpecification","valueRequired":true,"valueName":"search_term_string"}}],"inLanguage":"fi"}]}},"_links":{"self":[{"href":"https:\/\/sey.fi\/joensuu\/wp-json\/wp\/v2\/pages\/156","targetHints":{"allow":["GET"]}}],"collection":[{"href":"https:\/\/sey.fi\/joensuu\/wp-json\/wp\/v2\/pages"}],"about":[{"href":"https:\/\/sey.fi\/joensuu\/wp-json\/wp\/v2\/types\/page"}],"author":[{"embeddable":true,"href":"https:\/\/sey.fi\/joensuu\/wp-json\/wp\/v2\/users\/8"}],"replies":[{"embeddable":true,"href":"https:\/\/sey.fi\/joensuu\/wp-json\/wp\/v2\/comments?post=156"}],"version-history":[{"count":12,"href":"https:\/\/sey.fi\/joensuu\/wp-json\/wp\/v2\/pages\/156\/revisions"}],"predecessor-version":[{"id":593,"href":"https:\/\/sey.fi\/joensuu\/wp-json\/wp\/v2\/pages\/156\/revisions\/593"}],"up":[{"embeddable":true,"href":"https:\/\/sey.fi\/joensuu\/wp-json\/wp\/v2\/pages\/154"}],"wp:featuredmedia":[{"embeddable":true,"href":"https:\/\/sey.fi\/joensuu\/wp-json\/wp\/v2\/media\/470"}],"wp:attachment":[{"href":"https:\/\/sey.fi\/joensuu\/wp-json\/wp\/v2\/media?parent=156"}],"curies":[{"name":"wp","href":"https:\/\/api.w.org\/{rel}","templated":true}]}}